{"id":4328,"date":"2011-07-18T14:36:56","date_gmt":"2011-07-18T19:36:56","guid":{"rendered":"https:\/\/www.parrinst.com\/?page_id=4328"},"modified":"2018-02-21T21:16:39","modified_gmt":"2018-02-21T20:16:39","slug":"applications","status":"publish","type":"page","link":"https:\/\/www.parrinst.com\/de\/products\/oxygen-bomb-calorimeters\/applications\/","title":{"rendered":"Applications"},"content":{"rendered":"<h3>Bombenkalorimetrie:<\/h3>\n<p>Bestimmung der Verbrennungsw\u00e4rme oder des Brennwerts der Materialien, die als Brennstoffe verbrannt werden, ist ein grundlegendes Verfahren mit gro\u00dfer Bedeutung f\u00fcr jeden, der sich mit folgenden T\u00e4tigkeitsbereichen befasst:<\/p>\n<ul>\n<li>Produktion und\/oder Verwertung vom festen und fl\u00fcssigen Brennstoffen<\/li>\n<li>Entsorgung von brennbaren Abf\u00e4llen<\/li>\n<li>Untersuchung von Lebens- und Futtermitteln<\/li>\n<\/ul>\n<p>Parr bietet eine komplette Reihe von Bombenkalorimetern und Zubeh\u00f6rteilen f\u00fcr die Messungen dieser Art. Die Kalorimeter von Parr stehen f\u00fcr Zuverl\u00e4ssigkeit und ausgezeichnete Servicequalit\u00e4t \u2013 die Eigenschaften, die Parr Instrument Company in ihrer mehr als 100-j\u00e4hrigen Produktionst\u00e4tigkeit auf diesem Spezialgebiet immer bewahrt hat. Bei uns finden Sie eine breite Auswahl an Ger\u00e4ten und Zubeh\u00f6r f\u00fcr alle Arten der kalorimetrischen Verfahren \u2013 seien es Routineuntersuchungen der Brennstoffe, pr\u00e4zise Forschungsmessungen, gelegentliche Brennwert-Untersuchungen oder Verwendung zu Unterrichtszwecken.<\/p>\n<p>Die Kalorimeter von Parr werden in allen chemischen, physischen oder physiologischen Prozessen eingesetzt, f\u00fcr die W\u00e4rmeerzeugung oder Verbrennung einen wichtigen Faktor darstellt. Zu den Hauptanwendungsbereichen geh\u00f6ren Brennwertmessungen f\u00fcr:<\/p>\n<ul>\n<li>Kohle und Koks aller Sorten und Typen<\/li>\n<li>Heiz\u00f6l, schwer und leicht<\/li>\n<li>Benzin, Motoren- und Flugturbinenkraftstoffe aller Art<\/li>\n<li>Brennbare Abf\u00e4lle und M\u00fcllentsorgung<\/li>\n<li>Lebensmittel und Nahrungserg\u00e4nzungen f\u00fcr die menschliche Ern\u00e4hrung<\/li>\n<li>Futterpflanzen und Erg\u00e4nzungen f\u00fcr die Tierern\u00e4hrung<\/li>\n<li>Baumaterialien<\/li>\n<li>Sprengstoffe und Pulver<\/li>\n<li>Raketentreibstoffe und Treibladungspulver<\/li>\n<li>Thermodynamische Untersuchungen von brennbaren Stoffen<\/li>\n<li>\u00d6kologische Energiebilanz-Studien<\/li>\n<li>Einweisung in thermodynamische Basisverfahren<\/li>\n<\/ul>\n<p>Verbrennungsw\u00e4rmen, die in einem Sauerstoff Bomben Kalorimeter bestimmt werden, werden durch ein Substitutions- Verfahren gemessen. Bei diesem wird die von der Probe erhaltene W\u00e4rme verglichen mit der erhaltenen W\u00e4rme des Standardisierungsmateriales. Bei diesem Test wird eine repr\u00e4sentative Probe in einer Hochdruck Sauerstoff Atmosph\u00e4re in einem Metall-Druckbeh\u00e4lter oder \u201cBombe\u201d verbrannt. Die durch die Verbrennung freigesetzte Energie wird innerhalb des Kalorimeters absorbiert und die resultierende Temperatur\u00e4nderung aufgezeichnet.<\/p>\n<p>Neben den oben dargestellten Anwendungen k\u00f6nnen die Kalorimeter von Parr f\u00fcr eine Reihe von <a href=\"https:\/\/www.parrinst.com\/de\/products\/oxygen-bomb-calorimeters\/standard-test-methods-compliance\/\"> ASTM und internationalen Pr\u00fcfverfahren <\/a> eingesetzt werden. Die Genauigkeit der dabei gelieferten Ergebnisse entspricht den Anforderungen, die f\u00fcr jedes Verfahren angegeben sind, oder \u00fcbertrifft diese sogar.<\/p>\n","protected":false},"excerpt":{"rendered":"<p>Bombenkalorimetrie: Bestimmung der Verbrennungsw\u00e4rme oder des Brennwerts der Materialien, die als Brennstoffe verbrannt werden, ist ein grundlegendes Verfahren mit gro\u00dfer Bedeutung f\u00fcr jeden, der sich mit folgenden T\u00e4tigkeitsbereichen befasst: Produktion und\/oder Verwertung vom festen und fl\u00fcssigen Brennstoffen Entsorgung von brennbaren Abf\u00e4llen Untersuchung von Lebens- und Futtermitteln Parr bietet eine komplette Reihe von Bombenkalorimetern und Zubeh\u00f6rteilen [&hellip;]<\/p>\n","protected":false},"author":1,"featured_media":37712,"parent":83,"menu_order":30,"comment_status":"closed","ping_status":"closed","template":"general-tabs.php","meta":{"_acf_changed":false,"footnotes":"","_links_to":"","_links_to_target":""},"class_list":["post-4328","page","type-page","status-publish","has-post-thumbnail","hentry"],"acf":[],"yoast_head":"<!-- This site is optimized with the Yoast SEO plugin v27.5 - https:\/\/yoast.com\/product\/yoast-seo-wordpress\/ -->\n<title>Applications - Parr Instrument GmbH<\/title>\n<meta name=\"robots\" content=\"index, follow, max-snippet:-1, max-image-preview:large, max-video-preview:-1\" \/>\n<link rel=\"canonical\" href=\"https:\/\/www.parrinst.com\/de\/products\/oxygen-bomb-calorimeters\/applications\/\" \/>\n<meta property=\"og:locale\" content=\"en_US\" \/>\n<meta property=\"og:type\" content=\"article\" \/>\n<meta property=\"og:title\" content=\"Applications - Parr Instrument GmbH\" \/>\n<meta property=\"og:description\" content=\"Bombenkalorimetrie: Bestimmung der Verbrennungsw\u00e4rme oder des Brennwerts der Materialien, die als Brennstoffe verbrannt werden, ist ein grundlegendes Verfahren mit gro\u00dfer Bedeutung f\u00fcr jeden, der sich mit folgenden T\u00e4tigkeitsbereichen befasst: Produktion und\/oder Verwertung vom festen und fl\u00fcssigen Brennstoffen Entsorgung von brennbaren Abf\u00e4llen Untersuchung von Lebens- und Futtermitteln Parr bietet eine komplette Reihe von Bombenkalorimetern und Zubeh\u00f6rteilen [&hellip;]\" \/>\n<meta property=\"og:url\" content=\"https:\/\/www.parrinst.com\/de\/products\/oxygen-bomb-calorimeters\/applications\/\" \/>\n<meta property=\"og:site_name\" content=\"Parr Instrument GmbH\" \/>\n<meta property=\"article:modified_time\" content=\"2018-02-21T20:16:39+00:00\" \/>\n<meta property=\"og:image\" content=\"https:\/\/www.parrinst.com\/de\/files\/2018\/01\/parr_banner_calorimeter_secondary-3.jpg\" \/>\n\t<meta property=\"og:image:width\" content=\"2200\" \/>\n\t<meta property=\"og:image:height\" content=\"399\" \/>\n\t<meta property=\"og:image:type\" content=\"image\/jpeg\" \/>\n<meta name=\"twitter:card\" content=\"summary_large_image\" \/>\n<meta name=\"twitter:label1\" content=\"Est. reading time\" \/>\n\t<meta name=\"twitter:data1\" content=\"2 minutes\" \/>\n<script type=\"application\/ld+json\" class=\"yoast-schema-graph\">{\"@context\":\"https:\\\/\\\/schema.org\",\"@graph\":[{\"@type\":\"WebPage\",\"@id\":\"https:\\\/\\\/www.parrinst.com\\\/de\\\/products\\\/oxygen-bomb-calorimeters\\\/applications\\\/\",\"url\":\"https:\\\/\\\/www.parrinst.com\\\/de\\\/products\\\/oxygen-bomb-calorimeters\\\/applications\\\/\",\"name\":\"Applications - Parr Instrument GmbH\",\"isPartOf\":{\"@id\":\"https:\\\/\\\/www.parrinst.com\\\/de\\\/#website\"},\"primaryImageOfPage\":{\"@id\":\"https:\\\/\\\/www.parrinst.com\\\/de\\\/products\\\/oxygen-bomb-calorimeters\\\/applications\\\/#primaryimage\"},\"image\":{\"@id\":\"https:\\\/\\\/www.parrinst.com\\\/de\\\/products\\\/oxygen-bomb-calorimeters\\\/applications\\\/#primaryimage\"},\"thumbnailUrl\":\"https:\\\/\\\/i0.wp.com\\\/www.parrinst.com\\\/de\\\/wp-content\\\/uploads\\\/sites\\\/6\\\/2018\\\/01\\\/parr_banner_calorimeter_secondary-3.jpg?fit=2200%2C399&ssl=1\",\"datePublished\":\"2011-07-18T19:36:56+00:00\",\"dateModified\":\"2018-02-21T20:16:39+00:00\",\"breadcrumb\":{\"@id\":\"https:\\\/\\\/www.parrinst.com\\\/de\\\/products\\\/oxygen-bomb-calorimeters\\\/applications\\\/#breadcrumb\"},\"inLanguage\":\"en-US\",\"potentialAction\":[{\"@type\":\"ReadAction\",\"target\":[\"https:\\\/\\\/www.parrinst.com\\\/de\\\/products\\\/oxygen-bomb-calorimeters\\\/applications\\\/\"]}]},{\"@type\":\"ImageObject\",\"inLanguage\":\"en-US\",\"@id\":\"https:\\\/\\\/www.parrinst.com\\\/de\\\/products\\\/oxygen-bomb-calorimeters\\\/applications\\\/#primaryimage\",\"url\":\"https:\\\/\\\/i0.wp.com\\\/www.parrinst.com\\\/de\\\/wp-content\\\/uploads\\\/sites\\\/6\\\/2018\\\/01\\\/parr_banner_calorimeter_secondary-3.jpg?fit=2200%2C399&ssl=1\",\"contentUrl\":\"https:\\\/\\\/i0.wp.com\\\/www.parrinst.com\\\/de\\\/wp-content\\\/uploads\\\/sites\\\/6\\\/2018\\\/01\\\/parr_banner_calorimeter_secondary-3.jpg?fit=2200%2C399&ssl=1\",\"width\":2200,\"height\":399},{\"@type\":\"BreadcrumbList\",\"@id\":\"https:\\\/\\\/www.parrinst.com\\\/de\\\/products\\\/oxygen-bomb-calorimeters\\\/applications\\\/#breadcrumb\",\"itemListElement\":[{\"@type\":\"ListItem\",\"position\":1,\"name\":\"Home\",\"item\":\"https:\\\/\\\/www.parrinst.com\\\/de\\\/\"},{\"@type\":\"ListItem\",\"position\":2,\"name\":\"Products\",\"item\":\"https:\\\/\\\/www.parrinst.com\\\/de\\\/products\\\/\"},{\"@type\":\"ListItem\",\"position\":3,\"name\":\"Sauerstoffbomben-Kalorimeter\",\"item\":\"https:\\\/\\\/www.parrinst.com\\\/de\\\/products\\\/oxygen-bomb-calorimeters\\\/\"},{\"@type\":\"ListItem\",\"position\":4,\"name\":\"Applications\"}]},{\"@type\":\"WebSite\",\"@id\":\"https:\\\/\\\/www.parrinst.com\\\/de\\\/#website\",\"url\":\"https:\\\/\\\/www.parrinst.com\\\/de\\\/\",\"name\":\"Parr Instrument GmbH\",\"description\":\"\",\"potentialAction\":[{\"@type\":\"SearchAction\",\"target\":{\"@type\":\"EntryPoint\",\"urlTemplate\":\"https:\\\/\\\/www.parrinst.com\\\/de\\\/?s={search_term_string}\"},\"query-input\":{\"@type\":\"PropertyValueSpecification\",\"valueRequired\":true,\"valueName\":\"search_term_string\"}}],\"inLanguage\":\"en-US\"}]}<\/script>\n<!-- \/ Yoast SEO plugin. -->","yoast_head_json":{"title":"Applications - Parr Instrument GmbH","robots":{"index":"index","follow":"follow","max-snippet":"max-snippet:-1","max-image-preview":"max-image-preview:large","max-video-preview":"max-video-preview:-1"},"canonical":"https:\/\/www.parrinst.com\/de\/products\/oxygen-bomb-calorimeters\/applications\/","og_locale":"en_US","og_type":"article","og_title":"Applications - Parr Instrument GmbH","og_description":"Bombenkalorimetrie: Bestimmung der Verbrennungsw\u00e4rme oder des Brennwerts der Materialien, die als Brennstoffe verbrannt werden, ist ein grundlegendes Verfahren mit gro\u00dfer Bedeutung f\u00fcr jeden, der sich mit folgenden T\u00e4tigkeitsbereichen befasst: Produktion und\/oder Verwertung vom festen und fl\u00fcssigen Brennstoffen Entsorgung von brennbaren Abf\u00e4llen Untersuchung von Lebens- und Futtermitteln Parr bietet eine komplette Reihe von Bombenkalorimetern und Zubeh\u00f6rteilen [&hellip;]","og_url":"https:\/\/www.parrinst.com\/de\/products\/oxygen-bomb-calorimeters\/applications\/","og_site_name":"Parr Instrument GmbH","article_modified_time":"2018-02-21T20:16:39+00:00","og_image":[{"width":2200,"height":399,"url":"https:\/\/www.parrinst.com\/de\/files\/2018\/01\/parr_banner_calorimeter_secondary-3.jpg","type":"image\/jpeg"}],"twitter_card":"summary_large_image","twitter_misc":{"Est. reading time":"2 minutes"},"schema":{"@context":"https:\/\/schema.org","@graph":[{"@type":"WebPage","@id":"https:\/\/www.parrinst.com\/de\/products\/oxygen-bomb-calorimeters\/applications\/","url":"https:\/\/www.parrinst.com\/de\/products\/oxygen-bomb-calorimeters\/applications\/","name":"Applications - Parr Instrument GmbH","isPartOf":{"@id":"https:\/\/www.parrinst.com\/de\/#website"},"primaryImageOfPage":{"@id":"https:\/\/www.parrinst.com\/de\/products\/oxygen-bomb-calorimeters\/applications\/#primaryimage"},"image":{"@id":"https:\/\/www.parrinst.com\/de\/products\/oxygen-bomb-calorimeters\/applications\/#primaryimage"},"thumbnailUrl":"https:\/\/i0.wp.com\/www.parrinst.com\/de\/wp-content\/uploads\/sites\/6\/2018\/01\/parr_banner_calorimeter_secondary-3.jpg?fit=2200%2C399&ssl=1","datePublished":"2011-07-18T19:36:56+00:00","dateModified":"2018-02-21T20:16:39+00:00","breadcrumb":{"@id":"https:\/\/www.parrinst.com\/de\/products\/oxygen-bomb-calorimeters\/applications\/#breadcrumb"},"inLanguage":"en-US","potentialAction":[{"@type":"ReadAction","target":["https:\/\/www.parrinst.com\/de\/products\/oxygen-bomb-calorimeters\/applications\/"]}]},{"@type":"ImageObject","inLanguage":"en-US","@id":"https:\/\/www.parrinst.com\/de\/products\/oxygen-bomb-calorimeters\/applications\/#primaryimage","url":"https:\/\/i0.wp.com\/www.parrinst.com\/de\/wp-content\/uploads\/sites\/6\/2018\/01\/parr_banner_calorimeter_secondary-3.jpg?fit=2200%2C399&ssl=1","contentUrl":"https:\/\/i0.wp.com\/www.parrinst.com\/de\/wp-content\/uploads\/sites\/6\/2018\/01\/parr_banner_calorimeter_secondary-3.jpg?fit=2200%2C399&ssl=1","width":2200,"height":399},{"@type":"BreadcrumbList","@id":"https:\/\/www.parrinst.com\/de\/products\/oxygen-bomb-calorimeters\/applications\/#breadcrumb","itemListElement":[{"@type":"ListItem","position":1,"name":"Home","item":"https:\/\/www.parrinst.com\/de\/"},{"@type":"ListItem","position":2,"name":"Products","item":"https:\/\/www.parrinst.com\/de\/products\/"},{"@type":"ListItem","position":3,"name":"Sauerstoffbomben-Kalorimeter","item":"https:\/\/www.parrinst.com\/de\/products\/oxygen-bomb-calorimeters\/"},{"@type":"ListItem","position":4,"name":"Applications"}]},{"@type":"WebSite","@id":"https:\/\/www.parrinst.com\/de\/#website","url":"https:\/\/www.parrinst.com\/de\/","name":"Parr Instrument GmbH","description":"","potentialAction":[{"@type":"SearchAction","target":{"@type":"EntryPoint","urlTemplate":"https:\/\/www.parrinst.com\/de\/?s={search_term_string}"},"query-input":{"@type":"PropertyValueSpecification","valueRequired":true,"valueName":"search_term_string"}}],"inLanguage":"en-US"}]}},"jetpack_sharing_enabled":true,"_links":{"self":[{"href":"https:\/\/www.parrinst.com\/de\/wp-json\/wp\/v2\/pages\/4328","targetHints":{"allow":["GET"]}}],"collection":[{"href":"https:\/\/www.parrinst.com\/de\/wp-json\/wp\/v2\/pages"}],"about":[{"href":"https:\/\/www.parrinst.com\/de\/wp-json\/wp\/v2\/types\/page"}],"author":[{"embeddable":true,"href":"https:\/\/www.parrinst.com\/de\/wp-json\/wp\/v2\/users\/1"}],"replies":[{"embeddable":true,"href":"https:\/\/www.parrinst.com\/de\/wp-json\/wp\/v2\/comments?post=4328"}],"version-history":[{"count":2,"href":"https:\/\/www.parrinst.com\/de\/wp-json\/wp\/v2\/pages\/4328\/revisions"}],"predecessor-version":[{"id":38226,"href":"https:\/\/www.parrinst.com\/de\/wp-json\/wp\/v2\/pages\/4328\/revisions\/38226"}],"up":[{"embeddable":true,"href":"https:\/\/www.parrinst.com\/de\/wp-json\/wp\/v2\/pages\/83"}],"wp:featuredmedia":[{"embeddable":true,"href":"https:\/\/www.parrinst.com\/de\/wp-json\/wp\/v2\/media\/37712"}],"wp:attachment":[{"href":"https:\/\/www.parrinst.com\/de\/wp-json\/wp\/v2\/media?parent=4328"}],"curies":[{"name":"wp","href":"https:\/\/api.w.org\/{rel}","templated":true}]}}