{"id":478,"date":"2011-04-28T19:02:11","date_gmt":"2011-04-29T00:02:11","guid":{"rendered":"https:\/\/www.parrinst.com\/?page_id=478"},"modified":"2020-01-22T14:22:56","modified_gmt":"2020-01-22T20:22:56","slug":"ht-reactors-series-4580-3750-5500-ml","status":"publish","type":"page","link":"https:\/\/www.parrinst.com\/de\/products\/stirred-reactors\/ht-reactors-series-4580-3750-5500-ml\/","title":{"rendered":"Serie 4580 Hochtemperatur Reaktoren, 3750-5500 ml"},"content":{"rendered":"<figure id=\"attachment_11753\" aria-describedby=\"caption-attachment-11753\" style=\"width: 222px\" class=\"wp-caption alignright\"><a href=\"https:\/\/i0.wp.com\/www.parrinst.com\/de\/wp-content\/uploads\/sites\/6\/2011\/03\/4581_HPHT_1gal_4848_600x809.jpg?ssl=1\"><img data-recalc-dims=\"1\" loading=\"lazy\" decoding=\"async\" class=\"size-medium wp-image-11753\" src=\"https:\/\/i0.wp.com\/www.parrinst.com\/de\/wp-content\/uploads\/sites\/6\/2011\/03\/4581_HPHT_1gal_4848_600x809.jpg?resize=222%2C300&#038;ssl=1\" alt=\"4581 HP\/HT Reaktor, 3,75 l &quot;Moveable&quot;, Laborwagen, mit 4848 Controller; optionale Erweiterungsmodule\" width=\"222\" height=\"300\" srcset=\"https:\/\/i0.wp.com\/www.parrinst.com\/de\/wp-content\/uploads\/sites\/6\/2011\/03\/4581_HPHT_1gal_4848_600x809.jpg?resize=222%2C300&amp;ssl=1 222w, https:\/\/i0.wp.com\/www.parrinst.com\/de\/wp-content\/uploads\/sites\/6\/2011\/03\/4581_HPHT_1gal_4848_600x809.jpg?resize=111%2C150&amp;ssl=1 111w, https:\/\/i0.wp.com\/www.parrinst.com\/de\/wp-content\/uploads\/sites\/6\/2011\/03\/4581_HPHT_1gal_4848_600x809.jpg?w=600&amp;ssl=1 600w\" sizes=\"auto, (max-width: 222px) 100vw, 222px\" \/><\/a><figcaption id=\"caption-attachment-11753\" class=\"wp-caption-text\">4581 HP\/HT Reaktor, 3,75 l &#8220;Moveable&#8221;, Laborwagen, mit 4848 Controller; optionale Erweiterungsmodule<\/figcaption><\/figure>\n<p>Parr bietet eine Reihe von Reaktoren der Serie 4580 in verschiedenen Gr\u00f6\u00dfen und Beh\u00e4lter-Ausf\u00fchrungen f\u00fcr Arbeitsdr\u00fccke bis 207 bar (3000 psi) und Betriebstemperaturen bis zu 500\u00b0C.<\/p>\n<p><strong>4581 \u2013 4582 Reaktoren<\/strong><\/p>\n<p>Diese Reaktoren in Gr\u00f6\u00dfen 3,75 und 5,5 Liter sind f\u00fcr Arbeitsdr\u00fccke bis 207 bar (3000 psi) und Betriebstemperaturen von bis zu 500\u00b0C geeignet und werden auf einem Laborwagen installiert.<\/p>\n<p><strong>4583 \u2013 4584 Reaktoren<\/strong><\/p>\n<p>Diese Reaktoren in Gr\u00f6\u00dfen 3,75 und 5,5 Liter werden in einem Bodenstand mit einem Pneumatiklift installiert.<\/p>\n<p>Das Design aller dieser Reaktoren \u2013 passende Ventile, Fittings und Beh\u00e4ltermodifikationen \u2013 wurde speziell f\u00fcr die Arbeit\u00a0 bei solch hohen Dr\u00fccken und Temperaturen entwickelt. Bei der Arbeit im h\u00f6heren Temperaturbereich (bis 500 \u00b0C) wird eine flexible Flachdichtung aus Graphit verwendet. F\u00fcr die Arbeiten bei Temperaturen unter 350 \u00b0C kann diese durch eine PTFE Dichtung ersetzt werden.<\/p>\n","protected":false},"excerpt":{"rendered":"<p>Parr bietet eine Reihe von Reaktoren der Serie 4580 in verschiedenen Gr\u00f6\u00dfen und Beh\u00e4lter-Ausf\u00fchrungen f\u00fcr Arbeitsdr\u00fccke bis 207 bar (3000 psi) und Betriebstemperaturen bis zu 500\u00b0C. 4581 \u2013 4582 Reaktoren Diese Reaktoren in Gr\u00f6\u00dfen 3,75 und 5,5 Liter sind f\u00fcr Arbeitsdr\u00fccke bis 207 bar (3000 psi) und Betriebstemperaturen von bis zu 500\u00b0C geeignet und werden [&hellip;]<\/p>\n","protected":false},"author":1,"featured_media":36873,"parent":47,"menu_order":8,"comment_status":"closed","ping_status":"closed","template":"product-wide-strirred-filter.php","meta":{"_acf_changed":false,"footnotes":"","_links_to":"","_links_to_target":""},"class_list":["post-478","page","type-page","status-publish","has-post-thumbnail","hentry"],"acf":[],"yoast_head":"<!-- This site is optimized with the Yoast SEO plugin v27.4 - https:\/\/yoast.com\/product\/yoast-seo-wordpress\/ -->\n<title>Serie 4580 Hochtemperatur Reaktoren, 3750-5500 ml - Parr Instrument GmbH<\/title>\n<meta name=\"robots\" content=\"index, follow, max-snippet:-1, max-image-preview:large, max-video-preview:-1\" \/>\n<link rel=\"canonical\" href=\"https:\/\/www.parrinst.com\/de\/products\/stirred-reactors\/ht-reactors-series-4580-3750-5500-ml\/\" \/>\n<meta property=\"og:locale\" content=\"en_US\" \/>\n<meta property=\"og:type\" content=\"article\" \/>\n<meta property=\"og:title\" content=\"Serie 4580 Hochtemperatur Reaktoren, 3750-5500 ml - Parr Instrument GmbH\" \/>\n<meta property=\"og:description\" content=\"Parr bietet eine Reihe von Reaktoren der Serie 4580 in verschiedenen Gr\u00f6\u00dfen und Beh\u00e4lter-Ausf\u00fchrungen f\u00fcr Arbeitsdr\u00fccke bis 207 bar (3000 psi) und Betriebstemperaturen bis zu 500\u00b0C. 4581 \u2013 4582 Reaktoren Diese Reaktoren in Gr\u00f6\u00dfen 3,75 und 5,5 Liter sind f\u00fcr Arbeitsdr\u00fccke bis 207 bar (3000 psi) und Betriebstemperaturen von bis zu 500\u00b0C geeignet und werden [&hellip;]\" \/>\n<meta property=\"og:url\" content=\"https:\/\/www.parrinst.com\/de\/products\/stirred-reactors\/ht-reactors-series-4580-3750-5500-ml\/\" \/>\n<meta property=\"og:site_name\" content=\"Parr Instrument GmbH\" \/>\n<meta property=\"article:modified_time\" content=\"2020-01-22T20:22:56+00:00\" \/>\n<meta property=\"og:image\" content=\"https:\/\/www.parrinst.com\/de\/files\/2017\/12\/parr_banner_stirred3_secondary.jpg\" \/>\n\t<meta property=\"og:image:width\" content=\"2200\" \/>\n\t<meta property=\"og:image:height\" content=\"399\" \/>\n\t<meta property=\"og:image:type\" content=\"image\/jpeg\" \/>\n<meta name=\"twitter:card\" content=\"summary_large_image\" \/>\n<meta name=\"twitter:label1\" content=\"Est. reading time\" \/>\n\t<meta name=\"twitter:data1\" content=\"1 minute\" \/>\n<script type=\"application\/ld+json\" class=\"yoast-schema-graph\">{\"@context\":\"https:\\\/\\\/schema.org\",\"@graph\":[{\"@type\":\"WebPage\",\"@id\":\"https:\\\/\\\/www.parrinst.com\\\/de\\\/products\\\/stirred-reactors\\\/ht-reactors-series-4580-3750-5500-ml\\\/\",\"url\":\"https:\\\/\\\/www.parrinst.com\\\/de\\\/products\\\/stirred-reactors\\\/ht-reactors-series-4580-3750-5500-ml\\\/\",\"name\":\"Serie 4580 Hochtemperatur Reaktoren, 3750-5500 ml - Parr Instrument GmbH\",\"isPartOf\":{\"@id\":\"https:\\\/\\\/www.parrinst.com\\\/de\\\/#website\"},\"primaryImageOfPage\":{\"@id\":\"https:\\\/\\\/www.parrinst.com\\\/de\\\/products\\\/stirred-reactors\\\/ht-reactors-series-4580-3750-5500-ml\\\/#primaryimage\"},\"image\":{\"@id\":\"https:\\\/\\\/www.parrinst.com\\\/de\\\/products\\\/stirred-reactors\\\/ht-reactors-series-4580-3750-5500-ml\\\/#primaryimage\"},\"thumbnailUrl\":\"https:\\\/\\\/i0.wp.com\\\/www.parrinst.com\\\/de\\\/wp-content\\\/uploads\\\/sites\\\/6\\\/2017\\\/12\\\/parr_banner_stirred3_secondary.jpg?fit=2200%2C399&ssl=1\",\"datePublished\":\"2011-04-29T00:02:11+00:00\",\"dateModified\":\"2020-01-22T20:22:56+00:00\",\"breadcrumb\":{\"@id\":\"https:\\\/\\\/www.parrinst.com\\\/de\\\/products\\\/stirred-reactors\\\/ht-reactors-series-4580-3750-5500-ml\\\/#breadcrumb\"},\"inLanguage\":\"en-US\",\"potentialAction\":[{\"@type\":\"ReadAction\",\"target\":[\"https:\\\/\\\/www.parrinst.com\\\/de\\\/products\\\/stirred-reactors\\\/ht-reactors-series-4580-3750-5500-ml\\\/\"]}]},{\"@type\":\"ImageObject\",\"inLanguage\":\"en-US\",\"@id\":\"https:\\\/\\\/www.parrinst.com\\\/de\\\/products\\\/stirred-reactors\\\/ht-reactors-series-4580-3750-5500-ml\\\/#primaryimage\",\"url\":\"https:\\\/\\\/i0.wp.com\\\/www.parrinst.com\\\/de\\\/wp-content\\\/uploads\\\/sites\\\/6\\\/2017\\\/12\\\/parr_banner_stirred3_secondary.jpg?fit=2200%2C399&ssl=1\",\"contentUrl\":\"https:\\\/\\\/i0.wp.com\\\/www.parrinst.com\\\/de\\\/wp-content\\\/uploads\\\/sites\\\/6\\\/2017\\\/12\\\/parr_banner_stirred3_secondary.jpg?fit=2200%2C399&ssl=1\",\"width\":2200,\"height\":399},{\"@type\":\"BreadcrumbList\",\"@id\":\"https:\\\/\\\/www.parrinst.com\\\/de\\\/products\\\/stirred-reactors\\\/ht-reactors-series-4580-3750-5500-ml\\\/#breadcrumb\",\"itemListElement\":[{\"@type\":\"ListItem\",\"position\":1,\"name\":\"Home\",\"item\":\"https:\\\/\\\/www.parrinst.com\\\/de\\\/\"},{\"@type\":\"ListItem\",\"position\":2,\"name\":\"Products\",\"item\":\"https:\\\/\\\/www.parrinst.com\\\/de\\\/products\\\/\"},{\"@type\":\"ListItem\",\"position\":3,\"name\":\"Ger\u00fchrte Reaktoren\",\"item\":\"https:\\\/\\\/www.parrinst.com\\\/de\\\/products\\\/stirred-reactors\\\/\"},{\"@type\":\"ListItem\",\"position\":4,\"name\":\"Serie 4580 Hochtemperatur Reaktoren, 3750-5500 ml\"}]},{\"@type\":\"WebSite\",\"@id\":\"https:\\\/\\\/www.parrinst.com\\\/de\\\/#website\",\"url\":\"https:\\\/\\\/www.parrinst.com\\\/de\\\/\",\"name\":\"Parr Instrument GmbH\",\"description\":\"\",\"potentialAction\":[{\"@type\":\"SearchAction\",\"target\":{\"@type\":\"EntryPoint\",\"urlTemplate\":\"https:\\\/\\\/www.parrinst.com\\\/de\\\/?s={search_term_string}\"},\"query-input\":{\"@type\":\"PropertyValueSpecification\",\"valueRequired\":true,\"valueName\":\"search_term_string\"}}],\"inLanguage\":\"en-US\"}]}<\/script>\n<!-- \/ Yoast SEO plugin. -->","yoast_head_json":{"title":"Serie 4580 Hochtemperatur Reaktoren, 3750-5500 ml - Parr Instrument GmbH","robots":{"index":"index","follow":"follow","max-snippet":"max-snippet:-1","max-image-preview":"max-image-preview:large","max-video-preview":"max-video-preview:-1"},"canonical":"https:\/\/www.parrinst.com\/de\/products\/stirred-reactors\/ht-reactors-series-4580-3750-5500-ml\/","og_locale":"en_US","og_type":"article","og_title":"Serie 4580 Hochtemperatur Reaktoren, 3750-5500 ml - Parr Instrument GmbH","og_description":"Parr bietet eine Reihe von Reaktoren der Serie 4580 in verschiedenen Gr\u00f6\u00dfen und Beh\u00e4lter-Ausf\u00fchrungen f\u00fcr Arbeitsdr\u00fccke bis 207 bar (3000 psi) und Betriebstemperaturen bis zu 500\u00b0C. 4581 \u2013 4582 Reaktoren Diese Reaktoren in Gr\u00f6\u00dfen 3,75 und 5,5 Liter sind f\u00fcr Arbeitsdr\u00fccke bis 207 bar (3000 psi) und Betriebstemperaturen von bis zu 500\u00b0C geeignet und werden [&hellip;]","og_url":"https:\/\/www.parrinst.com\/de\/products\/stirred-reactors\/ht-reactors-series-4580-3750-5500-ml\/","og_site_name":"Parr Instrument GmbH","article_modified_time":"2020-01-22T20:22:56+00:00","og_image":[{"width":2200,"height":399,"url":"https:\/\/www.parrinst.com\/de\/files\/2017\/12\/parr_banner_stirred3_secondary.jpg","type":"image\/jpeg"}],"twitter_card":"summary_large_image","twitter_misc":{"Est. reading time":"1 minute"},"schema":{"@context":"https:\/\/schema.org","@graph":[{"@type":"WebPage","@id":"https:\/\/www.parrinst.com\/de\/products\/stirred-reactors\/ht-reactors-series-4580-3750-5500-ml\/","url":"https:\/\/www.parrinst.com\/de\/products\/stirred-reactors\/ht-reactors-series-4580-3750-5500-ml\/","name":"Serie 4580 Hochtemperatur Reaktoren, 3750-5500 ml - Parr Instrument GmbH","isPartOf":{"@id":"https:\/\/www.parrinst.com\/de\/#website"},"primaryImageOfPage":{"@id":"https:\/\/www.parrinst.com\/de\/products\/stirred-reactors\/ht-reactors-series-4580-3750-5500-ml\/#primaryimage"},"image":{"@id":"https:\/\/www.parrinst.com\/de\/products\/stirred-reactors\/ht-reactors-series-4580-3750-5500-ml\/#primaryimage"},"thumbnailUrl":"https:\/\/i0.wp.com\/www.parrinst.com\/de\/wp-content\/uploads\/sites\/6\/2017\/12\/parr_banner_stirred3_secondary.jpg?fit=2200%2C399&ssl=1","datePublished":"2011-04-29T00:02:11+00:00","dateModified":"2020-01-22T20:22:56+00:00","breadcrumb":{"@id":"https:\/\/www.parrinst.com\/de\/products\/stirred-reactors\/ht-reactors-series-4580-3750-5500-ml\/#breadcrumb"},"inLanguage":"en-US","potentialAction":[{"@type":"ReadAction","target":["https:\/\/www.parrinst.com\/de\/products\/stirred-reactors\/ht-reactors-series-4580-3750-5500-ml\/"]}]},{"@type":"ImageObject","inLanguage":"en-US","@id":"https:\/\/www.parrinst.com\/de\/products\/stirred-reactors\/ht-reactors-series-4580-3750-5500-ml\/#primaryimage","url":"https:\/\/i0.wp.com\/www.parrinst.com\/de\/wp-content\/uploads\/sites\/6\/2017\/12\/parr_banner_stirred3_secondary.jpg?fit=2200%2C399&ssl=1","contentUrl":"https:\/\/i0.wp.com\/www.parrinst.com\/de\/wp-content\/uploads\/sites\/6\/2017\/12\/parr_banner_stirred3_secondary.jpg?fit=2200%2C399&ssl=1","width":2200,"height":399},{"@type":"BreadcrumbList","@id":"https:\/\/www.parrinst.com\/de\/products\/stirred-reactors\/ht-reactors-series-4580-3750-5500-ml\/#breadcrumb","itemListElement":[{"@type":"ListItem","position":1,"name":"Home","item":"https:\/\/www.parrinst.com\/de\/"},{"@type":"ListItem","position":2,"name":"Products","item":"https:\/\/www.parrinst.com\/de\/products\/"},{"@type":"ListItem","position":3,"name":"Ger\u00fchrte Reaktoren","item":"https:\/\/www.parrinst.com\/de\/products\/stirred-reactors\/"},{"@type":"ListItem","position":4,"name":"Serie 4580 Hochtemperatur Reaktoren, 3750-5500 ml"}]},{"@type":"WebSite","@id":"https:\/\/www.parrinst.com\/de\/#website","url":"https:\/\/www.parrinst.com\/de\/","name":"Parr Instrument GmbH","description":"","potentialAction":[{"@type":"SearchAction","target":{"@type":"EntryPoint","urlTemplate":"https:\/\/www.parrinst.com\/de\/?s={search_term_string}"},"query-input":{"@type":"PropertyValueSpecification","valueRequired":true,"valueName":"search_term_string"}}],"inLanguage":"en-US"}]}},"jetpack_sharing_enabled":true,"_links":{"self":[{"href":"https:\/\/www.parrinst.com\/de\/wp-json\/wp\/v2\/pages\/478","targetHints":{"allow":["GET"]}}],"collection":[{"href":"https:\/\/www.parrinst.com\/de\/wp-json\/wp\/v2\/pages"}],"about":[{"href":"https:\/\/www.parrinst.com\/de\/wp-json\/wp\/v2\/types\/page"}],"author":[{"embeddable":true,"href":"https:\/\/www.parrinst.com\/de\/wp-json\/wp\/v2\/users\/1"}],"replies":[{"embeddable":true,"href":"https:\/\/www.parrinst.com\/de\/wp-json\/wp\/v2\/comments?post=478"}],"version-history":[{"count":8,"href":"https:\/\/www.parrinst.com\/de\/wp-json\/wp\/v2\/pages\/478\/revisions"}],"predecessor-version":[{"id":40291,"href":"https:\/\/www.parrinst.com\/de\/wp-json\/wp\/v2\/pages\/478\/revisions\/40291"}],"up":[{"embeddable":true,"href":"https:\/\/www.parrinst.com\/de\/wp-json\/wp\/v2\/pages\/47"}],"wp:featuredmedia":[{"embeddable":true,"href":"https:\/\/www.parrinst.com\/de\/wp-json\/wp\/v2\/media\/36873"}],"wp:attachment":[{"href":"https:\/\/www.parrinst.com\/de\/wp-json\/wp\/v2\/media?parent=478"}],"curies":[{"name":"wp","href":"https:\/\/api.w.org\/{rel}","templated":true}]}}