{"id":5158,"date":"2011-07-24T14:41:44","date_gmt":"2011-07-24T19:41:44","guid":{"rendered":"https:\/\/www.parrinst.com\/?page_id=5158"},"modified":"2016-08-28T14:13:09","modified_gmt":"2016-08-28T12:13:09","slug":"coned-pressure-fittings","status":"publish","type":"page","link":"https:\/\/www.parrinst.com\/de\/products\/non-stirred-pressure-vessels\/coned-pressure-fittings\/","title":{"rendered":"Coned Pressure Fittings"},"content":{"rendered":"<p>Manometerbl\u00f6cke, Druckschl\u00e4uche und andere Teile, die oft vom Druckbeh\u00e4lter getrennt werden, werden mit einem konischen Stecker angeschlossen. Das m\u00e4nnliche Segment einer konischen Verschraubung besteht aus einer H\u00fclse, die mit einem Linksgewinde auf ein dickwandiges Rohr geschraubt ist. Eine Kontermutter vervollst\u00e4ndigt den Aufbau.<\/p>\n<p>Mit dieser Verschraubung entsteht eine feste Verbindung, die \u00fcber einen gro\u00dfen Temperatur- und Druckbereich dicht verschlossen bleibt. Die Verbindung kann h\u00e4ufig angeschlossen und wieder entfernt werden ohne die Dichtfl\u00e4chen zu zerst\u00f6ren. Es wird keine separate Dichtung oder Dichtband ben\u00f6tigt. <\/p>\n<p>Diese Anschl\u00fcsse haben den  Vorteil , dass sie sich wie ein Anschlussstutzen verhalten. Der Manometerblock, das angeschlossene Rohr oder der angeschlossene Schlauch k\u00f6nnen station\u00e4r verweilen w\u00e4hrend die Kontermutter angezogen wird.<br \/>\nDie konischen Druckanschl\u00fcsse von Parr werden in zwei Gr\u00f6\u00dfen hergestellt, ein Typ \u201eA\u201c f\u00fcr 1\/4 Zoll Schl\u00e4uche und ein Typ \u201eB\u201c f\u00fcr 3\/8 Zoll Schl\u00e4uche. \u00a0<\/p>\n<table class=\"GeneralTable\">\n<tbody>\n<tr>\n<td class=\"GeneralTable-DarkBlue\" colspan=\"3\">kegelige Druckanschl\u00fcsse<\/td>\n<\/tr>\n<tr>\n<td><strong>Typ<\/strong><\/td>\n<td><strong>A<\/strong><\/td>\n<td><strong>B<\/strong><\/td>\n<\/tr>\n<tr class=\"GeneralTable-LightBlue\">\n<td>Schlauchgr\u00f6\u00dfe<\/td>\n<td>1\/4 Zoll<\/td>\n<td>3\/8 Zoll<\/td>\n<\/tr>\n<tr>\n<td>Gewinde (D)<\/td>\n<td>9\/16 -18<\/td>\n<td>3\/4 -16<\/td>\n<\/tr>\n<tr class=\"GeneralTable-LightBlue\">\n<td>Bohrung<\/td>\n<td>3\/32 Zoll<\/td>\n<td>1\/8 Zoll<\/td>\n<\/tr>\n<tr>\n<td>Mutter Nr.<\/td>\n<td>35HC<\/td>\n<td>326HC<\/td>\n<\/tr>\n<tr class=\"GeneralTable-LightBlue\">\n<td>Dichtungs-Nr.<\/td>\n<td>40HC<\/td>\n<td>366HC<\/td>\n<\/tr>\n<\/tbody>\n<\/table>\n","protected":false},"excerpt":{"rendered":"<p>Manometerbl\u00f6cke, Druckschl\u00e4uche und andere Teile, die oft vom Druckbeh\u00e4lter getrennt werden, werden mit einem konischen Stecker angeschlossen. Das m\u00e4nnliche Segment einer konischen Verschraubung besteht aus einer H\u00fclse, die mit einem Linksgewinde auf ein dickwandiges Rohr geschraubt ist. Eine Kontermutter vervollst\u00e4ndigt den Aufbau. Mit dieser Verschraubung entsteht eine feste Verbindung, die \u00fcber einen gro\u00dfen Temperatur- und [&hellip;]<\/p>\n","protected":false},"author":1,"featured_media":37713,"parent":77,"menu_order":0,"comment_status":"closed","ping_status":"closed","template":"product-narrow.php","meta":{"_acf_changed":false,"footnotes":"","_links_to":"","_links_to_target":""},"class_list":["post-5158","page","type-page","status-publish","has-post-thumbnail","hentry"],"acf":[],"yoast_head":"<!-- This site is optimized with the Yoast SEO plugin v27.5 - https:\/\/yoast.com\/product\/yoast-seo-wordpress\/ -->\n<title>Coned Pressure Fittings - Parr Instrument GmbH<\/title>\n<meta name=\"robots\" content=\"index, follow, max-snippet:-1, max-image-preview:large, max-video-preview:-1\" \/>\n<link rel=\"canonical\" href=\"https:\/\/www.parrinst.com\/de\/products\/non-stirred-pressure-vessels\/coned-pressure-fittings\/\" \/>\n<meta property=\"og:locale\" content=\"en_US\" \/>\n<meta property=\"og:type\" content=\"article\" \/>\n<meta property=\"og:title\" content=\"Coned Pressure Fittings - Parr Instrument GmbH\" \/>\n<meta property=\"og:description\" content=\"Manometerbl\u00f6cke, Druckschl\u00e4uche und andere Teile, die oft vom Druckbeh\u00e4lter getrennt werden, werden mit einem konischen Stecker angeschlossen. Das m\u00e4nnliche Segment einer konischen Verschraubung besteht aus einer H\u00fclse, die mit einem Linksgewinde auf ein dickwandiges Rohr geschraubt ist. Eine Kontermutter vervollst\u00e4ndigt den Aufbau. Mit dieser Verschraubung entsteht eine feste Verbindung, die \u00fcber einen gro\u00dfen Temperatur- und [&hellip;]\" \/>\n<meta property=\"og:url\" content=\"https:\/\/www.parrinst.com\/de\/products\/non-stirred-pressure-vessels\/coned-pressure-fittings\/\" \/>\n<meta property=\"og:site_name\" content=\"Parr Instrument GmbH\" \/>\n<meta property=\"article:modified_time\" content=\"2016-08-28T12:13:09+00:00\" \/>\n<meta property=\"og:image\" content=\"https:\/\/www.parrinst.com\/de\/files\/2018\/01\/parr_banner_non-stirred_secondary.jpg\" \/>\n\t<meta property=\"og:image:width\" content=\"2200\" \/>\n\t<meta property=\"og:image:height\" content=\"399\" \/>\n\t<meta property=\"og:image:type\" content=\"image\/jpeg\" \/>\n<meta name=\"twitter:card\" content=\"summary_large_image\" \/>\n<meta name=\"twitter:label1\" content=\"Est. reading time\" \/>\n\t<meta name=\"twitter:data1\" content=\"1 minute\" \/>\n<script type=\"application\/ld+json\" class=\"yoast-schema-graph\">{\"@context\":\"https:\\\/\\\/schema.org\",\"@graph\":[{\"@type\":\"WebPage\",\"@id\":\"https:\\\/\\\/www.parrinst.com\\\/de\\\/products\\\/non-stirred-pressure-vessels\\\/coned-pressure-fittings\\\/\",\"url\":\"https:\\\/\\\/www.parrinst.com\\\/de\\\/products\\\/non-stirred-pressure-vessels\\\/coned-pressure-fittings\\\/\",\"name\":\"Coned Pressure Fittings - Parr Instrument GmbH\",\"isPartOf\":{\"@id\":\"https:\\\/\\\/www.parrinst.com\\\/de\\\/#website\"},\"primaryImageOfPage\":{\"@id\":\"https:\\\/\\\/www.parrinst.com\\\/de\\\/products\\\/non-stirred-pressure-vessels\\\/coned-pressure-fittings\\\/#primaryimage\"},\"image\":{\"@id\":\"https:\\\/\\\/www.parrinst.com\\\/de\\\/products\\\/non-stirred-pressure-vessels\\\/coned-pressure-fittings\\\/#primaryimage\"},\"thumbnailUrl\":\"https:\\\/\\\/i0.wp.com\\\/www.parrinst.com\\\/de\\\/wp-content\\\/uploads\\\/sites\\\/6\\\/2018\\\/01\\\/parr_banner_non-stirred_secondary.jpg?fit=2200%2C399&ssl=1\",\"datePublished\":\"2011-07-24T19:41:44+00:00\",\"dateModified\":\"2016-08-28T12:13:09+00:00\",\"breadcrumb\":{\"@id\":\"https:\\\/\\\/www.parrinst.com\\\/de\\\/products\\\/non-stirred-pressure-vessels\\\/coned-pressure-fittings\\\/#breadcrumb\"},\"inLanguage\":\"en-US\",\"potentialAction\":[{\"@type\":\"ReadAction\",\"target\":[\"https:\\\/\\\/www.parrinst.com\\\/de\\\/products\\\/non-stirred-pressure-vessels\\\/coned-pressure-fittings\\\/\"]}]},{\"@type\":\"ImageObject\",\"inLanguage\":\"en-US\",\"@id\":\"https:\\\/\\\/www.parrinst.com\\\/de\\\/products\\\/non-stirred-pressure-vessels\\\/coned-pressure-fittings\\\/#primaryimage\",\"url\":\"https:\\\/\\\/i0.wp.com\\\/www.parrinst.com\\\/de\\\/wp-content\\\/uploads\\\/sites\\\/6\\\/2018\\\/01\\\/parr_banner_non-stirred_secondary.jpg?fit=2200%2C399&ssl=1\",\"contentUrl\":\"https:\\\/\\\/i0.wp.com\\\/www.parrinst.com\\\/de\\\/wp-content\\\/uploads\\\/sites\\\/6\\\/2018\\\/01\\\/parr_banner_non-stirred_secondary.jpg?fit=2200%2C399&ssl=1\",\"width\":2200,\"height\":399},{\"@type\":\"BreadcrumbList\",\"@id\":\"https:\\\/\\\/www.parrinst.com\\\/de\\\/products\\\/non-stirred-pressure-vessels\\\/coned-pressure-fittings\\\/#breadcrumb\",\"itemListElement\":[{\"@type\":\"ListItem\",\"position\":1,\"name\":\"Home\",\"item\":\"https:\\\/\\\/www.parrinst.com\\\/de\\\/\"},{\"@type\":\"ListItem\",\"position\":2,\"name\":\"Products\",\"item\":\"https:\\\/\\\/www.parrinst.com\\\/de\\\/products\\\/\"},{\"@type\":\"ListItem\",\"position\":3,\"name\":\"Nicht ger\u00fchrte Druckbeh\u00e4lter\",\"item\":\"https:\\\/\\\/www.parrinst.com\\\/de\\\/products\\\/non-stirred-pressure-vessels\\\/\"},{\"@type\":\"ListItem\",\"position\":4,\"name\":\"Coned Pressure Fittings\"}]},{\"@type\":\"WebSite\",\"@id\":\"https:\\\/\\\/www.parrinst.com\\\/de\\\/#website\",\"url\":\"https:\\\/\\\/www.parrinst.com\\\/de\\\/\",\"name\":\"Parr Instrument GmbH\",\"description\":\"\",\"potentialAction\":[{\"@type\":\"SearchAction\",\"target\":{\"@type\":\"EntryPoint\",\"urlTemplate\":\"https:\\\/\\\/www.parrinst.com\\\/de\\\/?s={search_term_string}\"},\"query-input\":{\"@type\":\"PropertyValueSpecification\",\"valueRequired\":true,\"valueName\":\"search_term_string\"}}],\"inLanguage\":\"en-US\"}]}<\/script>\n<!-- \/ Yoast SEO plugin. -->","yoast_head_json":{"title":"Coned Pressure Fittings - Parr Instrument GmbH","robots":{"index":"index","follow":"follow","max-snippet":"max-snippet:-1","max-image-preview":"max-image-preview:large","max-video-preview":"max-video-preview:-1"},"canonical":"https:\/\/www.parrinst.com\/de\/products\/non-stirred-pressure-vessels\/coned-pressure-fittings\/","og_locale":"en_US","og_type":"article","og_title":"Coned Pressure Fittings - Parr Instrument GmbH","og_description":"Manometerbl\u00f6cke, Druckschl\u00e4uche und andere Teile, die oft vom Druckbeh\u00e4lter getrennt werden, werden mit einem konischen Stecker angeschlossen. Das m\u00e4nnliche Segment einer konischen Verschraubung besteht aus einer H\u00fclse, die mit einem Linksgewinde auf ein dickwandiges Rohr geschraubt ist. Eine Kontermutter vervollst\u00e4ndigt den Aufbau. Mit dieser Verschraubung entsteht eine feste Verbindung, die \u00fcber einen gro\u00dfen Temperatur- und [&hellip;]","og_url":"https:\/\/www.parrinst.com\/de\/products\/non-stirred-pressure-vessels\/coned-pressure-fittings\/","og_site_name":"Parr Instrument GmbH","article_modified_time":"2016-08-28T12:13:09+00:00","og_image":[{"width":2200,"height":399,"url":"https:\/\/www.parrinst.com\/de\/files\/2018\/01\/parr_banner_non-stirred_secondary.jpg","type":"image\/jpeg"}],"twitter_card":"summary_large_image","twitter_misc":{"Est. reading time":"1 minute"},"schema":{"@context":"https:\/\/schema.org","@graph":[{"@type":"WebPage","@id":"https:\/\/www.parrinst.com\/de\/products\/non-stirred-pressure-vessels\/coned-pressure-fittings\/","url":"https:\/\/www.parrinst.com\/de\/products\/non-stirred-pressure-vessels\/coned-pressure-fittings\/","name":"Coned Pressure Fittings - Parr Instrument GmbH","isPartOf":{"@id":"https:\/\/www.parrinst.com\/de\/#website"},"primaryImageOfPage":{"@id":"https:\/\/www.parrinst.com\/de\/products\/non-stirred-pressure-vessels\/coned-pressure-fittings\/#primaryimage"},"image":{"@id":"https:\/\/www.parrinst.com\/de\/products\/non-stirred-pressure-vessels\/coned-pressure-fittings\/#primaryimage"},"thumbnailUrl":"https:\/\/i0.wp.com\/www.parrinst.com\/de\/wp-content\/uploads\/sites\/6\/2018\/01\/parr_banner_non-stirred_secondary.jpg?fit=2200%2C399&ssl=1","datePublished":"2011-07-24T19:41:44+00:00","dateModified":"2016-08-28T12:13:09+00:00","breadcrumb":{"@id":"https:\/\/www.parrinst.com\/de\/products\/non-stirred-pressure-vessels\/coned-pressure-fittings\/#breadcrumb"},"inLanguage":"en-US","potentialAction":[{"@type":"ReadAction","target":["https:\/\/www.parrinst.com\/de\/products\/non-stirred-pressure-vessels\/coned-pressure-fittings\/"]}]},{"@type":"ImageObject","inLanguage":"en-US","@id":"https:\/\/www.parrinst.com\/de\/products\/non-stirred-pressure-vessels\/coned-pressure-fittings\/#primaryimage","url":"https:\/\/i0.wp.com\/www.parrinst.com\/de\/wp-content\/uploads\/sites\/6\/2018\/01\/parr_banner_non-stirred_secondary.jpg?fit=2200%2C399&ssl=1","contentUrl":"https:\/\/i0.wp.com\/www.parrinst.com\/de\/wp-content\/uploads\/sites\/6\/2018\/01\/parr_banner_non-stirred_secondary.jpg?fit=2200%2C399&ssl=1","width":2200,"height":399},{"@type":"BreadcrumbList","@id":"https:\/\/www.parrinst.com\/de\/products\/non-stirred-pressure-vessels\/coned-pressure-fittings\/#breadcrumb","itemListElement":[{"@type":"ListItem","position":1,"name":"Home","item":"https:\/\/www.parrinst.com\/de\/"},{"@type":"ListItem","position":2,"name":"Products","item":"https:\/\/www.parrinst.com\/de\/products\/"},{"@type":"ListItem","position":3,"name":"Nicht ger\u00fchrte Druckbeh\u00e4lter","item":"https:\/\/www.parrinst.com\/de\/products\/non-stirred-pressure-vessels\/"},{"@type":"ListItem","position":4,"name":"Coned Pressure Fittings"}]},{"@type":"WebSite","@id":"https:\/\/www.parrinst.com\/de\/#website","url":"https:\/\/www.parrinst.com\/de\/","name":"Parr Instrument GmbH","description":"","potentialAction":[{"@type":"SearchAction","target":{"@type":"EntryPoint","urlTemplate":"https:\/\/www.parrinst.com\/de\/?s={search_term_string}"},"query-input":{"@type":"PropertyValueSpecification","valueRequired":true,"valueName":"search_term_string"}}],"inLanguage":"en-US"}]}},"jetpack_sharing_enabled":true,"_links":{"self":[{"href":"https:\/\/www.parrinst.com\/de\/wp-json\/wp\/v2\/pages\/5158","targetHints":{"allow":["GET"]}}],"collection":[{"href":"https:\/\/www.parrinst.com\/de\/wp-json\/wp\/v2\/pages"}],"about":[{"href":"https:\/\/www.parrinst.com\/de\/wp-json\/wp\/v2\/types\/page"}],"author":[{"embeddable":true,"href":"https:\/\/www.parrinst.com\/de\/wp-json\/wp\/v2\/users\/1"}],"replies":[{"embeddable":true,"href":"https:\/\/www.parrinst.com\/de\/wp-json\/wp\/v2\/comments?post=5158"}],"version-history":[{"count":0,"href":"https:\/\/www.parrinst.com\/de\/wp-json\/wp\/v2\/pages\/5158\/revisions"}],"up":[{"embeddable":true,"href":"https:\/\/www.parrinst.com\/de\/wp-json\/wp\/v2\/pages\/77"}],"wp:featuredmedia":[{"embeddable":true,"href":"https:\/\/www.parrinst.com\/de\/wp-json\/wp\/v2\/media\/37713"}],"wp:attachment":[{"href":"https:\/\/www.parrinst.com\/de\/wp-json\/wp\/v2\/media?parent=5158"}],"curies":[{"name":"wp","href":"https:\/\/api.w.org\/{rel}","templated":true}]}}