{"id":5279,"date":"2011-07-24T18:00:26","date_gmt":"2011-07-24T23:00:26","guid":{"rendered":"https:\/\/www.parrinst.com\/?page_id=5279"},"modified":"2018-03-07T17:45:49","modified_gmt":"2018-03-07T16:45:49","slug":"gas-charging-systems","status":"publish","type":"page","link":"https:\/\/www.parrinst.com\/de\/products\/non-stirred-pressure-vessels\/gas-charging-systems\/","title":{"rendered":"Gas Filling Systems"},"content":{"rendered":"<figure id=\"attachment_3662\" aria-describedby=\"caption-attachment-3662\" style=\"width: 214px\" class=\"wp-caption alignright\"><a href=\"https:\/\/i0.wp.com\/www.parrinst.com\/de\/wp-content\/uploads\/sites\/6\/2011\/06\/A2283HC_HP-gas-burette.jpg?ssl=1\"><img data-recalc-dims=\"1\" loading=\"lazy\" decoding=\"async\" class=\"size-medium wp-image-3662\" src=\"https:\/\/i0.wp.com\/www.parrinst.com\/de\/wp-content\/uploads\/sites\/6\/2011\/06\/A2283HC_HP-gas-burette.jpg?resize=214%2C300&#038;ssl=1\" alt=\"A2283HC High Pressure Gas Burette\" width=\"214\" height=\"300\" srcset=\"https:\/\/i0.wp.com\/www.parrinst.com\/de\/wp-content\/uploads\/sites\/6\/2011\/06\/A2283HC_HP-gas-burette.jpg?resize=214%2C300&amp;ssl=1 214w, https:\/\/i0.wp.com\/www.parrinst.com\/de\/wp-content\/uploads\/sites\/6\/2011\/06\/A2283HC_HP-gas-burette.jpg?resize=107%2C150&amp;ssl=1 107w, https:\/\/i0.wp.com\/www.parrinst.com\/de\/wp-content\/uploads\/sites\/6\/2011\/06\/A2283HC_HP-gas-burette.jpg?w=600&amp;ssl=1 600w\" sizes=\"auto, (max-width: 214px) 100vw, 214px\" \/><\/a><figcaption id=\"caption-attachment-3662\" class=\"wp-caption-text\">A2283HC High Pressure Gas Burette<\/figcaption><\/figure>\n<p>Parr bietet eine Serie an Hochdruckb\u00fcretten an, diese sind daf\u00fcr geeignet Gas (\u00fcberwiegend Wasserstoff) in einen Reaktor bei konstantem Druck einzuleiten. Die B\u00fcretten bestehen aus einem Hochdruckreservoir mit einem Einlassventil, einem Manometer und einem Ablassventil. Ein Druckminderer mit einem R\u00fcckschlagventil, einem Verbindungsschlauch und einer Halterung geh\u00f6ren ebenso zur Ausstattung einer B\u00fcrette. Die Gasmenge, die der Reaktion zugef\u00fchrt wird, kann bestimmt werden, indem man das Fassungsverm\u00f6gen des Hochdruckreservoir kennt und den Druckabfall in diesem w\u00e4hrend der Reaktion erfasst. Die Parr Hochdruckb\u00fcretten k\u00f6nnen in verschiedenen Gr\u00f6\u00dfen hergestellt werden, wie in der nachfolgenden Tabelle beschrieben.<\/p>\n<p>Die Molmenge in der Tabelle bezieht sich immer auf die maximal m\u00f6gliche Menge, die sich in der B\u00fcrette bei maximalem Druck befindet. Das tats\u00e4chlich gelieferte Volumen ist abh\u00e4ngig von dem Druckunterschied zwischen Pipette und Reaktor. Die Gr\u00f6\u00dfe der B\u00fcrette sollte gro\u00df genug gew\u00e4hlt werden, dass w\u00e4hrend der gesamten Reaktion gen\u00fcgend Gas zur Verf\u00fcgung steht und gleichzeitig sich noch ein Restgas mit einem leichten \u00dcberdruck in der B\u00fcrette verweilt.<\/p>\n<p>Sowohl Reservoire mit gr\u00f6\u00dferen Fassungsverm\u00f6gen als auch unterschiedliche Druckminderer sind erh\u00e4ltlich. Die Basissysteme k\u00f6nnen modifiziert werden in dem ein Thermoelement im Reservoir angebracht wird und \/oder indem ein Druckaufnehmer zur digitalen Ausgabe und Aufzeichnungen des Druckes installiert wird.<\/p>\n<table class=\"GeneralTable\">\n<tbody>\n<tr>\n<td class=\"GeneralTable-DarkBlue\" colspan=\"6\" valign=\"top\">Hochdruck-Gasb\u00fcretten<\/td>\n<\/tr>\n<tr>\n<td colspan=\"3\" valign=\"top\"><em><strong>B\u00fcretten<\/strong><\/em><\/td>\n<td colspan=\"3\" valign=\"top\"><em><strong>Druckliefergrad<\/strong><\/em><\/td>\n<\/tr>\n<tr class=\"GeneralTable-LightBlue\" valign=\"middle\">\n<td width=\"100\"><strong>Volumen, mL<\/strong><\/td>\n<td width=\"100\"><strong>max. Druck, bar<\/strong><\/td>\n<td width=\"79\"><strong>gesamtes H2- Volumen, mol<\/strong><\/td>\n<td width=\"137\"><strong>0-124 bar<\/strong><\/td>\n<td width=\"83\"><strong>0-83 bar<\/strong><\/td>\n<td width=\"87\"><strong>0-48 bar<\/strong><\/td>\n<\/tr>\n<tr>\n<td valign=\"top\" width=\"100\">150<\/td>\n<td valign=\"top\" width=\"100\">124<\/td>\n<td valign=\"top\" width=\"79\">0.8<\/td>\n<td valign=\"top\" width=\"137\">A2280HC<\/td>\n<td valign=\"top\" width=\"83\">A2280HC2<\/td>\n<td valign=\"top\" width=\"87\">A2280HC3<\/td>\n<\/tr>\n<tr class=\"GeneralTable-LightBlue\">\n<td valign=\"top\" width=\"100\">300<\/td>\n<td valign=\"top\" width=\"100\">124<\/td>\n<td valign=\"top\" width=\"79\">1.5<\/td>\n<td valign=\"top\" width=\"137\">A2281HC<\/td>\n<td valign=\"top\" width=\"83\">A2281HC2<\/td>\n<td valign=\"top\" width=\"87\">A2281HC3<\/td>\n<\/tr>\n<tr>\n<td valign=\"top\" width=\"100\">500<\/td>\n<td valign=\"top\" width=\"100\">124<\/td>\n<td valign=\"top\" width=\"79\">2.6<\/td>\n<td valign=\"top\" width=\"137\">A2282HC<\/td>\n<td valign=\"top\" width=\"83\">A2282HC2<\/td>\n<td valign=\"top\" width=\"87\">A2282HC3<\/td>\n<\/tr>\n<tr class=\"GeneralTable-LightBlue\">\n<td valign=\"top\" width=\"100\">1000<\/td>\n<td valign=\"top\" width=\"100\">124<\/td>\n<td valign=\"top\" width=\"79\">5.1<\/td>\n<td valign=\"top\" width=\"137\">A2283HC<\/td>\n<td valign=\"top\" width=\"83\">A2283HC2<\/td>\n<td valign=\"top\" width=\"87\">A2283HC3<\/td>\n<\/tr>\n<tr>\n<td valign=\"top\" width=\"100\">2250<\/td>\n<td valign=\"top\" width=\"100\">124<\/td>\n<td valign=\"top\" width=\"79\">11.5<\/td>\n<td valign=\"top\" width=\"137\">A2284HC<\/td>\n<td valign=\"top\" width=\"83\">A2284HC2<\/td>\n<td valign=\"top\" width=\"87\">A2284HC3<\/td>\n<\/tr>\n<tr class=\"GeneralTable-LightBlue\">\n<td valign=\"top\" width=\"100\">500<\/td>\n<td valign=\"top\" width=\"100\">345<\/td>\n<td valign=\"top\" width=\"79\">7.1<\/td>\n<td valign=\"top\" width=\"137\">A2285HC<\/td>\n<td valign=\"top\" width=\"83\">A2285HC2<\/td>\n<td valign=\"top\" width=\"87\">A2285HC3<\/td>\n<\/tr>\n<\/tbody>\n<\/table>\n","protected":false},"excerpt":{"rendered":"<p>Parr bietet eine Serie an Hochdruckb\u00fcretten an, diese sind daf\u00fcr geeignet Gas (\u00fcberwiegend Wasserstoff) in einen Reaktor bei konstantem Druck einzuleiten. Die B\u00fcretten bestehen aus einem Hochdruckreservoir mit einem Einlassventil, einem Manometer und einem Ablassventil. Ein Druckminderer mit einem R\u00fcckschlagventil, einem Verbindungsschlauch und einer Halterung geh\u00f6ren ebenso zur Ausstattung einer B\u00fcrette. Die Gasmenge, die der [&hellip;]<\/p>\n","protected":false},"author":1,"featured_media":37713,"parent":77,"menu_order":0,"comment_status":"closed","ping_status":"closed","template":"product-narrow.php","meta":{"_acf_changed":false,"footnotes":"","_links_to":"","_links_to_target":""},"class_list":["post-5279","page","type-page","status-publish","has-post-thumbnail","hentry"],"acf":[],"yoast_head":"<!-- This site is optimized with the Yoast SEO plugin v27.5 - https:\/\/yoast.com\/product\/yoast-seo-wordpress\/ -->\n<title>Gas Filling Systems - Parr Instrument GmbH<\/title>\n<meta name=\"robots\" content=\"index, follow, max-snippet:-1, max-image-preview:large, max-video-preview:-1\" \/>\n<link rel=\"canonical\" href=\"https:\/\/www.parrinst.com\/de\/products\/non-stirred-pressure-vessels\/gas-charging-systems\/\" \/>\n<meta property=\"og:locale\" content=\"en_US\" \/>\n<meta property=\"og:type\" content=\"article\" \/>\n<meta property=\"og:title\" content=\"Gas Filling Systems - Parr Instrument GmbH\" \/>\n<meta property=\"og:description\" content=\"Parr bietet eine Serie an Hochdruckb\u00fcretten an, diese sind daf\u00fcr geeignet Gas (\u00fcberwiegend Wasserstoff) in einen Reaktor bei konstantem Druck einzuleiten. Die B\u00fcretten bestehen aus einem Hochdruckreservoir mit einem Einlassventil, einem Manometer und einem Ablassventil. Ein Druckminderer mit einem R\u00fcckschlagventil, einem Verbindungsschlauch und einer Halterung geh\u00f6ren ebenso zur Ausstattung einer B\u00fcrette. Die Gasmenge, die der [&hellip;]\" \/>\n<meta property=\"og:url\" content=\"https:\/\/www.parrinst.com\/de\/products\/non-stirred-pressure-vessels\/gas-charging-systems\/\" \/>\n<meta property=\"og:site_name\" content=\"Parr Instrument GmbH\" \/>\n<meta property=\"article:modified_time\" content=\"2018-03-07T16:45:49+00:00\" \/>\n<meta property=\"og:image\" content=\"https:\/\/www.parrinst.com\/de\/files\/2018\/01\/parr_banner_non-stirred_secondary.jpg\" \/>\n\t<meta property=\"og:image:width\" content=\"2200\" \/>\n\t<meta property=\"og:image:height\" content=\"399\" \/>\n\t<meta property=\"og:image:type\" content=\"image\/jpeg\" \/>\n<meta name=\"twitter:card\" content=\"summary_large_image\" \/>\n<meta name=\"twitter:label1\" content=\"Est. reading time\" \/>\n\t<meta name=\"twitter:data1\" content=\"1 minute\" \/>\n<script type=\"application\/ld+json\" class=\"yoast-schema-graph\">{\"@context\":\"https:\\\/\\\/schema.org\",\"@graph\":[{\"@type\":\"WebPage\",\"@id\":\"https:\\\/\\\/www.parrinst.com\\\/de\\\/products\\\/non-stirred-pressure-vessels\\\/gas-charging-systems\\\/\",\"url\":\"https:\\\/\\\/www.parrinst.com\\\/de\\\/products\\\/non-stirred-pressure-vessels\\\/gas-charging-systems\\\/\",\"name\":\"Gas Filling Systems - Parr Instrument GmbH\",\"isPartOf\":{\"@id\":\"https:\\\/\\\/www.parrinst.com\\\/de\\\/#website\"},\"primaryImageOfPage\":{\"@id\":\"https:\\\/\\\/www.parrinst.com\\\/de\\\/products\\\/non-stirred-pressure-vessels\\\/gas-charging-systems\\\/#primaryimage\"},\"image\":{\"@id\":\"https:\\\/\\\/www.parrinst.com\\\/de\\\/products\\\/non-stirred-pressure-vessels\\\/gas-charging-systems\\\/#primaryimage\"},\"thumbnailUrl\":\"https:\\\/\\\/i0.wp.com\\\/www.parrinst.com\\\/de\\\/wp-content\\\/uploads\\\/sites\\\/6\\\/2018\\\/01\\\/parr_banner_non-stirred_secondary.jpg?fit=2200%2C399&ssl=1\",\"datePublished\":\"2011-07-24T23:00:26+00:00\",\"dateModified\":\"2018-03-07T16:45:49+00:00\",\"breadcrumb\":{\"@id\":\"https:\\\/\\\/www.parrinst.com\\\/de\\\/products\\\/non-stirred-pressure-vessels\\\/gas-charging-systems\\\/#breadcrumb\"},\"inLanguage\":\"en-US\",\"potentialAction\":[{\"@type\":\"ReadAction\",\"target\":[\"https:\\\/\\\/www.parrinst.com\\\/de\\\/products\\\/non-stirred-pressure-vessels\\\/gas-charging-systems\\\/\"]}]},{\"@type\":\"ImageObject\",\"inLanguage\":\"en-US\",\"@id\":\"https:\\\/\\\/www.parrinst.com\\\/de\\\/products\\\/non-stirred-pressure-vessels\\\/gas-charging-systems\\\/#primaryimage\",\"url\":\"https:\\\/\\\/i0.wp.com\\\/www.parrinst.com\\\/de\\\/wp-content\\\/uploads\\\/sites\\\/6\\\/2018\\\/01\\\/parr_banner_non-stirred_secondary.jpg?fit=2200%2C399&ssl=1\",\"contentUrl\":\"https:\\\/\\\/i0.wp.com\\\/www.parrinst.com\\\/de\\\/wp-content\\\/uploads\\\/sites\\\/6\\\/2018\\\/01\\\/parr_banner_non-stirred_secondary.jpg?fit=2200%2C399&ssl=1\",\"width\":2200,\"height\":399},{\"@type\":\"BreadcrumbList\",\"@id\":\"https:\\\/\\\/www.parrinst.com\\\/de\\\/products\\\/non-stirred-pressure-vessels\\\/gas-charging-systems\\\/#breadcrumb\",\"itemListElement\":[{\"@type\":\"ListItem\",\"position\":1,\"name\":\"Home\",\"item\":\"https:\\\/\\\/www.parrinst.com\\\/de\\\/\"},{\"@type\":\"ListItem\",\"position\":2,\"name\":\"Products\",\"item\":\"https:\\\/\\\/www.parrinst.com\\\/de\\\/products\\\/\"},{\"@type\":\"ListItem\",\"position\":3,\"name\":\"Nicht ger\u00fchrte Druckbeh\u00e4lter\",\"item\":\"https:\\\/\\\/www.parrinst.com\\\/de\\\/products\\\/non-stirred-pressure-vessels\\\/\"},{\"@type\":\"ListItem\",\"position\":4,\"name\":\"Gas Filling Systems\"}]},{\"@type\":\"WebSite\",\"@id\":\"https:\\\/\\\/www.parrinst.com\\\/de\\\/#website\",\"url\":\"https:\\\/\\\/www.parrinst.com\\\/de\\\/\",\"name\":\"Parr Instrument GmbH\",\"description\":\"\",\"potentialAction\":[{\"@type\":\"SearchAction\",\"target\":{\"@type\":\"EntryPoint\",\"urlTemplate\":\"https:\\\/\\\/www.parrinst.com\\\/de\\\/?s={search_term_string}\"},\"query-input\":{\"@type\":\"PropertyValueSpecification\",\"valueRequired\":true,\"valueName\":\"search_term_string\"}}],\"inLanguage\":\"en-US\"}]}<\/script>\n<!-- \/ Yoast SEO plugin. -->","yoast_head_json":{"title":"Gas Filling Systems - Parr Instrument GmbH","robots":{"index":"index","follow":"follow","max-snippet":"max-snippet:-1","max-image-preview":"max-image-preview:large","max-video-preview":"max-video-preview:-1"},"canonical":"https:\/\/www.parrinst.com\/de\/products\/non-stirred-pressure-vessels\/gas-charging-systems\/","og_locale":"en_US","og_type":"article","og_title":"Gas Filling Systems - Parr Instrument GmbH","og_description":"Parr bietet eine Serie an Hochdruckb\u00fcretten an, diese sind daf\u00fcr geeignet Gas (\u00fcberwiegend Wasserstoff) in einen Reaktor bei konstantem Druck einzuleiten. Die B\u00fcretten bestehen aus einem Hochdruckreservoir mit einem Einlassventil, einem Manometer und einem Ablassventil. Ein Druckminderer mit einem R\u00fcckschlagventil, einem Verbindungsschlauch und einer Halterung geh\u00f6ren ebenso zur Ausstattung einer B\u00fcrette. Die Gasmenge, die der [&hellip;]","og_url":"https:\/\/www.parrinst.com\/de\/products\/non-stirred-pressure-vessels\/gas-charging-systems\/","og_site_name":"Parr Instrument GmbH","article_modified_time":"2018-03-07T16:45:49+00:00","og_image":[{"width":2200,"height":399,"url":"https:\/\/www.parrinst.com\/de\/files\/2018\/01\/parr_banner_non-stirred_secondary.jpg","type":"image\/jpeg"}],"twitter_card":"summary_large_image","twitter_misc":{"Est. reading time":"1 minute"},"schema":{"@context":"https:\/\/schema.org","@graph":[{"@type":"WebPage","@id":"https:\/\/www.parrinst.com\/de\/products\/non-stirred-pressure-vessels\/gas-charging-systems\/","url":"https:\/\/www.parrinst.com\/de\/products\/non-stirred-pressure-vessels\/gas-charging-systems\/","name":"Gas Filling Systems - Parr Instrument GmbH","isPartOf":{"@id":"https:\/\/www.parrinst.com\/de\/#website"},"primaryImageOfPage":{"@id":"https:\/\/www.parrinst.com\/de\/products\/non-stirred-pressure-vessels\/gas-charging-systems\/#primaryimage"},"image":{"@id":"https:\/\/www.parrinst.com\/de\/products\/non-stirred-pressure-vessels\/gas-charging-systems\/#primaryimage"},"thumbnailUrl":"https:\/\/i0.wp.com\/www.parrinst.com\/de\/wp-content\/uploads\/sites\/6\/2018\/01\/parr_banner_non-stirred_secondary.jpg?fit=2200%2C399&ssl=1","datePublished":"2011-07-24T23:00:26+00:00","dateModified":"2018-03-07T16:45:49+00:00","breadcrumb":{"@id":"https:\/\/www.parrinst.com\/de\/products\/non-stirred-pressure-vessels\/gas-charging-systems\/#breadcrumb"},"inLanguage":"en-US","potentialAction":[{"@type":"ReadAction","target":["https:\/\/www.parrinst.com\/de\/products\/non-stirred-pressure-vessels\/gas-charging-systems\/"]}]},{"@type":"ImageObject","inLanguage":"en-US","@id":"https:\/\/www.parrinst.com\/de\/products\/non-stirred-pressure-vessels\/gas-charging-systems\/#primaryimage","url":"https:\/\/i0.wp.com\/www.parrinst.com\/de\/wp-content\/uploads\/sites\/6\/2018\/01\/parr_banner_non-stirred_secondary.jpg?fit=2200%2C399&ssl=1","contentUrl":"https:\/\/i0.wp.com\/www.parrinst.com\/de\/wp-content\/uploads\/sites\/6\/2018\/01\/parr_banner_non-stirred_secondary.jpg?fit=2200%2C399&ssl=1","width":2200,"height":399},{"@type":"BreadcrumbList","@id":"https:\/\/www.parrinst.com\/de\/products\/non-stirred-pressure-vessels\/gas-charging-systems\/#breadcrumb","itemListElement":[{"@type":"ListItem","position":1,"name":"Home","item":"https:\/\/www.parrinst.com\/de\/"},{"@type":"ListItem","position":2,"name":"Products","item":"https:\/\/www.parrinst.com\/de\/products\/"},{"@type":"ListItem","position":3,"name":"Nicht ger\u00fchrte Druckbeh\u00e4lter","item":"https:\/\/www.parrinst.com\/de\/products\/non-stirred-pressure-vessels\/"},{"@type":"ListItem","position":4,"name":"Gas Filling Systems"}]},{"@type":"WebSite","@id":"https:\/\/www.parrinst.com\/de\/#website","url":"https:\/\/www.parrinst.com\/de\/","name":"Parr Instrument GmbH","description":"","potentialAction":[{"@type":"SearchAction","target":{"@type":"EntryPoint","urlTemplate":"https:\/\/www.parrinst.com\/de\/?s={search_term_string}"},"query-input":{"@type":"PropertyValueSpecification","valueRequired":true,"valueName":"search_term_string"}}],"inLanguage":"en-US"}]}},"jetpack_sharing_enabled":true,"_links":{"self":[{"href":"https:\/\/www.parrinst.com\/de\/wp-json\/wp\/v2\/pages\/5279","targetHints":{"allow":["GET"]}}],"collection":[{"href":"https:\/\/www.parrinst.com\/de\/wp-json\/wp\/v2\/pages"}],"about":[{"href":"https:\/\/www.parrinst.com\/de\/wp-json\/wp\/v2\/types\/page"}],"author":[{"embeddable":true,"href":"https:\/\/www.parrinst.com\/de\/wp-json\/wp\/v2\/users\/1"}],"replies":[{"embeddable":true,"href":"https:\/\/www.parrinst.com\/de\/wp-json\/wp\/v2\/comments?post=5279"}],"version-history":[{"count":3,"href":"https:\/\/www.parrinst.com\/de\/wp-json\/wp\/v2\/pages\/5279\/revisions"}],"predecessor-version":[{"id":38349,"href":"https:\/\/www.parrinst.com\/de\/wp-json\/wp\/v2\/pages\/5279\/revisions\/38349"}],"up":[{"embeddable":true,"href":"https:\/\/www.parrinst.com\/de\/wp-json\/wp\/v2\/pages\/77"}],"wp:featuredmedia":[{"embeddable":true,"href":"https:\/\/www.parrinst.com\/de\/wp-json\/wp\/v2\/media\/37713"}],"wp:attachment":[{"href":"https:\/\/www.parrinst.com\/de\/wp-json\/wp\/v2\/media?parent=5279"}],"curies":[{"name":"wp","href":"https:\/\/api.w.org\/{rel}","templated":true}]}}