{"id":5988,"date":"2011-08-09T10:08:52","date_gmt":"2011-08-09T15:08:52","guid":{"rendered":"https:\/\/www.parrinst.com\/?page_id=5988"},"modified":"2025-04-28T15:13:36","modified_gmt":"2025-04-28T20:13:36","slug":"specifications","status":"publish","type":"page","link":"https:\/\/www.parrinst.com\/de\/products\/tubular-reactor-systems\/fluidized-bed-reactors\/specifications\/","title":{"rendered":"Spezifikation"},"content":{"rendered":"\n\t\t\t<div id='5988-1' class='gallery gallery-5988 gallery-columns-2 gallery-size-medium' itemscope itemtype='http:\/\/schema.org\/ImageGallery'>\n\t\t\t\t<div class='gallery-row gallery-col-2 gallery-clear'>\n\t\t\t\t\t<figure class='gallery-item col-2' itemprop='associatedMedia' itemscope itemtype='http:\/\/schema.org\/ImageObject'>\n\t\t\t\t\t\t<div class='gallery-icon portrait'><a href=\"https:\/\/i0.wp.com\/www.parrinst.com\/de\/wp-content\/uploads\/sites\/6\/2023\/02\/Fluidized-Bed_1220918821Open-no-lid.jpg?ssl=1\" itemprop=\"contentURL\"><img loading=\"lazy\" decoding=\"async\" width=\"214\" height=\"300\" src=\"https:\/\/i0.wp.com\/www.parrinst.com\/de\/wp-content\/uploads\/sites\/6\/2023\/02\/Fluidized-Bed_1220918821Open-no-lid.jpg?fit=214%2C300&amp;ssl=1\" class=\"attachment-medium size-medium\" alt=\"Wirbelschichtreaktor mit 3-Zonen Keramikheizung, Zyklonabscheider, gek\u00fchltem Kondensator und Sammelbeh\u00e4lter f\u00fcr das Produkt.\" srcset=\"https:\/\/i0.wp.com\/www.parrinst.com\/de\/wp-content\/uploads\/sites\/6\/2023\/02\/Fluidized-Bed_1220918821Open-no-lid.jpg?w=1500&amp;ssl=1 1500w, https:\/\/i0.wp.com\/www.parrinst.com\/de\/wp-content\/uploads\/sites\/6\/2023\/02\/Fluidized-Bed_1220918821Open-no-lid.jpg?resize=214%2C300&amp;ssl=1 214w, https:\/\/i0.wp.com\/www.parrinst.com\/de\/wp-content\/uploads\/sites\/6\/2023\/02\/Fluidized-Bed_1220918821Open-no-lid.jpg?resize=731%2C1024&amp;ssl=1 731w, https:\/\/i0.wp.com\/www.parrinst.com\/de\/wp-content\/uploads\/sites\/6\/2023\/02\/Fluidized-Bed_1220918821Open-no-lid.jpg?resize=107%2C150&amp;ssl=1 107w, https:\/\/i0.wp.com\/www.parrinst.com\/de\/wp-content\/uploads\/sites\/6\/2023\/02\/Fluidized-Bed_1220918821Open-no-lid.jpg?resize=1097%2C1536&amp;ssl=1 1097w, https:\/\/i0.wp.com\/www.parrinst.com\/de\/wp-content\/uploads\/sites\/6\/2023\/02\/Fluidized-Bed_1220918821Open-no-lid.jpg?resize=1463%2C2048&amp;ssl=1 1463w, https:\/\/i0.wp.com\/www.parrinst.com\/de\/wp-content\/uploads\/sites\/6\/2023\/02\/Fluidized-Bed_1220918821Open-no-lid.jpg?w=1280&amp;ssl=1 1280w\" sizes=\"auto, (max-width: 214px) 100vw, 214px\" itemprop=\"thumbnail\" \/><\/a><\/div>\n\t\t\t\t\t<\/figure>\n\t\t\t\t\t<figure class='gallery-item col-2' itemprop='associatedMedia' itemscope itemtype='http:\/\/schema.org\/ImageObject'>\n\t\t\t\t\t\t<div class='gallery-icon portrait'><a href=\"https:\/\/i0.wp.com\/www.parrinst.com\/de\/wp-content\/uploads\/sites\/6\/2019\/08\/Cyclonic-Cutaway5400-pg10.png?ssl=1\" itemprop=\"contentURL\"><img loading=\"lazy\" decoding=\"async\" width=\"180\" height=\"300\" src=\"https:\/\/i0.wp.com\/www.parrinst.com\/de\/wp-content\/uploads\/sites\/6\/2019\/08\/Cyclonic-Cutaway5400-pg10.png?fit=180%2C300&amp;ssl=1\" class=\"attachment-medium size-medium\" alt=\"Schnittzeichnung des Zyklonabscheiders\" srcset=\"https:\/\/i0.wp.com\/www.parrinst.com\/de\/wp-content\/uploads\/sites\/6\/2019\/08\/Cyclonic-Cutaway5400-pg10.png?w=1066&amp;ssl=1 1066w, https:\/\/i0.wp.com\/www.parrinst.com\/de\/wp-content\/uploads\/sites\/6\/2019\/08\/Cyclonic-Cutaway5400-pg10.png?resize=90%2C150&amp;ssl=1 90w, https:\/\/i0.wp.com\/www.parrinst.com\/de\/wp-content\/uploads\/sites\/6\/2019\/08\/Cyclonic-Cutaway5400-pg10.png?resize=180%2C300&amp;ssl=1 180w, https:\/\/i0.wp.com\/www.parrinst.com\/de\/wp-content\/uploads\/sites\/6\/2019\/08\/Cyclonic-Cutaway5400-pg10.png?resize=614%2C1024&amp;ssl=1 614w\" sizes=\"auto, (max-width: 180px) 100vw, 180px\" itemprop=\"thumbnail\" \/><\/a><\/div>\n\t\t\t\t\t<\/figure>\n\t\t\t\t<\/div>\n\t\t\t\t<div class='gallery-row gallery-col-2 gallery-clear'>\n\t\t\t\t\t<figure class='gallery-item col-2' itemprop='associatedMedia' itemscope itemtype='http:\/\/schema.org\/ImageObject'>\n\t\t\t\t\t\t<div class='gallery-icon portrait'><a href=\"https:\/\/i0.wp.com\/www.parrinst.com\/de\/wp-content\/uploads\/sites\/6\/2025\/04\/Fluidized-Bed_Cutawayp11.png?ssl=1\" itemprop=\"contentURL\"><img loading=\"lazy\" decoding=\"async\" width=\"121\" height=\"300\" src=\"https:\/\/i0.wp.com\/www.parrinst.com\/de\/wp-content\/uploads\/sites\/6\/2025\/04\/Fluidized-Bed_Cutawayp11.png?fit=121%2C300&amp;ssl=1\" class=\"attachment-medium size-medium\" alt=\"Schnittzeichnung des Wirbelschichtreaktors\" srcset=\"https:\/\/i0.wp.com\/www.parrinst.com\/de\/wp-content\/uploads\/sites\/6\/2025\/04\/Fluidized-Bed_Cutawayp11.png?w=785&amp;ssl=1 785w, https:\/\/i0.wp.com\/www.parrinst.com\/de\/wp-content\/uploads\/sites\/6\/2025\/04\/Fluidized-Bed_Cutawayp11.png?resize=121%2C300&amp;ssl=1 121w, https:\/\/i0.wp.com\/www.parrinst.com\/de\/wp-content\/uploads\/sites\/6\/2025\/04\/Fluidized-Bed_Cutawayp11.png?resize=411%2C1024&amp;ssl=1 411w, https:\/\/i0.wp.com\/www.parrinst.com\/de\/wp-content\/uploads\/sites\/6\/2025\/04\/Fluidized-Bed_Cutawayp11.png?resize=60%2C150&amp;ssl=1 60w, https:\/\/i0.wp.com\/www.parrinst.com\/de\/wp-content\/uploads\/sites\/6\/2025\/04\/Fluidized-Bed_Cutawayp11.png?resize=617%2C1536&amp;ssl=1 617w\" sizes=\"auto, (max-width: 121px) 100vw, 121px\" itemprop=\"thumbnail\" \/><\/a><\/div>\n\t\t\t\t\t<\/figure>\n\t\t\t<\/div>\n\t\t\t<\/div><!-- .gallery -->\n\n<p>Das auf dieser Seite abgebildete Reaktorsystem beinhaltet die folgenden Hauptkomponenten:<\/p>\n<ul>\n<li>Ein Gas- und Mischsubsystem zum Mischen und Regeln des Gasflusses zum Reaktorboden.<\/li>\n<li>Der untere Teil des Reaktors enth\u00e4lt eine por\u00f6se Gasdiffusionsplatte aus Metall, die leicht entfernt werden kann. Der obere Teil des Reaktors dehnt sich aus und bildet eine Entspannungszone f\u00fcr die verfl\u00fcssigten Feststoffe. Sowohl f\u00fcr den Hauptreaktor als auch f\u00fcr die Entspannungszone sind separate Heizger\u00e4te vorgesehen.<\/li>\n<li>Zur \u00dcberwachung der Temperaturverteilung im Reaktorinneren ist ein bewegliches Thermoelement in einer Thermowelle vorgesehen.<\/li>\n<li>Optional k\u00f6nnen interne Leitbleche eingebaut werden.<\/li>\n<li>Ein Differenzdruckwandler, der den Druckabfall \u00fcber oder innerhalb des Betts messen kann.<\/li>\n<li>Direkt unter dem Reaktor befindet sich ein beheizter Zyklonabscheider oder Filter, um die fein verteilten Partikel aufzufangen.<\/li>\n<li>Die Reaktionsprodukte werden dann in einem Kondensator gek\u00fchlt und in einem Druckbeh\u00e4lter gesammelt.<\/li>\n<li>Der Systemdruck kann durch einen optionalen automatisierten, kuppelbelasteten Gegendruckregler aufrechterhalten werden.<\/li>\n<li>Alle Systemfunktionen und -parameter werden mithilfe des <a href=\"https:\/\/www.parrinst.com\/de\/products\/controllers\/4871-process-controller\/\">4871-Prozesscontrollers<\/a> (nicht dargestellt) angezeigt und gesteuert.<\/li>\n<\/ul>\n","protected":false},"excerpt":{"rendered":"<p>Das auf dieser Seite abgebildete Reaktorsystem beinhaltet die folgenden Hauptkomponenten: Ein Gas- und Mischsubsystem zum Mischen und Regeln des Gasflusses zum Reaktorboden. Der untere Teil des Reaktors enth\u00e4lt eine por\u00f6se Gasdiffusionsplatte aus Metall, die leicht entfernt werden kann. Der obere Teil des Reaktors dehnt sich aus und bildet eine Entspannungszone f\u00fcr die verfl\u00fcssigten Feststoffe. Sowohl [&hellip;]<\/p>\n","protected":false},"author":2,"featured_media":37710,"parent":242,"menu_order":2,"comment_status":"closed","ping_status":"closed","template":"product-narrow.php","meta":{"_acf_changed":false,"footnotes":"","_links_to":"","_links_to_target":""},"class_list":["post-5988","page","type-page","status-publish","has-post-thumbnail","hentry"],"acf":[],"yoast_head":"<!-- This site is optimized with the Yoast SEO plugin v27.4 - https:\/\/yoast.com\/product\/yoast-seo-wordpress\/ -->\n<title>Spezifikation - Parr Instrument GmbH<\/title>\n<meta name=\"robots\" content=\"index, follow, max-snippet:-1, max-image-preview:large, max-video-preview:-1\" \/>\n<link rel=\"canonical\" href=\"https:\/\/www.parrinst.com\/de\/products\/tubular-reactor-systems\/fluidized-bed-reactors\/specifications\/\" \/>\n<meta property=\"og:locale\" content=\"en_US\" \/>\n<meta property=\"og:type\" content=\"article\" \/>\n<meta property=\"og:title\" content=\"Spezifikation - Parr Instrument GmbH\" \/>\n<meta property=\"og:description\" content=\"Das auf dieser Seite abgebildete Reaktorsystem beinhaltet die folgenden Hauptkomponenten: Ein Gas- und Mischsubsystem zum Mischen und Regeln des Gasflusses zum Reaktorboden. Der untere Teil des Reaktors enth\u00e4lt eine por\u00f6se Gasdiffusionsplatte aus Metall, die leicht entfernt werden kann. Der obere Teil des Reaktors dehnt sich aus und bildet eine Entspannungszone f\u00fcr die verfl\u00fcssigten Feststoffe. Sowohl [&hellip;]\" \/>\n<meta property=\"og:url\" content=\"https:\/\/www.parrinst.com\/de\/products\/tubular-reactor-systems\/fluidized-bed-reactors\/specifications\/\" \/>\n<meta property=\"og:site_name\" content=\"Parr Instrument GmbH\" \/>\n<meta property=\"article:modified_time\" content=\"2025-04-28T20:13:36+00:00\" \/>\n<meta property=\"og:image\" content=\"https:\/\/www.parrinst.com\/de\/files\/2018\/01\/parr_banner_tubular_secondary.jpg\" \/>\n\t<meta property=\"og:image:width\" content=\"2200\" \/>\n\t<meta property=\"og:image:height\" content=\"399\" \/>\n\t<meta property=\"og:image:type\" content=\"image\/jpeg\" \/>\n<meta name=\"twitter:card\" content=\"summary_large_image\" \/>\n<meta name=\"twitter:label1\" content=\"Est. reading time\" \/>\n\t<meta name=\"twitter:data1\" content=\"1 minute\" \/>\n<script type=\"application\/ld+json\" class=\"yoast-schema-graph\">{\"@context\":\"https:\\\/\\\/schema.org\",\"@graph\":[{\"@type\":\"WebPage\",\"@id\":\"https:\\\/\\\/www.parrinst.com\\\/de\\\/products\\\/tubular-reactor-systems\\\/fluidized-bed-reactors\\\/specifications\\\/\",\"url\":\"https:\\\/\\\/www.parrinst.com\\\/de\\\/products\\\/tubular-reactor-systems\\\/fluidized-bed-reactors\\\/specifications\\\/\",\"name\":\"Spezifikation - Parr Instrument GmbH\",\"isPartOf\":{\"@id\":\"https:\\\/\\\/www.parrinst.com\\\/de\\\/#website\"},\"primaryImageOfPage\":{\"@id\":\"https:\\\/\\\/www.parrinst.com\\\/de\\\/products\\\/tubular-reactor-systems\\\/fluidized-bed-reactors\\\/specifications\\\/#primaryimage\"},\"image\":{\"@id\":\"https:\\\/\\\/www.parrinst.com\\\/de\\\/products\\\/tubular-reactor-systems\\\/fluidized-bed-reactors\\\/specifications\\\/#primaryimage\"},\"thumbnailUrl\":\"https:\\\/\\\/i0.wp.com\\\/www.parrinst.com\\\/de\\\/wp-content\\\/uploads\\\/sites\\\/6\\\/2018\\\/01\\\/parr_banner_tubular_secondary.jpg?fit=2200%2C399&ssl=1\",\"datePublished\":\"2011-08-09T15:08:52+00:00\",\"dateModified\":\"2025-04-28T20:13:36+00:00\",\"breadcrumb\":{\"@id\":\"https:\\\/\\\/www.parrinst.com\\\/de\\\/products\\\/tubular-reactor-systems\\\/fluidized-bed-reactors\\\/specifications\\\/#breadcrumb\"},\"inLanguage\":\"en-US\",\"potentialAction\":[{\"@type\":\"ReadAction\",\"target\":[\"https:\\\/\\\/www.parrinst.com\\\/de\\\/products\\\/tubular-reactor-systems\\\/fluidized-bed-reactors\\\/specifications\\\/\"]}]},{\"@type\":\"ImageObject\",\"inLanguage\":\"en-US\",\"@id\":\"https:\\\/\\\/www.parrinst.com\\\/de\\\/products\\\/tubular-reactor-systems\\\/fluidized-bed-reactors\\\/specifications\\\/#primaryimage\",\"url\":\"https:\\\/\\\/i0.wp.com\\\/www.parrinst.com\\\/de\\\/wp-content\\\/uploads\\\/sites\\\/6\\\/2018\\\/01\\\/parr_banner_tubular_secondary.jpg?fit=2200%2C399&ssl=1\",\"contentUrl\":\"https:\\\/\\\/i0.wp.com\\\/www.parrinst.com\\\/de\\\/wp-content\\\/uploads\\\/sites\\\/6\\\/2018\\\/01\\\/parr_banner_tubular_secondary.jpg?fit=2200%2C399&ssl=1\",\"width\":2200,\"height\":399},{\"@type\":\"BreadcrumbList\",\"@id\":\"https:\\\/\\\/www.parrinst.com\\\/de\\\/products\\\/tubular-reactor-systems\\\/fluidized-bed-reactors\\\/specifications\\\/#breadcrumb\",\"itemListElement\":[{\"@type\":\"ListItem\",\"position\":1,\"name\":\"Home\",\"item\":\"https:\\\/\\\/www.parrinst.com\\\/de\\\/\"},{\"@type\":\"ListItem\",\"position\":2,\"name\":\"Products\",\"item\":\"https:\\\/\\\/www.parrinst.com\\\/de\\\/products\\\/\"},{\"@type\":\"ListItem\",\"position\":3,\"name\":\"Tubular Reactor Systems\",\"item\":\"https:\\\/\\\/www.parrinst.com\\\/de\\\/products\\\/tubular-reactor-systems\\\/\"},{\"@type\":\"ListItem\",\"position\":4,\"name\":\"5410 Wirbelschichtreaktoren\",\"item\":\"https:\\\/\\\/www.parrinst.com\\\/de\\\/products\\\/tubular-reactor-systems\\\/fluidized-bed-reactors\\\/\"},{\"@type\":\"ListItem\",\"position\":5,\"name\":\"Spezifikation\"}]},{\"@type\":\"WebSite\",\"@id\":\"https:\\\/\\\/www.parrinst.com\\\/de\\\/#website\",\"url\":\"https:\\\/\\\/www.parrinst.com\\\/de\\\/\",\"name\":\"Parr Instrument GmbH\",\"description\":\"\",\"potentialAction\":[{\"@type\":\"SearchAction\",\"target\":{\"@type\":\"EntryPoint\",\"urlTemplate\":\"https:\\\/\\\/www.parrinst.com\\\/de\\\/?s={search_term_string}\"},\"query-input\":{\"@type\":\"PropertyValueSpecification\",\"valueRequired\":true,\"valueName\":\"search_term_string\"}}],\"inLanguage\":\"en-US\"}]}<\/script>\n<!-- \/ Yoast SEO plugin. -->","yoast_head_json":{"title":"Spezifikation - Parr Instrument GmbH","robots":{"index":"index","follow":"follow","max-snippet":"max-snippet:-1","max-image-preview":"max-image-preview:large","max-video-preview":"max-video-preview:-1"},"canonical":"https:\/\/www.parrinst.com\/de\/products\/tubular-reactor-systems\/fluidized-bed-reactors\/specifications\/","og_locale":"en_US","og_type":"article","og_title":"Spezifikation - Parr Instrument GmbH","og_description":"Das auf dieser Seite abgebildete Reaktorsystem beinhaltet die folgenden Hauptkomponenten: Ein Gas- und Mischsubsystem zum Mischen und Regeln des Gasflusses zum Reaktorboden. Der untere Teil des Reaktors enth\u00e4lt eine por\u00f6se Gasdiffusionsplatte aus Metall, die leicht entfernt werden kann. Der obere Teil des Reaktors dehnt sich aus und bildet eine Entspannungszone f\u00fcr die verfl\u00fcssigten Feststoffe. Sowohl [&hellip;]","og_url":"https:\/\/www.parrinst.com\/de\/products\/tubular-reactor-systems\/fluidized-bed-reactors\/specifications\/","og_site_name":"Parr Instrument GmbH","article_modified_time":"2025-04-28T20:13:36+00:00","og_image":[{"width":2200,"height":399,"url":"https:\/\/www.parrinst.com\/de\/files\/2018\/01\/parr_banner_tubular_secondary.jpg","type":"image\/jpeg"}],"twitter_card":"summary_large_image","twitter_misc":{"Est. reading time":"1 minute"},"schema":{"@context":"https:\/\/schema.org","@graph":[{"@type":"WebPage","@id":"https:\/\/www.parrinst.com\/de\/products\/tubular-reactor-systems\/fluidized-bed-reactors\/specifications\/","url":"https:\/\/www.parrinst.com\/de\/products\/tubular-reactor-systems\/fluidized-bed-reactors\/specifications\/","name":"Spezifikation - Parr Instrument GmbH","isPartOf":{"@id":"https:\/\/www.parrinst.com\/de\/#website"},"primaryImageOfPage":{"@id":"https:\/\/www.parrinst.com\/de\/products\/tubular-reactor-systems\/fluidized-bed-reactors\/specifications\/#primaryimage"},"image":{"@id":"https:\/\/www.parrinst.com\/de\/products\/tubular-reactor-systems\/fluidized-bed-reactors\/specifications\/#primaryimage"},"thumbnailUrl":"https:\/\/i0.wp.com\/www.parrinst.com\/de\/wp-content\/uploads\/sites\/6\/2018\/01\/parr_banner_tubular_secondary.jpg?fit=2200%2C399&ssl=1","datePublished":"2011-08-09T15:08:52+00:00","dateModified":"2025-04-28T20:13:36+00:00","breadcrumb":{"@id":"https:\/\/www.parrinst.com\/de\/products\/tubular-reactor-systems\/fluidized-bed-reactors\/specifications\/#breadcrumb"},"inLanguage":"en-US","potentialAction":[{"@type":"ReadAction","target":["https:\/\/www.parrinst.com\/de\/products\/tubular-reactor-systems\/fluidized-bed-reactors\/specifications\/"]}]},{"@type":"ImageObject","inLanguage":"en-US","@id":"https:\/\/www.parrinst.com\/de\/products\/tubular-reactor-systems\/fluidized-bed-reactors\/specifications\/#primaryimage","url":"https:\/\/i0.wp.com\/www.parrinst.com\/de\/wp-content\/uploads\/sites\/6\/2018\/01\/parr_banner_tubular_secondary.jpg?fit=2200%2C399&ssl=1","contentUrl":"https:\/\/i0.wp.com\/www.parrinst.com\/de\/wp-content\/uploads\/sites\/6\/2018\/01\/parr_banner_tubular_secondary.jpg?fit=2200%2C399&ssl=1","width":2200,"height":399},{"@type":"BreadcrumbList","@id":"https:\/\/www.parrinst.com\/de\/products\/tubular-reactor-systems\/fluidized-bed-reactors\/specifications\/#breadcrumb","itemListElement":[{"@type":"ListItem","position":1,"name":"Home","item":"https:\/\/www.parrinst.com\/de\/"},{"@type":"ListItem","position":2,"name":"Products","item":"https:\/\/www.parrinst.com\/de\/products\/"},{"@type":"ListItem","position":3,"name":"Tubular Reactor Systems","item":"https:\/\/www.parrinst.com\/de\/products\/tubular-reactor-systems\/"},{"@type":"ListItem","position":4,"name":"5410 Wirbelschichtreaktoren","item":"https:\/\/www.parrinst.com\/de\/products\/tubular-reactor-systems\/fluidized-bed-reactors\/"},{"@type":"ListItem","position":5,"name":"Spezifikation"}]},{"@type":"WebSite","@id":"https:\/\/www.parrinst.com\/de\/#website","url":"https:\/\/www.parrinst.com\/de\/","name":"Parr Instrument GmbH","description":"","potentialAction":[{"@type":"SearchAction","target":{"@type":"EntryPoint","urlTemplate":"https:\/\/www.parrinst.com\/de\/?s={search_term_string}"},"query-input":{"@type":"PropertyValueSpecification","valueRequired":true,"valueName":"search_term_string"}}],"inLanguage":"en-US"}]}},"jetpack_sharing_enabled":true,"_links":{"self":[{"href":"https:\/\/www.parrinst.com\/de\/wp-json\/wp\/v2\/pages\/5988","targetHints":{"allow":["GET"]}}],"collection":[{"href":"https:\/\/www.parrinst.com\/de\/wp-json\/wp\/v2\/pages"}],"about":[{"href":"https:\/\/www.parrinst.com\/de\/wp-json\/wp\/v2\/types\/page"}],"author":[{"embeddable":true,"href":"https:\/\/www.parrinst.com\/de\/wp-json\/wp\/v2\/users\/2"}],"replies":[{"embeddable":true,"href":"https:\/\/www.parrinst.com\/de\/wp-json\/wp\/v2\/comments?post=5988"}],"version-history":[{"count":8,"href":"https:\/\/www.parrinst.com\/de\/wp-json\/wp\/v2\/pages\/5988\/revisions"}],"predecessor-version":[{"id":41567,"href":"https:\/\/www.parrinst.com\/de\/wp-json\/wp\/v2\/pages\/5988\/revisions\/41567"}],"up":[{"embeddable":true,"href":"https:\/\/www.parrinst.com\/de\/wp-json\/wp\/v2\/pages\/242"}],"wp:featuredmedia":[{"embeddable":true,"href":"https:\/\/www.parrinst.com\/de\/wp-json\/wp\/v2\/media\/37710"}],"wp:attachment":[{"href":"https:\/\/www.parrinst.com\/de\/wp-json\/wp\/v2\/media?parent=5988"}],"curies":[{"name":"wp","href":"https:\/\/api.w.org\/{rel}","templated":true}]}}