{"id":694,"date":"2011-05-04T18:35:56","date_gmt":"2011-05-04T23:35:56","guid":{"rendered":"https:\/\/www.parrinst.com\/?page_id=694"},"modified":"2016-07-27T18:01:52","modified_gmt":"2016-07-27T16:01:52","slug":"design-features","status":"publish","type":"page","link":"https:\/\/www.parrinst.com\/de\/products\/sample-preparation\/acid-digestion\/design-features\/","title":{"rendered":"Design Features"},"content":{"rendered":"<h2>Metallmantel und Mikrowellenausf\u00fchrung<\/h2>\n\n\t\t\t<div id='694-1' class='gallery gallery-694 gallery-columns-1 gallery-size-medium' itemscope itemtype='http:\/\/schema.org\/ImageGallery'>\n\t\t\t\t<div class='gallery-row gallery-col-1 gallery-clear'>\n\t\t\t\t\t<figure class='gallery-item col-1' itemprop='associatedMedia' itemscope itemtype='http:\/\/schema.org\/ImageObject'>\n\t\t\t\t\t\t<div class='gallery-icon portrait'><a href=\"https:\/\/i0.wp.com\/www.parrinst.com\/de\/wp-content\/uploads\/sites\/6\/2011\/05\/4749_Acid-Digestion_23mL-GP_CrossSection.png?ssl=1\" itemprop=\"contentURL\"><img loading=\"lazy\" decoding=\"async\" width=\"230\" height=\"300\" src=\"https:\/\/i0.wp.com\/www.parrinst.com\/de\/wp-content\/uploads\/sites\/6\/2011\/05\/4749_Acid-Digestion_23mL-GP_CrossSection.png?fit=230%2C300&amp;ssl=1\" class=\"attachment-medium size-medium\" alt=\"4749 Acid Digestion Vessel with A280AC PTFE Liner and Flanged Closure\" srcset=\"https:\/\/i0.wp.com\/www.parrinst.com\/de\/wp-content\/uploads\/sites\/6\/2011\/05\/4749_Acid-Digestion_23mL-GP_CrossSection.png?w=513&amp;ssl=1 513w, https:\/\/i0.wp.com\/www.parrinst.com\/de\/wp-content\/uploads\/sites\/6\/2011\/05\/4749_Acid-Digestion_23mL-GP_CrossSection.png?resize=230%2C300&amp;ssl=1 230w\" sizes=\"auto, (max-width: 230px) 100vw, 230px\" itemprop=\"thumbnail\" \/><\/a><\/div>\n\t\t\t\t\t<\/figure>\n\t\t\t\t<\/div>\n\t\t\t\t<div class='gallery-row gallery-col-1 gallery-clear'>\n\t\t\t\t\t<figure class='gallery-item col-1' itemprop='associatedMedia' itemscope itemtype='http:\/\/schema.org\/ImageObject'>\n\t\t\t\t\t\t<div class='gallery-icon portrait'><a href=\"https:\/\/i0.wp.com\/www.parrinst.com\/de\/wp-content\/uploads\/sites\/6\/2011\/05\/4745_Acid-Digestion_23mL-GP_CrossSection.png?ssl=1\" itemprop=\"contentURL\"><img loading=\"lazy\" decoding=\"async\" width=\"211\" height=\"300\" src=\"https:\/\/i0.wp.com\/www.parrinst.com\/de\/wp-content\/uploads\/sites\/6\/2011\/05\/4745_Acid-Digestion_23mL-GP_CrossSection.png?fit=211%2C300&amp;ssl=1\" class=\"attachment-medium size-medium\" alt=\"4745 Acid Digestion Vessel with A255AC PTFE Liner and long, tapered closure\" srcset=\"https:\/\/i0.wp.com\/www.parrinst.com\/de\/wp-content\/uploads\/sites\/6\/2011\/05\/4745_Acid-Digestion_23mL-GP_CrossSection.png?w=480&amp;ssl=1 480w, https:\/\/i0.wp.com\/www.parrinst.com\/de\/wp-content\/uploads\/sites\/6\/2011\/05\/4745_Acid-Digestion_23mL-GP_CrossSection.png?resize=211%2C300&amp;ssl=1 211w\" sizes=\"auto, (max-width: 211px) 100vw, 211px\" itemprop=\"thumbnail\" \/><\/a><\/div>\n\t\t\t\t\t<\/figure>\n\t\t\t\t<\/div>\n\t\t\t<\/div><!-- .gallery -->\n\n<p><strong>Die S\u00e4ureaufschlussgef\u00e4\u00dfe mit PTFE-Eins\u00e4tzen<\/strong> werden in zwei verschiedenen Varianten hergestellt: Die Produktlinie mit Metallmantel kann in \u00d6fen, Sand-, \u00d6l- oder Wasserbad und anderen konventionellen Methoden erhitzt werden, die neue Linie der Aufschlussgef\u00e4\u00dfe hingegen wurde speziell f\u00fcr das rasche Aufheizen in Mikrowellen\u00f6fen entwickelt. Beide Varianten sind in verschiedenen Gr\u00f6\u00dfen erh\u00e4ltlich und bieten eine gro\u00dfe Bandbreite an Gef\u00e4\u00dfen von wirtschaftlichen Modellen f\u00fcr Routinetests bis hin zu massiven Varianten f\u00fcr die Verwendung unter extremen Bedingungen oder mit potentiell gef\u00e4hrlichen Proben. Jedes dieser Gef\u00e4\u00dfe hat einen dickwandigen PTFE-Einsatz, welcher die F\u00fcllung vollst\u00e4ndig vom Geh\u00e4use isoliert. Diese Eins\u00e4tze k\u00f6nnen zur Vermeidung jeglichen Kontakts von S\u00e4ure mit den Metallteilen heraus genommen und au\u00dferhalb des Gef\u00e4\u00dfes bef\u00fcllt oder entleert werden. Sie k\u00f6nnen auch ausgetauscht werden, falls sie einmal besch\u00e4digt oder verunreinigt bzw. kontaminiert werden.<\/p>\n<h4><a title=\"The Nature of PTFE\" href=\"https:\/\/www.parrinst.com\/de\/products\/sample-preparation\/acid-digestion\/design-features\/the-nature-of-ptfe\/\">Eigenschaften des Teflon<\/a><\/h4>\n<p>&nbsp;<\/p>\n<h4>Einzigartiger Verschluss<\/h4>\n<p>Die S\u00e4ureaufschlussbeh\u00e4lter von Parr werden mit Hilfe verschiedener Konstruktionsprinzipien w\u00e4hrend fortlaufender Heiz- und K\u00fchldurchg\u00e4nge, bei denen konventionelle Dichtungen versagen w\u00fcrden, dicht verschlossen gehalten. Eine dieser Konstruktionen verwendet einen konischen Verschluss zwischen dem PTFE-Einsatz und der Verschlusskappe mit einer ungew\u00f6hnlich gro\u00dfen Dichtfl\u00e4che, die darauf abzielt, selbstabdichtend zu sein. Dieser lange Weg minimiert au\u00dferdem die M\u00f6glichkeit, dass S\u00e4ure durch die Verbindung dringt. Beh\u00e4lter mit dieser Ausf\u00fchrung werden abgedichtet, indem eine ger\u00e4ndelte Kappe von Hand aufgeschraubt wird. F\u00fcr Anwendungen mit h\u00f6heren Temperaturen und Dr\u00fccken werden die PTFE-Liner mit einem breiten Flansch ausgef\u00fchrt. In diesem Fall werden die Beh\u00e4lterkappen dann entweder mit einer Spannvorrichtung abgedichtet oder es werden \u00dcberwurfschrauben dazu verwendet, die entsprechende Dichtkraft aufzubringen. Der dichte Verschluss bei PTFE-Eins\u00e4tzen in Mikrowellenbomben von Parr wird ebenfalls durch einen selbstabdichtenden O-Ring aus PTFE erreicht.<\/p>\n<h4>Federvorgespannte Dichtung<\/h4>\n<p>Weil das PTFE des Einsatzes einen gr\u00f6\u00dferen W\u00e4rmeausdehnungskoeffizienten hat als das umgebende Material, wird sich der Einsatz bei Erhitzung oder Abk\u00fchlung der Bombe st\u00e4rker ausdehnen und zusammenziehen als die Umgebung. Um diesen Unterschied zu kompensieren und die PTFE-Dichtung unter konstantem Druck zu halten, verf\u00fcgen alle S\u00e4ureaufschlussbeh\u00e4lter von Parr \u00fcber eine Federvorspannung, die den Druck w\u00e4hrend des ganzen Ablaufs aufrecht h\u00e4lt, insbesondere beim Abk\u00fchlen zur Vermeidung von Leckagen.<\/p>\n<h4>Berstscheiben<\/h4>\n<p>Die meisten Parr S\u00e4ureaufschlussbeh\u00e4lter werden mit Berstscheiben ausgestattet, um die Bombe und den Nutzer vor den Gefahren von unerwarteten oder gef\u00e4hrlich hohen Innendr\u00fccken zu sch\u00fctzen. Der Berstdruck in jeder Installation wird durch eine zerbrechliche Metallscheibe bestimmt, die als Sandwich-Konstruktion mit einer inneren Scheibe zum Schutz vor korrosiven Materialien ausgef\u00fchrt wird.<\/p>\n","protected":false},"excerpt":{"rendered":"<p>Metallmantel und Mikrowellenausf\u00fchrung Die S\u00e4ureaufschlussgef\u00e4\u00dfe mit PTFE-Eins\u00e4tzen werden in zwei verschiedenen Varianten hergestellt: Die Produktlinie mit Metallmantel kann in \u00d6fen, Sand-, \u00d6l- oder Wasserbad und anderen konventionellen Methoden erhitzt werden, die neue Linie der Aufschlussgef\u00e4\u00dfe hingegen wurde speziell f\u00fcr das rasche Aufheizen in Mikrowellen\u00f6fen entwickelt. Beide Varianten sind in verschiedenen Gr\u00f6\u00dfen erh\u00e4ltlich und bieten eine [&hellip;]<\/p>\n","protected":false},"author":1,"featured_media":37714,"parent":292,"menu_order":2,"comment_status":"closed","ping_status":"closed","template":"general-tabs.php","meta":{"_acf_changed":false,"footnotes":"","_links_to":"","_links_to_target":""},"class_list":["post-694","page","type-page","status-publish","has-post-thumbnail","hentry"],"acf":[],"yoast_head":"<!-- This site is optimized with the Yoast SEO plugin v27.4 - https:\/\/yoast.com\/product\/yoast-seo-wordpress\/ -->\n<title>Design Features - Parr Instrument GmbH<\/title>\n<meta name=\"robots\" content=\"index, follow, max-snippet:-1, max-image-preview:large, max-video-preview:-1\" \/>\n<link rel=\"canonical\" href=\"https:\/\/www.parrinst.com\/de\/products\/sample-preparation\/acid-digestion\/design-features\/\" \/>\n<meta property=\"og:locale\" content=\"en_US\" \/>\n<meta property=\"og:type\" content=\"article\" \/>\n<meta property=\"og:title\" content=\"Design Features - Parr Instrument GmbH\" \/>\n<meta property=\"og:description\" content=\"Metallmantel und Mikrowellenausf\u00fchrung Die S\u00e4ureaufschlussgef\u00e4\u00dfe mit PTFE-Eins\u00e4tzen werden in zwei verschiedenen Varianten hergestellt: Die Produktlinie mit Metallmantel kann in \u00d6fen, Sand-, \u00d6l- oder Wasserbad und anderen konventionellen Methoden erhitzt werden, die neue Linie der Aufschlussgef\u00e4\u00dfe hingegen wurde speziell f\u00fcr das rasche Aufheizen in Mikrowellen\u00f6fen entwickelt. Beide Varianten sind in verschiedenen Gr\u00f6\u00dfen erh\u00e4ltlich und bieten eine [&hellip;]\" \/>\n<meta property=\"og:url\" content=\"https:\/\/www.parrinst.com\/de\/products\/sample-preparation\/acid-digestion\/design-features\/\" \/>\n<meta property=\"og:site_name\" content=\"Parr Instrument GmbH\" \/>\n<meta property=\"article:modified_time\" content=\"2016-07-27T16:01:52+00:00\" \/>\n<meta property=\"og:image\" content=\"https:\/\/www.parrinst.com\/de\/files\/2018\/01\/parr_banner_sample-prep_secondary-1.jpg\" \/>\n\t<meta property=\"og:image:width\" content=\"2200\" \/>\n\t<meta property=\"og:image:height\" content=\"399\" \/>\n\t<meta property=\"og:image:type\" content=\"image\/jpeg\" \/>\n<meta name=\"twitter:card\" content=\"summary_large_image\" \/>\n<meta name=\"twitter:label1\" content=\"Est. reading time\" \/>\n\t<meta name=\"twitter:data1\" content=\"2 minutes\" \/>\n<script type=\"application\/ld+json\" class=\"yoast-schema-graph\">{\"@context\":\"https:\\\/\\\/schema.org\",\"@graph\":[{\"@type\":\"WebPage\",\"@id\":\"https:\\\/\\\/www.parrinst.com\\\/de\\\/products\\\/sample-preparation\\\/acid-digestion\\\/design-features\\\/\",\"url\":\"https:\\\/\\\/www.parrinst.com\\\/de\\\/products\\\/sample-preparation\\\/acid-digestion\\\/design-features\\\/\",\"name\":\"Design Features - Parr Instrument GmbH\",\"isPartOf\":{\"@id\":\"https:\\\/\\\/www.parrinst.com\\\/de\\\/#website\"},\"primaryImageOfPage\":{\"@id\":\"https:\\\/\\\/www.parrinst.com\\\/de\\\/products\\\/sample-preparation\\\/acid-digestion\\\/design-features\\\/#primaryimage\"},\"image\":{\"@id\":\"https:\\\/\\\/www.parrinst.com\\\/de\\\/products\\\/sample-preparation\\\/acid-digestion\\\/design-features\\\/#primaryimage\"},\"thumbnailUrl\":\"https:\\\/\\\/i0.wp.com\\\/www.parrinst.com\\\/de\\\/wp-content\\\/uploads\\\/sites\\\/6\\\/2018\\\/01\\\/parr_banner_sample-prep_secondary-1.jpg?fit=2200%2C399&ssl=1\",\"datePublished\":\"2011-05-04T23:35:56+00:00\",\"dateModified\":\"2016-07-27T16:01:52+00:00\",\"breadcrumb\":{\"@id\":\"https:\\\/\\\/www.parrinst.com\\\/de\\\/products\\\/sample-preparation\\\/acid-digestion\\\/design-features\\\/#breadcrumb\"},\"inLanguage\":\"en-US\",\"potentialAction\":[{\"@type\":\"ReadAction\",\"target\":[\"https:\\\/\\\/www.parrinst.com\\\/de\\\/products\\\/sample-preparation\\\/acid-digestion\\\/design-features\\\/\"]}]},{\"@type\":\"ImageObject\",\"inLanguage\":\"en-US\",\"@id\":\"https:\\\/\\\/www.parrinst.com\\\/de\\\/products\\\/sample-preparation\\\/acid-digestion\\\/design-features\\\/#primaryimage\",\"url\":\"https:\\\/\\\/i0.wp.com\\\/www.parrinst.com\\\/de\\\/wp-content\\\/uploads\\\/sites\\\/6\\\/2018\\\/01\\\/parr_banner_sample-prep_secondary-1.jpg?fit=2200%2C399&ssl=1\",\"contentUrl\":\"https:\\\/\\\/i0.wp.com\\\/www.parrinst.com\\\/de\\\/wp-content\\\/uploads\\\/sites\\\/6\\\/2018\\\/01\\\/parr_banner_sample-prep_secondary-1.jpg?fit=2200%2C399&ssl=1\",\"width\":2200,\"height\":399},{\"@type\":\"BreadcrumbList\",\"@id\":\"https:\\\/\\\/www.parrinst.com\\\/de\\\/products\\\/sample-preparation\\\/acid-digestion\\\/design-features\\\/#breadcrumb\",\"itemListElement\":[{\"@type\":\"ListItem\",\"position\":1,\"name\":\"Home\",\"item\":\"https:\\\/\\\/www.parrinst.com\\\/de\\\/\"},{\"@type\":\"ListItem\",\"position\":2,\"name\":\"Products\",\"item\":\"https:\\\/\\\/www.parrinst.com\\\/de\\\/products\\\/\"},{\"@type\":\"ListItem\",\"position\":3,\"name\":\"Sample Preparation\",\"item\":\"https:\\\/\\\/www.parrinst.com\\\/de\\\/products\\\/sample-preparation\\\/\"},{\"@type\":\"ListItem\",\"position\":4,\"name\":\"Acid Digestion\",\"item\":\"https:\\\/\\\/www.parrinst.com\\\/de\\\/products\\\/sample-preparation\\\/acid-digestion\\\/\"},{\"@type\":\"ListItem\",\"position\":5,\"name\":\"Design Features\"}]},{\"@type\":\"WebSite\",\"@id\":\"https:\\\/\\\/www.parrinst.com\\\/de\\\/#website\",\"url\":\"https:\\\/\\\/www.parrinst.com\\\/de\\\/\",\"name\":\"Parr Instrument GmbH\",\"description\":\"\",\"potentialAction\":[{\"@type\":\"SearchAction\",\"target\":{\"@type\":\"EntryPoint\",\"urlTemplate\":\"https:\\\/\\\/www.parrinst.com\\\/de\\\/?s={search_term_string}\"},\"query-input\":{\"@type\":\"PropertyValueSpecification\",\"valueRequired\":true,\"valueName\":\"search_term_string\"}}],\"inLanguage\":\"en-US\"}]}<\/script>\n<!-- \/ Yoast SEO plugin. -->","yoast_head_json":{"title":"Design Features - Parr Instrument GmbH","robots":{"index":"index","follow":"follow","max-snippet":"max-snippet:-1","max-image-preview":"max-image-preview:large","max-video-preview":"max-video-preview:-1"},"canonical":"https:\/\/www.parrinst.com\/de\/products\/sample-preparation\/acid-digestion\/design-features\/","og_locale":"en_US","og_type":"article","og_title":"Design Features - Parr Instrument GmbH","og_description":"Metallmantel und Mikrowellenausf\u00fchrung Die S\u00e4ureaufschlussgef\u00e4\u00dfe mit PTFE-Eins\u00e4tzen werden in zwei verschiedenen Varianten hergestellt: Die Produktlinie mit Metallmantel kann in \u00d6fen, Sand-, \u00d6l- oder Wasserbad und anderen konventionellen Methoden erhitzt werden, die neue Linie der Aufschlussgef\u00e4\u00dfe hingegen wurde speziell f\u00fcr das rasche Aufheizen in Mikrowellen\u00f6fen entwickelt. Beide Varianten sind in verschiedenen Gr\u00f6\u00dfen erh\u00e4ltlich und bieten eine [&hellip;]","og_url":"https:\/\/www.parrinst.com\/de\/products\/sample-preparation\/acid-digestion\/design-features\/","og_site_name":"Parr Instrument GmbH","article_modified_time":"2016-07-27T16:01:52+00:00","og_image":[{"width":2200,"height":399,"url":"https:\/\/www.parrinst.com\/de\/files\/2018\/01\/parr_banner_sample-prep_secondary-1.jpg","type":"image\/jpeg"}],"twitter_card":"summary_large_image","twitter_misc":{"Est. reading time":"2 minutes"},"schema":{"@context":"https:\/\/schema.org","@graph":[{"@type":"WebPage","@id":"https:\/\/www.parrinst.com\/de\/products\/sample-preparation\/acid-digestion\/design-features\/","url":"https:\/\/www.parrinst.com\/de\/products\/sample-preparation\/acid-digestion\/design-features\/","name":"Design Features - Parr Instrument GmbH","isPartOf":{"@id":"https:\/\/www.parrinst.com\/de\/#website"},"primaryImageOfPage":{"@id":"https:\/\/www.parrinst.com\/de\/products\/sample-preparation\/acid-digestion\/design-features\/#primaryimage"},"image":{"@id":"https:\/\/www.parrinst.com\/de\/products\/sample-preparation\/acid-digestion\/design-features\/#primaryimage"},"thumbnailUrl":"https:\/\/i0.wp.com\/www.parrinst.com\/de\/wp-content\/uploads\/sites\/6\/2018\/01\/parr_banner_sample-prep_secondary-1.jpg?fit=2200%2C399&ssl=1","datePublished":"2011-05-04T23:35:56+00:00","dateModified":"2016-07-27T16:01:52+00:00","breadcrumb":{"@id":"https:\/\/www.parrinst.com\/de\/products\/sample-preparation\/acid-digestion\/design-features\/#breadcrumb"},"inLanguage":"en-US","potentialAction":[{"@type":"ReadAction","target":["https:\/\/www.parrinst.com\/de\/products\/sample-preparation\/acid-digestion\/design-features\/"]}]},{"@type":"ImageObject","inLanguage":"en-US","@id":"https:\/\/www.parrinst.com\/de\/products\/sample-preparation\/acid-digestion\/design-features\/#primaryimage","url":"https:\/\/i0.wp.com\/www.parrinst.com\/de\/wp-content\/uploads\/sites\/6\/2018\/01\/parr_banner_sample-prep_secondary-1.jpg?fit=2200%2C399&ssl=1","contentUrl":"https:\/\/i0.wp.com\/www.parrinst.com\/de\/wp-content\/uploads\/sites\/6\/2018\/01\/parr_banner_sample-prep_secondary-1.jpg?fit=2200%2C399&ssl=1","width":2200,"height":399},{"@type":"BreadcrumbList","@id":"https:\/\/www.parrinst.com\/de\/products\/sample-preparation\/acid-digestion\/design-features\/#breadcrumb","itemListElement":[{"@type":"ListItem","position":1,"name":"Home","item":"https:\/\/www.parrinst.com\/de\/"},{"@type":"ListItem","position":2,"name":"Products","item":"https:\/\/www.parrinst.com\/de\/products\/"},{"@type":"ListItem","position":3,"name":"Sample Preparation","item":"https:\/\/www.parrinst.com\/de\/products\/sample-preparation\/"},{"@type":"ListItem","position":4,"name":"Acid Digestion","item":"https:\/\/www.parrinst.com\/de\/products\/sample-preparation\/acid-digestion\/"},{"@type":"ListItem","position":5,"name":"Design Features"}]},{"@type":"WebSite","@id":"https:\/\/www.parrinst.com\/de\/#website","url":"https:\/\/www.parrinst.com\/de\/","name":"Parr Instrument GmbH","description":"","potentialAction":[{"@type":"SearchAction","target":{"@type":"EntryPoint","urlTemplate":"https:\/\/www.parrinst.com\/de\/?s={search_term_string}"},"query-input":{"@type":"PropertyValueSpecification","valueRequired":true,"valueName":"search_term_string"}}],"inLanguage":"en-US"}]}},"jetpack_sharing_enabled":true,"_links":{"self":[{"href":"https:\/\/www.parrinst.com\/de\/wp-json\/wp\/v2\/pages\/694","targetHints":{"allow":["GET"]}}],"collection":[{"href":"https:\/\/www.parrinst.com\/de\/wp-json\/wp\/v2\/pages"}],"about":[{"href":"https:\/\/www.parrinst.com\/de\/wp-json\/wp\/v2\/types\/page"}],"author":[{"embeddable":true,"href":"https:\/\/www.parrinst.com\/de\/wp-json\/wp\/v2\/users\/1"}],"replies":[{"embeddable":true,"href":"https:\/\/www.parrinst.com\/de\/wp-json\/wp\/v2\/comments?post=694"}],"version-history":[{"count":0,"href":"https:\/\/www.parrinst.com\/de\/wp-json\/wp\/v2\/pages\/694\/revisions"}],"up":[{"embeddable":true,"href":"https:\/\/www.parrinst.com\/de\/wp-json\/wp\/v2\/pages\/292"}],"wp:featuredmedia":[{"embeddable":true,"href":"https:\/\/www.parrinst.com\/de\/wp-json\/wp\/v2\/media\/37714"}],"wp:attachment":[{"href":"https:\/\/www.parrinst.com\/de\/wp-json\/wp\/v2\/media?parent=694"}],"curies":[{"name":"wp","href":"https:\/\/api.w.org\/{rel}","templated":true}]}}