{"id":702,"date":"2011-05-04T18:38:14","date_gmt":"2011-05-04T23:38:14","guid":{"rendered":"https:\/\/www.parrinst.com\/?page_id=702"},"modified":"2018-02-06T22:29:33","modified_gmt":"2018-02-06T21:29:33","slug":"general-purpose-acid-digestion-vessel-model-4744-45-ml","status":"publish","type":"page","link":"https:\/\/www.parrinst.com\/de\/products\/sample-preparation\/acid-digestion\/general-purpose-acid-digestion-vessel-model-4744-45-ml\/","title":{"rendered":"Model 4744 General Purpose Acid Digestion Vessel, 45 mL"},"content":{"rendered":"<figure id=\"attachment_2899\" aria-describedby=\"caption-attachment-2899\" style=\"width: 214px\" class=\"wp-caption alignright\"><a href=\"https:\/\/i0.wp.com\/www.parrinst.com\/de\/wp-content\/uploads\/sites\/6\/2011\/06\/4744_Acid-Digestion_45mL-GP.jpg?ssl=1\"><img data-recalc-dims=\"1\" loading=\"lazy\" decoding=\"async\" class=\"size-medium wp-image-2899\" src=\"https:\/\/i0.wp.com\/www.parrinst.com\/de\/wp-content\/uploads\/sites\/6\/2011\/06\/4744_Acid-Digestion_45mL-GP.jpg?resize=214%2C300&#038;ssl=1\" alt=\"4744 General Purpose Acid Digestion Vessel\" width=\"214\" height=\"300\" srcset=\"https:\/\/i0.wp.com\/www.parrinst.com\/de\/wp-content\/uploads\/sites\/6\/2011\/06\/4744_Acid-Digestion_45mL-GP.jpg?resize=214%2C300&amp;ssl=1 214w, https:\/\/i0.wp.com\/www.parrinst.com\/de\/wp-content\/uploads\/sites\/6\/2011\/06\/4744_Acid-Digestion_45mL-GP.jpg?resize=107%2C150&amp;ssl=1 107w, https:\/\/i0.wp.com\/www.parrinst.com\/de\/wp-content\/uploads\/sites\/6\/2011\/06\/4744_Acid-Digestion_45mL-GP.jpg?w=600&amp;ssl=1 600w\" sizes=\"auto, (max-width: 214px) 100vw, 214px\" \/><\/a><figcaption id=\"caption-attachment-2899\" class=\"wp-caption-text\">4744 General Purpose Acid Digestion Vessel<\/figcaption><\/figure>\n<h2>45 ml; 250\u00b0C; 124 bar<\/h2>\n<p>Die 45 ml Modifikation eines S\u00e4ureaufschussgef\u00e4\u00dfes 4749 mit PTFE-Einsatz und urspr\u00fcnglich 23 ml Volumen, sie ist f\u00fcr Nutzer geeignet, die zus\u00e4tzliches Fassungsverm\u00f6gen in diesem beliebten Modell ben\u00f6tigen. Dieser Beh\u00e4lter verf\u00fcgt \u00fcber das gleiche Verschlusssystem wie die 23 ml Variante, nutzt einen \u00e4hnlichen dickwandigen PTFE-Einsatz, hat eine Tiefe von 95 mm und ein breite angeflanschte Dichtung. Eine \u00dcberdrucksicherung wird durch eine entspannungsscheibe realisiert, diese entl\u00e4sst den Druck durch eine \u00d6ffnung in der Verschlusskappe. Die maximal zul\u00e4ssige Arbeitstemperatur von 250\u00b0C und ein Druck von 124 bar sind gleich mit dem Modell 4749. Der Beh\u00e4lter 4744 wird abgedichtet, indem der Schraubverschluss handfest angezogen wird und anschlie\u00dfend mit einem Hakenschl\u00fcssel eine Achtel Umdrehung weiter gedreht wird. Der Schl\u00fcssel und die Haltevorrichtung sind dieselben wie auch beim Gef\u00e4\u00df 4749. Diese Werkzeuge m\u00fcssen jedoch separat bestellt werden.<\/p>\n","protected":false},"excerpt":{"rendered":"<p>45 ml; 250\u00b0C; 124 bar Die 45 ml Modifikation eines S\u00e4ureaufschussgef\u00e4\u00dfes 4749 mit PTFE-Einsatz und urspr\u00fcnglich 23 ml Volumen, sie ist f\u00fcr Nutzer geeignet, die zus\u00e4tzliches Fassungsverm\u00f6gen in diesem beliebten Modell ben\u00f6tigen. Dieser Beh\u00e4lter verf\u00fcgt \u00fcber das gleiche Verschlusssystem wie die 23 ml Variante, nutzt einen \u00e4hnlichen dickwandigen PTFE-Einsatz, hat eine Tiefe von 95 mm [&hellip;]<\/p>\n","protected":false},"author":1,"featured_media":37714,"parent":292,"menu_order":0,"comment_status":"closed","ping_status":"closed","template":"product-narrow.php","meta":{"_acf_changed":false,"footnotes":"","_links_to":"","_links_to_target":""},"class_list":["post-702","page","type-page","status-publish","has-post-thumbnail","hentry"],"acf":[],"yoast_head":"<!-- This site is optimized with the Yoast SEO plugin v27.4 - https:\/\/yoast.com\/product\/yoast-seo-wordpress\/ -->\n<title>Model 4744 General Purpose Acid Digestion Vessel, 45 mL - Parr Instrument GmbH<\/title>\n<meta name=\"robots\" content=\"index, follow, max-snippet:-1, max-image-preview:large, max-video-preview:-1\" \/>\n<link rel=\"canonical\" href=\"https:\/\/www.parrinst.com\/de\/products\/sample-preparation\/acid-digestion\/general-purpose-acid-digestion-vessel-model-4744-45-ml\/\" \/>\n<meta property=\"og:locale\" content=\"en_US\" \/>\n<meta property=\"og:type\" content=\"article\" \/>\n<meta property=\"og:title\" content=\"Model 4744 General Purpose Acid Digestion Vessel, 45 mL - Parr Instrument GmbH\" \/>\n<meta property=\"og:description\" content=\"45 ml; 250\u00b0C; 124 bar Die 45 ml Modifikation eines S\u00e4ureaufschussgef\u00e4\u00dfes 4749 mit PTFE-Einsatz und urspr\u00fcnglich 23 ml Volumen, sie ist f\u00fcr Nutzer geeignet, die zus\u00e4tzliches Fassungsverm\u00f6gen in diesem beliebten Modell ben\u00f6tigen. Dieser Beh\u00e4lter verf\u00fcgt \u00fcber das gleiche Verschlusssystem wie die 23 ml Variante, nutzt einen \u00e4hnlichen dickwandigen PTFE-Einsatz, hat eine Tiefe von 95 mm [&hellip;]\" \/>\n<meta property=\"og:url\" content=\"https:\/\/www.parrinst.com\/de\/products\/sample-preparation\/acid-digestion\/general-purpose-acid-digestion-vessel-model-4744-45-ml\/\" \/>\n<meta property=\"og:site_name\" content=\"Parr Instrument GmbH\" \/>\n<meta property=\"article:modified_time\" content=\"2018-02-06T21:29:33+00:00\" \/>\n<meta property=\"og:image\" content=\"https:\/\/www.parrinst.com\/de\/files\/2018\/01\/parr_banner_sample-prep_secondary-1.jpg\" \/>\n\t<meta property=\"og:image:width\" content=\"2200\" \/>\n\t<meta property=\"og:image:height\" content=\"399\" \/>\n\t<meta property=\"og:image:type\" content=\"image\/jpeg\" \/>\n<meta name=\"twitter:card\" content=\"summary_large_image\" \/>\n<meta name=\"twitter:label1\" content=\"Est. reading time\" \/>\n\t<meta name=\"twitter:data1\" content=\"1 minute\" \/>\n<script type=\"application\/ld+json\" class=\"yoast-schema-graph\">{\"@context\":\"https:\\\/\\\/schema.org\",\"@graph\":[{\"@type\":\"WebPage\",\"@id\":\"https:\\\/\\\/www.parrinst.com\\\/de\\\/products\\\/sample-preparation\\\/acid-digestion\\\/general-purpose-acid-digestion-vessel-model-4744-45-ml\\\/\",\"url\":\"https:\\\/\\\/www.parrinst.com\\\/de\\\/products\\\/sample-preparation\\\/acid-digestion\\\/general-purpose-acid-digestion-vessel-model-4744-45-ml\\\/\",\"name\":\"Model 4744 General Purpose Acid Digestion Vessel, 45 mL - Parr Instrument GmbH\",\"isPartOf\":{\"@id\":\"https:\\\/\\\/www.parrinst.com\\\/de\\\/#website\"},\"primaryImageOfPage\":{\"@id\":\"https:\\\/\\\/www.parrinst.com\\\/de\\\/products\\\/sample-preparation\\\/acid-digestion\\\/general-purpose-acid-digestion-vessel-model-4744-45-ml\\\/#primaryimage\"},\"image\":{\"@id\":\"https:\\\/\\\/www.parrinst.com\\\/de\\\/products\\\/sample-preparation\\\/acid-digestion\\\/general-purpose-acid-digestion-vessel-model-4744-45-ml\\\/#primaryimage\"},\"thumbnailUrl\":\"https:\\\/\\\/i0.wp.com\\\/www.parrinst.com\\\/de\\\/wp-content\\\/uploads\\\/sites\\\/6\\\/2018\\\/01\\\/parr_banner_sample-prep_secondary-1.jpg?fit=2200%2C399&ssl=1\",\"datePublished\":\"2011-05-04T23:38:14+00:00\",\"dateModified\":\"2018-02-06T21:29:33+00:00\",\"breadcrumb\":{\"@id\":\"https:\\\/\\\/www.parrinst.com\\\/de\\\/products\\\/sample-preparation\\\/acid-digestion\\\/general-purpose-acid-digestion-vessel-model-4744-45-ml\\\/#breadcrumb\"},\"inLanguage\":\"en-US\",\"potentialAction\":[{\"@type\":\"ReadAction\",\"target\":[\"https:\\\/\\\/www.parrinst.com\\\/de\\\/products\\\/sample-preparation\\\/acid-digestion\\\/general-purpose-acid-digestion-vessel-model-4744-45-ml\\\/\"]}]},{\"@type\":\"ImageObject\",\"inLanguage\":\"en-US\",\"@id\":\"https:\\\/\\\/www.parrinst.com\\\/de\\\/products\\\/sample-preparation\\\/acid-digestion\\\/general-purpose-acid-digestion-vessel-model-4744-45-ml\\\/#primaryimage\",\"url\":\"https:\\\/\\\/i0.wp.com\\\/www.parrinst.com\\\/de\\\/wp-content\\\/uploads\\\/sites\\\/6\\\/2018\\\/01\\\/parr_banner_sample-prep_secondary-1.jpg?fit=2200%2C399&ssl=1\",\"contentUrl\":\"https:\\\/\\\/i0.wp.com\\\/www.parrinst.com\\\/de\\\/wp-content\\\/uploads\\\/sites\\\/6\\\/2018\\\/01\\\/parr_banner_sample-prep_secondary-1.jpg?fit=2200%2C399&ssl=1\",\"width\":2200,\"height\":399},{\"@type\":\"BreadcrumbList\",\"@id\":\"https:\\\/\\\/www.parrinst.com\\\/de\\\/products\\\/sample-preparation\\\/acid-digestion\\\/general-purpose-acid-digestion-vessel-model-4744-45-ml\\\/#breadcrumb\",\"itemListElement\":[{\"@type\":\"ListItem\",\"position\":1,\"name\":\"Home\",\"item\":\"https:\\\/\\\/www.parrinst.com\\\/de\\\/\"},{\"@type\":\"ListItem\",\"position\":2,\"name\":\"Products\",\"item\":\"https:\\\/\\\/www.parrinst.com\\\/de\\\/products\\\/\"},{\"@type\":\"ListItem\",\"position\":3,\"name\":\"Sample Preparation\",\"item\":\"https:\\\/\\\/www.parrinst.com\\\/de\\\/products\\\/sample-preparation\\\/\"},{\"@type\":\"ListItem\",\"position\":4,\"name\":\"Acid Digestion\",\"item\":\"https:\\\/\\\/www.parrinst.com\\\/de\\\/products\\\/sample-preparation\\\/acid-digestion\\\/\"},{\"@type\":\"ListItem\",\"position\":5,\"name\":\"Model 4744 General Purpose Acid Digestion Vessel, 45 mL\"}]},{\"@type\":\"WebSite\",\"@id\":\"https:\\\/\\\/www.parrinst.com\\\/de\\\/#website\",\"url\":\"https:\\\/\\\/www.parrinst.com\\\/de\\\/\",\"name\":\"Parr Instrument GmbH\",\"description\":\"\",\"potentialAction\":[{\"@type\":\"SearchAction\",\"target\":{\"@type\":\"EntryPoint\",\"urlTemplate\":\"https:\\\/\\\/www.parrinst.com\\\/de\\\/?s={search_term_string}\"},\"query-input\":{\"@type\":\"PropertyValueSpecification\",\"valueRequired\":true,\"valueName\":\"search_term_string\"}}],\"inLanguage\":\"en-US\"}]}<\/script>\n<!-- \/ Yoast SEO plugin. -->","yoast_head_json":{"title":"Model 4744 General Purpose Acid Digestion Vessel, 45 mL - Parr Instrument GmbH","robots":{"index":"index","follow":"follow","max-snippet":"max-snippet:-1","max-image-preview":"max-image-preview:large","max-video-preview":"max-video-preview:-1"},"canonical":"https:\/\/www.parrinst.com\/de\/products\/sample-preparation\/acid-digestion\/general-purpose-acid-digestion-vessel-model-4744-45-ml\/","og_locale":"en_US","og_type":"article","og_title":"Model 4744 General Purpose Acid Digestion Vessel, 45 mL - Parr Instrument GmbH","og_description":"45 ml; 250\u00b0C; 124 bar Die 45 ml Modifikation eines S\u00e4ureaufschussgef\u00e4\u00dfes 4749 mit PTFE-Einsatz und urspr\u00fcnglich 23 ml Volumen, sie ist f\u00fcr Nutzer geeignet, die zus\u00e4tzliches Fassungsverm\u00f6gen in diesem beliebten Modell ben\u00f6tigen. Dieser Beh\u00e4lter verf\u00fcgt \u00fcber das gleiche Verschlusssystem wie die 23 ml Variante, nutzt einen \u00e4hnlichen dickwandigen PTFE-Einsatz, hat eine Tiefe von 95 mm [&hellip;]","og_url":"https:\/\/www.parrinst.com\/de\/products\/sample-preparation\/acid-digestion\/general-purpose-acid-digestion-vessel-model-4744-45-ml\/","og_site_name":"Parr Instrument GmbH","article_modified_time":"2018-02-06T21:29:33+00:00","og_image":[{"width":2200,"height":399,"url":"https:\/\/www.parrinst.com\/de\/files\/2018\/01\/parr_banner_sample-prep_secondary-1.jpg","type":"image\/jpeg"}],"twitter_card":"summary_large_image","twitter_misc":{"Est. reading time":"1 minute"},"schema":{"@context":"https:\/\/schema.org","@graph":[{"@type":"WebPage","@id":"https:\/\/www.parrinst.com\/de\/products\/sample-preparation\/acid-digestion\/general-purpose-acid-digestion-vessel-model-4744-45-ml\/","url":"https:\/\/www.parrinst.com\/de\/products\/sample-preparation\/acid-digestion\/general-purpose-acid-digestion-vessel-model-4744-45-ml\/","name":"Model 4744 General Purpose Acid Digestion Vessel, 45 mL - Parr Instrument GmbH","isPartOf":{"@id":"https:\/\/www.parrinst.com\/de\/#website"},"primaryImageOfPage":{"@id":"https:\/\/www.parrinst.com\/de\/products\/sample-preparation\/acid-digestion\/general-purpose-acid-digestion-vessel-model-4744-45-ml\/#primaryimage"},"image":{"@id":"https:\/\/www.parrinst.com\/de\/products\/sample-preparation\/acid-digestion\/general-purpose-acid-digestion-vessel-model-4744-45-ml\/#primaryimage"},"thumbnailUrl":"https:\/\/i0.wp.com\/www.parrinst.com\/de\/wp-content\/uploads\/sites\/6\/2018\/01\/parr_banner_sample-prep_secondary-1.jpg?fit=2200%2C399&ssl=1","datePublished":"2011-05-04T23:38:14+00:00","dateModified":"2018-02-06T21:29:33+00:00","breadcrumb":{"@id":"https:\/\/www.parrinst.com\/de\/products\/sample-preparation\/acid-digestion\/general-purpose-acid-digestion-vessel-model-4744-45-ml\/#breadcrumb"},"inLanguage":"en-US","potentialAction":[{"@type":"ReadAction","target":["https:\/\/www.parrinst.com\/de\/products\/sample-preparation\/acid-digestion\/general-purpose-acid-digestion-vessel-model-4744-45-ml\/"]}]},{"@type":"ImageObject","inLanguage":"en-US","@id":"https:\/\/www.parrinst.com\/de\/products\/sample-preparation\/acid-digestion\/general-purpose-acid-digestion-vessel-model-4744-45-ml\/#primaryimage","url":"https:\/\/i0.wp.com\/www.parrinst.com\/de\/wp-content\/uploads\/sites\/6\/2018\/01\/parr_banner_sample-prep_secondary-1.jpg?fit=2200%2C399&ssl=1","contentUrl":"https:\/\/i0.wp.com\/www.parrinst.com\/de\/wp-content\/uploads\/sites\/6\/2018\/01\/parr_banner_sample-prep_secondary-1.jpg?fit=2200%2C399&ssl=1","width":2200,"height":399},{"@type":"BreadcrumbList","@id":"https:\/\/www.parrinst.com\/de\/products\/sample-preparation\/acid-digestion\/general-purpose-acid-digestion-vessel-model-4744-45-ml\/#breadcrumb","itemListElement":[{"@type":"ListItem","position":1,"name":"Home","item":"https:\/\/www.parrinst.com\/de\/"},{"@type":"ListItem","position":2,"name":"Products","item":"https:\/\/www.parrinst.com\/de\/products\/"},{"@type":"ListItem","position":3,"name":"Sample Preparation","item":"https:\/\/www.parrinst.com\/de\/products\/sample-preparation\/"},{"@type":"ListItem","position":4,"name":"Acid Digestion","item":"https:\/\/www.parrinst.com\/de\/products\/sample-preparation\/acid-digestion\/"},{"@type":"ListItem","position":5,"name":"Model 4744 General Purpose Acid Digestion Vessel, 45 mL"}]},{"@type":"WebSite","@id":"https:\/\/www.parrinst.com\/de\/#website","url":"https:\/\/www.parrinst.com\/de\/","name":"Parr Instrument GmbH","description":"","potentialAction":[{"@type":"SearchAction","target":{"@type":"EntryPoint","urlTemplate":"https:\/\/www.parrinst.com\/de\/?s={search_term_string}"},"query-input":{"@type":"PropertyValueSpecification","valueRequired":true,"valueName":"search_term_string"}}],"inLanguage":"en-US"}]}},"jetpack_sharing_enabled":true,"_links":{"self":[{"href":"https:\/\/www.parrinst.com\/de\/wp-json\/wp\/v2\/pages\/702","targetHints":{"allow":["GET"]}}],"collection":[{"href":"https:\/\/www.parrinst.com\/de\/wp-json\/wp\/v2\/pages"}],"about":[{"href":"https:\/\/www.parrinst.com\/de\/wp-json\/wp\/v2\/types\/page"}],"author":[{"embeddable":true,"href":"https:\/\/www.parrinst.com\/de\/wp-json\/wp\/v2\/users\/1"}],"replies":[{"embeddable":true,"href":"https:\/\/www.parrinst.com\/de\/wp-json\/wp\/v2\/comments?post=702"}],"version-history":[{"count":2,"href":"https:\/\/www.parrinst.com\/de\/wp-json\/wp\/v2\/pages\/702\/revisions"}],"predecessor-version":[{"id":38065,"href":"https:\/\/www.parrinst.com\/de\/wp-json\/wp\/v2\/pages\/702\/revisions\/38065"}],"up":[{"embeddable":true,"href":"https:\/\/www.parrinst.com\/de\/wp-json\/wp\/v2\/pages\/292"}],"wp:featuredmedia":[{"embeddable":true,"href":"https:\/\/www.parrinst.com\/de\/wp-json\/wp\/v2\/media\/37714"}],"wp:attachment":[{"href":"https:\/\/www.parrinst.com\/de\/wp-json\/wp\/v2\/media?parent=702"}],"curies":[{"name":"wp","href":"https:\/\/api.w.org\/{rel}","templated":true}]}}