{"id":734,"date":"2011-05-04T19:21:09","date_gmt":"2011-05-05T00:21:09","guid":{"rendered":"https:\/\/www.parrinst.com\/?page_id=734"},"modified":"2020-10-23T12:05:22","modified_gmt":"2020-10-23T17:05:22","slug":"series-4790","status":"publish","type":"page","link":"https:\/\/www.parrinst.com\/de\/products\/non-stirred-pressure-vessels\/series-4790\/","title":{"rendered":"Serie 4790 Druckbeh\u00e4lter, 25-100 ml"},"content":{"rendered":"\n\t\t\t<div id='734-1' class='gallery gallery-734 gallery-columns-3 gallery-size-medium' itemscope itemtype='http:\/\/schema.org\/ImageGallery'>\n\t\t\t\t<div class='gallery-row gallery-col-3 gallery-clear'>\n\t\t\t\t\t<figure class='gallery-item col-3' itemprop='associatedMedia' itemscope itemtype='http:\/\/schema.org\/ImageObject'>\n\t\t\t\t\t\t<div class='gallery-icon portrait'><a href=\"https:\/\/i0.wp.com\/www.parrinst.com\/de\/wp-content\/uploads\/sites\/6\/2018\/06\/4791_2-valve_400x600.jpg?ssl=1\" itemprop=\"contentURL\"><img loading=\"lazy\" decoding=\"async\" width=\"200\" height=\"300\" src=\"https:\/\/i0.wp.com\/www.parrinst.com\/de\/wp-content\/uploads\/sites\/6\/2018\/06\/4791_2-valve_400x600.jpg?fit=200%2C300&amp;ssl=1\" class=\"attachment-medium size-medium\" alt=\"4790-25mL-VGR &quot;Moveable Head&quot;\" srcset=\"https:\/\/i0.wp.com\/www.parrinst.com\/de\/wp-content\/uploads\/sites\/6\/2018\/06\/4791_2-valve_400x600.jpg?w=400&amp;ssl=1 400w, https:\/\/i0.wp.com\/www.parrinst.com\/de\/wp-content\/uploads\/sites\/6\/2018\/06\/4791_2-valve_400x600.jpg?resize=100%2C150&amp;ssl=1 100w, https:\/\/i0.wp.com\/www.parrinst.com\/de\/wp-content\/uploads\/sites\/6\/2018\/06\/4791_2-valve_400x600.jpg?resize=200%2C300&amp;ssl=1 200w\" sizes=\"auto, (max-width: 200px) 100vw, 200px\" itemprop=\"thumbnail\" \/><\/a><\/div>\n\t\t\t\t\t<\/figure>\n\t\t\t\t\t<figure class='gallery-item col-3' itemprop='associatedMedia' itemscope itemtype='http:\/\/schema.org\/ImageObject'>\n\t\t\t\t\t\t<div class='gallery-icon portrait'><a href=\"https:\/\/i0.wp.com\/www.parrinst.com\/de\/wp-content\/uploads\/sites\/6\/2018\/06\/4791-25mL-HP_600hrPI1_6308.jpg?ssl=1\" itemprop=\"contentURL\"><img loading=\"lazy\" decoding=\"async\" width=\"214\" height=\"300\" src=\"https:\/\/i0.wp.com\/www.parrinst.com\/de\/wp-content\/uploads\/sites\/6\/2018\/06\/4791-25mL-HP_600hrPI1_6308.jpg?fit=214%2C300&amp;ssl=1\" class=\"attachment-medium size-medium\" alt=\"4790-25mL-VGR &quot;Moveable Head&quot;\" srcset=\"https:\/\/i0.wp.com\/www.parrinst.com\/de\/wp-content\/uploads\/sites\/6\/2018\/06\/4791-25mL-HP_600hrPI1_6308.jpg?w=428&amp;ssl=1 428w, https:\/\/i0.wp.com\/www.parrinst.com\/de\/wp-content\/uploads\/sites\/6\/2018\/06\/4791-25mL-HP_600hrPI1_6308.jpg?resize=107%2C150&amp;ssl=1 107w, https:\/\/i0.wp.com\/www.parrinst.com\/de\/wp-content\/uploads\/sites\/6\/2018\/06\/4791-25mL-HP_600hrPI1_6308.jpg?resize=214%2C300&amp;ssl=1 214w\" sizes=\"auto, (max-width: 214px) 100vw, 214px\" itemprop=\"thumbnail\" \/><\/a><\/div>\n\t\t\t\t\t<\/figure>\n\t\t\t\t\t<figure class='gallery-item col-3' itemprop='associatedMedia' itemscope itemtype='http:\/\/schema.org\/ImageObject'>\n\t\t\t\t\t\t<div class='gallery-icon portrait'><a href=\"https:\/\/i0.wp.com\/www.parrinst.com\/de\/wp-content\/uploads\/sites\/6\/2018\/06\/4793-100mL-HP_600px_hr_917186PI1_6283.jpg?ssl=1\" itemprop=\"contentURL\"><img loading=\"lazy\" decoding=\"async\" width=\"215\" height=\"300\" src=\"https:\/\/i0.wp.com\/www.parrinst.com\/de\/wp-content\/uploads\/sites\/6\/2018\/06\/4793-100mL-HP_600px_hr_917186PI1_6283.jpg?fit=215%2C300&amp;ssl=1\" class=\"attachment-medium size-medium\" alt=\"4790-100mL-VGR-DVD Moveable Head with PTFE Flat Gasket\" srcset=\"https:\/\/i0.wp.com\/www.parrinst.com\/de\/wp-content\/uploads\/sites\/6\/2018\/06\/4793-100mL-HP_600px_hr_917186PI1_6283.jpg?w=429&amp;ssl=1 429w, https:\/\/i0.wp.com\/www.parrinst.com\/de\/wp-content\/uploads\/sites\/6\/2018\/06\/4793-100mL-HP_600px_hr_917186PI1_6283.jpg?resize=107%2C150&amp;ssl=1 107w, https:\/\/i0.wp.com\/www.parrinst.com\/de\/wp-content\/uploads\/sites\/6\/2018\/06\/4793-100mL-HP_600px_hr_917186PI1_6283.jpg?resize=215%2C300&amp;ssl=1 215w\" sizes=\"auto, (max-width: 215px) 100vw, 215px\" itemprop=\"thumbnail\" \/><\/a><\/div>\n\t\t\t\t\t<\/figure>\n\t\t\t\t<\/div>\n\t\t\t\t<div class='gallery-row gallery-col-3 gallery-clear'>\n\t\t\t\t\t<figure class='gallery-item col-3' itemprop='associatedMedia' itemscope itemtype='http:\/\/schema.org\/ImageObject'>\n\t\t\t\t\t\t<div class='gallery-icon portrait'><a href=\"https:\/\/i0.wp.com\/www.parrinst.com\/de\/wp-content\/uploads\/sites\/6\/2012\/09\/4793HPHT_100mL.jpg?ssl=1\" itemprop=\"contentURL\"><img loading=\"lazy\" decoding=\"async\" width=\"214\" height=\"300\" src=\"https:\/\/i0.wp.com\/www.parrinst.com\/de\/wp-content\/uploads\/sites\/6\/2012\/09\/4793HPHT_100mL.jpg?fit=214%2C300&amp;ssl=1\" class=\"attachment-medium size-medium\" alt=\"4790-100mL-VGR-T HP\/HT, 100 ml Beh\u00e4lter, &quot;Fixed Head&quot;\" srcset=\"https:\/\/i0.wp.com\/www.parrinst.com\/de\/wp-content\/uploads\/sites\/6\/2012\/09\/4793HPHT_100mL.jpg?w=600&amp;ssl=1 600w, https:\/\/i0.wp.com\/www.parrinst.com\/de\/wp-content\/uploads\/sites\/6\/2012\/09\/4793HPHT_100mL.jpg?resize=107%2C150&amp;ssl=1 107w, https:\/\/i0.wp.com\/www.parrinst.com\/de\/wp-content\/uploads\/sites\/6\/2012\/09\/4793HPHT_100mL.jpg?resize=214%2C300&amp;ssl=1 214w\" sizes=\"auto, (max-width: 214px) 100vw, 214px\" itemprop=\"thumbnail\" \/><\/a><\/div>\n\t\t\t\t\t<\/figure>\n\t\t\t\t\t<figure class='gallery-item col-3' itemprop='associatedMedia' itemscope itemtype='http:\/\/schema.org\/ImageObject'>\n\t\t\t\t\t\t<div class='gallery-icon portrait'><a href=\"https:\/\/i0.wp.com\/www.parrinst.com\/de\/wp-content\/uploads\/sites\/6\/2018\/06\/4791-Flat-Gasket-web.jpg?ssl=1\" itemprop=\"contentURL\"><img loading=\"lazy\" decoding=\"async\" width=\"240\" height=\"300\" src=\"https:\/\/i0.wp.com\/www.parrinst.com\/de\/wp-content\/uploads\/sites\/6\/2018\/06\/4791-Flat-Gasket-web.jpg?fit=240%2C300&amp;ssl=1\" class=\"attachment-medium size-medium\" alt=\"4790-25mL Querschnitt mit Flachdichtung\" srcset=\"https:\/\/i0.wp.com\/www.parrinst.com\/de\/wp-content\/uploads\/sites\/6\/2018\/06\/4791-Flat-Gasket-web.jpg?w=1600&amp;ssl=1 1600w, https:\/\/i0.wp.com\/www.parrinst.com\/de\/wp-content\/uploads\/sites\/6\/2018\/06\/4791-Flat-Gasket-web.jpg?resize=120%2C150&amp;ssl=1 120w, https:\/\/i0.wp.com\/www.parrinst.com\/de\/wp-content\/uploads\/sites\/6\/2018\/06\/4791-Flat-Gasket-web.jpg?resize=240%2C300&amp;ssl=1 240w, https:\/\/i0.wp.com\/www.parrinst.com\/de\/wp-content\/uploads\/sites\/6\/2018\/06\/4791-Flat-Gasket-web.jpg?resize=819%2C1024&amp;ssl=1 819w, https:\/\/i0.wp.com\/www.parrinst.com\/de\/wp-content\/uploads\/sites\/6\/2018\/06\/4791-Flat-Gasket-web.jpg?w=1280&amp;ssl=1 1280w\" sizes=\"auto, (max-width: 240px) 100vw, 240px\" itemprop=\"thumbnail\" \/><\/a><\/div>\n\t\t\t\t\t<\/figure>\n\t\t\t\t\t<figure class='gallery-item col-3' itemprop='associatedMedia' itemscope itemtype='http:\/\/schema.org\/ImageObject'>\n\t\t\t\t\t\t<div class='gallery-icon portrait'><a href=\"https:\/\/i0.wp.com\/www.parrinst.com\/de\/wp-content\/uploads\/sites\/6\/2018\/06\/4791-O-Ring-Gasket-web.jpg?ssl=1\" itemprop=\"contentURL\"><img loading=\"lazy\" decoding=\"async\" width=\"240\" height=\"300\" src=\"https:\/\/i0.wp.com\/www.parrinst.com\/de\/wp-content\/uploads\/sites\/6\/2018\/06\/4791-O-Ring-Gasket-web.jpg?fit=240%2C300&amp;ssl=1\" class=\"attachment-medium size-medium\" alt=\"4790-25mL Querschnitt mit O-Ring Verschluss\" srcset=\"https:\/\/i0.wp.com\/www.parrinst.com\/de\/wp-content\/uploads\/sites\/6\/2018\/06\/4791-O-Ring-Gasket-web.jpg?w=1600&amp;ssl=1 1600w, https:\/\/i0.wp.com\/www.parrinst.com\/de\/wp-content\/uploads\/sites\/6\/2018\/06\/4791-O-Ring-Gasket-web.jpg?resize=120%2C150&amp;ssl=1 120w, https:\/\/i0.wp.com\/www.parrinst.com\/de\/wp-content\/uploads\/sites\/6\/2018\/06\/4791-O-Ring-Gasket-web.jpg?resize=240%2C300&amp;ssl=1 240w, https:\/\/i0.wp.com\/www.parrinst.com\/de\/wp-content\/uploads\/sites\/6\/2018\/06\/4791-O-Ring-Gasket-web.jpg?resize=819%2C1024&amp;ssl=1 819w, https:\/\/i0.wp.com\/www.parrinst.com\/de\/wp-content\/uploads\/sites\/6\/2018\/06\/4791-O-Ring-Gasket-web.jpg?w=1280&amp;ssl=1 1280w\" sizes=\"auto, (max-width: 240px) 100vw, 240px\" itemprop=\"thumbnail\" \/><\/a><\/div>\n\t\t\t\t\t<\/figure>\n\t\t\t\t<\/div>\n\t\t\t<\/div><!-- .gallery -->\n\n<p><strong>Diese kleinen Druckbeh\u00e4lter sind <\/strong>die erste Wahl f\u00fcr Chemiker, die mit sehr teuren oder nur in geringen Mengen verf\u00fcgbaren Materialien arbeiten. Sie bieten sich auch allen Nutzern an, die m\u00f6gliche Risiken im Umgang mit gef\u00e4hrlichen Stoffen oder Reaktionen minimieren wollen, indem sie die Mengen an Edukten und Produkten auf ein Minimum reduzieren. Die Verwendung dieser kleinen Druckbeh\u00e4ltern hilft auch, die Menge der Abfallprodukte, die einer speziellen Entsorgung zugef\u00fchrt werden m\u00fcssen, zu verringern. Die 4790 Beh\u00e4lter sind nun auch in einer Hochdruckvariante (5000 psi \/ 345 bar) oder in einer Hochdruck-\/Hochtemperatur Variante f\u00fcr bis zu 500\u00b0C erh\u00e4ltlich.<\/p>\n<p>Diese Mikrobeh\u00e4lter wurden so konzipiert, dass sie trotz begrenzter Platzverh\u00e4ltnisse so viele Funktionen und Vorteile der gr\u00f6\u00dferen Druckbeh\u00e4lter bieten k\u00f6nnen. Die folgenden Standardkopfanschl\u00fcssen sind vorhanden: Manometer, Berstscheibe, Thermoelement und Ventile. Die optionale K\u00fchlung kann bei dieser Gr\u00f6\u00dfe \u00fcber einen Aluminiumheizblock mit K\u00fchlm\u00f6glichkeit, einem aufgeschwei\u00dften Doppelmantel oder einem K\u00fchlfinger erzielt werden.<\/p>\n<p>Diese Beh\u00e4lter sind sowohl in der \u201eFixed Head\u201c als auch in der \u201eMoveable Head\u201c Ausf\u00fchrung erh\u00e4ltlich und bieten die Wahl zwischen einem selbstabdichtenden O-Ring f\u00fcr Temperaturen bis 225\u00b0C, einem O-Ring aus FFKM bis 275\u00b0C oder einer Flachdichtung aus PTFE f\u00fcr Temperaturen bis 350\u00b0C. Weiterhin ist auch eine flexible Grafitflachdichtung f\u00fcr Temperaturen bis 500\u00b0C in der Hochdruck- \/ Hochtemperatur-Option erh\u00e4ltlich (ausschlie\u00dflich f\u00fcr &#8220;Fixed Head&#8221; Versionen). Alle Beh\u00e4lter sind standardm\u00e4\u00dfig mit einem Split-Ring-Verschluss ausgestattet.<\/p>\n<p>Die Beh\u00e4lter in allen drei Gr\u00f6\u00dfen nutzen Keramikfaser-Heizungen.<\/p>\n<p>Diese Mirko Druckbeh\u00e4lter k\u00f6nnen leicht von einer Gr\u00f6\u00dfe auf eine andere umger\u00fcstet werden. Dies geschieht durch einfaches Austauschen des Zylinders und der inneren Einbauten. Der Reaktorstand kann auch auf alle Druckbeh\u00e4lter der Minireaktorserie 4790 angepasst werden. Die M\u00f6glichkeit zur Modifizierung dieser kleinen Reaktoren ist jedoch wegen des begrenzten Raumes im Beh\u00e4lterkopf eingeschr\u00e4nkt.<\/p>\n","protected":false},"excerpt":{"rendered":"<p>Diese kleinen Druckbeh\u00e4lter sind die erste Wahl f\u00fcr Chemiker, die mit sehr teuren oder nur in geringen Mengen verf\u00fcgbaren Materialien arbeiten. Sie bieten sich auch allen Nutzern an, die m\u00f6gliche Risiken im Umgang mit gef\u00e4hrlichen Stoffen oder Reaktionen minimieren wollen, indem sie die Mengen an Edukten und Produkten auf ein Minimum reduzieren. Die Verwendung dieser [&hellip;]<\/p>\n","protected":false},"author":2,"featured_media":37713,"parent":77,"menu_order":0,"comment_status":"closed","ping_status":"closed","template":"product-wide-strirred-filter.php","meta":{"_acf_changed":false,"footnotes":"","_links_to":"","_links_to_target":""},"class_list":["post-734","page","type-page","status-publish","has-post-thumbnail","hentry"],"acf":[],"yoast_head":"<!-- This site is optimized with the Yoast SEO plugin v27.4 - https:\/\/yoast.com\/product\/yoast-seo-wordpress\/ -->\n<title>Serie 4790 Druckbeh\u00e4lter, 25-100 ml - Parr Instrument GmbH<\/title>\n<meta name=\"robots\" content=\"index, follow, max-snippet:-1, max-image-preview:large, max-video-preview:-1\" \/>\n<link rel=\"canonical\" href=\"https:\/\/www.parrinst.com\/de\/products\/non-stirred-pressure-vessels\/series-4790\/\" \/>\n<meta property=\"og:locale\" content=\"en_US\" \/>\n<meta property=\"og:type\" content=\"article\" \/>\n<meta property=\"og:title\" content=\"Serie 4790 Druckbeh\u00e4lter, 25-100 ml - Parr Instrument GmbH\" \/>\n<meta property=\"og:description\" content=\"Diese kleinen Druckbeh\u00e4lter sind die erste Wahl f\u00fcr Chemiker, die mit sehr teuren oder nur in geringen Mengen verf\u00fcgbaren Materialien arbeiten. Sie bieten sich auch allen Nutzern an, die m\u00f6gliche Risiken im Umgang mit gef\u00e4hrlichen Stoffen oder Reaktionen minimieren wollen, indem sie die Mengen an Edukten und Produkten auf ein Minimum reduzieren. Die Verwendung dieser [&hellip;]\" \/>\n<meta property=\"og:url\" content=\"https:\/\/www.parrinst.com\/de\/products\/non-stirred-pressure-vessels\/series-4790\/\" \/>\n<meta property=\"og:site_name\" content=\"Parr Instrument GmbH\" \/>\n<meta property=\"article:modified_time\" content=\"2020-10-23T17:05:22+00:00\" \/>\n<meta property=\"og:image\" content=\"https:\/\/www.parrinst.com\/de\/files\/2018\/01\/parr_banner_non-stirred_secondary.jpg\" \/>\n\t<meta property=\"og:image:width\" content=\"2200\" \/>\n\t<meta property=\"og:image:height\" content=\"399\" \/>\n\t<meta property=\"og:image:type\" content=\"image\/jpeg\" \/>\n<meta name=\"twitter:card\" content=\"summary_large_image\" \/>\n<meta name=\"twitter:label1\" content=\"Est. reading time\" \/>\n\t<meta name=\"twitter:data1\" content=\"2 minutes\" \/>\n<script type=\"application\/ld+json\" class=\"yoast-schema-graph\">{\"@context\":\"https:\\\/\\\/schema.org\",\"@graph\":[{\"@type\":\"WebPage\",\"@id\":\"https:\\\/\\\/www.parrinst.com\\\/de\\\/products\\\/non-stirred-pressure-vessels\\\/series-4790\\\/\",\"url\":\"https:\\\/\\\/www.parrinst.com\\\/de\\\/products\\\/non-stirred-pressure-vessels\\\/series-4790\\\/\",\"name\":\"Serie 4790 Druckbeh\u00e4lter, 25-100 ml - Parr Instrument GmbH\",\"isPartOf\":{\"@id\":\"https:\\\/\\\/www.parrinst.com\\\/de\\\/#website\"},\"primaryImageOfPage\":{\"@id\":\"https:\\\/\\\/www.parrinst.com\\\/de\\\/products\\\/non-stirred-pressure-vessels\\\/series-4790\\\/#primaryimage\"},\"image\":{\"@id\":\"https:\\\/\\\/www.parrinst.com\\\/de\\\/products\\\/non-stirred-pressure-vessels\\\/series-4790\\\/#primaryimage\"},\"thumbnailUrl\":\"https:\\\/\\\/i0.wp.com\\\/www.parrinst.com\\\/de\\\/wp-content\\\/uploads\\\/sites\\\/6\\\/2018\\\/01\\\/parr_banner_non-stirred_secondary.jpg?fit=2200%2C399&ssl=1\",\"datePublished\":\"2011-05-05T00:21:09+00:00\",\"dateModified\":\"2020-10-23T17:05:22+00:00\",\"breadcrumb\":{\"@id\":\"https:\\\/\\\/www.parrinst.com\\\/de\\\/products\\\/non-stirred-pressure-vessels\\\/series-4790\\\/#breadcrumb\"},\"inLanguage\":\"en-US\",\"potentialAction\":[{\"@type\":\"ReadAction\",\"target\":[\"https:\\\/\\\/www.parrinst.com\\\/de\\\/products\\\/non-stirred-pressure-vessels\\\/series-4790\\\/\"]}]},{\"@type\":\"ImageObject\",\"inLanguage\":\"en-US\",\"@id\":\"https:\\\/\\\/www.parrinst.com\\\/de\\\/products\\\/non-stirred-pressure-vessels\\\/series-4790\\\/#primaryimage\",\"url\":\"https:\\\/\\\/i0.wp.com\\\/www.parrinst.com\\\/de\\\/wp-content\\\/uploads\\\/sites\\\/6\\\/2018\\\/01\\\/parr_banner_non-stirred_secondary.jpg?fit=2200%2C399&ssl=1\",\"contentUrl\":\"https:\\\/\\\/i0.wp.com\\\/www.parrinst.com\\\/de\\\/wp-content\\\/uploads\\\/sites\\\/6\\\/2018\\\/01\\\/parr_banner_non-stirred_secondary.jpg?fit=2200%2C399&ssl=1\",\"width\":2200,\"height\":399},{\"@type\":\"BreadcrumbList\",\"@id\":\"https:\\\/\\\/www.parrinst.com\\\/de\\\/products\\\/non-stirred-pressure-vessels\\\/series-4790\\\/#breadcrumb\",\"itemListElement\":[{\"@type\":\"ListItem\",\"position\":1,\"name\":\"Home\",\"item\":\"https:\\\/\\\/www.parrinst.com\\\/de\\\/\"},{\"@type\":\"ListItem\",\"position\":2,\"name\":\"Products\",\"item\":\"https:\\\/\\\/www.parrinst.com\\\/de\\\/products\\\/\"},{\"@type\":\"ListItem\",\"position\":3,\"name\":\"Nicht ger\u00fchrte Druckbeh\u00e4lter\",\"item\":\"https:\\\/\\\/www.parrinst.com\\\/de\\\/products\\\/non-stirred-pressure-vessels\\\/\"},{\"@type\":\"ListItem\",\"position\":4,\"name\":\"Serie 4790 Druckbeh\u00e4lter, 25-100 ml\"}]},{\"@type\":\"WebSite\",\"@id\":\"https:\\\/\\\/www.parrinst.com\\\/de\\\/#website\",\"url\":\"https:\\\/\\\/www.parrinst.com\\\/de\\\/\",\"name\":\"Parr Instrument GmbH\",\"description\":\"\",\"potentialAction\":[{\"@type\":\"SearchAction\",\"target\":{\"@type\":\"EntryPoint\",\"urlTemplate\":\"https:\\\/\\\/www.parrinst.com\\\/de\\\/?s={search_term_string}\"},\"query-input\":{\"@type\":\"PropertyValueSpecification\",\"valueRequired\":true,\"valueName\":\"search_term_string\"}}],\"inLanguage\":\"en-US\"}]}<\/script>\n<!-- \/ Yoast SEO plugin. -->","yoast_head_json":{"title":"Serie 4790 Druckbeh\u00e4lter, 25-100 ml - Parr Instrument GmbH","robots":{"index":"index","follow":"follow","max-snippet":"max-snippet:-1","max-image-preview":"max-image-preview:large","max-video-preview":"max-video-preview:-1"},"canonical":"https:\/\/www.parrinst.com\/de\/products\/non-stirred-pressure-vessels\/series-4790\/","og_locale":"en_US","og_type":"article","og_title":"Serie 4790 Druckbeh\u00e4lter, 25-100 ml - Parr Instrument GmbH","og_description":"Diese kleinen Druckbeh\u00e4lter sind die erste Wahl f\u00fcr Chemiker, die mit sehr teuren oder nur in geringen Mengen verf\u00fcgbaren Materialien arbeiten. Sie bieten sich auch allen Nutzern an, die m\u00f6gliche Risiken im Umgang mit gef\u00e4hrlichen Stoffen oder Reaktionen minimieren wollen, indem sie die Mengen an Edukten und Produkten auf ein Minimum reduzieren. Die Verwendung dieser [&hellip;]","og_url":"https:\/\/www.parrinst.com\/de\/products\/non-stirred-pressure-vessels\/series-4790\/","og_site_name":"Parr Instrument GmbH","article_modified_time":"2020-10-23T17:05:22+00:00","og_image":[{"width":2200,"height":399,"url":"https:\/\/www.parrinst.com\/de\/files\/2018\/01\/parr_banner_non-stirred_secondary.jpg","type":"image\/jpeg"}],"twitter_card":"summary_large_image","twitter_misc":{"Est. reading time":"2 minutes"},"schema":{"@context":"https:\/\/schema.org","@graph":[{"@type":"WebPage","@id":"https:\/\/www.parrinst.com\/de\/products\/non-stirred-pressure-vessels\/series-4790\/","url":"https:\/\/www.parrinst.com\/de\/products\/non-stirred-pressure-vessels\/series-4790\/","name":"Serie 4790 Druckbeh\u00e4lter, 25-100 ml - Parr Instrument GmbH","isPartOf":{"@id":"https:\/\/www.parrinst.com\/de\/#website"},"primaryImageOfPage":{"@id":"https:\/\/www.parrinst.com\/de\/products\/non-stirred-pressure-vessels\/series-4790\/#primaryimage"},"image":{"@id":"https:\/\/www.parrinst.com\/de\/products\/non-stirred-pressure-vessels\/series-4790\/#primaryimage"},"thumbnailUrl":"https:\/\/i0.wp.com\/www.parrinst.com\/de\/wp-content\/uploads\/sites\/6\/2018\/01\/parr_banner_non-stirred_secondary.jpg?fit=2200%2C399&ssl=1","datePublished":"2011-05-05T00:21:09+00:00","dateModified":"2020-10-23T17:05:22+00:00","breadcrumb":{"@id":"https:\/\/www.parrinst.com\/de\/products\/non-stirred-pressure-vessels\/series-4790\/#breadcrumb"},"inLanguage":"en-US","potentialAction":[{"@type":"ReadAction","target":["https:\/\/www.parrinst.com\/de\/products\/non-stirred-pressure-vessels\/series-4790\/"]}]},{"@type":"ImageObject","inLanguage":"en-US","@id":"https:\/\/www.parrinst.com\/de\/products\/non-stirred-pressure-vessels\/series-4790\/#primaryimage","url":"https:\/\/i0.wp.com\/www.parrinst.com\/de\/wp-content\/uploads\/sites\/6\/2018\/01\/parr_banner_non-stirred_secondary.jpg?fit=2200%2C399&ssl=1","contentUrl":"https:\/\/i0.wp.com\/www.parrinst.com\/de\/wp-content\/uploads\/sites\/6\/2018\/01\/parr_banner_non-stirred_secondary.jpg?fit=2200%2C399&ssl=1","width":2200,"height":399},{"@type":"BreadcrumbList","@id":"https:\/\/www.parrinst.com\/de\/products\/non-stirred-pressure-vessels\/series-4790\/#breadcrumb","itemListElement":[{"@type":"ListItem","position":1,"name":"Home","item":"https:\/\/www.parrinst.com\/de\/"},{"@type":"ListItem","position":2,"name":"Products","item":"https:\/\/www.parrinst.com\/de\/products\/"},{"@type":"ListItem","position":3,"name":"Nicht ger\u00fchrte Druckbeh\u00e4lter","item":"https:\/\/www.parrinst.com\/de\/products\/non-stirred-pressure-vessels\/"},{"@type":"ListItem","position":4,"name":"Serie 4790 Druckbeh\u00e4lter, 25-100 ml"}]},{"@type":"WebSite","@id":"https:\/\/www.parrinst.com\/de\/#website","url":"https:\/\/www.parrinst.com\/de\/","name":"Parr Instrument GmbH","description":"","potentialAction":[{"@type":"SearchAction","target":{"@type":"EntryPoint","urlTemplate":"https:\/\/www.parrinst.com\/de\/?s={search_term_string}"},"query-input":{"@type":"PropertyValueSpecification","valueRequired":true,"valueName":"search_term_string"}}],"inLanguage":"en-US"}]}},"jetpack_sharing_enabled":true,"_links":{"self":[{"href":"https:\/\/www.parrinst.com\/de\/wp-json\/wp\/v2\/pages\/734","targetHints":{"allow":["GET"]}}],"collection":[{"href":"https:\/\/www.parrinst.com\/de\/wp-json\/wp\/v2\/pages"}],"about":[{"href":"https:\/\/www.parrinst.com\/de\/wp-json\/wp\/v2\/types\/page"}],"author":[{"embeddable":true,"href":"https:\/\/www.parrinst.com\/de\/wp-json\/wp\/v2\/users\/2"}],"replies":[{"embeddable":true,"href":"https:\/\/www.parrinst.com\/de\/wp-json\/wp\/v2\/comments?post=734"}],"version-history":[{"count":13,"href":"https:\/\/www.parrinst.com\/de\/wp-json\/wp\/v2\/pages\/734\/revisions"}],"predecessor-version":[{"id":40308,"href":"https:\/\/www.parrinst.com\/de\/wp-json\/wp\/v2\/pages\/734\/revisions\/40308"}],"up":[{"embeddable":true,"href":"https:\/\/www.parrinst.com\/de\/wp-json\/wp\/v2\/pages\/77"}],"wp:featuredmedia":[{"embeddable":true,"href":"https:\/\/www.parrinst.com\/de\/wp-json\/wp\/v2\/media\/37713"}],"wp:attachment":[{"href":"https:\/\/www.parrinst.com\/de\/wp-json\/wp\/v2\/media?parent=734"}],"curies":[{"name":"wp","href":"https:\/\/api.w.org\/{rel}","templated":true}]}}