{"id":747,"date":"2011-05-04T19:25:18","date_gmt":"2011-05-05T00:25:18","guid":{"rendered":"https:\/\/www.parrinst.com\/?page_id=747"},"modified":"2025-12-11T10:22:00","modified_gmt":"2025-12-11T16:22:00","slug":"series-4600","status":"publish","type":"page","link":"https:\/\/www.parrinst.com\/de\/products\/non-stirred-pressure-vessels\/series-4600\/","title":{"rendered":"Serie 4600 Druckgef\u00e4\u00dfe, 1 und 2 Liter"},"content":{"rendered":"\n\t\t\t<div id='747-1' class='gallery gallery-747 gallery-columns-3 gallery-size-medium' itemscope itemtype='http:\/\/schema.org\/ImageGallery'>\n\t\t\t\t<div class='gallery-row gallery-col-3 gallery-clear'>\n\t\t\t\t\t<figure class='gallery-item col-3' itemprop='associatedMedia' itemscope itemtype='http:\/\/schema.org\/ImageObject'>\n\t\t\t\t\t\t<div class='gallery-icon portrait'><a href=\"https:\/\/i0.wp.com\/www.parrinst.com\/de\/wp-content\/uploads\/sites\/6\/2025\/12\/4600HP_1.9L_closed_115199PI3_3109.jpg?ssl=1\" itemprop=\"contentURL\"><img loading=\"lazy\" decoding=\"async\" width=\"200\" height=\"300\" src=\"https:\/\/i0.wp.com\/www.parrinst.com\/de\/wp-content\/uploads\/sites\/6\/2025\/12\/4600HP_1.9L_closed_115199PI3_3109.jpg?fit=200%2C300&amp;ssl=1\" class=\"attachment-medium size-medium\" alt=\"4600HP-1.9L-VGR- Fixed Head Pressure Vessel in a Bench Top Stand (-BTS)\" srcset=\"https:\/\/i0.wp.com\/www.parrinst.com\/de\/wp-content\/uploads\/sites\/6\/2025\/12\/4600HP_1.9L_closed_115199PI3_3109.jpg?w=2100&amp;ssl=1 2100w, https:\/\/i0.wp.com\/www.parrinst.com\/de\/wp-content\/uploads\/sites\/6\/2025\/12\/4600HP_1.9L_closed_115199PI3_3109.jpg?resize=200%2C300&amp;ssl=1 200w, https:\/\/i0.wp.com\/www.parrinst.com\/de\/wp-content\/uploads\/sites\/6\/2025\/12\/4600HP_1.9L_closed_115199PI3_3109.jpg?resize=683%2C1024&amp;ssl=1 683w, https:\/\/i0.wp.com\/www.parrinst.com\/de\/wp-content\/uploads\/sites\/6\/2025\/12\/4600HP_1.9L_closed_115199PI3_3109.jpg?resize=100%2C150&amp;ssl=1 100w, https:\/\/i0.wp.com\/www.parrinst.com\/de\/wp-content\/uploads\/sites\/6\/2025\/12\/4600HP_1.9L_closed_115199PI3_3109.jpg?resize=1024%2C1536&amp;ssl=1 1024w, https:\/\/i0.wp.com\/www.parrinst.com\/de\/wp-content\/uploads\/sites\/6\/2025\/12\/4600HP_1.9L_closed_115199PI3_3109.jpg?resize=1365%2C2048&amp;ssl=1 1365w, https:\/\/i0.wp.com\/www.parrinst.com\/de\/wp-content\/uploads\/sites\/6\/2025\/12\/4600HP_1.9L_closed_115199PI3_3109.jpg?w=1280&amp;ssl=1 1280w, https:\/\/i0.wp.com\/www.parrinst.com\/de\/wp-content\/uploads\/sites\/6\/2025\/12\/4600HP_1.9L_closed_115199PI3_3109.jpg?w=1920&amp;ssl=1 1920w\" sizes=\"auto, (max-width: 200px) 100vw, 200px\" itemprop=\"thumbnail\" \/><\/a><\/div>\n\t\t\t\t\t<\/figure>\n\t\t\t\t\t<figure class='gallery-item col-3' itemprop='associatedMedia' itemscope itemtype='http:\/\/schema.org\/ImageObject'>\n\t\t\t\t\t\t<div class='gallery-icon portrait'><a href=\"https:\/\/i0.wp.com\/www.parrinst.com\/de\/wp-content\/uploads\/sites\/6\/2025\/12\/4600HP_1.9L_open_115199PI3_3110.jpg?ssl=1\" itemprop=\"contentURL\"><img loading=\"lazy\" decoding=\"async\" width=\"200\" height=\"300\" src=\"https:\/\/i0.wp.com\/www.parrinst.com\/de\/wp-content\/uploads\/sites\/6\/2025\/12\/4600HP_1.9L_open_115199PI3_3110.jpg?fit=200%2C300&amp;ssl=1\" class=\"attachment-medium size-medium\" alt=\"4600HP-1.9L-VGR- Fixed Head Pressure Vessel in a Bench Top Stand (-BTS), open to show thermowell\" srcset=\"https:\/\/i0.wp.com\/www.parrinst.com\/de\/wp-content\/uploads\/sites\/6\/2025\/12\/4600HP_1.9L_open_115199PI3_3110.jpg?w=2100&amp;ssl=1 2100w, https:\/\/i0.wp.com\/www.parrinst.com\/de\/wp-content\/uploads\/sites\/6\/2025\/12\/4600HP_1.9L_open_115199PI3_3110.jpg?resize=200%2C300&amp;ssl=1 200w, https:\/\/i0.wp.com\/www.parrinst.com\/de\/wp-content\/uploads\/sites\/6\/2025\/12\/4600HP_1.9L_open_115199PI3_3110.jpg?resize=683%2C1024&amp;ssl=1 683w, https:\/\/i0.wp.com\/www.parrinst.com\/de\/wp-content\/uploads\/sites\/6\/2025\/12\/4600HP_1.9L_open_115199PI3_3110.jpg?resize=100%2C150&amp;ssl=1 100w, https:\/\/i0.wp.com\/www.parrinst.com\/de\/wp-content\/uploads\/sites\/6\/2025\/12\/4600HP_1.9L_open_115199PI3_3110.jpg?resize=1024%2C1536&amp;ssl=1 1024w, https:\/\/i0.wp.com\/www.parrinst.com\/de\/wp-content\/uploads\/sites\/6\/2025\/12\/4600HP_1.9L_open_115199PI3_3110.jpg?resize=1365%2C2048&amp;ssl=1 1365w, https:\/\/i0.wp.com\/www.parrinst.com\/de\/wp-content\/uploads\/sites\/6\/2025\/12\/4600HP_1.9L_open_115199PI3_3110.jpg?w=1280&amp;ssl=1 1280w, https:\/\/i0.wp.com\/www.parrinst.com\/de\/wp-content\/uploads\/sites\/6\/2025\/12\/4600HP_1.9L_open_115199PI3_3110.jpg?w=1920&amp;ssl=1 1920w\" sizes=\"auto, (max-width: 200px) 100vw, 200px\" itemprop=\"thumbnail\" \/><\/a><\/div>\n\t\t\t\t\t<\/figure>\n\t\t\t\t\t<figure class='gallery-item col-3' itemprop='associatedMedia' itemscope itemtype='http:\/\/schema.org\/ImageObject'>\n\t\t\t\t\t\t<div class='gallery-icon portrait'><a href=\"https:\/\/i0.wp.com\/www.parrinst.com\/de\/wp-content\/uploads\/sites\/6\/2019\/07\/4601_1000mL_with_stand_non-stirred_852625PI2_33425x7.jpg?ssl=1\" itemprop=\"contentURL\"><img loading=\"lazy\" decoding=\"async\" width=\"214\" height=\"300\" src=\"https:\/\/i0.wp.com\/www.parrinst.com\/de\/wp-content\/uploads\/sites\/6\/2019\/07\/4601_1000mL_with_stand_non-stirred_852625PI2_33425x7.jpg?fit=214%2C300&amp;ssl=1\" class=\"attachment-medium size-medium\" alt=\"4600-1L-VGR Moveable Head Vessel with thermocouple, optional pressure transducer, &amp; single inlet valve in a Floor Cart with heater and 4838 Temperature Controller with optional PDM module\" srcset=\"https:\/\/i0.wp.com\/www.parrinst.com\/de\/wp-content\/uploads\/sites\/6\/2019\/07\/4601_1000mL_with_stand_non-stirred_852625PI2_33425x7.jpg?w=3104&amp;ssl=1 3104w, https:\/\/i0.wp.com\/www.parrinst.com\/de\/wp-content\/uploads\/sites\/6\/2019\/07\/4601_1000mL_with_stand_non-stirred_852625PI2_33425x7.jpg?resize=107%2C150&amp;ssl=1 107w, https:\/\/i0.wp.com\/www.parrinst.com\/de\/wp-content\/uploads\/sites\/6\/2019\/07\/4601_1000mL_with_stand_non-stirred_852625PI2_33425x7.jpg?resize=214%2C300&amp;ssl=1 214w, https:\/\/i0.wp.com\/www.parrinst.com\/de\/wp-content\/uploads\/sites\/6\/2019\/07\/4601_1000mL_with_stand_non-stirred_852625PI2_33425x7.jpg?resize=731%2C1024&amp;ssl=1 731w, https:\/\/i0.wp.com\/www.parrinst.com\/de\/wp-content\/uploads\/sites\/6\/2019\/07\/4601_1000mL_with_stand_non-stirred_852625PI2_33425x7.jpg?w=1280&amp;ssl=1 1280w, https:\/\/i0.wp.com\/www.parrinst.com\/de\/wp-content\/uploads\/sites\/6\/2019\/07\/4601_1000mL_with_stand_non-stirred_852625PI2_33425x7.jpg?w=1920&amp;ssl=1 1920w\" sizes=\"auto, (max-width: 214px) 100vw, 214px\" itemprop=\"thumbnail\" \/><\/a><\/div>\n\t\t\t\t\t<\/figure>\n\t\t\t\t<\/div>\n\t\t\t\t<div class='gallery-row gallery-col-3 gallery-clear'>\n\t\t\t\t\t<figure class='gallery-item col-3' itemprop='associatedMedia' itemscope itemtype='http:\/\/schema.org\/ImageObject'>\n\t\t\t\t\t\t<div class='gallery-icon portrait'><a href=\"https:\/\/i0.wp.com\/www.parrinst.com\/de\/wp-content\/uploads\/sites\/6\/2011\/06\/4621_1000mL-Vessel_VGR.jpg?ssl=1\" itemprop=\"contentURL\"><img loading=\"lazy\" decoding=\"async\" width=\"214\" height=\"300\" src=\"https:\/\/i0.wp.com\/www.parrinst.com\/de\/wp-content\/uploads\/sites\/6\/2011\/06\/4621_1000mL-Vessel_VGR.jpg?fit=214%2C300&amp;ssl=1\" class=\"attachment-medium size-medium\" alt=\"4600-1L Pressure Vessel with Valve, Gage, Rupture Disc, and Thermowell (VGR) and single inlet valve (-VD)\" srcset=\"https:\/\/i0.wp.com\/www.parrinst.com\/de\/wp-content\/uploads\/sites\/6\/2011\/06\/4621_1000mL-Vessel_VGR.jpg?w=600&amp;ssl=1 600w, https:\/\/i0.wp.com\/www.parrinst.com\/de\/wp-content\/uploads\/sites\/6\/2011\/06\/4621_1000mL-Vessel_VGR.jpg?resize=107%2C150&amp;ssl=1 107w, https:\/\/i0.wp.com\/www.parrinst.com\/de\/wp-content\/uploads\/sites\/6\/2011\/06\/4621_1000mL-Vessel_VGR.jpg?resize=214%2C300&amp;ssl=1 214w\" sizes=\"auto, (max-width: 214px) 100vw, 214px\" itemprop=\"thumbnail\" \/><\/a><\/div>\n\t\t\t\t\t<\/figure>\n\t\t\t\t\t<figure class='gallery-item col-3' itemprop='associatedMedia' itemscope itemtype='http:\/\/schema.org\/ImageObject'>\n\t\t\t\t\t\t<div class='gallery-icon portrait'><a href=\"https:\/\/i0.wp.com\/www.parrinst.com\/de\/wp-content\/uploads\/sites\/6\/2011\/06\/blankVessel.jpg?ssl=1\" itemprop=\"contentURL\"><img loading=\"lazy\" decoding=\"async\" width=\"214\" height=\"300\" src=\"https:\/\/i0.wp.com\/www.parrinst.com\/de\/wp-content\/uploads\/sites\/6\/2011\/06\/blankVessel.jpg?fit=214%2C300&amp;ssl=1\" class=\"attachment-medium size-medium\" alt=\"4600-1L mit Berstscheibeneinheit\" srcset=\"https:\/\/i0.wp.com\/www.parrinst.com\/de\/wp-content\/uploads\/sites\/6\/2011\/06\/blankVessel.jpg?w=600&amp;ssl=1 600w, https:\/\/i0.wp.com\/www.parrinst.com\/de\/wp-content\/uploads\/sites\/6\/2011\/06\/blankVessel.jpg?resize=107%2C150&amp;ssl=1 107w, https:\/\/i0.wp.com\/www.parrinst.com\/de\/wp-content\/uploads\/sites\/6\/2011\/06\/blankVessel.jpg?resize=214%2C300&amp;ssl=1 214w\" sizes=\"auto, (max-width: 214px) 100vw, 214px\" itemprop=\"thumbnail\" \/><\/a><\/div>\n\t\t\t\t\t<\/figure>\n\t\t\t\t\t<figure class='gallery-item col-3' itemprop='associatedMedia' itemscope itemtype='http:\/\/schema.org\/ImageObject'>\n\t\t\t\t\t\t<div class='gallery-icon portrait'><a href=\"https:\/\/i0.wp.com\/www.parrinst.com\/de\/wp-content\/uploads\/sites\/6\/2011\/06\/4621_CrossSection.png?ssl=1\" itemprop=\"contentURL\"><img loading=\"lazy\" decoding=\"async\" width=\"278\" height=\"300\" src=\"https:\/\/i0.wp.com\/www.parrinst.com\/de\/wp-content\/uploads\/sites\/6\/2011\/06\/4621_CrossSection.png?fit=278%2C300&amp;ssl=1\" class=\"attachment-medium size-medium\" alt=\"4600-1L Querschnitt\" srcset=\"https:\/\/i0.wp.com\/www.parrinst.com\/de\/wp-content\/uploads\/sites\/6\/2011\/06\/4621_CrossSection.png?w=571&amp;ssl=1 571w, https:\/\/i0.wp.com\/www.parrinst.com\/de\/wp-content\/uploads\/sites\/6\/2011\/06\/4621_CrossSection.png?resize=278%2C300&amp;ssl=1 278w\" sizes=\"auto, (max-width: 278px) 100vw, 278px\" itemprop=\"thumbnail\" \/><\/a><\/div>\n\t\t\t\t\t<\/figure>\n\t\t\t\t<\/div>\n\t\t\t\t<div class='gallery-row gallery-col-3 gallery-clear'>\n\t\t\t\t\t<figure class='gallery-item col-3' itemprop='associatedMedia' itemscope itemtype='http:\/\/schema.org\/ImageObject'>\n\t\t\t\t\t\t<div class='gallery-icon portrait'><a href=\"https:\/\/i0.wp.com\/www.parrinst.com\/de\/wp-content\/uploads\/sites\/6\/2018\/06\/4622-GP_2000mL915375web.jpg?ssl=1\" itemprop=\"contentURL\"><img loading=\"lazy\" decoding=\"async\" width=\"200\" height=\"300\" src=\"https:\/\/i0.wp.com\/www.parrinst.com\/de\/wp-content\/uploads\/sites\/6\/2018\/06\/4622-GP_2000mL915375web.jpg?fit=200%2C300&amp;ssl=1\" class=\"attachment-medium size-medium\" alt=\"4600-2L-VGR Vessel, with Moveable Head\" srcset=\"https:\/\/i0.wp.com\/www.parrinst.com\/de\/wp-content\/uploads\/sites\/6\/2018\/06\/4622-GP_2000mL915375web.jpg?w=600&amp;ssl=1 600w, https:\/\/i0.wp.com\/www.parrinst.com\/de\/wp-content\/uploads\/sites\/6\/2018\/06\/4622-GP_2000mL915375web.jpg?resize=100%2C150&amp;ssl=1 100w, https:\/\/i0.wp.com\/www.parrinst.com\/de\/wp-content\/uploads\/sites\/6\/2018\/06\/4622-GP_2000mL915375web.jpg?resize=200%2C300&amp;ssl=1 200w\" sizes=\"auto, (max-width: 200px) 100vw, 200px\" itemprop=\"thumbnail\" \/><\/a><\/div>\n\t\t\t\t\t<\/figure>\n\t\t\t\t\t<figure class='gallery-item col-3' itemprop='associatedMedia' itemscope itemtype='http:\/\/schema.org\/ImageObject'>\n\t\t\t\t\t\t<div class='gallery-icon portrait'><a href=\"https:\/\/i0.wp.com\/www.parrinst.com\/de\/wp-content\/uploads\/sites\/6\/2018\/06\/4622-GP_4913-heater915375web.jpg?ssl=1\" itemprop=\"contentURL\"><img loading=\"lazy\" decoding=\"async\" width=\"178\" height=\"300\" src=\"https:\/\/i0.wp.com\/www.parrinst.com\/de\/wp-content\/uploads\/sites\/6\/2018\/06\/4622-GP_4913-heater915375web.jpg?fit=178%2C300&amp;ssl=1\" class=\"attachment-medium size-medium\" alt=\"4600-2L-VGR Vessel with bench top heater (-BTH) with base plate\" srcset=\"https:\/\/i0.wp.com\/www.parrinst.com\/de\/wp-content\/uploads\/sites\/6\/2018\/06\/4622-GP_4913-heater915375web.jpg?w=600&amp;ssl=1 600w, https:\/\/i0.wp.com\/www.parrinst.com\/de\/wp-content\/uploads\/sites\/6\/2018\/06\/4622-GP_4913-heater915375web.jpg?resize=89%2C150&amp;ssl=1 89w, https:\/\/i0.wp.com\/www.parrinst.com\/de\/wp-content\/uploads\/sites\/6\/2018\/06\/4622-GP_4913-heater915375web.jpg?resize=178%2C300&amp;ssl=1 178w\" sizes=\"auto, (max-width: 178px) 100vw, 178px\" itemprop=\"thumbnail\" \/><\/a><\/div>\n\t\t\t\t\t<\/figure>\n\t\t\t<\/div>\n\t\t\t<\/div><!-- .gallery -->\n\n<p>1 L und 2 L Druckbeh\u00e4lter der Serien 4601-4622 k\u00f6nnen unter Dr\u00fccken bis 130 bar (1900 psi) bei Temperaturen von 350\u00b0C eingesetzt werden. Optional sind die Beh\u00e4lter dieser Serie auch als Hochdruckbeh\u00e4lter verf\u00fcgbar, dabei ist zu beachten, dass das Volumen in der Hochdruckversion geringf\u00fcgig kleiner ist und die Maximaltemperatur mit dem h\u00f6heren Druck abnimmt.<\/p>\n<p>Alle Druckbeh\u00e4lter dieser Serie sind f\u00fcr den Betrieb auf Labortischen als \u201eMoveable Head\u201c- oder als \u201eFixed Head\u201c-Konstruktion erh\u00e4ltlich. Der Split-Ring-Verschluss ist entweder mit oder ohne den 6 zus\u00e4tzlichen Schrauben verf\u00fcgbar. Der Beh\u00e4lterkopf kann mit 6 bis 10 Anschluss\u00f6ffnungen versehen werden.<\/p>\n","protected":false},"excerpt":{"rendered":"<p>1 L und 2 L Druckbeh\u00e4lter der Serien 4601-4622 k\u00f6nnen unter Dr\u00fccken bis 130 bar (1900 psi) bei Temperaturen von 350\u00b0C eingesetzt werden. Optional sind die Beh\u00e4lter dieser Serie auch als Hochdruckbeh\u00e4lter verf\u00fcgbar, dabei ist zu beachten, dass das Volumen in der Hochdruckversion geringf\u00fcgig kleiner ist und die Maximaltemperatur mit dem h\u00f6heren Druck abnimmt. Alle [&hellip;]<\/p>\n","protected":false},"author":2,"featured_media":37713,"parent":77,"menu_order":0,"comment_status":"closed","ping_status":"closed","template":"product-wide-strirred-filter.php","meta":{"_acf_changed":false,"footnotes":"","_links_to":"","_links_to_target":""},"class_list":["post-747","page","type-page","status-publish","has-post-thumbnail","hentry"],"acf":[],"yoast_head":"<!-- This site is optimized with the Yoast SEO plugin v27.4 - https:\/\/yoast.com\/product\/yoast-seo-wordpress\/ -->\n<title>Serie 4600 Druckgef\u00e4\u00dfe, 1 und 2 Liter - Parr Instrument GmbH<\/title>\n<meta name=\"robots\" content=\"index, follow, max-snippet:-1, max-image-preview:large, max-video-preview:-1\" \/>\n<link rel=\"canonical\" href=\"https:\/\/www.parrinst.com\/de\/products\/non-stirred-pressure-vessels\/series-4600\/\" \/>\n<meta property=\"og:locale\" content=\"en_US\" \/>\n<meta property=\"og:type\" content=\"article\" \/>\n<meta property=\"og:title\" content=\"Serie 4600 Druckgef\u00e4\u00dfe, 1 und 2 Liter - Parr Instrument GmbH\" \/>\n<meta property=\"og:description\" content=\"1 L und 2 L Druckbeh\u00e4lter der Serien 4601-4622 k\u00f6nnen unter Dr\u00fccken bis 130 bar (1900 psi) bei Temperaturen von 350\u00b0C eingesetzt werden. Optional sind die Beh\u00e4lter dieser Serie auch als Hochdruckbeh\u00e4lter verf\u00fcgbar, dabei ist zu beachten, dass das Volumen in der Hochdruckversion geringf\u00fcgig kleiner ist und die Maximaltemperatur mit dem h\u00f6heren Druck abnimmt. Alle [&hellip;]\" \/>\n<meta property=\"og:url\" content=\"https:\/\/www.parrinst.com\/de\/products\/non-stirred-pressure-vessels\/series-4600\/\" \/>\n<meta property=\"og:site_name\" content=\"Parr Instrument GmbH\" \/>\n<meta property=\"article:modified_time\" content=\"2025-12-11T16:22:00+00:00\" \/>\n<meta property=\"og:image\" content=\"https:\/\/www.parrinst.com\/de\/wp-content\/uploads\/sites\/6\/2018\/01\/parr_banner_non-stirred_secondary.jpg\" \/>\n\t<meta property=\"og:image:width\" content=\"2200\" \/>\n\t<meta property=\"og:image:height\" content=\"399\" \/>\n\t<meta property=\"og:image:type\" content=\"image\/jpeg\" \/>\n<meta name=\"twitter:card\" content=\"summary_large_image\" \/>\n<meta name=\"twitter:label1\" content=\"Est. reading time\" \/>\n\t<meta name=\"twitter:data1\" content=\"1 minute\" \/>\n<script type=\"application\/ld+json\" class=\"yoast-schema-graph\">{\"@context\":\"https:\\\/\\\/schema.org\",\"@graph\":[{\"@type\":\"WebPage\",\"@id\":\"https:\\\/\\\/www.parrinst.com\\\/de\\\/products\\\/non-stirred-pressure-vessels\\\/series-4600\\\/\",\"url\":\"https:\\\/\\\/www.parrinst.com\\\/de\\\/products\\\/non-stirred-pressure-vessels\\\/series-4600\\\/\",\"name\":\"Serie 4600 Druckgef\u00e4\u00dfe, 1 und 2 Liter - Parr Instrument GmbH\",\"isPartOf\":{\"@id\":\"https:\\\/\\\/www.parrinst.com\\\/de\\\/#website\"},\"primaryImageOfPage\":{\"@id\":\"https:\\\/\\\/www.parrinst.com\\\/de\\\/products\\\/non-stirred-pressure-vessels\\\/series-4600\\\/#primaryimage\"},\"image\":{\"@id\":\"https:\\\/\\\/www.parrinst.com\\\/de\\\/products\\\/non-stirred-pressure-vessels\\\/series-4600\\\/#primaryimage\"},\"thumbnailUrl\":\"https:\\\/\\\/i0.wp.com\\\/www.parrinst.com\\\/de\\\/wp-content\\\/uploads\\\/sites\\\/6\\\/2018\\\/01\\\/parr_banner_non-stirred_secondary.jpg?fit=2200%2C399&ssl=1\",\"datePublished\":\"2011-05-05T00:25:18+00:00\",\"dateModified\":\"2025-12-11T16:22:00+00:00\",\"breadcrumb\":{\"@id\":\"https:\\\/\\\/www.parrinst.com\\\/de\\\/products\\\/non-stirred-pressure-vessels\\\/series-4600\\\/#breadcrumb\"},\"inLanguage\":\"en-US\",\"potentialAction\":[{\"@type\":\"ReadAction\",\"target\":[\"https:\\\/\\\/www.parrinst.com\\\/de\\\/products\\\/non-stirred-pressure-vessels\\\/series-4600\\\/\"]}]},{\"@type\":\"ImageObject\",\"inLanguage\":\"en-US\",\"@id\":\"https:\\\/\\\/www.parrinst.com\\\/de\\\/products\\\/non-stirred-pressure-vessels\\\/series-4600\\\/#primaryimage\",\"url\":\"https:\\\/\\\/i0.wp.com\\\/www.parrinst.com\\\/de\\\/wp-content\\\/uploads\\\/sites\\\/6\\\/2018\\\/01\\\/parr_banner_non-stirred_secondary.jpg?fit=2200%2C399&ssl=1\",\"contentUrl\":\"https:\\\/\\\/i0.wp.com\\\/www.parrinst.com\\\/de\\\/wp-content\\\/uploads\\\/sites\\\/6\\\/2018\\\/01\\\/parr_banner_non-stirred_secondary.jpg?fit=2200%2C399&ssl=1\",\"width\":2200,\"height\":399},{\"@type\":\"BreadcrumbList\",\"@id\":\"https:\\\/\\\/www.parrinst.com\\\/de\\\/products\\\/non-stirred-pressure-vessels\\\/series-4600\\\/#breadcrumb\",\"itemListElement\":[{\"@type\":\"ListItem\",\"position\":1,\"name\":\"Home\",\"item\":\"https:\\\/\\\/www.parrinst.com\\\/de\\\/\"},{\"@type\":\"ListItem\",\"position\":2,\"name\":\"Products\",\"item\":\"https:\\\/\\\/www.parrinst.com\\\/de\\\/products\\\/\"},{\"@type\":\"ListItem\",\"position\":3,\"name\":\"Nicht ger\u00fchrte Druckbeh\u00e4lter\",\"item\":\"https:\\\/\\\/www.parrinst.com\\\/de\\\/products\\\/non-stirred-pressure-vessels\\\/\"},{\"@type\":\"ListItem\",\"position\":4,\"name\":\"Serie 4600 Druckgef\u00e4\u00dfe, 1 und 2 Liter\"}]},{\"@type\":\"WebSite\",\"@id\":\"https:\\\/\\\/www.parrinst.com\\\/de\\\/#website\",\"url\":\"https:\\\/\\\/www.parrinst.com\\\/de\\\/\",\"name\":\"Parr Instrument GmbH\",\"description\":\"\",\"potentialAction\":[{\"@type\":\"SearchAction\",\"target\":{\"@type\":\"EntryPoint\",\"urlTemplate\":\"https:\\\/\\\/www.parrinst.com\\\/de\\\/?s={search_term_string}\"},\"query-input\":{\"@type\":\"PropertyValueSpecification\",\"valueRequired\":true,\"valueName\":\"search_term_string\"}}],\"inLanguage\":\"en-US\"}]}<\/script>\n<!-- \/ Yoast SEO plugin. -->","yoast_head_json":{"title":"Serie 4600 Druckgef\u00e4\u00dfe, 1 und 2 Liter - Parr Instrument GmbH","robots":{"index":"index","follow":"follow","max-snippet":"max-snippet:-1","max-image-preview":"max-image-preview:large","max-video-preview":"max-video-preview:-1"},"canonical":"https:\/\/www.parrinst.com\/de\/products\/non-stirred-pressure-vessels\/series-4600\/","og_locale":"en_US","og_type":"article","og_title":"Serie 4600 Druckgef\u00e4\u00dfe, 1 und 2 Liter - Parr Instrument GmbH","og_description":"1 L und 2 L Druckbeh\u00e4lter der Serien 4601-4622 k\u00f6nnen unter Dr\u00fccken bis 130 bar (1900 psi) bei Temperaturen von 350\u00b0C eingesetzt werden. Optional sind die Beh\u00e4lter dieser Serie auch als Hochdruckbeh\u00e4lter verf\u00fcgbar, dabei ist zu beachten, dass das Volumen in der Hochdruckversion geringf\u00fcgig kleiner ist und die Maximaltemperatur mit dem h\u00f6heren Druck abnimmt. Alle [&hellip;]","og_url":"https:\/\/www.parrinst.com\/de\/products\/non-stirred-pressure-vessels\/series-4600\/","og_site_name":"Parr Instrument GmbH","article_modified_time":"2025-12-11T16:22:00+00:00","og_image":[{"width":2200,"height":399,"url":"https:\/\/www.parrinst.com\/de\/wp-content\/uploads\/sites\/6\/2018\/01\/parr_banner_non-stirred_secondary.jpg","type":"image\/jpeg"}],"twitter_card":"summary_large_image","twitter_misc":{"Est. reading time":"1 minute"},"schema":{"@context":"https:\/\/schema.org","@graph":[{"@type":"WebPage","@id":"https:\/\/www.parrinst.com\/de\/products\/non-stirred-pressure-vessels\/series-4600\/","url":"https:\/\/www.parrinst.com\/de\/products\/non-stirred-pressure-vessels\/series-4600\/","name":"Serie 4600 Druckgef\u00e4\u00dfe, 1 und 2 Liter - Parr Instrument GmbH","isPartOf":{"@id":"https:\/\/www.parrinst.com\/de\/#website"},"primaryImageOfPage":{"@id":"https:\/\/www.parrinst.com\/de\/products\/non-stirred-pressure-vessels\/series-4600\/#primaryimage"},"image":{"@id":"https:\/\/www.parrinst.com\/de\/products\/non-stirred-pressure-vessels\/series-4600\/#primaryimage"},"thumbnailUrl":"https:\/\/i0.wp.com\/www.parrinst.com\/de\/wp-content\/uploads\/sites\/6\/2018\/01\/parr_banner_non-stirred_secondary.jpg?fit=2200%2C399&ssl=1","datePublished":"2011-05-05T00:25:18+00:00","dateModified":"2025-12-11T16:22:00+00:00","breadcrumb":{"@id":"https:\/\/www.parrinst.com\/de\/products\/non-stirred-pressure-vessels\/series-4600\/#breadcrumb"},"inLanguage":"en-US","potentialAction":[{"@type":"ReadAction","target":["https:\/\/www.parrinst.com\/de\/products\/non-stirred-pressure-vessels\/series-4600\/"]}]},{"@type":"ImageObject","inLanguage":"en-US","@id":"https:\/\/www.parrinst.com\/de\/products\/non-stirred-pressure-vessels\/series-4600\/#primaryimage","url":"https:\/\/i0.wp.com\/www.parrinst.com\/de\/wp-content\/uploads\/sites\/6\/2018\/01\/parr_banner_non-stirred_secondary.jpg?fit=2200%2C399&ssl=1","contentUrl":"https:\/\/i0.wp.com\/www.parrinst.com\/de\/wp-content\/uploads\/sites\/6\/2018\/01\/parr_banner_non-stirred_secondary.jpg?fit=2200%2C399&ssl=1","width":2200,"height":399},{"@type":"BreadcrumbList","@id":"https:\/\/www.parrinst.com\/de\/products\/non-stirred-pressure-vessels\/series-4600\/#breadcrumb","itemListElement":[{"@type":"ListItem","position":1,"name":"Home","item":"https:\/\/www.parrinst.com\/de\/"},{"@type":"ListItem","position":2,"name":"Products","item":"https:\/\/www.parrinst.com\/de\/products\/"},{"@type":"ListItem","position":3,"name":"Nicht ger\u00fchrte Druckbeh\u00e4lter","item":"https:\/\/www.parrinst.com\/de\/products\/non-stirred-pressure-vessels\/"},{"@type":"ListItem","position":4,"name":"Serie 4600 Druckgef\u00e4\u00dfe, 1 und 2 Liter"}]},{"@type":"WebSite","@id":"https:\/\/www.parrinst.com\/de\/#website","url":"https:\/\/www.parrinst.com\/de\/","name":"Parr Instrument GmbH","description":"","potentialAction":[{"@type":"SearchAction","target":{"@type":"EntryPoint","urlTemplate":"https:\/\/www.parrinst.com\/de\/?s={search_term_string}"},"query-input":{"@type":"PropertyValueSpecification","valueRequired":true,"valueName":"search_term_string"}}],"inLanguage":"en-US"}]}},"jetpack_sharing_enabled":true,"_links":{"self":[{"href":"https:\/\/www.parrinst.com\/de\/wp-json\/wp\/v2\/pages\/747","targetHints":{"allow":["GET"]}}],"collection":[{"href":"https:\/\/www.parrinst.com\/de\/wp-json\/wp\/v2\/pages"}],"about":[{"href":"https:\/\/www.parrinst.com\/de\/wp-json\/wp\/v2\/types\/page"}],"author":[{"embeddable":true,"href":"https:\/\/www.parrinst.com\/de\/wp-json\/wp\/v2\/users\/2"}],"replies":[{"embeddable":true,"href":"https:\/\/www.parrinst.com\/de\/wp-json\/wp\/v2\/comments?post=747"}],"version-history":[{"count":10,"href":"https:\/\/www.parrinst.com\/de\/wp-json\/wp\/v2\/pages\/747\/revisions"}],"predecessor-version":[{"id":41691,"href":"https:\/\/www.parrinst.com\/de\/wp-json\/wp\/v2\/pages\/747\/revisions\/41691"}],"up":[{"embeddable":true,"href":"https:\/\/www.parrinst.com\/de\/wp-json\/wp\/v2\/pages\/77"}],"wp:featuredmedia":[{"embeddable":true,"href":"https:\/\/www.parrinst.com\/de\/wp-json\/wp\/v2\/media\/37713"}],"wp:attachment":[{"href":"https:\/\/www.parrinst.com\/de\/wp-json\/wp\/v2\/media?parent=747"}],"curies":[{"name":"wp","href":"https:\/\/api.w.org\/{rel}","templated":true}]}}