{"id":754,"date":"2011-05-04T19:27:11","date_gmt":"2011-05-05T00:27:11","guid":{"rendered":"https:\/\/www.parrinst.com\/?page_id=754"},"modified":"2020-01-22T14:58:07","modified_gmt":"2020-01-22T20:58:07","slug":"series-4650","status":"publish","type":"page","link":"https:\/\/www.parrinst.com\/de\/products\/non-stirred-pressure-vessels\/series-4650\/","title":{"rendered":"Hochdruck- \/ Hochtemperaturbeh\u00e4lter der Serien 4650 mit 250-1000 ml"},"content":{"rendered":"\n\t\t\t<div id='754-1' class='gallery gallery-754 gallery-columns-3 gallery-size-medium' itemscope itemtype='http:\/\/schema.org\/ImageGallery'>\n\t\t\t\t<div class='gallery-row gallery-col-3 gallery-clear'>\n\t\t\t\t\t<figure class='gallery-item col-3' itemprop='associatedMedia' itemscope itemtype='http:\/\/schema.org\/ImageObject'>\n\t\t\t\t\t\t<div class='gallery-icon portrait'><a href=\"https:\/\/i0.wp.com\/www.parrinst.com\/de\/wp-content\/uploads\/sites\/6\/2011\/06\/4651-250mL-Vessel-HPHT.jpg?ssl=1\" itemprop=\"contentURL\"><img loading=\"lazy\" decoding=\"async\" width=\"215\" height=\"300\" src=\"https:\/\/i0.wp.com\/www.parrinst.com\/de\/wp-content\/uploads\/sites\/6\/2011\/06\/4651-250mL-Vessel-HPHT.jpg?fit=215%2C300&amp;ssl=1\" class=\"attachment-medium size-medium\" alt=\"Model 4650-250mL Vessel with VGR, Thermocouple and single inlet valve.\" srcset=\"https:\/\/i0.wp.com\/www.parrinst.com\/de\/wp-content\/uploads\/sites\/6\/2011\/06\/4651-250mL-Vessel-HPHT.jpg?w=600&amp;ssl=1 600w, https:\/\/i0.wp.com\/www.parrinst.com\/de\/wp-content\/uploads\/sites\/6\/2011\/06\/4651-250mL-Vessel-HPHT.jpg?resize=107%2C150&amp;ssl=1 107w, https:\/\/i0.wp.com\/www.parrinst.com\/de\/wp-content\/uploads\/sites\/6\/2011\/06\/4651-250mL-Vessel-HPHT.jpg?resize=215%2C300&amp;ssl=1 215w\" sizes=\"auto, (max-width: 215px) 100vw, 215px\" itemprop=\"thumbnail\" \/><\/a><\/div>\n\t\t\t\t\t<\/figure>\n\t\t\t\t\t<figure class='gallery-item col-3' itemprop='associatedMedia' itemscope itemtype='http:\/\/schema.org\/ImageObject'>\n\t\t\t\t\t\t<div class='gallery-icon portrait'><a href=\"https:\/\/i0.wp.com\/www.parrinst.com\/de\/wp-content\/uploads\/sites\/6\/2011\/05\/4575_newheater_HTHP_benchtop_moveable_500mL_4848-copy.jpg?ssl=1\" itemprop=\"contentURL\"><img loading=\"lazy\" decoding=\"async\" width=\"214\" height=\"300\" src=\"https:\/\/i0.wp.com\/www.parrinst.com\/de\/wp-content\/uploads\/sites\/6\/2011\/05\/4575_newheater_HTHP_benchtop_moveable_500mL_4848-copy.jpg?fit=214%2C300&amp;ssl=1\" class=\"attachment-medium size-medium\" alt=\"4650-500mL Removable Head Vessel with Bench Top Heater and Base Plate\" srcset=\"https:\/\/i0.wp.com\/www.parrinst.com\/de\/wp-content\/uploads\/sites\/6\/2011\/05\/4575_newheater_HTHP_benchtop_moveable_500mL_4848-copy.jpg?w=600&amp;ssl=1 600w, https:\/\/i0.wp.com\/www.parrinst.com\/de\/wp-content\/uploads\/sites\/6\/2011\/05\/4575_newheater_HTHP_benchtop_moveable_500mL_4848-copy.jpg?resize=107%2C150&amp;ssl=1 107w, https:\/\/i0.wp.com\/www.parrinst.com\/de\/wp-content\/uploads\/sites\/6\/2011\/05\/4575_newheater_HTHP_benchtop_moveable_500mL_4848-copy.jpg?resize=214%2C300&amp;ssl=1 214w\" sizes=\"auto, (max-width: 214px) 100vw, 214px\" itemprop=\"thumbnail\" \/><\/a><\/div>\n\t\t\t\t\t<\/figure>\n\t\t\t\t\t<figure class='gallery-item col-3' itemprop='associatedMedia' itemscope itemtype='http:\/\/schema.org\/ImageObject'>\n\t\t\t\t\t\t<div class='gallery-icon portrait'><a href=\"https:\/\/i0.wp.com\/www.parrinst.com\/de\/wp-content\/uploads\/sites\/6\/2011\/06\/4651_CrossSection.png?ssl=1\" itemprop=\"contentURL\"><img loading=\"lazy\" decoding=\"async\" width=\"221\" height=\"300\" src=\"https:\/\/i0.wp.com\/www.parrinst.com\/de\/wp-content\/uploads\/sites\/6\/2011\/06\/4651_CrossSection.png?fit=221%2C300&amp;ssl=1\" class=\"attachment-medium size-medium\" alt=\"4650 Cross Section\" srcset=\"https:\/\/i0.wp.com\/www.parrinst.com\/de\/wp-content\/uploads\/sites\/6\/2011\/06\/4651_CrossSection.png?w=578&amp;ssl=1 578w, https:\/\/i0.wp.com\/www.parrinst.com\/de\/wp-content\/uploads\/sites\/6\/2011\/06\/4651_CrossSection.png?resize=221%2C300&amp;ssl=1 221w\" sizes=\"auto, (max-width: 221px) 100vw, 221px\" itemprop=\"thumbnail\" \/><\/a><\/div>\n\t\t\t\t\t<\/figure>\n\t\t\t\t<\/div>\n\t\t\t<\/div><!-- .gallery -->\n\n<p>Die Hochdruck- und Hochtemperaturbeh\u00e4lter der Serie 4650 sind in den Gr\u00f6\u00dfen 250 ml, 500 ml und 1000 ml erh\u00e4ltlich. Mit diesen Druckbeh\u00e4ltern k\u00f6nnen Temperaturen bis 600\u00b0C und Maximaldr\u00fccke von bis zu 413 bar (6000 psi) erreicht werden. Der zul\u00e4ssige H\u00f6chstdruck bei der maximalen Arbeitstemperatur von 600\u00b0C betr\u00e4gt 289 bar (4200 psi).<\/p>\n<p>Die Beh\u00e4lter werden serienm\u00e4\u00dfig mit dem Split-Ring Verschluss-System und acht Druckschrauben und einem Kopf mit Ventil, Manometer, Berstscheibe und Thermoh\u00fclse geliefert.<\/p>\n<p>Es k\u00f6nnen zus\u00e4tzlich noch ein zus\u00e4tzliches Ventil und ein Tauchrohr eingebaut werden, damit ist dann die Maximalanzahl an m\u00f6glichen Kopfanschl\u00fcssen (6) f\u00fcr diese Druckbeh\u00e4lter erreicht.<\/p>\n<p>Die beschriebenen Beh\u00e4lter sind in der \u201eFixed Head\u201c- und in der \u201eMoveable Head\u201c-Ausf\u00fchrung erh\u00e4ltlich.<\/p>\n<p>&nbsp;<\/p>\n","protected":false},"excerpt":{"rendered":"<p>Die Hochdruck- und Hochtemperaturbeh\u00e4lter der Serie 4650 sind in den Gr\u00f6\u00dfen 250 ml, 500 ml und 1000 ml erh\u00e4ltlich. Mit diesen Druckbeh\u00e4ltern k\u00f6nnen Temperaturen bis 600\u00b0C und Maximaldr\u00fccke von bis zu 413 bar (6000 psi) erreicht werden. Der zul\u00e4ssige H\u00f6chstdruck bei der maximalen Arbeitstemperatur von 600\u00b0C betr\u00e4gt 289 bar (4200 psi). Die Beh\u00e4lter werden serienm\u00e4\u00dfig [&hellip;]<\/p>\n","protected":false},"author":1,"featured_media":37713,"parent":77,"menu_order":0,"comment_status":"closed","ping_status":"closed","template":"product-wide-strirred-filter.php","meta":{"_acf_changed":false,"footnotes":"","_links_to":"","_links_to_target":""},"class_list":["post-754","page","type-page","status-publish","has-post-thumbnail","hentry"],"acf":[],"yoast_head":"<!-- This site is optimized with the Yoast SEO plugin v27.4 - https:\/\/yoast.com\/product\/yoast-seo-wordpress\/ -->\n<title>Hochdruck- \/ Hochtemperaturbeh\u00e4lter der Serien 4650 mit 250-1000 ml - Parr Instrument GmbH<\/title>\n<meta name=\"robots\" content=\"index, follow, max-snippet:-1, max-image-preview:large, max-video-preview:-1\" \/>\n<link rel=\"canonical\" href=\"https:\/\/www.parrinst.com\/de\/products\/non-stirred-pressure-vessels\/series-4650\/\" \/>\n<meta property=\"og:locale\" content=\"en_US\" \/>\n<meta property=\"og:type\" content=\"article\" \/>\n<meta property=\"og:title\" content=\"Hochdruck- \/ Hochtemperaturbeh\u00e4lter der Serien 4650 mit 250-1000 ml - Parr Instrument GmbH\" \/>\n<meta property=\"og:description\" content=\"Die Hochdruck- und Hochtemperaturbeh\u00e4lter der Serie 4650 sind in den Gr\u00f6\u00dfen 250 ml, 500 ml und 1000 ml erh\u00e4ltlich. Mit diesen Druckbeh\u00e4ltern k\u00f6nnen Temperaturen bis 600\u00b0C und Maximaldr\u00fccke von bis zu 413 bar (6000 psi) erreicht werden. Der zul\u00e4ssige H\u00f6chstdruck bei der maximalen Arbeitstemperatur von 600\u00b0C betr\u00e4gt 289 bar (4200 psi). Die Beh\u00e4lter werden serienm\u00e4\u00dfig [&hellip;]\" \/>\n<meta property=\"og:url\" content=\"https:\/\/www.parrinst.com\/de\/products\/non-stirred-pressure-vessels\/series-4650\/\" \/>\n<meta property=\"og:site_name\" content=\"Parr Instrument GmbH\" \/>\n<meta property=\"article:modified_time\" content=\"2020-01-22T20:58:07+00:00\" \/>\n<meta property=\"og:image\" content=\"https:\/\/www.parrinst.com\/de\/files\/2018\/01\/parr_banner_non-stirred_secondary.jpg\" \/>\n\t<meta property=\"og:image:width\" content=\"2200\" \/>\n\t<meta property=\"og:image:height\" content=\"399\" \/>\n\t<meta property=\"og:image:type\" content=\"image\/jpeg\" \/>\n<meta name=\"twitter:card\" content=\"summary_large_image\" \/>\n<meta name=\"twitter:label1\" content=\"Est. reading time\" \/>\n\t<meta name=\"twitter:data1\" content=\"1 minute\" \/>\n<script type=\"application\/ld+json\" class=\"yoast-schema-graph\">{\"@context\":\"https:\\\/\\\/schema.org\",\"@graph\":[{\"@type\":\"WebPage\",\"@id\":\"https:\\\/\\\/www.parrinst.com\\\/de\\\/products\\\/non-stirred-pressure-vessels\\\/series-4650\\\/\",\"url\":\"https:\\\/\\\/www.parrinst.com\\\/de\\\/products\\\/non-stirred-pressure-vessels\\\/series-4650\\\/\",\"name\":\"Hochdruck- \\\/ Hochtemperaturbeh\u00e4lter der Serien 4650 mit 250-1000 ml - Parr Instrument GmbH\",\"isPartOf\":{\"@id\":\"https:\\\/\\\/www.parrinst.com\\\/de\\\/#website\"},\"primaryImageOfPage\":{\"@id\":\"https:\\\/\\\/www.parrinst.com\\\/de\\\/products\\\/non-stirred-pressure-vessels\\\/series-4650\\\/#primaryimage\"},\"image\":{\"@id\":\"https:\\\/\\\/www.parrinst.com\\\/de\\\/products\\\/non-stirred-pressure-vessels\\\/series-4650\\\/#primaryimage\"},\"thumbnailUrl\":\"https:\\\/\\\/i0.wp.com\\\/www.parrinst.com\\\/de\\\/wp-content\\\/uploads\\\/sites\\\/6\\\/2018\\\/01\\\/parr_banner_non-stirred_secondary.jpg?fit=2200%2C399&ssl=1\",\"datePublished\":\"2011-05-05T00:27:11+00:00\",\"dateModified\":\"2020-01-22T20:58:07+00:00\",\"breadcrumb\":{\"@id\":\"https:\\\/\\\/www.parrinst.com\\\/de\\\/products\\\/non-stirred-pressure-vessels\\\/series-4650\\\/#breadcrumb\"},\"inLanguage\":\"en-US\",\"potentialAction\":[{\"@type\":\"ReadAction\",\"target\":[\"https:\\\/\\\/www.parrinst.com\\\/de\\\/products\\\/non-stirred-pressure-vessels\\\/series-4650\\\/\"]}]},{\"@type\":\"ImageObject\",\"inLanguage\":\"en-US\",\"@id\":\"https:\\\/\\\/www.parrinst.com\\\/de\\\/products\\\/non-stirred-pressure-vessels\\\/series-4650\\\/#primaryimage\",\"url\":\"https:\\\/\\\/i0.wp.com\\\/www.parrinst.com\\\/de\\\/wp-content\\\/uploads\\\/sites\\\/6\\\/2018\\\/01\\\/parr_banner_non-stirred_secondary.jpg?fit=2200%2C399&ssl=1\",\"contentUrl\":\"https:\\\/\\\/i0.wp.com\\\/www.parrinst.com\\\/de\\\/wp-content\\\/uploads\\\/sites\\\/6\\\/2018\\\/01\\\/parr_banner_non-stirred_secondary.jpg?fit=2200%2C399&ssl=1\",\"width\":2200,\"height\":399},{\"@type\":\"BreadcrumbList\",\"@id\":\"https:\\\/\\\/www.parrinst.com\\\/de\\\/products\\\/non-stirred-pressure-vessels\\\/series-4650\\\/#breadcrumb\",\"itemListElement\":[{\"@type\":\"ListItem\",\"position\":1,\"name\":\"Home\",\"item\":\"https:\\\/\\\/www.parrinst.com\\\/de\\\/\"},{\"@type\":\"ListItem\",\"position\":2,\"name\":\"Products\",\"item\":\"https:\\\/\\\/www.parrinst.com\\\/de\\\/products\\\/\"},{\"@type\":\"ListItem\",\"position\":3,\"name\":\"Nicht ger\u00fchrte Druckbeh\u00e4lter\",\"item\":\"https:\\\/\\\/www.parrinst.com\\\/de\\\/products\\\/non-stirred-pressure-vessels\\\/\"},{\"@type\":\"ListItem\",\"position\":4,\"name\":\"Hochdruck- \\\/ Hochtemperaturbeh\u00e4lter der Serien 4650 mit 250-1000 ml\"}]},{\"@type\":\"WebSite\",\"@id\":\"https:\\\/\\\/www.parrinst.com\\\/de\\\/#website\",\"url\":\"https:\\\/\\\/www.parrinst.com\\\/de\\\/\",\"name\":\"Parr Instrument GmbH\",\"description\":\"\",\"potentialAction\":[{\"@type\":\"SearchAction\",\"target\":{\"@type\":\"EntryPoint\",\"urlTemplate\":\"https:\\\/\\\/www.parrinst.com\\\/de\\\/?s={search_term_string}\"},\"query-input\":{\"@type\":\"PropertyValueSpecification\",\"valueRequired\":true,\"valueName\":\"search_term_string\"}}],\"inLanguage\":\"en-US\"}]}<\/script>\n<!-- \/ Yoast SEO plugin. -->","yoast_head_json":{"title":"Hochdruck- \/ Hochtemperaturbeh\u00e4lter der Serien 4650 mit 250-1000 ml - Parr Instrument GmbH","robots":{"index":"index","follow":"follow","max-snippet":"max-snippet:-1","max-image-preview":"max-image-preview:large","max-video-preview":"max-video-preview:-1"},"canonical":"https:\/\/www.parrinst.com\/de\/products\/non-stirred-pressure-vessels\/series-4650\/","og_locale":"en_US","og_type":"article","og_title":"Hochdruck- \/ Hochtemperaturbeh\u00e4lter der Serien 4650 mit 250-1000 ml - Parr Instrument GmbH","og_description":"Die Hochdruck- und Hochtemperaturbeh\u00e4lter der Serie 4650 sind in den Gr\u00f6\u00dfen 250 ml, 500 ml und 1000 ml erh\u00e4ltlich. Mit diesen Druckbeh\u00e4ltern k\u00f6nnen Temperaturen bis 600\u00b0C und Maximaldr\u00fccke von bis zu 413 bar (6000 psi) erreicht werden. Der zul\u00e4ssige H\u00f6chstdruck bei der maximalen Arbeitstemperatur von 600\u00b0C betr\u00e4gt 289 bar (4200 psi). Die Beh\u00e4lter werden serienm\u00e4\u00dfig [&hellip;]","og_url":"https:\/\/www.parrinst.com\/de\/products\/non-stirred-pressure-vessels\/series-4650\/","og_site_name":"Parr Instrument GmbH","article_modified_time":"2020-01-22T20:58:07+00:00","og_image":[{"width":2200,"height":399,"url":"https:\/\/www.parrinst.com\/de\/files\/2018\/01\/parr_banner_non-stirred_secondary.jpg","type":"image\/jpeg"}],"twitter_card":"summary_large_image","twitter_misc":{"Est. reading time":"1 minute"},"schema":{"@context":"https:\/\/schema.org","@graph":[{"@type":"WebPage","@id":"https:\/\/www.parrinst.com\/de\/products\/non-stirred-pressure-vessels\/series-4650\/","url":"https:\/\/www.parrinst.com\/de\/products\/non-stirred-pressure-vessels\/series-4650\/","name":"Hochdruck- \/ Hochtemperaturbeh\u00e4lter der Serien 4650 mit 250-1000 ml - Parr Instrument GmbH","isPartOf":{"@id":"https:\/\/www.parrinst.com\/de\/#website"},"primaryImageOfPage":{"@id":"https:\/\/www.parrinst.com\/de\/products\/non-stirred-pressure-vessels\/series-4650\/#primaryimage"},"image":{"@id":"https:\/\/www.parrinst.com\/de\/products\/non-stirred-pressure-vessels\/series-4650\/#primaryimage"},"thumbnailUrl":"https:\/\/i0.wp.com\/www.parrinst.com\/de\/wp-content\/uploads\/sites\/6\/2018\/01\/parr_banner_non-stirred_secondary.jpg?fit=2200%2C399&ssl=1","datePublished":"2011-05-05T00:27:11+00:00","dateModified":"2020-01-22T20:58:07+00:00","breadcrumb":{"@id":"https:\/\/www.parrinst.com\/de\/products\/non-stirred-pressure-vessels\/series-4650\/#breadcrumb"},"inLanguage":"en-US","potentialAction":[{"@type":"ReadAction","target":["https:\/\/www.parrinst.com\/de\/products\/non-stirred-pressure-vessels\/series-4650\/"]}]},{"@type":"ImageObject","inLanguage":"en-US","@id":"https:\/\/www.parrinst.com\/de\/products\/non-stirred-pressure-vessels\/series-4650\/#primaryimage","url":"https:\/\/i0.wp.com\/www.parrinst.com\/de\/wp-content\/uploads\/sites\/6\/2018\/01\/parr_banner_non-stirred_secondary.jpg?fit=2200%2C399&ssl=1","contentUrl":"https:\/\/i0.wp.com\/www.parrinst.com\/de\/wp-content\/uploads\/sites\/6\/2018\/01\/parr_banner_non-stirred_secondary.jpg?fit=2200%2C399&ssl=1","width":2200,"height":399},{"@type":"BreadcrumbList","@id":"https:\/\/www.parrinst.com\/de\/products\/non-stirred-pressure-vessels\/series-4650\/#breadcrumb","itemListElement":[{"@type":"ListItem","position":1,"name":"Home","item":"https:\/\/www.parrinst.com\/de\/"},{"@type":"ListItem","position":2,"name":"Products","item":"https:\/\/www.parrinst.com\/de\/products\/"},{"@type":"ListItem","position":3,"name":"Nicht ger\u00fchrte Druckbeh\u00e4lter","item":"https:\/\/www.parrinst.com\/de\/products\/non-stirred-pressure-vessels\/"},{"@type":"ListItem","position":4,"name":"Hochdruck- \/ Hochtemperaturbeh\u00e4lter der Serien 4650 mit 250-1000 ml"}]},{"@type":"WebSite","@id":"https:\/\/www.parrinst.com\/de\/#website","url":"https:\/\/www.parrinst.com\/de\/","name":"Parr Instrument GmbH","description":"","potentialAction":[{"@type":"SearchAction","target":{"@type":"EntryPoint","urlTemplate":"https:\/\/www.parrinst.com\/de\/?s={search_term_string}"},"query-input":{"@type":"PropertyValueSpecification","valueRequired":true,"valueName":"search_term_string"}}],"inLanguage":"en-US"}]}},"jetpack_sharing_enabled":true,"_links":{"self":[{"href":"https:\/\/www.parrinst.com\/de\/wp-json\/wp\/v2\/pages\/754","targetHints":{"allow":["GET"]}}],"collection":[{"href":"https:\/\/www.parrinst.com\/de\/wp-json\/wp\/v2\/pages"}],"about":[{"href":"https:\/\/www.parrinst.com\/de\/wp-json\/wp\/v2\/types\/page"}],"author":[{"embeddable":true,"href":"https:\/\/www.parrinst.com\/de\/wp-json\/wp\/v2\/users\/1"}],"replies":[{"embeddable":true,"href":"https:\/\/www.parrinst.com\/de\/wp-json\/wp\/v2\/comments?post=754"}],"version-history":[{"count":9,"href":"https:\/\/www.parrinst.com\/de\/wp-json\/wp\/v2\/pages\/754\/revisions"}],"predecessor-version":[{"id":40312,"href":"https:\/\/www.parrinst.com\/de\/wp-json\/wp\/v2\/pages\/754\/revisions\/40312"}],"up":[{"embeddable":true,"href":"https:\/\/www.parrinst.com\/de\/wp-json\/wp\/v2\/pages\/77"}],"wp:featuredmedia":[{"embeddable":true,"href":"https:\/\/www.parrinst.com\/de\/wp-json\/wp\/v2\/media\/37713"}],"wp:attachment":[{"href":"https:\/\/www.parrinst.com\/de\/wp-json\/wp\/v2\/media?parent=754"}],"curies":[{"name":"wp","href":"https:\/\/api.w.org\/{rel}","templated":true}]}}