{"id":757,"date":"2011-05-04T19:28:26","date_gmt":"2011-05-05T00:28:26","guid":{"rendered":"https:\/\/www.parrinst.com\/?page_id=757"},"modified":"2021-09-21T16:45:26","modified_gmt":"2021-09-21T21:45:26","slug":"series-4660","status":"publish","type":"page","link":"https:\/\/www.parrinst.com\/de\/products\/non-stirred-pressure-vessels\/series-4660\/","title":{"rendered":"Druckbeh\u00e4lter der Serien 4660 f\u00fcr 3,75 und 7,5 Liter"},"content":{"rendered":"\n\t\t\t<div id='757-1' class='gallery gallery-757 gallery-columns-3 gallery-size-medium' itemscope itemtype='http:\/\/schema.org\/ImageGallery'>\n\t\t\t\t<div class='gallery-row gallery-col-3 gallery-clear'>\n\t\t\t\t\t<figure class='gallery-item col-3' itemprop='associatedMedia' itemscope itemtype='http:\/\/schema.org\/ImageObject'>\n\t\t\t\t\t\t<div class='gallery-icon landscape'><a href=\"https:\/\/i0.wp.com\/www.parrinst.com\/de\/wp-content\/uploads\/sites\/6\/2011\/06\/4662-2Gal_moveable-floor-stand_4848.jpg?ssl=1\" itemprop=\"contentURL\"><img loading=\"lazy\" decoding=\"async\" width=\"300\" height=\"300\" src=\"https:\/\/i0.wp.com\/www.parrinst.com\/de\/wp-content\/uploads\/sites\/6\/2011\/06\/4662-2Gal_moveable-floor-stand_4848.jpg?fit=300%2C300&amp;ssl=1\" class=\"attachment-medium size-medium\" alt=\"4660-1G Movable Head Vessel on a Floor Cart with heater and 4848 Controller.\" srcset=\"https:\/\/i0.wp.com\/www.parrinst.com\/de\/wp-content\/uploads\/sites\/6\/2011\/06\/4662-2Gal_moveable-floor-stand_4848.jpg?w=600&amp;ssl=1 600w, https:\/\/i0.wp.com\/www.parrinst.com\/de\/wp-content\/uploads\/sites\/6\/2011\/06\/4662-2Gal_moveable-floor-stand_4848.jpg?resize=150%2C150&amp;ssl=1 150w, https:\/\/i0.wp.com\/www.parrinst.com\/de\/wp-content\/uploads\/sites\/6\/2011\/06\/4662-2Gal_moveable-floor-stand_4848.jpg?resize=300%2C300&amp;ssl=1 300w\" sizes=\"auto, (max-width: 300px) 100vw, 300px\" itemprop=\"thumbnail\" \/><\/a><\/div>\n\t\t\t\t\t<\/figure>\n\t\t\t\t\t<figure class='gallery-item col-3' itemprop='associatedMedia' itemscope itemtype='http:\/\/schema.org\/ImageObject'>\n\t\t\t\t\t\t<div class='gallery-icon portrait'><a href=\"https:\/\/i0.wp.com\/www.parrinst.com\/de\/wp-content\/uploads\/sites\/6\/2021\/09\/4666PI2_2255.jpg?ssl=1\" itemprop=\"contentURL\"><img loading=\"lazy\" decoding=\"async\" width=\"214\" height=\"300\" src=\"https:\/\/i0.wp.com\/www.parrinst.com\/de\/wp-content\/uploads\/sites\/6\/2021\/09\/4666PI2_2255.jpg?fit=214%2C300&amp;ssl=1\" class=\"attachment-medium size-medium\" alt=\"Model 4660-2G Vessel, Fixed Head Floor Stand, with Pneumatic Lift and Heater\" srcset=\"https:\/\/i0.wp.com\/www.parrinst.com\/de\/wp-content\/uploads\/sites\/6\/2021\/09\/4666PI2_2255.jpg?w=1500&amp;ssl=1 1500w, https:\/\/i0.wp.com\/www.parrinst.com\/de\/wp-content\/uploads\/sites\/6\/2021\/09\/4666PI2_2255.jpg?resize=214%2C300&amp;ssl=1 214w, https:\/\/i0.wp.com\/www.parrinst.com\/de\/wp-content\/uploads\/sites\/6\/2021\/09\/4666PI2_2255.jpg?resize=731%2C1024&amp;ssl=1 731w, https:\/\/i0.wp.com\/www.parrinst.com\/de\/wp-content\/uploads\/sites\/6\/2021\/09\/4666PI2_2255.jpg?resize=107%2C150&amp;ssl=1 107w, https:\/\/i0.wp.com\/www.parrinst.com\/de\/wp-content\/uploads\/sites\/6\/2021\/09\/4666PI2_2255.jpg?resize=1097%2C1536&amp;ssl=1 1097w, https:\/\/i0.wp.com\/www.parrinst.com\/de\/wp-content\/uploads\/sites\/6\/2021\/09\/4666PI2_2255.jpg?resize=1463%2C2048&amp;ssl=1 1463w, https:\/\/i0.wp.com\/www.parrinst.com\/de\/wp-content\/uploads\/sites\/6\/2021\/09\/4666PI2_2255.jpg?w=1280&amp;ssl=1 1280w\" sizes=\"auto, (max-width: 214px) 100vw, 214px\" itemprop=\"thumbnail\" \/><\/a><\/div>\n\t\t\t\t\t<\/figure>\n\t\t\t\t\t<figure class='gallery-item col-3' itemprop='associatedMedia' itemscope itemtype='http:\/\/schema.org\/ImageObject'>\n\t\t\t\t\t\t<div class='gallery-icon landscape'><a href=\"https:\/\/i0.wp.com\/www.parrinst.com\/de\/wp-content\/uploads\/sites\/6\/2021\/09\/4660-CATALOG-CROSS-SECTION.jpg?ssl=1\" itemprop=\"contentURL\"><img loading=\"lazy\" decoding=\"async\" width=\"300\" height=\"294\" src=\"https:\/\/i0.wp.com\/www.parrinst.com\/de\/wp-content\/uploads\/sites\/6\/2021\/09\/4660-CATALOG-CROSS-SECTION.jpg?fit=300%2C294&amp;ssl=1\" class=\"attachment-medium size-medium\" alt=\"4660 Cross Section with Flat Gasket Seal\" srcset=\"https:\/\/i0.wp.com\/www.parrinst.com\/de\/wp-content\/uploads\/sites\/6\/2021\/09\/4660-CATALOG-CROSS-SECTION.jpg?w=1449&amp;ssl=1 1449w, https:\/\/i0.wp.com\/www.parrinst.com\/de\/wp-content\/uploads\/sites\/6\/2021\/09\/4660-CATALOG-CROSS-SECTION.jpg?resize=300%2C294&amp;ssl=1 300w, https:\/\/i0.wp.com\/www.parrinst.com\/de\/wp-content\/uploads\/sites\/6\/2021\/09\/4660-CATALOG-CROSS-SECTION.jpg?resize=1024%2C1003&amp;ssl=1 1024w, https:\/\/i0.wp.com\/www.parrinst.com\/de\/wp-content\/uploads\/sites\/6\/2021\/09\/4660-CATALOG-CROSS-SECTION.jpg?resize=153%2C150&amp;ssl=1 153w, https:\/\/i0.wp.com\/www.parrinst.com\/de\/wp-content\/uploads\/sites\/6\/2021\/09\/4660-CATALOG-CROSS-SECTION.jpg?w=1280&amp;ssl=1 1280w\" sizes=\"auto, (max-width: 300px) 100vw, 300px\" itemprop=\"thumbnail\" \/><\/a><\/div>\n\t\t\t\t\t<\/figure>\n\t\t\t\t<\/div>\n\t\t\t\t<div class='gallery-row gallery-col-3 gallery-clear'>\n\t\t\t\t\t<figure class='gallery-item col-3' itemprop='associatedMedia' itemscope itemtype='http:\/\/schema.org\/ImageObject'>\n\t\t\t\t\t\t<div class='gallery-icon landscape'><a href=\"https:\/\/i0.wp.com\/www.parrinst.com\/de\/wp-content\/uploads\/sites\/6\/2021\/09\/4660Q-CATALOG-CROSS-SECTION.jpg?ssl=1\" itemprop=\"contentURL\"><img loading=\"lazy\" decoding=\"async\" width=\"300\" height=\"294\" src=\"https:\/\/i0.wp.com\/www.parrinst.com\/de\/wp-content\/uploads\/sites\/6\/2021\/09\/4660Q-CATALOG-CROSS-SECTION.jpg?fit=300%2C294&amp;ssl=1\" class=\"attachment-medium size-medium\" alt=\"4660Q Cross Section with O-ring Seal\" srcset=\"https:\/\/i0.wp.com\/www.parrinst.com\/de\/wp-content\/uploads\/sites\/6\/2021\/09\/4660Q-CATALOG-CROSS-SECTION.jpg?w=1440&amp;ssl=1 1440w, https:\/\/i0.wp.com\/www.parrinst.com\/de\/wp-content\/uploads\/sites\/6\/2021\/09\/4660Q-CATALOG-CROSS-SECTION.jpg?resize=300%2C294&amp;ssl=1 300w, https:\/\/i0.wp.com\/www.parrinst.com\/de\/wp-content\/uploads\/sites\/6\/2021\/09\/4660Q-CATALOG-CROSS-SECTION.jpg?resize=1024%2C1003&amp;ssl=1 1024w, https:\/\/i0.wp.com\/www.parrinst.com\/de\/wp-content\/uploads\/sites\/6\/2021\/09\/4660Q-CATALOG-CROSS-SECTION.jpg?resize=153%2C150&amp;ssl=1 153w, https:\/\/i0.wp.com\/www.parrinst.com\/de\/wp-content\/uploads\/sites\/6\/2021\/09\/4660Q-CATALOG-CROSS-SECTION.jpg?w=1280&amp;ssl=1 1280w\" sizes=\"auto, (max-width: 300px) 100vw, 300px\" itemprop=\"thumbnail\" \/><\/a><\/div>\n\t\t\t\t\t<\/figure>\n\t\t\t<\/div>\n\t\t\t<\/div><!-- .gallery -->\n\n<p>Die Druckbeh\u00e4lter der Serie 4660 sind in den Gr\u00f6\u00dfen 3,75 L und 7,5 L erh\u00e4ltlich. Die maximale Arbeitstemperatur f\u00fcr diese Druckbeh\u00e4lter betr\u00e4gt 350\u00b0C bei einem zul\u00e4ssigen Druck bis 131 bar (1900 psi). Der Beh\u00e4lterkopf mit bis zu 10 Anschluss\u00f6ffnungen wird mit einem Split-Ring Verschluss mit 10 Druckschrauben befestigt. Die Druckbeh\u00e4lter der Serie 4660 k\u00f6nnen entweder als \u201eFixed Head\u201c auf einem Bodenstand oder als \u201eMoveable Head\u201c auf einem Laborwagen ausgef\u00fchrt werden. F\u00fcr das Bodenstandmodell ist eine pneumatische Hebevorrichtung erh\u00e4ltlich.<\/p>\n<p>&nbsp;<\/p>\n<p>&nbsp;<\/p>\n","protected":false},"excerpt":{"rendered":"<p>Die Druckbeh\u00e4lter der Serie 4660 sind in den Gr\u00f6\u00dfen 3,75 L und 7,5 L erh\u00e4ltlich. Die maximale Arbeitstemperatur f\u00fcr diese Druckbeh\u00e4lter betr\u00e4gt 350\u00b0C bei einem zul\u00e4ssigen Druck bis 131 bar (1900 psi). Der Beh\u00e4lterkopf mit bis zu 10 Anschluss\u00f6ffnungen wird mit einem Split-Ring Verschluss mit 10 Druckschrauben befestigt. Die Druckbeh\u00e4lter der Serie 4660 k\u00f6nnen entweder [&hellip;]<\/p>\n","protected":false},"author":2,"featured_media":37713,"parent":77,"menu_order":0,"comment_status":"closed","ping_status":"closed","template":"product-wide-strirred-filter.php","meta":{"_acf_changed":false,"footnotes":"","_links_to":"","_links_to_target":""},"class_list":["post-757","page","type-page","status-publish","has-post-thumbnail","hentry"],"acf":[],"yoast_head":"<!-- This site is optimized with the Yoast SEO plugin v27.4 - https:\/\/yoast.com\/product\/yoast-seo-wordpress\/ -->\n<title>Druckbeh\u00e4lter der Serien 4660 f\u00fcr 3,75 und 7,5 Liter - Parr Instrument GmbH<\/title>\n<meta name=\"robots\" content=\"index, follow, max-snippet:-1, max-image-preview:large, max-video-preview:-1\" \/>\n<link rel=\"canonical\" href=\"https:\/\/www.parrinst.com\/de\/products\/non-stirred-pressure-vessels\/series-4660\/\" \/>\n<meta property=\"og:locale\" content=\"en_US\" \/>\n<meta property=\"og:type\" content=\"article\" \/>\n<meta property=\"og:title\" content=\"Druckbeh\u00e4lter der Serien 4660 f\u00fcr 3,75 und 7,5 Liter - Parr Instrument GmbH\" \/>\n<meta property=\"og:description\" content=\"Die Druckbeh\u00e4lter der Serie 4660 sind in den Gr\u00f6\u00dfen 3,75 L und 7,5 L erh\u00e4ltlich. Die maximale Arbeitstemperatur f\u00fcr diese Druckbeh\u00e4lter betr\u00e4gt 350\u00b0C bei einem zul\u00e4ssigen Druck bis 131 bar (1900 psi). Der Beh\u00e4lterkopf mit bis zu 10 Anschluss\u00f6ffnungen wird mit einem Split-Ring Verschluss mit 10 Druckschrauben befestigt. Die Druckbeh\u00e4lter der Serie 4660 k\u00f6nnen entweder [&hellip;]\" \/>\n<meta property=\"og:url\" content=\"https:\/\/www.parrinst.com\/de\/products\/non-stirred-pressure-vessels\/series-4660\/\" \/>\n<meta property=\"og:site_name\" content=\"Parr Instrument GmbH\" \/>\n<meta property=\"article:modified_time\" content=\"2021-09-21T21:45:26+00:00\" \/>\n<meta property=\"og:image\" content=\"https:\/\/www.parrinst.com\/de\/files\/2018\/01\/parr_banner_non-stirred_secondary.jpg\" \/>\n\t<meta property=\"og:image:width\" content=\"2200\" \/>\n\t<meta property=\"og:image:height\" content=\"399\" \/>\n\t<meta property=\"og:image:type\" content=\"image\/jpeg\" \/>\n<meta name=\"twitter:card\" content=\"summary_large_image\" \/>\n<script type=\"application\/ld+json\" class=\"yoast-schema-graph\">{\"@context\":\"https:\\\/\\\/schema.org\",\"@graph\":[{\"@type\":\"WebPage\",\"@id\":\"https:\\\/\\\/www.parrinst.com\\\/de\\\/products\\\/non-stirred-pressure-vessels\\\/series-4660\\\/\",\"url\":\"https:\\\/\\\/www.parrinst.com\\\/de\\\/products\\\/non-stirred-pressure-vessels\\\/series-4660\\\/\",\"name\":\"Druckbeh\u00e4lter der Serien 4660 f\u00fcr 3,75 und 7,5 Liter - Parr Instrument GmbH\",\"isPartOf\":{\"@id\":\"https:\\\/\\\/www.parrinst.com\\\/de\\\/#website\"},\"primaryImageOfPage\":{\"@id\":\"https:\\\/\\\/www.parrinst.com\\\/de\\\/products\\\/non-stirred-pressure-vessels\\\/series-4660\\\/#primaryimage\"},\"image\":{\"@id\":\"https:\\\/\\\/www.parrinst.com\\\/de\\\/products\\\/non-stirred-pressure-vessels\\\/series-4660\\\/#primaryimage\"},\"thumbnailUrl\":\"https:\\\/\\\/i0.wp.com\\\/www.parrinst.com\\\/de\\\/wp-content\\\/uploads\\\/sites\\\/6\\\/2018\\\/01\\\/parr_banner_non-stirred_secondary.jpg?fit=2200%2C399&ssl=1\",\"datePublished\":\"2011-05-05T00:28:26+00:00\",\"dateModified\":\"2021-09-21T21:45:26+00:00\",\"breadcrumb\":{\"@id\":\"https:\\\/\\\/www.parrinst.com\\\/de\\\/products\\\/non-stirred-pressure-vessels\\\/series-4660\\\/#breadcrumb\"},\"inLanguage\":\"en-US\",\"potentialAction\":[{\"@type\":\"ReadAction\",\"target\":[\"https:\\\/\\\/www.parrinst.com\\\/de\\\/products\\\/non-stirred-pressure-vessels\\\/series-4660\\\/\"]}]},{\"@type\":\"ImageObject\",\"inLanguage\":\"en-US\",\"@id\":\"https:\\\/\\\/www.parrinst.com\\\/de\\\/products\\\/non-stirred-pressure-vessels\\\/series-4660\\\/#primaryimage\",\"url\":\"https:\\\/\\\/i0.wp.com\\\/www.parrinst.com\\\/de\\\/wp-content\\\/uploads\\\/sites\\\/6\\\/2018\\\/01\\\/parr_banner_non-stirred_secondary.jpg?fit=2200%2C399&ssl=1\",\"contentUrl\":\"https:\\\/\\\/i0.wp.com\\\/www.parrinst.com\\\/de\\\/wp-content\\\/uploads\\\/sites\\\/6\\\/2018\\\/01\\\/parr_banner_non-stirred_secondary.jpg?fit=2200%2C399&ssl=1\",\"width\":2200,\"height\":399},{\"@type\":\"BreadcrumbList\",\"@id\":\"https:\\\/\\\/www.parrinst.com\\\/de\\\/products\\\/non-stirred-pressure-vessels\\\/series-4660\\\/#breadcrumb\",\"itemListElement\":[{\"@type\":\"ListItem\",\"position\":1,\"name\":\"Home\",\"item\":\"https:\\\/\\\/www.parrinst.com\\\/de\\\/\"},{\"@type\":\"ListItem\",\"position\":2,\"name\":\"Products\",\"item\":\"https:\\\/\\\/www.parrinst.com\\\/de\\\/products\\\/\"},{\"@type\":\"ListItem\",\"position\":3,\"name\":\"Nicht ger\u00fchrte Druckbeh\u00e4lter\",\"item\":\"https:\\\/\\\/www.parrinst.com\\\/de\\\/products\\\/non-stirred-pressure-vessels\\\/\"},{\"@type\":\"ListItem\",\"position\":4,\"name\":\"Druckbeh\u00e4lter der Serien 4660 f\u00fcr 3,75 und 7,5 Liter\"}]},{\"@type\":\"WebSite\",\"@id\":\"https:\\\/\\\/www.parrinst.com\\\/de\\\/#website\",\"url\":\"https:\\\/\\\/www.parrinst.com\\\/de\\\/\",\"name\":\"Parr Instrument GmbH\",\"description\":\"\",\"potentialAction\":[{\"@type\":\"SearchAction\",\"target\":{\"@type\":\"EntryPoint\",\"urlTemplate\":\"https:\\\/\\\/www.parrinst.com\\\/de\\\/?s={search_term_string}\"},\"query-input\":{\"@type\":\"PropertyValueSpecification\",\"valueRequired\":true,\"valueName\":\"search_term_string\"}}],\"inLanguage\":\"en-US\"}]}<\/script>\n<!-- \/ Yoast SEO plugin. -->","yoast_head_json":{"title":"Druckbeh\u00e4lter der Serien 4660 f\u00fcr 3,75 und 7,5 Liter - Parr Instrument GmbH","robots":{"index":"index","follow":"follow","max-snippet":"max-snippet:-1","max-image-preview":"max-image-preview:large","max-video-preview":"max-video-preview:-1"},"canonical":"https:\/\/www.parrinst.com\/de\/products\/non-stirred-pressure-vessels\/series-4660\/","og_locale":"en_US","og_type":"article","og_title":"Druckbeh\u00e4lter der Serien 4660 f\u00fcr 3,75 und 7,5 Liter - Parr Instrument GmbH","og_description":"Die Druckbeh\u00e4lter der Serie 4660 sind in den Gr\u00f6\u00dfen 3,75 L und 7,5 L erh\u00e4ltlich. Die maximale Arbeitstemperatur f\u00fcr diese Druckbeh\u00e4lter betr\u00e4gt 350\u00b0C bei einem zul\u00e4ssigen Druck bis 131 bar (1900 psi). Der Beh\u00e4lterkopf mit bis zu 10 Anschluss\u00f6ffnungen wird mit einem Split-Ring Verschluss mit 10 Druckschrauben befestigt. Die Druckbeh\u00e4lter der Serie 4660 k\u00f6nnen entweder [&hellip;]","og_url":"https:\/\/www.parrinst.com\/de\/products\/non-stirred-pressure-vessels\/series-4660\/","og_site_name":"Parr Instrument GmbH","article_modified_time":"2021-09-21T21:45:26+00:00","og_image":[{"width":2200,"height":399,"url":"https:\/\/www.parrinst.com\/de\/files\/2018\/01\/parr_banner_non-stirred_secondary.jpg","type":"image\/jpeg"}],"twitter_card":"summary_large_image","schema":{"@context":"https:\/\/schema.org","@graph":[{"@type":"WebPage","@id":"https:\/\/www.parrinst.com\/de\/products\/non-stirred-pressure-vessels\/series-4660\/","url":"https:\/\/www.parrinst.com\/de\/products\/non-stirred-pressure-vessels\/series-4660\/","name":"Druckbeh\u00e4lter der Serien 4660 f\u00fcr 3,75 und 7,5 Liter - Parr Instrument GmbH","isPartOf":{"@id":"https:\/\/www.parrinst.com\/de\/#website"},"primaryImageOfPage":{"@id":"https:\/\/www.parrinst.com\/de\/products\/non-stirred-pressure-vessels\/series-4660\/#primaryimage"},"image":{"@id":"https:\/\/www.parrinst.com\/de\/products\/non-stirred-pressure-vessels\/series-4660\/#primaryimage"},"thumbnailUrl":"https:\/\/i0.wp.com\/www.parrinst.com\/de\/wp-content\/uploads\/sites\/6\/2018\/01\/parr_banner_non-stirred_secondary.jpg?fit=2200%2C399&ssl=1","datePublished":"2011-05-05T00:28:26+00:00","dateModified":"2021-09-21T21:45:26+00:00","breadcrumb":{"@id":"https:\/\/www.parrinst.com\/de\/products\/non-stirred-pressure-vessels\/series-4660\/#breadcrumb"},"inLanguage":"en-US","potentialAction":[{"@type":"ReadAction","target":["https:\/\/www.parrinst.com\/de\/products\/non-stirred-pressure-vessels\/series-4660\/"]}]},{"@type":"ImageObject","inLanguage":"en-US","@id":"https:\/\/www.parrinst.com\/de\/products\/non-stirred-pressure-vessels\/series-4660\/#primaryimage","url":"https:\/\/i0.wp.com\/www.parrinst.com\/de\/wp-content\/uploads\/sites\/6\/2018\/01\/parr_banner_non-stirred_secondary.jpg?fit=2200%2C399&ssl=1","contentUrl":"https:\/\/i0.wp.com\/www.parrinst.com\/de\/wp-content\/uploads\/sites\/6\/2018\/01\/parr_banner_non-stirred_secondary.jpg?fit=2200%2C399&ssl=1","width":2200,"height":399},{"@type":"BreadcrumbList","@id":"https:\/\/www.parrinst.com\/de\/products\/non-stirred-pressure-vessels\/series-4660\/#breadcrumb","itemListElement":[{"@type":"ListItem","position":1,"name":"Home","item":"https:\/\/www.parrinst.com\/de\/"},{"@type":"ListItem","position":2,"name":"Products","item":"https:\/\/www.parrinst.com\/de\/products\/"},{"@type":"ListItem","position":3,"name":"Nicht ger\u00fchrte Druckbeh\u00e4lter","item":"https:\/\/www.parrinst.com\/de\/products\/non-stirred-pressure-vessels\/"},{"@type":"ListItem","position":4,"name":"Druckbeh\u00e4lter der Serien 4660 f\u00fcr 3,75 und 7,5 Liter"}]},{"@type":"WebSite","@id":"https:\/\/www.parrinst.com\/de\/#website","url":"https:\/\/www.parrinst.com\/de\/","name":"Parr Instrument GmbH","description":"","potentialAction":[{"@type":"SearchAction","target":{"@type":"EntryPoint","urlTemplate":"https:\/\/www.parrinst.com\/de\/?s={search_term_string}"},"query-input":{"@type":"PropertyValueSpecification","valueRequired":true,"valueName":"search_term_string"}}],"inLanguage":"en-US"}]}},"jetpack_sharing_enabled":true,"_links":{"self":[{"href":"https:\/\/www.parrinst.com\/de\/wp-json\/wp\/v2\/pages\/757","targetHints":{"allow":["GET"]}}],"collection":[{"href":"https:\/\/www.parrinst.com\/de\/wp-json\/wp\/v2\/pages"}],"about":[{"href":"https:\/\/www.parrinst.com\/de\/wp-json\/wp\/v2\/types\/page"}],"author":[{"embeddable":true,"href":"https:\/\/www.parrinst.com\/de\/wp-json\/wp\/v2\/users\/2"}],"replies":[{"embeddable":true,"href":"https:\/\/www.parrinst.com\/de\/wp-json\/wp\/v2\/comments?post=757"}],"version-history":[{"count":6,"href":"https:\/\/www.parrinst.com\/de\/wp-json\/wp\/v2\/pages\/757\/revisions"}],"predecessor-version":[{"id":40800,"href":"https:\/\/www.parrinst.com\/de\/wp-json\/wp\/v2\/pages\/757\/revisions\/40800"}],"up":[{"embeddable":true,"href":"https:\/\/www.parrinst.com\/de\/wp-json\/wp\/v2\/pages\/77"}],"wp:featuredmedia":[{"embeddable":true,"href":"https:\/\/www.parrinst.com\/de\/wp-json\/wp\/v2\/media\/37713"}],"wp:attachment":[{"href":"https:\/\/www.parrinst.com\/de\/wp-json\/wp\/v2\/media?parent=757"}],"curies":[{"name":"wp","href":"https:\/\/api.w.org\/{rel}","templated":true}]}}