{"id":77,"date":"2011-03-09T20:50:00","date_gmt":"2011-03-10T02:50:00","guid":{"rendered":"https:\/\/www.parrinst.com\/?page_id=77"},"modified":"2021-09-10T14:46:19","modified_gmt":"2021-09-10T19:46:19","slug":"non-stirred-pressure-vessels","status":"publish","type":"page","link":"https:\/\/www.parrinst.com\/de\/products\/non-stirred-pressure-vessels\/","title":{"rendered":"Nicht ger\u00fchrte Druckbeh\u00e4lter"},"content":{"rendered":"<div class=\"facetwp-template\" data-name=\"non_stirred\"><div class=\"product-filter-items\">\n<div class=\"product-filter-item\">\n<div class=\"product-filter-item-image\">\n<a href=\"https:\/\/www.parrinst.com\/de\/products\/non-stirred-pressure-vessels\/series-4660\/\"><img loading=\"lazy\" decoding=\"async\" width=\"600\" height=\"600\" src=\"https:\/\/i0.wp.com\/www.parrinst.com\/de\/wp-content\/uploads\/sites\/6\/2011\/06\/4662-2Gal_moveable-floor-stand_4848.jpg?fit=600%2C600&amp;ssl=1\" class=\"attachment-large size-large\" alt=\"4660-1G Movable Head Vessel on a Floor Cart with heater and 4848 Controller.\" srcset=\"https:\/\/i0.wp.com\/www.parrinst.com\/de\/wp-content\/uploads\/sites\/6\/2011\/06\/4662-2Gal_moveable-floor-stand_4848.jpg?w=600&amp;ssl=1 600w, https:\/\/i0.wp.com\/www.parrinst.com\/de\/wp-content\/uploads\/sites\/6\/2011\/06\/4662-2Gal_moveable-floor-stand_4848.jpg?resize=150%2C150&amp;ssl=1 150w, https:\/\/i0.wp.com\/www.parrinst.com\/de\/wp-content\/uploads\/sites\/6\/2011\/06\/4662-2Gal_moveable-floor-stand_4848.jpg?resize=300%2C300&amp;ssl=1 300w\" sizes=\"auto, (max-width: 600px) 100vw, 600px\" \/><\/a>\n<\/div>\n<a class=\"product-filter-title\" href=\"https:\/\/www.parrinst.com\/de\/products\/non-stirred-pressure-vessels\/series-4660\/\">Druckbeh\u00e4lter der Serien 4660 f\u00fcr 3,75 und 7,5 Liter<\/a>\n<\/div>\n<div class=\"product-filter-item\">\n<div class=\"product-filter-item-image\">\n<a href=\"https:\/\/www.parrinst.com\/de\/products\/non-stirred-pressure-vessels\/series-4675\/\"><img loading=\"lazy\" decoding=\"async\" width=\"600\" height=\"600\" src=\"https:\/\/i0.wp.com\/www.parrinst.com\/de\/wp-content\/uploads\/sites\/6\/2025\/09\/4675_30L_full_open_113386PI3_2996_600x600.jpg?fit=600%2C600&amp;ssl=1\" class=\"attachment-large size-large\" alt=\"\" srcset=\"https:\/\/i0.wp.com\/www.parrinst.com\/de\/wp-content\/uploads\/sites\/6\/2025\/09\/4675_30L_full_open_113386PI3_2996_600x600.jpg?w=600&amp;ssl=1 600w, https:\/\/i0.wp.com\/www.parrinst.com\/de\/wp-content\/uploads\/sites\/6\/2025\/09\/4675_30L_full_open_113386PI3_2996_600x600.jpg?resize=300%2C300&amp;ssl=1 300w, https:\/\/i0.wp.com\/www.parrinst.com\/de\/wp-content\/uploads\/sites\/6\/2025\/09\/4675_30L_full_open_113386PI3_2996_600x600.jpg?resize=150%2C150&amp;ssl=1 150w\" sizes=\"auto, (max-width: 600px) 100vw, 600px\" \/><\/a>\n<\/div>\n<a class=\"product-filter-title\" href=\"https:\/\/www.parrinst.com\/de\/products\/non-stirred-pressure-vessels\/series-4675\/\">Druckbeh\u00e4lter der Serien 4675 mit 10 und 40 Litern<\/a>\n<\/div>\n<div class=\"product-filter-item\">\n<div class=\"product-filter-item-image\">\n<a href=\"https:\/\/www.parrinst.com\/de\/products\/non-stirred-pressure-vessels\/series-4650\/\"><img loading=\"lazy\" decoding=\"async\" width=\"600\" height=\"600\" src=\"https:\/\/i0.wp.com\/www.parrinst.com\/de\/wp-content\/uploads\/sites\/6\/2018\/01\/4651-250mL-Vessel-HPHT.jpg?fit=600%2C600&amp;ssl=1\" class=\"attachment-large size-large\" alt=\"\" srcset=\"https:\/\/i0.wp.com\/www.parrinst.com\/de\/wp-content\/uploads\/sites\/6\/2018\/01\/4651-250mL-Vessel-HPHT.jpg?w=600&amp;ssl=1 600w, https:\/\/i0.wp.com\/www.parrinst.com\/de\/wp-content\/uploads\/sites\/6\/2018\/01\/4651-250mL-Vessel-HPHT.jpg?resize=150%2C150&amp;ssl=1 150w, https:\/\/i0.wp.com\/www.parrinst.com\/de\/wp-content\/uploads\/sites\/6\/2018\/01\/4651-250mL-Vessel-HPHT.jpg?resize=300%2C300&amp;ssl=1 300w\" sizes=\"auto, (max-width: 600px) 100vw, 600px\" \/><\/a>\n<\/div>\n<a class=\"product-filter-title\" href=\"https:\/\/www.parrinst.com\/de\/products\/non-stirred-pressure-vessels\/series-4650\/\">Hochdruck- \/ Hochtemperaturbeh\u00e4lter der Serien 4650 mit 250-1000 ml<\/a>\n<\/div>\n<div class=\"product-filter-item\">\n<div class=\"product-filter-item-image\">\n<a href=\"https:\/\/www.parrinst.com\/de\/products\/non-stirred-pressure-vessels\/series-4680\/\"><img loading=\"lazy\" decoding=\"async\" width=\"600\" height=\"600\" src=\"https:\/\/i0.wp.com\/www.parrinst.com\/de\/wp-content\/uploads\/sites\/6\/2023\/01\/4681-Closed-920412PI3_1636_600x600.jpg?fit=600%2C600&amp;ssl=1\" class=\"attachment-large size-large\" alt=\"\" srcset=\"https:\/\/i0.wp.com\/www.parrinst.com\/de\/wp-content\/uploads\/sites\/6\/2023\/01\/4681-Closed-920412PI3_1636_600x600.jpg?w=600&amp;ssl=1 600w, https:\/\/i0.wp.com\/www.parrinst.com\/de\/wp-content\/uploads\/sites\/6\/2023\/01\/4681-Closed-920412PI3_1636_600x600.jpg?resize=300%2C300&amp;ssl=1 300w, https:\/\/i0.wp.com\/www.parrinst.com\/de\/wp-content\/uploads\/sites\/6\/2023\/01\/4681-Closed-920412PI3_1636_600x600.jpg?resize=150%2C150&amp;ssl=1 150w\" sizes=\"auto, (max-width: 600px) 100vw, 600px\" \/><\/a>\n<\/div>\n<a class=\"product-filter-title\" href=\"https:\/\/www.parrinst.com\/de\/products\/non-stirred-pressure-vessels\/series-4680\/\">Hochdruck- \/ Hochtemperaturbeh\u00e4lter der Serien 4680 mit 1 und 1,8 Litern<\/a>\n<\/div>\n<div class=\"product-filter-item\">\n<div class=\"product-filter-item-image\">\n<a href=\"https:\/\/www.parrinst.com\/de\/products\/non-stirred-pressure-vessels\/series-4670\/\"><img loading=\"lazy\" decoding=\"async\" width=\"600\" height=\"600\" src=\"https:\/\/i0.wp.com\/www.parrinst.com\/de\/wp-content\/uploads\/sites\/6\/2020\/07\/4672-Non-Stirred-System-917668PI2_1755600x600.jpg?fit=600%2C600&amp;ssl=1\" class=\"attachment-large size-large\" alt=\"\" srcset=\"https:\/\/i0.wp.com\/www.parrinst.com\/de\/wp-content\/uploads\/sites\/6\/2020\/07\/4672-Non-Stirred-System-917668PI2_1755600x600.jpg?w=600&amp;ssl=1 600w, https:\/\/i0.wp.com\/www.parrinst.com\/de\/wp-content\/uploads\/sites\/6\/2020\/07\/4672-Non-Stirred-System-917668PI2_1755600x600.jpg?resize=300%2C300&amp;ssl=1 300w, https:\/\/i0.wp.com\/www.parrinst.com\/de\/wp-content\/uploads\/sites\/6\/2020\/07\/4672-Non-Stirred-System-917668PI2_1755600x600.jpg?resize=150%2C150&amp;ssl=1 150w\" sizes=\"auto, (max-width: 600px) 100vw, 600px\" \/><\/a>\n<\/div>\n<a class=\"product-filter-title\" href=\"https:\/\/www.parrinst.com\/de\/products\/non-stirred-pressure-vessels\/series-4670\/\">Hochdruck-\/ Hochtemperaturbeh\u00e4lter der Serien 4670, 3,75 und 5,5 Liter<\/a>\n<\/div>\n<div class=\"product-filter-item\">\n<div class=\"product-filter-item-image\">\n<a href=\"https:\/\/www.parrinst.com\/de\/products\/non-stirred-pressure-vessels\/series-4625\/\"><img loading=\"lazy\" decoding=\"async\" width=\"600\" height=\"600\" src=\"https:\/\/i0.wp.com\/www.parrinst.com\/de\/wp-content\/uploads\/sites\/6\/2018\/01\/4626_1200mL-Vessel.jpg?fit=600%2C600&amp;ssl=1\" class=\"attachment-large size-large\" alt=\"\" srcset=\"https:\/\/i0.wp.com\/www.parrinst.com\/de\/wp-content\/uploads\/sites\/6\/2018\/01\/4626_1200mL-Vessel.jpg?w=600&amp;ssl=1 600w, https:\/\/i0.wp.com\/www.parrinst.com\/de\/wp-content\/uploads\/sites\/6\/2018\/01\/4626_1200mL-Vessel.jpg?resize=150%2C150&amp;ssl=1 150w, https:\/\/i0.wp.com\/www.parrinst.com\/de\/wp-content\/uploads\/sites\/6\/2018\/01\/4626_1200mL-Vessel.jpg?resize=300%2C300&amp;ssl=1 300w\" sizes=\"auto, (max-width: 600px) 100vw, 600px\" \/><\/a>\n<\/div>\n<a class=\"product-filter-title\" href=\"https:\/\/www.parrinst.com\/de\/products\/non-stirred-pressure-vessels\/series-4625\/\">Hochdruckbeh\u00e4lter der Serien 4625 mit 600-1200 ml<\/a>\n<\/div>\n<div class=\"product-filter-item\">\n<div class=\"product-filter-item-image\">\n<a href=\"https:\/\/www.parrinst.com\/de\/products\/non-stirred-pressure-vessels\/custom-non-stirred-pressure-vessels\/\"><img loading=\"lazy\" decoding=\"async\" width=\"600\" height=\"600\" src=\"https:\/\/i0.wp.com\/www.parrinst.com\/de\/wp-content\/uploads\/sites\/6\/2018\/01\/4740_75mL_4848_600x600.jpg?fit=600%2C600&amp;ssl=1\" class=\"attachment-large size-large\" alt=\"\" srcset=\"https:\/\/i0.wp.com\/www.parrinst.com\/de\/wp-content\/uploads\/sites\/6\/2018\/01\/4740_75mL_4848_600x600.jpg?w=600&amp;ssl=1 600w, https:\/\/i0.wp.com\/www.parrinst.com\/de\/wp-content\/uploads\/sites\/6\/2018\/01\/4740_75mL_4848_600x600.jpg?resize=150%2C150&amp;ssl=1 150w, https:\/\/i0.wp.com\/www.parrinst.com\/de\/wp-content\/uploads\/sites\/6\/2018\/01\/4740_75mL_4848_600x600.jpg?resize=300%2C300&amp;ssl=1 300w\" sizes=\"auto, (max-width: 600px) 100vw, 600px\" \/><\/a>\n<\/div>\n<a class=\"product-filter-title\" href=\"https:\/\/www.parrinst.com\/de\/products\/non-stirred-pressure-vessels\/custom-non-stirred-pressure-vessels\/\">Kundenspezifische nicht ger\u00fchrte Druckgef\u00e4\u00dfe<\/a>\n<\/div>\n<div class=\"product-filter-item\">\n<div class=\"product-filter-item-image\">\n<a href=\"https:\/\/www.parrinst.com\/de\/products\/non-stirred-pressure-vessels\/series-4600\/\"><img loading=\"lazy\" decoding=\"async\" width=\"600\" height=\"600\" src=\"https:\/\/i0.wp.com\/www.parrinst.com\/de\/wp-content\/uploads\/sites\/6\/2018\/01\/4621_1000mL-Vessel_VGR.jpg?fit=600%2C600&amp;ssl=1\" class=\"attachment-large size-large\" alt=\"\" srcset=\"https:\/\/i0.wp.com\/www.parrinst.com\/de\/wp-content\/uploads\/sites\/6\/2018\/01\/4621_1000mL-Vessel_VGR.jpg?w=600&amp;ssl=1 600w, https:\/\/i0.wp.com\/www.parrinst.com\/de\/wp-content\/uploads\/sites\/6\/2018\/01\/4621_1000mL-Vessel_VGR.jpg?resize=150%2C150&amp;ssl=1 150w, https:\/\/i0.wp.com\/www.parrinst.com\/de\/wp-content\/uploads\/sites\/6\/2018\/01\/4621_1000mL-Vessel_VGR.jpg?resize=300%2C300&amp;ssl=1 300w\" sizes=\"auto, (max-width: 600px) 100vw, 600px\" \/><\/a>\n<\/div>\n<a class=\"product-filter-title\" href=\"https:\/\/www.parrinst.com\/de\/products\/non-stirred-pressure-vessels\/series-4600\/\">Serie 4600 Druckgef\u00e4\u00dfe, 1 und 2 Liter<\/a>\n<\/div>\n<div class=\"product-filter-item\">\n<div class=\"product-filter-item-image\">\n<a href=\"https:\/\/www.parrinst.com\/de\/products\/non-stirred-pressure-vessels\/series-4700\/\"><img loading=\"lazy\" decoding=\"async\" width=\"600\" height=\"600\" src=\"https:\/\/i0.wp.com\/www.parrinst.com\/de\/wp-content\/uploads\/sites\/6\/2018\/01\/4714_45mL-Vessel.jpg?fit=600%2C600&amp;ssl=1\" class=\"attachment-large size-large\" alt=\"\" srcset=\"https:\/\/i0.wp.com\/www.parrinst.com\/de\/wp-content\/uploads\/sites\/6\/2018\/01\/4714_45mL-Vessel.jpg?w=600&amp;ssl=1 600w, https:\/\/i0.wp.com\/www.parrinst.com\/de\/wp-content\/uploads\/sites\/6\/2018\/01\/4714_45mL-Vessel.jpg?resize=150%2C150&amp;ssl=1 150w, https:\/\/i0.wp.com\/www.parrinst.com\/de\/wp-content\/uploads\/sites\/6\/2018\/01\/4714_45mL-Vessel.jpg?resize=300%2C300&amp;ssl=1 300w\" sizes=\"auto, (max-width: 600px) 100vw, 600px\" \/><\/a>\n<\/div>\n<a class=\"product-filter-title\" href=\"https:\/\/www.parrinst.com\/de\/products\/non-stirred-pressure-vessels\/series-4700\/\">Serie 4700 Universelle Druckbeh\u00e4lter, 22 &#038; 45 ml<\/a>\n<\/div>\n<div class=\"product-filter-item\">\n<div class=\"product-filter-item-image\">\n<a href=\"https:\/\/www.parrinst.com\/de\/products\/non-stirred-pressure-vessels\/series-4740\/\"><img loading=\"lazy\" decoding=\"async\" width=\"600\" height=\"600\" src=\"https:\/\/i0.wp.com\/www.parrinst.com\/de\/wp-content\/uploads\/sites\/6\/2018\/01\/4740_75mL_600x600.jpg?fit=600%2C600&amp;ssl=1\" class=\"attachment-large size-large\" alt=\"Modell 4740, 75 ml Beh\u00e4lter mit Manometereinheit\" srcset=\"https:\/\/i0.wp.com\/www.parrinst.com\/de\/wp-content\/uploads\/sites\/6\/2018\/01\/4740_75mL_600x600.jpg?w=600&amp;ssl=1 600w, https:\/\/i0.wp.com\/www.parrinst.com\/de\/wp-content\/uploads\/sites\/6\/2018\/01\/4740_75mL_600x600.jpg?resize=150%2C150&amp;ssl=1 150w, https:\/\/i0.wp.com\/www.parrinst.com\/de\/wp-content\/uploads\/sites\/6\/2018\/01\/4740_75mL_600x600.jpg?resize=300%2C300&amp;ssl=1 300w\" sizes=\"auto, (max-width: 600px) 100vw, 600px\" \/><\/a>\n<\/div>\n<a class=\"product-filter-title\" href=\"https:\/\/www.parrinst.com\/de\/products\/non-stirred-pressure-vessels\/series-4740\/\">Serie 4740 Hochdruck- \/ Hochtemperatur Druckbeh\u00e4lter, 25-75 ml<\/a>\n<\/div>\n<div class=\"product-filter-item\">\n<div class=\"product-filter-item-image\">\n<a href=\"https:\/\/www.parrinst.com\/de\/products\/non-stirred-pressure-vessels\/series-4790\/\"><img loading=\"lazy\" decoding=\"async\" width=\"600\" height=\"600\" src=\"https:\/\/i0.wp.com\/www.parrinst.com\/de\/wp-content\/uploads\/sites\/6\/2018\/01\/4791_2-valve.jpg?fit=600%2C600&amp;ssl=1\" class=\"attachment-large size-large\" alt=\"\" srcset=\"https:\/\/i0.wp.com\/www.parrinst.com\/de\/wp-content\/uploads\/sites\/6\/2018\/01\/4791_2-valve.jpg?w=600&amp;ssl=1 600w, https:\/\/i0.wp.com\/www.parrinst.com\/de\/wp-content\/uploads\/sites\/6\/2018\/01\/4791_2-valve.jpg?resize=150%2C150&amp;ssl=1 150w, https:\/\/i0.wp.com\/www.parrinst.com\/de\/wp-content\/uploads\/sites\/6\/2018\/01\/4791_2-valve.jpg?resize=300%2C300&amp;ssl=1 300w\" sizes=\"auto, (max-width: 600px) 100vw, 600px\" \/><\/a>\n<\/div>\n<a class=\"product-filter-title\" href=\"https:\/\/www.parrinst.com\/de\/products\/non-stirred-pressure-vessels\/series-4790\/\">Serie 4790 Druckbeh\u00e4lter, 25-100 ml<\/a>\n<\/div>\n<div class=\"product-filter-item\">\n<div class=\"product-filter-item-image\">\n<a href=\"https:\/\/www.parrinst.com\/de\/products\/non-stirred-pressure-vessels\/series-4750\/\"><img loading=\"lazy\" decoding=\"async\" width=\"600\" height=\"600\" src=\"https:\/\/i0.wp.com\/www.parrinst.com\/de\/wp-content\/uploads\/sites\/6\/2018\/01\/4751_125mL-Vessel.jpg?fit=600%2C600&amp;ssl=1\" class=\"attachment-large size-large\" alt=\"\" srcset=\"https:\/\/i0.wp.com\/www.parrinst.com\/de\/wp-content\/uploads\/sites\/6\/2018\/01\/4751_125mL-Vessel.jpg?w=600&amp;ssl=1 600w, https:\/\/i0.wp.com\/www.parrinst.com\/de\/wp-content\/uploads\/sites\/6\/2018\/01\/4751_125mL-Vessel.jpg?resize=150%2C150&amp;ssl=1 150w, https:\/\/i0.wp.com\/www.parrinst.com\/de\/wp-content\/uploads\/sites\/6\/2018\/01\/4751_125mL-Vessel.jpg?resize=300%2C300&amp;ssl=1 300w\" sizes=\"auto, (max-width: 600px) 100vw, 600px\" \/><\/a>\n<\/div>\n<a class=\"product-filter-title\" href=\"https:\/\/www.parrinst.com\/de\/products\/non-stirred-pressure-vessels\/series-4750\/\">Series 4750 General Purpose Vessels, 125 &#038; 200 mL<\/a>\n<\/div>\n<div class=\"product-filter-item\">\n<div class=\"product-filter-item-image\">\n<a href=\"https:\/\/www.parrinst.com\/de\/products\/non-stirred-pressure-vessels\/series-8700-general-purpose-pressure-vessels-50-100-l\/\"><img loading=\"lazy\" decoding=\"async\" width=\"600\" height=\"600\" src=\"https:\/\/i0.wp.com\/www.parrinst.com\/de\/wp-content\/uploads\/sites\/6\/2025\/06\/Parr_8700_100L_1_Bolts-upPI2_5830_600x600-web.jpg?fit=600%2C600&amp;ssl=1\" class=\"attachment-large size-large\" alt=\"\" srcset=\"https:\/\/i0.wp.com\/www.parrinst.com\/de\/wp-content\/uploads\/sites\/6\/2025\/06\/Parr_8700_100L_1_Bolts-upPI2_5830_600x600-web.jpg?w=600&amp;ssl=1 600w, https:\/\/i0.wp.com\/www.parrinst.com\/de\/wp-content\/uploads\/sites\/6\/2025\/06\/Parr_8700_100L_1_Bolts-upPI2_5830_600x600-web.jpg?resize=300%2C300&amp;ssl=1 300w, https:\/\/i0.wp.com\/www.parrinst.com\/de\/wp-content\/uploads\/sites\/6\/2025\/06\/Parr_8700_100L_1_Bolts-upPI2_5830_600x600-web.jpg?resize=150%2C150&amp;ssl=1 150w\" sizes=\"auto, (max-width: 600px) 100vw, 600px\" \/><\/a>\n<\/div>\n<a class=\"product-filter-title\" href=\"https:\/\/www.parrinst.com\/de\/products\/non-stirred-pressure-vessels\/series-8700-general-purpose-pressure-vessels-50-100-l\/\">Series 8700 General Purpose Pressure Vessels, 50 &#038; 100 L<\/a>\n<\/div>\n<div class=\"product-filter-item\">\n<div class=\"product-filter-item-image\">\n<a href=\"https:\/\/www.parrinst.com\/de\/products\/non-stirred-pressure-vessels\/series-4760\/\"><img loading=\"lazy\" decoding=\"async\" width=\"600\" height=\"600\" src=\"https:\/\/i0.wp.com\/www.parrinst.com\/de\/wp-content\/uploads\/sites\/6\/2011\/06\/4766_300mL-Vessel-VGR.jpg?fit=600%2C600&amp;ssl=1\" class=\"attachment-large size-large\" alt=\"Model 4760-300mL-VGR-VD with PTFE Flat Gasket and optional second valve.\" srcset=\"https:\/\/i0.wp.com\/www.parrinst.com\/de\/wp-content\/uploads\/sites\/6\/2011\/06\/4766_300mL-Vessel-VGR.jpg?w=600&amp;ssl=1 600w, https:\/\/i0.wp.com\/www.parrinst.com\/de\/wp-content\/uploads\/sites\/6\/2011\/06\/4766_300mL-Vessel-VGR.jpg?resize=150%2C150&amp;ssl=1 150w, https:\/\/i0.wp.com\/www.parrinst.com\/de\/wp-content\/uploads\/sites\/6\/2011\/06\/4766_300mL-Vessel-VGR.jpg?resize=300%2C300&amp;ssl=1 300w\" sizes=\"auto, (max-width: 600px) 100vw, 600px\" \/><\/a>\n<\/div>\n<a class=\"product-filter-title\" href=\"https:\/\/www.parrinst.com\/de\/products\/non-stirred-pressure-vessels\/series-4760\/\">Universelle der Serie 4760, 100-600 ml<\/a>\n<\/div>\n<\/div><\/div>\n","protected":false},"excerpt":{"rendered":"","protected":false},"author":2,"featured_media":37713,"parent":22,"menu_order":1,"comment_status":"closed","ping_status":"closed","template":"general-tabs-filter.php","meta":{"_acf_changed":false,"footnotes":"","_links_to":"","_links_to_target":""},"class_list":["post-77","page","type-page","status-publish","has-post-thumbnail","hentry"],"acf":[],"yoast_head":"<!-- This site is optimized with the Yoast SEO plugin v27.4 - https:\/\/yoast.com\/product\/yoast-seo-wordpress\/ -->\n<title>Nicht ger\u00fchrte Druckbeh\u00e4lter - Parr Instrument GmbH<\/title>\n<meta name=\"robots\" content=\"index, follow, max-snippet:-1, max-image-preview:large, max-video-preview:-1\" \/>\n<link rel=\"canonical\" href=\"https:\/\/www.parrinst.com\/de\/products\/non-stirred-pressure-vessels\/\" \/>\n<meta property=\"og:locale\" content=\"en_US\" \/>\n<meta property=\"og:type\" content=\"article\" \/>\n<meta property=\"og:title\" content=\"Nicht ger\u00fchrte Druckbeh\u00e4lter - Parr Instrument GmbH\" \/>\n<meta property=\"og:url\" content=\"https:\/\/www.parrinst.com\/de\/products\/non-stirred-pressure-vessels\/\" \/>\n<meta property=\"og:site_name\" content=\"Parr Instrument GmbH\" \/>\n<meta property=\"article:modified_time\" content=\"2021-09-10T19:46:19+00:00\" \/>\n<meta property=\"og:image\" content=\"https:\/\/www.parrinst.com\/de\/files\/2018\/01\/parr_banner_non-stirred_secondary.jpg\" \/>\n\t<meta property=\"og:image:width\" content=\"2200\" \/>\n\t<meta property=\"og:image:height\" content=\"399\" \/>\n\t<meta property=\"og:image:type\" content=\"image\/jpeg\" \/>\n<meta name=\"twitter:card\" content=\"summary_large_image\" \/>\n<script type=\"application\/ld+json\" class=\"yoast-schema-graph\">{\"@context\":\"https:\\\/\\\/schema.org\",\"@graph\":[{\"@type\":\"WebPage\",\"@id\":\"https:\\\/\\\/www.parrinst.com\\\/de\\\/products\\\/non-stirred-pressure-vessels\\\/\",\"url\":\"https:\\\/\\\/www.parrinst.com\\\/de\\\/products\\\/non-stirred-pressure-vessels\\\/\",\"name\":\"Nicht ger\u00fchrte Druckbeh\u00e4lter - Parr Instrument GmbH\",\"isPartOf\":{\"@id\":\"https:\\\/\\\/www.parrinst.com\\\/de\\\/#website\"},\"primaryImageOfPage\":{\"@id\":\"https:\\\/\\\/www.parrinst.com\\\/de\\\/products\\\/non-stirred-pressure-vessels\\\/#primaryimage\"},\"image\":{\"@id\":\"https:\\\/\\\/www.parrinst.com\\\/de\\\/products\\\/non-stirred-pressure-vessels\\\/#primaryimage\"},\"thumbnailUrl\":\"https:\\\/\\\/i0.wp.com\\\/www.parrinst.com\\\/de\\\/wp-content\\\/uploads\\\/sites\\\/6\\\/2018\\\/01\\\/parr_banner_non-stirred_secondary.jpg?fit=2200%2C399&ssl=1\",\"datePublished\":\"2011-03-10T02:50:00+00:00\",\"dateModified\":\"2021-09-10T19:46:19+00:00\",\"breadcrumb\":{\"@id\":\"https:\\\/\\\/www.parrinst.com\\\/de\\\/products\\\/non-stirred-pressure-vessels\\\/#breadcrumb\"},\"inLanguage\":\"en-US\",\"potentialAction\":[{\"@type\":\"ReadAction\",\"target\":[\"https:\\\/\\\/www.parrinst.com\\\/de\\\/products\\\/non-stirred-pressure-vessels\\\/\"]}]},{\"@type\":\"ImageObject\",\"inLanguage\":\"en-US\",\"@id\":\"https:\\\/\\\/www.parrinst.com\\\/de\\\/products\\\/non-stirred-pressure-vessels\\\/#primaryimage\",\"url\":\"https:\\\/\\\/i0.wp.com\\\/www.parrinst.com\\\/de\\\/wp-content\\\/uploads\\\/sites\\\/6\\\/2018\\\/01\\\/parr_banner_non-stirred_secondary.jpg?fit=2200%2C399&ssl=1\",\"contentUrl\":\"https:\\\/\\\/i0.wp.com\\\/www.parrinst.com\\\/de\\\/wp-content\\\/uploads\\\/sites\\\/6\\\/2018\\\/01\\\/parr_banner_non-stirred_secondary.jpg?fit=2200%2C399&ssl=1\",\"width\":2200,\"height\":399},{\"@type\":\"BreadcrumbList\",\"@id\":\"https:\\\/\\\/www.parrinst.com\\\/de\\\/products\\\/non-stirred-pressure-vessels\\\/#breadcrumb\",\"itemListElement\":[{\"@type\":\"ListItem\",\"position\":1,\"name\":\"Home\",\"item\":\"https:\\\/\\\/www.parrinst.com\\\/de\\\/\"},{\"@type\":\"ListItem\",\"position\":2,\"name\":\"Products\",\"item\":\"https:\\\/\\\/www.parrinst.com\\\/de\\\/products\\\/\"},{\"@type\":\"ListItem\",\"position\":3,\"name\":\"Nicht ger\u00fchrte Druckbeh\u00e4lter\"}]},{\"@type\":\"WebSite\",\"@id\":\"https:\\\/\\\/www.parrinst.com\\\/de\\\/#website\",\"url\":\"https:\\\/\\\/www.parrinst.com\\\/de\\\/\",\"name\":\"Parr Instrument GmbH\",\"description\":\"\",\"potentialAction\":[{\"@type\":\"SearchAction\",\"target\":{\"@type\":\"EntryPoint\",\"urlTemplate\":\"https:\\\/\\\/www.parrinst.com\\\/de\\\/?s={search_term_string}\"},\"query-input\":{\"@type\":\"PropertyValueSpecification\",\"valueRequired\":true,\"valueName\":\"search_term_string\"}}],\"inLanguage\":\"en-US\"}]}<\/script>\n<!-- \/ Yoast SEO plugin. -->","yoast_head_json":{"title":"Nicht ger\u00fchrte Druckbeh\u00e4lter - Parr Instrument GmbH","robots":{"index":"index","follow":"follow","max-snippet":"max-snippet:-1","max-image-preview":"max-image-preview:large","max-video-preview":"max-video-preview:-1"},"canonical":"https:\/\/www.parrinst.com\/de\/products\/non-stirred-pressure-vessels\/","og_locale":"en_US","og_type":"article","og_title":"Nicht ger\u00fchrte Druckbeh\u00e4lter - Parr Instrument GmbH","og_url":"https:\/\/www.parrinst.com\/de\/products\/non-stirred-pressure-vessels\/","og_site_name":"Parr Instrument GmbH","article_modified_time":"2021-09-10T19:46:19+00:00","og_image":[{"width":2200,"height":399,"url":"https:\/\/www.parrinst.com\/de\/files\/2018\/01\/parr_banner_non-stirred_secondary.jpg","type":"image\/jpeg"}],"twitter_card":"summary_large_image","schema":{"@context":"https:\/\/schema.org","@graph":[{"@type":"WebPage","@id":"https:\/\/www.parrinst.com\/de\/products\/non-stirred-pressure-vessels\/","url":"https:\/\/www.parrinst.com\/de\/products\/non-stirred-pressure-vessels\/","name":"Nicht ger\u00fchrte Druckbeh\u00e4lter - Parr Instrument GmbH","isPartOf":{"@id":"https:\/\/www.parrinst.com\/de\/#website"},"primaryImageOfPage":{"@id":"https:\/\/www.parrinst.com\/de\/products\/non-stirred-pressure-vessels\/#primaryimage"},"image":{"@id":"https:\/\/www.parrinst.com\/de\/products\/non-stirred-pressure-vessels\/#primaryimage"},"thumbnailUrl":"https:\/\/i0.wp.com\/www.parrinst.com\/de\/wp-content\/uploads\/sites\/6\/2018\/01\/parr_banner_non-stirred_secondary.jpg?fit=2200%2C399&ssl=1","datePublished":"2011-03-10T02:50:00+00:00","dateModified":"2021-09-10T19:46:19+00:00","breadcrumb":{"@id":"https:\/\/www.parrinst.com\/de\/products\/non-stirred-pressure-vessels\/#breadcrumb"},"inLanguage":"en-US","potentialAction":[{"@type":"ReadAction","target":["https:\/\/www.parrinst.com\/de\/products\/non-stirred-pressure-vessels\/"]}]},{"@type":"ImageObject","inLanguage":"en-US","@id":"https:\/\/www.parrinst.com\/de\/products\/non-stirred-pressure-vessels\/#primaryimage","url":"https:\/\/i0.wp.com\/www.parrinst.com\/de\/wp-content\/uploads\/sites\/6\/2018\/01\/parr_banner_non-stirred_secondary.jpg?fit=2200%2C399&ssl=1","contentUrl":"https:\/\/i0.wp.com\/www.parrinst.com\/de\/wp-content\/uploads\/sites\/6\/2018\/01\/parr_banner_non-stirred_secondary.jpg?fit=2200%2C399&ssl=1","width":2200,"height":399},{"@type":"BreadcrumbList","@id":"https:\/\/www.parrinst.com\/de\/products\/non-stirred-pressure-vessels\/#breadcrumb","itemListElement":[{"@type":"ListItem","position":1,"name":"Home","item":"https:\/\/www.parrinst.com\/de\/"},{"@type":"ListItem","position":2,"name":"Products","item":"https:\/\/www.parrinst.com\/de\/products\/"},{"@type":"ListItem","position":3,"name":"Nicht ger\u00fchrte Druckbeh\u00e4lter"}]},{"@type":"WebSite","@id":"https:\/\/www.parrinst.com\/de\/#website","url":"https:\/\/www.parrinst.com\/de\/","name":"Parr Instrument GmbH","description":"","potentialAction":[{"@type":"SearchAction","target":{"@type":"EntryPoint","urlTemplate":"https:\/\/www.parrinst.com\/de\/?s={search_term_string}"},"query-input":{"@type":"PropertyValueSpecification","valueRequired":true,"valueName":"search_term_string"}}],"inLanguage":"en-US"}]}},"jetpack_sharing_enabled":true,"_links":{"self":[{"href":"https:\/\/www.parrinst.com\/de\/wp-json\/wp\/v2\/pages\/77","targetHints":{"allow":["GET"]}}],"collection":[{"href":"https:\/\/www.parrinst.com\/de\/wp-json\/wp\/v2\/pages"}],"about":[{"href":"https:\/\/www.parrinst.com\/de\/wp-json\/wp\/v2\/types\/page"}],"author":[{"embeddable":true,"href":"https:\/\/www.parrinst.com\/de\/wp-json\/wp\/v2\/users\/2"}],"replies":[{"embeddable":true,"href":"https:\/\/www.parrinst.com\/de\/wp-json\/wp\/v2\/comments?post=77"}],"version-history":[{"count":4,"href":"https:\/\/www.parrinst.com\/de\/wp-json\/wp\/v2\/pages\/77\/revisions"}],"predecessor-version":[{"id":38433,"href":"https:\/\/www.parrinst.com\/de\/wp-json\/wp\/v2\/pages\/77\/revisions\/38433"}],"up":[{"embeddable":true,"href":"https:\/\/www.parrinst.com\/de\/wp-json\/wp\/v2\/pages\/22"}],"wp:featuredmedia":[{"embeddable":true,"href":"https:\/\/www.parrinst.com\/de\/wp-json\/wp\/v2\/media\/37713"}],"wp:attachment":[{"href":"https:\/\/www.parrinst.com\/de\/wp-json\/wp\/v2\/media?parent=77"}],"curies":[{"name":"wp","href":"https:\/\/api.w.org\/{rel}","templated":true}]}}