{"id":7821,"date":"2011-09-14T20:16:17","date_gmt":"2011-09-15T01:16:17","guid":{"rendered":"https:\/\/www.parrinst.com\/?page_id=7821"},"modified":"2018-10-12T15:33:37","modified_gmt":"2018-10-12T20:33:37","slug":"mounting-styles","status":"publish","type":"page","link":"https:\/\/www.parrinst.com\/de\/products\/stirred-reactors\/design-features\/mounting-styles\/","title":{"rendered":"Mounting Styles"},"content":{"rendered":"<hr \/>\n<figure id=\"attachment_3749\" aria-describedby=\"caption-attachment-3749\" style=\"width: 221px\" class=\"wp-caption alignright\"><a href=\"https:\/\/i0.wp.com\/www.parrinst.com\/de\/wp-content\/uploads\/sites\/6\/2011\/06\/4523-closed.jpg?ssl=1\"><img data-recalc-dims=\"1\" loading=\"lazy\" decoding=\"async\" class=\"wp-image-3749 size-medium\" src=\"https:\/\/i0.wp.com\/www.parrinst.com\/de\/wp-content\/uploads\/sites\/6\/2011\/06\/4523-closed.jpg?resize=221%2C300&#038;ssl=1\" alt=\"\" width=\"221\" height=\"300\" \/><\/a><figcaption id=\"caption-attachment-3749\" class=\"wp-caption-text\">Model 4523 Reactor, Fixed Head, 1 liter.<\/figcaption><\/figure>\n<h3>\u201eFixed Head\u201c Reaktoren<\/h3>\n<p>Parr bietet alle Laborreaktoren und die meisten nicht ger\u00fchrten Druckbeh\u00e4ltermit einem Fassungsverm\u00f6gen von 25 ml bis 7,5l im \u201eFixed Head\u201c -Design an. Bei diesen Reaktoren verbleibt der Beh\u00e4lterkopf fest im Reaktorstand. Alle Anschl\u00fcsse zum Kopf: Gas- und Fl\u00fcssigkeitsspeisung, Ablassleitungen, K\u00fchlwasser, Gasentnahme und Kondensatoren, Thermoelemente und elektrische Anschl\u00fcsse k\u00f6nnen dauerhaft an Ort und Stelle bleiben. Der Reaktor wird ge\u00f6ffnet, indem der Split-Ring einfach zur Seite geschoben wird und der Zylinder nach unten abgelassen wird, somit bleiben alle Anschl\u00fcsse unbeeinflusst. Auf Wunsch kann die gesamte Beh\u00e4ltereinheit von der Kopfhalteplatte entfernt werden.<\/p>\n<figure id=\"attachment_38924\" aria-describedby=\"caption-attachment-38924\" style=\"width: 125px\" class=\"wp-caption alignleft\"><a href=\"https:\/\/i0.wp.com\/www.parrinst.com\/de\/wp-content\/uploads\/sites\/6\/2018\/08\/fixed-head_detail.jpg?ssl=1\"><img data-recalc-dims=\"1\" loading=\"lazy\" decoding=\"async\" class=\"wp-image-38924\" src=\"https:\/\/i0.wp.com\/www.parrinst.com\/de\/wp-content\/uploads\/sites\/6\/2018\/08\/fixed-head_detail.jpg?resize=125%2C186&#038;ssl=1\" alt=\"Close up view of a fixed head reactor with the cylinder and heater lowered.\" width=\"125\" height=\"186\" srcset=\"https:\/\/i0.wp.com\/www.parrinst.com\/de\/wp-content\/uploads\/sites\/6\/2018\/08\/fixed-head_detail.jpg?resize=201%2C300&amp;ssl=1 201w, https:\/\/i0.wp.com\/www.parrinst.com\/de\/wp-content\/uploads\/sites\/6\/2018\/08\/fixed-head_detail.jpg?resize=101%2C150&amp;ssl=1 101w, https:\/\/i0.wp.com\/www.parrinst.com\/de\/wp-content\/uploads\/sites\/6\/2018\/08\/fixed-head_detail.jpg?resize=686%2C1024&amp;ssl=1 686w, https:\/\/i0.wp.com\/www.parrinst.com\/de\/wp-content\/uploads\/sites\/6\/2018\/08\/fixed-head_detail.jpg?w=990&amp;ssl=1 990w\" sizes=\"auto, (max-width: 125px) 100vw, 125px\" \/><\/a><figcaption id=\"caption-attachment-38924\" class=\"wp-caption-text\">Close up view of a fixed head reactor.<\/figcaption><\/figure>\n<p>Bei den Reaktoren der Baureihen 4560 und 4590 wird die Heizung nach unten geschoben und der Zylinder per Hand heraus genommen. In den 1 l und 2 l Reaktoren der Serien 4520 und 4530, sowie den 600 ml und 1200 ml Hochdruckmodellen der Reihe 4540 ist eine manuelle Hubvorrichtung und eine Handhabungsmechanik vorhanden, um den Zylinder abzusenken und anzuheben. In den Baureihen 4550 und 4580 der 3,75 l und 7,5 l Einheiten und bei den 1 l und 1,8 l Gr\u00f6\u00dfen der Serie 4570 wird der Zylinder pneumatisch angehoben und abgesenkt.<\/p>\n<p>&nbsp;<\/p>\n<p>&nbsp;<\/p>\n<hr \/>\n<h3>Reaktoren mit \u201eherausnehmbarem Beh\u00e4lter\u201c<\/h3>\n<figure id=\"attachment_1953\" aria-describedby=\"caption-attachment-1953\" style=\"width: 260px\" class=\"wp-caption alignright\"><a href=\"https:\/\/i0.wp.com\/www.parrinst.com\/de\/wp-content\/uploads\/sites\/6\/2011\/03\/4525-moveable_4848.jpg?ssl=1\"><img data-recalc-dims=\"1\" loading=\"lazy\" decoding=\"async\" class=\"wp-image-1953 size-medium\" src=\"https:\/\/i0.wp.com\/www.parrinst.com\/de\/wp-content\/uploads\/sites\/6\/2011\/03\/4525-moveable_4848.jpg?resize=260%2C300&#038;ssl=1\" alt=\"\" width=\"260\" height=\"300\" srcset=\"https:\/\/i0.wp.com\/www.parrinst.com\/de\/wp-content\/uploads\/sites\/6\/2011\/03\/4525-moveable_4848.jpg?resize=260%2C300&amp;ssl=1 260w, https:\/\/i0.wp.com\/www.parrinst.com\/de\/wp-content\/uploads\/sites\/6\/2011\/03\/4525-moveable_4848.jpg?resize=130%2C150&amp;ssl=1 130w, https:\/\/i0.wp.com\/www.parrinst.com\/de\/wp-content\/uploads\/sites\/6\/2011\/03\/4525-moveable_4848.jpg?w=520&amp;ssl=1 520w\" sizes=\"auto, (max-width: 260px) 100vw, 260px\" \/><\/a><figcaption id=\"caption-attachment-1953\" class=\"wp-caption-text\">4544 Reactor, 600 mL, Moveable Vessel, Split Ring with Compression Bolts, and a 4848 Controller shown with optional Expansion Modules.<\/figcaption><\/figure>\n<p>Als Alternative zum \u201eFixed Head\u201c -Design, die oben beschrieben wurde, k\u00f6nnen alle Parr Reaktoren in einer anderen Ausf\u00fchrung hergestellt werden. Diese erlaubt es den kompletten Beh\u00e4lter als eine gesamte Baugruppe aus dem Stand zu nehmen, um ihn zu bef\u00fcllen, die Produkte zu entnehmen und zu reinigen. In den kleineren und mittelgro\u00dfen Modellen wird dazu der gesamte Beh\u00e4lter per Hand aus der Heizung gehoben. Bei den gr\u00f6\u00dferen Modellen kann der Beh\u00e4lter ge\u00f6ffnet werden w\u00e4hrend der Zylinder in der Heizung verweilt, hierzu muss der Kopf manuell abgenommen werden. Bei den gr\u00f6\u00dften (10 und 18,75 Liter) Varianten ist ein Flaschenzug angebracht um die schwereren K\u00f6pfe und Zylinder anheben zu k\u00f6nnen.<\/p>\n<p>Diese \u201eherausnehmbaren Reaktoren\u201c sind f\u00fcr Anwender geeignet, die darauf abzielen mit einem diskontinuierlichen System zu arbeiten anstelle von einer Anordnung mit kontinuierlichem Durchfluss. Hierbei ist es auch m\u00f6glich den Beh\u00e4lter zur Produktentnahme, F\u00fcllung und Reinigung zu entnehmen. Ebenso ist diese Variante f\u00fcr Nutzer gedacht, die den Druckbeh\u00e4lter unter speziellen Atmosph\u00e4ren vorbereiten m\u00fcssen oder die den Zylinder und das R\u00fchrwerk in einem abgetrennten Bereich von dem Stand und der Heizung renigen wollen. Des Weiteren haben sie den Vorteil kosteng\u00fcnstiger als die \u201eFixed Head\u201c Modelle zu sein, da sie keine aufw\u00e4ndige Kopfbearbeitung oder die Hebevorrichtung f\u00fcr Zylinder und Heizung ben\u00f6tigen.<\/p>\n","protected":false},"excerpt":{"rendered":"<p>\u201eFixed Head\u201c Reaktoren Parr bietet alle Laborreaktoren und die meisten nicht ger\u00fchrten Druckbeh\u00e4ltermit einem Fassungsverm\u00f6gen von 25 ml bis 7,5l im \u201eFixed Head\u201c -Design an. Bei diesen Reaktoren verbleibt der Beh\u00e4lterkopf fest im Reaktorstand. Alle Anschl\u00fcsse zum Kopf: Gas- und Fl\u00fcssigkeitsspeisung, Ablassleitungen, K\u00fchlwasser, Gasentnahme und Kondensatoren, Thermoelemente und elektrische Anschl\u00fcsse k\u00f6nnen dauerhaft an Ort und [&hellip;]<\/p>\n","protected":false},"author":1,"featured_media":36873,"parent":126,"menu_order":0,"comment_status":"closed","ping_status":"closed","template":"product-wide.php","meta":{"_acf_changed":false,"footnotes":"","_links_to":"","_links_to_target":""},"class_list":["post-7821","page","type-page","status-publish","has-post-thumbnail","hentry"],"acf":[],"yoast_head":"<!-- This site is optimized with the Yoast SEO plugin v27.5 - https:\/\/yoast.com\/product\/yoast-seo-wordpress\/ -->\n<title>Mounting Styles - Parr Instrument GmbH<\/title>\n<meta name=\"robots\" content=\"index, follow, max-snippet:-1, max-image-preview:large, max-video-preview:-1\" \/>\n<link rel=\"canonical\" href=\"https:\/\/www.parrinst.com\/de\/products\/stirred-reactors\/design-features\/mounting-styles\/\" \/>\n<meta property=\"og:locale\" content=\"en_US\" \/>\n<meta property=\"og:type\" content=\"article\" \/>\n<meta property=\"og:title\" content=\"Mounting Styles - Parr Instrument GmbH\" \/>\n<meta property=\"og:description\" content=\"\u201eFixed Head\u201c Reaktoren Parr bietet alle Laborreaktoren und die meisten nicht ger\u00fchrten Druckbeh\u00e4ltermit einem Fassungsverm\u00f6gen von 25 ml bis 7,5l im \u201eFixed Head\u201c -Design an. Bei diesen Reaktoren verbleibt der Beh\u00e4lterkopf fest im Reaktorstand. Alle Anschl\u00fcsse zum Kopf: Gas- und Fl\u00fcssigkeitsspeisung, Ablassleitungen, K\u00fchlwasser, Gasentnahme und Kondensatoren, Thermoelemente und elektrische Anschl\u00fcsse k\u00f6nnen dauerhaft an Ort und [&hellip;]\" \/>\n<meta property=\"og:url\" content=\"https:\/\/www.parrinst.com\/de\/products\/stirred-reactors\/design-features\/mounting-styles\/\" \/>\n<meta property=\"og:site_name\" content=\"Parr Instrument GmbH\" \/>\n<meta property=\"article:modified_time\" content=\"2018-10-12T20:33:37+00:00\" \/>\n<meta property=\"og:image\" content=\"https:\/\/www.parrinst.com\/de\/files\/2017\/12\/parr_banner_stirred3_secondary.jpg\" \/>\n\t<meta property=\"og:image:width\" content=\"2200\" \/>\n\t<meta property=\"og:image:height\" content=\"399\" \/>\n\t<meta property=\"og:image:type\" content=\"image\/jpeg\" \/>\n<meta name=\"twitter:card\" content=\"summary_large_image\" \/>\n<meta name=\"twitter:label1\" content=\"Est. reading time\" \/>\n\t<meta name=\"twitter:data1\" content=\"2 minutes\" \/>\n<script type=\"application\/ld+json\" class=\"yoast-schema-graph\">{\"@context\":\"https:\\\/\\\/schema.org\",\"@graph\":[{\"@type\":\"WebPage\",\"@id\":\"https:\\\/\\\/www.parrinst.com\\\/de\\\/products\\\/stirred-reactors\\\/design-features\\\/mounting-styles\\\/\",\"url\":\"https:\\\/\\\/www.parrinst.com\\\/de\\\/products\\\/stirred-reactors\\\/design-features\\\/mounting-styles\\\/\",\"name\":\"Mounting Styles - Parr Instrument GmbH\",\"isPartOf\":{\"@id\":\"https:\\\/\\\/www.parrinst.com\\\/de\\\/#website\"},\"primaryImageOfPage\":{\"@id\":\"https:\\\/\\\/www.parrinst.com\\\/de\\\/products\\\/stirred-reactors\\\/design-features\\\/mounting-styles\\\/#primaryimage\"},\"image\":{\"@id\":\"https:\\\/\\\/www.parrinst.com\\\/de\\\/products\\\/stirred-reactors\\\/design-features\\\/mounting-styles\\\/#primaryimage\"},\"thumbnailUrl\":\"https:\\\/\\\/i0.wp.com\\\/www.parrinst.com\\\/de\\\/wp-content\\\/uploads\\\/sites\\\/6\\\/2017\\\/12\\\/parr_banner_stirred3_secondary.jpg?fit=2200%2C399&ssl=1\",\"datePublished\":\"2011-09-15T01:16:17+00:00\",\"dateModified\":\"2018-10-12T20:33:37+00:00\",\"breadcrumb\":{\"@id\":\"https:\\\/\\\/www.parrinst.com\\\/de\\\/products\\\/stirred-reactors\\\/design-features\\\/mounting-styles\\\/#breadcrumb\"},\"inLanguage\":\"en-US\",\"potentialAction\":[{\"@type\":\"ReadAction\",\"target\":[\"https:\\\/\\\/www.parrinst.com\\\/de\\\/products\\\/stirred-reactors\\\/design-features\\\/mounting-styles\\\/\"]}]},{\"@type\":\"ImageObject\",\"inLanguage\":\"en-US\",\"@id\":\"https:\\\/\\\/www.parrinst.com\\\/de\\\/products\\\/stirred-reactors\\\/design-features\\\/mounting-styles\\\/#primaryimage\",\"url\":\"https:\\\/\\\/i0.wp.com\\\/www.parrinst.com\\\/de\\\/wp-content\\\/uploads\\\/sites\\\/6\\\/2017\\\/12\\\/parr_banner_stirred3_secondary.jpg?fit=2200%2C399&ssl=1\",\"contentUrl\":\"https:\\\/\\\/i0.wp.com\\\/www.parrinst.com\\\/de\\\/wp-content\\\/uploads\\\/sites\\\/6\\\/2017\\\/12\\\/parr_banner_stirred3_secondary.jpg?fit=2200%2C399&ssl=1\",\"width\":2200,\"height\":399},{\"@type\":\"BreadcrumbList\",\"@id\":\"https:\\\/\\\/www.parrinst.com\\\/de\\\/products\\\/stirred-reactors\\\/design-features\\\/mounting-styles\\\/#breadcrumb\",\"itemListElement\":[{\"@type\":\"ListItem\",\"position\":1,\"name\":\"Home\",\"item\":\"https:\\\/\\\/www.parrinst.com\\\/de\\\/\"},{\"@type\":\"ListItem\",\"position\":2,\"name\":\"Products\",\"item\":\"https:\\\/\\\/www.parrinst.com\\\/de\\\/products\\\/\"},{\"@type\":\"ListItem\",\"position\":3,\"name\":\"Ger\u00fchrte Reaktoren\",\"item\":\"https:\\\/\\\/www.parrinst.com\\\/de\\\/products\\\/stirred-reactors\\\/\"},{\"@type\":\"ListItem\",\"position\":4,\"name\":\"Designmerkmale\",\"item\":\"https:\\\/\\\/www.parrinst.com\\\/de\\\/products\\\/stirred-reactors\\\/design-features\\\/\"},{\"@type\":\"ListItem\",\"position\":5,\"name\":\"Mounting Styles\"}]},{\"@type\":\"WebSite\",\"@id\":\"https:\\\/\\\/www.parrinst.com\\\/de\\\/#website\",\"url\":\"https:\\\/\\\/www.parrinst.com\\\/de\\\/\",\"name\":\"Parr Instrument GmbH\",\"description\":\"\",\"potentialAction\":[{\"@type\":\"SearchAction\",\"target\":{\"@type\":\"EntryPoint\",\"urlTemplate\":\"https:\\\/\\\/www.parrinst.com\\\/de\\\/?s={search_term_string}\"},\"query-input\":{\"@type\":\"PropertyValueSpecification\",\"valueRequired\":true,\"valueName\":\"search_term_string\"}}],\"inLanguage\":\"en-US\"}]}<\/script>\n<!-- \/ Yoast SEO plugin. -->","yoast_head_json":{"title":"Mounting Styles - Parr Instrument GmbH","robots":{"index":"index","follow":"follow","max-snippet":"max-snippet:-1","max-image-preview":"max-image-preview:large","max-video-preview":"max-video-preview:-1"},"canonical":"https:\/\/www.parrinst.com\/de\/products\/stirred-reactors\/design-features\/mounting-styles\/","og_locale":"en_US","og_type":"article","og_title":"Mounting Styles - Parr Instrument GmbH","og_description":"\u201eFixed Head\u201c Reaktoren Parr bietet alle Laborreaktoren und die meisten nicht ger\u00fchrten Druckbeh\u00e4ltermit einem Fassungsverm\u00f6gen von 25 ml bis 7,5l im \u201eFixed Head\u201c -Design an. Bei diesen Reaktoren verbleibt der Beh\u00e4lterkopf fest im Reaktorstand. Alle Anschl\u00fcsse zum Kopf: Gas- und Fl\u00fcssigkeitsspeisung, Ablassleitungen, K\u00fchlwasser, Gasentnahme und Kondensatoren, Thermoelemente und elektrische Anschl\u00fcsse k\u00f6nnen dauerhaft an Ort und [&hellip;]","og_url":"https:\/\/www.parrinst.com\/de\/products\/stirred-reactors\/design-features\/mounting-styles\/","og_site_name":"Parr Instrument GmbH","article_modified_time":"2018-10-12T20:33:37+00:00","og_image":[{"width":2200,"height":399,"url":"https:\/\/www.parrinst.com\/de\/files\/2017\/12\/parr_banner_stirred3_secondary.jpg","type":"image\/jpeg"}],"twitter_card":"summary_large_image","twitter_misc":{"Est. reading time":"2 minutes"},"schema":{"@context":"https:\/\/schema.org","@graph":[{"@type":"WebPage","@id":"https:\/\/www.parrinst.com\/de\/products\/stirred-reactors\/design-features\/mounting-styles\/","url":"https:\/\/www.parrinst.com\/de\/products\/stirred-reactors\/design-features\/mounting-styles\/","name":"Mounting Styles - Parr Instrument GmbH","isPartOf":{"@id":"https:\/\/www.parrinst.com\/de\/#website"},"primaryImageOfPage":{"@id":"https:\/\/www.parrinst.com\/de\/products\/stirred-reactors\/design-features\/mounting-styles\/#primaryimage"},"image":{"@id":"https:\/\/www.parrinst.com\/de\/products\/stirred-reactors\/design-features\/mounting-styles\/#primaryimage"},"thumbnailUrl":"https:\/\/i0.wp.com\/www.parrinst.com\/de\/wp-content\/uploads\/sites\/6\/2017\/12\/parr_banner_stirred3_secondary.jpg?fit=2200%2C399&ssl=1","datePublished":"2011-09-15T01:16:17+00:00","dateModified":"2018-10-12T20:33:37+00:00","breadcrumb":{"@id":"https:\/\/www.parrinst.com\/de\/products\/stirred-reactors\/design-features\/mounting-styles\/#breadcrumb"},"inLanguage":"en-US","potentialAction":[{"@type":"ReadAction","target":["https:\/\/www.parrinst.com\/de\/products\/stirred-reactors\/design-features\/mounting-styles\/"]}]},{"@type":"ImageObject","inLanguage":"en-US","@id":"https:\/\/www.parrinst.com\/de\/products\/stirred-reactors\/design-features\/mounting-styles\/#primaryimage","url":"https:\/\/i0.wp.com\/www.parrinst.com\/de\/wp-content\/uploads\/sites\/6\/2017\/12\/parr_banner_stirred3_secondary.jpg?fit=2200%2C399&ssl=1","contentUrl":"https:\/\/i0.wp.com\/www.parrinst.com\/de\/wp-content\/uploads\/sites\/6\/2017\/12\/parr_banner_stirred3_secondary.jpg?fit=2200%2C399&ssl=1","width":2200,"height":399},{"@type":"BreadcrumbList","@id":"https:\/\/www.parrinst.com\/de\/products\/stirred-reactors\/design-features\/mounting-styles\/#breadcrumb","itemListElement":[{"@type":"ListItem","position":1,"name":"Home","item":"https:\/\/www.parrinst.com\/de\/"},{"@type":"ListItem","position":2,"name":"Products","item":"https:\/\/www.parrinst.com\/de\/products\/"},{"@type":"ListItem","position":3,"name":"Ger\u00fchrte Reaktoren","item":"https:\/\/www.parrinst.com\/de\/products\/stirred-reactors\/"},{"@type":"ListItem","position":4,"name":"Designmerkmale","item":"https:\/\/www.parrinst.com\/de\/products\/stirred-reactors\/design-features\/"},{"@type":"ListItem","position":5,"name":"Mounting Styles"}]},{"@type":"WebSite","@id":"https:\/\/www.parrinst.com\/de\/#website","url":"https:\/\/www.parrinst.com\/de\/","name":"Parr Instrument GmbH","description":"","potentialAction":[{"@type":"SearchAction","target":{"@type":"EntryPoint","urlTemplate":"https:\/\/www.parrinst.com\/de\/?s={search_term_string}"},"query-input":{"@type":"PropertyValueSpecification","valueRequired":true,"valueName":"search_term_string"}}],"inLanguage":"en-US"}]}},"jetpack_sharing_enabled":true,"_links":{"self":[{"href":"https:\/\/www.parrinst.com\/de\/wp-json\/wp\/v2\/pages\/7821","targetHints":{"allow":["GET"]}}],"collection":[{"href":"https:\/\/www.parrinst.com\/de\/wp-json\/wp\/v2\/pages"}],"about":[{"href":"https:\/\/www.parrinst.com\/de\/wp-json\/wp\/v2\/types\/page"}],"author":[{"embeddable":true,"href":"https:\/\/www.parrinst.com\/de\/wp-json\/wp\/v2\/users\/1"}],"replies":[{"embeddable":true,"href":"https:\/\/www.parrinst.com\/de\/wp-json\/wp\/v2\/comments?post=7821"}],"version-history":[{"count":9,"href":"https:\/\/www.parrinst.com\/de\/wp-json\/wp\/v2\/pages\/7821\/revisions"}],"predecessor-version":[{"id":39096,"href":"https:\/\/www.parrinst.com\/de\/wp-json\/wp\/v2\/pages\/7821\/revisions\/39096"}],"up":[{"embeddable":true,"href":"https:\/\/www.parrinst.com\/de\/wp-json\/wp\/v2\/pages\/126"}],"wp:featuredmedia":[{"embeddable":true,"href":"https:\/\/www.parrinst.com\/de\/wp-json\/wp\/v2\/media\/36873"}],"wp:attachment":[{"href":"https:\/\/www.parrinst.com\/de\/wp-json\/wp\/v2\/media?parent=7821"}],"curies":[{"name":"wp","href":"https:\/\/api.w.org\/{rel}","templated":true}]}}