{"id":7901,"date":"2011-09-20T12:11:35","date_gmt":"2011-09-20T17:11:35","guid":{"rendered":"https:\/\/www.parrinst.com\/?page_id=7901"},"modified":"2018-02-12T20:57:40","modified_gmt":"2018-02-12T19:57:40","slug":"specifications","status":"publish","type":"page","link":"https:\/\/www.parrinst.com\/de\/products\/non-stirred-pressure-vessels\/4838-controller-non-stirred\/specifications\/","title":{"rendered":"Specifications"},"content":{"rendered":"<figure id=\"attachment_2415\" aria-describedby=\"caption-attachment-2415\" style=\"width: 240px\" class=\"wp-caption alignright\"><a href=\"https:\/\/i0.wp.com\/www.parrinst.com\/de\/wp-content\/uploads\/sites\/6\/2011\/06\/4838_Temperature-Controller_front.jpg?ssl=1\"><img data-recalc-dims=\"1\" loading=\"lazy\" decoding=\"async\" class=\"size-medium wp-image-2415 \" src=\"https:\/\/i0.wp.com\/www.parrinst.com\/de\/wp-content\/uploads\/sites\/6\/2011\/06\/4838_Temperature-Controller_front.jpg?resize=240%2C214&#038;ssl=1\" alt=\"4838 Temperature Controller\" width=\"240\" height=\"214\" \/><\/a><figcaption id=\"caption-attachment-2415\" class=\"wp-caption-text\">4838 Temperature Controller (shown with HTM)<\/figcaption><\/figure>\n<p>&nbsp;<\/p>\n<h2>Temperatur-Controller 4838<\/h2>\n<h3>Modularer Aufbau<\/h3>\n<p>Insgesamt werden 7 verschiedene Module f\u00fcr den Temperatur Regler 4838 angeboten. Zus\u00e4tzlich zu dem eigentlichen Temperaturregler kann ein Erweiterungsmodul in den Temperatur Regler 4838 eingef\u00fcgt werden. Der Benutzer kann entweder das Drehzahlanzeigemodul (TDM) oder das Motorkontrollmodul (MCM) w\u00e4hlen. Au\u00dferdem kann entweder die M\u00f6glichkeit einer Hochtemperaturabschaltung oder ein Modul f\u00fcr externe Temperaturbegrenzung gew\u00e4hlt werden.<\/p>\n<p>Wir weisen darauf hin, dass der Temperatur Regler 4838 nicht mit einer Steuerung des R\u00fchrwerks oder mit Modulen, die zum R\u00fchrwerk geh\u00f6ren, ausgestattet werden kann. Wenn Sie eine solche Ausstattung w\u00fcnschen, sollten Sie den <a title=\"Reaktor Regler 4848\" href=\"https:\/\/www.parrinst.com\/de\/products\/controllers\/4848-reactor-controller\/\">4848 Reactor Controller<\/a> in Betracht ziehen.<\/p>\n<p><strong>1. 1) Temperaturregelmodul (Temperature Control Module,TCM<\/strong><\/p>\n<p>Das Temperaturregelmodul funktioniert sowohl mit Thermoelementen als auch mit Widerstandsthermometern. Es hat drei Signalausg\u00e4nge f\u00fcr die Steuerung der K\u00fchlung, des Heizmantels und der alarminduzierten Abschaltung der Heizung. Die Regelfunktion ist eine vollst\u00e4ndige PID-Regelung mit der F\u00e4higkeit zur automatischen Einstellung.<\/p>\n<p>Der Controller unterst\u00fctzt eine Ramp and Soak Programmierung mit bis zu 49 Segmenten.<\/p>\n<p>Die Temperatur innerhalb des Reaktors wird kontinuierlich an einen PC gesendet und dort angezeigt.<\/p>\n<p><strong>2. 1) Druckanzeigemodul (Pressure Display Module, PDM)<\/strong><\/p>\n<p>Das Druckanzeigemodul kann das Signal eines Druckaufnehmers, der am Reaktor oder einem Anbauteil angebracht wurde, direkt auswerten. Es kann f\u00fcr eine Vielzahl an Arbeitsbereichen eingestellt werden. Der Arbeitsdruck wird kontinuierlich zu einem Computer \u00fcbertragen.<\/p>\n<p>Die Module gibt es kalibriert f\u00fcr Messung in bar oder in psi. In den meisten F\u00e4llen wird der Druck entweder \u00fcber einen Standard &#8211; oder einen Gegendruckregler gesteuert. Das Ausgangssignal ist an ein Alarmrelais angeschlossen, um die Heizvorrichtung auszuschalten, wenn w\u00e4hrend des Betriebs eine vorher eingestellte Druckgrenze erreicht wird.<\/p>\n<p><strong>3A. Hochtemperaturabschaltmodul (High Temperature Module, HTM)<\/strong><\/p>\n<p>Das Hochtemperaturabschaltmodul bzw. der Temperaturgrenzwert-Controller erweitert die Bedienm\u00f6glichkeiten des Hauptregelmoduls. Der zugeh\u00f6rige redundante Sensor kann entweder innerhalb oder au\u00dferhalb des Reaktors angebracht werden. Der prim\u00e4re Ausgang des Moduls wird so verkabelt, dass das Abschaltrelais zur Ausl\u00f6sung einer Sicherheitsabschaltung eingeschaltet wird, falls der Reaktor eine kritische Temperatur erreicht.<\/p>\n<p><strong>3B. externes Grenztemperaturmodul (External Temperature Limit Module, ETLM)<\/strong><\/p>\n<p>Diese Konfiguration benutzt die gleichen zuvor genannten HTM-Modul e mit dem zugeh\u00f6rigen Sensor, der so angebracht wurde, dass die Temperatur der Reaktorau\u00dfenwand gemessen wird. Die wichtigste Funktion dieses Moduls besteht in der Begrenzung der Au\u00dfentemperatur des Reaktors. Dies geschieht dadurch, dass das Steuersignal des Hauptregelmoduls unterbrochen wird, wenn die Temperatur an der Au\u00dfenseite einen festgelegten Wert \u00fcberschreitet.<\/p>\n<p>Die zweite Funktion dieses Moduls dient der Aktivierung des Abschaltrelais, falls die \u00e4u\u00dfere Wandtemperatur einen vorgegebenen kritischen Punkt \u00fcbersteigt. Der Gebrauch dieses Moduls stellt eine effektive Alternative zur Kaskadensteuerung dar, weil es eine verbesserte Temperaturregelung in Systemen mit stark zeitverz\u00f6gerten thermischen Schwankungen erm\u00f6glicht, wie zum Beispiel in Reaktoren ohne R\u00fchrwerk oder in Systemen, bei denen ein PTFE-Einsatz verwendet wird, und auch in Systemen, wo Edukte mit niedriger W\u00e4rmekapazit\u00e4t eingesetzt werden, zum Beispiel bei Reaktionen in der Gasphase.<\/p>\n<h3>Kommunikationssoftware<\/h3>\n<p>Jedem Controller 4838 liegt ein Software-Paket liegt bei, um einen bidirektionalen Austausch zwischen Controller und angeschlossenem PC sicherzustellen. Alle F\u00fchrungsgr\u00f6\u00dfen f\u00fcr den Betrieb und Regelparameter k\u00f6nnen vom PC aus an alle im Betrieb befindlichen Module, die im Controller 4838 eingebaut sind, gesendet werden. Alle gemessenen Daten der Module des 4838 werden wiederum zum PC \u00fcbermittelt, wo sie gesammelt und angezeigt werden.<\/p>\n<p><a href=\"https:\/\/i0.wp.com\/www.parrinst.com\/de\/wp-content\/uploads\/sites\/6\/2011\/06\/Screenshot_4848_Data-Logging-Mode.jpg?ssl=1\" rel=\"attachment wp-att-2427\"><img data-recalc-dims=\"1\" loading=\"lazy\" decoding=\"async\" class=\"alignright wp-image-2427 size-medium\" src=\"https:\/\/i0.wp.com\/www.parrinst.com\/de\/wp-content\/uploads\/sites\/6\/2011\/06\/Screenshot_4848_Data-Logging-Mode.jpg?resize=300%2C185&#038;ssl=1\" alt=\"ParrCom datalogging screenshot\" width=\"300\" height=\"185\" srcset=\"https:\/\/i0.wp.com\/www.parrinst.com\/de\/wp-content\/uploads\/sites\/6\/2011\/06\/Screenshot_4848_Data-Logging-Mode.jpg?resize=300%2C185&amp;ssl=1 300w, https:\/\/i0.wp.com\/www.parrinst.com\/de\/wp-content\/uploads\/sites\/6\/2011\/06\/Screenshot_4848_Data-Logging-Mode.jpg?w=600&amp;ssl=1 600w\" sizes=\"auto, (max-width: 300px) 100vw, 300px\" \/><\/a><\/p>\n<p><strong>Kostenlose ParrCom-Software als Lieferbestandteil des Controllers 4838 (A1925E4 RS-485 zu USB Adapterkabel wird f\u00fcr den Gebrauch ben\u00f6tigt)<\/strong><\/p>\n<p>Kostenlose Software f\u00fcr einfache Datensammelprozesse ist bei jedem Controller 4838 enthalten (A1925E4 RS-485 zu USB Adapterkabel wird f\u00fcr den Gebrauch ben\u00f6tigt). F\u00fcr Anwender, die eine echte Mensch-Maschine-Schnittstelle mit der M\u00f6glichkeit zur \u00c4nderung von Einstellungen und Aufzeichnung von mehreren Variablen w\u00fcnschen, wird das <a title=\"SpecView A3504HC Paket\" href=\"https:\/\/www.parrinst.com\/de\/products\/controllers\/specview\/\">SpecView A3504HC Paket<\/a> empfohlen.<\/p>\n","protected":false},"excerpt":{"rendered":"<p>&nbsp; Temperatur-Controller 4838 Modularer Aufbau Insgesamt werden 7 verschiedene Module f\u00fcr den Temperatur Regler 4838 angeboten. Zus\u00e4tzlich zu dem eigentlichen Temperaturregler kann ein Erweiterungsmodul in den Temperatur Regler 4838 eingef\u00fcgt werden. Der Benutzer kann entweder das Drehzahlanzeigemodul (TDM) oder das Motorkontrollmodul (MCM) w\u00e4hlen. Au\u00dferdem kann entweder die M\u00f6glichkeit einer Hochtemperaturabschaltung oder ein Modul f\u00fcr externe [&hellip;]<\/p>\n","protected":false},"author":1,"featured_media":37713,"parent":5705,"menu_order":2,"comment_status":"closed","ping_status":"closed","template":"product-narrow.php","meta":{"_acf_changed":false,"footnotes":"","_links_to":"","_links_to_target":""},"class_list":["post-7901","page","type-page","status-publish","has-post-thumbnail","hentry"],"acf":[],"yoast_head":"<!-- This site is optimized with the Yoast SEO plugin v27.4 - https:\/\/yoast.com\/product\/yoast-seo-wordpress\/ -->\n<title>Specifications - Parr Instrument GmbH<\/title>\n<meta name=\"robots\" content=\"index, follow, max-snippet:-1, max-image-preview:large, max-video-preview:-1\" \/>\n<link rel=\"canonical\" href=\"https:\/\/www.parrinst.com\/de\/products\/non-stirred-pressure-vessels\/4838-controller-non-stirred\/specifications\/\" \/>\n<meta property=\"og:locale\" content=\"en_US\" \/>\n<meta property=\"og:type\" content=\"article\" \/>\n<meta property=\"og:title\" content=\"Specifications - Parr Instrument GmbH\" \/>\n<meta property=\"og:description\" content=\"&nbsp; Temperatur-Controller 4838 Modularer Aufbau Insgesamt werden 7 verschiedene Module f\u00fcr den Temperatur Regler 4838 angeboten. Zus\u00e4tzlich zu dem eigentlichen Temperaturregler kann ein Erweiterungsmodul in den Temperatur Regler 4838 eingef\u00fcgt werden. Der Benutzer kann entweder das Drehzahlanzeigemodul (TDM) oder das Motorkontrollmodul (MCM) w\u00e4hlen. Au\u00dferdem kann entweder die M\u00f6glichkeit einer Hochtemperaturabschaltung oder ein Modul f\u00fcr externe [&hellip;]\" \/>\n<meta property=\"og:url\" content=\"https:\/\/www.parrinst.com\/de\/products\/non-stirred-pressure-vessels\/4838-controller-non-stirred\/specifications\/\" \/>\n<meta property=\"og:site_name\" content=\"Parr Instrument GmbH\" \/>\n<meta property=\"article:modified_time\" content=\"2018-02-12T19:57:40+00:00\" \/>\n<meta property=\"og:image\" content=\"https:\/\/www.parrinst.com\/de\/files\/2018\/01\/parr_banner_non-stirred_secondary.jpg\" \/>\n\t<meta property=\"og:image:width\" content=\"2200\" \/>\n\t<meta property=\"og:image:height\" content=\"399\" \/>\n\t<meta property=\"og:image:type\" content=\"image\/jpeg\" \/>\n<meta name=\"twitter:card\" content=\"summary_large_image\" \/>\n<meta name=\"twitter:label1\" content=\"Est. reading time\" \/>\n\t<meta name=\"twitter:data1\" content=\"3 minutes\" \/>\n<script type=\"application\/ld+json\" class=\"yoast-schema-graph\">{\"@context\":\"https:\\\/\\\/schema.org\",\"@graph\":[{\"@type\":\"WebPage\",\"@id\":\"https:\\\/\\\/www.parrinst.com\\\/de\\\/products\\\/non-stirred-pressure-vessels\\\/4838-controller-non-stirred\\\/specifications\\\/\",\"url\":\"https:\\\/\\\/www.parrinst.com\\\/de\\\/products\\\/non-stirred-pressure-vessels\\\/4838-controller-non-stirred\\\/specifications\\\/\",\"name\":\"Specifications - Parr Instrument GmbH\",\"isPartOf\":{\"@id\":\"https:\\\/\\\/www.parrinst.com\\\/de\\\/#website\"},\"primaryImageOfPage\":{\"@id\":\"https:\\\/\\\/www.parrinst.com\\\/de\\\/products\\\/non-stirred-pressure-vessels\\\/4838-controller-non-stirred\\\/specifications\\\/#primaryimage\"},\"image\":{\"@id\":\"https:\\\/\\\/www.parrinst.com\\\/de\\\/products\\\/non-stirred-pressure-vessels\\\/4838-controller-non-stirred\\\/specifications\\\/#primaryimage\"},\"thumbnailUrl\":\"https:\\\/\\\/i0.wp.com\\\/www.parrinst.com\\\/de\\\/wp-content\\\/uploads\\\/sites\\\/6\\\/2018\\\/01\\\/parr_banner_non-stirred_secondary.jpg?fit=2200%2C399&ssl=1\",\"datePublished\":\"2011-09-20T17:11:35+00:00\",\"dateModified\":\"2018-02-12T19:57:40+00:00\",\"breadcrumb\":{\"@id\":\"https:\\\/\\\/www.parrinst.com\\\/de\\\/products\\\/non-stirred-pressure-vessels\\\/4838-controller-non-stirred\\\/specifications\\\/#breadcrumb\"},\"inLanguage\":\"en-US\",\"potentialAction\":[{\"@type\":\"ReadAction\",\"target\":[\"https:\\\/\\\/www.parrinst.com\\\/de\\\/products\\\/non-stirred-pressure-vessels\\\/4838-controller-non-stirred\\\/specifications\\\/\"]}]},{\"@type\":\"ImageObject\",\"inLanguage\":\"en-US\",\"@id\":\"https:\\\/\\\/www.parrinst.com\\\/de\\\/products\\\/non-stirred-pressure-vessels\\\/4838-controller-non-stirred\\\/specifications\\\/#primaryimage\",\"url\":\"https:\\\/\\\/i0.wp.com\\\/www.parrinst.com\\\/de\\\/wp-content\\\/uploads\\\/sites\\\/6\\\/2018\\\/01\\\/parr_banner_non-stirred_secondary.jpg?fit=2200%2C399&ssl=1\",\"contentUrl\":\"https:\\\/\\\/i0.wp.com\\\/www.parrinst.com\\\/de\\\/wp-content\\\/uploads\\\/sites\\\/6\\\/2018\\\/01\\\/parr_banner_non-stirred_secondary.jpg?fit=2200%2C399&ssl=1\",\"width\":2200,\"height\":399},{\"@type\":\"BreadcrumbList\",\"@id\":\"https:\\\/\\\/www.parrinst.com\\\/de\\\/products\\\/non-stirred-pressure-vessels\\\/4838-controller-non-stirred\\\/specifications\\\/#breadcrumb\",\"itemListElement\":[{\"@type\":\"ListItem\",\"position\":1,\"name\":\"Home\",\"item\":\"https:\\\/\\\/www.parrinst.com\\\/de\\\/\"},{\"@type\":\"ListItem\",\"position\":2,\"name\":\"Products\",\"item\":\"https:\\\/\\\/www.parrinst.com\\\/de\\\/products\\\/\"},{\"@type\":\"ListItem\",\"position\":3,\"name\":\"Nicht ger\u00fchrte Druckbeh\u00e4lter\",\"item\":\"https:\\\/\\\/www.parrinst.com\\\/de\\\/products\\\/non-stirred-pressure-vessels\\\/\"},{\"@type\":\"ListItem\",\"position\":4,\"name\":\"4838 Reactor Controller\",\"item\":\"https:\\\/\\\/www.parrinst.com\\\/de\\\/products\\\/non-stirred-pressure-vessels\\\/4838-controller-non-stirred\\\/\"},{\"@type\":\"ListItem\",\"position\":5,\"name\":\"Specifications\"}]},{\"@type\":\"WebSite\",\"@id\":\"https:\\\/\\\/www.parrinst.com\\\/de\\\/#website\",\"url\":\"https:\\\/\\\/www.parrinst.com\\\/de\\\/\",\"name\":\"Parr Instrument GmbH\",\"description\":\"\",\"potentialAction\":[{\"@type\":\"SearchAction\",\"target\":{\"@type\":\"EntryPoint\",\"urlTemplate\":\"https:\\\/\\\/www.parrinst.com\\\/de\\\/?s={search_term_string}\"},\"query-input\":{\"@type\":\"PropertyValueSpecification\",\"valueRequired\":true,\"valueName\":\"search_term_string\"}}],\"inLanguage\":\"en-US\"}]}<\/script>\n<!-- \/ Yoast SEO plugin. -->","yoast_head_json":{"title":"Specifications - Parr Instrument GmbH","robots":{"index":"index","follow":"follow","max-snippet":"max-snippet:-1","max-image-preview":"max-image-preview:large","max-video-preview":"max-video-preview:-1"},"canonical":"https:\/\/www.parrinst.com\/de\/products\/non-stirred-pressure-vessels\/4838-controller-non-stirred\/specifications\/","og_locale":"en_US","og_type":"article","og_title":"Specifications - Parr Instrument GmbH","og_description":"&nbsp; Temperatur-Controller 4838 Modularer Aufbau Insgesamt werden 7 verschiedene Module f\u00fcr den Temperatur Regler 4838 angeboten. Zus\u00e4tzlich zu dem eigentlichen Temperaturregler kann ein Erweiterungsmodul in den Temperatur Regler 4838 eingef\u00fcgt werden. Der Benutzer kann entweder das Drehzahlanzeigemodul (TDM) oder das Motorkontrollmodul (MCM) w\u00e4hlen. Au\u00dferdem kann entweder die M\u00f6glichkeit einer Hochtemperaturabschaltung oder ein Modul f\u00fcr externe [&hellip;]","og_url":"https:\/\/www.parrinst.com\/de\/products\/non-stirred-pressure-vessels\/4838-controller-non-stirred\/specifications\/","og_site_name":"Parr Instrument GmbH","article_modified_time":"2018-02-12T19:57:40+00:00","og_image":[{"width":2200,"height":399,"url":"https:\/\/www.parrinst.com\/de\/files\/2018\/01\/parr_banner_non-stirred_secondary.jpg","type":"image\/jpeg"}],"twitter_card":"summary_large_image","twitter_misc":{"Est. reading time":"3 minutes"},"schema":{"@context":"https:\/\/schema.org","@graph":[{"@type":"WebPage","@id":"https:\/\/www.parrinst.com\/de\/products\/non-stirred-pressure-vessels\/4838-controller-non-stirred\/specifications\/","url":"https:\/\/www.parrinst.com\/de\/products\/non-stirred-pressure-vessels\/4838-controller-non-stirred\/specifications\/","name":"Specifications - Parr Instrument GmbH","isPartOf":{"@id":"https:\/\/www.parrinst.com\/de\/#website"},"primaryImageOfPage":{"@id":"https:\/\/www.parrinst.com\/de\/products\/non-stirred-pressure-vessels\/4838-controller-non-stirred\/specifications\/#primaryimage"},"image":{"@id":"https:\/\/www.parrinst.com\/de\/products\/non-stirred-pressure-vessels\/4838-controller-non-stirred\/specifications\/#primaryimage"},"thumbnailUrl":"https:\/\/i0.wp.com\/www.parrinst.com\/de\/wp-content\/uploads\/sites\/6\/2018\/01\/parr_banner_non-stirred_secondary.jpg?fit=2200%2C399&ssl=1","datePublished":"2011-09-20T17:11:35+00:00","dateModified":"2018-02-12T19:57:40+00:00","breadcrumb":{"@id":"https:\/\/www.parrinst.com\/de\/products\/non-stirred-pressure-vessels\/4838-controller-non-stirred\/specifications\/#breadcrumb"},"inLanguage":"en-US","potentialAction":[{"@type":"ReadAction","target":["https:\/\/www.parrinst.com\/de\/products\/non-stirred-pressure-vessels\/4838-controller-non-stirred\/specifications\/"]}]},{"@type":"ImageObject","inLanguage":"en-US","@id":"https:\/\/www.parrinst.com\/de\/products\/non-stirred-pressure-vessels\/4838-controller-non-stirred\/specifications\/#primaryimage","url":"https:\/\/i0.wp.com\/www.parrinst.com\/de\/wp-content\/uploads\/sites\/6\/2018\/01\/parr_banner_non-stirred_secondary.jpg?fit=2200%2C399&ssl=1","contentUrl":"https:\/\/i0.wp.com\/www.parrinst.com\/de\/wp-content\/uploads\/sites\/6\/2018\/01\/parr_banner_non-stirred_secondary.jpg?fit=2200%2C399&ssl=1","width":2200,"height":399},{"@type":"BreadcrumbList","@id":"https:\/\/www.parrinst.com\/de\/products\/non-stirred-pressure-vessels\/4838-controller-non-stirred\/specifications\/#breadcrumb","itemListElement":[{"@type":"ListItem","position":1,"name":"Home","item":"https:\/\/www.parrinst.com\/de\/"},{"@type":"ListItem","position":2,"name":"Products","item":"https:\/\/www.parrinst.com\/de\/products\/"},{"@type":"ListItem","position":3,"name":"Nicht ger\u00fchrte Druckbeh\u00e4lter","item":"https:\/\/www.parrinst.com\/de\/products\/non-stirred-pressure-vessels\/"},{"@type":"ListItem","position":4,"name":"4838 Reactor Controller","item":"https:\/\/www.parrinst.com\/de\/products\/non-stirred-pressure-vessels\/4838-controller-non-stirred\/"},{"@type":"ListItem","position":5,"name":"Specifications"}]},{"@type":"WebSite","@id":"https:\/\/www.parrinst.com\/de\/#website","url":"https:\/\/www.parrinst.com\/de\/","name":"Parr Instrument GmbH","description":"","potentialAction":[{"@type":"SearchAction","target":{"@type":"EntryPoint","urlTemplate":"https:\/\/www.parrinst.com\/de\/?s={search_term_string}"},"query-input":{"@type":"PropertyValueSpecification","valueRequired":true,"valueName":"search_term_string"}}],"inLanguage":"en-US"}]}},"jetpack_sharing_enabled":true,"_links":{"self":[{"href":"https:\/\/www.parrinst.com\/de\/wp-json\/wp\/v2\/pages\/7901","targetHints":{"allow":["GET"]}}],"collection":[{"href":"https:\/\/www.parrinst.com\/de\/wp-json\/wp\/v2\/pages"}],"about":[{"href":"https:\/\/www.parrinst.com\/de\/wp-json\/wp\/v2\/types\/page"}],"author":[{"embeddable":true,"href":"https:\/\/www.parrinst.com\/de\/wp-json\/wp\/v2\/users\/1"}],"replies":[{"embeddable":true,"href":"https:\/\/www.parrinst.com\/de\/wp-json\/wp\/v2\/comments?post=7901"}],"version-history":[{"count":1,"href":"https:\/\/www.parrinst.com\/de\/wp-json\/wp\/v2\/pages\/7901\/revisions"}],"predecessor-version":[{"id":38101,"href":"https:\/\/www.parrinst.com\/de\/wp-json\/wp\/v2\/pages\/7901\/revisions\/38101"}],"up":[{"embeddable":true,"href":"https:\/\/www.parrinst.com\/de\/wp-json\/wp\/v2\/pages\/5705"}],"wp:featuredmedia":[{"embeddable":true,"href":"https:\/\/www.parrinst.com\/de\/wp-json\/wp\/v2\/media\/37713"}],"wp:attachment":[{"href":"https:\/\/www.parrinst.com\/de\/wp-json\/wp\/v2\/media?parent=7901"}],"curies":[{"name":"wp","href":"https:\/\/api.w.org\/{rel}","templated":true}]}}