{"id":7910,"date":"2011-09-20T12:16:19","date_gmt":"2011-09-20T17:16:19","guid":{"rendered":"https:\/\/www.parrinst.com\/?page_id=7910"},"modified":"2024-05-15T14:59:44","modified_gmt":"2024-05-15T19:59:44","slug":"specview-for-4838-controller","status":"publish","type":"page","link":"https:\/\/www.parrinst.com\/de\/products\/non-stirred-pressure-vessels\/4838-controller-non-stirred\/specview-for-4838-controller\/","title":{"rendered":"SpecView"},"content":{"rendered":"<figure id=\"attachment_40620\" aria-describedby=\"caption-attachment-40620\" style=\"width: 300px\" class=\"wp-caption alignright\"><a href=\"https:\/\/i0.wp.com\/www.parrinst.com\/de\/wp-content\/uploads\/sites\/6\/2020\/11\/SV3-with-4848_600.jpg?ssl=1\"><img data-recalc-dims=\"1\" loading=\"lazy\" decoding=\"async\" class=\"size-medium wp-image-40620\" src=\"https:\/\/i0.wp.com\/www.parrinst.com\/de\/wp-content\/uploads\/sites\/6\/2020\/11\/SV3-with-4848_600.jpg?resize=300%2C184&#038;ssl=1\" alt=\"Parr 4848 Regler und ein Beispiel der SpecView Software\" width=\"300\" height=\"184\" srcset=\"https:\/\/i0.wp.com\/www.parrinst.com\/de\/wp-content\/uploads\/sites\/6\/2020\/11\/SV3-with-4848_600.jpg?resize=300%2C184&amp;ssl=1 300w, https:\/\/i0.wp.com\/www.parrinst.com\/de\/wp-content\/uploads\/sites\/6\/2020\/11\/SV3-with-4848_600.jpg?resize=245%2C150&amp;ssl=1 245w, https:\/\/i0.wp.com\/www.parrinst.com\/de\/wp-content\/uploads\/sites\/6\/2020\/11\/SV3-with-4848_600.jpg?w=979&amp;ssl=1 979w\" sizes=\"auto, (max-width: 300px) 100vw, 300px\" \/><\/a><figcaption id=\"caption-attachment-40620\" class=\"wp-caption-text\">Parr 4848 Regler und ein Beispiel der SpecView Software<\/figcaption><\/figure>\n<h2>SpecView<sup>\u00ae<\/sup> f\u00fcr Parr 4848 &amp; 4838 Regler<\/h2>\n<p>Seit fast 10 Jahren verwendet Parr Instrument die SpecView Software f\u00fcr die Prozess Regler der Serie 4871. Diese bietet eine flexible anpassbare Benutzeroberfl\u00e4che. Die vereinheitlichte Modbus-Kommunikationsstruktur der Regler-Systeme 4848 &amp; 4838 erm\u00f6glicht es uns, mit SpecView nun auch leistungsf\u00e4hige und anwenderfreundliche Software f\u00fcr die Controller der Serie 4848 &amp; 4838 bereitzustellen. In Zusammenarbeit mit den Entwicklern von SpecView kann Parr eine einzigartige SpecView- Version anbieten. Diese unterst\u00fctzt die Regler der Serien 4848 &amp; 4838, die bis zu acht individuelle Module beinhalten k\u00f6nnen. Somit k\u00f6nnen bis zu zwei komplett best\u00fcckte 4848 Regler oder ein Regler 4848B unterst\u00fctzt werden.<\/p>\n<ul>\n<li>Verbesserte Echtzeit-Aufzeichnung, inklusive der Darstellung von multiplen Diagrammen, wobei jedes Diagramm eine unbegrenzte Anzahl an Grafen in unterschiedlicher Farbe erm\u00f6glicht.<\/li>\n<li>Verbesserte Datensammlung mit der M\u00f6glichkeit jeden einzelnen Reglerparameter aufzuzeichnen, nicht nur die Prozessvariablen.<\/li>\n<li>Alarm und Event Aufzeichnung<\/li>\n<li>Direkte Alarmsignalisierung<\/li>\n<li>M\u00f6glichkeit die Benutzeroberfl\u00e4che einfach der gegebenen Anwendung anzupassen<\/li>\n<li>Die Benutzeroberfl\u00e4che unterst\u00fctzt eine Vielzahl von Sprachen<\/li>\n<\/ul>\n<h3>SpecView-Systemanforderungen<\/h3>\n<p>SpecView l\u00e4uft auf den folgenden Windows-Betriebssystemen:<\/p>\n<ul>\n<li>Windows 11, 10, 8, 8.1, &amp; 7; 32 bit &amp; 64 bit<\/li>\n<\/ul>\n<p>Beachten Sie, dass SpecView unter Windows 8 RT (wie auf einigen Microsoft Surface-Tablets angeboten) nicht funktioniert.<\/p>\n<p>Parr empfiehlt mindestens:<\/p>\n<ul>\n<li>Intel Core i5, 2.6 Ghz<\/li>\n<li>8GB RAM (am besten 16GB)<\/li>\n<li>1GB Festplattenspeiche<\/li>\n<li>Zus\u00e4tzlicher Speicherplatz f\u00fcr die Datenprotokollierung (variiert je nachdem, wie viele und wie oft Sie Daten protokollieren)<\/li>\n<li>Anzeigeadapter, der mit 1024 x 768 Pixeln und mindestens 16-Bit-Farbe arbeiten kann (1920 x 1080 f\u00fcr 4871 erforderlich)<\/li>\n<li>2 USB-Anschl\u00fcsse<\/li>\n<li>Ein kabelgebundener Ethernet-Anschluss (nur f\u00fcr Parr 4871 Controller)<\/li>\n<\/ul>\n","protected":false},"excerpt":{"rendered":"<p>SpecView\u00ae f\u00fcr Parr 4848 &amp; 4838 Regler Seit fast 10 Jahren verwendet Parr Instrument die SpecView Software f\u00fcr die Prozess Regler der Serie 4871. Diese bietet eine flexible anpassbare Benutzeroberfl\u00e4che. Die vereinheitlichte Modbus-Kommunikationsstruktur der Regler-Systeme 4848 &amp; 4838 erm\u00f6glicht es uns, mit SpecView nun auch leistungsf\u00e4hige und anwenderfreundliche Software f\u00fcr die Controller der Serie 4848 [&hellip;]<\/p>\n","protected":false},"author":1,"featured_media":37713,"parent":5705,"menu_order":5,"comment_status":"closed","ping_status":"closed","template":"product-narrow.php","meta":{"_acf_changed":false,"footnotes":"","_links_to":"","_links_to_target":""},"class_list":["post-7910","page","type-page","status-publish","has-post-thumbnail","hentry"],"acf":[],"yoast_head":"<!-- This site is optimized with the Yoast SEO plugin v27.4 - https:\/\/yoast.com\/product\/yoast-seo-wordpress\/ -->\n<title>SpecView - Parr Instrument GmbH<\/title>\n<meta name=\"robots\" content=\"index, follow, max-snippet:-1, max-image-preview:large, max-video-preview:-1\" \/>\n<link rel=\"canonical\" href=\"https:\/\/www.parrinst.com\/de\/products\/non-stirred-pressure-vessels\/4838-controller-non-stirred\/specview-for-4838-controller\/\" \/>\n<meta property=\"og:locale\" content=\"en_US\" \/>\n<meta property=\"og:type\" content=\"article\" \/>\n<meta property=\"og:title\" content=\"SpecView - Parr Instrument GmbH\" \/>\n<meta property=\"og:description\" content=\"SpecView\u00ae f\u00fcr Parr 4848 &amp; 4838 Regler Seit fast 10 Jahren verwendet Parr Instrument die SpecView Software f\u00fcr die Prozess Regler der Serie 4871. Diese bietet eine flexible anpassbare Benutzeroberfl\u00e4che. Die vereinheitlichte Modbus-Kommunikationsstruktur der Regler-Systeme 4848 &amp; 4838 erm\u00f6glicht es uns, mit SpecView nun auch leistungsf\u00e4hige und anwenderfreundliche Software f\u00fcr die Controller der Serie 4848 [&hellip;]\" \/>\n<meta property=\"og:url\" content=\"https:\/\/www.parrinst.com\/de\/products\/non-stirred-pressure-vessels\/4838-controller-non-stirred\/specview-for-4838-controller\/\" \/>\n<meta property=\"og:site_name\" content=\"Parr Instrument GmbH\" \/>\n<meta property=\"article:modified_time\" content=\"2024-05-15T19:59:44+00:00\" \/>\n<meta property=\"og:image\" content=\"https:\/\/www.parrinst.com\/de\/files\/2018\/01\/parr_banner_non-stirred_secondary.jpg\" \/>\n\t<meta property=\"og:image:width\" content=\"2200\" \/>\n\t<meta property=\"og:image:height\" content=\"399\" \/>\n\t<meta property=\"og:image:type\" content=\"image\/jpeg\" \/>\n<meta name=\"twitter:card\" content=\"summary_large_image\" \/>\n<meta name=\"twitter:label1\" content=\"Est. reading time\" \/>\n\t<meta name=\"twitter:data1\" content=\"2 minutes\" \/>\n<script type=\"application\/ld+json\" class=\"yoast-schema-graph\">{\"@context\":\"https:\\\/\\\/schema.org\",\"@graph\":[{\"@type\":\"WebPage\",\"@id\":\"https:\\\/\\\/www.parrinst.com\\\/de\\\/products\\\/non-stirred-pressure-vessels\\\/4838-controller-non-stirred\\\/specview-for-4838-controller\\\/\",\"url\":\"https:\\\/\\\/www.parrinst.com\\\/de\\\/products\\\/non-stirred-pressure-vessels\\\/4838-controller-non-stirred\\\/specview-for-4838-controller\\\/\",\"name\":\"SpecView - Parr Instrument GmbH\",\"isPartOf\":{\"@id\":\"https:\\\/\\\/www.parrinst.com\\\/de\\\/#website\"},\"primaryImageOfPage\":{\"@id\":\"https:\\\/\\\/www.parrinst.com\\\/de\\\/products\\\/non-stirred-pressure-vessels\\\/4838-controller-non-stirred\\\/specview-for-4838-controller\\\/#primaryimage\"},\"image\":{\"@id\":\"https:\\\/\\\/www.parrinst.com\\\/de\\\/products\\\/non-stirred-pressure-vessels\\\/4838-controller-non-stirred\\\/specview-for-4838-controller\\\/#primaryimage\"},\"thumbnailUrl\":\"https:\\\/\\\/i0.wp.com\\\/www.parrinst.com\\\/de\\\/wp-content\\\/uploads\\\/sites\\\/6\\\/2018\\\/01\\\/parr_banner_non-stirred_secondary.jpg?fit=2200%2C399&ssl=1\",\"datePublished\":\"2011-09-20T17:16:19+00:00\",\"dateModified\":\"2024-05-15T19:59:44+00:00\",\"breadcrumb\":{\"@id\":\"https:\\\/\\\/www.parrinst.com\\\/de\\\/products\\\/non-stirred-pressure-vessels\\\/4838-controller-non-stirred\\\/specview-for-4838-controller\\\/#breadcrumb\"},\"inLanguage\":\"en-US\",\"potentialAction\":[{\"@type\":\"ReadAction\",\"target\":[\"https:\\\/\\\/www.parrinst.com\\\/de\\\/products\\\/non-stirred-pressure-vessels\\\/4838-controller-non-stirred\\\/specview-for-4838-controller\\\/\"]}]},{\"@type\":\"ImageObject\",\"inLanguage\":\"en-US\",\"@id\":\"https:\\\/\\\/www.parrinst.com\\\/de\\\/products\\\/non-stirred-pressure-vessels\\\/4838-controller-non-stirred\\\/specview-for-4838-controller\\\/#primaryimage\",\"url\":\"https:\\\/\\\/i0.wp.com\\\/www.parrinst.com\\\/de\\\/wp-content\\\/uploads\\\/sites\\\/6\\\/2018\\\/01\\\/parr_banner_non-stirred_secondary.jpg?fit=2200%2C399&ssl=1\",\"contentUrl\":\"https:\\\/\\\/i0.wp.com\\\/www.parrinst.com\\\/de\\\/wp-content\\\/uploads\\\/sites\\\/6\\\/2018\\\/01\\\/parr_banner_non-stirred_secondary.jpg?fit=2200%2C399&ssl=1\",\"width\":2200,\"height\":399},{\"@type\":\"BreadcrumbList\",\"@id\":\"https:\\\/\\\/www.parrinst.com\\\/de\\\/products\\\/non-stirred-pressure-vessels\\\/4838-controller-non-stirred\\\/specview-for-4838-controller\\\/#breadcrumb\",\"itemListElement\":[{\"@type\":\"ListItem\",\"position\":1,\"name\":\"Home\",\"item\":\"https:\\\/\\\/www.parrinst.com\\\/de\\\/\"},{\"@type\":\"ListItem\",\"position\":2,\"name\":\"Products\",\"item\":\"https:\\\/\\\/www.parrinst.com\\\/de\\\/products\\\/\"},{\"@type\":\"ListItem\",\"position\":3,\"name\":\"Nicht ger\u00fchrte Druckbeh\u00e4lter\",\"item\":\"https:\\\/\\\/www.parrinst.com\\\/de\\\/products\\\/non-stirred-pressure-vessels\\\/\"},{\"@type\":\"ListItem\",\"position\":4,\"name\":\"4838 Reactor Controller\",\"item\":\"https:\\\/\\\/www.parrinst.com\\\/de\\\/products\\\/non-stirred-pressure-vessels\\\/4838-controller-non-stirred\\\/\"},{\"@type\":\"ListItem\",\"position\":5,\"name\":\"SpecView\"}]},{\"@type\":\"WebSite\",\"@id\":\"https:\\\/\\\/www.parrinst.com\\\/de\\\/#website\",\"url\":\"https:\\\/\\\/www.parrinst.com\\\/de\\\/\",\"name\":\"Parr Instrument GmbH\",\"description\":\"\",\"potentialAction\":[{\"@type\":\"SearchAction\",\"target\":{\"@type\":\"EntryPoint\",\"urlTemplate\":\"https:\\\/\\\/www.parrinst.com\\\/de\\\/?s={search_term_string}\"},\"query-input\":{\"@type\":\"PropertyValueSpecification\",\"valueRequired\":true,\"valueName\":\"search_term_string\"}}],\"inLanguage\":\"en-US\"}]}<\/script>\n<!-- \/ Yoast SEO plugin. -->","yoast_head_json":{"title":"SpecView - Parr Instrument GmbH","robots":{"index":"index","follow":"follow","max-snippet":"max-snippet:-1","max-image-preview":"max-image-preview:large","max-video-preview":"max-video-preview:-1"},"canonical":"https:\/\/www.parrinst.com\/de\/products\/non-stirred-pressure-vessels\/4838-controller-non-stirred\/specview-for-4838-controller\/","og_locale":"en_US","og_type":"article","og_title":"SpecView - Parr Instrument GmbH","og_description":"SpecView\u00ae f\u00fcr Parr 4848 &amp; 4838 Regler Seit fast 10 Jahren verwendet Parr Instrument die SpecView Software f\u00fcr die Prozess Regler der Serie 4871. Diese bietet eine flexible anpassbare Benutzeroberfl\u00e4che. Die vereinheitlichte Modbus-Kommunikationsstruktur der Regler-Systeme 4848 &amp; 4838 erm\u00f6glicht es uns, mit SpecView nun auch leistungsf\u00e4hige und anwenderfreundliche Software f\u00fcr die Controller der Serie 4848 [&hellip;]","og_url":"https:\/\/www.parrinst.com\/de\/products\/non-stirred-pressure-vessels\/4838-controller-non-stirred\/specview-for-4838-controller\/","og_site_name":"Parr Instrument GmbH","article_modified_time":"2024-05-15T19:59:44+00:00","og_image":[{"width":2200,"height":399,"url":"https:\/\/www.parrinst.com\/de\/files\/2018\/01\/parr_banner_non-stirred_secondary.jpg","type":"image\/jpeg"}],"twitter_card":"summary_large_image","twitter_misc":{"Est. reading time":"2 minutes"},"schema":{"@context":"https:\/\/schema.org","@graph":[{"@type":"WebPage","@id":"https:\/\/www.parrinst.com\/de\/products\/non-stirred-pressure-vessels\/4838-controller-non-stirred\/specview-for-4838-controller\/","url":"https:\/\/www.parrinst.com\/de\/products\/non-stirred-pressure-vessels\/4838-controller-non-stirred\/specview-for-4838-controller\/","name":"SpecView - Parr Instrument GmbH","isPartOf":{"@id":"https:\/\/www.parrinst.com\/de\/#website"},"primaryImageOfPage":{"@id":"https:\/\/www.parrinst.com\/de\/products\/non-stirred-pressure-vessels\/4838-controller-non-stirred\/specview-for-4838-controller\/#primaryimage"},"image":{"@id":"https:\/\/www.parrinst.com\/de\/products\/non-stirred-pressure-vessels\/4838-controller-non-stirred\/specview-for-4838-controller\/#primaryimage"},"thumbnailUrl":"https:\/\/i0.wp.com\/www.parrinst.com\/de\/wp-content\/uploads\/sites\/6\/2018\/01\/parr_banner_non-stirred_secondary.jpg?fit=2200%2C399&ssl=1","datePublished":"2011-09-20T17:16:19+00:00","dateModified":"2024-05-15T19:59:44+00:00","breadcrumb":{"@id":"https:\/\/www.parrinst.com\/de\/products\/non-stirred-pressure-vessels\/4838-controller-non-stirred\/specview-for-4838-controller\/#breadcrumb"},"inLanguage":"en-US","potentialAction":[{"@type":"ReadAction","target":["https:\/\/www.parrinst.com\/de\/products\/non-stirred-pressure-vessels\/4838-controller-non-stirred\/specview-for-4838-controller\/"]}]},{"@type":"ImageObject","inLanguage":"en-US","@id":"https:\/\/www.parrinst.com\/de\/products\/non-stirred-pressure-vessels\/4838-controller-non-stirred\/specview-for-4838-controller\/#primaryimage","url":"https:\/\/i0.wp.com\/www.parrinst.com\/de\/wp-content\/uploads\/sites\/6\/2018\/01\/parr_banner_non-stirred_secondary.jpg?fit=2200%2C399&ssl=1","contentUrl":"https:\/\/i0.wp.com\/www.parrinst.com\/de\/wp-content\/uploads\/sites\/6\/2018\/01\/parr_banner_non-stirred_secondary.jpg?fit=2200%2C399&ssl=1","width":2200,"height":399},{"@type":"BreadcrumbList","@id":"https:\/\/www.parrinst.com\/de\/products\/non-stirred-pressure-vessels\/4838-controller-non-stirred\/specview-for-4838-controller\/#breadcrumb","itemListElement":[{"@type":"ListItem","position":1,"name":"Home","item":"https:\/\/www.parrinst.com\/de\/"},{"@type":"ListItem","position":2,"name":"Products","item":"https:\/\/www.parrinst.com\/de\/products\/"},{"@type":"ListItem","position":3,"name":"Nicht ger\u00fchrte Druckbeh\u00e4lter","item":"https:\/\/www.parrinst.com\/de\/products\/non-stirred-pressure-vessels\/"},{"@type":"ListItem","position":4,"name":"4838 Reactor Controller","item":"https:\/\/www.parrinst.com\/de\/products\/non-stirred-pressure-vessels\/4838-controller-non-stirred\/"},{"@type":"ListItem","position":5,"name":"SpecView"}]},{"@type":"WebSite","@id":"https:\/\/www.parrinst.com\/de\/#website","url":"https:\/\/www.parrinst.com\/de\/","name":"Parr Instrument GmbH","description":"","potentialAction":[{"@type":"SearchAction","target":{"@type":"EntryPoint","urlTemplate":"https:\/\/www.parrinst.com\/de\/?s={search_term_string}"},"query-input":{"@type":"PropertyValueSpecification","valueRequired":true,"valueName":"search_term_string"}}],"inLanguage":"en-US"}]}},"jetpack_sharing_enabled":true,"_links":{"self":[{"href":"https:\/\/www.parrinst.com\/de\/wp-json\/wp\/v2\/pages\/7910","targetHints":{"allow":["GET"]}}],"collection":[{"href":"https:\/\/www.parrinst.com\/de\/wp-json\/wp\/v2\/pages"}],"about":[{"href":"https:\/\/www.parrinst.com\/de\/wp-json\/wp\/v2\/types\/page"}],"author":[{"embeddable":true,"href":"https:\/\/www.parrinst.com\/de\/wp-json\/wp\/v2\/users\/1"}],"replies":[{"embeddable":true,"href":"https:\/\/www.parrinst.com\/de\/wp-json\/wp\/v2\/comments?post=7910"}],"version-history":[{"count":7,"href":"https:\/\/www.parrinst.com\/de\/wp-json\/wp\/v2\/pages\/7910\/revisions"}],"predecessor-version":[{"id":41389,"href":"https:\/\/www.parrinst.com\/de\/wp-json\/wp\/v2\/pages\/7910\/revisions\/41389"}],"up":[{"embeddable":true,"href":"https:\/\/www.parrinst.com\/de\/wp-json\/wp\/v2\/pages\/5705"}],"wp:featuredmedia":[{"embeddable":true,"href":"https:\/\/www.parrinst.com\/de\/wp-json\/wp\/v2\/media\/37713"}],"wp:attachment":[{"href":"https:\/\/www.parrinst.com\/de\/wp-json\/wp\/v2\/media?parent=7910"}],"curies":[{"name":"wp","href":"https:\/\/api.w.org\/{rel}","templated":true}]}}