{"id":85,"date":"2011-03-09T20:58:03","date_gmt":"2011-03-10T02:58:03","guid":{"rendered":"https:\/\/www.parrinst.com\/?page_id=85"},"modified":"2021-10-01T15:29:52","modified_gmt":"2021-10-01T20:29:52","slug":"sample-preparation","status":"publish","type":"page","link":"https:\/\/www.parrinst.com\/de\/products\/sample-preparation\/","title":{"rendered":"Sample Preparation"},"content":{"rendered":"<table class=\"nostyle\">\n<tbody>\n<tr>\n<td valign=\"top\"><a href=\"https:\/\/www.parrinst.com\/de\/products\/sample-preparation\/acid-digestion\/\"><img data-recalc-dims=\"1\" loading=\"lazy\" decoding=\"async\" class=\"alignleft wp-image-2903\" src=\"https:\/\/i0.wp.com\/www.parrinst.com\/de\/wp-content\/uploads\/sites\/6\/2011\/06\/4749_Sample-Prep_GP.jpg?resize=150%2C210&#038;ssl=1\" alt=\"4749 General Purpose Acid Digestion Vessel\" width=\"150\" height=\"210\" srcset=\"https:\/\/i0.wp.com\/www.parrinst.com\/de\/wp-content\/uploads\/sites\/6\/2011\/06\/4749_Sample-Prep_GP.jpg?resize=214%2C300&amp;ssl=1 214w, https:\/\/i0.wp.com\/www.parrinst.com\/de\/wp-content\/uploads\/sites\/6\/2011\/06\/4749_Sample-Prep_GP.jpg?resize=107%2C150&amp;ssl=1 107w, https:\/\/i0.wp.com\/www.parrinst.com\/de\/wp-content\/uploads\/sites\/6\/2011\/06\/4749_Sample-Prep_GP.jpg?w=600&amp;ssl=1 600w\" sizes=\"auto, (max-width: 150px) 100vw, 150px\" \/><\/a><\/td>\n<td valign=\"top\">\n<h3><a title=\"Acid Digestion\" href=\"https:\/\/www.parrinst.com\/de\/products\/sample-preparation\/acid-digestion\/\">S\u00e4ureaufschlussgef\u00e4\u00dfe<\/a><\/h3>\n<p>Zum Aufschlie\u00dfen oder Aufl\u00f6sen von organischen oder anorganischen Proben in starken S\u00e4uren oder Basen in chemisch best\u00e4ndigen, komplett verschlossenen Beh\u00e4ltern bei erh\u00f6hten Temperaturen und Dr\u00fccken.<\/td>\n<\/tr>\n<tr>\n<td colspan=\"2\" valign=\"top\">\n<hr \/>\n<\/td>\n<\/tr>\n<tr>\n<td width=\"25%\">\u00a0<a href=\"https:\/\/www.parrinst.com\/de\/products\/sample-preparation\/acid-digestion\/microwave-acid-digestion-vessels-models-4781-4782-23-45-ml\/\"><img data-recalc-dims=\"1\" loading=\"lazy\" decoding=\"async\" class=\"alignleft wp-image-2906\" src=\"https:\/\/i0.wp.com\/www.parrinst.com\/de\/wp-content\/uploads\/sites\/6\/2011\/06\/4781-4782_Microwave-digestion-bombs.jpg?resize=150%2C210&#038;ssl=1\" alt=\"4781\/4782 Microwave Acid Digestion Vessels\" width=\"150\" height=\"210\" srcset=\"https:\/\/i0.wp.com\/www.parrinst.com\/de\/wp-content\/uploads\/sites\/6\/2011\/06\/4781-4782_Microwave-digestion-bombs.jpg?resize=214%2C300&amp;ssl=1 214w, https:\/\/i0.wp.com\/www.parrinst.com\/de\/wp-content\/uploads\/sites\/6\/2011\/06\/4781-4782_Microwave-digestion-bombs.jpg?resize=107%2C150&amp;ssl=1 107w, https:\/\/i0.wp.com\/www.parrinst.com\/de\/wp-content\/uploads\/sites\/6\/2011\/06\/4781-4782_Microwave-digestion-bombs.jpg?w=600&amp;ssl=1 600w\" sizes=\"auto, (max-width: 150px) 100vw, 150px\" \/><\/a><\/td>\n<td valign=\"top\">\n<h3><a title=\"Models 4781 &amp; 4782 Microwave Acid Digestion Vessels, 23 &amp; 45 mL\" href=\"https:\/\/www.parrinst.com\/de\/products\/sample-preparation\/acid-digestion\/microwave-acid-digestion-vessels-models-4781-4782-23-45-ml\/\">Mikrowellenaufschlussgef\u00e4\u00dfe<\/a><\/h3>\n<p>F\u00fcr die Behandlung von anorganischen oder organischen Proben mit starken S\u00e4uren oder Basen unter Druck und Temperatur in metallfreien, komplett verschlossenen Beh\u00e4ltern mit Hilfe von Mikrowellenstrahlung zur raschen Aufl\u00f6sung oder Aufschlie\u00dfung.<\/p>\n<p>*U.S. Patent No. 4882128<\/td>\n<\/tr>\n<tr>\n<td colspan=\"2\">\n<hr \/>\n<\/td>\n<\/tr>\n<tr>\n<td><a href=\"https:\/\/www.parrinst.com\/de\/products\/sample-preparation\/oxygen-combustion-bombs\/\"><img data-recalc-dims=\"1\" loading=\"lazy\" decoding=\"async\" class=\"alignleft wp-image-2891\" src=\"https:\/\/i0.wp.com\/www.parrinst.com\/de\/wp-content\/uploads\/sites\/6\/2011\/06\/1108_Combustion-Bomb_342mL.jpg?resize=150%2C210&#038;ssl=1\" alt=\"1108 Oxygen Combustion Bomb\" width=\"150\" height=\"210\" srcset=\"https:\/\/i0.wp.com\/www.parrinst.com\/de\/wp-content\/uploads\/sites\/6\/2011\/06\/1108_Combustion-Bomb_342mL.jpg?resize=214%2C300&amp;ssl=1 214w, https:\/\/i0.wp.com\/www.parrinst.com\/de\/wp-content\/uploads\/sites\/6\/2011\/06\/1108_Combustion-Bomb_342mL.jpg?resize=107%2C150&amp;ssl=1 107w, https:\/\/i0.wp.com\/www.parrinst.com\/de\/wp-content\/uploads\/sites\/6\/2011\/06\/1108_Combustion-Bomb_342mL.jpg?w=600&amp;ssl=1 600w\" sizes=\"auto, (max-width: 150px) 100vw, 150px\" \/><\/a><\/td>\n<td valign=\"top\">\n<h3><a title=\"Oxygen Combustion Bombs\" href=\"https:\/\/www.parrinst.com\/de\/products\/sample-preparation\/oxygen-combustion-bombs\/\"> Sauerstoffaufschlussgef\u00e4\u00dfe<\/a><\/h3>\n<p>F\u00fcr eine rasche und vollst\u00e4ndige Umwandlung von festen oder fl\u00fcssigen, brennbaren Proben in eine wasserl\u00f6sliche Form, durch die Verbrennung mit Sauerstoff.<\/td>\n<\/tr>\n<tr>\n<td colspan=\"2\">\n<hr \/>\n<\/td>\n<\/tr>\n<tr>\n<td><a href=\"https:\/\/www.parrinst.com\/de\/products\/sample-preparation\/cell-disruption\/\"><img data-recalc-dims=\"1\" loading=\"lazy\" decoding=\"async\" class=\"alignleft wp-image-417\" src=\"https:\/\/i0.wp.com\/www.parrinst.com\/de\/wp-content\/uploads\/sites\/6\/2010\/12\/46364639-Cell-w-spout.jpg?resize=150%2C210&#038;ssl=1\" alt=\"4635 &amp; 4639 Cell Disruption Vessels\" width=\"150\" height=\"210\" srcset=\"https:\/\/i0.wp.com\/www.parrinst.com\/de\/wp-content\/uploads\/sites\/6\/2010\/12\/46364639-Cell-w-spout.jpg?resize=214%2C300&amp;ssl=1 214w, https:\/\/i0.wp.com\/www.parrinst.com\/de\/wp-content\/uploads\/sites\/6\/2010\/12\/46364639-Cell-w-spout.jpg?resize=107%2C150&amp;ssl=1 107w, https:\/\/i0.wp.com\/www.parrinst.com\/de\/wp-content\/uploads\/sites\/6\/2010\/12\/46364639-Cell-w-spout.jpg?w=600&amp;ssl=1 600w\" sizes=\"auto, (max-width: 150px) 100vw, 150px\" \/><\/a><\/td>\n<td valign=\"top\">\n<h3><a title=\"Cell Disruption\" href=\"https:\/\/www.parrinst.com\/de\/products\/sample-preparation\/cell-disruption\/\">Zellaufschlussgef\u00e4\u00dfe<\/a><\/h3>\n<p>Zum Aufschluss von Zellen mit Hilfe von Stickstoff unter hohem Druck, der sich in den Zellen ansammelt und bei pl\u00f6tzlichem Druckabsenken diese aufbricht und den Inhalt freigibt.<\/td>\n<\/tr>\n<\/tbody>\n<\/table>\n","protected":false},"excerpt":{"rendered":"<p>S\u00e4ureaufschlussgef\u00e4\u00dfe Zum Aufschlie\u00dfen oder Aufl\u00f6sen von organischen oder anorganischen Proben in starken S\u00e4uren oder Basen in chemisch best\u00e4ndigen, komplett verschlossenen Beh\u00e4ltern bei erh\u00f6hten Temperaturen und Dr\u00fccken. \u00a0 Mikrowellenaufschlussgef\u00e4\u00dfe F\u00fcr die Behandlung von anorganischen oder organischen Proben mit starken S\u00e4uren oder Basen unter Druck und Temperatur in metallfreien, komplett verschlossenen Beh\u00e4ltern mit Hilfe von Mikrowellenstrahlung zur [&hellip;]<\/p>\n","protected":false},"author":2,"featured_media":37714,"parent":22,"menu_order":4,"comment_status":"closed","ping_status":"closed","template":"","meta":{"_acf_changed":false,"footnotes":"","_links_to":"","_links_to_target":""},"class_list":["post-85","page","type-page","status-publish","has-post-thumbnail","hentry"],"acf":[],"yoast_head":"<!-- This site is optimized with the Yoast SEO plugin v27.4 - https:\/\/yoast.com\/product\/yoast-seo-wordpress\/ -->\n<title>Sample Preparation - Parr Instrument GmbH<\/title>\n<meta name=\"robots\" content=\"index, follow, max-snippet:-1, max-image-preview:large, max-video-preview:-1\" \/>\n<link rel=\"canonical\" href=\"https:\/\/www.parrinst.com\/de\/products\/sample-preparation\/\" \/>\n<meta property=\"og:locale\" content=\"en_US\" \/>\n<meta property=\"og:type\" content=\"article\" \/>\n<meta property=\"og:title\" content=\"Sample Preparation - Parr Instrument GmbH\" \/>\n<meta property=\"og:description\" content=\"S\u00e4ureaufschlussgef\u00e4\u00dfe Zum Aufschlie\u00dfen oder Aufl\u00f6sen von organischen oder anorganischen Proben in starken S\u00e4uren oder Basen in chemisch best\u00e4ndigen, komplett verschlossenen Beh\u00e4ltern bei erh\u00f6hten Temperaturen und Dr\u00fccken. \u00a0 Mikrowellenaufschlussgef\u00e4\u00dfe F\u00fcr die Behandlung von anorganischen oder organischen Proben mit starken S\u00e4uren oder Basen unter Druck und Temperatur in metallfreien, komplett verschlossenen Beh\u00e4ltern mit Hilfe von Mikrowellenstrahlung zur [&hellip;]\" \/>\n<meta property=\"og:url\" content=\"https:\/\/www.parrinst.com\/de\/products\/sample-preparation\/\" \/>\n<meta property=\"og:site_name\" content=\"Parr Instrument GmbH\" \/>\n<meta property=\"article:modified_time\" content=\"2021-10-01T20:29:52+00:00\" \/>\n<meta property=\"og:image\" content=\"https:\/\/www.parrinst.com\/de\/files\/2018\/01\/parr_banner_sample-prep_secondary-1.jpg\" \/>\n\t<meta property=\"og:image:width\" content=\"2200\" \/>\n\t<meta property=\"og:image:height\" content=\"399\" \/>\n\t<meta property=\"og:image:type\" content=\"image\/jpeg\" \/>\n<meta name=\"twitter:card\" content=\"summary_large_image\" \/>\n<meta name=\"twitter:label1\" content=\"Est. reading time\" \/>\n\t<meta name=\"twitter:data1\" content=\"1 minute\" \/>\n<script type=\"application\/ld+json\" class=\"yoast-schema-graph\">{\"@context\":\"https:\\\/\\\/schema.org\",\"@graph\":[{\"@type\":\"WebPage\",\"@id\":\"https:\\\/\\\/www.parrinst.com\\\/de\\\/products\\\/sample-preparation\\\/\",\"url\":\"https:\\\/\\\/www.parrinst.com\\\/de\\\/products\\\/sample-preparation\\\/\",\"name\":\"Sample Preparation - Parr Instrument GmbH\",\"isPartOf\":{\"@id\":\"https:\\\/\\\/www.parrinst.com\\\/de\\\/#website\"},\"primaryImageOfPage\":{\"@id\":\"https:\\\/\\\/www.parrinst.com\\\/de\\\/products\\\/sample-preparation\\\/#primaryimage\"},\"image\":{\"@id\":\"https:\\\/\\\/www.parrinst.com\\\/de\\\/products\\\/sample-preparation\\\/#primaryimage\"},\"thumbnailUrl\":\"https:\\\/\\\/i0.wp.com\\\/www.parrinst.com\\\/de\\\/wp-content\\\/uploads\\\/sites\\\/6\\\/2018\\\/01\\\/parr_banner_sample-prep_secondary-1.jpg?fit=2200%2C399&ssl=1\",\"datePublished\":\"2011-03-10T02:58:03+00:00\",\"dateModified\":\"2021-10-01T20:29:52+00:00\",\"breadcrumb\":{\"@id\":\"https:\\\/\\\/www.parrinst.com\\\/de\\\/products\\\/sample-preparation\\\/#breadcrumb\"},\"inLanguage\":\"en-US\",\"potentialAction\":[{\"@type\":\"ReadAction\",\"target\":[\"https:\\\/\\\/www.parrinst.com\\\/de\\\/products\\\/sample-preparation\\\/\"]}]},{\"@type\":\"ImageObject\",\"inLanguage\":\"en-US\",\"@id\":\"https:\\\/\\\/www.parrinst.com\\\/de\\\/products\\\/sample-preparation\\\/#primaryimage\",\"url\":\"https:\\\/\\\/i0.wp.com\\\/www.parrinst.com\\\/de\\\/wp-content\\\/uploads\\\/sites\\\/6\\\/2018\\\/01\\\/parr_banner_sample-prep_secondary-1.jpg?fit=2200%2C399&ssl=1\",\"contentUrl\":\"https:\\\/\\\/i0.wp.com\\\/www.parrinst.com\\\/de\\\/wp-content\\\/uploads\\\/sites\\\/6\\\/2018\\\/01\\\/parr_banner_sample-prep_secondary-1.jpg?fit=2200%2C399&ssl=1\",\"width\":2200,\"height\":399},{\"@type\":\"BreadcrumbList\",\"@id\":\"https:\\\/\\\/www.parrinst.com\\\/de\\\/products\\\/sample-preparation\\\/#breadcrumb\",\"itemListElement\":[{\"@type\":\"ListItem\",\"position\":1,\"name\":\"Home\",\"item\":\"https:\\\/\\\/www.parrinst.com\\\/de\\\/\"},{\"@type\":\"ListItem\",\"position\":2,\"name\":\"Products\",\"item\":\"https:\\\/\\\/www.parrinst.com\\\/de\\\/products\\\/\"},{\"@type\":\"ListItem\",\"position\":3,\"name\":\"Sample Preparation\"}]},{\"@type\":\"WebSite\",\"@id\":\"https:\\\/\\\/www.parrinst.com\\\/de\\\/#website\",\"url\":\"https:\\\/\\\/www.parrinst.com\\\/de\\\/\",\"name\":\"Parr Instrument GmbH\",\"description\":\"\",\"potentialAction\":[{\"@type\":\"SearchAction\",\"target\":{\"@type\":\"EntryPoint\",\"urlTemplate\":\"https:\\\/\\\/www.parrinst.com\\\/de\\\/?s={search_term_string}\"},\"query-input\":{\"@type\":\"PropertyValueSpecification\",\"valueRequired\":true,\"valueName\":\"search_term_string\"}}],\"inLanguage\":\"en-US\"}]}<\/script>\n<!-- \/ Yoast SEO plugin. -->","yoast_head_json":{"title":"Sample Preparation - Parr Instrument GmbH","robots":{"index":"index","follow":"follow","max-snippet":"max-snippet:-1","max-image-preview":"max-image-preview:large","max-video-preview":"max-video-preview:-1"},"canonical":"https:\/\/www.parrinst.com\/de\/products\/sample-preparation\/","og_locale":"en_US","og_type":"article","og_title":"Sample Preparation - Parr Instrument GmbH","og_description":"S\u00e4ureaufschlussgef\u00e4\u00dfe Zum Aufschlie\u00dfen oder Aufl\u00f6sen von organischen oder anorganischen Proben in starken S\u00e4uren oder Basen in chemisch best\u00e4ndigen, komplett verschlossenen Beh\u00e4ltern bei erh\u00f6hten Temperaturen und Dr\u00fccken. \u00a0 Mikrowellenaufschlussgef\u00e4\u00dfe F\u00fcr die Behandlung von anorganischen oder organischen Proben mit starken S\u00e4uren oder Basen unter Druck und Temperatur in metallfreien, komplett verschlossenen Beh\u00e4ltern mit Hilfe von Mikrowellenstrahlung zur [&hellip;]","og_url":"https:\/\/www.parrinst.com\/de\/products\/sample-preparation\/","og_site_name":"Parr Instrument GmbH","article_modified_time":"2021-10-01T20:29:52+00:00","og_image":[{"width":2200,"height":399,"url":"https:\/\/www.parrinst.com\/de\/files\/2018\/01\/parr_banner_sample-prep_secondary-1.jpg","type":"image\/jpeg"}],"twitter_card":"summary_large_image","twitter_misc":{"Est. reading time":"1 minute"},"schema":{"@context":"https:\/\/schema.org","@graph":[{"@type":"WebPage","@id":"https:\/\/www.parrinst.com\/de\/products\/sample-preparation\/","url":"https:\/\/www.parrinst.com\/de\/products\/sample-preparation\/","name":"Sample Preparation - Parr Instrument GmbH","isPartOf":{"@id":"https:\/\/www.parrinst.com\/de\/#website"},"primaryImageOfPage":{"@id":"https:\/\/www.parrinst.com\/de\/products\/sample-preparation\/#primaryimage"},"image":{"@id":"https:\/\/www.parrinst.com\/de\/products\/sample-preparation\/#primaryimage"},"thumbnailUrl":"https:\/\/i0.wp.com\/www.parrinst.com\/de\/wp-content\/uploads\/sites\/6\/2018\/01\/parr_banner_sample-prep_secondary-1.jpg?fit=2200%2C399&ssl=1","datePublished":"2011-03-10T02:58:03+00:00","dateModified":"2021-10-01T20:29:52+00:00","breadcrumb":{"@id":"https:\/\/www.parrinst.com\/de\/products\/sample-preparation\/#breadcrumb"},"inLanguage":"en-US","potentialAction":[{"@type":"ReadAction","target":["https:\/\/www.parrinst.com\/de\/products\/sample-preparation\/"]}]},{"@type":"ImageObject","inLanguage":"en-US","@id":"https:\/\/www.parrinst.com\/de\/products\/sample-preparation\/#primaryimage","url":"https:\/\/i0.wp.com\/www.parrinst.com\/de\/wp-content\/uploads\/sites\/6\/2018\/01\/parr_banner_sample-prep_secondary-1.jpg?fit=2200%2C399&ssl=1","contentUrl":"https:\/\/i0.wp.com\/www.parrinst.com\/de\/wp-content\/uploads\/sites\/6\/2018\/01\/parr_banner_sample-prep_secondary-1.jpg?fit=2200%2C399&ssl=1","width":2200,"height":399},{"@type":"BreadcrumbList","@id":"https:\/\/www.parrinst.com\/de\/products\/sample-preparation\/#breadcrumb","itemListElement":[{"@type":"ListItem","position":1,"name":"Home","item":"https:\/\/www.parrinst.com\/de\/"},{"@type":"ListItem","position":2,"name":"Products","item":"https:\/\/www.parrinst.com\/de\/products\/"},{"@type":"ListItem","position":3,"name":"Sample Preparation"}]},{"@type":"WebSite","@id":"https:\/\/www.parrinst.com\/de\/#website","url":"https:\/\/www.parrinst.com\/de\/","name":"Parr Instrument GmbH","description":"","potentialAction":[{"@type":"SearchAction","target":{"@type":"EntryPoint","urlTemplate":"https:\/\/www.parrinst.com\/de\/?s={search_term_string}"},"query-input":{"@type":"PropertyValueSpecification","valueRequired":true,"valueName":"search_term_string"}}],"inLanguage":"en-US"}]}},"jetpack_sharing_enabled":true,"_links":{"self":[{"href":"https:\/\/www.parrinst.com\/de\/wp-json\/wp\/v2\/pages\/85","targetHints":{"allow":["GET"]}}],"collection":[{"href":"https:\/\/www.parrinst.com\/de\/wp-json\/wp\/v2\/pages"}],"about":[{"href":"https:\/\/www.parrinst.com\/de\/wp-json\/wp\/v2\/types\/page"}],"author":[{"embeddable":true,"href":"https:\/\/www.parrinst.com\/de\/wp-json\/wp\/v2\/users\/2"}],"replies":[{"embeddable":true,"href":"https:\/\/www.parrinst.com\/de\/wp-json\/wp\/v2\/comments?post=85"}],"version-history":[{"count":5,"href":"https:\/\/www.parrinst.com\/de\/wp-json\/wp\/v2\/pages\/85\/revisions"}],"predecessor-version":[{"id":40820,"href":"https:\/\/www.parrinst.com\/de\/wp-json\/wp\/v2\/pages\/85\/revisions\/40820"}],"up":[{"embeddable":true,"href":"https:\/\/www.parrinst.com\/de\/wp-json\/wp\/v2\/pages\/22"}],"wp:featuredmedia":[{"embeddable":true,"href":"https:\/\/www.parrinst.com\/de\/wp-json\/wp\/v2\/media\/37714"}],"wp:attachment":[{"href":"https:\/\/www.parrinst.com\/de\/wp-json\/wp\/v2\/media?parent=85"}],"curies":[{"name":"wp","href":"https:\/\/api.w.org\/{rel}","templated":true}]}}