{"id":9078,"date":"2012-06-13T12:40:48","date_gmt":"2012-06-13T17:40:48","guid":{"rendered":"https:\/\/www.parrinst.com\/?page_id=9078"},"modified":"2012-06-13T12:40:48","modified_gmt":"2012-06-13T17:40:48","slug":"fr","status":"publish","type":"page","link":"https:\/\/www.parrinst.com\/de\/fr\/","title":{"rendered":"Bienvenue chez Parr"},"content":{"rendered":"\n<p>Depuis sa cr\u00e9ation il y a plus de 100 ans, la soci\u00e9t\u00e9 Parr Instrument s&#8217;est concentr\u00e9e exclusivement sur la fabrication et la commercialisation de r\u00e9acteurs chimiques, d&#8217;enceintes sous pression, de calorim\u00e8tres de combustion, d&#8217;enceintes de digestion acide et d&#8217;\u00e9quipements sp\u00e9cialement con\u00e7us pour la recherche en laboratoire.<\/p>\n<p>Durant toute cette longue histoire, l&#8217;objectif principal de Parr est de proposer \u00e0 ses clients des appareils de qualit\u00e9, con\u00e7us en fonction de chacune de leurs applications, soutenu par un service technique comp\u00e9tent poss\u00e9dant plusieurs ann\u00e9es d&#8217;exp\u00e9rience dans ce domaine.<\/p>\n<p>Si l&#8217;anglais ne vous est pas familier, nous vous encourageons \u00e0 contacter les distributeurs situ\u00e9s pr\u00e8s de chez vous afin qu&#8217;ils puissent r\u00e9pondre \u00e0 toute question que vous pourriez vous poser sur nos produits.<\/p>\n<p>Contactez directement nos distributeurs en France et en Belgique.<\/p>\n<h3>France<\/h3>\n<p><strong>Equilabo (Exclusif)<\/strong><br \/>Phone: +33 (0)4 37 40 33 55<br \/>Fax: +33 (0)4 37 40 33 56<br \/>info&#64;equ&#105;&#108;&#97;&#98;&#111;&#46;&#99;&#111;&#109;<br \/><a href=\"http:\/\/www.equilabo.com\" target=\"_blank\">www.equilabo.com<\/a><\/p>\n<h3>Belgique<\/h3>\n<p><strong>Analis, S.A. (Exclusif)<\/strong><br \/>Namur<br \/>Phone: +32 81 25 50 50<br \/>Fax: +32 81 24 10 39<br \/>&#x6d;&#97;i&#x6c;&#64;&#97;&#x6e;&#x61;&#108;i&#x73;&#46;b&#x65;<br \/><a href=\"http:\/\/www.analis.be\" target=\"_blank\">www.analis.be<\/a><\/p>\n<p>Veuillez cliquer ici pour visualiser la liste des distributeurs mondiaux<\/p>\n<p>Nous nous effor\u00e7ons, chaque jour, \u00e0 fournir un service de qualit\u00e9 \u00e0 nos clients et nos distributeurs se sont engag\u00e9s \u00e0 faire de m\u00eame.<\/p>\n<p>Merci d&#8217;avoir visit\u00e9 notre site internet. En esp\u00e9rant pouvoir vous construire prochainement, un \u00e9quipement de qualit\u00e9, sp\u00e9cialement pour votre laboratoire.<\/p>\n<p><a title=\"Dealers\" href=\"https:\/\/www.parrinst.com\/de\/contact\/dealers\/\">Veuillez cliquer ici pour visualiser la liste des distributeurs mondiaux.<\/a><\/p>\n<p>Nous nous effor\u00e7ons, chaque jour, \u00e0 fournir un service de qualit\u00e9 \u00e0 nos clients et nos distributeurs se sont engag\u00e9s \u00e0 faire de m\u00eame.<\/p>\n<p>Merci d&#8217;avoir visit\u00e9 notre site internet. En esp\u00e9rant pouvoir vous construire prochainement, un \u00e9quipement de qualit\u00e9, sp\u00e9cialement pour votre laboratoire.<\/p>\n<p><!-- French Homepage --><\/p>\n","protected":false},"excerpt":{"rendered":"<p>Depuis sa cr\u00e9ation il y a plus de 100 ans, la soci\u00e9t\u00e9 Parr Instrument s&#8217;est concentr\u00e9e exclusivement sur la fabrication et la commercialisation de r\u00e9acteurs chimiques, d&#8217;enceintes sous pression, de calorim\u00e8tres de combustion, d&#8217;enceintes de digestion acide et d&#8217;\u00e9quipements sp\u00e9cialement con\u00e7us pour la recherche en laboratoire. Durant toute cette longue histoire, l&#8217;objectif principal de Parr [&hellip;]<\/p>\n","protected":false},"author":1,"featured_media":0,"parent":0,"menu_order":-9,"comment_status":"closed","ping_status":"closed","template":"","meta":{"_acf_changed":false,"footnotes":"","_links_to":"","_links_to_target":""},"class_list":["post-9078","page","type-page","status-publish","hentry"],"acf":[],"yoast_head":"<!-- This site is optimized with the Yoast SEO plugin v27.4 - https:\/\/yoast.com\/product\/yoast-seo-wordpress\/ -->\n<title>Bienvenue chez Parr - Parr Instrument GmbH<\/title>\n<meta name=\"robots\" content=\"index, follow, max-snippet:-1, max-image-preview:large, max-video-preview:-1\" \/>\n<link rel=\"canonical\" href=\"https:\/\/www.parrinst.com\/de\/fr\/\" \/>\n<meta property=\"og:locale\" content=\"en_US\" \/>\n<meta property=\"og:type\" content=\"article\" \/>\n<meta property=\"og:title\" content=\"Bienvenue chez Parr - Parr Instrument GmbH\" \/>\n<meta property=\"og:description\" content=\"Depuis sa cr\u00e9ation il y a plus de 100 ans, la soci\u00e9t\u00e9 Parr Instrument s&#8217;est concentr\u00e9e exclusivement sur la fabrication et la commercialisation de r\u00e9acteurs chimiques, d&#8217;enceintes sous pression, de calorim\u00e8tres de combustion, d&#8217;enceintes de digestion acide et d&#8217;\u00e9quipements sp\u00e9cialement con\u00e7us pour la recherche en laboratoire. Durant toute cette longue histoire, l&#8217;objectif principal de Parr [&hellip;]\" \/>\n<meta property=\"og:url\" content=\"https:\/\/www.parrinst.com\/de\/fr\/\" \/>\n<meta property=\"og:site_name\" content=\"Parr Instrument GmbH\" \/>\n<meta name=\"twitter:card\" content=\"summary_large_image\" \/>\n<meta name=\"twitter:label1\" content=\"Est. reading time\" \/>\n\t<meta name=\"twitter:data1\" content=\"1 minute\" \/>\n<script type=\"application\/ld+json\" class=\"yoast-schema-graph\">{\"@context\":\"https:\\\/\\\/schema.org\",\"@graph\":[{\"@type\":\"WebPage\",\"@id\":\"https:\\\/\\\/www.parrinst.com\\\/de\\\/fr\\\/\",\"url\":\"https:\\\/\\\/www.parrinst.com\\\/de\\\/fr\\\/\",\"name\":\"Bienvenue chez Parr - Parr Instrument GmbH\",\"isPartOf\":{\"@id\":\"https:\\\/\\\/www.parrinst.com\\\/de\\\/#website\"},\"datePublished\":\"2012-06-13T17:40:48+00:00\",\"breadcrumb\":{\"@id\":\"https:\\\/\\\/www.parrinst.com\\\/de\\\/fr\\\/#breadcrumb\"},\"inLanguage\":\"en-US\",\"potentialAction\":[{\"@type\":\"ReadAction\",\"target\":[\"https:\\\/\\\/www.parrinst.com\\\/de\\\/fr\\\/\"]}]},{\"@type\":\"BreadcrumbList\",\"@id\":\"https:\\\/\\\/www.parrinst.com\\\/de\\\/fr\\\/#breadcrumb\",\"itemListElement\":[{\"@type\":\"ListItem\",\"position\":1,\"name\":\"Home\",\"item\":\"https:\\\/\\\/www.parrinst.com\\\/de\\\/\"},{\"@type\":\"ListItem\",\"position\":2,\"name\":\"Bienvenue chez Parr\"}]},{\"@type\":\"WebSite\",\"@id\":\"https:\\\/\\\/www.parrinst.com\\\/de\\\/#website\",\"url\":\"https:\\\/\\\/www.parrinst.com\\\/de\\\/\",\"name\":\"Parr Instrument GmbH\",\"description\":\"\",\"potentialAction\":[{\"@type\":\"SearchAction\",\"target\":{\"@type\":\"EntryPoint\",\"urlTemplate\":\"https:\\\/\\\/www.parrinst.com\\\/de\\\/?s={search_term_string}\"},\"query-input\":{\"@type\":\"PropertyValueSpecification\",\"valueRequired\":true,\"valueName\":\"search_term_string\"}}],\"inLanguage\":\"en-US\"}]}<\/script>\n<!-- \/ Yoast SEO plugin. -->","yoast_head_json":{"title":"Bienvenue chez Parr - Parr Instrument GmbH","robots":{"index":"index","follow":"follow","max-snippet":"max-snippet:-1","max-image-preview":"max-image-preview:large","max-video-preview":"max-video-preview:-1"},"canonical":"https:\/\/www.parrinst.com\/de\/fr\/","og_locale":"en_US","og_type":"article","og_title":"Bienvenue chez Parr - Parr Instrument GmbH","og_description":"Depuis sa cr\u00e9ation il y a plus de 100 ans, la soci\u00e9t\u00e9 Parr Instrument s&#8217;est concentr\u00e9e exclusivement sur la fabrication et la commercialisation de r\u00e9acteurs chimiques, d&#8217;enceintes sous pression, de calorim\u00e8tres de combustion, d&#8217;enceintes de digestion acide et d&#8217;\u00e9quipements sp\u00e9cialement con\u00e7us pour la recherche en laboratoire. Durant toute cette longue histoire, l&#8217;objectif principal de Parr [&hellip;]","og_url":"https:\/\/www.parrinst.com\/de\/fr\/","og_site_name":"Parr Instrument GmbH","twitter_card":"summary_large_image","twitter_misc":{"Est. reading time":"1 minute"},"schema":{"@context":"https:\/\/schema.org","@graph":[{"@type":"WebPage","@id":"https:\/\/www.parrinst.com\/de\/fr\/","url":"https:\/\/www.parrinst.com\/de\/fr\/","name":"Bienvenue chez Parr - Parr Instrument GmbH","isPartOf":{"@id":"https:\/\/www.parrinst.com\/de\/#website"},"datePublished":"2012-06-13T17:40:48+00:00","breadcrumb":{"@id":"https:\/\/www.parrinst.com\/de\/fr\/#breadcrumb"},"inLanguage":"en-US","potentialAction":[{"@type":"ReadAction","target":["https:\/\/www.parrinst.com\/de\/fr\/"]}]},{"@type":"BreadcrumbList","@id":"https:\/\/www.parrinst.com\/de\/fr\/#breadcrumb","itemListElement":[{"@type":"ListItem","position":1,"name":"Home","item":"https:\/\/www.parrinst.com\/de\/"},{"@type":"ListItem","position":2,"name":"Bienvenue chez Parr"}]},{"@type":"WebSite","@id":"https:\/\/www.parrinst.com\/de\/#website","url":"https:\/\/www.parrinst.com\/de\/","name":"Parr Instrument GmbH","description":"","potentialAction":[{"@type":"SearchAction","target":{"@type":"EntryPoint","urlTemplate":"https:\/\/www.parrinst.com\/de\/?s={search_term_string}"},"query-input":{"@type":"PropertyValueSpecification","valueRequired":true,"valueName":"search_term_string"}}],"inLanguage":"en-US"}]}},"jetpack_sharing_enabled":true,"_links":{"self":[{"href":"https:\/\/www.parrinst.com\/de\/wp-json\/wp\/v2\/pages\/9078","targetHints":{"allow":["GET"]}}],"collection":[{"href":"https:\/\/www.parrinst.com\/de\/wp-json\/wp\/v2\/pages"}],"about":[{"href":"https:\/\/www.parrinst.com\/de\/wp-json\/wp\/v2\/types\/page"}],"author":[{"embeddable":true,"href":"https:\/\/www.parrinst.com\/de\/wp-json\/wp\/v2\/users\/1"}],"replies":[{"embeddable":true,"href":"https:\/\/www.parrinst.com\/de\/wp-json\/wp\/v2\/comments?post=9078"}],"version-history":[{"count":0,"href":"https:\/\/www.parrinst.com\/de\/wp-json\/wp\/v2\/pages\/9078\/revisions"}],"wp:attachment":[{"href":"https:\/\/www.parrinst.com\/de\/wp-json\/wp\/v2\/media?parent=9078"}],"curies":[{"name":"wp","href":"https:\/\/api.w.org\/{rel}","templated":true}]}}