{"id":91,"date":"2011-03-09T20:58:47","date_gmt":"2011-03-10T02:58:47","guid":{"rendered":"https:\/\/www.parrinst.com\/?page_id=91"},"modified":"2021-09-10T14:50:02","modified_gmt":"2021-09-10T19:50:02","slug":"hydrogenation","status":"publish","type":"page","link":"https:\/\/www.parrinst.com\/de\/products\/hydrogenation\/","title":{"rendered":"Sch\u00fcttel-Hydrierapparate"},"content":{"rendered":"<h2>Hydrierapparate<\/h2>\n<p>Parr Sch\u00fcttel-Hydrierapparate sind kompakt und einfach zu bedienende Ger\u00e4te zur Behandlung von Chemikalien mit Wasserstoff bei Dr\u00fccken bis zu 4 bar und Temperaturen von 80\u00b0C. Sie werden haupts\u00e4chlich zur Synthese oder Modifikation organischer Komponenten durch katalytische Hydrierung, Reduktion oder Kondensation, eingesetzt, aber sie sind zugleich auch f\u00fcr jede andere Laboranwendung, die eine starke Durchmischung von Fl\u00fcssigkeiten und Gasen in einem Glasgef\u00e4\u00df bei Dr\u00fccken bis zu 4 bar erfordern verwendbar.<\/p>\n<p>\u200b<\/p>\n<table class=\"nostyle\">\n<tbody>\n<tr>\n<td colspan=\"2\" valign=\"top\">\n<hr \/>\n<\/td>\n<\/tr>\n<tr>\n<td valign=\"top\" width=\"33%\">\u00a0<a href=\"https:\/\/i0.wp.com\/www.parrinst.com\/de\/wp-content\/uploads\/sites\/6\/2018\/02\/3911-shakerDSC55372.jpg?ssl=1\"><img data-recalc-dims=\"1\" loading=\"lazy\" decoding=\"async\" class=\"aligncenter wp-image-37960\" src=\"https:\/\/i0.wp.com\/www.parrinst.com\/de\/wp-content\/uploads\/sites\/6\/2018\/02\/3911-shakerDSC55372.jpg?resize=200%2C153&#038;ssl=1\" alt=\"3911 Hydrierapparat mit explosionsgesch\u00fctztem Motor und Schalter (nicht ATEX)\" width=\"200\" height=\"153\" srcset=\"https:\/\/i0.wp.com\/www.parrinst.com\/de\/wp-content\/uploads\/sites\/6\/2018\/02\/3911-shakerDSC55372.jpg?resize=300%2C230&amp;ssl=1 300w, https:\/\/i0.wp.com\/www.parrinst.com\/de\/wp-content\/uploads\/sites\/6\/2018\/02\/3911-shakerDSC55372.jpg?resize=196%2C150&amp;ssl=1 196w, https:\/\/i0.wp.com\/www.parrinst.com\/de\/wp-content\/uploads\/sites\/6\/2018\/02\/3911-shakerDSC55372.jpg?w=600&amp;ssl=1 600w\" sizes=\"auto, (max-width: 200px) 100vw, 200px\" \/><\/a><\/td>\n<td valign=\"top\">\n<h3><a title=\"3911 Shaker Hydrogenation Apparatus\" href=\"https:\/\/www.parrinst.com\/de\/products\/hydrogenation\/3911-hydrogenator\/\">Serie 3910 Sch\u00fcttel-Hydrierapparate<\/a><\/h3>\n<p>Die beiden Parr <a title=\"3911 Shaker Hydrogenation Apparatus\" href=\"https:\/\/www.parrinst.com\/de\/products\/hydrogenation\/3911-hydrogenator\/\">3911 <\/a>&amp; <a title=\"3916 Shaker Hydrogenation Apparatus\" href=\"https:\/\/www.parrinst.com\/de\/products\/hydrogenation\/3916-hydrogenator\/\">3916 <\/a>\u00a0Sch\u00fcttel-Hydrierapparate\u00a0verwenden entweder inerte 250 mL oder 500 mL \u00a0Borosilikatglas Beh\u00e4lter. Dr\u00fccke bis zu 4 bar sind m\u00f6glich. Beide Systeme sind mit explosionsgesch\u00fctzten (nicht ATEX) Motoren erh\u00e4ltlich. Das Modell 3916 bietet zus\u00e4tzlich eine Heizung mit Regler f\u00fcr Temperaturen bis 80\u00b0C.<\/td>\n<\/tr>\n<tr>\n<td colspan=\"2\" valign=\"top\">\n<hr \/>\n<\/td>\n<\/tr>\n<tr>\n<td valign=\"top\" width=\"33%\"><a href=\"https:\/\/i0.wp.com\/www.parrinst.com\/de\/wp-content\/uploads\/sites\/6\/2018\/02\/3921-Shaker-01_DSC5568.jpg?ssl=1\"><img data-recalc-dims=\"1\" loading=\"lazy\" decoding=\"async\" class=\"aligncenter wp-image-37965\" src=\"https:\/\/i0.wp.com\/www.parrinst.com\/de\/wp-content\/uploads\/sites\/6\/2018\/02\/3921-Shaker-01_DSC5568.jpg?resize=200%2C143&#038;ssl=1\" alt=\"3911 Hydrierapparat mit explosionsgesch\u00fctztem Motor und Schalter (nicht ATEX)\" width=\"200\" height=\"143\" srcset=\"https:\/\/i0.wp.com\/www.parrinst.com\/de\/wp-content\/uploads\/sites\/6\/2018\/02\/3921-Shaker-01_DSC5568.jpg?resize=300%2C215&amp;ssl=1 300w, https:\/\/i0.wp.com\/www.parrinst.com\/de\/wp-content\/uploads\/sites\/6\/2018\/02\/3921-Shaker-01_DSC5568.jpg?resize=210%2C150&amp;ssl=1 210w, https:\/\/i0.wp.com\/www.parrinst.com\/de\/wp-content\/uploads\/sites\/6\/2018\/02\/3921-Shaker-01_DSC5568.jpg?w=600&amp;ssl=1 600w\" sizes=\"auto, (max-width: 200px) 100vw, 200px\" \/><\/a><\/td>\n<td valign=\"top\">\n<h3><a title=\"3921 Shaker Hydrogenation Apparatus\" href=\"https:\/\/www.parrinst.com\/de\/products\/hydrogenation\/3921-hydrogenator\/\">Serie 3920 Sch\u00fcttel-Hydrierapparate<\/a><\/h3>\n<p>Die beiden Parr\u00a0<a title=\"3921 Shaker Hydrogenation Apparatus\" href=\"https:\/\/www.parrinst.com\/de\/products\/hydrogenation\/3921-hydrogenator\/\">3921 <\/a>&amp; <a title=\"3926 Shaker Hydrogenation Apparatus\" href=\"https:\/\/www.parrinst.com\/de\/products\/hydrogenation\/3926-hydrogenator\/\">3926 <\/a>\u00a0Sch\u00fcttel-Hydrierapparate\u00a0verwenden entweder inerte 1 L oder 2 L Borosilikatglas Beh\u00e4lter, hand-geblasenes Borosilikatglas, oder Edelstahl. Maximale Arbeitsdr\u00fccke varieren entsprechend den Beh\u00e4ltern zwischen 2 und 4 bar. Beide Systeme sind mit explosionsgesch\u00fctzten (nicht ATEX) Motoren erh\u00e4ltlich. Das Modell 3926 bietet zus\u00e4tzlich eine Heizung mit Regler f\u00fcr Temperaturen bis 80\u00b0C.<\/td>\n<\/tr>\n<tr>\n<td colspan=\"2\" valign=\"top\">\n<hr \/>\n<\/td>\n<\/tr>\n<\/tbody>\n<\/table>\n<h3>Andere Parr Hydrierreaktoren<\/h3>\n<p><strong>Zus\u00e4tzlich zu Sch\u00fcttel-Hydrierapparaten, bietet Parr andere Druckreaktoren, die sehr verbreitet f\u00fcr Katalytische Reaktion mit Wasserstoff eingesetzt werden.<\/strong>\u00a0Dazu geh\u00f6ren\u00a0<a href=\"https:\/\/www.parrinst.com\/de\/products\/stirred-reactors\/\">Ger\u00fchrte Reaktoren<\/a>\u00a0aus Edelstahl und anderen korossionsbest\u00e4ndigen Legierungen in Gr\u00f6\u00dfen von 25 mL bis 5 Gallonen (18,75 L), die f\u00fcr Dr\u00fccke bis zu 5000 psig (345 bar) und Temperaturen bis 500\u00b0C eingesetzt werden k\u00f6nnen. Es sind komplett arbeitsf\u00e4hige Systeme mit allen n\u00f6tigen Regel und vielen gebr\u00e4uchlichen Anwendungsm\u00f6glichkeiten.<\/p>\n<p>Wir bieten auch\u00a0<a title=\"Series 5100 Glass Reactors, 160-1500 mL\" href=\"https:\/\/www.parrinst.com\/de\/products\/stirred-reactors\/series-5100-glass-reactors\/\">Niederdruck Glasreaktoren<\/a>. Sowie eine erhebliche Auswahl an\u00a0<a title=\"5400 Continuous Flow Tubular Reactors\" href=\"https:\/\/www.parrinst.com\/de\/products\/specialty-custom-systems\/5400-continuous-flow-tubular-reactors\/\">Kontinuierliche Rohrreaktoren<\/a>.<\/p>\n","protected":false},"excerpt":{"rendered":"<p>Hydrierapparate Parr Sch\u00fcttel-Hydrierapparate sind kompakt und einfach zu bedienende Ger\u00e4te zur Behandlung von Chemikalien mit Wasserstoff bei Dr\u00fccken bis zu 4 bar und Temperaturen von 80\u00b0C. Sie werden haupts\u00e4chlich zur Synthese oder Modifikation organischer Komponenten durch katalytische Hydrierung, Reduktion oder Kondensation, eingesetzt, aber sie sind zugleich auch f\u00fcr jede andere Laboranwendung, die eine starke Durchmischung [&hellip;]<\/p>\n","protected":false},"author":2,"featured_media":37709,"parent":22,"menu_order":1,"comment_status":"closed","ping_status":"closed","template":"general-tabs.php","meta":{"_acf_changed":false,"footnotes":"","_links_to":"","_links_to_target":""},"class_list":["post-91","page","type-page","status-publish","has-post-thumbnail","hentry"],"acf":[],"yoast_head":"<!-- This site is optimized with the Yoast SEO plugin v27.4 - https:\/\/yoast.com\/product\/yoast-seo-wordpress\/ -->\n<title>Sch\u00fcttel-Hydrierapparate - Parr Instrument GmbH<\/title>\n<meta name=\"robots\" content=\"index, follow, max-snippet:-1, max-image-preview:large, max-video-preview:-1\" \/>\n<link rel=\"canonical\" href=\"https:\/\/www.parrinst.com\/de\/products\/hydrogenation\/\" \/>\n<meta property=\"og:locale\" content=\"en_US\" \/>\n<meta property=\"og:type\" content=\"article\" \/>\n<meta property=\"og:title\" content=\"Sch\u00fcttel-Hydrierapparate - Parr Instrument GmbH\" \/>\n<meta property=\"og:description\" content=\"Hydrierapparate Parr Sch\u00fcttel-Hydrierapparate sind kompakt und einfach zu bedienende Ger\u00e4te zur Behandlung von Chemikalien mit Wasserstoff bei Dr\u00fccken bis zu 4 bar und Temperaturen von 80\u00b0C. Sie werden haupts\u00e4chlich zur Synthese oder Modifikation organischer Komponenten durch katalytische Hydrierung, Reduktion oder Kondensation, eingesetzt, aber sie sind zugleich auch f\u00fcr jede andere Laboranwendung, die eine starke Durchmischung [&hellip;]\" \/>\n<meta property=\"og:url\" content=\"https:\/\/www.parrinst.com\/de\/products\/hydrogenation\/\" \/>\n<meta property=\"og:site_name\" content=\"Parr Instrument GmbH\" \/>\n<meta property=\"article:modified_time\" content=\"2021-09-10T19:50:02+00:00\" \/>\n<meta property=\"og:image\" content=\"https:\/\/www.parrinst.com\/de\/files\/2018\/01\/parr_banner_shaker_secondary.jpg\" \/>\n\t<meta property=\"og:image:width\" content=\"2200\" \/>\n\t<meta property=\"og:image:height\" content=\"399\" \/>\n\t<meta property=\"og:image:type\" content=\"image\/jpeg\" \/>\n<meta name=\"twitter:card\" content=\"summary_large_image\" \/>\n<meta name=\"twitter:label1\" content=\"Est. reading time\" \/>\n\t<meta name=\"twitter:data1\" content=\"1 minute\" \/>\n<script type=\"application\/ld+json\" class=\"yoast-schema-graph\">{\"@context\":\"https:\\\/\\\/schema.org\",\"@graph\":[{\"@type\":\"WebPage\",\"@id\":\"https:\\\/\\\/www.parrinst.com\\\/de\\\/products\\\/hydrogenation\\\/\",\"url\":\"https:\\\/\\\/www.parrinst.com\\\/de\\\/products\\\/hydrogenation\\\/\",\"name\":\"Sch\u00fcttel-Hydrierapparate - Parr Instrument GmbH\",\"isPartOf\":{\"@id\":\"https:\\\/\\\/www.parrinst.com\\\/de\\\/#website\"},\"primaryImageOfPage\":{\"@id\":\"https:\\\/\\\/www.parrinst.com\\\/de\\\/products\\\/hydrogenation\\\/#primaryimage\"},\"image\":{\"@id\":\"https:\\\/\\\/www.parrinst.com\\\/de\\\/products\\\/hydrogenation\\\/#primaryimage\"},\"thumbnailUrl\":\"https:\\\/\\\/i0.wp.com\\\/www.parrinst.com\\\/de\\\/wp-content\\\/uploads\\\/sites\\\/6\\\/2018\\\/01\\\/parr_banner_shaker_secondary.jpg?fit=2200%2C399&ssl=1\",\"datePublished\":\"2011-03-10T02:58:47+00:00\",\"dateModified\":\"2021-09-10T19:50:02+00:00\",\"breadcrumb\":{\"@id\":\"https:\\\/\\\/www.parrinst.com\\\/de\\\/products\\\/hydrogenation\\\/#breadcrumb\"},\"inLanguage\":\"en-US\",\"potentialAction\":[{\"@type\":\"ReadAction\",\"target\":[\"https:\\\/\\\/www.parrinst.com\\\/de\\\/products\\\/hydrogenation\\\/\"]}]},{\"@type\":\"ImageObject\",\"inLanguage\":\"en-US\",\"@id\":\"https:\\\/\\\/www.parrinst.com\\\/de\\\/products\\\/hydrogenation\\\/#primaryimage\",\"url\":\"https:\\\/\\\/i0.wp.com\\\/www.parrinst.com\\\/de\\\/wp-content\\\/uploads\\\/sites\\\/6\\\/2018\\\/01\\\/parr_banner_shaker_secondary.jpg?fit=2200%2C399&ssl=1\",\"contentUrl\":\"https:\\\/\\\/i0.wp.com\\\/www.parrinst.com\\\/de\\\/wp-content\\\/uploads\\\/sites\\\/6\\\/2018\\\/01\\\/parr_banner_shaker_secondary.jpg?fit=2200%2C399&ssl=1\",\"width\":2200,\"height\":399},{\"@type\":\"BreadcrumbList\",\"@id\":\"https:\\\/\\\/www.parrinst.com\\\/de\\\/products\\\/hydrogenation\\\/#breadcrumb\",\"itemListElement\":[{\"@type\":\"ListItem\",\"position\":1,\"name\":\"Home\",\"item\":\"https:\\\/\\\/www.parrinst.com\\\/de\\\/\"},{\"@type\":\"ListItem\",\"position\":2,\"name\":\"Products\",\"item\":\"https:\\\/\\\/www.parrinst.com\\\/de\\\/products\\\/\"},{\"@type\":\"ListItem\",\"position\":3,\"name\":\"Sch\u00fcttel-Hydrierapparate\"}]},{\"@type\":\"WebSite\",\"@id\":\"https:\\\/\\\/www.parrinst.com\\\/de\\\/#website\",\"url\":\"https:\\\/\\\/www.parrinst.com\\\/de\\\/\",\"name\":\"Parr Instrument GmbH\",\"description\":\"\",\"potentialAction\":[{\"@type\":\"SearchAction\",\"target\":{\"@type\":\"EntryPoint\",\"urlTemplate\":\"https:\\\/\\\/www.parrinst.com\\\/de\\\/?s={search_term_string}\"},\"query-input\":{\"@type\":\"PropertyValueSpecification\",\"valueRequired\":true,\"valueName\":\"search_term_string\"}}],\"inLanguage\":\"en-US\"}]}<\/script>\n<!-- \/ Yoast SEO plugin. -->","yoast_head_json":{"title":"Sch\u00fcttel-Hydrierapparate - Parr Instrument GmbH","robots":{"index":"index","follow":"follow","max-snippet":"max-snippet:-1","max-image-preview":"max-image-preview:large","max-video-preview":"max-video-preview:-1"},"canonical":"https:\/\/www.parrinst.com\/de\/products\/hydrogenation\/","og_locale":"en_US","og_type":"article","og_title":"Sch\u00fcttel-Hydrierapparate - Parr Instrument GmbH","og_description":"Hydrierapparate Parr Sch\u00fcttel-Hydrierapparate sind kompakt und einfach zu bedienende Ger\u00e4te zur Behandlung von Chemikalien mit Wasserstoff bei Dr\u00fccken bis zu 4 bar und Temperaturen von 80\u00b0C. Sie werden haupts\u00e4chlich zur Synthese oder Modifikation organischer Komponenten durch katalytische Hydrierung, Reduktion oder Kondensation, eingesetzt, aber sie sind zugleich auch f\u00fcr jede andere Laboranwendung, die eine starke Durchmischung [&hellip;]","og_url":"https:\/\/www.parrinst.com\/de\/products\/hydrogenation\/","og_site_name":"Parr Instrument GmbH","article_modified_time":"2021-09-10T19:50:02+00:00","og_image":[{"width":2200,"height":399,"url":"https:\/\/www.parrinst.com\/de\/files\/2018\/01\/parr_banner_shaker_secondary.jpg","type":"image\/jpeg"}],"twitter_card":"summary_large_image","twitter_misc":{"Est. reading time":"1 minute"},"schema":{"@context":"https:\/\/schema.org","@graph":[{"@type":"WebPage","@id":"https:\/\/www.parrinst.com\/de\/products\/hydrogenation\/","url":"https:\/\/www.parrinst.com\/de\/products\/hydrogenation\/","name":"Sch\u00fcttel-Hydrierapparate - Parr Instrument GmbH","isPartOf":{"@id":"https:\/\/www.parrinst.com\/de\/#website"},"primaryImageOfPage":{"@id":"https:\/\/www.parrinst.com\/de\/products\/hydrogenation\/#primaryimage"},"image":{"@id":"https:\/\/www.parrinst.com\/de\/products\/hydrogenation\/#primaryimage"},"thumbnailUrl":"https:\/\/i0.wp.com\/www.parrinst.com\/de\/wp-content\/uploads\/sites\/6\/2018\/01\/parr_banner_shaker_secondary.jpg?fit=2200%2C399&ssl=1","datePublished":"2011-03-10T02:58:47+00:00","dateModified":"2021-09-10T19:50:02+00:00","breadcrumb":{"@id":"https:\/\/www.parrinst.com\/de\/products\/hydrogenation\/#breadcrumb"},"inLanguage":"en-US","potentialAction":[{"@type":"ReadAction","target":["https:\/\/www.parrinst.com\/de\/products\/hydrogenation\/"]}]},{"@type":"ImageObject","inLanguage":"en-US","@id":"https:\/\/www.parrinst.com\/de\/products\/hydrogenation\/#primaryimage","url":"https:\/\/i0.wp.com\/www.parrinst.com\/de\/wp-content\/uploads\/sites\/6\/2018\/01\/parr_banner_shaker_secondary.jpg?fit=2200%2C399&ssl=1","contentUrl":"https:\/\/i0.wp.com\/www.parrinst.com\/de\/wp-content\/uploads\/sites\/6\/2018\/01\/parr_banner_shaker_secondary.jpg?fit=2200%2C399&ssl=1","width":2200,"height":399},{"@type":"BreadcrumbList","@id":"https:\/\/www.parrinst.com\/de\/products\/hydrogenation\/#breadcrumb","itemListElement":[{"@type":"ListItem","position":1,"name":"Home","item":"https:\/\/www.parrinst.com\/de\/"},{"@type":"ListItem","position":2,"name":"Products","item":"https:\/\/www.parrinst.com\/de\/products\/"},{"@type":"ListItem","position":3,"name":"Sch\u00fcttel-Hydrierapparate"}]},{"@type":"WebSite","@id":"https:\/\/www.parrinst.com\/de\/#website","url":"https:\/\/www.parrinst.com\/de\/","name":"Parr Instrument GmbH","description":"","potentialAction":[{"@type":"SearchAction","target":{"@type":"EntryPoint","urlTemplate":"https:\/\/www.parrinst.com\/de\/?s={search_term_string}"},"query-input":{"@type":"PropertyValueSpecification","valueRequired":true,"valueName":"search_term_string"}}],"inLanguage":"en-US"}]}},"jetpack_sharing_enabled":true,"_links":{"self":[{"href":"https:\/\/www.parrinst.com\/de\/wp-json\/wp\/v2\/pages\/91","targetHints":{"allow":["GET"]}}],"collection":[{"href":"https:\/\/www.parrinst.com\/de\/wp-json\/wp\/v2\/pages"}],"about":[{"href":"https:\/\/www.parrinst.com\/de\/wp-json\/wp\/v2\/types\/page"}],"author":[{"embeddable":true,"href":"https:\/\/www.parrinst.com\/de\/wp-json\/wp\/v2\/users\/2"}],"replies":[{"embeddable":true,"href":"https:\/\/www.parrinst.com\/de\/wp-json\/wp\/v2\/comments?post=91"}],"version-history":[{"count":6,"href":"https:\/\/www.parrinst.com\/de\/wp-json\/wp\/v2\/pages\/91\/revisions"}],"predecessor-version":[{"id":38542,"href":"https:\/\/www.parrinst.com\/de\/wp-json\/wp\/v2\/pages\/91\/revisions\/38542"}],"up":[{"embeddable":true,"href":"https:\/\/www.parrinst.com\/de\/wp-json\/wp\/v2\/pages\/22"}],"wp:featuredmedia":[{"embeddable":true,"href":"https:\/\/www.parrinst.com\/de\/wp-json\/wp\/v2\/media\/37709"}],"wp:attachment":[{"href":"https:\/\/www.parrinst.com\/de\/wp-json\/wp\/v2\/media?parent=91"}],"curies":[{"name":"wp","href":"https:\/\/api.w.org\/{rel}","templated":true}]}}