{"id":9477,"date":"2012-08-06T15:30:43","date_gmt":"2012-08-06T20:30:43","guid":{"rendered":"https:\/\/www.parrinst.com\/?page_id=9477"},"modified":"2026-01-28T08:38:40","modified_gmt":"2026-01-28T14:38:40","slug":"rfq","status":"publish","type":"page","link":"https:\/\/www.parrinst.com\/de\/products\/non-stirred-pressure-vessels\/series-4740\/rfq\/","title":{"rendered":"RFQ"},"content":{"rendered":"<h2>Bestellschl\u00fcssel f\u00fcr Gef\u00e4\u00dfe der 4740-Serien<\/h2>\n<p>Ein Beispiel f\u00fcr diese Reihenfolge ist: \u00a0<strong>4740-75mL-FG-SS-A<\/strong><\/p>\n<p>W\u00e4hlen Sie aus den untenstehenden Optionen und generieren Sie eine Identifikationsnummer zur Anforderung eines Angebots oder zur Bestellung eines Gef\u00e4\u00dfes der 4740-Serie.<\/p>\n<p>Beachten Sie bitte, dass nicht alle Optionen mit allen Modellen kompatibel sind.<\/p>\n\r\n<form id=\"ordering-guide\" action=\"https:\/\/www.parrinst.com\/de\/request-quote\/\" method=\"get\">\r\n\t<div style=\"display:none;\"><input type=\"hidden\" name=\"referrer\" value=\"Ordering Guide - \/de\/wp-json\/wp\/v2\/pages\/9477\" \/><\/div>\r\n\t<p><label>Your System ID No:<br \/><textarea class=\"un-placeholder\" name=\"order-no\" cols=\"60\" rows=\"1\">____-_-__-___<\/textarea><br \/><em>(automatically updates based on the selections below)<\/em><\/label><\/p>\r\n\t<p><input type=\"submit\" class=\"button-strong\" value=\"Submit for Quote\" \/><\/p>\r\n\n<table class=\"OrderingGuide\">\n<tbody>\n<tr>\n<td class=\"OrderingGuide-DarkGreen\" colspan=\"3\"><strong>A<\/strong>Vessel Volume<\/td>\n<\/tr>\n<tr>\n<td style=\"text-align: center;\" width=\"5%\"><label><input type=\"radio\" name=\"volume\" value=\"4740-25mL\" \/><\/label><\/td>\n<td width=\"15%\">-25mL<\/td>\n<td width=\"80%\">25 mL, 1&#8243; ID<\/td>\n<\/tr>\n<tr class=\"OrderingGuide-LightGreen\">\n<td style=\"text-align: center;\"><label><input type=\"radio\" name=\"volume\" value=\"4740-75mL\" \/><\/label><\/td>\n<td>-75mL<\/td>\n<td>75 mL, 1&#8243; ID<\/td>\n<\/tr>\n<tr>\n<td colspan=\"3\"><\/td>\n<\/tr>\n<tr>\n<td class=\"OrderingGuide-DarkGreen\" colspan=\"3\"><strong>B<\/strong>Gasket \/ Maximum Temperature<\/td>\n<\/tr>\n<tr>\n<td style=\"text-align: center;\"><label><input type=\"radio\" name=\"gasket\" value=\"T\" \/><\/label><\/td>\n<td>-T<\/td>\n<td>PTFE Flat Gasket, 350 \u00b0C<\/td>\n<\/tr>\n<tr class=\"OrderingGuide-LightGreen\">\n<td style=\"text-align: center;\"><label><input type=\"radio\" name=\"gasket\" value=\"FG\" \/><\/label><\/td>\n<td>-FG<\/td>\n<td>Flexible Graphite Flat Gasket, 500-538 \u00b0C<\/td>\n<\/tr>\n<tr>\n<td colspan=\"3\"><\/td>\n<\/tr>\n<tr>\n<td class=\"OrderingGuide-DarkGreen\" colspan=\"3\"><strong>C<\/strong>Material of Construction<\/td>\n<\/tr>\n<tr>\n<td style=\"text-align: center;\"><label><input type=\"radio\" name=\"material\" value=\"SS\" \/><\/label><\/td>\n<td>-SS<\/td>\n<td colspan=\"3\">T316 Stainless Steel<\/td>\n<\/tr>\n<tr class=\"OrderingGuide-LightGreen\">\n<td style=\"text-align: center;\"><label><input type=\"radio\" name=\"material\" value=\"C20\" \/><\/label><\/td>\n<td>-C20<\/td>\n<td colspan=\"3\">Alloy 20<\/td>\n<\/tr>\n<tr>\n<td style=\"text-align: center;\"><label><input type=\"radio\" name=\"material\" value=\"MO\" \/><\/label><\/td>\n<td>-MO<\/td>\n<td colspan=\"3\">Alloy 400<\/td>\n<\/tr>\n<tr class=\"OrderingGuide-LightGreen\">\n<td style=\"text-align: center;\"><label><input type=\"radio\" name=\"material\" value=\"IN600\" \/><\/label><\/td>\n<td>-IN600<\/td>\n<td colspan=\"3\">Alloy 600<\/td>\n<\/tr>\n<tr>\n<td style=\"text-align: center;\"><label><input type=\"radio\" name=\"material\" value=\"IN625\" \/><\/label><\/td>\n<td>-IN625<\/td>\n<td colspan=\"3\">Alloy 625<\/td>\n<\/tr>\n<tr class=\"OrderingGuide-LightGreen\">\n<td style=\"text-align: center;\"><label><input type=\"radio\" name=\"material\" value=\"HB\" \/><\/label><\/td>\n<td>-HB<\/td>\n<td colspan=\"3\">Alloy B-2\/B-3<\/td>\n<\/tr>\n<tr>\n<td style=\"text-align: center;\"><label><input type=\"radio\" name=\"material\" value=\"HC\" \/><\/label><\/td>\n<td>-HC<\/td>\n<td colspan=\"3\">Alloy C-276<\/td>\n<\/tr>\n<tr class=\"OrderingGuide-LightGreen\">\n<td style=\"text-align: center;\"><label><input type=\"radio\" name=\"material\" value=\"NI\" \/><\/label><\/td>\n<td>-NI<\/td>\n<td colspan=\"3\">Nickel 200*<\/td>\n<\/tr>\n<tr>\n<td style=\"text-align: center;\"><label><input type=\"radio\" name=\"material\" value=\"TI2\" \/><\/label><\/td>\n<td>-TI2<\/td>\n<td colspan=\"3\">Titanium Grade 2*<\/td>\n<\/tr>\n<tr class=\"OrderingGuide-LightGreen\">\n<td style=\"text-align: center;\"><label><input type=\"radio\" name=\"material\" value=\"TI4\" \/><\/label><\/td>\n<td>-TI4<\/td>\n<td colspan=\"3\">Titanium Grade 4*<\/td>\n<\/tr>\n<tr>\n<td style=\"text-align: center;\"><label><input type=\"radio\" name=\"material\" value=\"ZR702\" \/><\/label><\/td>\n<td>-ZR702<\/td>\n<td colspan=\"3\">Zirconium Grade 702*<\/td>\n<\/tr>\n<tr class=\"OrderingGuide-LightGreen\">\n<td style=\"text-align: center;\"><label><input type=\"radio\" name=\"material\" value=\"ZR705\" \/><\/label><\/td>\n<td>-ZR705<\/td>\n<td colspan=\"3\">Zirconium Grade 705*<\/td>\n<\/tr>\n<tr>\n<td colspan=\"3\"><em>See\u00a0<a title=\"Materials of Construction\" href=\"https:\/\/www.parrinst.com\/de\/products\/stirred-reactors\/options-accessories\/materials-of-construction\/\">Materials of Construction<\/a>\u00a0for other available alloys.<br \/>\n<\/em><em>*Maximum temperature and\/or pressure limited.<br \/>\n<\/em><\/td>\n<\/tr>\n<tr>\n<td colspan=\"3\"><\/td>\n<\/tr>\n<tr>\n<td class=\"OrderingGuide-DarkGreen\" colspan=\"3\"><strong>D<\/strong>Head Configuration<\/td>\n<\/tr>\n<tr>\n<td style=\"text-align: center;\"><label><input type=\"radio\" name=\"config\" value=\"RD\" \/><\/label><\/td>\n<td>-RD<\/td>\n<td>Rupture disc port with rupture disc assembly &amp; disc<\/td>\n<\/tr>\n<tr class=\"OrderingGuide-LightGreen\">\n<td style=\"text-align: center;\"><label><input type=\"radio\" name=\"config\" value=\"A\" \/><\/label><\/td>\n<td>-A<\/td>\n<td>One head opening, &#8220;A&#8221; socket<\/td>\n<\/tr>\n<tr>\n<td style=\"text-align: center;\"><label><input type=\"radio\" name=\"config\" value=\"NS\" \/><\/label><\/td>\n<td>-NS<\/td>\n<td>Non-standard, custom head opening<\/td>\n<\/tr>\n<tr>\n<td colspan=\"3\"><\/td>\n<\/tr>\n<tr>\n<td class=\"OrderingGuide-DarkGreen\" colspan=\"3\"><strong>E<\/strong>Optional Fittings &amp; Custom Options (Check all needed)<\/td>\n<\/tr>\n<tr>\n<td style=\"text-align: center;\"><label><input type=\"checkbox\" name=\"HCSC\" value=\"HCSC\" \/><\/label><\/td>\n<td>-HCSC<\/td>\n<td>Alloy C-276 Screw Cap for HPHT<\/td>\n<\/tr>\n<tr class=\"OrderingGuide-LightGreen\">\n<td style=\"text-align: center;\"><label><input type=\"checkbox\" name=\"TC\" value=\"TC\" \/><\/label><\/td>\n<td>-TC<\/td>\n<td>Thermocouple (in cylinder bottom)<\/td>\n<\/tr>\n<tr>\n<td style=\"text-align: center;\"><label><input type=\"checkbox\" name=\"4310A\" value=\"4310A\" \/><\/label><\/td>\n<td>-4310A<\/td>\n<td>Gage Block Assembly (for head with &#8220;A&#8221; socket opening)<\/td>\n<\/tr>\n<tr>\n<td colspan=\"3\"><\/td>\n<\/tr>\n<tr>\n<td class=\"OrderingGuide-DarkGreen\" colspan=\"3\"><strong>F<\/strong>Pressure Gage (Gage Block Assembly Required)<\/td>\n<\/tr>\n<tr>\n<td style=\"text-align: center;\"><label><input type=\"radio\" name=\"gage\" value=\"\" \/><\/label><\/td>\n<td>-No Symbol<\/td>\n<td>None<\/td>\n<\/tr>\n<tr class=\"OrderingGuide-LightGreen\">\n<td style=\"text-align: center;\"><label><input type=\"radio\" name=\"gage\" value=\"10000\" \/><\/label><\/td>\n<td>-10,000<\/td>\n<td colspan=\"3\">10,000 psi \/ 690 bar<\/td>\n<\/tr>\n<tr>\n<td style=\"text-align: center;\"><label><input type=\"radio\" name=\"gage\" value=\"7500\" \/><\/label><\/td>\n<td>-7500<\/td>\n<td colspan=\"3\">7500 psi \/ 517 bar<\/td>\n<\/tr>\n<tr class=\"OrderingGuide-LightGreen\">\n<td style=\"text-align: center;\"><label><input type=\"radio\" name=\"gage\" value=\"5000\" \/><\/label><\/td>\n<td>-5000<\/td>\n<td colspan=\"3\">5000 psi \/ 345 bar<\/td>\n<\/tr>\n<tr>\n<td style=\"text-align: center;\"><label><input type=\"radio\" name=\"gage\" value=\"3000\" \/><\/label><\/td>\n<td>-3000<\/td>\n<td colspan=\"3\">3000 psi \/ 207 bar<\/td>\n<\/tr>\n<tr class=\"OrderingGuide-LightGreen\">\n<td style=\"text-align: center;\"><label><input type=\"radio\" name=\"gage\" value=\"2000\" \/><\/label><\/td>\n<td>-2000<\/td>\n<td colspan=\"3\">2000 psi \/ 138 bar<\/td>\n<\/tr>\n<tr>\n<td colspan=\"3\"><\/td>\n<\/tr>\n<tr>\n<td class=\"OrderingGuide-DarkGreen\" colspan=\"3\"><strong>G<\/strong>Stand with Heater Options<\/td>\n<\/tr>\n<tr>\n<td style=\"text-align: center;\"><label><input type=\"radio\" name=\"stand\" value=\"\" \/><\/label><\/td>\n<td>-No Symbol<\/td>\n<td>None<\/td>\n<\/tr>\n<tr class=\"OrderingGuide-LightGreen\">\n<td style=\"text-align: center;\"><label><input type=\"radio\" name=\"stand\" value=\"BTS\" \/><\/label><\/td>\n<td>-BTS<\/td>\n<td>Ceramic Fiber Heater w\/Stand, 700 W<\/td>\n<\/tr>\n<tr>\n<td colspan=\"3\"><\/td>\n<\/tr>\n<tr>\n<td class=\"OrderingGuide-DarkGreen\" colspan=\"3\"><strong>H<\/strong>Controller<\/td>\n<\/tr>\n<tr>\n<td style=\"text-align: center;\"><label><input type=\"radio\" name=\"control\" value=\"\" \/><\/label><\/td>\n<td>-No Symbol<\/td>\n<td>None<\/td>\n<\/tr>\n<tr class=\"OrderingGuide-LightGreen\">\n<td style=\"text-align: center;\"><label><input type=\"radio\" name=\"control\" value=\"4838\" \/><\/label><\/td>\n<td>-4838<\/td>\n<td>PID Control, Ramp &amp; Soak Programming, and Data logging\u00a0with Software (RS-485 to USB cable not included). For use with one additional display module.<\/td>\n<\/tr>\n<tr>\n<td style=\"text-align: center;\"><label><input type=\"radio\" name=\"control\" value=\"4848\" \/><\/label><\/td>\n<td>-4848<\/td>\n<td>PID Control, Ramp &amp; Soak Programming, and Data logging\u00a0with Software. For use with up to three additional display\u00a0modules.<\/td>\n<\/tr>\n<tr>\n<td colspan=\"3\"><em>View a complete list of <a href=\"https:\/\/www.parrinst.com\/de\/products\/non-stirred-pressure-vessels\/controllers-non-stirred\/\">Controllers and options.<\/a><\/em><\/td>\n<\/tr>\n<tr>\n<td colspan=\"3\"><\/td>\n<\/tr>\n<tr>\n<td class=\"OrderingGuide-DarkGreen\" colspan=\"3\"><strong>I<\/strong>Controller\u00a0Options\u00a0(Check all needed)<\/td>\n<\/tr>\n<tr>\n<td style=\"text-align: center;\"><label><input type=\"checkbox\" name=\"controller options\" value=\"PDM\" \/><\/label><\/td>\n<td>-PDM<\/td>\n<td>Pressure Display Module<\/td>\n<\/tr>\n<tr class=\"OrderingGuide-LightGreen\">\n<td style=\"text-align: center;\"><label><input type=\"checkbox\" name=\"controller options\" value=\"HTM\" \/><\/label><\/td>\n<td>-HTM<\/td>\n<td>High Temperature Cut Off Module<\/td>\n<\/tr>\n<tr>\n<td style=\"text-align: center;\"><label><input type=\"checkbox\" name=\"controller options\" value=\"ETLM\" \/><\/label><\/td>\n<td>-ETLM<\/td>\n<td>External Temperature Limit Module<\/td>\n<\/tr>\n<tr class=\"OrderingGuide-LightGreen\">\n<td style=\"text-align: center;\"><label><input type=\"checkbox\" name=\"controller\" value=\"A1925E4\" \/><\/label><\/td>\n<td>-A1925E4<\/td>\n<td>RS-485 to USB Cable for 4838\/4848 Controller (required for data logging)<\/td>\n<\/tr>\n<tr>\n<td style=\"text-align: center;\"><label><input type=\"checkbox\" name=\"controller\" value=\"A1925E6\" \/><\/label><\/td>\n<td>-A1925E6<\/td>\n<td>RS-485 to USB Converter, isolated, 30-ft<\/td>\n<\/tr>\n<tr class=\"OrderingGuide-LightGreen\">\n<td style=\"text-align: center;\"><label><input type=\"checkbox\" name=\"controller\" value=\"A2208E\" \/><\/label><\/td>\n<td>-A2208E<\/td>\n<td>RS-485 Daisy Chain for Multiple Controllers (Must be used with A1925E6)<\/td>\n<\/tr>\n<tr>\n<td style=\"text-align: center;\"><label><input type=\"checkbox\" name=\"controller\" value=\"A3504HC\" \/><\/label><\/td>\n<td>-A3504HC<\/td>\n<td>SpecView Software Package for 4838\/4848 Controller<\/td>\n<\/tr>\n<tr>\n<td colspan=\"3\"><\/td>\n<\/tr>\n<tr>\n<td class=\"OrderingGuide-DarkGreen\" colspan=\"3\"><strong>J<\/strong>Electrical Supply for Heater and\/or Controller<\/td>\n<\/tr>\n<tr>\n<td style=\"text-align: center;\"><label><input type=\"radio\" name=\"heater\" value=\"\" \/><\/label><\/td>\n<td>-No Symbol<\/td>\n<td>None<\/td>\n<\/tr>\n<tr class=\"OrderingGuide-LightGreen\">\n<td style=\"text-align: center;\"><label><input type=\"radio\" name=\"heater\" value=\"115\" \/><\/label><\/td>\n<td>-115<\/td>\n<td>115V Heater<\/td>\n<\/tr>\n<tr>\n<td style=\"text-align: center;\"><label><input type=\"radio\" name=\"heater\" value=\"230\" \/><\/label><\/td>\n<td>-230<\/td>\n<td>230V Heater<\/td>\n<\/tr>\n<tr>\n<td colspan=\"3\"><\/td>\n<\/tr>\n<tr>\n<td class=\"OrderingGuide-DarkGreen\" colspan=\"3\"><strong>K<\/strong>Certifications<\/td>\n<\/tr>\n<tr>\n<td style=\"text-align: center;\"><label><input type=\"radio\" name=\"certifications\" value=\"\" \/><\/label><\/td>\n<td>-No Symbol<\/td>\n<td colspan=\"2\">No Certification<\/td>\n<\/tr>\n<tr class=\"OrderingGuide-LightGreen\">\n<td style=\"text-align: center;\"><label><input type=\"radio\" name=\"certifications\" value=\"ASME\" \/><\/label><\/td>\n<td>-ASME<\/td>\n<td colspan=\"2\">ASME Documentation<\/td>\n<\/tr>\n<tr>\n<td style=\"text-align: center;\"><label><input type=\"radio\" name=\"certifications\" value=\"CE\" \/><\/label><\/td>\n<td>-CE<\/td>\n<td colspan=\"2\">CE Documentation<\/td>\n<\/tr>\n<tr class=\"OrderingGuide-LightGreen\">\n<td style=\"text-align: center;\"><label><input type=\"radio\" name=\"certifications\" value=\"P\" \/><\/label><\/td>\n<td>-P<\/td>\n<td colspan=\"2\">Parr Certification<\/td>\n<\/tr>\n<\/tbody>\n<\/table>\n<p><em><strong>Beachten Sie bitte, dass nicht alle Optionen mit allen Modellen kompatibel sind.<\/strong><\/em><\/p>\n\r\n\t<p><label>Your System ID No:<br \/><textarea class=\"un-placeholder\" name=\"order-no\" cols=\"60\" rows=\"1\">____-_-__-___<\/textarea><br \/><em>(automatically updates based on the selections above)<\/em><\/label><\/p>\r\n\t<p><input type=\"submit\" class=\"button-strong\" value=\"Submit for Quote\" \/><\/p>\r\n<\/form><!-- #ordering-guide -->\r\n<script type=\"text\/javascript\" src=\"\/wp-content\/plugins\/scripts\/ordering-guide.js\"><\/script>\r\n\nSind die von Ihnen gesuchten Volumina, Temperaturen, Dr\u00fccke oder weitere Optionen in der \u00dcbersicht nicht enthalten, <a href=\"https:\/\/www.parrinst.com\/de\/products\/non-stirred-pressure-vessels\/custom-non-stirred-pressure-vessels\/\">setzten Sie sich mit uns in Verbindung<\/a> \u2013 wir konfigurieren gerne das passende System f\u00fcr Sie.<\/p>\n","protected":false},"excerpt":{"rendered":"<p>Bestellschl\u00fcssel f\u00fcr Gef\u00e4\u00dfe der 4740-Serien Ein Beispiel f\u00fcr diese Reihenfolge ist: \u00a04740-75mL-FG-SS-A W\u00e4hlen Sie aus den untenstehenden Optionen und generieren Sie eine Identifikationsnummer zur Anforderung eines Angebots oder zur Bestellung eines Gef\u00e4\u00dfes der 4740-Serie. Beachten Sie bitte, dass nicht alle Optionen mit allen Modellen kompatibel sind. AVessel Volume -25mL 25 mL, 1&#8243; ID -75mL 75 [&hellip;]<\/p>\n","protected":false},"author":2,"featured_media":37713,"parent":193,"menu_order":5,"comment_status":"closed","ping_status":"closed","template":"product-narrow.php","meta":{"_acf_changed":false,"footnotes":"","_links_to":"","_links_to_target":""},"class_list":["post-9477","page","type-page","status-publish","has-post-thumbnail","hentry"],"acf":[],"yoast_head":"<!-- This site is optimized with the Yoast SEO plugin v27.4 - https:\/\/yoast.com\/product\/yoast-seo-wordpress\/ -->\n<title>RFQ - Parr Instrument GmbH<\/title>\n<meta name=\"robots\" content=\"index, follow, max-snippet:-1, max-image-preview:large, max-video-preview:-1\" \/>\n<link rel=\"canonical\" href=\"https:\/\/www.parrinst.com\/de\/products\/non-stirred-pressure-vessels\/series-4740\/rfq\/\" \/>\n<meta property=\"og:locale\" content=\"en_US\" \/>\n<meta property=\"og:type\" content=\"article\" \/>\n<meta property=\"og:title\" content=\"RFQ - Parr Instrument GmbH\" \/>\n<meta property=\"og:description\" content=\"Bestellschl\u00fcssel f\u00fcr Gef\u00e4\u00dfe der 4740-Serien Ein Beispiel f\u00fcr diese Reihenfolge ist: \u00a04740-75mL-FG-SS-A W\u00e4hlen Sie aus den untenstehenden Optionen und generieren Sie eine Identifikationsnummer zur Anforderung eines Angebots oder zur Bestellung eines Gef\u00e4\u00dfes der 4740-Serie. Beachten Sie bitte, dass nicht alle Optionen mit allen Modellen kompatibel sind. AVessel Volume -25mL 25 mL, 1&#8243; ID -75mL 75 [&hellip;]\" \/>\n<meta property=\"og:url\" content=\"https:\/\/www.parrinst.com\/de\/products\/non-stirred-pressure-vessels\/series-4740\/rfq\/\" \/>\n<meta property=\"og:site_name\" content=\"Parr Instrument GmbH\" \/>\n<meta property=\"article:modified_time\" content=\"2026-01-28T14:38:40+00:00\" \/>\n<meta property=\"og:image\" content=\"https:\/\/www.parrinst.com\/de\/wp-content\/uploads\/sites\/6\/2018\/01\/parr_banner_non-stirred_secondary.jpg\" \/>\n\t<meta property=\"og:image:width\" content=\"2200\" \/>\n\t<meta property=\"og:image:height\" content=\"399\" \/>\n\t<meta property=\"og:image:type\" content=\"image\/jpeg\" \/>\n<meta name=\"twitter:card\" content=\"summary_large_image\" \/>\n<meta name=\"twitter:label1\" content=\"Est. reading time\" \/>\n\t<meta name=\"twitter:data1\" content=\"3 minutes\" \/>\n<script type=\"application\/ld+json\" class=\"yoast-schema-graph\">{\"@context\":\"https:\\\/\\\/schema.org\",\"@graph\":[{\"@type\":\"WebPage\",\"@id\":\"https:\\\/\\\/www.parrinst.com\\\/de\\\/products\\\/non-stirred-pressure-vessels\\\/series-4740\\\/rfq\\\/\",\"url\":\"https:\\\/\\\/www.parrinst.com\\\/de\\\/products\\\/non-stirred-pressure-vessels\\\/series-4740\\\/rfq\\\/\",\"name\":\"RFQ - Parr Instrument GmbH\",\"isPartOf\":{\"@id\":\"https:\\\/\\\/www.parrinst.com\\\/de\\\/#website\"},\"primaryImageOfPage\":{\"@id\":\"https:\\\/\\\/www.parrinst.com\\\/de\\\/products\\\/non-stirred-pressure-vessels\\\/series-4740\\\/rfq\\\/#primaryimage\"},\"image\":{\"@id\":\"https:\\\/\\\/www.parrinst.com\\\/de\\\/products\\\/non-stirred-pressure-vessels\\\/series-4740\\\/rfq\\\/#primaryimage\"},\"thumbnailUrl\":\"https:\\\/\\\/i0.wp.com\\\/www.parrinst.com\\\/de\\\/wp-content\\\/uploads\\\/sites\\\/6\\\/2018\\\/01\\\/parr_banner_non-stirred_secondary.jpg?fit=2200%2C399&ssl=1\",\"datePublished\":\"2012-08-06T20:30:43+00:00\",\"dateModified\":\"2026-01-28T14:38:40+00:00\",\"breadcrumb\":{\"@id\":\"https:\\\/\\\/www.parrinst.com\\\/de\\\/products\\\/non-stirred-pressure-vessels\\\/series-4740\\\/rfq\\\/#breadcrumb\"},\"inLanguage\":\"en-US\",\"potentialAction\":[{\"@type\":\"ReadAction\",\"target\":[\"https:\\\/\\\/www.parrinst.com\\\/de\\\/products\\\/non-stirred-pressure-vessels\\\/series-4740\\\/rfq\\\/\"]}]},{\"@type\":\"ImageObject\",\"inLanguage\":\"en-US\",\"@id\":\"https:\\\/\\\/www.parrinst.com\\\/de\\\/products\\\/non-stirred-pressure-vessels\\\/series-4740\\\/rfq\\\/#primaryimage\",\"url\":\"https:\\\/\\\/i0.wp.com\\\/www.parrinst.com\\\/de\\\/wp-content\\\/uploads\\\/sites\\\/6\\\/2018\\\/01\\\/parr_banner_non-stirred_secondary.jpg?fit=2200%2C399&ssl=1\",\"contentUrl\":\"https:\\\/\\\/i0.wp.com\\\/www.parrinst.com\\\/de\\\/wp-content\\\/uploads\\\/sites\\\/6\\\/2018\\\/01\\\/parr_banner_non-stirred_secondary.jpg?fit=2200%2C399&ssl=1\",\"width\":2200,\"height\":399},{\"@type\":\"BreadcrumbList\",\"@id\":\"https:\\\/\\\/www.parrinst.com\\\/de\\\/products\\\/non-stirred-pressure-vessels\\\/series-4740\\\/rfq\\\/#breadcrumb\",\"itemListElement\":[{\"@type\":\"ListItem\",\"position\":1,\"name\":\"Home\",\"item\":\"https:\\\/\\\/www.parrinst.com\\\/de\\\/\"},{\"@type\":\"ListItem\",\"position\":2,\"name\":\"Products\",\"item\":\"https:\\\/\\\/www.parrinst.com\\\/de\\\/products\\\/\"},{\"@type\":\"ListItem\",\"position\":3,\"name\":\"Nicht ger\u00fchrte Druckbeh\u00e4lter\",\"item\":\"https:\\\/\\\/www.parrinst.com\\\/de\\\/products\\\/non-stirred-pressure-vessels\\\/\"},{\"@type\":\"ListItem\",\"position\":4,\"name\":\"Serie 4740 Hochdruck- \\\/ Hochtemperatur Druckbeh\u00e4lter, 25-75 ml\",\"item\":\"https:\\\/\\\/www.parrinst.com\\\/de\\\/products\\\/non-stirred-pressure-vessels\\\/series-4740\\\/\"},{\"@type\":\"ListItem\",\"position\":5,\"name\":\"RFQ\"}]},{\"@type\":\"WebSite\",\"@id\":\"https:\\\/\\\/www.parrinst.com\\\/de\\\/#website\",\"url\":\"https:\\\/\\\/www.parrinst.com\\\/de\\\/\",\"name\":\"Parr Instrument GmbH\",\"description\":\"\",\"potentialAction\":[{\"@type\":\"SearchAction\",\"target\":{\"@type\":\"EntryPoint\",\"urlTemplate\":\"https:\\\/\\\/www.parrinst.com\\\/de\\\/?s={search_term_string}\"},\"query-input\":{\"@type\":\"PropertyValueSpecification\",\"valueRequired\":true,\"valueName\":\"search_term_string\"}}],\"inLanguage\":\"en-US\"}]}<\/script>\n<!-- \/ Yoast SEO plugin. -->","yoast_head_json":{"title":"RFQ - Parr Instrument GmbH","robots":{"index":"index","follow":"follow","max-snippet":"max-snippet:-1","max-image-preview":"max-image-preview:large","max-video-preview":"max-video-preview:-1"},"canonical":"https:\/\/www.parrinst.com\/de\/products\/non-stirred-pressure-vessels\/series-4740\/rfq\/","og_locale":"en_US","og_type":"article","og_title":"RFQ - Parr Instrument GmbH","og_description":"Bestellschl\u00fcssel f\u00fcr Gef\u00e4\u00dfe der 4740-Serien Ein Beispiel f\u00fcr diese Reihenfolge ist: \u00a04740-75mL-FG-SS-A W\u00e4hlen Sie aus den untenstehenden Optionen und generieren Sie eine Identifikationsnummer zur Anforderung eines Angebots oder zur Bestellung eines Gef\u00e4\u00dfes der 4740-Serie. Beachten Sie bitte, dass nicht alle Optionen mit allen Modellen kompatibel sind. AVessel Volume -25mL 25 mL, 1&#8243; ID -75mL 75 [&hellip;]","og_url":"https:\/\/www.parrinst.com\/de\/products\/non-stirred-pressure-vessels\/series-4740\/rfq\/","og_site_name":"Parr Instrument GmbH","article_modified_time":"2026-01-28T14:38:40+00:00","og_image":[{"width":2200,"height":399,"url":"https:\/\/www.parrinst.com\/de\/wp-content\/uploads\/sites\/6\/2018\/01\/parr_banner_non-stirred_secondary.jpg","type":"image\/jpeg"}],"twitter_card":"summary_large_image","twitter_misc":{"Est. reading time":"3 minutes"},"schema":{"@context":"https:\/\/schema.org","@graph":[{"@type":"WebPage","@id":"https:\/\/www.parrinst.com\/de\/products\/non-stirred-pressure-vessels\/series-4740\/rfq\/","url":"https:\/\/www.parrinst.com\/de\/products\/non-stirred-pressure-vessels\/series-4740\/rfq\/","name":"RFQ - Parr Instrument GmbH","isPartOf":{"@id":"https:\/\/www.parrinst.com\/de\/#website"},"primaryImageOfPage":{"@id":"https:\/\/www.parrinst.com\/de\/products\/non-stirred-pressure-vessels\/series-4740\/rfq\/#primaryimage"},"image":{"@id":"https:\/\/www.parrinst.com\/de\/products\/non-stirred-pressure-vessels\/series-4740\/rfq\/#primaryimage"},"thumbnailUrl":"https:\/\/i0.wp.com\/www.parrinst.com\/de\/wp-content\/uploads\/sites\/6\/2018\/01\/parr_banner_non-stirred_secondary.jpg?fit=2200%2C399&ssl=1","datePublished":"2012-08-06T20:30:43+00:00","dateModified":"2026-01-28T14:38:40+00:00","breadcrumb":{"@id":"https:\/\/www.parrinst.com\/de\/products\/non-stirred-pressure-vessels\/series-4740\/rfq\/#breadcrumb"},"inLanguage":"en-US","potentialAction":[{"@type":"ReadAction","target":["https:\/\/www.parrinst.com\/de\/products\/non-stirred-pressure-vessels\/series-4740\/rfq\/"]}]},{"@type":"ImageObject","inLanguage":"en-US","@id":"https:\/\/www.parrinst.com\/de\/products\/non-stirred-pressure-vessels\/series-4740\/rfq\/#primaryimage","url":"https:\/\/i0.wp.com\/www.parrinst.com\/de\/wp-content\/uploads\/sites\/6\/2018\/01\/parr_banner_non-stirred_secondary.jpg?fit=2200%2C399&ssl=1","contentUrl":"https:\/\/i0.wp.com\/www.parrinst.com\/de\/wp-content\/uploads\/sites\/6\/2018\/01\/parr_banner_non-stirred_secondary.jpg?fit=2200%2C399&ssl=1","width":2200,"height":399},{"@type":"BreadcrumbList","@id":"https:\/\/www.parrinst.com\/de\/products\/non-stirred-pressure-vessels\/series-4740\/rfq\/#breadcrumb","itemListElement":[{"@type":"ListItem","position":1,"name":"Home","item":"https:\/\/www.parrinst.com\/de\/"},{"@type":"ListItem","position":2,"name":"Products","item":"https:\/\/www.parrinst.com\/de\/products\/"},{"@type":"ListItem","position":3,"name":"Nicht ger\u00fchrte Druckbeh\u00e4lter","item":"https:\/\/www.parrinst.com\/de\/products\/non-stirred-pressure-vessels\/"},{"@type":"ListItem","position":4,"name":"Serie 4740 Hochdruck- \/ Hochtemperatur Druckbeh\u00e4lter, 25-75 ml","item":"https:\/\/www.parrinst.com\/de\/products\/non-stirred-pressure-vessels\/series-4740\/"},{"@type":"ListItem","position":5,"name":"RFQ"}]},{"@type":"WebSite","@id":"https:\/\/www.parrinst.com\/de\/#website","url":"https:\/\/www.parrinst.com\/de\/","name":"Parr Instrument GmbH","description":"","potentialAction":[{"@type":"SearchAction","target":{"@type":"EntryPoint","urlTemplate":"https:\/\/www.parrinst.com\/de\/?s={search_term_string}"},"query-input":{"@type":"PropertyValueSpecification","valueRequired":true,"valueName":"search_term_string"}}],"inLanguage":"en-US"}]}},"jetpack_sharing_enabled":true,"_links":{"self":[{"href":"https:\/\/www.parrinst.com\/de\/wp-json\/wp\/v2\/pages\/9477","targetHints":{"allow":["GET"]}}],"collection":[{"href":"https:\/\/www.parrinst.com\/de\/wp-json\/wp\/v2\/pages"}],"about":[{"href":"https:\/\/www.parrinst.com\/de\/wp-json\/wp\/v2\/types\/page"}],"author":[{"embeddable":true,"href":"https:\/\/www.parrinst.com\/de\/wp-json\/wp\/v2\/users\/2"}],"replies":[{"embeddable":true,"href":"https:\/\/www.parrinst.com\/de\/wp-json\/wp\/v2\/comments?post=9477"}],"version-history":[{"count":10,"href":"https:\/\/www.parrinst.com\/de\/wp-json\/wp\/v2\/pages\/9477\/revisions"}],"predecessor-version":[{"id":41700,"href":"https:\/\/www.parrinst.com\/de\/wp-json\/wp\/v2\/pages\/9477\/revisions\/41700"}],"up":[{"embeddable":true,"href":"https:\/\/www.parrinst.com\/de\/wp-json\/wp\/v2\/pages\/193"}],"wp:featuredmedia":[{"embeddable":true,"href":"https:\/\/www.parrinst.com\/de\/wp-json\/wp\/v2\/media\/37713"}],"wp:attachment":[{"href":"https:\/\/www.parrinst.com\/de\/wp-json\/wp\/v2\/media?parent=9477"}],"curies":[{"name":"wp","href":"https:\/\/api.w.org\/{rel}","templated":true}]}}