{"id":10078,"date":"2010-12-09T00:03:08","date_gmt":"2010-12-09T00:03:08","guid":{"rendered":"https:\/\/www.parrinst.com\/?page_id=2"},"modified":"2024-04-04T08:58:33","modified_gmt":"2024-04-04T13:58:33","slug":"home","status":"publish","type":"page","link":"https:\/\/www.parrinst.com\/es\/","title":{"rendered":"Bienvenido a Parr"},"content":{"rendered":"<p>Desde su fundaci\u00f3n en 1899, Parr Instrument Company se ha dedicado exclusivamente a la fabricaci\u00f3n y venta de reactores qu\u00edmicos, recipientes a presi\u00f3n, calor\u00edmetros, recipientes de combusti\u00f3n y equipos relacionados desarrollados espec\u00edficamente para uso en laboratorio.<\/p>\n","protected":false},"excerpt":{"rendered":"<p>Desde su fundaci\u00f3n en 1899, Parr Instrument Company se ha dedicado exclusivamente a la fabricaci\u00f3n y venta de reactores qu\u00edmicos, recipientes a presi\u00f3n, calor\u00edmetros, recipientes de combusti\u00f3n y equipos relacionados desarrollados espec\u00edficamente para uso en laboratorio.<\/p>\n","protected":false},"author":1,"featured_media":0,"parent":0,"menu_order":-10,"comment_status":"closed","ping_status":"closed","template":"","meta":{"_acf_changed":false,"footnotes":"","_links_to":"","_links_to_target":""},"class_list":["post-10078","page","type-page","status-publish","hentry"],"acf":[],"yoast_head":"<!-- This site is optimized with the Yoast SEO plugin v27.4 - https:\/\/yoast.com\/product\/yoast-seo-wordpress\/ -->\n<title>Bienvenido a Parr - Parr Instrument (Espa\u00f1ol)<\/title>\n<meta name=\"description\" content=\"Parr Instrument Company manufactura y vende reactores qu\u00edmicos, recipientes a presi\u00f3n, calor\u00edmetros, recipientes para combusti\u00f3n, y equipamiento relacionado para uso en el laboratorio.\" \/>\n<meta name=\"robots\" content=\"index, follow, max-snippet:-1, max-image-preview:large, max-video-preview:-1\" \/>\n<link rel=\"canonical\" href=\"https:\/\/www.parrinst.com\/es\/\" \/>\n<meta property=\"og:locale\" content=\"en_US\" \/>\n<meta property=\"og:type\" content=\"article\" \/>\n<meta property=\"og:title\" content=\"Bienvenido a Parr - Parr Instrument (Espa\u00f1ol)\" \/>\n<meta property=\"og:description\" content=\"Parr Instrument Company manufactura y vende reactores qu\u00edmicos, recipientes a presi\u00f3n, calor\u00edmetros, recipientes para combusti\u00f3n, y equipamiento relacionado para uso en el laboratorio.\" \/>\n<meta property=\"og:url\" content=\"https:\/\/www.parrinst.com\/es\/\" \/>\n<meta property=\"og:site_name\" content=\"Parr Instrument (Espa\u00f1ol)\" \/>\n<meta property=\"article:modified_time\" content=\"2024-04-04T13:58:33+00:00\" \/>\n<meta name=\"twitter:card\" content=\"summary_large_image\" \/>\n<meta name=\"twitter:label1\" content=\"Est. reading time\" \/>\n\t<meta name=\"twitter:data1\" content=\"1 minute\" \/>\n<script type=\"application\/ld+json\" class=\"yoast-schema-graph\">{\"@context\":\"https:\\\/\\\/schema.org\",\"@graph\":[{\"@type\":\"WebPage\",\"@id\":\"https:\\\/\\\/www.parrinst.com\\\/es\\\/\",\"url\":\"https:\\\/\\\/www.parrinst.com\\\/es\\\/\",\"name\":\"Bienvenido a Parr - Parr Instrument (Espa\u00f1ol)\",\"isPartOf\":{\"@id\":\"https:\\\/\\\/www.parrinst.com\\\/es\\\/#website\"},\"datePublished\":\"2010-12-09T00:03:08+00:00\",\"dateModified\":\"2024-04-04T13:58:33+00:00\",\"description\":\"Parr Instrument Company manufactura y vende reactores qu\u00edmicos, recipientes a presi\u00f3n, calor\u00edmetros, recipientes para combusti\u00f3n, y equipamiento relacionado para uso en el laboratorio.\",\"breadcrumb\":{\"@id\":\"https:\\\/\\\/www.parrinst.com\\\/es\\\/#breadcrumb\"},\"inLanguage\":\"en-US\",\"potentialAction\":[{\"@type\":\"ReadAction\",\"target\":[\"https:\\\/\\\/www.parrinst.com\\\/es\\\/\"]}]},{\"@type\":\"BreadcrumbList\",\"@id\":\"https:\\\/\\\/www.parrinst.com\\\/es\\\/#breadcrumb\",\"itemListElement\":[{\"@type\":\"ListItem\",\"position\":1,\"name\":\"Home\",\"item\":\"https:\\\/\\\/www.parrinst.com\\\/es\\\/\"},{\"@type\":\"ListItem\",\"position\":2,\"name\":\"Bienvenido a Parr\"}]},{\"@type\":\"WebSite\",\"@id\":\"https:\\\/\\\/www.parrinst.com\\\/es\\\/#website\",\"url\":\"https:\\\/\\\/www.parrinst.com\\\/es\\\/\",\"name\":\"Parr Instrument (Espa\u00f1ol)\",\"description\":\"\",\"potentialAction\":[{\"@type\":\"SearchAction\",\"target\":{\"@type\":\"EntryPoint\",\"urlTemplate\":\"https:\\\/\\\/www.parrinst.com\\\/es\\\/?s={search_term_string}\"},\"query-input\":{\"@type\":\"PropertyValueSpecification\",\"valueRequired\":true,\"valueName\":\"search_term_string\"}}],\"inLanguage\":\"en-US\"}]}<\/script>\n<!-- \/ Yoast SEO plugin. -->","yoast_head_json":{"title":"Bienvenido a Parr - Parr Instrument (Espa\u00f1ol)","description":"Parr Instrument Company manufactura y vende reactores qu\u00edmicos, recipientes a presi\u00f3n, calor\u00edmetros, recipientes para combusti\u00f3n, y equipamiento relacionado para uso en el laboratorio.","robots":{"index":"index","follow":"follow","max-snippet":"max-snippet:-1","max-image-preview":"max-image-preview:large","max-video-preview":"max-video-preview:-1"},"canonical":"https:\/\/www.parrinst.com\/es\/","og_locale":"en_US","og_type":"article","og_title":"Bienvenido a Parr - Parr Instrument (Espa\u00f1ol)","og_description":"Parr Instrument Company manufactura y vende reactores qu\u00edmicos, recipientes a presi\u00f3n, calor\u00edmetros, recipientes para combusti\u00f3n, y equipamiento relacionado para uso en el laboratorio.","og_url":"https:\/\/www.parrinst.com\/es\/","og_site_name":"Parr Instrument (Espa\u00f1ol)","article_modified_time":"2024-04-04T13:58:33+00:00","twitter_card":"summary_large_image","twitter_misc":{"Est. reading time":"1 minute"},"schema":{"@context":"https:\/\/schema.org","@graph":[{"@type":"WebPage","@id":"https:\/\/www.parrinst.com\/es\/","url":"https:\/\/www.parrinst.com\/es\/","name":"Bienvenido a Parr - Parr Instrument (Espa\u00f1ol)","isPartOf":{"@id":"https:\/\/www.parrinst.com\/es\/#website"},"datePublished":"2010-12-09T00:03:08+00:00","dateModified":"2024-04-04T13:58:33+00:00","description":"Parr Instrument Company manufactura y vende reactores qu\u00edmicos, recipientes a presi\u00f3n, calor\u00edmetros, recipientes para combusti\u00f3n, y equipamiento relacionado para uso en el laboratorio.","breadcrumb":{"@id":"https:\/\/www.parrinst.com\/es\/#breadcrumb"},"inLanguage":"en-US","potentialAction":[{"@type":"ReadAction","target":["https:\/\/www.parrinst.com\/es\/"]}]},{"@type":"BreadcrumbList","@id":"https:\/\/www.parrinst.com\/es\/#breadcrumb","itemListElement":[{"@type":"ListItem","position":1,"name":"Home","item":"https:\/\/www.parrinst.com\/es\/"},{"@type":"ListItem","position":2,"name":"Bienvenido a Parr"}]},{"@type":"WebSite","@id":"https:\/\/www.parrinst.com\/es\/#website","url":"https:\/\/www.parrinst.com\/es\/","name":"Parr Instrument (Espa\u00f1ol)","description":"","potentialAction":[{"@type":"SearchAction","target":{"@type":"EntryPoint","urlTemplate":"https:\/\/www.parrinst.com\/es\/?s={search_term_string}"},"query-input":{"@type":"PropertyValueSpecification","valueRequired":true,"valueName":"search_term_string"}}],"inLanguage":"en-US"}]}},"jetpack_sharing_enabled":true,"_links":{"self":[{"href":"https:\/\/www.parrinst.com\/es\/wp-json\/wp\/v2\/pages\/10078","targetHints":{"allow":["GET"]}}],"collection":[{"href":"https:\/\/www.parrinst.com\/es\/wp-json\/wp\/v2\/pages"}],"about":[{"href":"https:\/\/www.parrinst.com\/es\/wp-json\/wp\/v2\/types\/page"}],"author":[{"embeddable":true,"href":"https:\/\/www.parrinst.com\/es\/wp-json\/wp\/v2\/users\/1"}],"replies":[{"embeddable":true,"href":"https:\/\/www.parrinst.com\/es\/wp-json\/wp\/v2\/comments?post=10078"}],"version-history":[{"count":2,"href":"https:\/\/www.parrinst.com\/es\/wp-json\/wp\/v2\/pages\/10078\/revisions"}],"predecessor-version":[{"id":40893,"href":"https:\/\/www.parrinst.com\/es\/wp-json\/wp\/v2\/pages\/10078\/revisions\/40893"}],"wp:attachment":[{"href":"https:\/\/www.parrinst.com\/es\/wp-json\/wp\/v2\/media?parent=10078"}],"curies":[{"name":"wp","href":"https:\/\/api.w.org\/{rel}","templated":true}]}}