{"id":105,"date":"2011-03-10T13:10:43","date_gmt":"2011-03-10T19:10:43","guid":{"rendered":"https:\/\/www.parrinst.com\/?page_id=105"},"modified":"2025-02-28T10:49:59","modified_gmt":"2025-02-28T16:49:59","slug":"series-4520-1-2l-bench-top-reactors","status":"publish","type":"page","link":"https:\/\/www.parrinst.com\/es\/products\/stirred-reactors\/series-4520-1-2l-bench-top-reactors\/","title":{"rendered":"Reactores de Mesa Serie 4520, 1-2 L"},"content":{"rendered":"<div class=\"caption-below\">\n\n\t\t\t<div id='105-1' class='gallery gallery-105 gallery-columns-3 gallery-size-medium' itemscope itemtype='http:\/\/schema.org\/ImageGallery'>\n\t\t\t\t<div class='gallery-row gallery-col-3 gallery-clear'>\n\t\t\t\t\t<figure class='gallery-item col-3' itemprop='associatedMedia' itemscope itemtype='http:\/\/schema.org\/ImageObject'>\n\t\t\t\t\t\t<div class='gallery-icon landscape'><a href=\"https:\/\/i0.wp.com\/www.parrinst.com\/es\/wp-content\/uploads\/sites\/7\/2025\/02\/4523-System_300100PI2_1590web.jpg?ssl=1\" itemprop=\"contentURL\"><img loading=\"lazy\" decoding=\"async\" width=\"300\" height=\"281\" src=\"https:\/\/i0.wp.com\/www.parrinst.com\/es\/wp-content\/uploads\/sites\/7\/2025\/02\/4523-System_300100PI2_1590web.jpg?fit=300%2C281&amp;ssl=1\" class=\"attachment-medium size-medium\" alt=\"\" srcset=\"https:\/\/i0.wp.com\/www.parrinst.com\/es\/wp-content\/uploads\/sites\/7\/2025\/02\/4523-System_300100PI2_1590web.jpg?w=640&amp;ssl=1 640w, https:\/\/i0.wp.com\/www.parrinst.com\/es\/wp-content\/uploads\/sites\/7\/2025\/02\/4523-System_300100PI2_1590web.jpg?resize=300%2C281&amp;ssl=1 300w, https:\/\/i0.wp.com\/www.parrinst.com\/es\/wp-content\/uploads\/sites\/7\/2025\/02\/4523-System_300100PI2_1590web.jpg?resize=160%2C150&amp;ssl=1 160w\" sizes=\"auto, (max-width: 300px) 100vw, 300px\" itemprop=\"thumbnail\" \/><\/a><\/div>\n\t\t\t\t\t<\/figure>\n\t\t\t\t\t<figure class='gallery-item col-3' itemprop='associatedMedia' itemscope itemtype='http:\/\/schema.org\/ImageObject'>\n\t\t\t\t\t\t<div class='gallery-icon portrait'><a href=\"https:\/\/i0.wp.com\/www.parrinst.com\/es\/wp-content\/uploads\/sites\/7\/2025\/02\/4523-Solo_300100PI2_1594web.jpg?ssl=1\" itemprop=\"contentURL\"><img loading=\"lazy\" decoding=\"async\" width=\"215\" height=\"300\" src=\"https:\/\/i0.wp.com\/www.parrinst.com\/es\/wp-content\/uploads\/sites\/7\/2025\/02\/4523-Solo_300100PI2_1594web.jpg?fit=215%2C300&amp;ssl=1\" class=\"attachment-medium size-medium\" alt=\"\" srcset=\"https:\/\/i0.wp.com\/www.parrinst.com\/es\/wp-content\/uploads\/sites\/7\/2025\/02\/4523-Solo_300100PI2_1594web.jpg?w=429&amp;ssl=1 429w, https:\/\/i0.wp.com\/www.parrinst.com\/es\/wp-content\/uploads\/sites\/7\/2025\/02\/4523-Solo_300100PI2_1594web.jpg?resize=215%2C300&amp;ssl=1 215w, https:\/\/i0.wp.com\/www.parrinst.com\/es\/wp-content\/uploads\/sites\/7\/2025\/02\/4523-Solo_300100PI2_1594web.jpg?resize=107%2C150&amp;ssl=1 107w\" sizes=\"auto, (max-width: 215px) 100vw, 215px\" itemprop=\"thumbnail\" \/><\/a><\/div>\n\t\t\t\t\t<\/figure>\n\t\t\t\t\t<figure class='gallery-item col-3' itemprop='associatedMedia' itemscope itemtype='http:\/\/schema.org\/ImageObject'>\n\t\t\t\t\t\t<div class='gallery-icon portrait'><a href=\"https:\/\/i0.wp.com\/www.parrinst.com\/es\/wp-content\/uploads\/sites\/7\/2011\/03\/4525-moveable_4848.jpg?ssl=1\" itemprop=\"contentURL\"><img loading=\"lazy\" decoding=\"async\" width=\"260\" height=\"300\" src=\"https:\/\/i0.wp.com\/www.parrinst.com\/es\/wp-content\/uploads\/sites\/7\/2011\/03\/4525-moveable_4848.jpg?fit=260%2C300&amp;ssl=1\" class=\"attachment-medium size-medium\" alt=\"4526 Reactor, 2000 mL, Moveable Vessel and a 4848 Controller shown with optional expansion modules.\" srcset=\"https:\/\/i0.wp.com\/www.parrinst.com\/es\/wp-content\/uploads\/sites\/7\/2011\/03\/4525-moveable_4848.jpg?w=520&amp;ssl=1 520w, https:\/\/i0.wp.com\/www.parrinst.com\/es\/wp-content\/uploads\/sites\/7\/2011\/03\/4525-moveable_4848.jpg?resize=130%2C150&amp;ssl=1 130w, https:\/\/i0.wp.com\/www.parrinst.com\/es\/wp-content\/uploads\/sites\/7\/2011\/03\/4525-moveable_4848.jpg?resize=260%2C300&amp;ssl=1 260w\" sizes=\"auto, (max-width: 260px) 100vw, 260px\" itemprop=\"thumbnail\" \/><\/a><\/div>\n\t\t\t\t\t<\/figure>\n\t\t\t\t<\/div>\n\t\t\t\t<div class='gallery-row gallery-col-3 gallery-clear'>\n\t\t\t\t\t<figure class='gallery-item col-3' itemprop='associatedMedia' itemscope itemtype='http:\/\/schema.org\/ImageObject'>\n\t\t\t\t\t\t<div class='gallery-icon portrait'><a href=\"https:\/\/i0.wp.com\/www.parrinst.com\/es\/wp-content\/uploads\/sites\/7\/2011\/03\/4642-Vessel.jpg?ssl=1\" itemprop=\"contentURL\"><img loading=\"lazy\" decoding=\"async\" width=\"214\" height=\"300\" src=\"https:\/\/i0.wp.com\/www.parrinst.com\/es\/wp-content\/uploads\/sites\/7\/2011\/03\/4642-Vessel.jpg?fit=214%2C300&amp;ssl=1\" class=\"attachment-medium size-medium\" alt=\"4526 Moveable Vessel, 2000 mL\" srcset=\"https:\/\/i0.wp.com\/www.parrinst.com\/es\/wp-content\/uploads\/sites\/7\/2011\/03\/4642-Vessel.jpg?w=600&amp;ssl=1 600w, https:\/\/i0.wp.com\/www.parrinst.com\/es\/wp-content\/uploads\/sites\/7\/2011\/03\/4642-Vessel.jpg?resize=107%2C150&amp;ssl=1 107w, https:\/\/i0.wp.com\/www.parrinst.com\/es\/wp-content\/uploads\/sites\/7\/2011\/03\/4642-Vessel.jpg?resize=214%2C300&amp;ssl=1 214w\" sizes=\"auto, (max-width: 214px) 100vw, 214px\" itemprop=\"thumbnail\" \/><\/a><\/div>\n\t\t\t\t\t<\/figure>\n\t\t\t<\/div>\n\t\t\t<\/div><!-- .gallery -->\n\n<\/div>\n<p><strong>Estos son los reactores m\u00e1s grandes de Parr que se pueden manejar en un banco de trabajo.<\/strong> Estos se pueden equipar con un cierre de junta t\u00f3rica auto-sellante para temperaturas hasta de 225\u00b0C o con una junta plana de PTFE para temperaturas m\u00e1s altas hasta 350\u00b0C. Una versi\u00f3n de junta plana HP (alta presi\u00f3n) ha sido a\u00f1adida para una presi\u00f3n m\u00e1xima de trabajo de 2900 psi (200 bar) a 350\u00b0C. Tenemos disponibles los dise\u00f1os de recipientes de cabeza fija y movible. Un elevador neum\u00e1tico opcional est\u00e1 disponible para el cilindro 2 litros y el calefactor. Hay que se\u00f1alar, sin embargo, que el Modelo de 2 litros de cabeza fija es alto y puede no ser conveniente operarlo a la altura est\u00e1ndar del banco. Le recomendamos usar un soporte de piso. (<a title=\"Ver la Serie 4530\" href=\"https:\/\/www.parrinst.com\/es\/products\/stirred-reactors\/floor-stand-reactors-series-4530-1-2\/\">Ver la Serie 4530<\/a>)<\/p>\n<p>Con su di\u00e1metro mayor, estos reactores de tama\u00f1o mediano tienen suficiente espacio para las modificaciones especiales, como: serpent\u00edn de refrigeraci\u00f3n interna, v\u00e1lvula de drenaje inferior (no para el de 2 litros de banco), v\u00e1lvula de bola para puerto de carga de s\u00f3lidos, dispositivos de adici\u00f3n de catalizador, condensadores, y mucho m\u00e1s.<\/p>\n<p>La transmisi\u00f3n de agitador magn\u00e9tico est\u00e1ndar de estos Modelos 4520 funciona bien para las mezclas de reacci\u00f3n con viscosidades hasta 25,000 centipoises. Para cargas m\u00e1s pesadas de agitaci\u00f3n, estos reactores se pueden equipar con transmisiones magn\u00e9ticas m\u00e1s grandes, motores m\u00e1s potentes, y trenes de transmisi\u00f3n capaces de entregar el torque de agitaci\u00f3n adicional.<\/p>\n<p>&nbsp;<\/p>\n","protected":false},"excerpt":{"rendered":"<p>Estos son los reactores m\u00e1s grandes de Parr que se pueden manejar en un banco de trabajo. Estos se pueden equipar con un cierre de junta t\u00f3rica auto-sellante para temperaturas hasta de 225\u00b0C o con una junta plana de PTFE para temperaturas m\u00e1s altas hasta 350\u00b0C. Una versi\u00f3n de junta plana HP (alta presi\u00f3n) ha [&hellip;]<\/p>\n","protected":false},"author":1,"featured_media":36874,"parent":47,"menu_order":1,"comment_status":"closed","ping_status":"closed","template":"product-wide-strirred-filter.php","meta":{"_acf_changed":false,"footnotes":"","_links_to":"","_links_to_target":""},"class_list":["post-105","page","type-page","status-publish","has-post-thumbnail","hentry"],"acf":[],"yoast_head":"<!-- This site is optimized with the Yoast SEO plugin v27.5 - https:\/\/yoast.com\/product\/yoast-seo-wordpress\/ -->\n<title>Reactores de Mesa Serie 4520, 1-2 L - Parr Instrument (Espa\u00f1ol)<\/title>\n<meta name=\"robots\" content=\"index, follow, max-snippet:-1, max-image-preview:large, max-video-preview:-1\" \/>\n<link rel=\"canonical\" href=\"https:\/\/www.parrinst.com\/es\/products\/stirred-reactors\/series-4520-1-2l-bench-top-reactors\/\" \/>\n<meta property=\"og:locale\" content=\"en_US\" \/>\n<meta property=\"og:type\" content=\"article\" \/>\n<meta property=\"og:title\" content=\"Reactores de Mesa Serie 4520, 1-2 L - Parr Instrument (Espa\u00f1ol)\" \/>\n<meta property=\"og:description\" content=\"Estos son los reactores m\u00e1s grandes de Parr que se pueden manejar en un banco de trabajo. Estos se pueden equipar con un cierre de junta t\u00f3rica auto-sellante para temperaturas hasta de 225\u00b0C o con una junta plana de PTFE para temperaturas m\u00e1s altas hasta 350\u00b0C. Una versi\u00f3n de junta plana HP (alta presi\u00f3n) ha [&hellip;]\" \/>\n<meta property=\"og:url\" content=\"https:\/\/www.parrinst.com\/es\/products\/stirred-reactors\/series-4520-1-2l-bench-top-reactors\/\" \/>\n<meta property=\"og:site_name\" content=\"Parr Instrument (Espa\u00f1ol)\" \/>\n<meta property=\"article:modified_time\" content=\"2025-02-28T16:49:59+00:00\" \/>\n<meta property=\"og:image\" content=\"https:\/\/www.parrinst.com\/es\/files\/2017\/12\/parr_banner_stirred3_secondary.jpg\" \/>\n\t<meta property=\"og:image:width\" content=\"2200\" \/>\n\t<meta property=\"og:image:height\" content=\"399\" \/>\n\t<meta property=\"og:image:type\" content=\"image\/jpeg\" \/>\n<meta name=\"twitter:card\" content=\"summary_large_image\" \/>\n<meta name=\"twitter:label1\" content=\"Est. reading time\" \/>\n\t<meta name=\"twitter:data1\" content=\"2 minutes\" \/>\n<script type=\"application\/ld+json\" class=\"yoast-schema-graph\">{\"@context\":\"https:\\\/\\\/schema.org\",\"@graph\":[{\"@type\":\"WebPage\",\"@id\":\"https:\\\/\\\/www.parrinst.com\\\/es\\\/products\\\/stirred-reactors\\\/series-4520-1-2l-bench-top-reactors\\\/\",\"url\":\"https:\\\/\\\/www.parrinst.com\\\/es\\\/products\\\/stirred-reactors\\\/series-4520-1-2l-bench-top-reactors\\\/\",\"name\":\"Reactores de Mesa Serie 4520, 1-2 L - Parr Instrument (Espa\u00f1ol)\",\"isPartOf\":{\"@id\":\"https:\\\/\\\/www.parrinst.com\\\/es\\\/#website\"},\"primaryImageOfPage\":{\"@id\":\"https:\\\/\\\/www.parrinst.com\\\/es\\\/products\\\/stirred-reactors\\\/series-4520-1-2l-bench-top-reactors\\\/#primaryimage\"},\"image\":{\"@id\":\"https:\\\/\\\/www.parrinst.com\\\/es\\\/products\\\/stirred-reactors\\\/series-4520-1-2l-bench-top-reactors\\\/#primaryimage\"},\"thumbnailUrl\":\"https:\\\/\\\/i0.wp.com\\\/www.parrinst.com\\\/es\\\/wp-content\\\/uploads\\\/sites\\\/7\\\/2017\\\/12\\\/parr_banner_stirred3_secondary.jpg?fit=2200%2C399&ssl=1\",\"datePublished\":\"2011-03-10T19:10:43+00:00\",\"dateModified\":\"2025-02-28T16:49:59+00:00\",\"breadcrumb\":{\"@id\":\"https:\\\/\\\/www.parrinst.com\\\/es\\\/products\\\/stirred-reactors\\\/series-4520-1-2l-bench-top-reactors\\\/#breadcrumb\"},\"inLanguage\":\"en-US\",\"potentialAction\":[{\"@type\":\"ReadAction\",\"target\":[\"https:\\\/\\\/www.parrinst.com\\\/es\\\/products\\\/stirred-reactors\\\/series-4520-1-2l-bench-top-reactors\\\/\"]}]},{\"@type\":\"ImageObject\",\"inLanguage\":\"en-US\",\"@id\":\"https:\\\/\\\/www.parrinst.com\\\/es\\\/products\\\/stirred-reactors\\\/series-4520-1-2l-bench-top-reactors\\\/#primaryimage\",\"url\":\"https:\\\/\\\/i0.wp.com\\\/www.parrinst.com\\\/es\\\/wp-content\\\/uploads\\\/sites\\\/7\\\/2017\\\/12\\\/parr_banner_stirred3_secondary.jpg?fit=2200%2C399&ssl=1\",\"contentUrl\":\"https:\\\/\\\/i0.wp.com\\\/www.parrinst.com\\\/es\\\/wp-content\\\/uploads\\\/sites\\\/7\\\/2017\\\/12\\\/parr_banner_stirred3_secondary.jpg?fit=2200%2C399&ssl=1\",\"width\":2200,\"height\":399},{\"@type\":\"BreadcrumbList\",\"@id\":\"https:\\\/\\\/www.parrinst.com\\\/es\\\/products\\\/stirred-reactors\\\/series-4520-1-2l-bench-top-reactors\\\/#breadcrumb\",\"itemListElement\":[{\"@type\":\"ListItem\",\"position\":1,\"name\":\"Home\",\"item\":\"https:\\\/\\\/www.parrinst.com\\\/es\\\/\"},{\"@type\":\"ListItem\",\"position\":2,\"name\":\"Products\",\"item\":\"https:\\\/\\\/www.parrinst.com\\\/es\\\/products\\\/\"},{\"@type\":\"ListItem\",\"position\":3,\"name\":\"Reactores Agitados\",\"item\":\"https:\\\/\\\/www.parrinst.com\\\/es\\\/products\\\/stirred-reactors\\\/\"},{\"@type\":\"ListItem\",\"position\":4,\"name\":\"Reactores de Mesa Serie 4520, 1-2 L\"}]},{\"@type\":\"WebSite\",\"@id\":\"https:\\\/\\\/www.parrinst.com\\\/es\\\/#website\",\"url\":\"https:\\\/\\\/www.parrinst.com\\\/es\\\/\",\"name\":\"Parr Instrument (Espa\u00f1ol)\",\"description\":\"\",\"potentialAction\":[{\"@type\":\"SearchAction\",\"target\":{\"@type\":\"EntryPoint\",\"urlTemplate\":\"https:\\\/\\\/www.parrinst.com\\\/es\\\/?s={search_term_string}\"},\"query-input\":{\"@type\":\"PropertyValueSpecification\",\"valueRequired\":true,\"valueName\":\"search_term_string\"}}],\"inLanguage\":\"en-US\"}]}<\/script>\n<!-- \/ Yoast SEO plugin. -->","yoast_head_json":{"title":"Reactores de Mesa Serie 4520, 1-2 L - Parr Instrument (Espa\u00f1ol)","robots":{"index":"index","follow":"follow","max-snippet":"max-snippet:-1","max-image-preview":"max-image-preview:large","max-video-preview":"max-video-preview:-1"},"canonical":"https:\/\/www.parrinst.com\/es\/products\/stirred-reactors\/series-4520-1-2l-bench-top-reactors\/","og_locale":"en_US","og_type":"article","og_title":"Reactores de Mesa Serie 4520, 1-2 L - Parr Instrument (Espa\u00f1ol)","og_description":"Estos son los reactores m\u00e1s grandes de Parr que se pueden manejar en un banco de trabajo. Estos se pueden equipar con un cierre de junta t\u00f3rica auto-sellante para temperaturas hasta de 225\u00b0C o con una junta plana de PTFE para temperaturas m\u00e1s altas hasta 350\u00b0C. Una versi\u00f3n de junta plana HP (alta presi\u00f3n) ha [&hellip;]","og_url":"https:\/\/www.parrinst.com\/es\/products\/stirred-reactors\/series-4520-1-2l-bench-top-reactors\/","og_site_name":"Parr Instrument (Espa\u00f1ol)","article_modified_time":"2025-02-28T16:49:59+00:00","og_image":[{"width":2200,"height":399,"url":"https:\/\/www.parrinst.com\/es\/files\/2017\/12\/parr_banner_stirred3_secondary.jpg","type":"image\/jpeg"}],"twitter_card":"summary_large_image","twitter_misc":{"Est. reading time":"2 minutes"},"schema":{"@context":"https:\/\/schema.org","@graph":[{"@type":"WebPage","@id":"https:\/\/www.parrinst.com\/es\/products\/stirred-reactors\/series-4520-1-2l-bench-top-reactors\/","url":"https:\/\/www.parrinst.com\/es\/products\/stirred-reactors\/series-4520-1-2l-bench-top-reactors\/","name":"Reactores de Mesa Serie 4520, 1-2 L - Parr Instrument (Espa\u00f1ol)","isPartOf":{"@id":"https:\/\/www.parrinst.com\/es\/#website"},"primaryImageOfPage":{"@id":"https:\/\/www.parrinst.com\/es\/products\/stirred-reactors\/series-4520-1-2l-bench-top-reactors\/#primaryimage"},"image":{"@id":"https:\/\/www.parrinst.com\/es\/products\/stirred-reactors\/series-4520-1-2l-bench-top-reactors\/#primaryimage"},"thumbnailUrl":"https:\/\/i0.wp.com\/www.parrinst.com\/es\/wp-content\/uploads\/sites\/7\/2017\/12\/parr_banner_stirred3_secondary.jpg?fit=2200%2C399&ssl=1","datePublished":"2011-03-10T19:10:43+00:00","dateModified":"2025-02-28T16:49:59+00:00","breadcrumb":{"@id":"https:\/\/www.parrinst.com\/es\/products\/stirred-reactors\/series-4520-1-2l-bench-top-reactors\/#breadcrumb"},"inLanguage":"en-US","potentialAction":[{"@type":"ReadAction","target":["https:\/\/www.parrinst.com\/es\/products\/stirred-reactors\/series-4520-1-2l-bench-top-reactors\/"]}]},{"@type":"ImageObject","inLanguage":"en-US","@id":"https:\/\/www.parrinst.com\/es\/products\/stirred-reactors\/series-4520-1-2l-bench-top-reactors\/#primaryimage","url":"https:\/\/i0.wp.com\/www.parrinst.com\/es\/wp-content\/uploads\/sites\/7\/2017\/12\/parr_banner_stirred3_secondary.jpg?fit=2200%2C399&ssl=1","contentUrl":"https:\/\/i0.wp.com\/www.parrinst.com\/es\/wp-content\/uploads\/sites\/7\/2017\/12\/parr_banner_stirred3_secondary.jpg?fit=2200%2C399&ssl=1","width":2200,"height":399},{"@type":"BreadcrumbList","@id":"https:\/\/www.parrinst.com\/es\/products\/stirred-reactors\/series-4520-1-2l-bench-top-reactors\/#breadcrumb","itemListElement":[{"@type":"ListItem","position":1,"name":"Home","item":"https:\/\/www.parrinst.com\/es\/"},{"@type":"ListItem","position":2,"name":"Products","item":"https:\/\/www.parrinst.com\/es\/products\/"},{"@type":"ListItem","position":3,"name":"Reactores Agitados","item":"https:\/\/www.parrinst.com\/es\/products\/stirred-reactors\/"},{"@type":"ListItem","position":4,"name":"Reactores de Mesa Serie 4520, 1-2 L"}]},{"@type":"WebSite","@id":"https:\/\/www.parrinst.com\/es\/#website","url":"https:\/\/www.parrinst.com\/es\/","name":"Parr Instrument (Espa\u00f1ol)","description":"","potentialAction":[{"@type":"SearchAction","target":{"@type":"EntryPoint","urlTemplate":"https:\/\/www.parrinst.com\/es\/?s={search_term_string}"},"query-input":{"@type":"PropertyValueSpecification","valueRequired":true,"valueName":"search_term_string"}}],"inLanguage":"en-US"}]}},"jetpack_sharing_enabled":true,"_links":{"self":[{"href":"https:\/\/www.parrinst.com\/es\/wp-json\/wp\/v2\/pages\/105","targetHints":{"allow":["GET"]}}],"collection":[{"href":"https:\/\/www.parrinst.com\/es\/wp-json\/wp\/v2\/pages"}],"about":[{"href":"https:\/\/www.parrinst.com\/es\/wp-json\/wp\/v2\/types\/page"}],"author":[{"embeddable":true,"href":"https:\/\/www.parrinst.com\/es\/wp-json\/wp\/v2\/users\/1"}],"replies":[{"embeddable":true,"href":"https:\/\/www.parrinst.com\/es\/wp-json\/wp\/v2\/comments?post=105"}],"version-history":[{"count":3,"href":"https:\/\/www.parrinst.com\/es\/wp-json\/wp\/v2\/pages\/105\/revisions"}],"predecessor-version":[{"id":41049,"href":"https:\/\/www.parrinst.com\/es\/wp-json\/wp\/v2\/pages\/105\/revisions\/41049"}],"up":[{"embeddable":true,"href":"https:\/\/www.parrinst.com\/es\/wp-json\/wp\/v2\/pages\/47"}],"wp:featuredmedia":[{"embeddable":true,"href":"https:\/\/www.parrinst.com\/es\/wp-json\/wp\/v2\/media\/36874"}],"wp:attachment":[{"href":"https:\/\/www.parrinst.com\/es\/wp-json\/wp\/v2\/media?parent=105"}],"curies":[{"name":"wp","href":"https:\/\/api.w.org\/{rel}","templated":true}]}}