{"id":1065,"date":"2011-05-04T20:58:25","date_gmt":"2011-05-05T01:58:25","guid":{"rendered":"https:\/\/www.parrinst.com\/?page_id=1065"},"modified":"2018-10-31T09:55:23","modified_gmt":"2018-10-31T14:55:23","slug":"specifications","status":"publish","type":"page","link":"https:\/\/www.parrinst.com\/es\/products\/non-stirred-pressure-vessels\/series-4700\/specifications\/","title":{"rendered":"Especificaciones"},"content":{"rendered":"<table class=\"Specification\">\n<tbody>\n<tr>\n<td class=\"Table-Header-Green\" colspan=\"3\">Especificaciones del Recipiente de Presi\u00f3n Serie 4700<\/td>\n<\/tr>\n<tr>\n<td class=\"Table-Subheading-WhiteBoldTop-Centered\" style=\"text-align: center;\" colspan=\"3\">La barra sombreada indica las especificaciones que cambian entre las series.<\/td>\n<\/tr>\n<tr>\n<td class=\"Table-Subheading-LightGreen-left\" width=\"30%\"><strong>N\u00b0 Modelo<\/strong><\/td>\n<td class=\"Table-Subheading-LightGreen\" style=\"text-align: center;\" colspan=\"2\" width=\"35%\">4700<\/td>\n<\/tr>\n<tr>\n<td class=\"Table-Subheading-Yellow\" width=\"30%\">Volumen aproximado, ml<\/td>\n<td class=\"Table-Subheading-LightGray-Centered_boldtop\" width=\"35%\">22<\/td>\n<td class=\"Table-Subheading-DarkGray-Centered\" width=\"35%\">45<\/td>\n<\/tr>\n<tr>\n<td class=\"Table-Subheading-Yellow\">Presi\u00f3n M\u00e1xima (MAWP)<\/td>\n<td class=\"Table-Center\" colspan=\"2\">1700 psi (115 bar)<\/td>\n<\/tr>\n<tr>\n<td class=\"Table-Subheading-Yellow\">Temperatura M\u00e1xima<\/td>\n<td class=\"Table-Center\" colspan=\"2\">300 \u00b0C<\/td>\n<\/tr>\n<tr>\n<td class=\"Table-Subheading-Yellow\" colspan=\"3\">Detalles Recipientes<\/td>\n<\/tr>\n<tr>\n<td>Estilo de recipiente<\/td>\n<td class=\"Table-Center\" colspan=\"2\">Solo M\u00f3vil<\/td>\n<\/tr>\n<tr>\n<td>Cierre<\/td>\n<td class=\"Table-Center\" colspan=\"2\">Tapa de Rosca-Acero<\/td>\n<\/tr>\n<tr>\n<td>Sello de cabezal<\/td>\n<td class=\"Table-Center\" colspan=\"2\">Junta Plana<\/td>\n<\/tr>\n<tr>\n<td>Opciones de apertura en el cabezal<\/td>\n<td class=\"Table-Center\" colspan=\"2\">Una aperture en el cabezal (1\/8&#8243; NPT, 1\/4&#8243; NPT, Socket tipo\u201cA\u201d, o puerto para ensamble de disco de ruptura)<br \/>\nOpci\u00f3n a puerto hecho a la medida (Contacta nuestro departamento de ventas para discutir las opciones)<\/td>\n<\/tr>\n<tr>\n<td>Aperturas m\u00e1ximas de la cabeza<\/td>\n<td class=\"Table-Center\" colspan=\"2\">1<\/td>\n<\/tr>\n<tr>\n<td>Control de la temperatura<\/td>\n<td class=\"Table-Center\" colspan=\"2\">N\/A<\/td>\n<\/tr>\n<tr>\n<td>Stand y calentador<\/td>\n<td class=\"Table-Center\" colspan=\"2\">N\/A<\/td>\n<\/tr>\n<tr>\n<td class=\"Table-Subheading-Yellow\" colspan=\"3\"><strong>Peso y Dimensiones<\/strong><\/td>\n<\/tr>\n<tr>\n<td>D.I del cilindro. x profundidad, pulgadas<\/td>\n<td class=\"Table-Subheading-LightGray-Centered_boldtop\">1.0 x 1.6<\/td>\n<td class=\"Table-Subheading-DarkGray-Centered\">1.0 x 3.8<\/td>\n<\/tr>\n<tr>\n<td>Peso del ensamble del vaso, libras*<\/td>\n<td class=\"Table-Subheading-LightGray-Centered_boldtop\">0.8<\/td>\n<td class=\"Table-Subheading-DarkGray-Centered\">1.1<\/td>\n<\/tr>\n<tr>\n<td>Peso del Recipiente, libras<\/td>\n<td class=\"Table-Subheading-LightGray-Centered_boldtop\">0.2<\/td>\n<td class=\"Table-Subheading-DarkGray-Centered\">0.5<\/td>\n<\/tr>\n<tr>\n<td colspan=\"3\">*<em>El peso del vaso se basa en cabezal m\u00f3vil \u00a0con a puerto tipo\u201cA\u201d. El peso del recipiente variar\u00e1 dependiendo de la configuraci\u00f3n del cabezal y los accesorios opcionales. <\/em><\/td>\n<\/tr>\n<tr>\n<td colspan=\"3\">Otras opciones disponibles. Ver la\u00a0<a href=\"https:\/\/www.parrinst.com\/es\/products\/non-stirred-pressure-vessels\/series-4700\/ordering-guide\/\"><span class=\"link-underline\">Gu\u00eda de Pedidos<\/span><\/a>\u00a0o llamar para m\u00e1s informaci\u00f3n.<\/td>\n<\/tr>\n<\/tbody>\n<\/table>\n","protected":false},"excerpt":{"rendered":"<p>Especificaciones del Recipiente de Presi\u00f3n Serie 4700 La barra sombreada indica las especificaciones que cambian entre las series. N\u00b0 Modelo 4700 Volumen aproximado, ml 22 45 Presi\u00f3n M\u00e1xima (MAWP) 1700 psi (115 bar) Temperatura M\u00e1xima 300 \u00b0C Detalles Recipientes Estilo de recipiente Solo M\u00f3vil Cierre Tapa de Rosca-Acero Sello de cabezal Junta Plana Opciones de [&hellip;]<\/p>\n","protected":false},"author":1,"featured_media":37721,"parent":191,"menu_order":2,"comment_status":"closed","ping_status":"closed","template":"product-narrow.php","meta":{"_acf_changed":false,"footnotes":"","_links_to":"","_links_to_target":""},"class_list":["post-1065","page","type-page","status-publish","has-post-thumbnail","hentry"],"acf":[],"yoast_head":"<!-- This site is optimized with the Yoast SEO plugin v27.4 - https:\/\/yoast.com\/product\/yoast-seo-wordpress\/ -->\n<title>Especificaciones - Parr Instrument (Espa\u00f1ol)<\/title>\n<meta name=\"robots\" content=\"index, follow, max-snippet:-1, max-image-preview:large, max-video-preview:-1\" \/>\n<link rel=\"canonical\" href=\"https:\/\/www.parrinst.com\/es\/products\/non-stirred-pressure-vessels\/series-4700\/specifications\/\" \/>\n<meta property=\"og:locale\" content=\"en_US\" \/>\n<meta property=\"og:type\" content=\"article\" \/>\n<meta property=\"og:title\" content=\"Especificaciones - Parr Instrument (Espa\u00f1ol)\" \/>\n<meta property=\"og:description\" content=\"Especificaciones del Recipiente de Presi\u00f3n Serie 4700 La barra sombreada indica las especificaciones que cambian entre las series. N\u00b0 Modelo 4700 Volumen aproximado, ml 22 45 Presi\u00f3n M\u00e1xima (MAWP) 1700 psi (115 bar) Temperatura M\u00e1xima 300 \u00b0C Detalles Recipientes Estilo de recipiente Solo M\u00f3vil Cierre Tapa de Rosca-Acero Sello de cabezal Junta Plana Opciones de [&hellip;]\" \/>\n<meta property=\"og:url\" content=\"https:\/\/www.parrinst.com\/es\/products\/non-stirred-pressure-vessels\/series-4700\/specifications\/\" \/>\n<meta property=\"og:site_name\" content=\"Parr Instrument (Espa\u00f1ol)\" \/>\n<meta property=\"article:modified_time\" content=\"2018-10-31T14:55:23+00:00\" \/>\n<meta property=\"og:image\" content=\"https:\/\/www.parrinst.com\/es\/files\/2018\/01\/parr_banner_non-stirred_secondary.jpg\" \/>\n\t<meta property=\"og:image:width\" content=\"2200\" \/>\n\t<meta property=\"og:image:height\" content=\"399\" \/>\n\t<meta property=\"og:image:type\" content=\"image\/jpeg\" \/>\n<meta name=\"twitter:card\" content=\"summary_large_image\" \/>\n<meta name=\"twitter:label1\" content=\"Est. reading time\" \/>\n\t<meta name=\"twitter:data1\" content=\"1 minute\" \/>\n<script type=\"application\/ld+json\" class=\"yoast-schema-graph\">{\"@context\":\"https:\\\/\\\/schema.org\",\"@graph\":[{\"@type\":\"WebPage\",\"@id\":\"https:\\\/\\\/www.parrinst.com\\\/es\\\/products\\\/non-stirred-pressure-vessels\\\/series-4700\\\/specifications\\\/\",\"url\":\"https:\\\/\\\/www.parrinst.com\\\/es\\\/products\\\/non-stirred-pressure-vessels\\\/series-4700\\\/specifications\\\/\",\"name\":\"Especificaciones - Parr Instrument (Espa\u00f1ol)\",\"isPartOf\":{\"@id\":\"https:\\\/\\\/www.parrinst.com\\\/es\\\/#website\"},\"primaryImageOfPage\":{\"@id\":\"https:\\\/\\\/www.parrinst.com\\\/es\\\/products\\\/non-stirred-pressure-vessels\\\/series-4700\\\/specifications\\\/#primaryimage\"},\"image\":{\"@id\":\"https:\\\/\\\/www.parrinst.com\\\/es\\\/products\\\/non-stirred-pressure-vessels\\\/series-4700\\\/specifications\\\/#primaryimage\"},\"thumbnailUrl\":\"https:\\\/\\\/i0.wp.com\\\/www.parrinst.com\\\/es\\\/wp-content\\\/uploads\\\/sites\\\/7\\\/2018\\\/01\\\/parr_banner_non-stirred_secondary.jpg?fit=2200%2C399&ssl=1\",\"datePublished\":\"2011-05-05T01:58:25+00:00\",\"dateModified\":\"2018-10-31T14:55:23+00:00\",\"breadcrumb\":{\"@id\":\"https:\\\/\\\/www.parrinst.com\\\/es\\\/products\\\/non-stirred-pressure-vessels\\\/series-4700\\\/specifications\\\/#breadcrumb\"},\"inLanguage\":\"en-US\",\"potentialAction\":[{\"@type\":\"ReadAction\",\"target\":[\"https:\\\/\\\/www.parrinst.com\\\/es\\\/products\\\/non-stirred-pressure-vessels\\\/series-4700\\\/specifications\\\/\"]}]},{\"@type\":\"ImageObject\",\"inLanguage\":\"en-US\",\"@id\":\"https:\\\/\\\/www.parrinst.com\\\/es\\\/products\\\/non-stirred-pressure-vessels\\\/series-4700\\\/specifications\\\/#primaryimage\",\"url\":\"https:\\\/\\\/i0.wp.com\\\/www.parrinst.com\\\/es\\\/wp-content\\\/uploads\\\/sites\\\/7\\\/2018\\\/01\\\/parr_banner_non-stirred_secondary.jpg?fit=2200%2C399&ssl=1\",\"contentUrl\":\"https:\\\/\\\/i0.wp.com\\\/www.parrinst.com\\\/es\\\/wp-content\\\/uploads\\\/sites\\\/7\\\/2018\\\/01\\\/parr_banner_non-stirred_secondary.jpg?fit=2200%2C399&ssl=1\",\"width\":2200,\"height\":399},{\"@type\":\"BreadcrumbList\",\"@id\":\"https:\\\/\\\/www.parrinst.com\\\/es\\\/products\\\/non-stirred-pressure-vessels\\\/series-4700\\\/specifications\\\/#breadcrumb\",\"itemListElement\":[{\"@type\":\"ListItem\",\"position\":1,\"name\":\"Home\",\"item\":\"https:\\\/\\\/www.parrinst.com\\\/es\\\/\"},{\"@type\":\"ListItem\",\"position\":2,\"name\":\"Products\",\"item\":\"https:\\\/\\\/www.parrinst.com\\\/es\\\/products\\\/\"},{\"@type\":\"ListItem\",\"position\":3,\"name\":\"Recipientes a Presi\u00f3n Sin Agitaci\u00f3n\",\"item\":\"https:\\\/\\\/www.parrinst.com\\\/es\\\/products\\\/non-stirred-pressure-vessels\\\/\"},{\"@type\":\"ListItem\",\"position\":4,\"name\":\"Recipientes a Presi\u00f3n de Usos General Serie 4700, 22 y 45 mL\",\"item\":\"https:\\\/\\\/www.parrinst.com\\\/es\\\/products\\\/non-stirred-pressure-vessels\\\/series-4700\\\/\"},{\"@type\":\"ListItem\",\"position\":5,\"name\":\"Especificaciones\"}]},{\"@type\":\"WebSite\",\"@id\":\"https:\\\/\\\/www.parrinst.com\\\/es\\\/#website\",\"url\":\"https:\\\/\\\/www.parrinst.com\\\/es\\\/\",\"name\":\"Parr Instrument (Espa\u00f1ol)\",\"description\":\"\",\"potentialAction\":[{\"@type\":\"SearchAction\",\"target\":{\"@type\":\"EntryPoint\",\"urlTemplate\":\"https:\\\/\\\/www.parrinst.com\\\/es\\\/?s={search_term_string}\"},\"query-input\":{\"@type\":\"PropertyValueSpecification\",\"valueRequired\":true,\"valueName\":\"search_term_string\"}}],\"inLanguage\":\"en-US\"}]}<\/script>\n<!-- \/ Yoast SEO plugin. -->","yoast_head_json":{"title":"Especificaciones - Parr Instrument (Espa\u00f1ol)","robots":{"index":"index","follow":"follow","max-snippet":"max-snippet:-1","max-image-preview":"max-image-preview:large","max-video-preview":"max-video-preview:-1"},"canonical":"https:\/\/www.parrinst.com\/es\/products\/non-stirred-pressure-vessels\/series-4700\/specifications\/","og_locale":"en_US","og_type":"article","og_title":"Especificaciones - Parr Instrument (Espa\u00f1ol)","og_description":"Especificaciones del Recipiente de Presi\u00f3n Serie 4700 La barra sombreada indica las especificaciones que cambian entre las series. N\u00b0 Modelo 4700 Volumen aproximado, ml 22 45 Presi\u00f3n M\u00e1xima (MAWP) 1700 psi (115 bar) Temperatura M\u00e1xima 300 \u00b0C Detalles Recipientes Estilo de recipiente Solo M\u00f3vil Cierre Tapa de Rosca-Acero Sello de cabezal Junta Plana Opciones de [&hellip;]","og_url":"https:\/\/www.parrinst.com\/es\/products\/non-stirred-pressure-vessels\/series-4700\/specifications\/","og_site_name":"Parr Instrument (Espa\u00f1ol)","article_modified_time":"2018-10-31T14:55:23+00:00","og_image":[{"width":2200,"height":399,"url":"https:\/\/www.parrinst.com\/es\/files\/2018\/01\/parr_banner_non-stirred_secondary.jpg","type":"image\/jpeg"}],"twitter_card":"summary_large_image","twitter_misc":{"Est. reading time":"1 minute"},"schema":{"@context":"https:\/\/schema.org","@graph":[{"@type":"WebPage","@id":"https:\/\/www.parrinst.com\/es\/products\/non-stirred-pressure-vessels\/series-4700\/specifications\/","url":"https:\/\/www.parrinst.com\/es\/products\/non-stirred-pressure-vessels\/series-4700\/specifications\/","name":"Especificaciones - Parr Instrument (Espa\u00f1ol)","isPartOf":{"@id":"https:\/\/www.parrinst.com\/es\/#website"},"primaryImageOfPage":{"@id":"https:\/\/www.parrinst.com\/es\/products\/non-stirred-pressure-vessels\/series-4700\/specifications\/#primaryimage"},"image":{"@id":"https:\/\/www.parrinst.com\/es\/products\/non-stirred-pressure-vessels\/series-4700\/specifications\/#primaryimage"},"thumbnailUrl":"https:\/\/i0.wp.com\/www.parrinst.com\/es\/wp-content\/uploads\/sites\/7\/2018\/01\/parr_banner_non-stirred_secondary.jpg?fit=2200%2C399&ssl=1","datePublished":"2011-05-05T01:58:25+00:00","dateModified":"2018-10-31T14:55:23+00:00","breadcrumb":{"@id":"https:\/\/www.parrinst.com\/es\/products\/non-stirred-pressure-vessels\/series-4700\/specifications\/#breadcrumb"},"inLanguage":"en-US","potentialAction":[{"@type":"ReadAction","target":["https:\/\/www.parrinst.com\/es\/products\/non-stirred-pressure-vessels\/series-4700\/specifications\/"]}]},{"@type":"ImageObject","inLanguage":"en-US","@id":"https:\/\/www.parrinst.com\/es\/products\/non-stirred-pressure-vessels\/series-4700\/specifications\/#primaryimage","url":"https:\/\/i0.wp.com\/www.parrinst.com\/es\/wp-content\/uploads\/sites\/7\/2018\/01\/parr_banner_non-stirred_secondary.jpg?fit=2200%2C399&ssl=1","contentUrl":"https:\/\/i0.wp.com\/www.parrinst.com\/es\/wp-content\/uploads\/sites\/7\/2018\/01\/parr_banner_non-stirred_secondary.jpg?fit=2200%2C399&ssl=1","width":2200,"height":399},{"@type":"BreadcrumbList","@id":"https:\/\/www.parrinst.com\/es\/products\/non-stirred-pressure-vessels\/series-4700\/specifications\/#breadcrumb","itemListElement":[{"@type":"ListItem","position":1,"name":"Home","item":"https:\/\/www.parrinst.com\/es\/"},{"@type":"ListItem","position":2,"name":"Products","item":"https:\/\/www.parrinst.com\/es\/products\/"},{"@type":"ListItem","position":3,"name":"Recipientes a Presi\u00f3n Sin Agitaci\u00f3n","item":"https:\/\/www.parrinst.com\/es\/products\/non-stirred-pressure-vessels\/"},{"@type":"ListItem","position":4,"name":"Recipientes a Presi\u00f3n de Usos General Serie 4700, 22 y 45 mL","item":"https:\/\/www.parrinst.com\/es\/products\/non-stirred-pressure-vessels\/series-4700\/"},{"@type":"ListItem","position":5,"name":"Especificaciones"}]},{"@type":"WebSite","@id":"https:\/\/www.parrinst.com\/es\/#website","url":"https:\/\/www.parrinst.com\/es\/","name":"Parr Instrument (Espa\u00f1ol)","description":"","potentialAction":[{"@type":"SearchAction","target":{"@type":"EntryPoint","urlTemplate":"https:\/\/www.parrinst.com\/es\/?s={search_term_string}"},"query-input":{"@type":"PropertyValueSpecification","valueRequired":true,"valueName":"search_term_string"}}],"inLanguage":"en-US"}]}},"jetpack_sharing_enabled":true,"_links":{"self":[{"href":"https:\/\/www.parrinst.com\/es\/wp-json\/wp\/v2\/pages\/1065","targetHints":{"allow":["GET"]}}],"collection":[{"href":"https:\/\/www.parrinst.com\/es\/wp-json\/wp\/v2\/pages"}],"about":[{"href":"https:\/\/www.parrinst.com\/es\/wp-json\/wp\/v2\/types\/page"}],"author":[{"embeddable":true,"href":"https:\/\/www.parrinst.com\/es\/wp-json\/wp\/v2\/users\/1"}],"replies":[{"embeddable":true,"href":"https:\/\/www.parrinst.com\/es\/wp-json\/wp\/v2\/comments?post=1065"}],"version-history":[{"count":4,"href":"https:\/\/www.parrinst.com\/es\/wp-json\/wp\/v2\/pages\/1065\/revisions"}],"predecessor-version":[{"id":38895,"href":"https:\/\/www.parrinst.com\/es\/wp-json\/wp\/v2\/pages\/1065\/revisions\/38895"}],"up":[{"embeddable":true,"href":"https:\/\/www.parrinst.com\/es\/wp-json\/wp\/v2\/pages\/191"}],"wp:featuredmedia":[{"embeddable":true,"href":"https:\/\/www.parrinst.com\/es\/wp-json\/wp\/v2\/media\/37721"}],"wp:attachment":[{"href":"https:\/\/www.parrinst.com\/es\/wp-json\/wp\/v2\/media?parent=1065"}],"curies":[{"name":"wp","href":"https:\/\/api.w.org\/{rel}","templated":true}]}}