{"id":108,"date":"2011-03-10T13:11:12","date_gmt":"2011-03-10T19:11:12","guid":{"rendered":"https:\/\/www.parrinst.com\/?page_id=108"},"modified":"2021-07-01T09:53:16","modified_gmt":"2021-07-01T14:53:16","slug":"series-4540-600-1200-ml-hp-reactors","status":"publish","type":"page","link":"https:\/\/www.parrinst.com\/es\/products\/stirred-reactors\/series-4540-600-1200-ml-hp-reactors\/","title":{"rendered":"Reactores HP\/HT Serie 4540 de 600-1200 ml"},"content":{"rendered":"\n\t\t\t<div id='108-1' class='gallery gallery-108 gallery-columns-3 gallery-size-medium' itemscope itemtype='http:\/\/schema.org\/ImageGallery'>\n\t\t\t\t<div class='gallery-row gallery-col-3 gallery-clear'>\n\t\t\t\t\t<figure class='gallery-item col-3' itemprop='associatedMedia' itemscope itemtype='http:\/\/schema.org\/ImageObject'>\n\t\t\t\t\t\t<div class='gallery-icon portrait'><a href=\"https:\/\/i0.wp.com\/www.parrinst.com\/es\/wp-content\/uploads\/sites\/7\/2011\/05\/4544_HP_Moveable_heaterdown-600mL_4848.jpg?ssl=1\" itemprop=\"contentURL\"><img loading=\"lazy\" decoding=\"async\" width=\"214\" height=\"300\" src=\"https:\/\/i0.wp.com\/www.parrinst.com\/es\/wp-content\/uploads\/sites\/7\/2011\/05\/4544_HP_Moveable_heaterdown-600mL_4848.jpg?fit=214%2C300&amp;ssl=1\" class=\"attachment-medium size-medium\" alt=\"Model 4544 High Pressure Reactor, 600 mL, Moveable Style Vessel, with heater lowered, and a 4848 Controller shown with optional Expansion Modules.\" srcset=\"https:\/\/i0.wp.com\/www.parrinst.com\/es\/wp-content\/uploads\/sites\/7\/2011\/05\/4544_HP_Moveable_heaterdown-600mL_4848.jpg?w=600&amp;ssl=1 600w, https:\/\/i0.wp.com\/www.parrinst.com\/es\/wp-content\/uploads\/sites\/7\/2011\/05\/4544_HP_Moveable_heaterdown-600mL_4848.jpg?resize=107%2C150&amp;ssl=1 107w, https:\/\/i0.wp.com\/www.parrinst.com\/es\/wp-content\/uploads\/sites\/7\/2011\/05\/4544_HP_Moveable_heaterdown-600mL_4848.jpg?resize=214%2C300&amp;ssl=1 214w\" sizes=\"auto, (max-width: 214px) 100vw, 214px\" itemprop=\"thumbnail\" \/><\/a><\/div>\n\t\t\t\t\t<\/figure>\n\t\t\t\t\t<figure class='gallery-item col-3' itemprop='associatedMedia' itemscope itemtype='http:\/\/schema.org\/ImageObject'>\n\t\t\t\t\t\t<div class='gallery-icon portrait'><a href=\"https:\/\/i0.wp.com\/www.parrinst.com\/es\/wp-content\/uploads\/sites\/7\/2011\/05\/4546C_moveable-cart_1200mL_4848.jpg?ssl=1\" itemprop=\"contentURL\"><img loading=\"lazy\" decoding=\"async\" width=\"214\" height=\"300\" src=\"https:\/\/i0.wp.com\/www.parrinst.com\/es\/wp-content\/uploads\/sites\/7\/2011\/05\/4546C_moveable-cart_1200mL_4848.jpg?fit=214%2C300&amp;ssl=1\" class=\"attachment-medium size-medium\" alt=\"Model 4546C Reactor, 1200 mL, Moveable Head Style, Moveable Cart w\/4848 Reactor Controller; shown with optional Expansion Modules.\" srcset=\"https:\/\/i0.wp.com\/www.parrinst.com\/es\/wp-content\/uploads\/sites\/7\/2011\/05\/4546C_moveable-cart_1200mL_4848.jpg?w=600&amp;ssl=1 600w, https:\/\/i0.wp.com\/www.parrinst.com\/es\/wp-content\/uploads\/sites\/7\/2011\/05\/4546C_moveable-cart_1200mL_4848.jpg?resize=107%2C150&amp;ssl=1 107w, https:\/\/i0.wp.com\/www.parrinst.com\/es\/wp-content\/uploads\/sites\/7\/2011\/05\/4546C_moveable-cart_1200mL_4848.jpg?resize=214%2C300&amp;ssl=1 214w\" sizes=\"auto, (max-width: 214px) 100vw, 214px\" itemprop=\"thumbnail\" \/><\/a><\/div>\n\t\t\t\t\t<\/figure>\n\t\t\t\t\t<figure class='gallery-item col-3' itemprop='associatedMedia' itemscope itemtype='http:\/\/schema.org\/ImageObject'>\n\t\t\t\t\t\t<div class='gallery-icon portrait'><a href=\"https:\/\/i0.wp.com\/www.parrinst.com\/es\/wp-content\/uploads\/sites\/7\/2011\/05\/4544-600-1200.jpg?ssl=1\" itemprop=\"contentURL\"><img loading=\"lazy\" decoding=\"async\" width=\"214\" height=\"300\" src=\"https:\/\/i0.wp.com\/www.parrinst.com\/es\/wp-content\/uploads\/sites\/7\/2011\/05\/4544-600-1200.jpg?fit=214%2C300&amp;ssl=1\" class=\"attachment-medium size-medium\" alt=\"1200 mL, Fixed Head and 600mL Moveable Reaction Vessels\" srcset=\"https:\/\/i0.wp.com\/www.parrinst.com\/es\/wp-content\/uploads\/sites\/7\/2011\/05\/4544-600-1200.jpg?w=600&amp;ssl=1 600w, https:\/\/i0.wp.com\/www.parrinst.com\/es\/wp-content\/uploads\/sites\/7\/2011\/05\/4544-600-1200.jpg?resize=107%2C150&amp;ssl=1 107w, https:\/\/i0.wp.com\/www.parrinst.com\/es\/wp-content\/uploads\/sites\/7\/2011\/05\/4544-600-1200.jpg?resize=214%2C300&amp;ssl=1 214w\" sizes=\"auto, (max-width: 214px) 100vw, 214px\" itemprop=\"thumbnail\" \/><\/a><\/div>\n\t\t\t\t\t<\/figure>\n\t\t\t\t<\/div>\n\t\t\t<\/div><!-- .gallery -->\n\n<p><strong> Esta serie de reactores con agitaci\u00f3n ha sido dise\u00f1ada para los usuarios que necesitan mayores presiones de operaci\u00f3n<\/strong> que los 1900 a 2900 psi ofrecidos por los reactores de uso general, pero que no requieren las altas temperaturas de operaci\u00f3n de los Reactores de Alta Presi\u00f3n\/Alta Temperatura Serie 4570. Los reactors de la serie 4540 ofrecen presiones de trabajo hasta 5000 psi (345 bar) a temperaturas de 350\u00b0C.<\/p>\n<p>Estos recipientes han sido dise\u00f1ados con dimensiones exteriores comparables a las de los Reactores Serie 4520 y 4530, para que puedan utilizar el mismo sistema de soporte, transmisi\u00f3n de agitador y el calefactor que los Modelos de uso general m\u00e1s populares. Esto proporciona no s\u00f3lo un sistema de alta presi\u00f3n \/temperatura moderada a precio atractivo, pero tambi\u00e9n reactores que pueden ser intercambiados con los tama\u00f1os de 1 y 2 litros. Las paredes gruesas necesarias para las altas presiones de operaci\u00f3n reducen los vol\u00famenes de estos reactores a 600 y 1200 ml.<\/p>\n<p>Estos reactores se pueden usar ya sea en banco o en ensambles de soporte vertical. Mientras que el reactor de 1200 ml se ofrece como modelo de mesa de cabezal fijo, es demasiado alto y pesado para ser manejado c\u00f3modamente a la altura est\u00e1ndar del banco. Se recomienda la opci\u00f3n de base de soporte de piso a menos de que el usuario tenga un banco de altura ajustable para ajustar la altura total del sistema de 1200 ml.<\/p>\n","protected":false},"excerpt":{"rendered":"<p>Esta serie de reactores con agitaci\u00f3n ha sido dise\u00f1ada para los usuarios que necesitan mayores presiones de operaci\u00f3n que los 1900 a 2900 psi ofrecidos por los reactores de uso general, pero que no requieren las altas temperaturas de operaci\u00f3n de los Reactores de Alta Presi\u00f3n\/Alta Temperatura Serie 4570. Los reactors de la serie 4540 [&hellip;]<\/p>\n","protected":false},"author":2,"featured_media":36874,"parent":47,"menu_order":3,"comment_status":"closed","ping_status":"closed","template":"product-wide-strirred-filter.php","meta":{"_acf_changed":false,"footnotes":"","_links_to":"","_links_to_target":""},"class_list":["post-108","page","type-page","status-publish","has-post-thumbnail","hentry"],"acf":[],"yoast_head":"<!-- This site is optimized with the Yoast SEO plugin v27.5 - https:\/\/yoast.com\/product\/yoast-seo-wordpress\/ -->\n<title>Reactores HP\/HT Serie 4540 de 600-1200 ml - Parr Instrument (Espa\u00f1ol)<\/title>\n<meta name=\"robots\" content=\"index, follow, max-snippet:-1, max-image-preview:large, max-video-preview:-1\" \/>\n<link rel=\"canonical\" href=\"https:\/\/www.parrinst.com\/es\/products\/stirred-reactors\/series-4540-600-1200-ml-hp-reactors\/\" \/>\n<meta property=\"og:locale\" content=\"en_US\" \/>\n<meta property=\"og:type\" content=\"article\" \/>\n<meta property=\"og:title\" content=\"Reactores HP\/HT Serie 4540 de 600-1200 ml - Parr Instrument (Espa\u00f1ol)\" \/>\n<meta property=\"og:description\" content=\"Esta serie de reactores con agitaci\u00f3n ha sido dise\u00f1ada para los usuarios que necesitan mayores presiones de operaci\u00f3n que los 1900 a 2900 psi ofrecidos por los reactores de uso general, pero que no requieren las altas temperaturas de operaci\u00f3n de los Reactores de Alta Presi\u00f3n\/Alta Temperatura Serie 4570. Los reactors de la serie 4540 [&hellip;]\" \/>\n<meta property=\"og:url\" content=\"https:\/\/www.parrinst.com\/es\/products\/stirred-reactors\/series-4540-600-1200-ml-hp-reactors\/\" \/>\n<meta property=\"og:site_name\" content=\"Parr Instrument (Espa\u00f1ol)\" \/>\n<meta property=\"article:modified_time\" content=\"2021-07-01T14:53:16+00:00\" \/>\n<meta property=\"og:image\" content=\"https:\/\/www.parrinst.com\/es\/files\/2017\/12\/parr_banner_stirred3_secondary.jpg\" \/>\n\t<meta property=\"og:image:width\" content=\"2200\" \/>\n\t<meta property=\"og:image:height\" content=\"399\" \/>\n\t<meta property=\"og:image:type\" content=\"image\/jpeg\" \/>\n<meta name=\"twitter:card\" content=\"summary_large_image\" \/>\n<meta name=\"twitter:label1\" content=\"Est. reading time\" \/>\n\t<meta name=\"twitter:data1\" content=\"2 minutes\" \/>\n<script type=\"application\/ld+json\" class=\"yoast-schema-graph\">{\"@context\":\"https:\\\/\\\/schema.org\",\"@graph\":[{\"@type\":\"WebPage\",\"@id\":\"https:\\\/\\\/www.parrinst.com\\\/es\\\/products\\\/stirred-reactors\\\/series-4540-600-1200-ml-hp-reactors\\\/\",\"url\":\"https:\\\/\\\/www.parrinst.com\\\/es\\\/products\\\/stirred-reactors\\\/series-4540-600-1200-ml-hp-reactors\\\/\",\"name\":\"Reactores HP\\\/HT Serie 4540 de 600-1200 ml - Parr Instrument (Espa\u00f1ol)\",\"isPartOf\":{\"@id\":\"https:\\\/\\\/www.parrinst.com\\\/es\\\/#website\"},\"primaryImageOfPage\":{\"@id\":\"https:\\\/\\\/www.parrinst.com\\\/es\\\/products\\\/stirred-reactors\\\/series-4540-600-1200-ml-hp-reactors\\\/#primaryimage\"},\"image\":{\"@id\":\"https:\\\/\\\/www.parrinst.com\\\/es\\\/products\\\/stirred-reactors\\\/series-4540-600-1200-ml-hp-reactors\\\/#primaryimage\"},\"thumbnailUrl\":\"https:\\\/\\\/i0.wp.com\\\/www.parrinst.com\\\/es\\\/wp-content\\\/uploads\\\/sites\\\/7\\\/2017\\\/12\\\/parr_banner_stirred3_secondary.jpg?fit=2200%2C399&ssl=1\",\"datePublished\":\"2011-03-10T19:11:12+00:00\",\"dateModified\":\"2021-07-01T14:53:16+00:00\",\"breadcrumb\":{\"@id\":\"https:\\\/\\\/www.parrinst.com\\\/es\\\/products\\\/stirred-reactors\\\/series-4540-600-1200-ml-hp-reactors\\\/#breadcrumb\"},\"inLanguage\":\"en-US\",\"potentialAction\":[{\"@type\":\"ReadAction\",\"target\":[\"https:\\\/\\\/www.parrinst.com\\\/es\\\/products\\\/stirred-reactors\\\/series-4540-600-1200-ml-hp-reactors\\\/\"]}]},{\"@type\":\"ImageObject\",\"inLanguage\":\"en-US\",\"@id\":\"https:\\\/\\\/www.parrinst.com\\\/es\\\/products\\\/stirred-reactors\\\/series-4540-600-1200-ml-hp-reactors\\\/#primaryimage\",\"url\":\"https:\\\/\\\/i0.wp.com\\\/www.parrinst.com\\\/es\\\/wp-content\\\/uploads\\\/sites\\\/7\\\/2017\\\/12\\\/parr_banner_stirred3_secondary.jpg?fit=2200%2C399&ssl=1\",\"contentUrl\":\"https:\\\/\\\/i0.wp.com\\\/www.parrinst.com\\\/es\\\/wp-content\\\/uploads\\\/sites\\\/7\\\/2017\\\/12\\\/parr_banner_stirred3_secondary.jpg?fit=2200%2C399&ssl=1\",\"width\":2200,\"height\":399},{\"@type\":\"BreadcrumbList\",\"@id\":\"https:\\\/\\\/www.parrinst.com\\\/es\\\/products\\\/stirred-reactors\\\/series-4540-600-1200-ml-hp-reactors\\\/#breadcrumb\",\"itemListElement\":[{\"@type\":\"ListItem\",\"position\":1,\"name\":\"Home\",\"item\":\"https:\\\/\\\/www.parrinst.com\\\/es\\\/\"},{\"@type\":\"ListItem\",\"position\":2,\"name\":\"Products\",\"item\":\"https:\\\/\\\/www.parrinst.com\\\/es\\\/products\\\/\"},{\"@type\":\"ListItem\",\"position\":3,\"name\":\"Reactores Agitados\",\"item\":\"https:\\\/\\\/www.parrinst.com\\\/es\\\/products\\\/stirred-reactors\\\/\"},{\"@type\":\"ListItem\",\"position\":4,\"name\":\"Reactores HP\\\/HT Serie 4540 de 600-1200 ml\"}]},{\"@type\":\"WebSite\",\"@id\":\"https:\\\/\\\/www.parrinst.com\\\/es\\\/#website\",\"url\":\"https:\\\/\\\/www.parrinst.com\\\/es\\\/\",\"name\":\"Parr Instrument (Espa\u00f1ol)\",\"description\":\"\",\"potentialAction\":[{\"@type\":\"SearchAction\",\"target\":{\"@type\":\"EntryPoint\",\"urlTemplate\":\"https:\\\/\\\/www.parrinst.com\\\/es\\\/?s={search_term_string}\"},\"query-input\":{\"@type\":\"PropertyValueSpecification\",\"valueRequired\":true,\"valueName\":\"search_term_string\"}}],\"inLanguage\":\"en-US\"}]}<\/script>\n<!-- \/ Yoast SEO plugin. -->","yoast_head_json":{"title":"Reactores HP\/HT Serie 4540 de 600-1200 ml - Parr Instrument (Espa\u00f1ol)","robots":{"index":"index","follow":"follow","max-snippet":"max-snippet:-1","max-image-preview":"max-image-preview:large","max-video-preview":"max-video-preview:-1"},"canonical":"https:\/\/www.parrinst.com\/es\/products\/stirred-reactors\/series-4540-600-1200-ml-hp-reactors\/","og_locale":"en_US","og_type":"article","og_title":"Reactores HP\/HT Serie 4540 de 600-1200 ml - Parr Instrument (Espa\u00f1ol)","og_description":"Esta serie de reactores con agitaci\u00f3n ha sido dise\u00f1ada para los usuarios que necesitan mayores presiones de operaci\u00f3n que los 1900 a 2900 psi ofrecidos por los reactores de uso general, pero que no requieren las altas temperaturas de operaci\u00f3n de los Reactores de Alta Presi\u00f3n\/Alta Temperatura Serie 4570. Los reactors de la serie 4540 [&hellip;]","og_url":"https:\/\/www.parrinst.com\/es\/products\/stirred-reactors\/series-4540-600-1200-ml-hp-reactors\/","og_site_name":"Parr Instrument (Espa\u00f1ol)","article_modified_time":"2021-07-01T14:53:16+00:00","og_image":[{"width":2200,"height":399,"url":"https:\/\/www.parrinst.com\/es\/files\/2017\/12\/parr_banner_stirred3_secondary.jpg","type":"image\/jpeg"}],"twitter_card":"summary_large_image","twitter_misc":{"Est. reading time":"2 minutes"},"schema":{"@context":"https:\/\/schema.org","@graph":[{"@type":"WebPage","@id":"https:\/\/www.parrinst.com\/es\/products\/stirred-reactors\/series-4540-600-1200-ml-hp-reactors\/","url":"https:\/\/www.parrinst.com\/es\/products\/stirred-reactors\/series-4540-600-1200-ml-hp-reactors\/","name":"Reactores HP\/HT Serie 4540 de 600-1200 ml - Parr Instrument (Espa\u00f1ol)","isPartOf":{"@id":"https:\/\/www.parrinst.com\/es\/#website"},"primaryImageOfPage":{"@id":"https:\/\/www.parrinst.com\/es\/products\/stirred-reactors\/series-4540-600-1200-ml-hp-reactors\/#primaryimage"},"image":{"@id":"https:\/\/www.parrinst.com\/es\/products\/stirred-reactors\/series-4540-600-1200-ml-hp-reactors\/#primaryimage"},"thumbnailUrl":"https:\/\/i0.wp.com\/www.parrinst.com\/es\/wp-content\/uploads\/sites\/7\/2017\/12\/parr_banner_stirred3_secondary.jpg?fit=2200%2C399&ssl=1","datePublished":"2011-03-10T19:11:12+00:00","dateModified":"2021-07-01T14:53:16+00:00","breadcrumb":{"@id":"https:\/\/www.parrinst.com\/es\/products\/stirred-reactors\/series-4540-600-1200-ml-hp-reactors\/#breadcrumb"},"inLanguage":"en-US","potentialAction":[{"@type":"ReadAction","target":["https:\/\/www.parrinst.com\/es\/products\/stirred-reactors\/series-4540-600-1200-ml-hp-reactors\/"]}]},{"@type":"ImageObject","inLanguage":"en-US","@id":"https:\/\/www.parrinst.com\/es\/products\/stirred-reactors\/series-4540-600-1200-ml-hp-reactors\/#primaryimage","url":"https:\/\/i0.wp.com\/www.parrinst.com\/es\/wp-content\/uploads\/sites\/7\/2017\/12\/parr_banner_stirred3_secondary.jpg?fit=2200%2C399&ssl=1","contentUrl":"https:\/\/i0.wp.com\/www.parrinst.com\/es\/wp-content\/uploads\/sites\/7\/2017\/12\/parr_banner_stirred3_secondary.jpg?fit=2200%2C399&ssl=1","width":2200,"height":399},{"@type":"BreadcrumbList","@id":"https:\/\/www.parrinst.com\/es\/products\/stirred-reactors\/series-4540-600-1200-ml-hp-reactors\/#breadcrumb","itemListElement":[{"@type":"ListItem","position":1,"name":"Home","item":"https:\/\/www.parrinst.com\/es\/"},{"@type":"ListItem","position":2,"name":"Products","item":"https:\/\/www.parrinst.com\/es\/products\/"},{"@type":"ListItem","position":3,"name":"Reactores Agitados","item":"https:\/\/www.parrinst.com\/es\/products\/stirred-reactors\/"},{"@type":"ListItem","position":4,"name":"Reactores HP\/HT Serie 4540 de 600-1200 ml"}]},{"@type":"WebSite","@id":"https:\/\/www.parrinst.com\/es\/#website","url":"https:\/\/www.parrinst.com\/es\/","name":"Parr Instrument (Espa\u00f1ol)","description":"","potentialAction":[{"@type":"SearchAction","target":{"@type":"EntryPoint","urlTemplate":"https:\/\/www.parrinst.com\/es\/?s={search_term_string}"},"query-input":{"@type":"PropertyValueSpecification","valueRequired":true,"valueName":"search_term_string"}}],"inLanguage":"en-US"}]}},"jetpack_sharing_enabled":true,"_links":{"self":[{"href":"https:\/\/www.parrinst.com\/es\/wp-json\/wp\/v2\/pages\/108","targetHints":{"allow":["GET"]}}],"collection":[{"href":"https:\/\/www.parrinst.com\/es\/wp-json\/wp\/v2\/pages"}],"about":[{"href":"https:\/\/www.parrinst.com\/es\/wp-json\/wp\/v2\/types\/page"}],"author":[{"embeddable":true,"href":"https:\/\/www.parrinst.com\/es\/wp-json\/wp\/v2\/users\/2"}],"replies":[{"embeddable":true,"href":"https:\/\/www.parrinst.com\/es\/wp-json\/wp\/v2\/comments?post=108"}],"version-history":[{"count":7,"href":"https:\/\/www.parrinst.com\/es\/wp-json\/wp\/v2\/pages\/108\/revisions"}],"predecessor-version":[{"id":40188,"href":"https:\/\/www.parrinst.com\/es\/wp-json\/wp\/v2\/pages\/108\/revisions\/40188"}],"up":[{"embeddable":true,"href":"https:\/\/www.parrinst.com\/es\/wp-json\/wp\/v2\/pages\/47"}],"wp:featuredmedia":[{"embeddable":true,"href":"https:\/\/www.parrinst.com\/es\/wp-json\/wp\/v2\/media\/36874"}],"wp:attachment":[{"href":"https:\/\/www.parrinst.com\/es\/wp-json\/wp\/v2\/media?parent=108"}],"curies":[{"name":"wp","href":"https:\/\/api.w.org\/{rel}","templated":true}]}}