{"id":11265,"date":"2013-02-28T15:32:48","date_gmt":"2013-02-28T21:32:48","guid":{"rendered":"https:\/\/www.parrinst.com\/es\/?page_id=11265"},"modified":"2016-07-25T10:31:18","modified_gmt":"2016-07-25T15:31:18","slug":"ordering-guide","status":"publish","type":"page","link":"https:\/\/www.parrinst.com\/es\/products\/sample-preparation\/acid-digestion\/general-purpose-acid-digestion-vessel-model-4744-45-ml\/ordering-guide\/","title":{"rendered":"Gu\u00eda de Pedidos"},"content":{"rendered":"<h2>Gu\u00eda de Pedidos del Modelo 4744<\/h2>\n<table class=\"OrderingGuide\">\n<tbody>\n<tr>\n<td class=\"OrderingGuide-DarkGreen\" colspan=\"2\">Recipiente de Digesti\u00f3n \u00c1cida 4744<\/td>\n<\/tr>\n<tr>\n<td valign=\"top\"><strong><strong>N\u00b0 Parte<\/strong><\/strong><\/td>\n<td valign=\"top\"><strong><strong>Descripci\u00f3n<\/strong><\/strong><\/td>\n<\/tr>\n<tr class=\"OrderingGuide-LightGreen\">\n<td valign=\"top\">4744<\/td>\n<td valign=\"top\">Recipiente de Digesti\u00f3n \u00c1cida, 45 ml<\/td>\n<\/tr>\n<tr>\n<td valign=\"top\">A280AC2<\/td>\n<td valign=\"top\">Remplazo de Copa de PTFE con Tapa, 45 ml<\/td>\n<\/tr>\n<tr class=\"OrderingGuide-LightGreen\">\n<td valign=\"top\">286AC<\/td>\n<td valign=\"top\">Disco de Corrosi\u00f3n<\/td>\n<\/tr>\n<tr>\n<td valign=\"top\">287AC<\/td>\n<td valign=\"top\">Disco de Ruptura, Inconel 4744<\/td>\n<\/tr>\n<tr class=\"OrderingGuide-LightGreen\">\n<td valign=\"top\">264AC2<\/td>\n<td valign=\"top\">Llave de Gancho<\/td>\n<\/tr>\n<tr>\n<td valign=\"top\">A285AC<\/td>\n<td valign=\"top\">Mobiliario de Soporte<\/td>\n<\/tr>\n<tr class=\"OrderingGuide-LightGreen\">\n<td valign=\"top\">A284AC<\/td>\n<td valign=\"top\">Anillo de Volteo<\/td>\n<\/tr>\n<\/tbody>\n<\/table>\n","protected":false},"excerpt":{"rendered":"<p>Gu\u00eda de Pedidos del Modelo 4744 Recipiente de Digesti\u00f3n \u00c1cida 4744 N\u00b0 Parte Descripci\u00f3n 4744 Recipiente de Digesti\u00f3n \u00c1cida, 45 ml A280AC2 Remplazo de Copa de PTFE con Tapa, 45 ml 286AC Disco de Corrosi\u00f3n 287AC Disco de Ruptura, Inconel 4744 264AC2 Llave de Gancho A285AC Mobiliario de Soporte A284AC Anillo de Volteo<\/p>\n","protected":false},"author":12,"featured_media":37722,"parent":702,"menu_order":5,"comment_status":"closed","ping_status":"closed","template":"product-narrow.php","meta":{"_acf_changed":false,"footnotes":"","_links_to":"","_links_to_target":""},"class_list":["post-11265","page","type-page","status-publish","has-post-thumbnail","hentry"],"acf":[],"yoast_head":"<!-- This site is optimized with the Yoast SEO plugin v27.4 - https:\/\/yoast.com\/product\/yoast-seo-wordpress\/ -->\n<title>Gu\u00eda de Pedidos - Parr Instrument (Espa\u00f1ol)<\/title>\n<meta name=\"robots\" content=\"index, follow, max-snippet:-1, max-image-preview:large, max-video-preview:-1\" \/>\n<link rel=\"canonical\" href=\"https:\/\/www.parrinst.com\/es\/products\/sample-preparation\/acid-digestion\/general-purpose-acid-digestion-vessel-model-4744-45-ml\/ordering-guide\/\" \/>\n<meta property=\"og:locale\" content=\"en_US\" \/>\n<meta property=\"og:type\" content=\"article\" \/>\n<meta property=\"og:title\" content=\"Gu\u00eda de Pedidos - Parr Instrument (Espa\u00f1ol)\" \/>\n<meta property=\"og:description\" content=\"Gu\u00eda de Pedidos del Modelo 4744 Recipiente de Digesti\u00f3n \u00c1cida 4744 N\u00b0 Parte Descripci\u00f3n 4744 Recipiente de Digesti\u00f3n \u00c1cida, 45 ml A280AC2 Remplazo de Copa de PTFE con Tapa, 45 ml 286AC Disco de Corrosi\u00f3n 287AC Disco de Ruptura, Inconel 4744 264AC2 Llave de Gancho A285AC Mobiliario de Soporte A284AC Anillo de Volteo\" \/>\n<meta property=\"og:url\" content=\"https:\/\/www.parrinst.com\/es\/products\/sample-preparation\/acid-digestion\/general-purpose-acid-digestion-vessel-model-4744-45-ml\/ordering-guide\/\" \/>\n<meta property=\"og:site_name\" content=\"Parr Instrument (Espa\u00f1ol)\" \/>\n<meta property=\"article:modified_time\" content=\"2016-07-25T15:31:18+00:00\" \/>\n<meta property=\"og:image\" content=\"https:\/\/www.parrinst.com\/es\/files\/2018\/01\/parr_banner_sample-prep_secondary-1.jpg\" \/>\n\t<meta property=\"og:image:width\" content=\"2200\" \/>\n\t<meta property=\"og:image:height\" content=\"399\" \/>\n\t<meta property=\"og:image:type\" content=\"image\/jpeg\" \/>\n<meta name=\"twitter:card\" content=\"summary_large_image\" \/>\n<script type=\"application\/ld+json\" class=\"yoast-schema-graph\">{\"@context\":\"https:\\\/\\\/schema.org\",\"@graph\":[{\"@type\":\"WebPage\",\"@id\":\"https:\\\/\\\/www.parrinst.com\\\/es\\\/products\\\/sample-preparation\\\/acid-digestion\\\/general-purpose-acid-digestion-vessel-model-4744-45-ml\\\/ordering-guide\\\/\",\"url\":\"https:\\\/\\\/www.parrinst.com\\\/es\\\/products\\\/sample-preparation\\\/acid-digestion\\\/general-purpose-acid-digestion-vessel-model-4744-45-ml\\\/ordering-guide\\\/\",\"name\":\"Gu\u00eda de Pedidos - Parr Instrument (Espa\u00f1ol)\",\"isPartOf\":{\"@id\":\"https:\\\/\\\/www.parrinst.com\\\/es\\\/#website\"},\"primaryImageOfPage\":{\"@id\":\"https:\\\/\\\/www.parrinst.com\\\/es\\\/products\\\/sample-preparation\\\/acid-digestion\\\/general-purpose-acid-digestion-vessel-model-4744-45-ml\\\/ordering-guide\\\/#primaryimage\"},\"image\":{\"@id\":\"https:\\\/\\\/www.parrinst.com\\\/es\\\/products\\\/sample-preparation\\\/acid-digestion\\\/general-purpose-acid-digestion-vessel-model-4744-45-ml\\\/ordering-guide\\\/#primaryimage\"},\"thumbnailUrl\":\"https:\\\/\\\/i0.wp.com\\\/www.parrinst.com\\\/es\\\/wp-content\\\/uploads\\\/sites\\\/7\\\/2018\\\/01\\\/parr_banner_sample-prep_secondary-1.jpg?fit=2200%2C399&ssl=1\",\"datePublished\":\"2013-02-28T21:32:48+00:00\",\"dateModified\":\"2016-07-25T15:31:18+00:00\",\"breadcrumb\":{\"@id\":\"https:\\\/\\\/www.parrinst.com\\\/es\\\/products\\\/sample-preparation\\\/acid-digestion\\\/general-purpose-acid-digestion-vessel-model-4744-45-ml\\\/ordering-guide\\\/#breadcrumb\"},\"inLanguage\":\"en-US\",\"potentialAction\":[{\"@type\":\"ReadAction\",\"target\":[\"https:\\\/\\\/www.parrinst.com\\\/es\\\/products\\\/sample-preparation\\\/acid-digestion\\\/general-purpose-acid-digestion-vessel-model-4744-45-ml\\\/ordering-guide\\\/\"]}]},{\"@type\":\"ImageObject\",\"inLanguage\":\"en-US\",\"@id\":\"https:\\\/\\\/www.parrinst.com\\\/es\\\/products\\\/sample-preparation\\\/acid-digestion\\\/general-purpose-acid-digestion-vessel-model-4744-45-ml\\\/ordering-guide\\\/#primaryimage\",\"url\":\"https:\\\/\\\/i0.wp.com\\\/www.parrinst.com\\\/es\\\/wp-content\\\/uploads\\\/sites\\\/7\\\/2018\\\/01\\\/parr_banner_sample-prep_secondary-1.jpg?fit=2200%2C399&ssl=1\",\"contentUrl\":\"https:\\\/\\\/i0.wp.com\\\/www.parrinst.com\\\/es\\\/wp-content\\\/uploads\\\/sites\\\/7\\\/2018\\\/01\\\/parr_banner_sample-prep_secondary-1.jpg?fit=2200%2C399&ssl=1\",\"width\":2200,\"height\":399},{\"@type\":\"BreadcrumbList\",\"@id\":\"https:\\\/\\\/www.parrinst.com\\\/es\\\/products\\\/sample-preparation\\\/acid-digestion\\\/general-purpose-acid-digestion-vessel-model-4744-45-ml\\\/ordering-guide\\\/#breadcrumb\",\"itemListElement\":[{\"@type\":\"ListItem\",\"position\":1,\"name\":\"Home\",\"item\":\"https:\\\/\\\/www.parrinst.com\\\/es\\\/\"},{\"@type\":\"ListItem\",\"position\":2,\"name\":\"Products\",\"item\":\"https:\\\/\\\/www.parrinst.com\\\/es\\\/products\\\/\"},{\"@type\":\"ListItem\",\"position\":3,\"name\":\"Preparaci\u00f3n de Muestras\",\"item\":\"https:\\\/\\\/www.parrinst.com\\\/es\\\/products\\\/sample-preparation\\\/\"},{\"@type\":\"ListItem\",\"position\":4,\"name\":\"Digesti\u00f3n \u00c1cida\",\"item\":\"https:\\\/\\\/www.parrinst.com\\\/es\\\/products\\\/sample-preparation\\\/acid-digestion\\\/\"},{\"@type\":\"ListItem\",\"position\":5,\"name\":\"Recipiente de Digesti\u00f3n \u00c1cida de Uso General, 45 ml Modelo 4744\",\"item\":\"https:\\\/\\\/www.parrinst.com\\\/es\\\/products\\\/sample-preparation\\\/acid-digestion\\\/general-purpose-acid-digestion-vessel-model-4744-45-ml\\\/\"},{\"@type\":\"ListItem\",\"position\":6,\"name\":\"Gu\u00eda de Pedidos\"}]},{\"@type\":\"WebSite\",\"@id\":\"https:\\\/\\\/www.parrinst.com\\\/es\\\/#website\",\"url\":\"https:\\\/\\\/www.parrinst.com\\\/es\\\/\",\"name\":\"Parr Instrument (Espa\u00f1ol)\",\"description\":\"\",\"potentialAction\":[{\"@type\":\"SearchAction\",\"target\":{\"@type\":\"EntryPoint\",\"urlTemplate\":\"https:\\\/\\\/www.parrinst.com\\\/es\\\/?s={search_term_string}\"},\"query-input\":{\"@type\":\"PropertyValueSpecification\",\"valueRequired\":true,\"valueName\":\"search_term_string\"}}],\"inLanguage\":\"en-US\"}]}<\/script>\n<!-- \/ Yoast SEO plugin. -->","yoast_head_json":{"title":"Gu\u00eda de Pedidos - Parr Instrument (Espa\u00f1ol)","robots":{"index":"index","follow":"follow","max-snippet":"max-snippet:-1","max-image-preview":"max-image-preview:large","max-video-preview":"max-video-preview:-1"},"canonical":"https:\/\/www.parrinst.com\/es\/products\/sample-preparation\/acid-digestion\/general-purpose-acid-digestion-vessel-model-4744-45-ml\/ordering-guide\/","og_locale":"en_US","og_type":"article","og_title":"Gu\u00eda de Pedidos - Parr Instrument (Espa\u00f1ol)","og_description":"Gu\u00eda de Pedidos del Modelo 4744 Recipiente de Digesti\u00f3n \u00c1cida 4744 N\u00b0 Parte Descripci\u00f3n 4744 Recipiente de Digesti\u00f3n \u00c1cida, 45 ml A280AC2 Remplazo de Copa de PTFE con Tapa, 45 ml 286AC Disco de Corrosi\u00f3n 287AC Disco de Ruptura, Inconel 4744 264AC2 Llave de Gancho A285AC Mobiliario de Soporte A284AC Anillo de Volteo","og_url":"https:\/\/www.parrinst.com\/es\/products\/sample-preparation\/acid-digestion\/general-purpose-acid-digestion-vessel-model-4744-45-ml\/ordering-guide\/","og_site_name":"Parr Instrument (Espa\u00f1ol)","article_modified_time":"2016-07-25T15:31:18+00:00","og_image":[{"width":2200,"height":399,"url":"https:\/\/www.parrinst.com\/es\/files\/2018\/01\/parr_banner_sample-prep_secondary-1.jpg","type":"image\/jpeg"}],"twitter_card":"summary_large_image","schema":{"@context":"https:\/\/schema.org","@graph":[{"@type":"WebPage","@id":"https:\/\/www.parrinst.com\/es\/products\/sample-preparation\/acid-digestion\/general-purpose-acid-digestion-vessel-model-4744-45-ml\/ordering-guide\/","url":"https:\/\/www.parrinst.com\/es\/products\/sample-preparation\/acid-digestion\/general-purpose-acid-digestion-vessel-model-4744-45-ml\/ordering-guide\/","name":"Gu\u00eda de Pedidos - Parr Instrument (Espa\u00f1ol)","isPartOf":{"@id":"https:\/\/www.parrinst.com\/es\/#website"},"primaryImageOfPage":{"@id":"https:\/\/www.parrinst.com\/es\/products\/sample-preparation\/acid-digestion\/general-purpose-acid-digestion-vessel-model-4744-45-ml\/ordering-guide\/#primaryimage"},"image":{"@id":"https:\/\/www.parrinst.com\/es\/products\/sample-preparation\/acid-digestion\/general-purpose-acid-digestion-vessel-model-4744-45-ml\/ordering-guide\/#primaryimage"},"thumbnailUrl":"https:\/\/i0.wp.com\/www.parrinst.com\/es\/wp-content\/uploads\/sites\/7\/2018\/01\/parr_banner_sample-prep_secondary-1.jpg?fit=2200%2C399&ssl=1","datePublished":"2013-02-28T21:32:48+00:00","dateModified":"2016-07-25T15:31:18+00:00","breadcrumb":{"@id":"https:\/\/www.parrinst.com\/es\/products\/sample-preparation\/acid-digestion\/general-purpose-acid-digestion-vessel-model-4744-45-ml\/ordering-guide\/#breadcrumb"},"inLanguage":"en-US","potentialAction":[{"@type":"ReadAction","target":["https:\/\/www.parrinst.com\/es\/products\/sample-preparation\/acid-digestion\/general-purpose-acid-digestion-vessel-model-4744-45-ml\/ordering-guide\/"]}]},{"@type":"ImageObject","inLanguage":"en-US","@id":"https:\/\/www.parrinst.com\/es\/products\/sample-preparation\/acid-digestion\/general-purpose-acid-digestion-vessel-model-4744-45-ml\/ordering-guide\/#primaryimage","url":"https:\/\/i0.wp.com\/www.parrinst.com\/es\/wp-content\/uploads\/sites\/7\/2018\/01\/parr_banner_sample-prep_secondary-1.jpg?fit=2200%2C399&ssl=1","contentUrl":"https:\/\/i0.wp.com\/www.parrinst.com\/es\/wp-content\/uploads\/sites\/7\/2018\/01\/parr_banner_sample-prep_secondary-1.jpg?fit=2200%2C399&ssl=1","width":2200,"height":399},{"@type":"BreadcrumbList","@id":"https:\/\/www.parrinst.com\/es\/products\/sample-preparation\/acid-digestion\/general-purpose-acid-digestion-vessel-model-4744-45-ml\/ordering-guide\/#breadcrumb","itemListElement":[{"@type":"ListItem","position":1,"name":"Home","item":"https:\/\/www.parrinst.com\/es\/"},{"@type":"ListItem","position":2,"name":"Products","item":"https:\/\/www.parrinst.com\/es\/products\/"},{"@type":"ListItem","position":3,"name":"Preparaci\u00f3n de Muestras","item":"https:\/\/www.parrinst.com\/es\/products\/sample-preparation\/"},{"@type":"ListItem","position":4,"name":"Digesti\u00f3n \u00c1cida","item":"https:\/\/www.parrinst.com\/es\/products\/sample-preparation\/acid-digestion\/"},{"@type":"ListItem","position":5,"name":"Recipiente de Digesti\u00f3n \u00c1cida de Uso General, 45 ml Modelo 4744","item":"https:\/\/www.parrinst.com\/es\/products\/sample-preparation\/acid-digestion\/general-purpose-acid-digestion-vessel-model-4744-45-ml\/"},{"@type":"ListItem","position":6,"name":"Gu\u00eda de Pedidos"}]},{"@type":"WebSite","@id":"https:\/\/www.parrinst.com\/es\/#website","url":"https:\/\/www.parrinst.com\/es\/","name":"Parr Instrument (Espa\u00f1ol)","description":"","potentialAction":[{"@type":"SearchAction","target":{"@type":"EntryPoint","urlTemplate":"https:\/\/www.parrinst.com\/es\/?s={search_term_string}"},"query-input":{"@type":"PropertyValueSpecification","valueRequired":true,"valueName":"search_term_string"}}],"inLanguage":"en-US"}]}},"jetpack_sharing_enabled":true,"_links":{"self":[{"href":"https:\/\/www.parrinst.com\/es\/wp-json\/wp\/v2\/pages\/11265","targetHints":{"allow":["GET"]}}],"collection":[{"href":"https:\/\/www.parrinst.com\/es\/wp-json\/wp\/v2\/pages"}],"about":[{"href":"https:\/\/www.parrinst.com\/es\/wp-json\/wp\/v2\/types\/page"}],"author":[{"embeddable":true,"href":"https:\/\/www.parrinst.com\/es\/wp-json\/wp\/v2\/users\/12"}],"replies":[{"embeddable":true,"href":"https:\/\/www.parrinst.com\/es\/wp-json\/wp\/v2\/comments?post=11265"}],"version-history":[{"count":0,"href":"https:\/\/www.parrinst.com\/es\/wp-json\/wp\/v2\/pages\/11265\/revisions"}],"up":[{"embeddable":true,"href":"https:\/\/www.parrinst.com\/es\/wp-json\/wp\/v2\/pages\/702"}],"wp:featuredmedia":[{"embeddable":true,"href":"https:\/\/www.parrinst.com\/es\/wp-json\/wp\/v2\/media\/37722"}],"wp:attachment":[{"href":"https:\/\/www.parrinst.com\/es\/wp-json\/wp\/v2\/media?parent=11265"}],"curies":[{"name":"wp","href":"https:\/\/api.w.org\/{rel}","templated":true}]}}