{"id":11271,"date":"2013-02-28T15:43:04","date_gmt":"2013-02-28T21:43:04","guid":{"rendered":"https:\/\/www.parrinst.com\/es\/?page_id=11271"},"modified":"2016-07-27T11:14:10","modified_gmt":"2016-07-27T16:14:10","slug":"ordering-guide","status":"publish","type":"page","link":"https:\/\/www.parrinst.com\/es\/products\/sample-preparation\/acid-digestion\/high-pressure-acid-digestion-vessel-models-4746-4747-23-ml\/ordering-guide\/","title":{"rendered":"Gu\u00eda de Pedidos"},"content":{"rendered":"<h2>Gu\u00eda de Pedidos del Modelo 4746-4747<\/h2>\n<table class=\"OrderingGuide\">\n<tbody>\n<tr>\n<td class=\"OrderingGuide-DarkGreen\" colspan=\"2\">4746-4647 Recipientes de Digesti\u00f3n \u00c1cida<\/td>\n<\/tr>\n<tr>\n<td><strong><strong>N\u00b0 Parte<\/strong><\/strong><\/td>\n<td><strong><strong>Descripci\u00f3n<\/strong><\/strong><\/td>\n<\/tr>\n<tr class=\"OrderingGuide-LightGreen\">\n<td>4746<\/td>\n<td>Recipiente de Digesti\u00f3n \u00c1cida, Alta Presi\u00f3n, Acero Inoxidable<\/td>\n<\/tr>\n<tr>\n<td>4747<\/td>\n<td>Recipiente\u00a0de Digesti\u00f3n \u00c1cida, Alta Presi\u00f3n, N\u00edquel<\/td>\n<\/tr>\n<tr class=\"OrderingGuide-LightGreen\">\n<td>A255AC<\/td>\n<td>Copa de Remplazo PTFE con Tapa, 23 ml<\/td>\n<\/tr>\n<tr>\n<td>252AC<\/td>\n<td>Disco de Corrosi\u00f3n, .002 pulg., T347SS<\/td>\n<\/tr>\n<tr class=\"OrderingGuide-LightGreen\">\n<td>253AC<\/td>\n<td>Disco de Ruptura, .010 pulg., T347SS<\/td>\n<\/tr>\n<tr>\n<td>A263AC<\/td>\n<td>Ensamble de Gato 264AC con Llave<\/td>\n<\/tr>\n<tr class=\"OrderingGuide-LightGreen\">\n<td>264AC<\/td>\n<td>S\u00f3lo Llave<\/td>\n<\/tr>\n<\/tbody>\n<\/table>\n<p>&nbsp;<\/p>\n","protected":false},"excerpt":{"rendered":"<p>Gu\u00eda de Pedidos del Modelo 4746-4747 4746-4647 Recipientes de Digesti\u00f3n \u00c1cida N\u00b0 Parte Descripci\u00f3n 4746 Recipiente de Digesti\u00f3n \u00c1cida, Alta Presi\u00f3n, Acero Inoxidable 4747 Recipiente\u00a0de Digesti\u00f3n \u00c1cida, Alta Presi\u00f3n, N\u00edquel A255AC Copa de Remplazo PTFE con Tapa, 23 ml 252AC Disco de Corrosi\u00f3n, .002 pulg., T347SS 253AC Disco de Ruptura, .010 pulg., T347SS A263AC Ensamble [&hellip;]<\/p>\n","protected":false},"author":12,"featured_media":37722,"parent":707,"menu_order":5,"comment_status":"closed","ping_status":"closed","template":"product-narrow.php","meta":{"_acf_changed":false,"footnotes":"","_links_to":"","_links_to_target":""},"class_list":["post-11271","page","type-page","status-publish","has-post-thumbnail","hentry"],"acf":[],"yoast_head":"<!-- This site is optimized with the Yoast SEO plugin v27.4 - https:\/\/yoast.com\/product\/yoast-seo-wordpress\/ -->\n<title>Gu\u00eda de Pedidos - Parr Instrument (Espa\u00f1ol)<\/title>\n<meta name=\"robots\" content=\"index, follow, max-snippet:-1, max-image-preview:large, max-video-preview:-1\" \/>\n<link rel=\"canonical\" href=\"https:\/\/www.parrinst.com\/es\/products\/sample-preparation\/acid-digestion\/high-pressure-acid-digestion-vessel-models-4746-4747-23-ml\/ordering-guide\/\" \/>\n<meta property=\"og:locale\" content=\"en_US\" \/>\n<meta property=\"og:type\" content=\"article\" \/>\n<meta property=\"og:title\" content=\"Gu\u00eda de Pedidos - Parr Instrument (Espa\u00f1ol)\" \/>\n<meta property=\"og:description\" content=\"Gu\u00eda de Pedidos del Modelo 4746-4747 4746-4647 Recipientes de Digesti\u00f3n \u00c1cida N\u00b0 Parte Descripci\u00f3n 4746 Recipiente de Digesti\u00f3n \u00c1cida, Alta Presi\u00f3n, Acero Inoxidable 4747 Recipiente\u00a0de Digesti\u00f3n \u00c1cida, Alta Presi\u00f3n, N\u00edquel A255AC Copa de Remplazo PTFE con Tapa, 23 ml 252AC Disco de Corrosi\u00f3n, .002 pulg., T347SS 253AC Disco de Ruptura, .010 pulg., T347SS A263AC Ensamble [&hellip;]\" \/>\n<meta property=\"og:url\" content=\"https:\/\/www.parrinst.com\/es\/products\/sample-preparation\/acid-digestion\/high-pressure-acid-digestion-vessel-models-4746-4747-23-ml\/ordering-guide\/\" \/>\n<meta property=\"og:site_name\" content=\"Parr Instrument (Espa\u00f1ol)\" \/>\n<meta property=\"article:modified_time\" content=\"2016-07-27T16:14:10+00:00\" \/>\n<meta property=\"og:image\" content=\"https:\/\/www.parrinst.com\/es\/files\/2018\/01\/parr_banner_sample-prep_secondary-1.jpg\" \/>\n\t<meta property=\"og:image:width\" content=\"2200\" \/>\n\t<meta property=\"og:image:height\" content=\"399\" \/>\n\t<meta property=\"og:image:type\" content=\"image\/jpeg\" \/>\n<meta name=\"twitter:card\" content=\"summary_large_image\" \/>\n<script type=\"application\/ld+json\" class=\"yoast-schema-graph\">{\"@context\":\"https:\\\/\\\/schema.org\",\"@graph\":[{\"@type\":\"WebPage\",\"@id\":\"https:\\\/\\\/www.parrinst.com\\\/es\\\/products\\\/sample-preparation\\\/acid-digestion\\\/high-pressure-acid-digestion-vessel-models-4746-4747-23-ml\\\/ordering-guide\\\/\",\"url\":\"https:\\\/\\\/www.parrinst.com\\\/es\\\/products\\\/sample-preparation\\\/acid-digestion\\\/high-pressure-acid-digestion-vessel-models-4746-4747-23-ml\\\/ordering-guide\\\/\",\"name\":\"Gu\u00eda de Pedidos - Parr Instrument (Espa\u00f1ol)\",\"isPartOf\":{\"@id\":\"https:\\\/\\\/www.parrinst.com\\\/es\\\/#website\"},\"primaryImageOfPage\":{\"@id\":\"https:\\\/\\\/www.parrinst.com\\\/es\\\/products\\\/sample-preparation\\\/acid-digestion\\\/high-pressure-acid-digestion-vessel-models-4746-4747-23-ml\\\/ordering-guide\\\/#primaryimage\"},\"image\":{\"@id\":\"https:\\\/\\\/www.parrinst.com\\\/es\\\/products\\\/sample-preparation\\\/acid-digestion\\\/high-pressure-acid-digestion-vessel-models-4746-4747-23-ml\\\/ordering-guide\\\/#primaryimage\"},\"thumbnailUrl\":\"https:\\\/\\\/i0.wp.com\\\/www.parrinst.com\\\/es\\\/wp-content\\\/uploads\\\/sites\\\/7\\\/2018\\\/01\\\/parr_banner_sample-prep_secondary-1.jpg?fit=2200%2C399&ssl=1\",\"datePublished\":\"2013-02-28T21:43:04+00:00\",\"dateModified\":\"2016-07-27T16:14:10+00:00\",\"breadcrumb\":{\"@id\":\"https:\\\/\\\/www.parrinst.com\\\/es\\\/products\\\/sample-preparation\\\/acid-digestion\\\/high-pressure-acid-digestion-vessel-models-4746-4747-23-ml\\\/ordering-guide\\\/#breadcrumb\"},\"inLanguage\":\"en-US\",\"potentialAction\":[{\"@type\":\"ReadAction\",\"target\":[\"https:\\\/\\\/www.parrinst.com\\\/es\\\/products\\\/sample-preparation\\\/acid-digestion\\\/high-pressure-acid-digestion-vessel-models-4746-4747-23-ml\\\/ordering-guide\\\/\"]}]},{\"@type\":\"ImageObject\",\"inLanguage\":\"en-US\",\"@id\":\"https:\\\/\\\/www.parrinst.com\\\/es\\\/products\\\/sample-preparation\\\/acid-digestion\\\/high-pressure-acid-digestion-vessel-models-4746-4747-23-ml\\\/ordering-guide\\\/#primaryimage\",\"url\":\"https:\\\/\\\/i0.wp.com\\\/www.parrinst.com\\\/es\\\/wp-content\\\/uploads\\\/sites\\\/7\\\/2018\\\/01\\\/parr_banner_sample-prep_secondary-1.jpg?fit=2200%2C399&ssl=1\",\"contentUrl\":\"https:\\\/\\\/i0.wp.com\\\/www.parrinst.com\\\/es\\\/wp-content\\\/uploads\\\/sites\\\/7\\\/2018\\\/01\\\/parr_banner_sample-prep_secondary-1.jpg?fit=2200%2C399&ssl=1\",\"width\":2200,\"height\":399},{\"@type\":\"BreadcrumbList\",\"@id\":\"https:\\\/\\\/www.parrinst.com\\\/es\\\/products\\\/sample-preparation\\\/acid-digestion\\\/high-pressure-acid-digestion-vessel-models-4746-4747-23-ml\\\/ordering-guide\\\/#breadcrumb\",\"itemListElement\":[{\"@type\":\"ListItem\",\"position\":1,\"name\":\"Home\",\"item\":\"https:\\\/\\\/www.parrinst.com\\\/es\\\/\"},{\"@type\":\"ListItem\",\"position\":2,\"name\":\"Products\",\"item\":\"https:\\\/\\\/www.parrinst.com\\\/es\\\/products\\\/\"},{\"@type\":\"ListItem\",\"position\":3,\"name\":\"Preparaci\u00f3n de Muestras\",\"item\":\"https:\\\/\\\/www.parrinst.com\\\/es\\\/products\\\/sample-preparation\\\/\"},{\"@type\":\"ListItem\",\"position\":4,\"name\":\"Digesti\u00f3n \u00c1cida\",\"item\":\"https:\\\/\\\/www.parrinst.com\\\/es\\\/products\\\/sample-preparation\\\/acid-digestion\\\/\"},{\"@type\":\"ListItem\",\"position\":5,\"name\":\"Recipiente de Digesti\u00f3n \u00c1cida de Alta Presi\u00f3n, 23 ml Modelos 4746 y 4747\",\"item\":\"https:\\\/\\\/www.parrinst.com\\\/es\\\/products\\\/sample-preparation\\\/acid-digestion\\\/high-pressure-acid-digestion-vessel-models-4746-4747-23-ml\\\/\"},{\"@type\":\"ListItem\",\"position\":6,\"name\":\"Gu\u00eda de Pedidos\"}]},{\"@type\":\"WebSite\",\"@id\":\"https:\\\/\\\/www.parrinst.com\\\/es\\\/#website\",\"url\":\"https:\\\/\\\/www.parrinst.com\\\/es\\\/\",\"name\":\"Parr Instrument (Espa\u00f1ol)\",\"description\":\"\",\"potentialAction\":[{\"@type\":\"SearchAction\",\"target\":{\"@type\":\"EntryPoint\",\"urlTemplate\":\"https:\\\/\\\/www.parrinst.com\\\/es\\\/?s={search_term_string}\"},\"query-input\":{\"@type\":\"PropertyValueSpecification\",\"valueRequired\":true,\"valueName\":\"search_term_string\"}}],\"inLanguage\":\"en-US\"}]}<\/script>\n<!-- \/ Yoast SEO plugin. -->","yoast_head_json":{"title":"Gu\u00eda de Pedidos - Parr Instrument (Espa\u00f1ol)","robots":{"index":"index","follow":"follow","max-snippet":"max-snippet:-1","max-image-preview":"max-image-preview:large","max-video-preview":"max-video-preview:-1"},"canonical":"https:\/\/www.parrinst.com\/es\/products\/sample-preparation\/acid-digestion\/high-pressure-acid-digestion-vessel-models-4746-4747-23-ml\/ordering-guide\/","og_locale":"en_US","og_type":"article","og_title":"Gu\u00eda de Pedidos - Parr Instrument (Espa\u00f1ol)","og_description":"Gu\u00eda de Pedidos del Modelo 4746-4747 4746-4647 Recipientes de Digesti\u00f3n \u00c1cida N\u00b0 Parte Descripci\u00f3n 4746 Recipiente de Digesti\u00f3n \u00c1cida, Alta Presi\u00f3n, Acero Inoxidable 4747 Recipiente\u00a0de Digesti\u00f3n \u00c1cida, Alta Presi\u00f3n, N\u00edquel A255AC Copa de Remplazo PTFE con Tapa, 23 ml 252AC Disco de Corrosi\u00f3n, .002 pulg., T347SS 253AC Disco de Ruptura, .010 pulg., T347SS A263AC Ensamble [&hellip;]","og_url":"https:\/\/www.parrinst.com\/es\/products\/sample-preparation\/acid-digestion\/high-pressure-acid-digestion-vessel-models-4746-4747-23-ml\/ordering-guide\/","og_site_name":"Parr Instrument (Espa\u00f1ol)","article_modified_time":"2016-07-27T16:14:10+00:00","og_image":[{"width":2200,"height":399,"url":"https:\/\/www.parrinst.com\/es\/files\/2018\/01\/parr_banner_sample-prep_secondary-1.jpg","type":"image\/jpeg"}],"twitter_card":"summary_large_image","schema":{"@context":"https:\/\/schema.org","@graph":[{"@type":"WebPage","@id":"https:\/\/www.parrinst.com\/es\/products\/sample-preparation\/acid-digestion\/high-pressure-acid-digestion-vessel-models-4746-4747-23-ml\/ordering-guide\/","url":"https:\/\/www.parrinst.com\/es\/products\/sample-preparation\/acid-digestion\/high-pressure-acid-digestion-vessel-models-4746-4747-23-ml\/ordering-guide\/","name":"Gu\u00eda de Pedidos - Parr Instrument (Espa\u00f1ol)","isPartOf":{"@id":"https:\/\/www.parrinst.com\/es\/#website"},"primaryImageOfPage":{"@id":"https:\/\/www.parrinst.com\/es\/products\/sample-preparation\/acid-digestion\/high-pressure-acid-digestion-vessel-models-4746-4747-23-ml\/ordering-guide\/#primaryimage"},"image":{"@id":"https:\/\/www.parrinst.com\/es\/products\/sample-preparation\/acid-digestion\/high-pressure-acid-digestion-vessel-models-4746-4747-23-ml\/ordering-guide\/#primaryimage"},"thumbnailUrl":"https:\/\/i0.wp.com\/www.parrinst.com\/es\/wp-content\/uploads\/sites\/7\/2018\/01\/parr_banner_sample-prep_secondary-1.jpg?fit=2200%2C399&ssl=1","datePublished":"2013-02-28T21:43:04+00:00","dateModified":"2016-07-27T16:14:10+00:00","breadcrumb":{"@id":"https:\/\/www.parrinst.com\/es\/products\/sample-preparation\/acid-digestion\/high-pressure-acid-digestion-vessel-models-4746-4747-23-ml\/ordering-guide\/#breadcrumb"},"inLanguage":"en-US","potentialAction":[{"@type":"ReadAction","target":["https:\/\/www.parrinst.com\/es\/products\/sample-preparation\/acid-digestion\/high-pressure-acid-digestion-vessel-models-4746-4747-23-ml\/ordering-guide\/"]}]},{"@type":"ImageObject","inLanguage":"en-US","@id":"https:\/\/www.parrinst.com\/es\/products\/sample-preparation\/acid-digestion\/high-pressure-acid-digestion-vessel-models-4746-4747-23-ml\/ordering-guide\/#primaryimage","url":"https:\/\/i0.wp.com\/www.parrinst.com\/es\/wp-content\/uploads\/sites\/7\/2018\/01\/parr_banner_sample-prep_secondary-1.jpg?fit=2200%2C399&ssl=1","contentUrl":"https:\/\/i0.wp.com\/www.parrinst.com\/es\/wp-content\/uploads\/sites\/7\/2018\/01\/parr_banner_sample-prep_secondary-1.jpg?fit=2200%2C399&ssl=1","width":2200,"height":399},{"@type":"BreadcrumbList","@id":"https:\/\/www.parrinst.com\/es\/products\/sample-preparation\/acid-digestion\/high-pressure-acid-digestion-vessel-models-4746-4747-23-ml\/ordering-guide\/#breadcrumb","itemListElement":[{"@type":"ListItem","position":1,"name":"Home","item":"https:\/\/www.parrinst.com\/es\/"},{"@type":"ListItem","position":2,"name":"Products","item":"https:\/\/www.parrinst.com\/es\/products\/"},{"@type":"ListItem","position":3,"name":"Preparaci\u00f3n de Muestras","item":"https:\/\/www.parrinst.com\/es\/products\/sample-preparation\/"},{"@type":"ListItem","position":4,"name":"Digesti\u00f3n \u00c1cida","item":"https:\/\/www.parrinst.com\/es\/products\/sample-preparation\/acid-digestion\/"},{"@type":"ListItem","position":5,"name":"Recipiente de Digesti\u00f3n \u00c1cida de Alta Presi\u00f3n, 23 ml Modelos 4746 y 4747","item":"https:\/\/www.parrinst.com\/es\/products\/sample-preparation\/acid-digestion\/high-pressure-acid-digestion-vessel-models-4746-4747-23-ml\/"},{"@type":"ListItem","position":6,"name":"Gu\u00eda de Pedidos"}]},{"@type":"WebSite","@id":"https:\/\/www.parrinst.com\/es\/#website","url":"https:\/\/www.parrinst.com\/es\/","name":"Parr Instrument (Espa\u00f1ol)","description":"","potentialAction":[{"@type":"SearchAction","target":{"@type":"EntryPoint","urlTemplate":"https:\/\/www.parrinst.com\/es\/?s={search_term_string}"},"query-input":{"@type":"PropertyValueSpecification","valueRequired":true,"valueName":"search_term_string"}}],"inLanguage":"en-US"}]}},"jetpack_sharing_enabled":true,"_links":{"self":[{"href":"https:\/\/www.parrinst.com\/es\/wp-json\/wp\/v2\/pages\/11271","targetHints":{"allow":["GET"]}}],"collection":[{"href":"https:\/\/www.parrinst.com\/es\/wp-json\/wp\/v2\/pages"}],"about":[{"href":"https:\/\/www.parrinst.com\/es\/wp-json\/wp\/v2\/types\/page"}],"author":[{"embeddable":true,"href":"https:\/\/www.parrinst.com\/es\/wp-json\/wp\/v2\/users\/12"}],"replies":[{"embeddable":true,"href":"https:\/\/www.parrinst.com\/es\/wp-json\/wp\/v2\/comments?post=11271"}],"version-history":[{"count":0,"href":"https:\/\/www.parrinst.com\/es\/wp-json\/wp\/v2\/pages\/11271\/revisions"}],"up":[{"embeddable":true,"href":"https:\/\/www.parrinst.com\/es\/wp-json\/wp\/v2\/pages\/707"}],"wp:featuredmedia":[{"embeddable":true,"href":"https:\/\/www.parrinst.com\/es\/wp-json\/wp\/v2\/media\/37722"}],"wp:attachment":[{"href":"https:\/\/www.parrinst.com\/es\/wp-json\/wp\/v2\/media?parent=11271"}],"curies":[{"name":"wp","href":"https:\/\/api.w.org\/{rel}","templated":true}]}}