{"id":11273,"date":"2013-02-28T15:46:20","date_gmt":"2013-02-28T21:46:20","guid":{"rendered":"https:\/\/www.parrinst.com\/es\/?page_id=11273"},"modified":"2018-03-15T12:06:57","modified_gmt":"2018-03-15T18:06:57","slug":"ordering-guide","status":"publish","type":"page","link":"https:\/\/www.parrinst.com\/es\/products\/sample-preparation\/acid-digestion\/large-capacity-acid-digestion-vessel-model-4748-125-ml\/ordering-guide\/","title":{"rendered":"Gu\u00eda de Pedidos"},"content":{"rendered":"<h2>Gu\u00eda de Pedidos del Modelo 4748<\/h2>\n<table class=\"OrderingGuide\">\n<tbody>\n<tr>\n<td class=\"OrderingGuide-DarkGreen\" colspan=\"2\">4748 Recipientes de Digesti\u00f3n \u00c1cida<\/td>\n<\/tr>\n<tr>\n<td><strong><strong>N\u00b0 Parte<\/strong><\/strong><\/td>\n<td><strong>Descripci\u00f3n<\/strong><\/td>\n<\/tr>\n<tr class=\"OrderingGuide-LightGreen\">\n<td>4748<\/td>\n<td>Recipiente de Digesti\u00f3n \u00c1cida, 125 ml<\/td>\n<\/tr>\n<tr>\n<td>A305AC<\/td>\n<td>Copa de PTFE de Remplazo con Tapa, 125 ml<\/td>\n<\/tr>\n<tr class=\"OrderingGuide-LightGreen\">\n<td>310AC<\/td>\n<td>Disco de Corrosi\u00f3n, .001 pulg,\u00a0Inconel<\/td>\n<\/tr>\n<tr>\n<td>311AC<\/td>\n<td>Disco de Ruptura, .0030 pulg, Inconel<\/td>\n<\/tr>\n<tr>\n<td>TX31SK<\/td>\n<td>5\/16\u00a0\u00a0Llave del tornillo del z\u00f3calo<\/td>\n<\/tr>\n<\/tbody>\n<\/table>\n<h2>Gu\u00eda de Pedidos del Modelo 4748A<\/h2>\n<table class=\"OrderingGuide\">\n<tbody>\n<tr>\n<td class=\"OrderingGuide-DarkGreen\" colspan=\"2\">4748A Recipientes de Digesti\u00f3n \u00c1cida<\/td>\n<\/tr>\n<tr>\n<td><strong><strong><strong>N\u00b0 Parte<\/strong><\/strong><\/strong><\/td>\n<td><strong><strong>Descripci\u00f3n<\/strong><\/strong><\/td>\n<\/tr>\n<tr class=\"OrderingGuide-LightGreen\">\n<td>4748A<\/td>\n<td>Recipiente de Digesti\u00f3n \u00c1cida, 200 mL<\/td>\n<\/tr>\n<tr>\n<td>A305AC2<\/td>\n<td>Copa de PTFE de Remplazo con Tapa,\u00a0200 mL<\/td>\n<\/tr>\n<tr class=\"OrderingGuide-LightGreen\">\n<td>310AC<\/td>\n<td>Disco de Corrosi\u00f3n, .001 pulg,\u00a0Inconel<\/td>\n<\/tr>\n<tr>\n<td>311AC<\/td>\n<td>Disco de Ruptura, .0030 pulg, Inconel<\/td>\n<\/tr>\n<\/tbody>\n<\/table>\n<p>&nbsp;<\/p>\n","protected":false},"excerpt":{"rendered":"<p>Gu\u00eda de Pedidos del Modelo 4748 4748 Recipientes de Digesti\u00f3n \u00c1cida N\u00b0 Parte Descripci\u00f3n 4748 Recipiente de Digesti\u00f3n \u00c1cida, 125 ml A305AC Copa de PTFE de Remplazo con Tapa, 125 ml 310AC Disco de Corrosi\u00f3n, .001 pulg,\u00a0Inconel 311AC Disco de Ruptura, .0030 pulg, Inconel TX31SK 5\/16\u00a0\u00a0Llave del tornillo del z\u00f3calo Gu\u00eda de Pedidos del Modelo [&hellip;]<\/p>\n","protected":false},"author":12,"featured_media":37722,"parent":709,"menu_order":5,"comment_status":"closed","ping_status":"closed","template":"product-narrow.php","meta":{"_acf_changed":false,"footnotes":"","_links_to":"","_links_to_target":""},"class_list":["post-11273","page","type-page","status-publish","has-post-thumbnail","hentry"],"acf":[],"yoast_head":"<!-- This site is optimized with the Yoast SEO plugin v27.6 - https:\/\/yoast.com\/product\/yoast-seo-wordpress\/ -->\n<title>Gu\u00eda de Pedidos - Parr Instrument (Espa\u00f1ol)<\/title>\n<meta name=\"robots\" content=\"index, follow, max-snippet:-1, max-image-preview:large, max-video-preview:-1\" \/>\n<link rel=\"canonical\" href=\"https:\/\/www.parrinst.com\/es\/products\/sample-preparation\/acid-digestion\/large-capacity-acid-digestion-vessel-model-4748-125-ml\/ordering-guide\/\" \/>\n<meta property=\"og:locale\" content=\"en_US\" \/>\n<meta property=\"og:type\" content=\"article\" \/>\n<meta property=\"og:title\" content=\"Gu\u00eda de Pedidos - Parr Instrument (Espa\u00f1ol)\" \/>\n<meta property=\"og:description\" content=\"Gu\u00eda de Pedidos del Modelo 4748 4748 Recipientes de Digesti\u00f3n \u00c1cida N\u00b0 Parte Descripci\u00f3n 4748 Recipiente de Digesti\u00f3n \u00c1cida, 125 ml A305AC Copa de PTFE de Remplazo con Tapa, 125 ml 310AC Disco de Corrosi\u00f3n, .001 pulg,\u00a0Inconel 311AC Disco de Ruptura, .0030 pulg, Inconel TX31SK 5\/16\u00a0\u00a0Llave del tornillo del z\u00f3calo Gu\u00eda de Pedidos del Modelo [&hellip;]\" \/>\n<meta property=\"og:url\" content=\"https:\/\/www.parrinst.com\/es\/products\/sample-preparation\/acid-digestion\/large-capacity-acid-digestion-vessel-model-4748-125-ml\/ordering-guide\/\" \/>\n<meta property=\"og:site_name\" content=\"Parr Instrument (Espa\u00f1ol)\" \/>\n<meta property=\"article:modified_time\" content=\"2018-03-15T18:06:57+00:00\" \/>\n<meta property=\"og:image\" content=\"https:\/\/www.parrinst.com\/es\/files\/2018\/01\/parr_banner_sample-prep_secondary-1.jpg\" \/>\n\t<meta property=\"og:image:width\" content=\"2200\" \/>\n\t<meta property=\"og:image:height\" content=\"399\" \/>\n\t<meta property=\"og:image:type\" content=\"image\/jpeg\" \/>\n<meta name=\"twitter:card\" content=\"summary_large_image\" \/>\n<meta name=\"twitter:label1\" content=\"Est. reading time\" \/>\n\t<meta name=\"twitter:data1\" content=\"1 minute\" \/>\n<script type=\"application\/ld+json\" class=\"yoast-schema-graph\">{\"@context\":\"https:\\\/\\\/schema.org\",\"@graph\":[{\"@type\":\"WebPage\",\"@id\":\"https:\\\/\\\/www.parrinst.com\\\/es\\\/products\\\/sample-preparation\\\/acid-digestion\\\/large-capacity-acid-digestion-vessel-model-4748-125-ml\\\/ordering-guide\\\/\",\"url\":\"https:\\\/\\\/www.parrinst.com\\\/es\\\/products\\\/sample-preparation\\\/acid-digestion\\\/large-capacity-acid-digestion-vessel-model-4748-125-ml\\\/ordering-guide\\\/\",\"name\":\"Gu\u00eda de Pedidos - Parr Instrument (Espa\u00f1ol)\",\"isPartOf\":{\"@id\":\"https:\\\/\\\/www.parrinst.com\\\/es\\\/#website\"},\"primaryImageOfPage\":{\"@id\":\"https:\\\/\\\/www.parrinst.com\\\/es\\\/products\\\/sample-preparation\\\/acid-digestion\\\/large-capacity-acid-digestion-vessel-model-4748-125-ml\\\/ordering-guide\\\/#primaryimage\"},\"image\":{\"@id\":\"https:\\\/\\\/www.parrinst.com\\\/es\\\/products\\\/sample-preparation\\\/acid-digestion\\\/large-capacity-acid-digestion-vessel-model-4748-125-ml\\\/ordering-guide\\\/#primaryimage\"},\"thumbnailUrl\":\"https:\\\/\\\/i0.wp.com\\\/www.parrinst.com\\\/es\\\/wp-content\\\/uploads\\\/sites\\\/7\\\/2018\\\/01\\\/parr_banner_sample-prep_secondary-1.jpg?fit=2200%2C399&ssl=1\",\"datePublished\":\"2013-02-28T21:46:20+00:00\",\"dateModified\":\"2018-03-15T18:06:57+00:00\",\"breadcrumb\":{\"@id\":\"https:\\\/\\\/www.parrinst.com\\\/es\\\/products\\\/sample-preparation\\\/acid-digestion\\\/large-capacity-acid-digestion-vessel-model-4748-125-ml\\\/ordering-guide\\\/#breadcrumb\"},\"inLanguage\":\"en-US\",\"potentialAction\":[{\"@type\":\"ReadAction\",\"target\":[\"https:\\\/\\\/www.parrinst.com\\\/es\\\/products\\\/sample-preparation\\\/acid-digestion\\\/large-capacity-acid-digestion-vessel-model-4748-125-ml\\\/ordering-guide\\\/\"]}]},{\"@type\":\"ImageObject\",\"inLanguage\":\"en-US\",\"@id\":\"https:\\\/\\\/www.parrinst.com\\\/es\\\/products\\\/sample-preparation\\\/acid-digestion\\\/large-capacity-acid-digestion-vessel-model-4748-125-ml\\\/ordering-guide\\\/#primaryimage\",\"url\":\"https:\\\/\\\/i0.wp.com\\\/www.parrinst.com\\\/es\\\/wp-content\\\/uploads\\\/sites\\\/7\\\/2018\\\/01\\\/parr_banner_sample-prep_secondary-1.jpg?fit=2200%2C399&ssl=1\",\"contentUrl\":\"https:\\\/\\\/i0.wp.com\\\/www.parrinst.com\\\/es\\\/wp-content\\\/uploads\\\/sites\\\/7\\\/2018\\\/01\\\/parr_banner_sample-prep_secondary-1.jpg?fit=2200%2C399&ssl=1\",\"width\":2200,\"height\":399},{\"@type\":\"BreadcrumbList\",\"@id\":\"https:\\\/\\\/www.parrinst.com\\\/es\\\/products\\\/sample-preparation\\\/acid-digestion\\\/large-capacity-acid-digestion-vessel-model-4748-125-ml\\\/ordering-guide\\\/#breadcrumb\",\"itemListElement\":[{\"@type\":\"ListItem\",\"position\":1,\"name\":\"Home\",\"item\":\"https:\\\/\\\/www.parrinst.com\\\/es\\\/\"},{\"@type\":\"ListItem\",\"position\":2,\"name\":\"Products\",\"item\":\"https:\\\/\\\/www.parrinst.com\\\/es\\\/products\\\/\"},{\"@type\":\"ListItem\",\"position\":3,\"name\":\"Preparaci\u00f3n de Muestras\",\"item\":\"https:\\\/\\\/www.parrinst.com\\\/es\\\/products\\\/sample-preparation\\\/\"},{\"@type\":\"ListItem\",\"position\":4,\"name\":\"Digesti\u00f3n \u00c1cida\",\"item\":\"https:\\\/\\\/www.parrinst.com\\\/es\\\/products\\\/sample-preparation\\\/acid-digestion\\\/\"},{\"@type\":\"ListItem\",\"position\":5,\"name\":\"Recipiente de Digesti\u00f3n \u00c1cida de Gran Capacidad Modelo 4748 y 4748A, 125\\\/200 mL\",\"item\":\"https:\\\/\\\/www.parrinst.com\\\/es\\\/products\\\/sample-preparation\\\/acid-digestion\\\/large-capacity-acid-digestion-vessel-model-4748-125-ml\\\/\"},{\"@type\":\"ListItem\",\"position\":6,\"name\":\"Gu\u00eda de Pedidos\"}]},{\"@type\":\"WebSite\",\"@id\":\"https:\\\/\\\/www.parrinst.com\\\/es\\\/#website\",\"url\":\"https:\\\/\\\/www.parrinst.com\\\/es\\\/\",\"name\":\"Parr Instrument (Espa\u00f1ol)\",\"description\":\"\",\"potentialAction\":[{\"@type\":\"SearchAction\",\"target\":{\"@type\":\"EntryPoint\",\"urlTemplate\":\"https:\\\/\\\/www.parrinst.com\\\/es\\\/?s={search_term_string}\"},\"query-input\":{\"@type\":\"PropertyValueSpecification\",\"valueRequired\":true,\"valueName\":\"search_term_string\"}}],\"inLanguage\":\"en-US\"}]}<\/script>\n<!-- \/ Yoast SEO plugin. -->","yoast_head_json":{"title":"Gu\u00eda de Pedidos - Parr Instrument (Espa\u00f1ol)","robots":{"index":"index","follow":"follow","max-snippet":"max-snippet:-1","max-image-preview":"max-image-preview:large","max-video-preview":"max-video-preview:-1"},"canonical":"https:\/\/www.parrinst.com\/es\/products\/sample-preparation\/acid-digestion\/large-capacity-acid-digestion-vessel-model-4748-125-ml\/ordering-guide\/","og_locale":"en_US","og_type":"article","og_title":"Gu\u00eda de Pedidos - Parr Instrument (Espa\u00f1ol)","og_description":"Gu\u00eda de Pedidos del Modelo 4748 4748 Recipientes de Digesti\u00f3n \u00c1cida N\u00b0 Parte Descripci\u00f3n 4748 Recipiente de Digesti\u00f3n \u00c1cida, 125 ml A305AC Copa de PTFE de Remplazo con Tapa, 125 ml 310AC Disco de Corrosi\u00f3n, .001 pulg,\u00a0Inconel 311AC Disco de Ruptura, .0030 pulg, Inconel TX31SK 5\/16\u00a0\u00a0Llave del tornillo del z\u00f3calo Gu\u00eda de Pedidos del Modelo [&hellip;]","og_url":"https:\/\/www.parrinst.com\/es\/products\/sample-preparation\/acid-digestion\/large-capacity-acid-digestion-vessel-model-4748-125-ml\/ordering-guide\/","og_site_name":"Parr Instrument (Espa\u00f1ol)","article_modified_time":"2018-03-15T18:06:57+00:00","og_image":[{"width":2200,"height":399,"url":"https:\/\/www.parrinst.com\/es\/files\/2018\/01\/parr_banner_sample-prep_secondary-1.jpg","type":"image\/jpeg"}],"twitter_card":"summary_large_image","twitter_misc":{"Est. reading time":"1 minute"},"schema":{"@context":"https:\/\/schema.org","@graph":[{"@type":"WebPage","@id":"https:\/\/www.parrinst.com\/es\/products\/sample-preparation\/acid-digestion\/large-capacity-acid-digestion-vessel-model-4748-125-ml\/ordering-guide\/","url":"https:\/\/www.parrinst.com\/es\/products\/sample-preparation\/acid-digestion\/large-capacity-acid-digestion-vessel-model-4748-125-ml\/ordering-guide\/","name":"Gu\u00eda de Pedidos - Parr Instrument (Espa\u00f1ol)","isPartOf":{"@id":"https:\/\/www.parrinst.com\/es\/#website"},"primaryImageOfPage":{"@id":"https:\/\/www.parrinst.com\/es\/products\/sample-preparation\/acid-digestion\/large-capacity-acid-digestion-vessel-model-4748-125-ml\/ordering-guide\/#primaryimage"},"image":{"@id":"https:\/\/www.parrinst.com\/es\/products\/sample-preparation\/acid-digestion\/large-capacity-acid-digestion-vessel-model-4748-125-ml\/ordering-guide\/#primaryimage"},"thumbnailUrl":"https:\/\/i0.wp.com\/www.parrinst.com\/es\/wp-content\/uploads\/sites\/7\/2018\/01\/parr_banner_sample-prep_secondary-1.jpg?fit=2200%2C399&ssl=1","datePublished":"2013-02-28T21:46:20+00:00","dateModified":"2018-03-15T18:06:57+00:00","breadcrumb":{"@id":"https:\/\/www.parrinst.com\/es\/products\/sample-preparation\/acid-digestion\/large-capacity-acid-digestion-vessel-model-4748-125-ml\/ordering-guide\/#breadcrumb"},"inLanguage":"en-US","potentialAction":[{"@type":"ReadAction","target":["https:\/\/www.parrinst.com\/es\/products\/sample-preparation\/acid-digestion\/large-capacity-acid-digestion-vessel-model-4748-125-ml\/ordering-guide\/"]}]},{"@type":"ImageObject","inLanguage":"en-US","@id":"https:\/\/www.parrinst.com\/es\/products\/sample-preparation\/acid-digestion\/large-capacity-acid-digestion-vessel-model-4748-125-ml\/ordering-guide\/#primaryimage","url":"https:\/\/i0.wp.com\/www.parrinst.com\/es\/wp-content\/uploads\/sites\/7\/2018\/01\/parr_banner_sample-prep_secondary-1.jpg?fit=2200%2C399&ssl=1","contentUrl":"https:\/\/i0.wp.com\/www.parrinst.com\/es\/wp-content\/uploads\/sites\/7\/2018\/01\/parr_banner_sample-prep_secondary-1.jpg?fit=2200%2C399&ssl=1","width":2200,"height":399},{"@type":"BreadcrumbList","@id":"https:\/\/www.parrinst.com\/es\/products\/sample-preparation\/acid-digestion\/large-capacity-acid-digestion-vessel-model-4748-125-ml\/ordering-guide\/#breadcrumb","itemListElement":[{"@type":"ListItem","position":1,"name":"Home","item":"https:\/\/www.parrinst.com\/es\/"},{"@type":"ListItem","position":2,"name":"Products","item":"https:\/\/www.parrinst.com\/es\/products\/"},{"@type":"ListItem","position":3,"name":"Preparaci\u00f3n de Muestras","item":"https:\/\/www.parrinst.com\/es\/products\/sample-preparation\/"},{"@type":"ListItem","position":4,"name":"Digesti\u00f3n \u00c1cida","item":"https:\/\/www.parrinst.com\/es\/products\/sample-preparation\/acid-digestion\/"},{"@type":"ListItem","position":5,"name":"Recipiente de Digesti\u00f3n \u00c1cida de Gran Capacidad Modelo 4748 y 4748A, 125\/200 mL","item":"https:\/\/www.parrinst.com\/es\/products\/sample-preparation\/acid-digestion\/large-capacity-acid-digestion-vessel-model-4748-125-ml\/"},{"@type":"ListItem","position":6,"name":"Gu\u00eda de Pedidos"}]},{"@type":"WebSite","@id":"https:\/\/www.parrinst.com\/es\/#website","url":"https:\/\/www.parrinst.com\/es\/","name":"Parr Instrument (Espa\u00f1ol)","description":"","potentialAction":[{"@type":"SearchAction","target":{"@type":"EntryPoint","urlTemplate":"https:\/\/www.parrinst.com\/es\/?s={search_term_string}"},"query-input":{"@type":"PropertyValueSpecification","valueRequired":true,"valueName":"search_term_string"}}],"inLanguage":"en-US"}]}},"jetpack_sharing_enabled":true,"_links":{"self":[{"href":"https:\/\/www.parrinst.com\/es\/wp-json\/wp\/v2\/pages\/11273","targetHints":{"allow":["GET"]}}],"collection":[{"href":"https:\/\/www.parrinst.com\/es\/wp-json\/wp\/v2\/pages"}],"about":[{"href":"https:\/\/www.parrinst.com\/es\/wp-json\/wp\/v2\/types\/page"}],"author":[{"embeddable":true,"href":"https:\/\/www.parrinst.com\/es\/wp-json\/wp\/v2\/users\/12"}],"replies":[{"embeddable":true,"href":"https:\/\/www.parrinst.com\/es\/wp-json\/wp\/v2\/comments?post=11273"}],"version-history":[{"count":2,"href":"https:\/\/www.parrinst.com\/es\/wp-json\/wp\/v2\/pages\/11273\/revisions"}],"predecessor-version":[{"id":38306,"href":"https:\/\/www.parrinst.com\/es\/wp-json\/wp\/v2\/pages\/11273\/revisions\/38306"}],"up":[{"embeddable":true,"href":"https:\/\/www.parrinst.com\/es\/wp-json\/wp\/v2\/pages\/709"}],"wp:featuredmedia":[{"embeddable":true,"href":"https:\/\/www.parrinst.com\/es\/wp-json\/wp\/v2\/media\/37722"}],"wp:attachment":[{"href":"https:\/\/www.parrinst.com\/es\/wp-json\/wp\/v2\/media?parent=11273"}],"curies":[{"name":"wp","href":"https:\/\/api.w.org\/{rel}","templated":true}]}}