{"id":11279,"date":"2013-02-28T15:56:12","date_gmt":"2013-02-28T21:56:12","guid":{"rendered":"https:\/\/www.parrinst.com\/es\/?page_id=11279"},"modified":"2018-03-22T12:37:57","modified_gmt":"2018-03-22T18:37:57","slug":"ordering-guide","status":"publish","type":"page","link":"https:\/\/www.parrinst.com\/es\/products\/sample-preparation\/oxygen-combustion-bombs\/large-capacity-oxygen-combustion-bomb-models-1121-1122\/ordering-guide\/","title":{"rendered":"Gu\u00eda de Pedidos"},"content":{"rendered":"<h2>Gu\u00eda de Pedidos de las Series 1121 y 1122<\/h2>\n<table class=\"OrderingGuide\">\n<tbody>\n<tr>\n<td class=\"OrderingGuide-DarkGreen\" colspan=\"2\">Recipientes\u00a0de Combusti\u00f3n de Ox\u00edgeno Semi-micro 1121 y 1122<\/td>\n<\/tr>\n<tr>\n<td><strong><strong>N\u00b0 Parte<\/strong><\/strong><\/td>\n<td><strong><strong>Descripci\u00f3n<\/strong><\/strong><\/td>\n<\/tr>\n<tr class=\"OrderingGuide-LightGreen\">\n<td>1121<\/td>\n<td>Recipientes\u00a0de Ox\u00edgeno, 1850 ml, T316SS con v\u00e1lvulas y<br \/>\nMan\u00f3metro 0-3000 psi<\/td>\n<\/tr>\n<tr>\n<td>1122<\/td>\n<td>Recipientes\u00a0de Ox\u00edgeno, 920 ml, T316SS con dos v\u00e1lvulas y<br \/>\nMan\u00f3metro 0-3000 psi<\/td>\n<\/tr>\n<\/tbody>\n<\/table>\n<div class=\"entry-content\">\n<p><strong>For complete systems please see our\u00a0<a href=\"https:\/\/www.parrinst.com\/es\/products\/sample-preparation\/oxygen-combustion-bombs\/oxygen-bomb-apparatus-1901\/\">1901 Oxygen Vessel Apparatus.<\/a><\/strong><\/p>\n<\/div>\n","protected":false},"excerpt":{"rendered":"<p>Gu\u00eda de Pedidos de las Series 1121 y 1122 Recipientes\u00a0de Combusti\u00f3n de Ox\u00edgeno Semi-micro 1121 y 1122 N\u00b0 Parte Descripci\u00f3n 1121 Recipientes\u00a0de Ox\u00edgeno, 1850 ml, T316SS con v\u00e1lvulas y Man\u00f3metro 0-3000 psi 1122 Recipientes\u00a0de Ox\u00edgeno, 920 ml, T316SS con dos v\u00e1lvulas y Man\u00f3metro 0-3000 psi For complete systems please see our\u00a01901 Oxygen Vessel Apparatus.<\/p>\n","protected":false},"author":12,"featured_media":37722,"parent":675,"menu_order":5,"comment_status":"closed","ping_status":"closed","template":"product-narrow.php","meta":{"_acf_changed":false,"footnotes":"","_links_to":"","_links_to_target":""},"class_list":["post-11279","page","type-page","status-publish","has-post-thumbnail","hentry"],"acf":[],"yoast_head":"<!-- This site is optimized with the Yoast SEO plugin v27.4 - https:\/\/yoast.com\/product\/yoast-seo-wordpress\/ -->\n<title>Gu\u00eda de Pedidos - Parr Instrument (Espa\u00f1ol)<\/title>\n<meta name=\"robots\" content=\"index, follow, max-snippet:-1, max-image-preview:large, max-video-preview:-1\" \/>\n<link rel=\"canonical\" href=\"https:\/\/www.parrinst.com\/es\/products\/sample-preparation\/oxygen-combustion-bombs\/large-capacity-oxygen-combustion-bomb-models-1121-1122\/ordering-guide\/\" \/>\n<meta property=\"og:locale\" content=\"en_US\" \/>\n<meta property=\"og:type\" content=\"article\" \/>\n<meta property=\"og:title\" content=\"Gu\u00eda de Pedidos - Parr Instrument (Espa\u00f1ol)\" \/>\n<meta property=\"og:description\" content=\"Gu\u00eda de Pedidos de las Series 1121 y 1122 Recipientes\u00a0de Combusti\u00f3n de Ox\u00edgeno Semi-micro 1121 y 1122 N\u00b0 Parte Descripci\u00f3n 1121 Recipientes\u00a0de Ox\u00edgeno, 1850 ml, T316SS con v\u00e1lvulas y Man\u00f3metro 0-3000 psi 1122 Recipientes\u00a0de Ox\u00edgeno, 920 ml, T316SS con dos v\u00e1lvulas y Man\u00f3metro 0-3000 psi For complete systems please see our\u00a01901 Oxygen Vessel Apparatus.\" \/>\n<meta property=\"og:url\" content=\"https:\/\/www.parrinst.com\/es\/products\/sample-preparation\/oxygen-combustion-bombs\/large-capacity-oxygen-combustion-bomb-models-1121-1122\/ordering-guide\/\" \/>\n<meta property=\"og:site_name\" content=\"Parr Instrument (Espa\u00f1ol)\" \/>\n<meta property=\"article:modified_time\" content=\"2018-03-22T18:37:57+00:00\" \/>\n<meta property=\"og:image\" content=\"https:\/\/www.parrinst.com\/es\/files\/2018\/01\/parr_banner_sample-prep_secondary-1.jpg\" \/>\n\t<meta property=\"og:image:width\" content=\"2200\" \/>\n\t<meta property=\"og:image:height\" content=\"399\" \/>\n\t<meta property=\"og:image:type\" content=\"image\/jpeg\" \/>\n<meta name=\"twitter:card\" content=\"summary_large_image\" \/>\n<script type=\"application\/ld+json\" class=\"yoast-schema-graph\">{\"@context\":\"https:\\\/\\\/schema.org\",\"@graph\":[{\"@type\":\"WebPage\",\"@id\":\"https:\\\/\\\/www.parrinst.com\\\/es\\\/products\\\/sample-preparation\\\/oxygen-combustion-bombs\\\/large-capacity-oxygen-combustion-bomb-models-1121-1122\\\/ordering-guide\\\/\",\"url\":\"https:\\\/\\\/www.parrinst.com\\\/es\\\/products\\\/sample-preparation\\\/oxygen-combustion-bombs\\\/large-capacity-oxygen-combustion-bomb-models-1121-1122\\\/ordering-guide\\\/\",\"name\":\"Gu\u00eda de Pedidos - Parr Instrument (Espa\u00f1ol)\",\"isPartOf\":{\"@id\":\"https:\\\/\\\/www.parrinst.com\\\/es\\\/#website\"},\"primaryImageOfPage\":{\"@id\":\"https:\\\/\\\/www.parrinst.com\\\/es\\\/products\\\/sample-preparation\\\/oxygen-combustion-bombs\\\/large-capacity-oxygen-combustion-bomb-models-1121-1122\\\/ordering-guide\\\/#primaryimage\"},\"image\":{\"@id\":\"https:\\\/\\\/www.parrinst.com\\\/es\\\/products\\\/sample-preparation\\\/oxygen-combustion-bombs\\\/large-capacity-oxygen-combustion-bomb-models-1121-1122\\\/ordering-guide\\\/#primaryimage\"},\"thumbnailUrl\":\"https:\\\/\\\/i0.wp.com\\\/www.parrinst.com\\\/es\\\/wp-content\\\/uploads\\\/sites\\\/7\\\/2018\\\/01\\\/parr_banner_sample-prep_secondary-1.jpg?fit=2200%2C399&ssl=1\",\"datePublished\":\"2013-02-28T21:56:12+00:00\",\"dateModified\":\"2018-03-22T18:37:57+00:00\",\"breadcrumb\":{\"@id\":\"https:\\\/\\\/www.parrinst.com\\\/es\\\/products\\\/sample-preparation\\\/oxygen-combustion-bombs\\\/large-capacity-oxygen-combustion-bomb-models-1121-1122\\\/ordering-guide\\\/#breadcrumb\"},\"inLanguage\":\"en-US\",\"potentialAction\":[{\"@type\":\"ReadAction\",\"target\":[\"https:\\\/\\\/www.parrinst.com\\\/es\\\/products\\\/sample-preparation\\\/oxygen-combustion-bombs\\\/large-capacity-oxygen-combustion-bomb-models-1121-1122\\\/ordering-guide\\\/\"]}]},{\"@type\":\"ImageObject\",\"inLanguage\":\"en-US\",\"@id\":\"https:\\\/\\\/www.parrinst.com\\\/es\\\/products\\\/sample-preparation\\\/oxygen-combustion-bombs\\\/large-capacity-oxygen-combustion-bomb-models-1121-1122\\\/ordering-guide\\\/#primaryimage\",\"url\":\"https:\\\/\\\/i0.wp.com\\\/www.parrinst.com\\\/es\\\/wp-content\\\/uploads\\\/sites\\\/7\\\/2018\\\/01\\\/parr_banner_sample-prep_secondary-1.jpg?fit=2200%2C399&ssl=1\",\"contentUrl\":\"https:\\\/\\\/i0.wp.com\\\/www.parrinst.com\\\/es\\\/wp-content\\\/uploads\\\/sites\\\/7\\\/2018\\\/01\\\/parr_banner_sample-prep_secondary-1.jpg?fit=2200%2C399&ssl=1\",\"width\":2200,\"height\":399},{\"@type\":\"BreadcrumbList\",\"@id\":\"https:\\\/\\\/www.parrinst.com\\\/es\\\/products\\\/sample-preparation\\\/oxygen-combustion-bombs\\\/large-capacity-oxygen-combustion-bomb-models-1121-1122\\\/ordering-guide\\\/#breadcrumb\",\"itemListElement\":[{\"@type\":\"ListItem\",\"position\":1,\"name\":\"Home\",\"item\":\"https:\\\/\\\/www.parrinst.com\\\/es\\\/\"},{\"@type\":\"ListItem\",\"position\":2,\"name\":\"Products\",\"item\":\"https:\\\/\\\/www.parrinst.com\\\/es\\\/products\\\/\"},{\"@type\":\"ListItem\",\"position\":3,\"name\":\"Preparaci\u00f3n de Muestras\",\"item\":\"https:\\\/\\\/www.parrinst.com\\\/es\\\/products\\\/sample-preparation\\\/\"},{\"@type\":\"ListItem\",\"position\":4,\"name\":\"Recipientes de Combusti\u00f3n de Ox\u00edgeno\",\"item\":\"https:\\\/\\\/www.parrinst.com\\\/es\\\/products\\\/sample-preparation\\\/oxygen-combustion-bombs\\\/\"},{\"@type\":\"ListItem\",\"position\":5,\"name\":\"Recipientes de Ox\u00edgeno de Gran Capacidad Modelos 1121 y 1122\",\"item\":\"https:\\\/\\\/www.parrinst.com\\\/es\\\/products\\\/sample-preparation\\\/oxygen-combustion-bombs\\\/large-capacity-oxygen-combustion-bomb-models-1121-1122\\\/\"},{\"@type\":\"ListItem\",\"position\":6,\"name\":\"Gu\u00eda de Pedidos\"}]},{\"@type\":\"WebSite\",\"@id\":\"https:\\\/\\\/www.parrinst.com\\\/es\\\/#website\",\"url\":\"https:\\\/\\\/www.parrinst.com\\\/es\\\/\",\"name\":\"Parr Instrument (Espa\u00f1ol)\",\"description\":\"\",\"potentialAction\":[{\"@type\":\"SearchAction\",\"target\":{\"@type\":\"EntryPoint\",\"urlTemplate\":\"https:\\\/\\\/www.parrinst.com\\\/es\\\/?s={search_term_string}\"},\"query-input\":{\"@type\":\"PropertyValueSpecification\",\"valueRequired\":true,\"valueName\":\"search_term_string\"}}],\"inLanguage\":\"en-US\"}]}<\/script>\n<!-- \/ Yoast SEO plugin. -->","yoast_head_json":{"title":"Gu\u00eda de Pedidos - Parr Instrument (Espa\u00f1ol)","robots":{"index":"index","follow":"follow","max-snippet":"max-snippet:-1","max-image-preview":"max-image-preview:large","max-video-preview":"max-video-preview:-1"},"canonical":"https:\/\/www.parrinst.com\/es\/products\/sample-preparation\/oxygen-combustion-bombs\/large-capacity-oxygen-combustion-bomb-models-1121-1122\/ordering-guide\/","og_locale":"en_US","og_type":"article","og_title":"Gu\u00eda de Pedidos - Parr Instrument (Espa\u00f1ol)","og_description":"Gu\u00eda de Pedidos de las Series 1121 y 1122 Recipientes\u00a0de Combusti\u00f3n de Ox\u00edgeno Semi-micro 1121 y 1122 N\u00b0 Parte Descripci\u00f3n 1121 Recipientes\u00a0de Ox\u00edgeno, 1850 ml, T316SS con v\u00e1lvulas y Man\u00f3metro 0-3000 psi 1122 Recipientes\u00a0de Ox\u00edgeno, 920 ml, T316SS con dos v\u00e1lvulas y Man\u00f3metro 0-3000 psi For complete systems please see our\u00a01901 Oxygen Vessel Apparatus.","og_url":"https:\/\/www.parrinst.com\/es\/products\/sample-preparation\/oxygen-combustion-bombs\/large-capacity-oxygen-combustion-bomb-models-1121-1122\/ordering-guide\/","og_site_name":"Parr Instrument (Espa\u00f1ol)","article_modified_time":"2018-03-22T18:37:57+00:00","og_image":[{"width":2200,"height":399,"url":"https:\/\/www.parrinst.com\/es\/files\/2018\/01\/parr_banner_sample-prep_secondary-1.jpg","type":"image\/jpeg"}],"twitter_card":"summary_large_image","schema":{"@context":"https:\/\/schema.org","@graph":[{"@type":"WebPage","@id":"https:\/\/www.parrinst.com\/es\/products\/sample-preparation\/oxygen-combustion-bombs\/large-capacity-oxygen-combustion-bomb-models-1121-1122\/ordering-guide\/","url":"https:\/\/www.parrinst.com\/es\/products\/sample-preparation\/oxygen-combustion-bombs\/large-capacity-oxygen-combustion-bomb-models-1121-1122\/ordering-guide\/","name":"Gu\u00eda de Pedidos - Parr Instrument (Espa\u00f1ol)","isPartOf":{"@id":"https:\/\/www.parrinst.com\/es\/#website"},"primaryImageOfPage":{"@id":"https:\/\/www.parrinst.com\/es\/products\/sample-preparation\/oxygen-combustion-bombs\/large-capacity-oxygen-combustion-bomb-models-1121-1122\/ordering-guide\/#primaryimage"},"image":{"@id":"https:\/\/www.parrinst.com\/es\/products\/sample-preparation\/oxygen-combustion-bombs\/large-capacity-oxygen-combustion-bomb-models-1121-1122\/ordering-guide\/#primaryimage"},"thumbnailUrl":"https:\/\/i0.wp.com\/www.parrinst.com\/es\/wp-content\/uploads\/sites\/7\/2018\/01\/parr_banner_sample-prep_secondary-1.jpg?fit=2200%2C399&ssl=1","datePublished":"2013-02-28T21:56:12+00:00","dateModified":"2018-03-22T18:37:57+00:00","breadcrumb":{"@id":"https:\/\/www.parrinst.com\/es\/products\/sample-preparation\/oxygen-combustion-bombs\/large-capacity-oxygen-combustion-bomb-models-1121-1122\/ordering-guide\/#breadcrumb"},"inLanguage":"en-US","potentialAction":[{"@type":"ReadAction","target":["https:\/\/www.parrinst.com\/es\/products\/sample-preparation\/oxygen-combustion-bombs\/large-capacity-oxygen-combustion-bomb-models-1121-1122\/ordering-guide\/"]}]},{"@type":"ImageObject","inLanguage":"en-US","@id":"https:\/\/www.parrinst.com\/es\/products\/sample-preparation\/oxygen-combustion-bombs\/large-capacity-oxygen-combustion-bomb-models-1121-1122\/ordering-guide\/#primaryimage","url":"https:\/\/i0.wp.com\/www.parrinst.com\/es\/wp-content\/uploads\/sites\/7\/2018\/01\/parr_banner_sample-prep_secondary-1.jpg?fit=2200%2C399&ssl=1","contentUrl":"https:\/\/i0.wp.com\/www.parrinst.com\/es\/wp-content\/uploads\/sites\/7\/2018\/01\/parr_banner_sample-prep_secondary-1.jpg?fit=2200%2C399&ssl=1","width":2200,"height":399},{"@type":"BreadcrumbList","@id":"https:\/\/www.parrinst.com\/es\/products\/sample-preparation\/oxygen-combustion-bombs\/large-capacity-oxygen-combustion-bomb-models-1121-1122\/ordering-guide\/#breadcrumb","itemListElement":[{"@type":"ListItem","position":1,"name":"Home","item":"https:\/\/www.parrinst.com\/es\/"},{"@type":"ListItem","position":2,"name":"Products","item":"https:\/\/www.parrinst.com\/es\/products\/"},{"@type":"ListItem","position":3,"name":"Preparaci\u00f3n de Muestras","item":"https:\/\/www.parrinst.com\/es\/products\/sample-preparation\/"},{"@type":"ListItem","position":4,"name":"Recipientes de Combusti\u00f3n de Ox\u00edgeno","item":"https:\/\/www.parrinst.com\/es\/products\/sample-preparation\/oxygen-combustion-bombs\/"},{"@type":"ListItem","position":5,"name":"Recipientes de Ox\u00edgeno de Gran Capacidad Modelos 1121 y 1122","item":"https:\/\/www.parrinst.com\/es\/products\/sample-preparation\/oxygen-combustion-bombs\/large-capacity-oxygen-combustion-bomb-models-1121-1122\/"},{"@type":"ListItem","position":6,"name":"Gu\u00eda de Pedidos"}]},{"@type":"WebSite","@id":"https:\/\/www.parrinst.com\/es\/#website","url":"https:\/\/www.parrinst.com\/es\/","name":"Parr Instrument (Espa\u00f1ol)","description":"","potentialAction":[{"@type":"SearchAction","target":{"@type":"EntryPoint","urlTemplate":"https:\/\/www.parrinst.com\/es\/?s={search_term_string}"},"query-input":{"@type":"PropertyValueSpecification","valueRequired":true,"valueName":"search_term_string"}}],"inLanguage":"en-US"}]}},"jetpack_sharing_enabled":true,"_links":{"self":[{"href":"https:\/\/www.parrinst.com\/es\/wp-json\/wp\/v2\/pages\/11279","targetHints":{"allow":["GET"]}}],"collection":[{"href":"https:\/\/www.parrinst.com\/es\/wp-json\/wp\/v2\/pages"}],"about":[{"href":"https:\/\/www.parrinst.com\/es\/wp-json\/wp\/v2\/types\/page"}],"author":[{"embeddable":true,"href":"https:\/\/www.parrinst.com\/es\/wp-json\/wp\/v2\/users\/12"}],"replies":[{"embeddable":true,"href":"https:\/\/www.parrinst.com\/es\/wp-json\/wp\/v2\/comments?post=11279"}],"version-history":[{"count":3,"href":"https:\/\/www.parrinst.com\/es\/wp-json\/wp\/v2\/pages\/11279\/revisions"}],"predecessor-version":[{"id":38324,"href":"https:\/\/www.parrinst.com\/es\/wp-json\/wp\/v2\/pages\/11279\/revisions\/38324"}],"up":[{"embeddable":true,"href":"https:\/\/www.parrinst.com\/es\/wp-json\/wp\/v2\/pages\/675"}],"wp:featuredmedia":[{"embeddable":true,"href":"https:\/\/www.parrinst.com\/es\/wp-json\/wp\/v2\/media\/37722"}],"wp:attachment":[{"href":"https:\/\/www.parrinst.com\/es\/wp-json\/wp\/v2\/media?parent=11279"}],"curies":[{"name":"wp","href":"https:\/\/api.w.org\/{rel}","templated":true}]}}