{"id":1129,"date":"2011-08-09T08:00:23","date_gmt":"2011-08-09T13:00:23","guid":{"rendered":"https:\/\/www.parrinst.com\/?page_id=1129"},"modified":"2022-10-24T08:40:35","modified_gmt":"2022-10-24T13:40:35","slug":"applications-2","status":"publish","type":"page","link":"https:\/\/www.parrinst.com\/es\/products\/tubular-reactor-systems\/5400-continuous-flow-tubular-reactors\/applications-2\/","title":{"rendered":"Aplicaciones"},"content":{"rendered":"<figure id=\"attachment_36913\" aria-describedby=\"caption-attachment-36913\" style=\"width: 214px\" class=\"wp-caption alignright\"><a href=\"https:\/\/i0.wp.com\/www.parrinst.com\/es\/wp-content\/uploads\/sites\/7\/2017\/12\/Tubular_02062110.jpg?ssl=1\"><img data-recalc-dims=\"1\" loading=\"lazy\" decoding=\"async\" class=\"wp-image-36913 size-medium\" src=\"https:\/\/i0.wp.com\/www.parrinst.com\/es\/wp-content\/uploads\/sites\/7\/2017\/12\/Tubular_02062110.jpg?resize=214%2C300&#038;ssl=1\" alt=\" Reactores Tubulares de Flujo Continuo \" width=\"214\" height=\"300\" srcset=\"https:\/\/i0.wp.com\/www.parrinst.com\/es\/wp-content\/uploads\/sites\/7\/2017\/12\/Tubular_02062110.jpg?resize=214%2C300&amp;ssl=1 214w, https:\/\/i0.wp.com\/www.parrinst.com\/es\/wp-content\/uploads\/sites\/7\/2017\/12\/Tubular_02062110.jpg?resize=107%2C150&amp;ssl=1 107w, https:\/\/i0.wp.com\/www.parrinst.com\/es\/wp-content\/uploads\/sites\/7\/2017\/12\/Tubular_02062110.jpg?w=600&amp;ssl=1 600w\" sizes=\"auto, (max-width: 214px) 100vw, 214px\" \/><\/a><figcaption id=\"caption-attachment-36913\" class=\"wp-caption-text\">Reactores Tubulares de Flujo Continuo<\/figcaption><\/figure>\n<p>Los reactores tubulares se utilizan en varias industrias:<\/p>\n<ul>\n<li>Petr\u00f3leo<\/li>\n<li>Petroqu\u00edmica<\/li>\n<li>Pol\u00edmero<\/li>\n<li>Farmac\u00e9utica<\/li>\n<li>Tratamiento de Desechos<\/li>\n<li>Especialidades Qu\u00edmicas<\/li>\n<li>Energ\u00eda Alternativa<\/li>\n<\/ul>\n<p>Los reactores tubulares se utilizan en una gran variedad de aplicaciones:<\/p>\n<ul>\n<li>Carbonizaci\u00f3n<\/li>\n<li>Deshidrogenaci\u00f3n<\/li>\n<li>Hidrogenaci\u00f3n<\/li>\n<li>Hidrocraqueo<\/li>\n<li>Hidroformilaci\u00f3n<\/li>\n<li>Descomposici\u00f3n oxidativa<\/li>\n<li>Oxidaci\u00f3n Parcial<\/li>\n<li>Polimerizaci\u00f3n<\/li>\n<li>Reformaci\u00f3n<\/li>\n<\/ul>\n","protected":false},"excerpt":{"rendered":"<p>Los reactores tubulares se utilizan en varias industrias: Petr\u00f3leo Petroqu\u00edmica Pol\u00edmero Farmac\u00e9utica Tratamiento de Desechos Especialidades Qu\u00edmicas Energ\u00eda Alternativa Los reactores tubulares se utilizan en una gran variedad de aplicaciones: Carbonizaci\u00f3n Deshidrogenaci\u00f3n Hidrogenaci\u00f3n Hidrocraqueo Hidroformilaci\u00f3n Descomposici\u00f3n oxidativa Oxidaci\u00f3n Parcial Polimerizaci\u00f3n Reformaci\u00f3n<\/p>\n","protected":false},"author":1,"featured_media":37724,"parent":232,"menu_order":1,"comment_status":"closed","ping_status":"closed","template":"product-narrow.php","meta":{"_acf_changed":false,"footnotes":"","_links_to":"","_links_to_target":""},"class_list":["post-1129","page","type-page","status-publish","has-post-thumbnail","hentry"],"acf":[],"yoast_head":"<!-- This site is optimized with the Yoast SEO plugin v27.5 - https:\/\/yoast.com\/product\/yoast-seo-wordpress\/ -->\n<title>Aplicaciones - Parr Instrument (Espa\u00f1ol)<\/title>\n<meta name=\"robots\" content=\"index, follow, max-snippet:-1, max-image-preview:large, max-video-preview:-1\" \/>\n<link rel=\"canonical\" href=\"https:\/\/www.parrinst.com\/es\/products\/tubular-reactor-systems\/5400-continuous-flow-tubular-reactors\/applications-2\/\" \/>\n<meta property=\"og:locale\" content=\"en_US\" \/>\n<meta property=\"og:type\" content=\"article\" \/>\n<meta property=\"og:title\" content=\"Aplicaciones - Parr Instrument (Espa\u00f1ol)\" \/>\n<meta property=\"og:description\" content=\"Los reactores tubulares se utilizan en varias industrias: Petr\u00f3leo Petroqu\u00edmica Pol\u00edmero Farmac\u00e9utica Tratamiento de Desechos Especialidades Qu\u00edmicas Energ\u00eda Alternativa Los reactores tubulares se utilizan en una gran variedad de aplicaciones: Carbonizaci\u00f3n Deshidrogenaci\u00f3n Hidrogenaci\u00f3n Hidrocraqueo Hidroformilaci\u00f3n Descomposici\u00f3n oxidativa Oxidaci\u00f3n Parcial Polimerizaci\u00f3n Reformaci\u00f3n\" \/>\n<meta property=\"og:url\" content=\"https:\/\/www.parrinst.com\/es\/products\/tubular-reactor-systems\/5400-continuous-flow-tubular-reactors\/applications-2\/\" \/>\n<meta property=\"og:site_name\" content=\"Parr Instrument (Espa\u00f1ol)\" \/>\n<meta property=\"article:modified_time\" content=\"2022-10-24T13:40:35+00:00\" \/>\n<meta property=\"og:image\" content=\"https:\/\/www.parrinst.com\/es\/files\/2018\/01\/parr_banner_tubular_secondary.jpg\" \/>\n\t<meta property=\"og:image:width\" content=\"2200\" \/>\n\t<meta property=\"og:image:height\" content=\"399\" \/>\n\t<meta property=\"og:image:type\" content=\"image\/jpeg\" \/>\n<meta name=\"twitter:card\" content=\"summary_large_image\" \/>\n<meta name=\"twitter:label1\" content=\"Est. reading time\" \/>\n\t<meta name=\"twitter:data1\" content=\"1 minute\" \/>\n<script type=\"application\/ld+json\" class=\"yoast-schema-graph\">{\"@context\":\"https:\\\/\\\/schema.org\",\"@graph\":[{\"@type\":\"WebPage\",\"@id\":\"https:\\\/\\\/www.parrinst.com\\\/es\\\/products\\\/tubular-reactor-systems\\\/5400-continuous-flow-tubular-reactors\\\/applications-2\\\/\",\"url\":\"https:\\\/\\\/www.parrinst.com\\\/es\\\/products\\\/tubular-reactor-systems\\\/5400-continuous-flow-tubular-reactors\\\/applications-2\\\/\",\"name\":\"Aplicaciones - Parr Instrument (Espa\u00f1ol)\",\"isPartOf\":{\"@id\":\"https:\\\/\\\/www.parrinst.com\\\/es\\\/#website\"},\"primaryImageOfPage\":{\"@id\":\"https:\\\/\\\/www.parrinst.com\\\/es\\\/products\\\/tubular-reactor-systems\\\/5400-continuous-flow-tubular-reactors\\\/applications-2\\\/#primaryimage\"},\"image\":{\"@id\":\"https:\\\/\\\/www.parrinst.com\\\/es\\\/products\\\/tubular-reactor-systems\\\/5400-continuous-flow-tubular-reactors\\\/applications-2\\\/#primaryimage\"},\"thumbnailUrl\":\"https:\\\/\\\/i0.wp.com\\\/www.parrinst.com\\\/es\\\/wp-content\\\/uploads\\\/sites\\\/7\\\/2018\\\/01\\\/parr_banner_tubular_secondary.jpg?fit=2200%2C399&ssl=1\",\"datePublished\":\"2011-08-09T13:00:23+00:00\",\"dateModified\":\"2022-10-24T13:40:35+00:00\",\"breadcrumb\":{\"@id\":\"https:\\\/\\\/www.parrinst.com\\\/es\\\/products\\\/tubular-reactor-systems\\\/5400-continuous-flow-tubular-reactors\\\/applications-2\\\/#breadcrumb\"},\"inLanguage\":\"en-US\",\"potentialAction\":[{\"@type\":\"ReadAction\",\"target\":[\"https:\\\/\\\/www.parrinst.com\\\/es\\\/products\\\/tubular-reactor-systems\\\/5400-continuous-flow-tubular-reactors\\\/applications-2\\\/\"]}]},{\"@type\":\"ImageObject\",\"inLanguage\":\"en-US\",\"@id\":\"https:\\\/\\\/www.parrinst.com\\\/es\\\/products\\\/tubular-reactor-systems\\\/5400-continuous-flow-tubular-reactors\\\/applications-2\\\/#primaryimage\",\"url\":\"https:\\\/\\\/i0.wp.com\\\/www.parrinst.com\\\/es\\\/wp-content\\\/uploads\\\/sites\\\/7\\\/2018\\\/01\\\/parr_banner_tubular_secondary.jpg?fit=2200%2C399&ssl=1\",\"contentUrl\":\"https:\\\/\\\/i0.wp.com\\\/www.parrinst.com\\\/es\\\/wp-content\\\/uploads\\\/sites\\\/7\\\/2018\\\/01\\\/parr_banner_tubular_secondary.jpg?fit=2200%2C399&ssl=1\",\"width\":2200,\"height\":399},{\"@type\":\"BreadcrumbList\",\"@id\":\"https:\\\/\\\/www.parrinst.com\\\/es\\\/products\\\/tubular-reactor-systems\\\/5400-continuous-flow-tubular-reactors\\\/applications-2\\\/#breadcrumb\",\"itemListElement\":[{\"@type\":\"ListItem\",\"position\":1,\"name\":\"Home\",\"item\":\"https:\\\/\\\/www.parrinst.com\\\/es\\\/\"},{\"@type\":\"ListItem\",\"position\":2,\"name\":\"Products\",\"item\":\"https:\\\/\\\/www.parrinst.com\\\/es\\\/products\\\/\"},{\"@type\":\"ListItem\",\"position\":3,\"name\":\"Sistemas de Reactor Tubular\",\"item\":\"https:\\\/\\\/www.parrinst.com\\\/es\\\/products\\\/tubular-reactor-systems\\\/\"},{\"@type\":\"ListItem\",\"position\":4,\"name\":\"Reactores Tubulares de Flujo Continuo 5400\",\"item\":\"https:\\\/\\\/www.parrinst.com\\\/es\\\/products\\\/tubular-reactor-systems\\\/5400-continuous-flow-tubular-reactors\\\/\"},{\"@type\":\"ListItem\",\"position\":5,\"name\":\"Aplicaciones\"}]},{\"@type\":\"WebSite\",\"@id\":\"https:\\\/\\\/www.parrinst.com\\\/es\\\/#website\",\"url\":\"https:\\\/\\\/www.parrinst.com\\\/es\\\/\",\"name\":\"Parr Instrument (Espa\u00f1ol)\",\"description\":\"\",\"potentialAction\":[{\"@type\":\"SearchAction\",\"target\":{\"@type\":\"EntryPoint\",\"urlTemplate\":\"https:\\\/\\\/www.parrinst.com\\\/es\\\/?s={search_term_string}\"},\"query-input\":{\"@type\":\"PropertyValueSpecification\",\"valueRequired\":true,\"valueName\":\"search_term_string\"}}],\"inLanguage\":\"en-US\"}]}<\/script>\n<!-- \/ Yoast SEO plugin. -->","yoast_head_json":{"title":"Aplicaciones - Parr Instrument (Espa\u00f1ol)","robots":{"index":"index","follow":"follow","max-snippet":"max-snippet:-1","max-image-preview":"max-image-preview:large","max-video-preview":"max-video-preview:-1"},"canonical":"https:\/\/www.parrinst.com\/es\/products\/tubular-reactor-systems\/5400-continuous-flow-tubular-reactors\/applications-2\/","og_locale":"en_US","og_type":"article","og_title":"Aplicaciones - Parr Instrument (Espa\u00f1ol)","og_description":"Los reactores tubulares se utilizan en varias industrias: Petr\u00f3leo Petroqu\u00edmica Pol\u00edmero Farmac\u00e9utica Tratamiento de Desechos Especialidades Qu\u00edmicas Energ\u00eda Alternativa Los reactores tubulares se utilizan en una gran variedad de aplicaciones: Carbonizaci\u00f3n Deshidrogenaci\u00f3n Hidrogenaci\u00f3n Hidrocraqueo Hidroformilaci\u00f3n Descomposici\u00f3n oxidativa Oxidaci\u00f3n Parcial Polimerizaci\u00f3n Reformaci\u00f3n","og_url":"https:\/\/www.parrinst.com\/es\/products\/tubular-reactor-systems\/5400-continuous-flow-tubular-reactors\/applications-2\/","og_site_name":"Parr Instrument (Espa\u00f1ol)","article_modified_time":"2022-10-24T13:40:35+00:00","og_image":[{"width":2200,"height":399,"url":"https:\/\/www.parrinst.com\/es\/files\/2018\/01\/parr_banner_tubular_secondary.jpg","type":"image\/jpeg"}],"twitter_card":"summary_large_image","twitter_misc":{"Est. reading time":"1 minute"},"schema":{"@context":"https:\/\/schema.org","@graph":[{"@type":"WebPage","@id":"https:\/\/www.parrinst.com\/es\/products\/tubular-reactor-systems\/5400-continuous-flow-tubular-reactors\/applications-2\/","url":"https:\/\/www.parrinst.com\/es\/products\/tubular-reactor-systems\/5400-continuous-flow-tubular-reactors\/applications-2\/","name":"Aplicaciones - Parr Instrument (Espa\u00f1ol)","isPartOf":{"@id":"https:\/\/www.parrinst.com\/es\/#website"},"primaryImageOfPage":{"@id":"https:\/\/www.parrinst.com\/es\/products\/tubular-reactor-systems\/5400-continuous-flow-tubular-reactors\/applications-2\/#primaryimage"},"image":{"@id":"https:\/\/www.parrinst.com\/es\/products\/tubular-reactor-systems\/5400-continuous-flow-tubular-reactors\/applications-2\/#primaryimage"},"thumbnailUrl":"https:\/\/i0.wp.com\/www.parrinst.com\/es\/wp-content\/uploads\/sites\/7\/2018\/01\/parr_banner_tubular_secondary.jpg?fit=2200%2C399&ssl=1","datePublished":"2011-08-09T13:00:23+00:00","dateModified":"2022-10-24T13:40:35+00:00","breadcrumb":{"@id":"https:\/\/www.parrinst.com\/es\/products\/tubular-reactor-systems\/5400-continuous-flow-tubular-reactors\/applications-2\/#breadcrumb"},"inLanguage":"en-US","potentialAction":[{"@type":"ReadAction","target":["https:\/\/www.parrinst.com\/es\/products\/tubular-reactor-systems\/5400-continuous-flow-tubular-reactors\/applications-2\/"]}]},{"@type":"ImageObject","inLanguage":"en-US","@id":"https:\/\/www.parrinst.com\/es\/products\/tubular-reactor-systems\/5400-continuous-flow-tubular-reactors\/applications-2\/#primaryimage","url":"https:\/\/i0.wp.com\/www.parrinst.com\/es\/wp-content\/uploads\/sites\/7\/2018\/01\/parr_banner_tubular_secondary.jpg?fit=2200%2C399&ssl=1","contentUrl":"https:\/\/i0.wp.com\/www.parrinst.com\/es\/wp-content\/uploads\/sites\/7\/2018\/01\/parr_banner_tubular_secondary.jpg?fit=2200%2C399&ssl=1","width":2200,"height":399},{"@type":"BreadcrumbList","@id":"https:\/\/www.parrinst.com\/es\/products\/tubular-reactor-systems\/5400-continuous-flow-tubular-reactors\/applications-2\/#breadcrumb","itemListElement":[{"@type":"ListItem","position":1,"name":"Home","item":"https:\/\/www.parrinst.com\/es\/"},{"@type":"ListItem","position":2,"name":"Products","item":"https:\/\/www.parrinst.com\/es\/products\/"},{"@type":"ListItem","position":3,"name":"Sistemas de Reactor Tubular","item":"https:\/\/www.parrinst.com\/es\/products\/tubular-reactor-systems\/"},{"@type":"ListItem","position":4,"name":"Reactores Tubulares de Flujo Continuo 5400","item":"https:\/\/www.parrinst.com\/es\/products\/tubular-reactor-systems\/5400-continuous-flow-tubular-reactors\/"},{"@type":"ListItem","position":5,"name":"Aplicaciones"}]},{"@type":"WebSite","@id":"https:\/\/www.parrinst.com\/es\/#website","url":"https:\/\/www.parrinst.com\/es\/","name":"Parr Instrument (Espa\u00f1ol)","description":"","potentialAction":[{"@type":"SearchAction","target":{"@type":"EntryPoint","urlTemplate":"https:\/\/www.parrinst.com\/es\/?s={search_term_string}"},"query-input":{"@type":"PropertyValueSpecification","valueRequired":true,"valueName":"search_term_string"}}],"inLanguage":"en-US"}]}},"jetpack_sharing_enabled":true,"_links":{"self":[{"href":"https:\/\/www.parrinst.com\/es\/wp-json\/wp\/v2\/pages\/1129","targetHints":{"allow":["GET"]}}],"collection":[{"href":"https:\/\/www.parrinst.com\/es\/wp-json\/wp\/v2\/pages"}],"about":[{"href":"https:\/\/www.parrinst.com\/es\/wp-json\/wp\/v2\/types\/page"}],"author":[{"embeddable":true,"href":"https:\/\/www.parrinst.com\/es\/wp-json\/wp\/v2\/users\/1"}],"replies":[{"embeddable":true,"href":"https:\/\/www.parrinst.com\/es\/wp-json\/wp\/v2\/comments?post=1129"}],"version-history":[{"count":2,"href":"https:\/\/www.parrinst.com\/es\/wp-json\/wp\/v2\/pages\/1129\/revisions"}],"predecessor-version":[{"id":40622,"href":"https:\/\/www.parrinst.com\/es\/wp-json\/wp\/v2\/pages\/1129\/revisions\/40622"}],"up":[{"embeddable":true,"href":"https:\/\/www.parrinst.com\/es\/wp-json\/wp\/v2\/pages\/232"}],"wp:featuredmedia":[{"embeddable":true,"href":"https:\/\/www.parrinst.com\/es\/wp-json\/wp\/v2\/media\/37724"}],"wp:attachment":[{"href":"https:\/\/www.parrinst.com\/es\/wp-json\/wp\/v2\/media?parent=1129"}],"curies":[{"name":"wp","href":"https:\/\/api.w.org\/{rel}","templated":true}]}}