{"id":1136,"date":"2011-05-04T21:01:54","date_gmt":"2011-05-05T02:01:54","guid":{"rendered":"https:\/\/www.parrinst.com\/?page_id=1136"},"modified":"2021-12-27T16:58:59","modified_gmt":"2021-12-27T22:58:59","slug":"specifications","status":"publish","type":"page","link":"https:\/\/www.parrinst.com\/es\/products\/multi-reactor-systems\/series-5000-multiple-reactor-system\/specifications\/","title":{"rendered":"Especificaciones"},"content":{"rendered":"<table class=\"Specification\">\n<tbody>\n<tr>\n<td class=\"Table-Header-Green\" colspan=\"5\">Especificaciones del Sistema de Reactores a presi\u00f3n Serie 5000<\/td>\n<\/tr>\n<tr>\n<td colspan=\"5\">La barra sombreada indica las especificaciones que cambian entre las series.<\/td>\n<\/tr>\n<tr>\n<td class=\"Table-Subheading-LightGreen-left\">N\u00b0 Modelo<\/td>\n<td class=\"Table-Subheading-LightGreen\" style=\"text-align: center;\" colspan=\"4\">\n<div>5000<\/div>\n<\/td>\n<\/tr>\n<tr>\n<td class=\"Table-Subheading-Yellow\">Tama\u00f1os, ml<\/td>\n<td class=\"Table-Subheading-Yellow-Centered\" colspan=\"2\"><span style=\"color: #000000;\">45<\/span><\/td>\n<td class=\"Table-Subheading-Yellow-Centered\" colspan=\"2\"><span style=\"color: #000000;\">75<\/span><\/td>\n<\/tr>\n<tr>\n<td class=\"Table-Subheading-Yellow\">N\u00b0 de Recipientes de Reacci\u00f3n<\/td>\n<td class=\"Table-Subheading-Yellow-Centered\" colspan=\"4\"><span style=\"color: #000000;\">6<\/span><\/td>\n<\/tr>\n<tr>\n<td class=\"Table-Subheading-Yellow\">Presi\u00f3n M\u00e1xima<\/td>\n<td class=\"Table-Subheading-Yellow-Centered\" colspan=\"4\"><span style=\"color: #000000;\">3000 psi (200 bar)<\/span><\/td>\n<\/tr>\n<tr>\n<td class=\"Table-Subheading-Yellow\" colspan=\"5\">Temperatura M\u00e1xima<\/td>\n<\/tr>\n<tr>\n<td>con junta t\u00f3rica FKM<\/td>\n<td style=\"text-align: center;\" colspan=\"4\">225 \u00b0C<\/td>\n<\/tr>\n<tr>\n<td>con Junta T\u00f3rica FFKM<\/td>\n<td style=\"text-align: center;\" colspan=\"4\">300\u00a0\u00b0C<\/td>\n<\/tr>\n<tr>\n<td>con Junta Plana PTFE<\/td>\n<td style=\"text-align: center;\" colspan=\"4\">300 \u00b0C<\/td>\n<\/tr>\n<tr>\n<td class=\"Table-Subheading-Yellow\" colspan=\"5\">Cierre<\/td>\n<\/tr>\n<tr>\n<td>con junta t\u00f3rica<\/td>\n<td style=\"text-align: center;\" colspan=\"4\">Tornillo<\/td>\n<\/tr>\n<tr>\n<td>con Junta Plana<\/td>\n<td style=\"text-align: center;\" colspan=\"4\">Tornillo (6 Tornillos de compresi\u00f3n)<\/td>\n<\/tr>\n<tr>\n<td class=\"Table-Subheading-Yellow\">Material de Fabricaci\u00f3n<\/td>\n<td class=\"Table-Subheading-Yellow-Centered\" colspan=\"4\"><span style=\"color: #000000;\">T316SS<\/span><\/td>\n<\/tr>\n<tr>\n<td class=\"Table-Subheading-Yellow\">Controlador de Proceso<\/td>\n<td class=\"Table-Subheading-Yellow-Centered\" colspan=\"4\"><span style=\"color: #000000;\">Modelo 4871<\/span><\/td>\n<\/tr>\n<tr>\n<td>Entradas Anal\u00f3gicas<\/td>\n<td style=\"text-align: center;\" colspan=\"4\">6 Temperatura<\/td>\n<\/tr>\n<tr>\n<td><\/td>\n<td style=\"text-align: center;\" colspan=\"4\">6 Presi\u00f3n<\/td>\n<\/tr>\n<tr>\n<td><\/td>\n<td style=\"text-align: center;\" colspan=\"4\">1 Velocidad del Motor<\/td>\n<\/tr>\n<tr>\n<td>Salidas Anal\u00f3gicas<\/td>\n<td style=\"text-align: center;\" colspan=\"4\">1 Velocidad del Agitador (Opcional)<\/td>\n<\/tr>\n<tr>\n<td>Salidas Digitales<\/td>\n<td style=\"text-align: center;\" colspan=\"4\">6 PID Control de Temperatura PID<\/td>\n<\/tr>\n<tr>\n<td>Medici\u00f3n de Temperatura<\/td>\n<td style=\"text-align: center;\" colspan=\"4\">6 Termopozos<\/td>\n<\/tr>\n<tr>\n<td class=\"Table-Subheading-Yellow\">Estilo de Calentamiento<\/td>\n<td class=\"Table-Subheading-Yellow-Centered\" colspan=\"4\"><span style=\"color: #000000;\">6 Calefactores de Banda, Bloque de Aluminio<\/span><\/td>\n<\/tr>\n<tr>\n<td>Potencia del Calefactor Watts<\/td>\n<td class=\"Table-Center\" style=\"text-align: center;\" colspan=\"4\">250W Por Estaci\u00f3n, 1500W en Total<\/td>\n<\/tr>\n<tr>\n<td>Termopar Externo<\/td>\n<td class=\"Table-Center\" style=\"text-align: center;\" colspan=\"4\">Opcionales<\/td>\n<\/tr>\n<tr>\n<td class=\"Table-Subheading-Yellow\">Tipo de Motor de Agitador<\/td>\n<td class=\"Table-Center\" style=\"text-align: center;\" colspan=\"4\">Controlado Manual o por PC<\/td>\n<\/tr>\n<tr>\n<td>Estilo de Agitador<\/td>\n<td style=\"text-align: center;\" colspan=\"4\">PTFE- o Vidrio- Varilla de Agitador Magn\u00e9tico Recubierto<\/td>\n<\/tr>\n<tr>\n<td class=\"Table-Subheading-Yellow\" colspan=\"5\">Suministro El\u00e9ctrico<\/td>\n<\/tr>\n<tr>\n<td>Volts, CA<\/td>\n<td style=\"text-align: center;\" colspan=\"4\">115 \u00f3 230<\/td>\n<\/tr>\n<tr>\n<td>Carga M\u00e1xima, amps<\/td>\n<td style=\"text-align: center;\" colspan=\"4\">15 \/ 7.5<\/td>\n<\/tr>\n<tr>\n<td class=\"Table-Subheading-Yellow\" colspan=\"5\">Dimensiones del Recipiente<\/td>\n<\/tr>\n<tr>\n<td>Dia. Interno, pulg.<\/td>\n<td class=\"Table-Subheading-LightGray-Centered_boldtop\" colspan=\"2\">1.18<\/td>\n<td class=\"Table-Subheading-LightGray-Centered\" colspan=\"2\">1.50<\/td>\n<\/tr>\n<tr>\n<td>Profundidad Interna, pulg.<\/td>\n<td style=\"text-align: center;\" colspan=\"4\">2.69 Junta Plana, 2.5 Junta T\u00f3rica<\/td>\n<\/tr>\n<tr>\n<td>Peso del Recipiente, lbs.<\/td>\n<td class=\"Table-Subheading-LightGray-Centered_boldtop\" colspan=\"2\">3 (con Panel-v\u00e1lvulas montadas)<\/td>\n<td class=\"Table-Subheading-LightGray-Centered\" colspan=\"2\">6(con Cabeza-v\u00e1lvulas montadas)<\/td>\n<\/tr>\n<tr>\n<td class=\"Table-Subheading-Yellow\">Dimensiones<\/td>\n<td class=\"Table-Subheading-Yellow\" style=\"text-align: center;\">Ancho, pulg.<\/td>\n<td class=\"Table-Subheading-Yellow\" style=\"text-align: center;\">Profundo, pulg.<\/td>\n<td class=\"Table-Subheading-Yellow\" style=\"text-align: center;\">Alto, pulg.<\/td>\n<td class=\"Table-Subheading-Yellow\" style=\"text-align: center;\">Peso, lb.<\/td>\n<\/tr>\n<tr>\n<td>Calefactor<\/td>\n<td class=\"Table-Subheading-LightGray-Centered_boldtop\">25.75<\/td>\n<td class=\"Table-Subheading-LightGray-Centered_boldtop\">9.25<\/td>\n<td class=\"Table-Subheading-LightGray-Centered\">2.875<\/td>\n<td class=\"Table-Subheading-LightGray-Centered\">31<\/td>\n<\/tr>\n<tr>\n<td>Agitador<\/td>\n<td class=\"Table-Subheading-LightGray-Centered_boldtop\">28<\/td>\n<td class=\"Table-Subheading-LightGray-Centered_boldtop\">9.5<\/td>\n<td class=\"Table-Subheading-LightGray-Centered\">7.625<\/td>\n<td class=\"Table-Subheading-LightGray-Centered\">12<\/td>\n<\/tr>\n<tr>\n<td>Controlador 4871<\/td>\n<td class=\"Table-Subheading-LightGray-Centered_boldtop\">13<\/td>\n<td class=\"Table-Subheading-LightGray-Centered_boldtop\">11<\/td>\n<td class=\"Table-Subheading-LightGray-Centered\">15<\/td>\n<td class=\"Table-Subheading-LightGray-Centered\">14<\/td>\n<\/tr>\n<tr>\n<td>M\u00faltiple, Remoto<\/td>\n<td class=\"Table-Subheading-LightGray-Centered_boldtop\">26.5<\/td>\n<td class=\"Table-Subheading-LightGray-Centered_boldtop\">9.0<\/td>\n<td class=\"Table-Subheading-LightGray-Centered\">15<\/td>\n<td class=\"Table-Subheading-LightGray-Centered\">36<\/td>\n<\/tr>\n<tr>\n<td>M\u00faltiple, Montado en la Cabeza<\/td>\n<td class=\"Table-Subheading-LightGray-Centered_boldtop\">26.5<\/td>\n<td class=\"Table-Subheading-LightGray-Centered_boldtop\">&gt;9.0<\/td>\n<td class=\"Table-Subheading-LightGray-Centered\">15<\/td>\n<td class=\"Table-Subheading-LightGray-Centered\">18<\/td>\n<\/tr>\n<tr>\n<td class=\"Table-Subheading-Yellow\">Kit de Piezas de Repuesto<\/td>\n<td style=\"text-align: center;\" colspan=\"4\">5009M<\/td>\n<\/tr>\n<tr>\n<td colspan=\"5\">Otras opciones disponibles. Ver la\u00a0<a href=\"https:\/\/www.parrinst.com\/es\/products\/multi-reactor-systems\/series-5000-multiple-reactor-system\/ordering-guide\/\">Gu\u00eda de Pedidos<\/a>\u00a0o llamar para m\u00e1s informaci\u00f3n.<\/td>\n<\/tr>\n<\/tbody>\n<\/table>\n","protected":false},"excerpt":{"rendered":"<p>Especificaciones del Sistema de Reactores a presi\u00f3n Serie 5000 La barra sombreada indica las especificaciones que cambian entre las series. N\u00b0 Modelo 5000 Tama\u00f1os, ml 45 75 N\u00b0 de Recipientes de Reacci\u00f3n 6 Presi\u00f3n M\u00e1xima 3000 psi (200 bar) Temperatura M\u00e1xima con junta t\u00f3rica FKM 225 \u00b0C con Junta T\u00f3rica FFKM 300\u00a0\u00b0C con Junta Plana [&hellip;]<\/p>\n","protected":false},"author":2,"featured_media":36941,"parent":230,"menu_order":2,"comment_status":"closed","ping_status":"closed","template":"product-narrow.php","meta":{"_acf_changed":false,"footnotes":"","_links_to":"","_links_to_target":""},"class_list":["post-1136","page","type-page","status-publish","has-post-thumbnail","hentry"],"acf":[],"yoast_head":"<!-- This site is optimized with the Yoast SEO plugin v27.5 - https:\/\/yoast.com\/product\/yoast-seo-wordpress\/ -->\n<title>Especificaciones - Parr Instrument (Espa\u00f1ol)<\/title>\n<meta name=\"robots\" content=\"index, follow, max-snippet:-1, max-image-preview:large, max-video-preview:-1\" \/>\n<link rel=\"canonical\" href=\"https:\/\/www.parrinst.com\/es\/products\/multi-reactor-systems\/series-5000-multiple-reactor-system\/specifications\/\" \/>\n<meta property=\"og:locale\" content=\"en_US\" \/>\n<meta property=\"og:type\" content=\"article\" \/>\n<meta property=\"og:title\" content=\"Especificaciones - Parr Instrument (Espa\u00f1ol)\" \/>\n<meta property=\"og:description\" content=\"Especificaciones del Sistema de Reactores a presi\u00f3n Serie 5000 La barra sombreada indica las especificaciones que cambian entre las series. N\u00b0 Modelo 5000 Tama\u00f1os, ml 45 75 N\u00b0 de Recipientes de Reacci\u00f3n 6 Presi\u00f3n M\u00e1xima 3000 psi (200 bar) Temperatura M\u00e1xima con junta t\u00f3rica FKM 225 \u00b0C con Junta T\u00f3rica FFKM 300\u00a0\u00b0C con Junta Plana [&hellip;]\" \/>\n<meta property=\"og:url\" content=\"https:\/\/www.parrinst.com\/es\/products\/multi-reactor-systems\/series-5000-multiple-reactor-system\/specifications\/\" \/>\n<meta property=\"og:site_name\" content=\"Parr Instrument (Espa\u00f1ol)\" \/>\n<meta property=\"article:modified_time\" content=\"2021-12-27T22:58:59+00:00\" \/>\n<meta property=\"og:image\" content=\"https:\/\/www.parrinst.com\/es\/files\/2018\/01\/parr_banner_multi_secondary.jpg\" \/>\n\t<meta property=\"og:image:width\" content=\"2200\" \/>\n\t<meta property=\"og:image:height\" content=\"399\" \/>\n\t<meta property=\"og:image:type\" content=\"image\/jpeg\" \/>\n<meta name=\"twitter:card\" content=\"summary_large_image\" \/>\n<meta name=\"twitter:label1\" content=\"Est. reading time\" \/>\n\t<meta name=\"twitter:data1\" content=\"2 minutes\" \/>\n<script type=\"application\/ld+json\" class=\"yoast-schema-graph\">{\"@context\":\"https:\\\/\\\/schema.org\",\"@graph\":[{\"@type\":\"WebPage\",\"@id\":\"https:\\\/\\\/www.parrinst.com\\\/es\\\/products\\\/multi-reactor-systems\\\/series-5000-multiple-reactor-system\\\/specifications\\\/\",\"url\":\"https:\\\/\\\/www.parrinst.com\\\/es\\\/products\\\/multi-reactor-systems\\\/series-5000-multiple-reactor-system\\\/specifications\\\/\",\"name\":\"Especificaciones - Parr Instrument (Espa\u00f1ol)\",\"isPartOf\":{\"@id\":\"https:\\\/\\\/www.parrinst.com\\\/es\\\/#website\"},\"primaryImageOfPage\":{\"@id\":\"https:\\\/\\\/www.parrinst.com\\\/es\\\/products\\\/multi-reactor-systems\\\/series-5000-multiple-reactor-system\\\/specifications\\\/#primaryimage\"},\"image\":{\"@id\":\"https:\\\/\\\/www.parrinst.com\\\/es\\\/products\\\/multi-reactor-systems\\\/series-5000-multiple-reactor-system\\\/specifications\\\/#primaryimage\"},\"thumbnailUrl\":\"https:\\\/\\\/i0.wp.com\\\/www.parrinst.com\\\/es\\\/wp-content\\\/uploads\\\/sites\\\/7\\\/2018\\\/01\\\/parr_banner_multi_secondary.jpg?fit=2200%2C399&ssl=1\",\"datePublished\":\"2011-05-05T02:01:54+00:00\",\"dateModified\":\"2021-12-27T22:58:59+00:00\",\"breadcrumb\":{\"@id\":\"https:\\\/\\\/www.parrinst.com\\\/es\\\/products\\\/multi-reactor-systems\\\/series-5000-multiple-reactor-system\\\/specifications\\\/#breadcrumb\"},\"inLanguage\":\"en-US\",\"potentialAction\":[{\"@type\":\"ReadAction\",\"target\":[\"https:\\\/\\\/www.parrinst.com\\\/es\\\/products\\\/multi-reactor-systems\\\/series-5000-multiple-reactor-system\\\/specifications\\\/\"]}]},{\"@type\":\"ImageObject\",\"inLanguage\":\"en-US\",\"@id\":\"https:\\\/\\\/www.parrinst.com\\\/es\\\/products\\\/multi-reactor-systems\\\/series-5000-multiple-reactor-system\\\/specifications\\\/#primaryimage\",\"url\":\"https:\\\/\\\/i0.wp.com\\\/www.parrinst.com\\\/es\\\/wp-content\\\/uploads\\\/sites\\\/7\\\/2018\\\/01\\\/parr_banner_multi_secondary.jpg?fit=2200%2C399&ssl=1\",\"contentUrl\":\"https:\\\/\\\/i0.wp.com\\\/www.parrinst.com\\\/es\\\/wp-content\\\/uploads\\\/sites\\\/7\\\/2018\\\/01\\\/parr_banner_multi_secondary.jpg?fit=2200%2C399&ssl=1\",\"width\":2200,\"height\":399},{\"@type\":\"BreadcrumbList\",\"@id\":\"https:\\\/\\\/www.parrinst.com\\\/es\\\/products\\\/multi-reactor-systems\\\/series-5000-multiple-reactor-system\\\/specifications\\\/#breadcrumb\",\"itemListElement\":[{\"@type\":\"ListItem\",\"position\":1,\"name\":\"Home\",\"item\":\"https:\\\/\\\/www.parrinst.com\\\/es\\\/\"},{\"@type\":\"ListItem\",\"position\":2,\"name\":\"Products\",\"item\":\"https:\\\/\\\/www.parrinst.com\\\/es\\\/products\\\/\"},{\"@type\":\"ListItem\",\"position\":3,\"name\":\"Sistemas de Reactores M\u00faltliples\",\"item\":\"https:\\\/\\\/www.parrinst.com\\\/es\\\/products\\\/multi-reactor-systems\\\/\"},{\"@type\":\"ListItem\",\"position\":4,\"name\":\"Sistema de Reactores m\u00faltliples Serie 5000\",\"item\":\"https:\\\/\\\/www.parrinst.com\\\/es\\\/products\\\/multi-reactor-systems\\\/series-5000-multiple-reactor-system\\\/\"},{\"@type\":\"ListItem\",\"position\":5,\"name\":\"Especificaciones\"}]},{\"@type\":\"WebSite\",\"@id\":\"https:\\\/\\\/www.parrinst.com\\\/es\\\/#website\",\"url\":\"https:\\\/\\\/www.parrinst.com\\\/es\\\/\",\"name\":\"Parr Instrument (Espa\u00f1ol)\",\"description\":\"\",\"potentialAction\":[{\"@type\":\"SearchAction\",\"target\":{\"@type\":\"EntryPoint\",\"urlTemplate\":\"https:\\\/\\\/www.parrinst.com\\\/es\\\/?s={search_term_string}\"},\"query-input\":{\"@type\":\"PropertyValueSpecification\",\"valueRequired\":true,\"valueName\":\"search_term_string\"}}],\"inLanguage\":\"en-US\"}]}<\/script>\n<!-- \/ Yoast SEO plugin. -->","yoast_head_json":{"title":"Especificaciones - Parr Instrument (Espa\u00f1ol)","robots":{"index":"index","follow":"follow","max-snippet":"max-snippet:-1","max-image-preview":"max-image-preview:large","max-video-preview":"max-video-preview:-1"},"canonical":"https:\/\/www.parrinst.com\/es\/products\/multi-reactor-systems\/series-5000-multiple-reactor-system\/specifications\/","og_locale":"en_US","og_type":"article","og_title":"Especificaciones - Parr Instrument (Espa\u00f1ol)","og_description":"Especificaciones del Sistema de Reactores a presi\u00f3n Serie 5000 La barra sombreada indica las especificaciones que cambian entre las series. N\u00b0 Modelo 5000 Tama\u00f1os, ml 45 75 N\u00b0 de Recipientes de Reacci\u00f3n 6 Presi\u00f3n M\u00e1xima 3000 psi (200 bar) Temperatura M\u00e1xima con junta t\u00f3rica FKM 225 \u00b0C con Junta T\u00f3rica FFKM 300\u00a0\u00b0C con Junta Plana [&hellip;]","og_url":"https:\/\/www.parrinst.com\/es\/products\/multi-reactor-systems\/series-5000-multiple-reactor-system\/specifications\/","og_site_name":"Parr Instrument (Espa\u00f1ol)","article_modified_time":"2021-12-27T22:58:59+00:00","og_image":[{"width":2200,"height":399,"url":"https:\/\/www.parrinst.com\/es\/files\/2018\/01\/parr_banner_multi_secondary.jpg","type":"image\/jpeg"}],"twitter_card":"summary_large_image","twitter_misc":{"Est. reading time":"2 minutes"},"schema":{"@context":"https:\/\/schema.org","@graph":[{"@type":"WebPage","@id":"https:\/\/www.parrinst.com\/es\/products\/multi-reactor-systems\/series-5000-multiple-reactor-system\/specifications\/","url":"https:\/\/www.parrinst.com\/es\/products\/multi-reactor-systems\/series-5000-multiple-reactor-system\/specifications\/","name":"Especificaciones - Parr Instrument (Espa\u00f1ol)","isPartOf":{"@id":"https:\/\/www.parrinst.com\/es\/#website"},"primaryImageOfPage":{"@id":"https:\/\/www.parrinst.com\/es\/products\/multi-reactor-systems\/series-5000-multiple-reactor-system\/specifications\/#primaryimage"},"image":{"@id":"https:\/\/www.parrinst.com\/es\/products\/multi-reactor-systems\/series-5000-multiple-reactor-system\/specifications\/#primaryimage"},"thumbnailUrl":"https:\/\/i0.wp.com\/www.parrinst.com\/es\/wp-content\/uploads\/sites\/7\/2018\/01\/parr_banner_multi_secondary.jpg?fit=2200%2C399&ssl=1","datePublished":"2011-05-05T02:01:54+00:00","dateModified":"2021-12-27T22:58:59+00:00","breadcrumb":{"@id":"https:\/\/www.parrinst.com\/es\/products\/multi-reactor-systems\/series-5000-multiple-reactor-system\/specifications\/#breadcrumb"},"inLanguage":"en-US","potentialAction":[{"@type":"ReadAction","target":["https:\/\/www.parrinst.com\/es\/products\/multi-reactor-systems\/series-5000-multiple-reactor-system\/specifications\/"]}]},{"@type":"ImageObject","inLanguage":"en-US","@id":"https:\/\/www.parrinst.com\/es\/products\/multi-reactor-systems\/series-5000-multiple-reactor-system\/specifications\/#primaryimage","url":"https:\/\/i0.wp.com\/www.parrinst.com\/es\/wp-content\/uploads\/sites\/7\/2018\/01\/parr_banner_multi_secondary.jpg?fit=2200%2C399&ssl=1","contentUrl":"https:\/\/i0.wp.com\/www.parrinst.com\/es\/wp-content\/uploads\/sites\/7\/2018\/01\/parr_banner_multi_secondary.jpg?fit=2200%2C399&ssl=1","width":2200,"height":399},{"@type":"BreadcrumbList","@id":"https:\/\/www.parrinst.com\/es\/products\/multi-reactor-systems\/series-5000-multiple-reactor-system\/specifications\/#breadcrumb","itemListElement":[{"@type":"ListItem","position":1,"name":"Home","item":"https:\/\/www.parrinst.com\/es\/"},{"@type":"ListItem","position":2,"name":"Products","item":"https:\/\/www.parrinst.com\/es\/products\/"},{"@type":"ListItem","position":3,"name":"Sistemas de Reactores M\u00faltliples","item":"https:\/\/www.parrinst.com\/es\/products\/multi-reactor-systems\/"},{"@type":"ListItem","position":4,"name":"Sistema de Reactores m\u00faltliples Serie 5000","item":"https:\/\/www.parrinst.com\/es\/products\/multi-reactor-systems\/series-5000-multiple-reactor-system\/"},{"@type":"ListItem","position":5,"name":"Especificaciones"}]},{"@type":"WebSite","@id":"https:\/\/www.parrinst.com\/es\/#website","url":"https:\/\/www.parrinst.com\/es\/","name":"Parr Instrument (Espa\u00f1ol)","description":"","potentialAction":[{"@type":"SearchAction","target":{"@type":"EntryPoint","urlTemplate":"https:\/\/www.parrinst.com\/es\/?s={search_term_string}"},"query-input":{"@type":"PropertyValueSpecification","valueRequired":true,"valueName":"search_term_string"}}],"inLanguage":"en-US"}]}},"jetpack_sharing_enabled":true,"_links":{"self":[{"href":"https:\/\/www.parrinst.com\/es\/wp-json\/wp\/v2\/pages\/1136","targetHints":{"allow":["GET"]}}],"collection":[{"href":"https:\/\/www.parrinst.com\/es\/wp-json\/wp\/v2\/pages"}],"about":[{"href":"https:\/\/www.parrinst.com\/es\/wp-json\/wp\/v2\/types\/page"}],"author":[{"embeddable":true,"href":"https:\/\/www.parrinst.com\/es\/wp-json\/wp\/v2\/users\/2"}],"replies":[{"embeddable":true,"href":"https:\/\/www.parrinst.com\/es\/wp-json\/wp\/v2\/comments?post=1136"}],"version-history":[{"count":5,"href":"https:\/\/www.parrinst.com\/es\/wp-json\/wp\/v2\/pages\/1136\/revisions"}],"predecessor-version":[{"id":40330,"href":"https:\/\/www.parrinst.com\/es\/wp-json\/wp\/v2\/pages\/1136\/revisions\/40330"}],"up":[{"embeddable":true,"href":"https:\/\/www.parrinst.com\/es\/wp-json\/wp\/v2\/pages\/230"}],"wp:featuredmedia":[{"embeddable":true,"href":"https:\/\/www.parrinst.com\/es\/wp-json\/wp\/v2\/media\/36941"}],"wp:attachment":[{"href":"https:\/\/www.parrinst.com\/es\/wp-json\/wp\/v2\/media?parent=1136"}],"curies":[{"name":"wp","href":"https:\/\/api.w.org\/{rel}","templated":true}]}}