{"id":1137,"date":"2011-08-09T09:00:04","date_gmt":"2011-08-09T14:00:04","guid":{"rendered":"https:\/\/www.parrinst.com\/?page_id=1137"},"modified":"2025-08-19T13:35:35","modified_gmt":"2025-08-19T18:35:35","slug":"specifications-2","status":"publish","type":"page","link":"https:\/\/www.parrinst.com\/es\/products\/tubular-reactor-systems\/5400-continuous-flow-tubular-reactors\/specifications-2\/","title":{"rendered":"Especificaciones"},"content":{"rendered":"<table class=\"Specification\">\n<tbody>\n<tr>\n<td class=\"Table-Header-Green\" colspan=\"5\">Especificaciones del Sistema de Reactores Tubulares Serie 5400<\/td>\n<\/tr>\n<tr>\n<td style=\"text-align: center;\" colspan=\"5\">La barra sombreada indica las especificaciones que cambian entre las series.<\/td>\n<\/tr>\n<tr class=\"Table-Subheading-LightGreen\">\n<td><strong>N\u00b0 Modelo<\/strong><\/td>\n<td class=\"Table-Center\"><strong>5401<\/strong><\/td>\n<td class=\"Table-Center\"><strong>5402<\/strong><\/td>\n<td class=\"Table-Subheading-DarkGreen\" style=\"text-align: center;\"><strong>5403<\/strong><\/td>\n<td class=\"Table-Subheading-DarkGreen\" style=\"text-align: center;\"><strong>5404<\/strong><\/td>\n<\/tr>\n<tr>\n<td class=\"Table-Subheading-Yellow\">Tama\u00f1os<\/td>\n<td class=\"Table-Subheading-LightGray-Centered_boldtop\">3\/8 pulg.<\/td>\n<td class=\"Table-Subheading-LightGray-Centered_boldtop\">1\/2 pulg.<\/td>\n<td class=\"Table-Subheading-DarkGray-Centered\">1.0 pulg.<\/td>\n<td class=\"Table-Subheading-DarkGray-Centered\">1.5 pulg.<\/td>\n<\/tr>\n<tr>\n<td class=\"Table-Subheading-Yellow\">O.D.\/I.D. (pulg.)<\/td>\n<td class=\"Table-Subheading-LightGray-Centered_boldtop\">0.38 \/ 0.28<\/td>\n<td class=\"Table-Subheading-LightGray-Centered_boldtop\">0.50 \/ 0.37<\/td>\n<td class=\"Table-Subheading-DarkGray-Centered\">1.50 \/ .99<\/td>\n<td class=\"Table-Subheading-DarkGray-Centered\">1.88\u00a0\/ 1.44<\/td>\n<\/tr>\n<tr>\n<td class=\"Table-Subheading-Yellow\">O.D. \/ I.D. (mm)<\/td>\n<td class=\"Table-Subheading-LightGray-Centered_boldtop\">9.5 \/ 7.0<\/td>\n<td class=\"Table-Subheading-LightGray-Centered_boldtop\">13 \/ 9.5<\/td>\n<td class=\"Table-Subheading-DarkGray-Centered\">38 \/ 25<\/td>\n<td class=\"Table-Subheading-DarkGray-Centered\">48\u00a0\/ 36<\/td>\n<\/tr>\n<tr>\n<td class=\"Table-Subheading-Yellow\">Distancia Calentada (pulg.)<\/td>\n<td class=\"Table-Subheading-LightGray-Centered_boldtop\" colspan=\"2\">6, 12, 24<\/td>\n<td class=\"Table-Subheading-DarkGray-Centered\" colspan=\"2\">12, 24, 36<\/td>\n<\/tr>\n<tr>\n<td class=\"Table-Subheading-Yellow\">Presi\u00f3n Max., psi (bar)<\/td>\n<td class=\"Table-Subheading-LightGray-Centered_boldtop\" colspan=\"2\">3000 (207, 200 para pedidos CE)<\/td>\n<td class=\"Table-Subheading-DarkGray-Centered\">5000 (345)<\/td>\n<td class=\"Table-Subheading-DarkGray-Centered\">3000 (207, 200 para pedidos CE)<\/td>\n<\/tr>\n<tr>\n<td class=\"Table-Subheading-Yellow\">Temperatura Max.<\/td>\n<td class=\"Table-Subheading-LightGray-Centered_boldtop\" colspan=\"2\">550 \u00b0C<\/td>\n<td class=\"Table-Subheading-DarkGray-Centered\">550 \u00b0C<\/td>\n<td class=\"Table-Subheading-DarkGray-Centered\">350 \u00b0C<\/td>\n<\/tr>\n<tr>\n<td class=\"Table-Subheading-Yellow\">Spools de Soporte<\/td>\n<td class=\"Table-Subheading-LightGray-Centered_boldtop\" colspan=\"2\">No<\/td>\n<td class=\"Table-Subheading-DarkGray-Centered\" colspan=\"2\">Opcionales<\/td>\n<\/tr>\n<tr>\n<td class=\"Table-Subheading-Yellow\">Espiral de Precalentamiento<\/td>\n<td class=\"Table-Subheading-LightGray-Centered_boldtop\" colspan=\"2\">No<\/td>\n<td class=\"Table-Subheading-DarkGray-Centered\" colspan=\"2\">Opcionales<\/td>\n<\/tr>\n<tr>\n<td class=\"Table-Subheading-Yellow\">N\u00b0 Puertos en Cabeza Superior<\/td>\n<td class=\"Table-Subheading-LightGray-Centered_boldtop\" colspan=\"2\">1<\/td>\n<td class=\"Table-Subheading-DarkGray-Centered\" colspan=\"2\">4<\/td>\n<\/tr>\n<tr>\n<td class=\"Table-Subheading-Yellow\">N\u00b0 Puertos en Cabeza Inferior<\/td>\n<td class=\"Table-Subheading-LightGray-Centered_boldtop\" colspan=\"2\">1<\/td>\n<td class=\"Table-Subheading-DarkGray-Centered\" colspan=\"2\">4<\/td>\n<\/tr>\n<tr>\n<td class=\"Table-Subheading-Yellow\">Termopar Interior<\/td>\n<td class=\"Table-Center\" colspan=\"4\">(Opcionales) Movable or Multi-point fixed<\/td>\n<\/tr>\n<\/tbody>\n<\/table>\n<p>A continuaci\u00f3n aparecen representaciones esquem\u00e1ticas de sistemas de reactores tubulares t\u00edpicos, junto con una gr\u00e1fica de s\u00edmbolos para facilitar su comprensi\u00f3n. Le hemos dado un n\u00famero de pedido para cada uno de estos ejemplos.<\/p>\n<h3>Esquema de sistema de Reactor Tubular Ejemplo I:<\/h3>\n<figure id=\"attachment_12478\" aria-describedby=\"caption-attachment-12478\" style=\"width: 450px\" class=\"wp-caption aligncenter\"><a href=\"https:\/\/i0.wp.com\/www.parrinst.com\/es\/wp-content\/uploads\/sites\/7\/2011\/08\/tubular-schematic-CFTRS-2a_nobkg.jpg?ssl=1\"><img data-recalc-dims=\"1\" loading=\"lazy\" decoding=\"async\" class=\"wp-image-12478\" src=\"https:\/\/i0.wp.com\/www.parrinst.com\/es\/wp-content\/uploads\/sites\/7\/2011\/08\/tubular-schematic-CFTRS-2a_nobkg.jpg?resize=450%2C385&#038;ssl=1\" alt=\"Sistema de reactor tubular de una sola zona con una entrada de l\u00edquido, una entrada de gas y una l\u00ednea de purga\" width=\"450\" height=\"385\" srcset=\"https:\/\/i0.wp.com\/www.parrinst.com\/es\/wp-content\/uploads\/sites\/7\/2011\/08\/tubular-schematic-CFTRS-2a_nobkg.jpg?w=600&amp;ssl=1 600w, https:\/\/i0.wp.com\/www.parrinst.com\/es\/wp-content\/uploads\/sites\/7\/2011\/08\/tubular-schematic-CFTRS-2a_nobkg.jpg?resize=175%2C150&amp;ssl=1 175w, https:\/\/i0.wp.com\/www.parrinst.com\/es\/wp-content\/uploads\/sites\/7\/2011\/08\/tubular-schematic-CFTRS-2a_nobkg.jpg?resize=300%2C257&amp;ssl=1 300w\" sizes=\"auto, (max-width: 450px) 100vw, 450px\" \/><\/a><figcaption id=\"caption-attachment-12478\" class=\"wp-caption-text\">Sistema de reactor tubular de una sola zona con una entrada de l\u00edquido, una entrada de gas y una l\u00ednea de purga<\/figcaption><\/figure>\n<p><strong>N\u00famero de Pedido: <\/strong>5402B-SS-115-ST1(6)-1500-PCC-GF(1)-PL-LF(1)-ITW-CCD-GLS(300)-MPC<\/p>\n<h3>Esquema de Sistema de Reactor Tubular Ejemplo II:<\/h3>\n<p><a href=\"https:\/\/i0.wp.com\/www.parrinst.com\/es\/wp-content\/uploads\/sites\/7\/2011\/08\/tubular-schematic-CFTRS-1d.jpg?ssl=1\"><img data-recalc-dims=\"1\" loading=\"lazy\" decoding=\"async\" class=\"aligncenter wp-image-12480\" src=\"https:\/\/i0.wp.com\/www.parrinst.com\/es\/wp-content\/uploads\/sites\/7\/2011\/08\/tubular-schematic-CFTRS-1d.jpg?resize=450%2C608&#038;ssl=1\" alt=\"\" width=\"450\" height=\"608\" srcset=\"https:\/\/i0.wp.com\/www.parrinst.com\/es\/wp-content\/uploads\/sites\/7\/2011\/08\/tubular-schematic-CFTRS-1d.jpg?w=600&amp;ssl=1 600w, https:\/\/i0.wp.com\/www.parrinst.com\/es\/wp-content\/uploads\/sites\/7\/2011\/08\/tubular-schematic-CFTRS-1d.jpg?resize=111%2C150&amp;ssl=1 111w, https:\/\/i0.wp.com\/www.parrinst.com\/es\/wp-content\/uploads\/sites\/7\/2011\/08\/tubular-schematic-CFTRS-1d.jpg?resize=222%2C300&amp;ssl=1 222w\" sizes=\"auto, (max-width: 450px) 100vw, 450px\" \/><\/a><br \/>\n<strong>N\u00famero de Pedido: <\/strong>5403F-SS-230-ST3(24)-3000-PCC-GF(2)-PL-LF(1)-ISP-CSS-ITW-GLS(600)-APC-ASV(3)<\/p>\n<p><a href=\"https:\/\/i0.wp.com\/www.parrinst.com\/es\/wp-content\/uploads\/sites\/7\/2011\/08\/tubular-schematic_key.png?ssl=1\"><img data-recalc-dims=\"1\" loading=\"lazy\" decoding=\"async\" class=\"size-large wp-image-6831 aligncenter\" src=\"https:\/\/i0.wp.com\/www.parrinst.com\/es\/wp-content\/uploads\/sites\/7\/2011\/08\/tubular-schematic_key.png?resize=454%2C177&#038;ssl=1\" alt=\"\" width=\"454\" height=\"177\" srcset=\"https:\/\/i0.wp.com\/www.parrinst.com\/es\/wp-content\/uploads\/sites\/7\/2011\/08\/tubular-schematic_key.png?resize=1024%2C400&amp;ssl=1 1024w, https:\/\/i0.wp.com\/www.parrinst.com\/es\/wp-content\/uploads\/sites\/7\/2011\/08\/tubular-schematic_key.png?resize=300%2C117&amp;ssl=1 300w, https:\/\/i0.wp.com\/www.parrinst.com\/es\/wp-content\/uploads\/sites\/7\/2011\/08\/tubular-schematic_key.png?w=1188&amp;ssl=1 1188w\" sizes=\"auto, (max-width: 454px) 100vw, 454px\" \/><\/a><\/p>\n","protected":false},"excerpt":{"rendered":"<p>Especificaciones del Sistema de Reactores Tubulares Serie 5400 La barra sombreada indica las especificaciones que cambian entre las series. N\u00b0 Modelo 5401 5402 5403 5404 Tama\u00f1os 3\/8 pulg. 1\/2 pulg. 1.0 pulg. 1.5 pulg. O.D.\/I.D. (pulg.) 0.38 \/ 0.28 0.50 \/ 0.37 1.50 \/ .99 1.88\u00a0\/ 1.44 O.D. \/ I.D. (mm) 9.5 \/ 7.0 13 [&hellip;]<\/p>\n","protected":false},"author":2,"featured_media":37724,"parent":232,"menu_order":2,"comment_status":"closed","ping_status":"closed","template":"product-narrow.php","meta":{"_acf_changed":false,"footnotes":"","_links_to":"","_links_to_target":""},"class_list":["post-1137","page","type-page","status-publish","has-post-thumbnail","hentry"],"acf":[],"yoast_head":"<!-- This site is optimized with the Yoast SEO plugin v27.4 - https:\/\/yoast.com\/product\/yoast-seo-wordpress\/ -->\n<title>Especificaciones - Parr Instrument (Espa\u00f1ol)<\/title>\n<meta name=\"robots\" content=\"index, follow, max-snippet:-1, max-image-preview:large, max-video-preview:-1\" \/>\n<link rel=\"canonical\" href=\"https:\/\/www.parrinst.com\/es\/products\/tubular-reactor-systems\/5400-continuous-flow-tubular-reactors\/specifications-2\/\" \/>\n<meta property=\"og:locale\" content=\"en_US\" \/>\n<meta property=\"og:type\" content=\"article\" \/>\n<meta property=\"og:title\" content=\"Especificaciones - Parr Instrument (Espa\u00f1ol)\" \/>\n<meta property=\"og:description\" content=\"Especificaciones del Sistema de Reactores Tubulares Serie 5400 La barra sombreada indica las especificaciones que cambian entre las series. N\u00b0 Modelo 5401 5402 5403 5404 Tama\u00f1os 3\/8 pulg. 1\/2 pulg. 1.0 pulg. 1.5 pulg. O.D.\/I.D. (pulg.) 0.38 \/ 0.28 0.50 \/ 0.37 1.50 \/ .99 1.88\u00a0\/ 1.44 O.D. \/ I.D. (mm) 9.5 \/ 7.0 13 [&hellip;]\" \/>\n<meta property=\"og:url\" content=\"https:\/\/www.parrinst.com\/es\/products\/tubular-reactor-systems\/5400-continuous-flow-tubular-reactors\/specifications-2\/\" \/>\n<meta property=\"og:site_name\" content=\"Parr Instrument (Espa\u00f1ol)\" \/>\n<meta property=\"article:modified_time\" content=\"2025-08-19T18:35:35+00:00\" \/>\n<meta property=\"og:image\" content=\"https:\/\/www.parrinst.com\/es\/wp-content\/uploads\/sites\/7\/2018\/01\/parr_banner_tubular_secondary.jpg\" \/>\n\t<meta property=\"og:image:width\" content=\"2200\" \/>\n\t<meta property=\"og:image:height\" content=\"399\" \/>\n\t<meta property=\"og:image:type\" content=\"image\/jpeg\" \/>\n<meta name=\"twitter:card\" content=\"summary_large_image\" \/>\n<meta name=\"twitter:label1\" content=\"Est. reading time\" \/>\n\t<meta name=\"twitter:data1\" content=\"2 minutes\" \/>\n<script type=\"application\/ld+json\" class=\"yoast-schema-graph\">{\"@context\":\"https:\\\/\\\/schema.org\",\"@graph\":[{\"@type\":\"WebPage\",\"@id\":\"https:\\\/\\\/www.parrinst.com\\\/es\\\/products\\\/tubular-reactor-systems\\\/5400-continuous-flow-tubular-reactors\\\/specifications-2\\\/\",\"url\":\"https:\\\/\\\/www.parrinst.com\\\/es\\\/products\\\/tubular-reactor-systems\\\/5400-continuous-flow-tubular-reactors\\\/specifications-2\\\/\",\"name\":\"Especificaciones - Parr Instrument (Espa\u00f1ol)\",\"isPartOf\":{\"@id\":\"https:\\\/\\\/www.parrinst.com\\\/es\\\/#website\"},\"primaryImageOfPage\":{\"@id\":\"https:\\\/\\\/www.parrinst.com\\\/es\\\/products\\\/tubular-reactor-systems\\\/5400-continuous-flow-tubular-reactors\\\/specifications-2\\\/#primaryimage\"},\"image\":{\"@id\":\"https:\\\/\\\/www.parrinst.com\\\/es\\\/products\\\/tubular-reactor-systems\\\/5400-continuous-flow-tubular-reactors\\\/specifications-2\\\/#primaryimage\"},\"thumbnailUrl\":\"https:\\\/\\\/i0.wp.com\\\/www.parrinst.com\\\/es\\\/wp-content\\\/uploads\\\/sites\\\/7\\\/2018\\\/01\\\/parr_banner_tubular_secondary.jpg?fit=2200%2C399&ssl=1\",\"datePublished\":\"2011-08-09T14:00:04+00:00\",\"dateModified\":\"2025-08-19T18:35:35+00:00\",\"breadcrumb\":{\"@id\":\"https:\\\/\\\/www.parrinst.com\\\/es\\\/products\\\/tubular-reactor-systems\\\/5400-continuous-flow-tubular-reactors\\\/specifications-2\\\/#breadcrumb\"},\"inLanguage\":\"en-US\",\"potentialAction\":[{\"@type\":\"ReadAction\",\"target\":[\"https:\\\/\\\/www.parrinst.com\\\/es\\\/products\\\/tubular-reactor-systems\\\/5400-continuous-flow-tubular-reactors\\\/specifications-2\\\/\"]}]},{\"@type\":\"ImageObject\",\"inLanguage\":\"en-US\",\"@id\":\"https:\\\/\\\/www.parrinst.com\\\/es\\\/products\\\/tubular-reactor-systems\\\/5400-continuous-flow-tubular-reactors\\\/specifications-2\\\/#primaryimage\",\"url\":\"https:\\\/\\\/i0.wp.com\\\/www.parrinst.com\\\/es\\\/wp-content\\\/uploads\\\/sites\\\/7\\\/2018\\\/01\\\/parr_banner_tubular_secondary.jpg?fit=2200%2C399&ssl=1\",\"contentUrl\":\"https:\\\/\\\/i0.wp.com\\\/www.parrinst.com\\\/es\\\/wp-content\\\/uploads\\\/sites\\\/7\\\/2018\\\/01\\\/parr_banner_tubular_secondary.jpg?fit=2200%2C399&ssl=1\",\"width\":2200,\"height\":399},{\"@type\":\"BreadcrumbList\",\"@id\":\"https:\\\/\\\/www.parrinst.com\\\/es\\\/products\\\/tubular-reactor-systems\\\/5400-continuous-flow-tubular-reactors\\\/specifications-2\\\/#breadcrumb\",\"itemListElement\":[{\"@type\":\"ListItem\",\"position\":1,\"name\":\"Home\",\"item\":\"https:\\\/\\\/www.parrinst.com\\\/es\\\/\"},{\"@type\":\"ListItem\",\"position\":2,\"name\":\"Products\",\"item\":\"https:\\\/\\\/www.parrinst.com\\\/es\\\/products\\\/\"},{\"@type\":\"ListItem\",\"position\":3,\"name\":\"Sistemas de Reactor Tubular\",\"item\":\"https:\\\/\\\/www.parrinst.com\\\/es\\\/products\\\/tubular-reactor-systems\\\/\"},{\"@type\":\"ListItem\",\"position\":4,\"name\":\"Reactores Tubulares de Flujo Continuo 5400\",\"item\":\"https:\\\/\\\/www.parrinst.com\\\/es\\\/products\\\/tubular-reactor-systems\\\/5400-continuous-flow-tubular-reactors\\\/\"},{\"@type\":\"ListItem\",\"position\":5,\"name\":\"Especificaciones\"}]},{\"@type\":\"WebSite\",\"@id\":\"https:\\\/\\\/www.parrinst.com\\\/es\\\/#website\",\"url\":\"https:\\\/\\\/www.parrinst.com\\\/es\\\/\",\"name\":\"Parr Instrument (Espa\u00f1ol)\",\"description\":\"\",\"potentialAction\":[{\"@type\":\"SearchAction\",\"target\":{\"@type\":\"EntryPoint\",\"urlTemplate\":\"https:\\\/\\\/www.parrinst.com\\\/es\\\/?s={search_term_string}\"},\"query-input\":{\"@type\":\"PropertyValueSpecification\",\"valueRequired\":true,\"valueName\":\"search_term_string\"}}],\"inLanguage\":\"en-US\"}]}<\/script>\n<!-- \/ Yoast SEO plugin. -->","yoast_head_json":{"title":"Especificaciones - Parr Instrument (Espa\u00f1ol)","robots":{"index":"index","follow":"follow","max-snippet":"max-snippet:-1","max-image-preview":"max-image-preview:large","max-video-preview":"max-video-preview:-1"},"canonical":"https:\/\/www.parrinst.com\/es\/products\/tubular-reactor-systems\/5400-continuous-flow-tubular-reactors\/specifications-2\/","og_locale":"en_US","og_type":"article","og_title":"Especificaciones - Parr Instrument (Espa\u00f1ol)","og_description":"Especificaciones del Sistema de Reactores Tubulares Serie 5400 La barra sombreada indica las especificaciones que cambian entre las series. N\u00b0 Modelo 5401 5402 5403 5404 Tama\u00f1os 3\/8 pulg. 1\/2 pulg. 1.0 pulg. 1.5 pulg. O.D.\/I.D. (pulg.) 0.38 \/ 0.28 0.50 \/ 0.37 1.50 \/ .99 1.88\u00a0\/ 1.44 O.D. \/ I.D. (mm) 9.5 \/ 7.0 13 [&hellip;]","og_url":"https:\/\/www.parrinst.com\/es\/products\/tubular-reactor-systems\/5400-continuous-flow-tubular-reactors\/specifications-2\/","og_site_name":"Parr Instrument (Espa\u00f1ol)","article_modified_time":"2025-08-19T18:35:35+00:00","og_image":[{"width":2200,"height":399,"url":"https:\/\/www.parrinst.com\/es\/wp-content\/uploads\/sites\/7\/2018\/01\/parr_banner_tubular_secondary.jpg","type":"image\/jpeg"}],"twitter_card":"summary_large_image","twitter_misc":{"Est. reading time":"2 minutes"},"schema":{"@context":"https:\/\/schema.org","@graph":[{"@type":"WebPage","@id":"https:\/\/www.parrinst.com\/es\/products\/tubular-reactor-systems\/5400-continuous-flow-tubular-reactors\/specifications-2\/","url":"https:\/\/www.parrinst.com\/es\/products\/tubular-reactor-systems\/5400-continuous-flow-tubular-reactors\/specifications-2\/","name":"Especificaciones - Parr Instrument (Espa\u00f1ol)","isPartOf":{"@id":"https:\/\/www.parrinst.com\/es\/#website"},"primaryImageOfPage":{"@id":"https:\/\/www.parrinst.com\/es\/products\/tubular-reactor-systems\/5400-continuous-flow-tubular-reactors\/specifications-2\/#primaryimage"},"image":{"@id":"https:\/\/www.parrinst.com\/es\/products\/tubular-reactor-systems\/5400-continuous-flow-tubular-reactors\/specifications-2\/#primaryimage"},"thumbnailUrl":"https:\/\/i0.wp.com\/www.parrinst.com\/es\/wp-content\/uploads\/sites\/7\/2018\/01\/parr_banner_tubular_secondary.jpg?fit=2200%2C399&ssl=1","datePublished":"2011-08-09T14:00:04+00:00","dateModified":"2025-08-19T18:35:35+00:00","breadcrumb":{"@id":"https:\/\/www.parrinst.com\/es\/products\/tubular-reactor-systems\/5400-continuous-flow-tubular-reactors\/specifications-2\/#breadcrumb"},"inLanguage":"en-US","potentialAction":[{"@type":"ReadAction","target":["https:\/\/www.parrinst.com\/es\/products\/tubular-reactor-systems\/5400-continuous-flow-tubular-reactors\/specifications-2\/"]}]},{"@type":"ImageObject","inLanguage":"en-US","@id":"https:\/\/www.parrinst.com\/es\/products\/tubular-reactor-systems\/5400-continuous-flow-tubular-reactors\/specifications-2\/#primaryimage","url":"https:\/\/i0.wp.com\/www.parrinst.com\/es\/wp-content\/uploads\/sites\/7\/2018\/01\/parr_banner_tubular_secondary.jpg?fit=2200%2C399&ssl=1","contentUrl":"https:\/\/i0.wp.com\/www.parrinst.com\/es\/wp-content\/uploads\/sites\/7\/2018\/01\/parr_banner_tubular_secondary.jpg?fit=2200%2C399&ssl=1","width":2200,"height":399},{"@type":"BreadcrumbList","@id":"https:\/\/www.parrinst.com\/es\/products\/tubular-reactor-systems\/5400-continuous-flow-tubular-reactors\/specifications-2\/#breadcrumb","itemListElement":[{"@type":"ListItem","position":1,"name":"Home","item":"https:\/\/www.parrinst.com\/es\/"},{"@type":"ListItem","position":2,"name":"Products","item":"https:\/\/www.parrinst.com\/es\/products\/"},{"@type":"ListItem","position":3,"name":"Sistemas de Reactor Tubular","item":"https:\/\/www.parrinst.com\/es\/products\/tubular-reactor-systems\/"},{"@type":"ListItem","position":4,"name":"Reactores Tubulares de Flujo Continuo 5400","item":"https:\/\/www.parrinst.com\/es\/products\/tubular-reactor-systems\/5400-continuous-flow-tubular-reactors\/"},{"@type":"ListItem","position":5,"name":"Especificaciones"}]},{"@type":"WebSite","@id":"https:\/\/www.parrinst.com\/es\/#website","url":"https:\/\/www.parrinst.com\/es\/","name":"Parr Instrument (Espa\u00f1ol)","description":"","potentialAction":[{"@type":"SearchAction","target":{"@type":"EntryPoint","urlTemplate":"https:\/\/www.parrinst.com\/es\/?s={search_term_string}"},"query-input":{"@type":"PropertyValueSpecification","valueRequired":true,"valueName":"search_term_string"}}],"inLanguage":"en-US"}]}},"jetpack_sharing_enabled":true,"_links":{"self":[{"href":"https:\/\/www.parrinst.com\/es\/wp-json\/wp\/v2\/pages\/1137","targetHints":{"allow":["GET"]}}],"collection":[{"href":"https:\/\/www.parrinst.com\/es\/wp-json\/wp\/v2\/pages"}],"about":[{"href":"https:\/\/www.parrinst.com\/es\/wp-json\/wp\/v2\/types\/page"}],"author":[{"embeddable":true,"href":"https:\/\/www.parrinst.com\/es\/wp-json\/wp\/v2\/users\/2"}],"replies":[{"embeddable":true,"href":"https:\/\/www.parrinst.com\/es\/wp-json\/wp\/v2\/comments?post=1137"}],"version-history":[{"count":8,"href":"https:\/\/www.parrinst.com\/es\/wp-json\/wp\/v2\/pages\/1137\/revisions"}],"predecessor-version":[{"id":41157,"href":"https:\/\/www.parrinst.com\/es\/wp-json\/wp\/v2\/pages\/1137\/revisions\/41157"}],"up":[{"embeddable":true,"href":"https:\/\/www.parrinst.com\/es\/wp-json\/wp\/v2\/pages\/232"}],"wp:featuredmedia":[{"embeddable":true,"href":"https:\/\/www.parrinst.com\/es\/wp-json\/wp\/v2\/media\/37724"}],"wp:attachment":[{"href":"https:\/\/www.parrinst.com\/es\/wp-json\/wp\/v2\/media?parent=1137"}],"curies":[{"name":"wp","href":"https:\/\/api.w.org\/{rel}","templated":true}]}}