{"id":1160,"date":"2011-05-04T21:03:26","date_gmt":"2011-05-05T02:03:26","guid":{"rendered":"https:\/\/www.parrinst.com\/?page_id=1160"},"modified":"2020-05-06T15:37:54","modified_gmt":"2020-05-06T20:37:54","slug":"rfq","status":"publish","type":"page","link":"https:\/\/www.parrinst.com\/es\/products\/multi-reactor-systems\/series-5000-multiple-reactor-system\/rfq\/","title":{"rendered":"Cotizaci\u00f3n"},"content":{"rendered":"<h2>Cotizaci\u00f3n de la Serie 5000<\/h2>\n<p>El N\u00b0 de Pedido para el Sistema Base es: <strong>5000(45)-T-SS-115-P-MV-2000-MB-CC<\/strong><\/p>\n<p>Haga clic en las siguientes selecciones para desarrollar un n\u00famero compuesto de identificaci\u00f3n que se usar\u00e1 para solicitar una cotizaci\u00f3n o para pedir un Reactor Series5000.<\/p>\n<p><strong>Tenga en cuenta que no todas las opciones y combinaciones son compatibles con todos los modelos.<\/strong><\/p>\n\n<form id=\"ordering-guide\" action=\"https:\/\/www.parrinst.com\/es\/request-quote\/\" method=\"get\">\n\t<div style=\"display:none;\"><input type=\"hidden\" name=\"referrer\" value=\"Ordering Guide - \/es\/wp-json\/wp\/v2\/pages\/1160\" \/><\/div>\n\t<p><label>Your System ID No:<br \/><textarea class=\"un-placeholder\" name=\"order-no\" cols=\"60\" rows=\"1\">____-_-__-___<\/textarea><br \/><em>(automatically updates based on the selections below)<\/em><\/label><\/p>\n\t<p><input type=\"submit\" class=\"button-strong\" value=\"Enviar para Cotizar\" \/><\/p>\n\n<table class=\"OrderingGuide\">\n<tbody>\n<tr>\n<td class=\"OrderingGuide-DarkGreen\" colspan=\"3\"><strong>A<\/strong>Modelo B\u00e1sico<\/td>\n<\/tr>\n<tr>\n<td><\/td>\n<td><strong>N\u00b0 Modelo<\/strong><\/td>\n<td><strong>Tama\u00f1o<\/strong><\/td>\n<\/tr>\n<tr class=\"OrderingGuide-LightGreen\">\n<td><label><input type=\"radio\" name=\"base\" value=\"5000(45 mL)\" \/><\/label><\/td>\n<td>5000<\/td>\n<td>45 ml<\/td>\n<\/tr>\n<tr>\n<td><label><input type=\"radio\" name=\"base\" value=\"5000(75 mL)\" \/><\/label><\/td>\n<td>5000<\/td>\n<td>75 ml<\/td>\n<\/tr>\n<tr>\n<td colspan=\"3\"><\/td>\n<\/tr>\n<tr>\n<td class=\"OrderingGuide-DarkGreen\" colspan=\"3\"><strong>B<\/strong>Junta \/ Temperatura M\u00e1xima<\/td>\n<\/tr>\n<tr>\n<td><label><input type=\"radio\" name=\"gasket\" value=\"OV\" \/><\/label><\/td>\n<td>-OV<\/td>\n<td>Junta T\u00f3rica FKM, 225 \u00b0C<\/td>\n<\/tr>\n<tr class=\"OrderingGuide-LightGreen\">\n<td><label><input type=\"radio\" name=\"gasket\" value=\"OK\" \/><\/label><\/td>\n<td>-OK<\/td>\n<td>Junta T\u00f3rica FFKM, 300 \u00b0C<\/td>\n<\/tr>\n<tr>\n<td><label><input type=\"radio\" name=\"gasket\" value=\"T\" \/><\/label><\/td>\n<td>-T<\/td>\n<td>Junta Plana PTFE, 300 \u00b0C<\/td>\n<\/tr>\n<tr>\n<td colspan=\"3\"><\/td>\n<\/tr>\n<tr>\n<td class=\"OrderingGuide-DarkGreen\" colspan=\"3\"><strong>C<\/strong>Materiales de Fabricaci\u00f3n<\/td>\n<\/tr>\n<tr>\n<td><label><input type=\"radio\" name=\"material\" value=\"SS\" \/><\/label><\/td>\n<td>-SS<\/td>\n<td>Acero Inoxidable T316<\/td>\n<\/tr>\n<tr class=\"OrderingGuide-LightGreen\">\n<td><label><input type=\"radio\" name=\"material\" value=\"MO\" \/><\/label><\/td>\n<td>-MO<\/td>\n<td>Aleaci\u00f3n 400<\/td>\n<\/tr>\n<tr>\n<td><label><input type=\"radio\" name=\"material\" value=\"IN\" \/><\/label><\/td>\n<td>-IN<\/td>\n<td>Aleaci\u00f3n 600<\/td>\n<\/tr>\n<tr class=\"OrderingGuide-LightGreen\">\n<td><label><input type=\"radio\" name=\"material\" value=\"HB\" \/><\/label><\/td>\n<td>-HB<\/td>\n<td>Aleaci\u00f3n B-2\/B-3<\/td>\n<\/tr>\n<tr>\n<td><label><input type=\"radio\" name=\"material\" value=\"HC\" \/><\/label><\/td>\n<td>-HC<\/td>\n<td>Aleaci\u00f3n C-276<\/td>\n<\/tr>\n<tr class=\"OrderingGuide-LightGreen\">\n<td><label><input type=\"radio\" name=\"material\" value=\"CS\" \/><\/label><\/td>\n<td>-CS<\/td>\n<td>Aleaci\u00f3n 20<\/td>\n<\/tr>\n<tr>\n<td><label><input type=\"radio\" name=\"material\" value=\"TI2\" \/><\/label><\/td>\n<td>-TI2<\/td>\n<td>Titanio Grado 2<\/td>\n<\/tr>\n<tr class=\"OrderingGuide-LightGreen\">\n<td><label><input type=\"radio\" name=\"material\" value=\"TI4\" \/><\/label><\/td>\n<td>-TI4<\/td>\n<td>Titanio Grado 4<\/td>\n<\/tr>\n<tr>\n<td><label><input type=\"radio\" name=\"material\" value=\"ZR702\" \/><\/label><\/td>\n<td>-ZR702<\/td>\n<td>Circonio Grado 702<\/td>\n<\/tr>\n<tr class=\"OrderingGuide-LightGreen\">\n<td><label><input type=\"radio\" name=\"material\" value=\"ZR705\" \/><\/label><\/td>\n<td>-ZR705<\/td>\n<td>Circonio Grado 705<\/td>\n<\/tr>\n<tr>\n<td colspan=\"3\"><em>See <a title=\"Materials of Construction\" href=\"https:\/\/www.parrinst.com\/es\/products\/stirred-reactors\/options-accessories\/materials-of-construction\/\">Materials of Construction<\/a> for other available alloys.<\/em><\/td>\n<\/tr>\n<tr>\n<td colspan=\"3\"><\/td>\n<\/tr>\n<tr>\n<td class=\"OrderingGuide-DarkGreen\" colspan=\"3\"><strong>D<\/strong>Suministro El\u00e9ctrico<\/td>\n<\/tr>\n<tr>\n<td><label><input type=\"radio\" name=\"supply\" value=\"115\" \/><\/label><\/td>\n<td>-115<\/td>\n<td>115 VAC<\/td>\n<\/tr>\n<tr class=\"OrderingGuide-LightGreen\">\n<td><label><input type=\"radio\" name=\"supply\" value=\"230\" \/><\/label><\/td>\n<td>-230<\/td>\n<td>230 VAC<\/td>\n<\/tr>\n<tr>\n<td colspan=\"3\"><\/td>\n<\/tr>\n<tr>\n<td class=\"OrderingGuide-DarkGreen\" colspan=\"3\"><strong>E<\/strong>Termopar<\/td>\n<\/tr>\n<tr>\n<td><label><input type=\"radio\" name=\"thermocouple\" value=\"\" \/><\/label><\/td>\n<td>-Sin S\u00edmbolo<\/td>\n<td>Tipo J (Std.)<\/td>\n<\/tr>\n<tr class=\"OrderingGuide-LightGreen\">\n<td><label><input type=\"radio\" name=\"thermocouple\" value=\"K\" \/><\/label><\/td>\n<td>-K<\/td>\n<td>Tipo K<\/td>\n<\/tr>\n<tr>\n<td colspan=\"3\"><\/td>\n<\/tr>\n<tr>\n<td class=\"OrderingGuide-DarkGreen\" colspan=\"3\"><strong>F<\/strong>Ensamble de V\u00e1lvula<\/td>\n<\/tr>\n<tr>\n<td><label><input type=\"radio\" name=\"valve mounting\" value=\"H\" \/><\/label><\/td>\n<td>-H<\/td>\n<td>En la cabeza<\/td>\n<\/tr>\n<tr class=\"OrderingGuide-LightGreen\">\n<td><label><input type=\"radio\" name=\"valve mounting\" value=\"P\" \/><\/label><\/td>\n<td>-P<\/td>\n<td>M\u00faltiple en Panel<\/td>\n<\/tr>\n<tr>\n<td colspan=\"3\"><\/td>\n<\/tr>\n<tr>\n<td class=\"OrderingGuide-DarkGreen\" colspan=\"3\"><strong>G<\/strong>V\u00e1lvula de Entrada<\/td>\n<\/tr>\n<tr>\n<td><label><input type=\"radio\" name=\"inlet valve\" value=\"AC\" \/><\/label><\/td>\n<td>-AC<\/td>\n<td>V\u00e1lvula de Retenci\u00f3n Autom\u00e1tica<\/td>\n<\/tr>\n<tr class=\"OrderingGuide-LightGreen\">\n<td><label><input type=\"radio\" name=\"inlet valve\" value=\"MV\" \/><\/label><\/td>\n<td>-MV<\/td>\n<td>V\u00e1lvula Manual<\/td>\n<\/tr>\n<tr>\n<td colspan=\"3\"><\/td>\n<\/tr>\n<tr>\n<td class=\"OrderingGuide-DarkGreen\" colspan=\"3\"><strong>H<\/strong>Rango de Transductor<\/td>\n<\/tr>\n<tr>\n<td><label><input type=\"radio\" name=\"range\" value=\"1000\" \/><\/label><\/td>\n<td>-1000<\/td>\n<td>0-1000 psi<\/td>\n<\/tr>\n<tr class=\"OrderingGuide-LightGreen\">\n<td><label><input type=\"radio\" name=\"range\" value=\"2000\" \/><\/label><\/td>\n<td>-2000<\/td>\n<td>0-2000 psi<\/td>\n<\/tr>\n<tr>\n<td><label><input type=\"radio\" name=\"range\" value=\"3000\" \/><\/label><\/td>\n<td>-3000<\/td>\n<td>0-3000 psi<\/td>\n<\/tr>\n<tr>\n<td colspan=\"3\"><\/td>\n<\/tr>\n<tr>\n<td class=\"OrderingGuide-DarkGreen\" colspan=\"3\"><strong>I<\/strong>Tipo de Agitador<\/td>\n<\/tr>\n<tr>\n<td><label><input type=\"radio\" name=\"stirrer\" value=\"MB\" \/><\/label><\/td>\n<td>-MB<\/td>\n<td>Agitador de Varilla Magn\u00e9tica, PTFE<\/td>\n<\/tr>\n<tr class=\"OrderingGuide-LightGreen\">\n<td><label><input type=\"radio\" name=\"stirrer\" value=\"GB\" \/><\/label><\/td>\n<td>-GB<\/td>\n<td>Agitador de Varilla Magn\u00e9tica, Vidrio<\/td>\n<\/tr>\n<tr>\n<td colspan=\"3\"><\/td>\n<\/tr>\n<tr>\n<td class=\"OrderingGuide-DarkGreen\" colspan=\"3\"><strong>J<\/strong>Stirring Control<\/td>\n<\/tr>\n<tr>\n<td><label><input type=\"radio\" name=\"control\" value=\"M\" \/><\/label><\/td>\n<td>-M<\/td>\n<td>Manual<\/td>\n<\/tr>\n<tr class=\"OrderingGuide-LightGreen\">\n<td><label><input type=\"radio\" name=\"control\" value=\"CC\" \/><\/label><\/td>\n<td>-CC<\/td>\n<td>Controlado por Computadora<\/td>\n<\/tr>\n<tr>\n<td><label><input type=\"radio\" name=\"control\" value=\"RPM\" \/><\/label><\/td>\n<td>-RPM<\/td>\n<td>Pantalla Digital RPM<\/td>\n<\/tr>\n<tr>\n<td colspan=\"3\"><\/td>\n<\/tr>\n<tr>\n<td class=\"OrderingGuide-DarkGreen\" colspan=\"3\"><strong>K<\/strong>Certifications<\/td>\n<\/tr>\n<tr>\n<td><label><input type=\"radio\" name=\"certifications\" value=\"\" \/><\/label><\/td>\n<td>-Sin S\u00edmbolol<\/td>\n<td>Sin Certificaci\u00f3n<\/td>\n<\/tr>\n<tr class=\"OrderingGuide-LightGreen\">\n<td><label><input type=\"radio\" name=\"certifications\" value=\"ASME\" \/><\/label><\/td>\n<td>-ASME<\/td>\n<td>Certificaci\u00f3n ASME<\/td>\n<\/tr>\n<tr>\n<td><label><input type=\"radio\" name=\"certifications\" value=\"CE\/PED\" \/><\/label><\/td>\n<td>-PED<\/td>\n<td>Certificaci\u00f3n PED<\/td>\n<\/tr>\n<tr class=\"OrderingGuide-LightGreen\">\n<td><label><input type=\"radio\" name=\"certifications\" value=\"P\" \/><\/label><\/td>\n<td>-P<\/td>\n<td>Certificaci\u00f3n Parr<\/td>\n<\/tr>\n<tr>\n<td><\/td>\n<td><\/td>\n<td><\/td>\n<\/tr>\n<tr>\n<td class=\"OrderingGuide-DarkGreen\" colspan=\"3\"><strong>L<\/strong>Opciones (Listar Todas las Deseadas)<\/td>\n<\/tr>\n<tr>\n<td><label><input type=\"checkbox\" name=\"options\" value=\"SV\" \/><\/label><\/td>\n<td>-SV<\/td>\n<td>Tubo Profundo con V\u00e1lvula de Muestreo*<\/td>\n<\/tr>\n<tr class=\"OrderingGuide-LightGreen\">\n<td><label><input type=\"checkbox\" name=\"options\" value=\"CF\" \/><\/label><\/td>\n<td>-CF<\/td>\n<td>Dedo Fr\u00edo*<\/td>\n<\/tr>\n<tr>\n<td><label><input type=\"checkbox\" name=\"options\" value=\"MPG\" \/><\/label><\/td>\n<td>-MPG<\/td>\n<td>Man\u00f3metro del M\u00faltiple<\/td>\n<\/tr>\n<tr class=\"OrderingGuide-LightGreen\">\n<td><label><input type=\"checkbox\" name=\"options\" value=\"FMH\" \/><\/label><\/td>\n<td>-FMH<\/td>\n<td>Mangueras Flexibles SS<\/td>\n<\/tr>\n<tr>\n<td><label><input type=\"checkbox\" name=\"options\" value=\"E-TC\" \/><\/label><\/td>\n<td>-E-TC<\/td>\n<td><span id=\"result_box\" class=\"short_text\" lang=\"es\"><span class=\"hps\">Termopar Externo<\/span><\/span><\/td>\n<\/tr>\n<tr class=\"OrderingGuide-LightGreen\">\n<td><label><input type=\"checkbox\" name=\"options\" value=\"R-TC\" \/><\/label><\/td>\n<td>-R-TC<\/td>\n<td>Termopar Redundantes<\/td>\n<\/tr>\n<tr>\n<td><label><input type=\"checkbox\" name=\"options\" value=\"RCS\" \/><\/label><\/td>\n<td>-RCS<\/td>\n<td>Soporte de Enfriamiento del Reactor<\/td>\n<\/tr>\n<tr>\n<td><label><input type=\"checkbox\" name=\"options\" value=\"2280\" \/><\/label><\/td>\n<td>-2280<\/td>\n<td>Gas Burettes<\/td>\n<\/tr>\n<tr class=\"OrderingGuide-LightGreen\">\n<td colspan=\"3\"><em>* Los Tubos profundos y los Dedos Fr\u00edos no se pueden instalar a la vez.<\/em><\/td>\n<\/tr>\n<tr>\n<td colspan=\"3\"><\/td>\n<\/tr>\n<tr>\n<td class=\"OrderingGuide-DarkGreen\" colspan=\"3\"><strong>M<\/strong>Otras opciones disponibles<\/td>\n<\/tr>\n<tr>\n<td><label><input type=\"radio\" name=\"other options\" value=\"Glass Liner\" \/><\/label><\/td>\n<td colspan=\"2\">Revestimiento de Vidrio<\/td>\n<\/tr>\n<tr class=\"OrderingGuide-LightGreen\">\n<td><label><input type=\"radio\" name=\"other options\" value=\"PTFE Liner\" \/><\/label><\/td>\n<td colspan=\"2\">Revestimiento de PTFE<\/td>\n<\/tr>\n<tr>\n<td colspan=\"3\"><\/td>\n<\/tr>\n<tr>\n<td class=\"OrderingGuide-DarkGreen\" colspan=\"3\"><strong>N<\/strong>Piezas de Repuesto<\/td>\n<\/tr>\n<tr>\n<td><label><input type=\"radio\" name=\"spare\" value=\"5009\" \/><\/label><\/td>\n<td>-5009<\/td>\n<td>Kit de Piezas de Repuesto para Serie 5000<\/td>\n<\/tr>\n<tr class=\"OrderingGuide-LightGreen\">\n<td><label><input type=\"radio\" name=\"spare\" value=\"5050\" \/><\/label><\/td>\n<td>-5050<\/td>\n<td>Recipiente de repuesto de T316SS, 75mL, incluye cabezal, cylinder, tap\u00f3n roscado y thermowell<\/td>\n<\/tr>\n<tr>\n<td><label><input type=\"radio\" name=\"spare\" value=\"5051\" \/><\/label><\/td>\n<td>-5051<\/td>\n<td>Recipiente de repuesto de T316SS, 45mL, incluye cabezal, cylinder, tap\u00f3n roscado y thermowell<\/td>\n<\/tr>\n<\/tbody>\n<\/table>\n<p><strong>Tenga en cuenta que no todas las opciones y combinaciones son compatibles con todos los modelos.<\/strong><\/p>\n\n\t<p><label>Your System ID No:<br \/><textarea class=\"un-placeholder\" name=\"order-no\" cols=\"60\" rows=\"1\">____-_-__-___<\/textarea><br \/><em>(automatically updates based on the selections above)<\/em><\/label><\/p>\n\t<p><input type=\"submit\" class=\"button-strong\" value=\"Enviar para Cotizar\" \/><\/p>\n<\/form><!-- #ordering-guide -->\n<script type=\"text\/javascript\" src=\"\/wp-content\/plugins\/scripts\/ordering-guide.js\"><\/script>\n\n<p><a href=\"https:\/\/i0.wp.com\/www.parrinst.com\/es\/wp-content\/uploads\/sites\/7\/2015\/10\/Multi-reactor_mini12.jpg?ssl=1\"><img data-recalc-dims=\"1\" loading=\"lazy\" decoding=\"async\" class=\"alignright wp-image-12850 size-thumbnail\" src=\"https:\/\/i0.wp.com\/www.parrinst.com\/es\/wp-content\/uploads\/sites\/7\/2015\/10\/Multi-reactor_mini12.jpg?resize=254%2C150&#038;ssl=1\" alt=\"Sistema Multi-Reactor con Controlador de Proceso de 4871\" width=\"254\" height=\"150\" srcset=\"https:\/\/i0.wp.com\/www.parrinst.com\/es\/wp-content\/uploads\/sites\/7\/2015\/10\/Multi-reactor_mini12.jpg?resize=254%2C150&amp;ssl=1 254w, https:\/\/i0.wp.com\/www.parrinst.com\/es\/wp-content\/uploads\/sites\/7\/2015\/10\/Multi-reactor_mini12.jpg?resize=300%2C177&amp;ssl=1 300w, https:\/\/i0.wp.com\/www.parrinst.com\/es\/wp-content\/uploads\/sites\/7\/2015\/10\/Multi-reactor_mini12.jpg?w=600&amp;ssl=1 600w\" sizes=\"auto, (max-width: 254px) 100vw, 254px\" \/><\/a><\/p>\n<p>Parr tambi\u00e9n dise\u00f1a y fabrica una amplia gama de sistemas de reactores m\u00faltiples con agitadores elevados de transmisi\u00f3n magn\u00e9tica. Estos est\u00e1n basado en los Micro Reactores Serie 4590, Mini Reactores Serie 4560 y nuestras Reactores Compactos de Alta Presi\u00f3n Serie 5500. We have also supplied multiple reactor systems based on our largest 4555 Stirred Reactor Series.\u00a0 P\u00f3ngase en contacto con nuestro Departamento de Servicio al Cliente para obtener m\u00e1s informaci\u00f3n y propuestas de sistemas personalizados.<\/p>\n<p>Si no encuentra la presi\u00f3n, temperatura, volumen, o las opciones que usted est\u00e1 buscando aqu\u00ed, perm\u00edtanos personalizar un sistema para usted.<\/p>\n","protected":false},"excerpt":{"rendered":"<p>Cotizaci\u00f3n de la Serie 5000 El N\u00b0 de Pedido para el Sistema Base es: 5000(45)-T-SS-115-P-MV-2000-MB-CC Haga clic en las siguientes selecciones para desarrollar un n\u00famero compuesto de identificaci\u00f3n que se usar\u00e1 para solicitar una cotizaci\u00f3n o para pedir un Reactor Series5000. Tenga en cuenta que no todas las opciones y combinaciones son compatibles con todos [&hellip;]<\/p>\n","protected":false},"author":2,"featured_media":36941,"parent":230,"menu_order":5,"comment_status":"closed","ping_status":"closed","template":"product-narrow.php","meta":{"_acf_changed":false,"footnotes":"","_links_to":"","_links_to_target":""},"class_list":["post-1160","page","type-page","status-publish","has-post-thumbnail","hentry"],"acf":[],"yoast_head":"<!-- This site is optimized with the Yoast SEO plugin v27.5 - https:\/\/yoast.com\/product\/yoast-seo-wordpress\/ -->\n<title>Cotizaci\u00f3n - Parr Instrument (Espa\u00f1ol)<\/title>\n<meta name=\"robots\" content=\"index, follow, max-snippet:-1, max-image-preview:large, max-video-preview:-1\" \/>\n<link rel=\"canonical\" href=\"https:\/\/www.parrinst.com\/es\/products\/multi-reactor-systems\/series-5000-multiple-reactor-system\/rfq\/\" \/>\n<meta property=\"og:locale\" content=\"en_US\" \/>\n<meta property=\"og:type\" content=\"article\" \/>\n<meta property=\"og:title\" content=\"Cotizaci\u00f3n - Parr Instrument (Espa\u00f1ol)\" \/>\n<meta property=\"og:description\" content=\"Cotizaci\u00f3n de la Serie 5000 El N\u00b0 de Pedido para el Sistema Base es: 5000(45)-T-SS-115-P-MV-2000-MB-CC Haga clic en las siguientes selecciones para desarrollar un n\u00famero compuesto de identificaci\u00f3n que se usar\u00e1 para solicitar una cotizaci\u00f3n o para pedir un Reactor Series5000. Tenga en cuenta que no todas las opciones y combinaciones son compatibles con todos [&hellip;]\" \/>\n<meta property=\"og:url\" content=\"https:\/\/www.parrinst.com\/es\/products\/multi-reactor-systems\/series-5000-multiple-reactor-system\/rfq\/\" \/>\n<meta property=\"og:site_name\" content=\"Parr Instrument (Espa\u00f1ol)\" \/>\n<meta property=\"article:modified_time\" content=\"2020-05-06T20:37:54+00:00\" \/>\n<meta property=\"og:image\" content=\"https:\/\/www.parrinst.com\/es\/files\/2018\/01\/parr_banner_multi_secondary.jpg\" \/>\n\t<meta property=\"og:image:width\" content=\"2200\" \/>\n\t<meta property=\"og:image:height\" content=\"399\" \/>\n\t<meta property=\"og:image:type\" content=\"image\/jpeg\" \/>\n<meta name=\"twitter:card\" content=\"summary_large_image\" \/>\n<meta name=\"twitter:label1\" content=\"Est. reading time\" \/>\n\t<meta name=\"twitter:data1\" content=\"4 minutes\" \/>\n<script type=\"application\/ld+json\" class=\"yoast-schema-graph\">{\"@context\":\"https:\\\/\\\/schema.org\",\"@graph\":[{\"@type\":\"WebPage\",\"@id\":\"https:\\\/\\\/www.parrinst.com\\\/es\\\/products\\\/multi-reactor-systems\\\/series-5000-multiple-reactor-system\\\/rfq\\\/\",\"url\":\"https:\\\/\\\/www.parrinst.com\\\/es\\\/products\\\/multi-reactor-systems\\\/series-5000-multiple-reactor-system\\\/rfq\\\/\",\"name\":\"Cotizaci\u00f3n - Parr Instrument (Espa\u00f1ol)\",\"isPartOf\":{\"@id\":\"https:\\\/\\\/www.parrinst.com\\\/es\\\/#website\"},\"primaryImageOfPage\":{\"@id\":\"https:\\\/\\\/www.parrinst.com\\\/es\\\/products\\\/multi-reactor-systems\\\/series-5000-multiple-reactor-system\\\/rfq\\\/#primaryimage\"},\"image\":{\"@id\":\"https:\\\/\\\/www.parrinst.com\\\/es\\\/products\\\/multi-reactor-systems\\\/series-5000-multiple-reactor-system\\\/rfq\\\/#primaryimage\"},\"thumbnailUrl\":\"https:\\\/\\\/i0.wp.com\\\/www.parrinst.com\\\/es\\\/wp-content\\\/uploads\\\/sites\\\/7\\\/2018\\\/01\\\/parr_banner_multi_secondary.jpg?fit=2200%2C399&ssl=1\",\"datePublished\":\"2011-05-05T02:03:26+00:00\",\"dateModified\":\"2020-05-06T20:37:54+00:00\",\"breadcrumb\":{\"@id\":\"https:\\\/\\\/www.parrinst.com\\\/es\\\/products\\\/multi-reactor-systems\\\/series-5000-multiple-reactor-system\\\/rfq\\\/#breadcrumb\"},\"inLanguage\":\"en-US\",\"potentialAction\":[{\"@type\":\"ReadAction\",\"target\":[\"https:\\\/\\\/www.parrinst.com\\\/es\\\/products\\\/multi-reactor-systems\\\/series-5000-multiple-reactor-system\\\/rfq\\\/\"]}]},{\"@type\":\"ImageObject\",\"inLanguage\":\"en-US\",\"@id\":\"https:\\\/\\\/www.parrinst.com\\\/es\\\/products\\\/multi-reactor-systems\\\/series-5000-multiple-reactor-system\\\/rfq\\\/#primaryimage\",\"url\":\"https:\\\/\\\/i0.wp.com\\\/www.parrinst.com\\\/es\\\/wp-content\\\/uploads\\\/sites\\\/7\\\/2018\\\/01\\\/parr_banner_multi_secondary.jpg?fit=2200%2C399&ssl=1\",\"contentUrl\":\"https:\\\/\\\/i0.wp.com\\\/www.parrinst.com\\\/es\\\/wp-content\\\/uploads\\\/sites\\\/7\\\/2018\\\/01\\\/parr_banner_multi_secondary.jpg?fit=2200%2C399&ssl=1\",\"width\":2200,\"height\":399},{\"@type\":\"BreadcrumbList\",\"@id\":\"https:\\\/\\\/www.parrinst.com\\\/es\\\/products\\\/multi-reactor-systems\\\/series-5000-multiple-reactor-system\\\/rfq\\\/#breadcrumb\",\"itemListElement\":[{\"@type\":\"ListItem\",\"position\":1,\"name\":\"Home\",\"item\":\"https:\\\/\\\/www.parrinst.com\\\/es\\\/\"},{\"@type\":\"ListItem\",\"position\":2,\"name\":\"Products\",\"item\":\"https:\\\/\\\/www.parrinst.com\\\/es\\\/products\\\/\"},{\"@type\":\"ListItem\",\"position\":3,\"name\":\"Sistemas de Reactores M\u00faltliples\",\"item\":\"https:\\\/\\\/www.parrinst.com\\\/es\\\/products\\\/multi-reactor-systems\\\/\"},{\"@type\":\"ListItem\",\"position\":4,\"name\":\"Sistema de Reactores m\u00faltliples Serie 5000\",\"item\":\"https:\\\/\\\/www.parrinst.com\\\/es\\\/products\\\/multi-reactor-systems\\\/series-5000-multiple-reactor-system\\\/\"},{\"@type\":\"ListItem\",\"position\":5,\"name\":\"Cotizaci\u00f3n\"}]},{\"@type\":\"WebSite\",\"@id\":\"https:\\\/\\\/www.parrinst.com\\\/es\\\/#website\",\"url\":\"https:\\\/\\\/www.parrinst.com\\\/es\\\/\",\"name\":\"Parr Instrument (Espa\u00f1ol)\",\"description\":\"\",\"potentialAction\":[{\"@type\":\"SearchAction\",\"target\":{\"@type\":\"EntryPoint\",\"urlTemplate\":\"https:\\\/\\\/www.parrinst.com\\\/es\\\/?s={search_term_string}\"},\"query-input\":{\"@type\":\"PropertyValueSpecification\",\"valueRequired\":true,\"valueName\":\"search_term_string\"}}],\"inLanguage\":\"en-US\"}]}<\/script>\n<!-- \/ Yoast SEO plugin. -->","yoast_head_json":{"title":"Cotizaci\u00f3n - Parr Instrument (Espa\u00f1ol)","robots":{"index":"index","follow":"follow","max-snippet":"max-snippet:-1","max-image-preview":"max-image-preview:large","max-video-preview":"max-video-preview:-1"},"canonical":"https:\/\/www.parrinst.com\/es\/products\/multi-reactor-systems\/series-5000-multiple-reactor-system\/rfq\/","og_locale":"en_US","og_type":"article","og_title":"Cotizaci\u00f3n - Parr Instrument (Espa\u00f1ol)","og_description":"Cotizaci\u00f3n de la Serie 5000 El N\u00b0 de Pedido para el Sistema Base es: 5000(45)-T-SS-115-P-MV-2000-MB-CC Haga clic en las siguientes selecciones para desarrollar un n\u00famero compuesto de identificaci\u00f3n que se usar\u00e1 para solicitar una cotizaci\u00f3n o para pedir un Reactor Series5000. Tenga en cuenta que no todas las opciones y combinaciones son compatibles con todos [&hellip;]","og_url":"https:\/\/www.parrinst.com\/es\/products\/multi-reactor-systems\/series-5000-multiple-reactor-system\/rfq\/","og_site_name":"Parr Instrument (Espa\u00f1ol)","article_modified_time":"2020-05-06T20:37:54+00:00","og_image":[{"width":2200,"height":399,"url":"https:\/\/www.parrinst.com\/es\/files\/2018\/01\/parr_banner_multi_secondary.jpg","type":"image\/jpeg"}],"twitter_card":"summary_large_image","twitter_misc":{"Est. reading time":"4 minutes"},"schema":{"@context":"https:\/\/schema.org","@graph":[{"@type":"WebPage","@id":"https:\/\/www.parrinst.com\/es\/products\/multi-reactor-systems\/series-5000-multiple-reactor-system\/rfq\/","url":"https:\/\/www.parrinst.com\/es\/products\/multi-reactor-systems\/series-5000-multiple-reactor-system\/rfq\/","name":"Cotizaci\u00f3n - Parr Instrument (Espa\u00f1ol)","isPartOf":{"@id":"https:\/\/www.parrinst.com\/es\/#website"},"primaryImageOfPage":{"@id":"https:\/\/www.parrinst.com\/es\/products\/multi-reactor-systems\/series-5000-multiple-reactor-system\/rfq\/#primaryimage"},"image":{"@id":"https:\/\/www.parrinst.com\/es\/products\/multi-reactor-systems\/series-5000-multiple-reactor-system\/rfq\/#primaryimage"},"thumbnailUrl":"https:\/\/i0.wp.com\/www.parrinst.com\/es\/wp-content\/uploads\/sites\/7\/2018\/01\/parr_banner_multi_secondary.jpg?fit=2200%2C399&ssl=1","datePublished":"2011-05-05T02:03:26+00:00","dateModified":"2020-05-06T20:37:54+00:00","breadcrumb":{"@id":"https:\/\/www.parrinst.com\/es\/products\/multi-reactor-systems\/series-5000-multiple-reactor-system\/rfq\/#breadcrumb"},"inLanguage":"en-US","potentialAction":[{"@type":"ReadAction","target":["https:\/\/www.parrinst.com\/es\/products\/multi-reactor-systems\/series-5000-multiple-reactor-system\/rfq\/"]}]},{"@type":"ImageObject","inLanguage":"en-US","@id":"https:\/\/www.parrinst.com\/es\/products\/multi-reactor-systems\/series-5000-multiple-reactor-system\/rfq\/#primaryimage","url":"https:\/\/i0.wp.com\/www.parrinst.com\/es\/wp-content\/uploads\/sites\/7\/2018\/01\/parr_banner_multi_secondary.jpg?fit=2200%2C399&ssl=1","contentUrl":"https:\/\/i0.wp.com\/www.parrinst.com\/es\/wp-content\/uploads\/sites\/7\/2018\/01\/parr_banner_multi_secondary.jpg?fit=2200%2C399&ssl=1","width":2200,"height":399},{"@type":"BreadcrumbList","@id":"https:\/\/www.parrinst.com\/es\/products\/multi-reactor-systems\/series-5000-multiple-reactor-system\/rfq\/#breadcrumb","itemListElement":[{"@type":"ListItem","position":1,"name":"Home","item":"https:\/\/www.parrinst.com\/es\/"},{"@type":"ListItem","position":2,"name":"Products","item":"https:\/\/www.parrinst.com\/es\/products\/"},{"@type":"ListItem","position":3,"name":"Sistemas de Reactores M\u00faltliples","item":"https:\/\/www.parrinst.com\/es\/products\/multi-reactor-systems\/"},{"@type":"ListItem","position":4,"name":"Sistema de Reactores m\u00faltliples Serie 5000","item":"https:\/\/www.parrinst.com\/es\/products\/multi-reactor-systems\/series-5000-multiple-reactor-system\/"},{"@type":"ListItem","position":5,"name":"Cotizaci\u00f3n"}]},{"@type":"WebSite","@id":"https:\/\/www.parrinst.com\/es\/#website","url":"https:\/\/www.parrinst.com\/es\/","name":"Parr Instrument (Espa\u00f1ol)","description":"","potentialAction":[{"@type":"SearchAction","target":{"@type":"EntryPoint","urlTemplate":"https:\/\/www.parrinst.com\/es\/?s={search_term_string}"},"query-input":{"@type":"PropertyValueSpecification","valueRequired":true,"valueName":"search_term_string"}}],"inLanguage":"en-US"}]}},"jetpack_sharing_enabled":true,"_links":{"self":[{"href":"https:\/\/www.parrinst.com\/es\/wp-json\/wp\/v2\/pages\/1160","targetHints":{"allow":["GET"]}}],"collection":[{"href":"https:\/\/www.parrinst.com\/es\/wp-json\/wp\/v2\/pages"}],"about":[{"href":"https:\/\/www.parrinst.com\/es\/wp-json\/wp\/v2\/types\/page"}],"author":[{"embeddable":true,"href":"https:\/\/www.parrinst.com\/es\/wp-json\/wp\/v2\/users\/2"}],"replies":[{"embeddable":true,"href":"https:\/\/www.parrinst.com\/es\/wp-json\/wp\/v2\/comments?post=1160"}],"version-history":[{"count":13,"href":"https:\/\/www.parrinst.com\/es\/wp-json\/wp\/v2\/pages\/1160\/revisions"}],"predecessor-version":[{"id":39274,"href":"https:\/\/www.parrinst.com\/es\/wp-json\/wp\/v2\/pages\/1160\/revisions\/39274"}],"up":[{"embeddable":true,"href":"https:\/\/www.parrinst.com\/es\/wp-json\/wp\/v2\/pages\/230"}],"wp:featuredmedia":[{"embeddable":true,"href":"https:\/\/www.parrinst.com\/es\/wp-json\/wp\/v2\/media\/36941"}],"wp:attachment":[{"href":"https:\/\/www.parrinst.com\/es\/wp-json\/wp\/v2\/media?parent=1160"}],"curies":[{"name":"wp","href":"https:\/\/api.w.org\/{rel}","templated":true}]}}