{"id":1161,"date":"2011-05-04T21:03:36","date_gmt":"2011-05-05T02:03:36","guid":{"rendered":"https:\/\/www.parrinst.com\/?page_id=1161"},"modified":"2025-08-19T11:08:28","modified_gmt":"2025-08-19T16:08:28","slug":"rfq","status":"publish","type":"page","link":"https:\/\/www.parrinst.com\/es\/products\/tubular-reactor-systems\/5400-continuous-flow-tubular-reactors\/rfq\/","title":{"rendered":"\u00a1Cotiza ya!"},"content":{"rendered":"<h2>Cotizaci\u00f3n de la Serie 5400<\/h2>\n<p>Haga clic en las siguientes selecciones para desarrollar un n\u00famero compuesto de identificaci\u00f3n que se usar\u00e1 para solicitar una cotizaci\u00f3n o para pedir un Reactor Series 5400.<\/p>\n<p><strong>Tenga en cuenta que no todas las opciones y combinaciones son compatibles con todos los modelos.<\/strong><\/p>\n\n<form id=\"ordering-guide\" action=\"https:\/\/www.parrinst.com\/es\/request-quote\/\" method=\"get\">\n\t<div style=\"display:none;\"><input type=\"hidden\" name=\"referrer\" value=\"Ordering Guide - \/es\/wp-json\/wp\/v2\/pages\/1161\" \/><\/div>\n\t<p><label>Your System ID No:<br \/><textarea class=\"un-placeholder\" name=\"order-no\" cols=\"60\" rows=\"1\">____-_-__-___<\/textarea><br \/><em>(automatically updates based on the selections below)<\/em><\/label><\/p>\n\t<p><input type=\"submit\" class=\"button-strong\" value=\"Enviar para Cotizar\" \/><\/p>\n\n<table class=\"OrderingGuide\">\n<tbody>\n<tr>\n<td class=\"OrderingGuide-DarkGreen\" colspan=\"7\"><strong>A<\/strong>Modelo B\u00e1sico<\/td>\n<\/tr>\n<tr>\n<td><\/td>\n<td><strong>N\u00b0 Modelo<\/strong><\/td>\n<td colspan=\"5\"><strong>Tama\u00f1o (OD \/ ID)<br \/>\n<\/strong><\/td>\n<\/tr>\n<tr class=\"OrderingGuide-LightGreen\">\n<td><label><input type=\"radio\" name=\"base\" value=\"5401\" \/><\/label><\/td>\n<td>5401<\/td>\n<td colspan=\"5\">3\/8 pulg. (0.38&#8243; \/ 0.28&#8243;)<\/td>\n<\/tr>\n<tr>\n<td><label><input type=\"radio\" name=\"base\" value=\"5402\" \/><\/label><\/td>\n<td>5402<\/td>\n<td colspan=\"5\">1\/2 pulg. (0.50&#8243; \/ 0.37&#8243;)<\/td>\n<\/tr>\n<tr class=\"OrderingGuide-LightGreen\">\n<td><label><input type=\"radio\" name=\"base\" value=\"5403\" \/><\/label><\/td>\n<td>5403<\/td>\n<td colspan=\"5\">1.0 pulg. (1.5&#8243; \/ 0.99&#8243;)<\/td>\n<\/tr>\n<tr>\n<td><label><input type=\"radio\" name=\"base\" value=\"5404\" \/><\/label><\/td>\n<td>5404<\/td>\n<td colspan=\"5\">1.5 pulg. (1.88&#8243; \/ 1.44&#8243;)<\/td>\n<\/tr>\n<tr>\n<td colspan=\"7\"><\/td>\n<\/tr>\n<tr class=\"OrderingGuide-LightGreen\">\n<td><label><input type=\"radio\" name=\"mount\" value=\"F\" \/><\/label><\/td>\n<td>-F<\/td>\n<td colspan=\"5\">Montaje de Soporte de Piso<\/td>\n<\/tr>\n<tr>\n<td><label><input type=\"radio\" name=\"mount\" value=\"B\" \/><\/label><\/td>\n<td>-B<\/td>\n<td colspan=\"5\">Montaje de Banco (\u2264 12\u2033 longitud calentada \u00fanicamente)<\/td>\n<\/tr>\n<tr>\n<td colspan=\"7\"><\/td>\n<\/tr>\n<tr>\n<td class=\"OrderingGuide-DarkGreen\" colspan=\"7\"><strong>B<\/strong>Materiales de Fabricaci\u00f3n<\/td>\n<\/tr>\n<tr>\n<td><label><input type=\"radio\" name=\"material\" value=\"SS\" \/><\/label><\/td>\n<td>-SS<\/td>\n<td colspan=\"5\">Acero Inoxidable T316<\/td>\n<\/tr>\n<tr class=\"OrderingGuide-LightGreen\">\n<td><label><input type=\"radio\" name=\"material\" value=\"A230\" \/><\/label><\/td>\n<td>-A230<\/td>\n<td colspan=\"5\">Aleaci\u00f3n 230<\/td>\n<\/tr>\n<tr>\n<td><label><input type=\"radio\" name=\"material\" value=\"MO\" \/><\/label><\/td>\n<td>-MO<\/td>\n<td colspan=\"5\">Aleaci\u00f3n 400<\/td>\n<\/tr>\n<tr class=\"OrderingGuide-LightGreen\">\n<td><label><input type=\"radio\" name=\"material\" value=\"IN\" \/><\/label><\/td>\n<td>-IN<\/td>\n<td colspan=\"5\">Aleaci\u00f3n 600<\/td>\n<\/tr>\n<tr>\n<td><label><input type=\"radio\" name=\"material\" value=\"800HT\" \/><\/label><\/td>\n<td>-800HT<\/td>\n<td colspan=\"5\">Aleaci\u00f3n 800 HT<\/td>\n<\/tr>\n<tr class=\"OrderingGuide-LightGreen\">\n<td><label><input type=\"radio\" name=\"material\" value=\"HC\" \/><\/label><\/td>\n<td>-HC<\/td>\n<td colspan=\"5\">Aleaci\u00f3n C-276<\/td>\n<\/tr>\n<tr>\n<td><label><input type=\"radio\" name=\"material\" value=\"CS\" \/><\/label><\/td>\n<td>-CS<\/td>\n<td colspan=\"5\">Aleaci\u00f3n 20<\/td>\n<\/tr>\n<tr class=\"OrderingGuide-LightGreen\">\n<td><label><input type=\"radio\" name=\"material\" value=\"TI2\" \/><\/label><\/td>\n<td>-TI2<\/td>\n<td colspan=\"5\">Titanio Grado 2<\/td>\n<\/tr>\n<tr>\n<td><label><input type=\"radio\" name=\"material\" value=\"TI4\" \/><\/label><\/td>\n<td>-TI4<\/td>\n<td colspan=\"5\">Titanio Grado 4<\/td>\n<\/tr>\n<tr>\n<td colspan=\"7\"><em>See <a title=\"Materials of Construction\" href=\"https:\/\/www.parrinst.com\/es\/products\/stirred-reactors\/options-accessories\/materials-of-construction\/\">Materials of Construction<\/a> for other available alloys.<\/em><\/td>\n<\/tr>\n<tr>\n<td colspan=\"7\"><\/td>\n<\/tr>\n<tr>\n<td class=\"OrderingGuide-DarkGreen\" colspan=\"7\"><strong>C<\/strong>Suministro El\u00e9ctrico<\/td>\n<\/tr>\n<tr>\n<td><label><input type=\"radio\" name=\"supply\" value=\"230\" \/><\/label><\/td>\n<td>-230<\/td>\n<td colspan=\"5\">230 VAC<\/td>\n<\/tr>\n<tr class=\"OrderingGuide-LightGreen\">\n<td><label><input type=\"radio\" name=\"supply\" value=\"115\" \/><\/label><\/td>\n<td>-115<\/td>\n<td colspan=\"5\">115 VAC<\/td>\n<\/tr>\n<tr>\n<td colspan=\"7\"><\/td>\n<\/tr>\n<tr>\n<td class=\"OrderingGuide-DarkGreen\" colspan=\"7\"><strong>D<\/strong>Opciones de Calefactor<\/td>\n<\/tr>\n<tr>\n<td><label><input type=\"radio\" name=\"heater\" value=\"ST1\" \/><\/label><\/td>\n<td>-ST1(#)<\/td>\n<td colspan=\"5\">Tubo Partido, 1-Zona<\/td>\n<\/tr>\n<tr class=\"OrderingGuide-LightGreen\">\n<td><label><input type=\"radio\" name=\"heater\" value=\"ST3\" \/><\/label><\/td>\n<td>-ST3(#)<\/td>\n<td colspan=\"5\">Tubo Partido, 3-Zona<\/td>\n<\/tr>\n<tr>\n<td><label><input type=\"radio\" name=\"heater\" value=\"FM\" \/><\/label><\/td>\n<td>-FM(#)<\/td>\n<td colspan=\"5\">Mantilla Flexible<\/td>\n<\/tr>\n<tr class=\"OrderingGuide-LightGreen\">\n<td><label><input type=\"radio\" name=\"heater\" value=\"WJ\" \/><\/label><\/td>\n<td>-WJ(#)<\/td>\n<td colspan=\"5\">Chaqueta Soldada<\/td>\n<\/tr>\n<tr>\n<td colspan=\"7\">A\u00f1adir Sufijo para Longitud Calentada en pulgadas.<\/td>\n<\/tr>\n<tr class=\"OrderingGuide-LightGreen\">\n<td><label><input type=\"radio\" name=\"length\" value=\"(6)\" \/><\/label><\/td>\n<td>-(6)<\/td>\n<td colspan=\"5\">6 <span id=\"result_box\" class=\"short_text\" lang=\"es\"><span class=\"hps\">pulgadas (s\u00f3lo 5401\/5402)<\/span><\/span><\/td>\n<\/tr>\n<tr>\n<td><label><input type=\"radio\" name=\"length\" value=\"(12)\" \/><\/label><\/td>\n<td>-(12)<\/td>\n<td colspan=\"5\">12 <span id=\"result_box\" class=\"short_text\" lang=\"es\"><span class=\"hps\">pulgadas<\/span><\/span><\/td>\n<\/tr>\n<tr class=\"OrderingGuide-LightGreen\">\n<td><label><input type=\"radio\" name=\"length\" value=\"(24)\" \/><\/label><\/td>\n<td>-(24)<\/td>\n<td colspan=\"5\">24 <span id=\"result_box\" class=\"short_text\" lang=\"es\"><span class=\"hps\">pulgadas<\/span><\/span><\/td>\n<\/tr>\n<tr>\n<td><label><input type=\"radio\" name=\"length\" value=\"(36)\" \/><\/label><\/td>\n<td>-(36)<\/td>\n<td colspan=\"5\">36 <span id=\"result_box\" class=\"short_text\" lang=\"es\"><span class=\"hps\">pulgadas (s\u00f3lo 5403\/5404)<\/span><\/span><\/td>\n<\/tr>\n<tr>\n<td colspan=\"7\"><\/td>\n<\/tr>\n<tr>\n<td class=\"OrderingGuide-DarkGreen\" colspan=\"7\"><strong>E<\/strong>Presi\u00f3n M\u00e1xima de Operaci\u00f3n<\/td>\n<\/tr>\n<tr>\n<td><label><input type=\"radio\" name=\"pressure\" value=\"200\" \/><\/label><\/td>\n<td>-200<\/td>\n<td colspan=\"5\">200 psi \/ 13.8 bar<\/td>\n<\/tr>\n<tr class=\"OrderingGuide-LightGreen\">\n<td><label><input type=\"radio\" name=\"pressure\" value=\"1500\" \/><\/label><\/td>\n<td>-1500<\/td>\n<td colspan=\"5\">1500 psi \/ 103 bar<\/td>\n<\/tr>\n<tr>\n<td><label><input type=\"radio\" name=\"pressure\" value=\"3000\" \/><\/label><\/td>\n<td>-3000<\/td>\n<td colspan=\"5\">3000 psi \/ 207 bar, 200 bar for CE\/UKCA<\/td>\n<\/tr>\n<tr class=\"OrderingGuide-LightGreen\">\n<td><label><input type=\"radio\" name=\"pressure\" value=\"4500\" \/><\/label><\/td>\n<td>-4500<\/td>\n<td colspan=\"5\">4500 psi \/ 310 bar<\/td>\n<\/tr>\n<tr>\n<td colspan=\"7\"><\/td>\n<\/tr>\n<tr>\n<td class=\"OrderingGuide-DarkGreen\" colspan=\"7\"><strong>F<\/strong>Controlador<\/td>\n<\/tr>\n<tr>\n<td><label><input type=\"radio\" name=\"control\" value=\"PCC\" \/><\/label><\/td>\n<td>-PCC<\/td>\n<td colspan=\"5\">Control de Procesos basado en PC (estilo-4871)<\/td>\n<\/tr>\n<tr>\n<td colspan=\"7\"><\/td>\n<\/tr>\n<tr>\n<td class=\"OrderingGuide-DarkGreen\" colspan=\"7\"><strong>G<\/strong>Alimentaci\u00f3n<\/td>\n<\/tr>\n<tr>\n<td><label><input type=\"checkbox\" name=\"options\" value=\"\" \/><\/label><\/td>\n<td>-GF(#)<\/td>\n<td>N\u00famero de Tomas de Gas:<\/td>\n<td><label><input type=\"radio\" name=\"gf\" value=\"GF(1)\" \/><\/label> (1)<\/td>\n<td><label><input type=\"radio\" name=\"gf\" value=\"GF(2)\" \/><\/label> (2)<\/td>\n<td><label><input type=\"radio\" name=\"gf\" value=\"GF(3)\" \/><\/label> (3)<\/td>\n<td><label><input type=\"radio\" name=\"gf\" value=\"GF(&gt;3)\" \/><\/label> (&gt;3)<\/td>\n<\/tr>\n<tr class=\"OrderingGuide-LightGreen\">\n<td><label><input type=\"checkbox\" name=\"options\" value=\"PL\" \/><\/label><\/td>\n<td>-PL<\/td>\n<td colspan=\"5\">Purga de L\u00ednea de Alimentaci\u00f3n de Gas<\/td>\n<\/tr>\n<tr>\n<td><label><input type=\"checkbox\" name=\"options\" value=\"\" \/><\/label><\/td>\n<td>-LF(#)<\/td>\n<td>N\u00famero de Alimentaciones de L\u00edquidos:<\/td>\n<td><label><input type=\"radio\" name=\"lf\" value=\"LF(1)\" \/><\/label> (1)<\/td>\n<td><label><input type=\"radio\" name=\"lf\" value=\"LF(2)\" \/><\/label> (2)<\/td>\n<td><label><input type=\"radio\" name=\"lf\" value=\"LF(3)\" \/><\/label> (3)<\/td>\n<td><label><input type=\"radio\" name=\"lf\" value=\"LF(&gt;3)\" \/><\/label> (&gt;3)<\/td>\n<\/tr>\n<tr>\n<td colspan=\"7\"><\/td>\n<\/tr>\n<tr>\n<td class=\"OrderingGuide-DarkGreen\" colspan=\"7\"><strong>H<\/strong>Manejo del producto<\/td>\n<\/tr>\n<tr>\n<td><label><input type=\"checkbox\" name=\"options\" value=\"CCD\" \/><\/label><\/td>\n<td>-CCD<\/td>\n<td colspan=\"5\">Condensador de refrigeracion<\/td>\n<\/tr>\n<tr class=\"OrderingGuide-LightGreen\">\n<td><label><input type=\"checkbox\" name=\"options\" value=\"\" \/><\/label><\/td>\n<td>-GLS(#)<\/td>\n<td>Separador de Gas\/L\u00edquido, Volumen in ml.:<\/td>\n<td><label><input type=\"radio\" name=\"gls\" value=\"GLS(300)\" \/><\/label> (300)<\/td>\n<td><label><input type=\"radio\" name=\"gls\" value=\"GLS(600)\" \/><\/label> (600)<\/td>\n<td><label><input type=\"radio\" name=\"gls\" value=\"GLS(1000)\" \/><\/label> (1000)<\/td>\n<td><label><input type=\"radio\" name=\"gls\" value=\"GLS(2000)\" \/><\/label> (2000)<\/td>\n<\/tr>\n<tr>\n<td colspan=\"7\"><\/td>\n<\/tr>\n<tr>\n<td class=\"OrderingGuide-DarkGreen\" colspan=\"7\"><strong>I<\/strong>Control de Presi\u00f3n<\/td>\n<\/tr>\n<tr>\n<td><label><input type=\"checkbox\" name=\"options\" value=\"MPC\" \/><\/label><\/td>\n<td>-MPC<\/td>\n<td colspan=\"5\">Control de Presi\u00f3n Manual<\/td>\n<\/tr>\n<tr class=\"OrderingGuide-LightGreen\">\n<td><label><input type=\"checkbox\" name=\"options\" value=\"APC\" \/><\/label><\/td>\n<td>-APC<\/td>\n<td colspan=\"5\">Control de Presi\u00f3n Autom\u00e1tico*\u00a0(Available only with 4871 Process Control)<\/td>\n<\/tr>\n<tr>\n<td><label><input type=\"checkbox\" name=\"options\" value=\"ALD\" \/><\/label><\/td>\n<td>-ALD<\/td>\n<td colspan=\"5\">Drenaje de l\u00edquido automatizado<\/td>\n<\/tr>\n<tr>\n<td colspan=\"7\"><\/td>\n<\/tr>\n<tr>\n<td class=\"OrderingGuide-DarkGreen\" colspan=\"7\"><strong>J<\/strong>Opciones Personalizadas (Listar todos los deseados)<\/td>\n<\/tr>\n<tr>\n<td><label><input type=\"checkbox\" name=\"options\" value=\"ISP\" \/><\/label><\/td>\n<td>-ISP<\/td>\n<td colspan=\"5\">Espiral de Precalentamiento Interno (s\u00f3lo 5403\/5404)<\/td>\n<\/tr>\n<tr class=\"OrderingGuide-LightGreen\">\n<td><label><input type=\"checkbox\" name=\"options\" value=\"CSS\" \/><\/label><\/td>\n<td>-CSS<\/td>\n<td colspan=\"5\">Carretes de Soporte Catal\u00edtico<\/td>\n<\/tr>\n<tr>\n<td><label><input type=\"checkbox\" name=\"options\" value=\"CLT\" \/><\/label><\/td>\n<td>-CLT<\/td>\n<td colspan=\"5\"><a href=\"https:\/\/www.parrinst.com\/es\/products\/stirred-reactors\/options-accessories\/catalyst-loading-toolkit\/\">Kit de herramientas para la carga del catalizador<\/a> que incluye: varilla de empaque, sacatap\u00f3n, centrador de termopar y embudo.<\/td>\n<\/tr>\n<tr class=\"OrderingGuide-LightGreen\">\n<td><label><input type=\"checkbox\" name=\"options\" value=\"ITW\" \/><\/label><\/td>\n<td>-ITW<\/td>\n<td colspan=\"5\">ermopar Interno, con m\u00f3vil T\/C<\/td>\n<\/tr>\n<tr>\n<td><label><input type=\"checkbox\" name=\"options\" value=\"IZT\" \/><\/label><\/td>\n<td>-IZT<\/td>\n<td colspan=\"5\">Interno, 3-PT, figo T\/C<\/td>\n<\/tr>\n<tr class=\"OrderingGuide-LightGreen\">\n<td><label><input type=\"checkbox\" name=\"options\" value=\"SPH\" \/><\/label><\/td>\n<td>-SPH<\/td>\n<td colspan=\"5\">Calefactor Separador<\/td>\n<\/tr>\n<tr>\n<td colspan=\"7\"><\/td>\n<\/tr>\n<tr>\n<td class=\"OrderingGuide-DarkGreen\" colspan=\"7\"><strong>H<\/strong>Certificaciones<\/td>\n<\/tr>\n<tr>\n<td><label><input type=\"radio\" name=\"certifications\" value=\"\" \/><\/label><\/td>\n<td>-Sin S\u00edmbolo<\/td>\n<td colspan=\"5\">Sin Certificaci\u00f3n<\/td>\n<\/tr>\n<tr class=\"OrderingGuide-LightGreen\">\n<td><label><input type=\"radio\" name=\"certifications\" value=\"ASME\" \/><\/label><\/td>\n<td>-ASME<\/td>\n<td colspan=\"5\">Certificaci\u00f3n ASME<\/td>\n<\/tr>\n<tr>\n<td><label><input type=\"radio\" name=\"certifications\" value=\"PED\" \/><\/label><\/td>\n<td>-PED<\/td>\n<td colspan=\"5\">Certificaci\u00f3n PED<\/td>\n<\/tr>\n<tr class=\"OrderingGuide-LightGreen\">\n<td><label><input type=\"radio\" name=\"certifications\" value=\"P\" \/><\/label><\/td>\n<td>-P<\/td>\n<td colspan=\"5\">Certificaci\u00f3n Parr<\/td>\n<\/tr>\n<\/tbody>\n<\/table>\n<p><em><strong>Tenga en cuenta que no todas las opciones y combinaciones son compatibles con todos los modelos.<\/strong><\/em><\/p>\n\n\t<p><label>Your System ID No:<br \/><textarea class=\"un-placeholder\" name=\"order-no\" cols=\"60\" rows=\"1\">____-_-__-___<\/textarea><br \/><em>(automatically updates based on the selections above)<\/em><\/label><\/p>\n\t<p><input type=\"submit\" class=\"button-strong\" value=\"Enviar para Cotizar\" \/><\/p>\n<\/form><!-- #ordering-guide -->\n<script type=\"text\/javascript\" src=\"\/wp-content\/plugins\/scripts\/ordering-guide.js\"><\/script>\n\n<p>Si no encuentra la presi\u00f3n, temperatura, volumen, o las opciones que usted est\u00e1 buscando aqu\u00ed, perm\u00edtanos personalizar un sistema para usted.<\/p>\n","protected":false},"excerpt":{"rendered":"<p>Cotizaci\u00f3n de la Serie 5400 Haga clic en las siguientes selecciones para desarrollar un n\u00famero compuesto de identificaci\u00f3n que se usar\u00e1 para solicitar una cotizaci\u00f3n o para pedir un Reactor Series 5400. Tenga en cuenta que no todas las opciones y combinaciones son compatibles con todos los modelos. AModelo B\u00e1sico N\u00b0 Modelo Tama\u00f1o (OD \/ [&hellip;]<\/p>\n","protected":false},"author":2,"featured_media":37724,"parent":232,"menu_order":5,"comment_status":"closed","ping_status":"closed","template":"product-narrow.php","meta":{"_acf_changed":false,"footnotes":"","_links_to":"","_links_to_target":""},"class_list":["post-1161","page","type-page","status-publish","has-post-thumbnail","hentry"],"acf":[],"yoast_head":"<!-- This site is optimized with the Yoast SEO plugin v27.4 - https:\/\/yoast.com\/product\/yoast-seo-wordpress\/ -->\n<title>\u00a1Cotiza ya! - Parr Instrument (Espa\u00f1ol)<\/title>\n<meta name=\"robots\" content=\"index, follow, max-snippet:-1, max-image-preview:large, max-video-preview:-1\" \/>\n<link rel=\"canonical\" href=\"https:\/\/www.parrinst.com\/es\/products\/tubular-reactor-systems\/5400-continuous-flow-tubular-reactors\/rfq\/\" \/>\n<meta property=\"og:locale\" content=\"en_US\" \/>\n<meta property=\"og:type\" content=\"article\" \/>\n<meta property=\"og:title\" content=\"\u00a1Cotiza ya! - Parr Instrument (Espa\u00f1ol)\" \/>\n<meta property=\"og:description\" content=\"Cotizaci\u00f3n de la Serie 5400 Haga clic en las siguientes selecciones para desarrollar un n\u00famero compuesto de identificaci\u00f3n que se usar\u00e1 para solicitar una cotizaci\u00f3n o para pedir un Reactor Series 5400. Tenga en cuenta que no todas las opciones y combinaciones son compatibles con todos los modelos. AModelo B\u00e1sico N\u00b0 Modelo Tama\u00f1o (OD \/ [&hellip;]\" \/>\n<meta property=\"og:url\" content=\"https:\/\/www.parrinst.com\/es\/products\/tubular-reactor-systems\/5400-continuous-flow-tubular-reactors\/rfq\/\" \/>\n<meta property=\"og:site_name\" content=\"Parr Instrument (Espa\u00f1ol)\" \/>\n<meta property=\"article:modified_time\" content=\"2025-08-19T16:08:28+00:00\" \/>\n<meta property=\"og:image\" content=\"https:\/\/www.parrinst.com\/es\/wp-content\/uploads\/sites\/7\/2018\/01\/parr_banner_tubular_secondary.jpg\" \/>\n\t<meta property=\"og:image:width\" content=\"2200\" \/>\n\t<meta property=\"og:image:height\" content=\"399\" \/>\n\t<meta property=\"og:image:type\" content=\"image\/jpeg\" \/>\n<meta name=\"twitter:card\" content=\"summary_large_image\" \/>\n<meta name=\"twitter:label1\" content=\"Est. reading time\" \/>\n\t<meta name=\"twitter:data1\" content=\"3 minutes\" \/>\n<script type=\"application\/ld+json\" class=\"yoast-schema-graph\">{\"@context\":\"https:\\\/\\\/schema.org\",\"@graph\":[{\"@type\":\"WebPage\",\"@id\":\"https:\\\/\\\/www.parrinst.com\\\/es\\\/products\\\/tubular-reactor-systems\\\/5400-continuous-flow-tubular-reactors\\\/rfq\\\/\",\"url\":\"https:\\\/\\\/www.parrinst.com\\\/es\\\/products\\\/tubular-reactor-systems\\\/5400-continuous-flow-tubular-reactors\\\/rfq\\\/\",\"name\":\"\u00a1Cotiza ya! - Parr Instrument (Espa\u00f1ol)\",\"isPartOf\":{\"@id\":\"https:\\\/\\\/www.parrinst.com\\\/es\\\/#website\"},\"primaryImageOfPage\":{\"@id\":\"https:\\\/\\\/www.parrinst.com\\\/es\\\/products\\\/tubular-reactor-systems\\\/5400-continuous-flow-tubular-reactors\\\/rfq\\\/#primaryimage\"},\"image\":{\"@id\":\"https:\\\/\\\/www.parrinst.com\\\/es\\\/products\\\/tubular-reactor-systems\\\/5400-continuous-flow-tubular-reactors\\\/rfq\\\/#primaryimage\"},\"thumbnailUrl\":\"https:\\\/\\\/i0.wp.com\\\/www.parrinst.com\\\/es\\\/wp-content\\\/uploads\\\/sites\\\/7\\\/2018\\\/01\\\/parr_banner_tubular_secondary.jpg?fit=2200%2C399&ssl=1\",\"datePublished\":\"2011-05-05T02:03:36+00:00\",\"dateModified\":\"2025-08-19T16:08:28+00:00\",\"breadcrumb\":{\"@id\":\"https:\\\/\\\/www.parrinst.com\\\/es\\\/products\\\/tubular-reactor-systems\\\/5400-continuous-flow-tubular-reactors\\\/rfq\\\/#breadcrumb\"},\"inLanguage\":\"en-US\",\"potentialAction\":[{\"@type\":\"ReadAction\",\"target\":[\"https:\\\/\\\/www.parrinst.com\\\/es\\\/products\\\/tubular-reactor-systems\\\/5400-continuous-flow-tubular-reactors\\\/rfq\\\/\"]}]},{\"@type\":\"ImageObject\",\"inLanguage\":\"en-US\",\"@id\":\"https:\\\/\\\/www.parrinst.com\\\/es\\\/products\\\/tubular-reactor-systems\\\/5400-continuous-flow-tubular-reactors\\\/rfq\\\/#primaryimage\",\"url\":\"https:\\\/\\\/i0.wp.com\\\/www.parrinst.com\\\/es\\\/wp-content\\\/uploads\\\/sites\\\/7\\\/2018\\\/01\\\/parr_banner_tubular_secondary.jpg?fit=2200%2C399&ssl=1\",\"contentUrl\":\"https:\\\/\\\/i0.wp.com\\\/www.parrinst.com\\\/es\\\/wp-content\\\/uploads\\\/sites\\\/7\\\/2018\\\/01\\\/parr_banner_tubular_secondary.jpg?fit=2200%2C399&ssl=1\",\"width\":2200,\"height\":399},{\"@type\":\"BreadcrumbList\",\"@id\":\"https:\\\/\\\/www.parrinst.com\\\/es\\\/products\\\/tubular-reactor-systems\\\/5400-continuous-flow-tubular-reactors\\\/rfq\\\/#breadcrumb\",\"itemListElement\":[{\"@type\":\"ListItem\",\"position\":1,\"name\":\"Home\",\"item\":\"https:\\\/\\\/www.parrinst.com\\\/es\\\/\"},{\"@type\":\"ListItem\",\"position\":2,\"name\":\"Products\",\"item\":\"https:\\\/\\\/www.parrinst.com\\\/es\\\/products\\\/\"},{\"@type\":\"ListItem\",\"position\":3,\"name\":\"Sistemas de Reactor Tubular\",\"item\":\"https:\\\/\\\/www.parrinst.com\\\/es\\\/products\\\/tubular-reactor-systems\\\/\"},{\"@type\":\"ListItem\",\"position\":4,\"name\":\"Reactores Tubulares de Flujo Continuo 5400\",\"item\":\"https:\\\/\\\/www.parrinst.com\\\/es\\\/products\\\/tubular-reactor-systems\\\/5400-continuous-flow-tubular-reactors\\\/\"},{\"@type\":\"ListItem\",\"position\":5,\"name\":\"\u00a1Cotiza ya!\"}]},{\"@type\":\"WebSite\",\"@id\":\"https:\\\/\\\/www.parrinst.com\\\/es\\\/#website\",\"url\":\"https:\\\/\\\/www.parrinst.com\\\/es\\\/\",\"name\":\"Parr Instrument (Espa\u00f1ol)\",\"description\":\"\",\"potentialAction\":[{\"@type\":\"SearchAction\",\"target\":{\"@type\":\"EntryPoint\",\"urlTemplate\":\"https:\\\/\\\/www.parrinst.com\\\/es\\\/?s={search_term_string}\"},\"query-input\":{\"@type\":\"PropertyValueSpecification\",\"valueRequired\":true,\"valueName\":\"search_term_string\"}}],\"inLanguage\":\"en-US\"}]}<\/script>\n<!-- \/ Yoast SEO plugin. -->","yoast_head_json":{"title":"\u00a1Cotiza ya! - Parr Instrument (Espa\u00f1ol)","robots":{"index":"index","follow":"follow","max-snippet":"max-snippet:-1","max-image-preview":"max-image-preview:large","max-video-preview":"max-video-preview:-1"},"canonical":"https:\/\/www.parrinst.com\/es\/products\/tubular-reactor-systems\/5400-continuous-flow-tubular-reactors\/rfq\/","og_locale":"en_US","og_type":"article","og_title":"\u00a1Cotiza ya! - Parr Instrument (Espa\u00f1ol)","og_description":"Cotizaci\u00f3n de la Serie 5400 Haga clic en las siguientes selecciones para desarrollar un n\u00famero compuesto de identificaci\u00f3n que se usar\u00e1 para solicitar una cotizaci\u00f3n o para pedir un Reactor Series 5400. Tenga en cuenta que no todas las opciones y combinaciones son compatibles con todos los modelos. AModelo B\u00e1sico N\u00b0 Modelo Tama\u00f1o (OD \/ [&hellip;]","og_url":"https:\/\/www.parrinst.com\/es\/products\/tubular-reactor-systems\/5400-continuous-flow-tubular-reactors\/rfq\/","og_site_name":"Parr Instrument (Espa\u00f1ol)","article_modified_time":"2025-08-19T16:08:28+00:00","og_image":[{"width":2200,"height":399,"url":"https:\/\/www.parrinst.com\/es\/wp-content\/uploads\/sites\/7\/2018\/01\/parr_banner_tubular_secondary.jpg","type":"image\/jpeg"}],"twitter_card":"summary_large_image","twitter_misc":{"Est. reading time":"3 minutes"},"schema":{"@context":"https:\/\/schema.org","@graph":[{"@type":"WebPage","@id":"https:\/\/www.parrinst.com\/es\/products\/tubular-reactor-systems\/5400-continuous-flow-tubular-reactors\/rfq\/","url":"https:\/\/www.parrinst.com\/es\/products\/tubular-reactor-systems\/5400-continuous-flow-tubular-reactors\/rfq\/","name":"\u00a1Cotiza ya! - Parr Instrument (Espa\u00f1ol)","isPartOf":{"@id":"https:\/\/www.parrinst.com\/es\/#website"},"primaryImageOfPage":{"@id":"https:\/\/www.parrinst.com\/es\/products\/tubular-reactor-systems\/5400-continuous-flow-tubular-reactors\/rfq\/#primaryimage"},"image":{"@id":"https:\/\/www.parrinst.com\/es\/products\/tubular-reactor-systems\/5400-continuous-flow-tubular-reactors\/rfq\/#primaryimage"},"thumbnailUrl":"https:\/\/i0.wp.com\/www.parrinst.com\/es\/wp-content\/uploads\/sites\/7\/2018\/01\/parr_banner_tubular_secondary.jpg?fit=2200%2C399&ssl=1","datePublished":"2011-05-05T02:03:36+00:00","dateModified":"2025-08-19T16:08:28+00:00","breadcrumb":{"@id":"https:\/\/www.parrinst.com\/es\/products\/tubular-reactor-systems\/5400-continuous-flow-tubular-reactors\/rfq\/#breadcrumb"},"inLanguage":"en-US","potentialAction":[{"@type":"ReadAction","target":["https:\/\/www.parrinst.com\/es\/products\/tubular-reactor-systems\/5400-continuous-flow-tubular-reactors\/rfq\/"]}]},{"@type":"ImageObject","inLanguage":"en-US","@id":"https:\/\/www.parrinst.com\/es\/products\/tubular-reactor-systems\/5400-continuous-flow-tubular-reactors\/rfq\/#primaryimage","url":"https:\/\/i0.wp.com\/www.parrinst.com\/es\/wp-content\/uploads\/sites\/7\/2018\/01\/parr_banner_tubular_secondary.jpg?fit=2200%2C399&ssl=1","contentUrl":"https:\/\/i0.wp.com\/www.parrinst.com\/es\/wp-content\/uploads\/sites\/7\/2018\/01\/parr_banner_tubular_secondary.jpg?fit=2200%2C399&ssl=1","width":2200,"height":399},{"@type":"BreadcrumbList","@id":"https:\/\/www.parrinst.com\/es\/products\/tubular-reactor-systems\/5400-continuous-flow-tubular-reactors\/rfq\/#breadcrumb","itemListElement":[{"@type":"ListItem","position":1,"name":"Home","item":"https:\/\/www.parrinst.com\/es\/"},{"@type":"ListItem","position":2,"name":"Products","item":"https:\/\/www.parrinst.com\/es\/products\/"},{"@type":"ListItem","position":3,"name":"Sistemas de Reactor Tubular","item":"https:\/\/www.parrinst.com\/es\/products\/tubular-reactor-systems\/"},{"@type":"ListItem","position":4,"name":"Reactores Tubulares de Flujo Continuo 5400","item":"https:\/\/www.parrinst.com\/es\/products\/tubular-reactor-systems\/5400-continuous-flow-tubular-reactors\/"},{"@type":"ListItem","position":5,"name":"\u00a1Cotiza ya!"}]},{"@type":"WebSite","@id":"https:\/\/www.parrinst.com\/es\/#website","url":"https:\/\/www.parrinst.com\/es\/","name":"Parr Instrument (Espa\u00f1ol)","description":"","potentialAction":[{"@type":"SearchAction","target":{"@type":"EntryPoint","urlTemplate":"https:\/\/www.parrinst.com\/es\/?s={search_term_string}"},"query-input":{"@type":"PropertyValueSpecification","valueRequired":true,"valueName":"search_term_string"}}],"inLanguage":"en-US"}]}},"jetpack_sharing_enabled":true,"_links":{"self":[{"href":"https:\/\/www.parrinst.com\/es\/wp-json\/wp\/v2\/pages\/1161","targetHints":{"allow":["GET"]}}],"collection":[{"href":"https:\/\/www.parrinst.com\/es\/wp-json\/wp\/v2\/pages"}],"about":[{"href":"https:\/\/www.parrinst.com\/es\/wp-json\/wp\/v2\/types\/page"}],"author":[{"embeddable":true,"href":"https:\/\/www.parrinst.com\/es\/wp-json\/wp\/v2\/users\/2"}],"replies":[{"embeddable":true,"href":"https:\/\/www.parrinst.com\/es\/wp-json\/wp\/v2\/comments?post=1161"}],"version-history":[{"count":11,"href":"https:\/\/www.parrinst.com\/es\/wp-json\/wp\/v2\/pages\/1161\/revisions"}],"predecessor-version":[{"id":41156,"href":"https:\/\/www.parrinst.com\/es\/wp-json\/wp\/v2\/pages\/1161\/revisions\/41156"}],"up":[{"embeddable":true,"href":"https:\/\/www.parrinst.com\/es\/wp-json\/wp\/v2\/pages\/232"}],"wp:featuredmedia":[{"embeddable":true,"href":"https:\/\/www.parrinst.com\/es\/wp-json\/wp\/v2\/media\/37724"}],"wp:attachment":[{"href":"https:\/\/www.parrinst.com\/es\/wp-json\/wp\/v2\/media?parent=1161"}],"curies":[{"name":"wp","href":"https:\/\/api.w.org\/{rel}","templated":true}]}}