{"id":11658,"date":"2014-04-28T10:09:00","date_gmt":"2014-04-28T15:09:00","guid":{"rendered":"https:\/\/www.parrinst.com\/es\/?page_id=11658"},"modified":"2014-04-28T10:36:48","modified_gmt":"2014-04-28T15:36:48","slug":"specifications","status":"publish","type":"page","link":"https:\/\/www.parrinst.com\/es\/products\/oxygen-bomb-calorimeters\/6765-combination-calorimeter\/specifications\/","title":{"rendered":"Especificaciones"},"content":{"rendered":"<h2>Calor\u00edmetro Semimicro 6725 Especificaciones:<\/h2>\n<ul>\n<li>2-3 Pruebas Por Hora<\/li>\n<li>El Tiempo de Operador Por Prueba es 6-10 Minutos<\/li>\n<li>Clasif. de Precisi\u00f3n 0.4%<\/li>\n<li>Compensado, Envase T\u00e9rmico<\/li>\n<li>Llenado Manual de Ox\u00edgeno<\/li>\n<li>Llenado Manual de Cubeta Manual<\/li>\n<li>1109A, 22 ml V\u00e1lvula Manual, Bomba Semi-Micro<\/li>\n<li>Puerto\u00a0USB para Impresora y Comunicaci\u00f3n de Balance<\/li>\n<li>Memoria SD para incorporar datos y transferencia de registro<\/li>\n<li>TCP\/IP via Conexi\u00f3n de Red Ethernet<\/li>\n<li>6725: Dimensiones (in) 9w x 13d x 13h<\/li>\n<li>6772: Dimensiones (in) 22w x 14d x 12h<\/li>\n<li>6725: Dimensiones (cm) 22w x 33d x 33h<\/li>\n<li>6772: Dimensiones (cm) 56w x 36d x 31h<\/li>\n<\/ul>\n<h2>Calor\u00edmetro de Soluciones 6755 Especificaciones:<\/h2>\n<ul>\n<li>Precisi\u00f3n Clase 0.4% (1.5 \u2013 5 \u00b0C m\u00e1s o de temperatura ambiente)<\/li>\n<li>10 \u2013 50 \u00b0C, Rango de Temperatura de Trabajo<\/li>\n<li>0.0001 \u00b0C Sensibilidad a la Temperatura<\/li>\n<li>2 \u2013 1000 Calor\u00edas, Rango de Medici\u00f3n de Energ\u00eda<\/li>\n<li>0.1 Calor\u00edas, L\u00edmite de Detecci\u00f3n<\/li>\n<li>100 -145 Calor\u00edas\/\u00b0C, Equivalente de Energ\u00eda<\/li>\n<li>20 ml Volumen M\u00e1ximo, Soluto<\/li>\n<li>90 \u2013 120 ml Volumen Requerido, Solvente<\/li>\n<li>Puerto USB para Impresora y Comunicaci\u00f3n Balance<\/li>\n<li>Ranuras de Tarjeta de Memoria SD para una transferencia m\u00e1s sencilla de datos y registro de archivos<\/li>\n<li>TCP\/IP por Conexi\u00f3n de Red Ethernet<\/li>\n<li>6755: Dimensiones (pulg) 9w x 13d x 13h<\/li>\n<li>6772: Dimensiones (pulg) 22w x 14d x 12h<\/li>\n<li>6755: Dimensiones (cm) 22w x 33d x 33h<\/li>\n<li>6772: Dimensiones (cm) 56w x 36d x 31h<\/li>\n<\/ul>\n","protected":false},"excerpt":{"rendered":"<p>Calor\u00edmetro Semimicro 6725 Especificaciones: 2-3 Pruebas Por Hora El Tiempo de Operador Por Prueba es 6-10 Minutos Clasif. de Precisi\u00f3n 0.4% Compensado, Envase T\u00e9rmico Llenado Manual de Ox\u00edgeno Llenado Manual de Cubeta Manual 1109A, 22 ml V\u00e1lvula Manual, Bomba Semi-Micro Puerto\u00a0USB para Impresora y Comunicaci\u00f3n de Balance Memoria SD para incorporar datos y transferencia de [&hellip;]<\/p>\n","protected":false},"author":12,"featured_media":37726,"parent":11656,"menu_order":2,"comment_status":"closed","ping_status":"closed","template":"product-narrow.php","meta":{"_acf_changed":false,"footnotes":"","_links_to":"","_links_to_target":""},"class_list":["post-11658","page","type-page","status-publish","has-post-thumbnail","hentry"],"acf":[],"yoast_head":"<!-- This site is optimized with the Yoast SEO plugin v27.5 - https:\/\/yoast.com\/product\/yoast-seo-wordpress\/ -->\n<title>Especificaciones - Parr Instrument (Espa\u00f1ol)<\/title>\n<meta name=\"robots\" content=\"index, follow, max-snippet:-1, max-image-preview:large, max-video-preview:-1\" \/>\n<link rel=\"canonical\" href=\"https:\/\/www.parrinst.com\/es\/products\/oxygen-bomb-calorimeters\/6765-combination-calorimeter\/specifications\/\" \/>\n<meta property=\"og:locale\" content=\"en_US\" \/>\n<meta property=\"og:type\" content=\"article\" \/>\n<meta property=\"og:title\" content=\"Especificaciones - Parr Instrument (Espa\u00f1ol)\" \/>\n<meta property=\"og:description\" content=\"Calor\u00edmetro Semimicro 6725 Especificaciones: 2-3 Pruebas Por Hora El Tiempo de Operador Por Prueba es 6-10 Minutos Clasif. de Precisi\u00f3n 0.4% Compensado, Envase T\u00e9rmico Llenado Manual de Ox\u00edgeno Llenado Manual de Cubeta Manual 1109A, 22 ml V\u00e1lvula Manual, Bomba Semi-Micro Puerto\u00a0USB para Impresora y Comunicaci\u00f3n de Balance Memoria SD para incorporar datos y transferencia de [&hellip;]\" \/>\n<meta property=\"og:url\" content=\"https:\/\/www.parrinst.com\/es\/products\/oxygen-bomb-calorimeters\/6765-combination-calorimeter\/specifications\/\" \/>\n<meta property=\"og:site_name\" content=\"Parr Instrument (Espa\u00f1ol)\" \/>\n<meta property=\"article:modified_time\" content=\"2014-04-28T15:36:48+00:00\" \/>\n<meta property=\"og:image\" content=\"https:\/\/www.parrinst.com\/es\/files\/2018\/01\/parr_banner_calorimeter_secondary-3.jpg\" \/>\n\t<meta property=\"og:image:width\" content=\"2200\" \/>\n\t<meta property=\"og:image:height\" content=\"399\" \/>\n\t<meta property=\"og:image:type\" content=\"image\/jpeg\" \/>\n<meta name=\"twitter:card\" content=\"summary_large_image\" \/>\n<meta name=\"twitter:label1\" content=\"Est. reading time\" \/>\n\t<meta name=\"twitter:data1\" content=\"1 minute\" \/>\n<script type=\"application\/ld+json\" class=\"yoast-schema-graph\">{\"@context\":\"https:\\\/\\\/schema.org\",\"@graph\":[{\"@type\":\"WebPage\",\"@id\":\"https:\\\/\\\/www.parrinst.com\\\/es\\\/products\\\/oxygen-bomb-calorimeters\\\/6765-combination-calorimeter\\\/specifications\\\/\",\"url\":\"https:\\\/\\\/www.parrinst.com\\\/es\\\/products\\\/oxygen-bomb-calorimeters\\\/6765-combination-calorimeter\\\/specifications\\\/\",\"name\":\"Especificaciones - Parr Instrument (Espa\u00f1ol)\",\"isPartOf\":{\"@id\":\"https:\\\/\\\/www.parrinst.com\\\/es\\\/#website\"},\"primaryImageOfPage\":{\"@id\":\"https:\\\/\\\/www.parrinst.com\\\/es\\\/products\\\/oxygen-bomb-calorimeters\\\/6765-combination-calorimeter\\\/specifications\\\/#primaryimage\"},\"image\":{\"@id\":\"https:\\\/\\\/www.parrinst.com\\\/es\\\/products\\\/oxygen-bomb-calorimeters\\\/6765-combination-calorimeter\\\/specifications\\\/#primaryimage\"},\"thumbnailUrl\":\"https:\\\/\\\/i0.wp.com\\\/www.parrinst.com\\\/es\\\/wp-content\\\/uploads\\\/sites\\\/7\\\/2018\\\/01\\\/parr_banner_calorimeter_secondary-3.jpg?fit=2200%2C399&ssl=1\",\"datePublished\":\"2014-04-28T15:09:00+00:00\",\"dateModified\":\"2014-04-28T15:36:48+00:00\",\"breadcrumb\":{\"@id\":\"https:\\\/\\\/www.parrinst.com\\\/es\\\/products\\\/oxygen-bomb-calorimeters\\\/6765-combination-calorimeter\\\/specifications\\\/#breadcrumb\"},\"inLanguage\":\"en-US\",\"potentialAction\":[{\"@type\":\"ReadAction\",\"target\":[\"https:\\\/\\\/www.parrinst.com\\\/es\\\/products\\\/oxygen-bomb-calorimeters\\\/6765-combination-calorimeter\\\/specifications\\\/\"]}]},{\"@type\":\"ImageObject\",\"inLanguage\":\"en-US\",\"@id\":\"https:\\\/\\\/www.parrinst.com\\\/es\\\/products\\\/oxygen-bomb-calorimeters\\\/6765-combination-calorimeter\\\/specifications\\\/#primaryimage\",\"url\":\"https:\\\/\\\/i0.wp.com\\\/www.parrinst.com\\\/es\\\/wp-content\\\/uploads\\\/sites\\\/7\\\/2018\\\/01\\\/parr_banner_calorimeter_secondary-3.jpg?fit=2200%2C399&ssl=1\",\"contentUrl\":\"https:\\\/\\\/i0.wp.com\\\/www.parrinst.com\\\/es\\\/wp-content\\\/uploads\\\/sites\\\/7\\\/2018\\\/01\\\/parr_banner_calorimeter_secondary-3.jpg?fit=2200%2C399&ssl=1\",\"width\":2200,\"height\":399},{\"@type\":\"BreadcrumbList\",\"@id\":\"https:\\\/\\\/www.parrinst.com\\\/es\\\/products\\\/oxygen-bomb-calorimeters\\\/6765-combination-calorimeter\\\/specifications\\\/#breadcrumb\",\"itemListElement\":[{\"@type\":\"ListItem\",\"position\":1,\"name\":\"Home\",\"item\":\"https:\\\/\\\/www.parrinst.com\\\/es\\\/\"},{\"@type\":\"ListItem\",\"position\":2,\"name\":\"Products\",\"item\":\"https:\\\/\\\/www.parrinst.com\\\/es\\\/products\\\/\"},{\"@type\":\"ListItem\",\"position\":3,\"name\":\"Calor\u00edmetros de Bomba de Ox\u00edgeno\",\"item\":\"https:\\\/\\\/www.parrinst.com\\\/es\\\/products\\\/oxygen-bomb-calorimeters\\\/\"},{\"@type\":\"ListItem\",\"position\":4,\"name\":\"Calor\u00edmetro de Combinaci\u00f3n 6765\",\"item\":\"https:\\\/\\\/www.parrinst.com\\\/es\\\/products\\\/oxygen-bomb-calorimeters\\\/6765-combination-calorimeter\\\/\"},{\"@type\":\"ListItem\",\"position\":5,\"name\":\"Especificaciones\"}]},{\"@type\":\"WebSite\",\"@id\":\"https:\\\/\\\/www.parrinst.com\\\/es\\\/#website\",\"url\":\"https:\\\/\\\/www.parrinst.com\\\/es\\\/\",\"name\":\"Parr Instrument (Espa\u00f1ol)\",\"description\":\"\",\"potentialAction\":[{\"@type\":\"SearchAction\",\"target\":{\"@type\":\"EntryPoint\",\"urlTemplate\":\"https:\\\/\\\/www.parrinst.com\\\/es\\\/?s={search_term_string}\"},\"query-input\":{\"@type\":\"PropertyValueSpecification\",\"valueRequired\":true,\"valueName\":\"search_term_string\"}}],\"inLanguage\":\"en-US\"}]}<\/script>\n<!-- \/ Yoast SEO plugin. -->","yoast_head_json":{"title":"Especificaciones - Parr Instrument (Espa\u00f1ol)","robots":{"index":"index","follow":"follow","max-snippet":"max-snippet:-1","max-image-preview":"max-image-preview:large","max-video-preview":"max-video-preview:-1"},"canonical":"https:\/\/www.parrinst.com\/es\/products\/oxygen-bomb-calorimeters\/6765-combination-calorimeter\/specifications\/","og_locale":"en_US","og_type":"article","og_title":"Especificaciones - Parr Instrument (Espa\u00f1ol)","og_description":"Calor\u00edmetro Semimicro 6725 Especificaciones: 2-3 Pruebas Por Hora El Tiempo de Operador Por Prueba es 6-10 Minutos Clasif. de Precisi\u00f3n 0.4% Compensado, Envase T\u00e9rmico Llenado Manual de Ox\u00edgeno Llenado Manual de Cubeta Manual 1109A, 22 ml V\u00e1lvula Manual, Bomba Semi-Micro Puerto\u00a0USB para Impresora y Comunicaci\u00f3n de Balance Memoria SD para incorporar datos y transferencia de [&hellip;]","og_url":"https:\/\/www.parrinst.com\/es\/products\/oxygen-bomb-calorimeters\/6765-combination-calorimeter\/specifications\/","og_site_name":"Parr Instrument (Espa\u00f1ol)","article_modified_time":"2014-04-28T15:36:48+00:00","og_image":[{"width":2200,"height":399,"url":"https:\/\/www.parrinst.com\/es\/files\/2018\/01\/parr_banner_calorimeter_secondary-3.jpg","type":"image\/jpeg"}],"twitter_card":"summary_large_image","twitter_misc":{"Est. reading time":"1 minute"},"schema":{"@context":"https:\/\/schema.org","@graph":[{"@type":"WebPage","@id":"https:\/\/www.parrinst.com\/es\/products\/oxygen-bomb-calorimeters\/6765-combination-calorimeter\/specifications\/","url":"https:\/\/www.parrinst.com\/es\/products\/oxygen-bomb-calorimeters\/6765-combination-calorimeter\/specifications\/","name":"Especificaciones - Parr Instrument (Espa\u00f1ol)","isPartOf":{"@id":"https:\/\/www.parrinst.com\/es\/#website"},"primaryImageOfPage":{"@id":"https:\/\/www.parrinst.com\/es\/products\/oxygen-bomb-calorimeters\/6765-combination-calorimeter\/specifications\/#primaryimage"},"image":{"@id":"https:\/\/www.parrinst.com\/es\/products\/oxygen-bomb-calorimeters\/6765-combination-calorimeter\/specifications\/#primaryimage"},"thumbnailUrl":"https:\/\/i0.wp.com\/www.parrinst.com\/es\/wp-content\/uploads\/sites\/7\/2018\/01\/parr_banner_calorimeter_secondary-3.jpg?fit=2200%2C399&ssl=1","datePublished":"2014-04-28T15:09:00+00:00","dateModified":"2014-04-28T15:36:48+00:00","breadcrumb":{"@id":"https:\/\/www.parrinst.com\/es\/products\/oxygen-bomb-calorimeters\/6765-combination-calorimeter\/specifications\/#breadcrumb"},"inLanguage":"en-US","potentialAction":[{"@type":"ReadAction","target":["https:\/\/www.parrinst.com\/es\/products\/oxygen-bomb-calorimeters\/6765-combination-calorimeter\/specifications\/"]}]},{"@type":"ImageObject","inLanguage":"en-US","@id":"https:\/\/www.parrinst.com\/es\/products\/oxygen-bomb-calorimeters\/6765-combination-calorimeter\/specifications\/#primaryimage","url":"https:\/\/i0.wp.com\/www.parrinst.com\/es\/wp-content\/uploads\/sites\/7\/2018\/01\/parr_banner_calorimeter_secondary-3.jpg?fit=2200%2C399&ssl=1","contentUrl":"https:\/\/i0.wp.com\/www.parrinst.com\/es\/wp-content\/uploads\/sites\/7\/2018\/01\/parr_banner_calorimeter_secondary-3.jpg?fit=2200%2C399&ssl=1","width":2200,"height":399},{"@type":"BreadcrumbList","@id":"https:\/\/www.parrinst.com\/es\/products\/oxygen-bomb-calorimeters\/6765-combination-calorimeter\/specifications\/#breadcrumb","itemListElement":[{"@type":"ListItem","position":1,"name":"Home","item":"https:\/\/www.parrinst.com\/es\/"},{"@type":"ListItem","position":2,"name":"Products","item":"https:\/\/www.parrinst.com\/es\/products\/"},{"@type":"ListItem","position":3,"name":"Calor\u00edmetros de Bomba de Ox\u00edgeno","item":"https:\/\/www.parrinst.com\/es\/products\/oxygen-bomb-calorimeters\/"},{"@type":"ListItem","position":4,"name":"Calor\u00edmetro de Combinaci\u00f3n 6765","item":"https:\/\/www.parrinst.com\/es\/products\/oxygen-bomb-calorimeters\/6765-combination-calorimeter\/"},{"@type":"ListItem","position":5,"name":"Especificaciones"}]},{"@type":"WebSite","@id":"https:\/\/www.parrinst.com\/es\/#website","url":"https:\/\/www.parrinst.com\/es\/","name":"Parr Instrument (Espa\u00f1ol)","description":"","potentialAction":[{"@type":"SearchAction","target":{"@type":"EntryPoint","urlTemplate":"https:\/\/www.parrinst.com\/es\/?s={search_term_string}"},"query-input":{"@type":"PropertyValueSpecification","valueRequired":true,"valueName":"search_term_string"}}],"inLanguage":"en-US"}]}},"jetpack_sharing_enabled":true,"_links":{"self":[{"href":"https:\/\/www.parrinst.com\/es\/wp-json\/wp\/v2\/pages\/11658","targetHints":{"allow":["GET"]}}],"collection":[{"href":"https:\/\/www.parrinst.com\/es\/wp-json\/wp\/v2\/pages"}],"about":[{"href":"https:\/\/www.parrinst.com\/es\/wp-json\/wp\/v2\/types\/page"}],"author":[{"embeddable":true,"href":"https:\/\/www.parrinst.com\/es\/wp-json\/wp\/v2\/users\/12"}],"replies":[{"embeddable":true,"href":"https:\/\/www.parrinst.com\/es\/wp-json\/wp\/v2\/comments?post=11658"}],"version-history":[{"count":0,"href":"https:\/\/www.parrinst.com\/es\/wp-json\/wp\/v2\/pages\/11658\/revisions"}],"up":[{"embeddable":true,"href":"https:\/\/www.parrinst.com\/es\/wp-json\/wp\/v2\/pages\/11656"}],"wp:featuredmedia":[{"embeddable":true,"href":"https:\/\/www.parrinst.com\/es\/wp-json\/wp\/v2\/media\/37726"}],"wp:attachment":[{"href":"https:\/\/www.parrinst.com\/es\/wp-json\/wp\/v2\/media?parent=11658"}],"curies":[{"name":"wp","href":"https:\/\/api.w.org\/{rel}","templated":true}]}}