{"id":11675,"date":"2014-04-25T12:57:06","date_gmt":"2014-04-25T17:57:06","guid":{"rendered":"https:\/\/www.parrinst.com\/es\/?page_id=11675"},"modified":"2022-04-08T12:10:27","modified_gmt":"2022-04-08T17:10:27","slug":"rfq","status":"publish","type":"page","link":"https:\/\/www.parrinst.com\/es\/products\/specialty-custom-systems\/horizontal-reactors\/rfq\/","title":{"rendered":"\u00a1Cotiza ya!"},"content":{"rendered":"<h2><strong>Cotizaci\u00f3n<\/strong><\/h2>\n<p><strong>Comun\u00edquese<\/strong> con el Departamento de Ventas T\u00e9cnicas de Parr Instrument Company para analizar su aplicaci\u00f3n para este <strong>reactores horizontales<\/strong> personalizado.<\/p>\n<p>Su informaci\u00f3n de contacto y su consulta pueden compartirse con nuestros representantes autorizados de ventas y servicio t\u00e9cnico en su \u00e1rea. No compartimos ninguno de los datos que nos proporciona con nadie fuera de nuestra organizaci\u00f3n o representantes.<\/p>\n<div id=\"frmapi-103042\" class=\"frmapi-form\" data-url=\"https:\/\/www.parrinst.com\/wp-json\/frm\/v2\/forms\/10?exclude_script=&#038;return=html\"><\/div>\n","protected":false},"excerpt":{"rendered":"<p>Cotizaci\u00f3n Comun\u00edquese con el Departamento de Ventas T\u00e9cnicas de Parr Instrument Company para analizar su aplicaci\u00f3n para este reactores horizontales personalizado. Su informaci\u00f3n de contacto y su consulta pueden compartirse con nuestros representantes autorizados de ventas y servicio t\u00e9cnico en su \u00e1rea. No compartimos ninguno de los datos que nos proporciona con nadie fuera de [&hellip;]<\/p>\n","protected":false},"author":12,"featured_media":36941,"parent":11667,"menu_order":3,"comment_status":"closed","ping_status":"closed","template":"product-narrow.php","meta":{"_acf_changed":false,"footnotes":"","_links_to":"","_links_to_target":""},"class_list":["post-11675","page","type-page","status-publish","has-post-thumbnail","hentry"],"acf":[],"yoast_head":"<!-- This site is optimized with the Yoast SEO plugin v27.4 - https:\/\/yoast.com\/product\/yoast-seo-wordpress\/ -->\n<title>\u00a1Cotiza ya! - Parr Instrument (Espa\u00f1ol)<\/title>\n<meta name=\"robots\" content=\"index, follow, max-snippet:-1, max-image-preview:large, max-video-preview:-1\" \/>\n<link rel=\"canonical\" href=\"https:\/\/www.parrinst.com\/es\/products\/specialty-custom-systems\/horizontal-reactors\/rfq\/\" \/>\n<meta property=\"og:locale\" content=\"en_US\" \/>\n<meta property=\"og:type\" content=\"article\" \/>\n<meta property=\"og:title\" content=\"\u00a1Cotiza ya! - Parr Instrument (Espa\u00f1ol)\" \/>\n<meta property=\"og:description\" content=\"Cotizaci\u00f3n Comun\u00edquese con el Departamento de Ventas T\u00e9cnicas de Parr Instrument Company para analizar su aplicaci\u00f3n para este reactores horizontales personalizado. Su informaci\u00f3n de contacto y su consulta pueden compartirse con nuestros representantes autorizados de ventas y servicio t\u00e9cnico en su \u00e1rea. No compartimos ninguno de los datos que nos proporciona con nadie fuera de [&hellip;]\" \/>\n<meta property=\"og:url\" content=\"https:\/\/www.parrinst.com\/es\/products\/specialty-custom-systems\/horizontal-reactors\/rfq\/\" \/>\n<meta property=\"og:site_name\" content=\"Parr Instrument (Espa\u00f1ol)\" \/>\n<meta property=\"article:modified_time\" content=\"2022-04-08T17:10:27+00:00\" \/>\n<meta property=\"og:image\" content=\"https:\/\/www.parrinst.com\/es\/files\/2018\/01\/parr_banner_multi_secondary.jpg\" \/>\n\t<meta property=\"og:image:width\" content=\"2200\" \/>\n\t<meta property=\"og:image:height\" content=\"399\" \/>\n\t<meta property=\"og:image:type\" content=\"image\/jpeg\" \/>\n<meta name=\"twitter:card\" content=\"summary_large_image\" \/>\n<script type=\"application\/ld+json\" class=\"yoast-schema-graph\">{\"@context\":\"https:\\\/\\\/schema.org\",\"@graph\":[{\"@type\":\"WebPage\",\"@id\":\"https:\\\/\\\/www.parrinst.com\\\/es\\\/products\\\/specialty-custom-systems\\\/horizontal-reactors\\\/rfq\\\/\",\"url\":\"https:\\\/\\\/www.parrinst.com\\\/es\\\/products\\\/specialty-custom-systems\\\/horizontal-reactors\\\/rfq\\\/\",\"name\":\"\u00a1Cotiza ya! - Parr Instrument (Espa\u00f1ol)\",\"isPartOf\":{\"@id\":\"https:\\\/\\\/www.parrinst.com\\\/es\\\/#website\"},\"primaryImageOfPage\":{\"@id\":\"https:\\\/\\\/www.parrinst.com\\\/es\\\/products\\\/specialty-custom-systems\\\/horizontal-reactors\\\/rfq\\\/#primaryimage\"},\"image\":{\"@id\":\"https:\\\/\\\/www.parrinst.com\\\/es\\\/products\\\/specialty-custom-systems\\\/horizontal-reactors\\\/rfq\\\/#primaryimage\"},\"thumbnailUrl\":\"https:\\\/\\\/i0.wp.com\\\/www.parrinst.com\\\/es\\\/wp-content\\\/uploads\\\/sites\\\/7\\\/2018\\\/01\\\/parr_banner_multi_secondary.jpg?fit=2200%2C399&ssl=1\",\"datePublished\":\"2014-04-25T17:57:06+00:00\",\"dateModified\":\"2022-04-08T17:10:27+00:00\",\"breadcrumb\":{\"@id\":\"https:\\\/\\\/www.parrinst.com\\\/es\\\/products\\\/specialty-custom-systems\\\/horizontal-reactors\\\/rfq\\\/#breadcrumb\"},\"inLanguage\":\"en-US\",\"potentialAction\":[{\"@type\":\"ReadAction\",\"target\":[\"https:\\\/\\\/www.parrinst.com\\\/es\\\/products\\\/specialty-custom-systems\\\/horizontal-reactors\\\/rfq\\\/\"]}]},{\"@type\":\"ImageObject\",\"inLanguage\":\"en-US\",\"@id\":\"https:\\\/\\\/www.parrinst.com\\\/es\\\/products\\\/specialty-custom-systems\\\/horizontal-reactors\\\/rfq\\\/#primaryimage\",\"url\":\"https:\\\/\\\/i0.wp.com\\\/www.parrinst.com\\\/es\\\/wp-content\\\/uploads\\\/sites\\\/7\\\/2018\\\/01\\\/parr_banner_multi_secondary.jpg?fit=2200%2C399&ssl=1\",\"contentUrl\":\"https:\\\/\\\/i0.wp.com\\\/www.parrinst.com\\\/es\\\/wp-content\\\/uploads\\\/sites\\\/7\\\/2018\\\/01\\\/parr_banner_multi_secondary.jpg?fit=2200%2C399&ssl=1\",\"width\":2200,\"height\":399},{\"@type\":\"BreadcrumbList\",\"@id\":\"https:\\\/\\\/www.parrinst.com\\\/es\\\/products\\\/specialty-custom-systems\\\/horizontal-reactors\\\/rfq\\\/#breadcrumb\",\"itemListElement\":[{\"@type\":\"ListItem\",\"position\":1,\"name\":\"Home\",\"item\":\"https:\\\/\\\/www.parrinst.com\\\/es\\\/\"},{\"@type\":\"ListItem\",\"position\":2,\"name\":\"Products\",\"item\":\"https:\\\/\\\/www.parrinst.com\\\/es\\\/products\\\/\"},{\"@type\":\"ListItem\",\"position\":3,\"name\":\"Sistemas de Especialidad y Personalizados\",\"item\":\"https:\\\/\\\/www.parrinst.com\\\/es\\\/products\\\/specialty-custom-systems\\\/\"},{\"@type\":\"ListItem\",\"position\":4,\"name\":\"Reactores Horizontales\",\"item\":\"https:\\\/\\\/www.parrinst.com\\\/es\\\/products\\\/specialty-custom-systems\\\/horizontal-reactors\\\/\"},{\"@type\":\"ListItem\",\"position\":5,\"name\":\"\u00a1Cotiza ya!\"}]},{\"@type\":\"WebSite\",\"@id\":\"https:\\\/\\\/www.parrinst.com\\\/es\\\/#website\",\"url\":\"https:\\\/\\\/www.parrinst.com\\\/es\\\/\",\"name\":\"Parr Instrument (Espa\u00f1ol)\",\"description\":\"\",\"potentialAction\":[{\"@type\":\"SearchAction\",\"target\":{\"@type\":\"EntryPoint\",\"urlTemplate\":\"https:\\\/\\\/www.parrinst.com\\\/es\\\/?s={search_term_string}\"},\"query-input\":{\"@type\":\"PropertyValueSpecification\",\"valueRequired\":true,\"valueName\":\"search_term_string\"}}],\"inLanguage\":\"en-US\"}]}<\/script>\n<!-- \/ Yoast SEO plugin. -->","yoast_head_json":{"title":"\u00a1Cotiza ya! - Parr Instrument (Espa\u00f1ol)","robots":{"index":"index","follow":"follow","max-snippet":"max-snippet:-1","max-image-preview":"max-image-preview:large","max-video-preview":"max-video-preview:-1"},"canonical":"https:\/\/www.parrinst.com\/es\/products\/specialty-custom-systems\/horizontal-reactors\/rfq\/","og_locale":"en_US","og_type":"article","og_title":"\u00a1Cotiza ya! - Parr Instrument (Espa\u00f1ol)","og_description":"Cotizaci\u00f3n Comun\u00edquese con el Departamento de Ventas T\u00e9cnicas de Parr Instrument Company para analizar su aplicaci\u00f3n para este reactores horizontales personalizado. Su informaci\u00f3n de contacto y su consulta pueden compartirse con nuestros representantes autorizados de ventas y servicio t\u00e9cnico en su \u00e1rea. No compartimos ninguno de los datos que nos proporciona con nadie fuera de [&hellip;]","og_url":"https:\/\/www.parrinst.com\/es\/products\/specialty-custom-systems\/horizontal-reactors\/rfq\/","og_site_name":"Parr Instrument (Espa\u00f1ol)","article_modified_time":"2022-04-08T17:10:27+00:00","og_image":[{"width":2200,"height":399,"url":"https:\/\/www.parrinst.com\/es\/files\/2018\/01\/parr_banner_multi_secondary.jpg","type":"image\/jpeg"}],"twitter_card":"summary_large_image","schema":{"@context":"https:\/\/schema.org","@graph":[{"@type":"WebPage","@id":"https:\/\/www.parrinst.com\/es\/products\/specialty-custom-systems\/horizontal-reactors\/rfq\/","url":"https:\/\/www.parrinst.com\/es\/products\/specialty-custom-systems\/horizontal-reactors\/rfq\/","name":"\u00a1Cotiza ya! - Parr Instrument (Espa\u00f1ol)","isPartOf":{"@id":"https:\/\/www.parrinst.com\/es\/#website"},"primaryImageOfPage":{"@id":"https:\/\/www.parrinst.com\/es\/products\/specialty-custom-systems\/horizontal-reactors\/rfq\/#primaryimage"},"image":{"@id":"https:\/\/www.parrinst.com\/es\/products\/specialty-custom-systems\/horizontal-reactors\/rfq\/#primaryimage"},"thumbnailUrl":"https:\/\/i0.wp.com\/www.parrinst.com\/es\/wp-content\/uploads\/sites\/7\/2018\/01\/parr_banner_multi_secondary.jpg?fit=2200%2C399&ssl=1","datePublished":"2014-04-25T17:57:06+00:00","dateModified":"2022-04-08T17:10:27+00:00","breadcrumb":{"@id":"https:\/\/www.parrinst.com\/es\/products\/specialty-custom-systems\/horizontal-reactors\/rfq\/#breadcrumb"},"inLanguage":"en-US","potentialAction":[{"@type":"ReadAction","target":["https:\/\/www.parrinst.com\/es\/products\/specialty-custom-systems\/horizontal-reactors\/rfq\/"]}]},{"@type":"ImageObject","inLanguage":"en-US","@id":"https:\/\/www.parrinst.com\/es\/products\/specialty-custom-systems\/horizontal-reactors\/rfq\/#primaryimage","url":"https:\/\/i0.wp.com\/www.parrinst.com\/es\/wp-content\/uploads\/sites\/7\/2018\/01\/parr_banner_multi_secondary.jpg?fit=2200%2C399&ssl=1","contentUrl":"https:\/\/i0.wp.com\/www.parrinst.com\/es\/wp-content\/uploads\/sites\/7\/2018\/01\/parr_banner_multi_secondary.jpg?fit=2200%2C399&ssl=1","width":2200,"height":399},{"@type":"BreadcrumbList","@id":"https:\/\/www.parrinst.com\/es\/products\/specialty-custom-systems\/horizontal-reactors\/rfq\/#breadcrumb","itemListElement":[{"@type":"ListItem","position":1,"name":"Home","item":"https:\/\/www.parrinst.com\/es\/"},{"@type":"ListItem","position":2,"name":"Products","item":"https:\/\/www.parrinst.com\/es\/products\/"},{"@type":"ListItem","position":3,"name":"Sistemas de Especialidad y Personalizados","item":"https:\/\/www.parrinst.com\/es\/products\/specialty-custom-systems\/"},{"@type":"ListItem","position":4,"name":"Reactores Horizontales","item":"https:\/\/www.parrinst.com\/es\/products\/specialty-custom-systems\/horizontal-reactors\/"},{"@type":"ListItem","position":5,"name":"\u00a1Cotiza ya!"}]},{"@type":"WebSite","@id":"https:\/\/www.parrinst.com\/es\/#website","url":"https:\/\/www.parrinst.com\/es\/","name":"Parr Instrument (Espa\u00f1ol)","description":"","potentialAction":[{"@type":"SearchAction","target":{"@type":"EntryPoint","urlTemplate":"https:\/\/www.parrinst.com\/es\/?s={search_term_string}"},"query-input":{"@type":"PropertyValueSpecification","valueRequired":true,"valueName":"search_term_string"}}],"inLanguage":"en-US"}]}},"jetpack_sharing_enabled":true,"_links":{"self":[{"href":"https:\/\/www.parrinst.com\/es\/wp-json\/wp\/v2\/pages\/11675","targetHints":{"allow":["GET"]}}],"collection":[{"href":"https:\/\/www.parrinst.com\/es\/wp-json\/wp\/v2\/pages"}],"about":[{"href":"https:\/\/www.parrinst.com\/es\/wp-json\/wp\/v2\/types\/page"}],"author":[{"embeddable":true,"href":"https:\/\/www.parrinst.com\/es\/wp-json\/wp\/v2\/users\/12"}],"replies":[{"embeddable":true,"href":"https:\/\/www.parrinst.com\/es\/wp-json\/wp\/v2\/comments?post=11675"}],"version-history":[{"count":5,"href":"https:\/\/www.parrinst.com\/es\/wp-json\/wp\/v2\/pages\/11675\/revisions"}],"predecessor-version":[{"id":40544,"href":"https:\/\/www.parrinst.com\/es\/wp-json\/wp\/v2\/pages\/11675\/revisions\/40544"}],"up":[{"embeddable":true,"href":"https:\/\/www.parrinst.com\/es\/wp-json\/wp\/v2\/pages\/11667"}],"wp:featuredmedia":[{"embeddable":true,"href":"https:\/\/www.parrinst.com\/es\/wp-json\/wp\/v2\/media\/36941"}],"wp:attachment":[{"href":"https:\/\/www.parrinst.com\/es\/wp-json\/wp\/v2\/media?parent=11675"}],"curies":[{"name":"wp","href":"https:\/\/api.w.org\/{rel}","templated":true}]}}