{"id":118,"date":"2011-03-10T13:13:30","date_gmt":"2011-03-10T19:13:30","guid":{"rendered":"https:\/\/www.parrinst.com\/?page_id=118"},"modified":"2024-10-04T11:29:24","modified_gmt":"2024-10-04T16:29:24","slug":"series-4590-micro-stirred-reactors","status":"publish","type":"page","link":"https:\/\/www.parrinst.com\/es\/products\/stirred-reactors\/series-4590-micro-stirred-reactors\/","title":{"rendered":"Reactores con Agitaci\u00f3n Micro Serie 4590 de 25-100 ml"},"content":{"rendered":"\n\t\t\t<div id='118-1' class='gallery gallery-118 gallery-columns-3 gallery-size-medium' itemscope itemtype='http:\/\/schema.org\/ImageGallery'>\n\t\t\t\t<div class='gallery-row gallery-col-3 gallery-clear'>\n\t\t\t\t\t<figure class='gallery-item col-3' itemprop='associatedMedia' itemscope itemtype='http:\/\/schema.org\/ImageObject'>\n\t\t\t\t\t\t<div class='gallery-icon portrait'><a href=\"https:\/\/i0.wp.com\/www.parrinst.com\/es\/wp-content\/uploads\/sites\/7\/2011\/03\/4598_Micro-Reactor-System_571376PI2_4837DN_pi.jpg?ssl=1\" itemprop=\"contentURL\"><img loading=\"lazy\" decoding=\"async\" width=\"214\" height=\"300\" src=\"https:\/\/i0.wp.com\/www.parrinst.com\/es\/wp-content\/uploads\/sites\/7\/2011\/03\/4598_Micro-Reactor-System_571376PI2_4837DN_pi.jpg?fit=214%2C300&amp;ssl=1\" class=\"attachment-medium size-medium\" alt=\"4598 Micro Reactor, Fixed Head, 100mL, HP\/HT Vessel\" srcset=\"https:\/\/i0.wp.com\/www.parrinst.com\/es\/wp-content\/uploads\/sites\/7\/2011\/03\/4598_Micro-Reactor-System_571376PI2_4837DN_pi.jpg?w=600&amp;ssl=1 600w, https:\/\/i0.wp.com\/www.parrinst.com\/es\/wp-content\/uploads\/sites\/7\/2011\/03\/4598_Micro-Reactor-System_571376PI2_4837DN_pi.jpg?resize=107%2C150&amp;ssl=1 107w, https:\/\/i0.wp.com\/www.parrinst.com\/es\/wp-content\/uploads\/sites\/7\/2011\/03\/4598_Micro-Reactor-System_571376PI2_4837DN_pi.jpg?resize=214%2C300&amp;ssl=1 214w\" sizes=\"auto, (max-width: 214px) 100vw, 214px\" itemprop=\"thumbnail\" \/><\/a><\/div>\n\t\t\t\t\t<\/figure>\n\t\t\t\t\t<figure class='gallery-item col-3' itemprop='associatedMedia' itemscope itemtype='http:\/\/schema.org\/ImageObject'>\n\t\t\t\t\t\t<div class='gallery-icon portrait'><a href=\"https:\/\/i0.wp.com\/www.parrinst.com\/es\/wp-content\/uploads\/sites\/7\/2011\/03\/4597_HPHT-Stirred-Reactor.jpg?ssl=1\" itemprop=\"contentURL\"><img loading=\"lazy\" decoding=\"async\" width=\"214\" height=\"300\" src=\"https:\/\/i0.wp.com\/www.parrinst.com\/es\/wp-content\/uploads\/sites\/7\/2011\/03\/4597_HPHT-Stirred-Reactor.jpg?fit=214%2C300&amp;ssl=1\" class=\"attachment-medium size-medium\" alt=\"Model 4598, 100mL HP\/HT Stirred Vessel.\" srcset=\"https:\/\/i0.wp.com\/www.parrinst.com\/es\/wp-content\/uploads\/sites\/7\/2011\/03\/4597_HPHT-Stirred-Reactor.jpg?w=600&amp;ssl=1 600w, https:\/\/i0.wp.com\/www.parrinst.com\/es\/wp-content\/uploads\/sites\/7\/2011\/03\/4597_HPHT-Stirred-Reactor.jpg?resize=107%2C150&amp;ssl=1 107w, https:\/\/i0.wp.com\/www.parrinst.com\/es\/wp-content\/uploads\/sites\/7\/2011\/03\/4597_HPHT-Stirred-Reactor.jpg?resize=214%2C300&amp;ssl=1 214w\" sizes=\"auto, (max-width: 214px) 100vw, 214px\" itemprop=\"thumbnail\" \/><\/a><\/div>\n\t\t\t\t\t<\/figure>\n\t\t\t<\/div>\n\t\t\t<\/div><!-- .gallery -->\n\n<p>Estos son los reactores agitados individuales m\u00e1s peque\u00f1os de Parr. Los tama\u00f1os de recipientes m\u00e1s peque\u00f1os est\u00e1n disponibles en nuestro sistema Micro Batch Serie 2500 que incluye tres reactores en vol\u00famenes de 5 ml o 10 ml. Estos son una buena opci\u00f3n para los qu\u00edmicos que trabajan con materiales muy caros o materiales que s\u00f3lo est\u00e1n disponibles en peque\u00f1as cantidades. Tambi\u00e9n son de inter\u00e9s para los usuarios que desean minimizar los riesgos asociados con materiales o reacciones peligrosas, restringiendo al m\u00ednimo los reactivos o productos. Al usar los reactores Serie 4590 tambi\u00e9n se minimizan las cantidades de los productos de desecho que pueden requerir procedimientos especiales de destrucci\u00f3n. Los sistemas 4590 ya est\u00e1n disponibles en alta presi\u00f3n (5000 psi) o en versiones de alta presi\u00f3n\/alta temperatura (500\u00b0C).<\/p>\n<p>Estos reactores micro se han dise\u00f1ado para proporcionar muchas funciones de los recipientes grandes, tantas como fue posible en el limitado espacio disponible. Se proporcionan todos los accesorios de cabeza est\u00e1ndar, con enfriamiento opcional disponible con los calefactores de bloque de aluminio con capacidad de enfriamiento, chaquetas soldadas o Dedos Fr\u00edos.<\/p>\n<p><strong>Estos sistemas se ofrecen en estilos de recipientes de cabeza fija y m\u00f3vil<\/strong> con opciones de junta t\u00f3rica de auto sellado para temperaturas de hasta 225\u00b0C o Junta T\u00f3rica FKM para temperaturas hasta e 275\u00b0C o con junta plana de PTFE para temperaturas de hasta 350\u00b0C, o con junta de grafito flexible para temperaturas hasta 500\u00b0C con la opci\u00f3n de HP\/HT (s\u00f3lo para las versiones de cabeza fija). Un cierre del anillo partido es el est\u00e1ndar.<\/p>\n<p>Los tres vol\u00famenes utilizan el mismo calefactor de fibra de cer\u00e1mica.<\/p>\n<p><strong>Estos reactores micro se puede convertir f\u00e1cilmente de un tama\u00f1o a otro<\/strong> simplemente sustituyendo un cilindro m\u00e1s grande o uno m\u00e1s peque\u00f1o, los accesorios internos correspondientes. El sistema de soporte tambi\u00e9n pueden ser f\u00e1cilmente adaptados para aceptar cualquiera de los recipientes de los Reactores Mini Serie 4560. La posibilidad de modificar estos peque\u00f1os reactores est\u00e1 restringida debido al espacio limitado de la cabeza.<\/p>\n","protected":false},"excerpt":{"rendered":"<p>Estos son los reactores agitados individuales m\u00e1s peque\u00f1os de Parr. Los tama\u00f1os de recipientes m\u00e1s peque\u00f1os est\u00e1n disponibles en nuestro sistema Micro Batch Serie 2500 que incluye tres reactores en vol\u00famenes de 5 ml o 10 ml. Estos son una buena opci\u00f3n para los qu\u00edmicos que trabajan con materiales muy caros o materiales que s\u00f3lo [&hellip;]<\/p>\n","protected":false},"author":1,"featured_media":36874,"parent":47,"menu_order":8,"comment_status":"closed","ping_status":"closed","template":"product-wide-strirred-filter.php","meta":{"_acf_changed":false,"footnotes":"","_links_to":"","_links_to_target":""},"class_list":["post-118","page","type-page","status-publish","has-post-thumbnail","hentry"],"acf":[],"yoast_head":"<!-- This site is optimized with the Yoast SEO plugin v27.5 - https:\/\/yoast.com\/product\/yoast-seo-wordpress\/ -->\n<title>Reactores con Agitaci\u00f3n Micro Serie 4590 de 25-100 ml - Parr Instrument (Espa\u00f1ol)<\/title>\n<meta name=\"robots\" content=\"index, follow, max-snippet:-1, max-image-preview:large, max-video-preview:-1\" \/>\n<link rel=\"canonical\" href=\"https:\/\/www.parrinst.com\/es\/products\/stirred-reactors\/series-4590-micro-stirred-reactors\/\" \/>\n<meta property=\"og:locale\" content=\"en_US\" \/>\n<meta property=\"og:type\" content=\"article\" \/>\n<meta property=\"og:title\" content=\"Reactores con Agitaci\u00f3n Micro Serie 4590 de 25-100 ml - Parr Instrument (Espa\u00f1ol)\" \/>\n<meta property=\"og:description\" content=\"Estos son los reactores agitados individuales m\u00e1s peque\u00f1os de Parr. Los tama\u00f1os de recipientes m\u00e1s peque\u00f1os est\u00e1n disponibles en nuestro sistema Micro Batch Serie 2500 que incluye tres reactores en vol\u00famenes de 5 ml o 10 ml. Estos son una buena opci\u00f3n para los qu\u00edmicos que trabajan con materiales muy caros o materiales que s\u00f3lo [&hellip;]\" \/>\n<meta property=\"og:url\" content=\"https:\/\/www.parrinst.com\/es\/products\/stirred-reactors\/series-4590-micro-stirred-reactors\/\" \/>\n<meta property=\"og:site_name\" content=\"Parr Instrument (Espa\u00f1ol)\" \/>\n<meta property=\"article:modified_time\" content=\"2024-10-04T16:29:24+00:00\" \/>\n<meta property=\"og:image\" content=\"https:\/\/www.parrinst.com\/es\/files\/2017\/12\/parr_banner_stirred3_secondary.jpg\" \/>\n\t<meta property=\"og:image:width\" content=\"2200\" \/>\n\t<meta property=\"og:image:height\" content=\"399\" \/>\n\t<meta property=\"og:image:type\" content=\"image\/jpeg\" \/>\n<meta name=\"twitter:card\" content=\"summary_large_image\" \/>\n<meta name=\"twitter:label1\" content=\"Est. reading time\" \/>\n\t<meta name=\"twitter:data1\" content=\"2 minutes\" \/>\n<script type=\"application\/ld+json\" class=\"yoast-schema-graph\">{\"@context\":\"https:\\\/\\\/schema.org\",\"@graph\":[{\"@type\":\"WebPage\",\"@id\":\"https:\\\/\\\/www.parrinst.com\\\/es\\\/products\\\/stirred-reactors\\\/series-4590-micro-stirred-reactors\\\/\",\"url\":\"https:\\\/\\\/www.parrinst.com\\\/es\\\/products\\\/stirred-reactors\\\/series-4590-micro-stirred-reactors\\\/\",\"name\":\"Reactores con Agitaci\u00f3n Micro Serie 4590 de 25-100 ml - Parr Instrument (Espa\u00f1ol)\",\"isPartOf\":{\"@id\":\"https:\\\/\\\/www.parrinst.com\\\/es\\\/#website\"},\"primaryImageOfPage\":{\"@id\":\"https:\\\/\\\/www.parrinst.com\\\/es\\\/products\\\/stirred-reactors\\\/series-4590-micro-stirred-reactors\\\/#primaryimage\"},\"image\":{\"@id\":\"https:\\\/\\\/www.parrinst.com\\\/es\\\/products\\\/stirred-reactors\\\/series-4590-micro-stirred-reactors\\\/#primaryimage\"},\"thumbnailUrl\":\"https:\\\/\\\/i0.wp.com\\\/www.parrinst.com\\\/es\\\/wp-content\\\/uploads\\\/sites\\\/7\\\/2017\\\/12\\\/parr_banner_stirred3_secondary.jpg?fit=2200%2C399&ssl=1\",\"datePublished\":\"2011-03-10T19:13:30+00:00\",\"dateModified\":\"2024-10-04T16:29:24+00:00\",\"breadcrumb\":{\"@id\":\"https:\\\/\\\/www.parrinst.com\\\/es\\\/products\\\/stirred-reactors\\\/series-4590-micro-stirred-reactors\\\/#breadcrumb\"},\"inLanguage\":\"en-US\",\"potentialAction\":[{\"@type\":\"ReadAction\",\"target\":[\"https:\\\/\\\/www.parrinst.com\\\/es\\\/products\\\/stirred-reactors\\\/series-4590-micro-stirred-reactors\\\/\"]}]},{\"@type\":\"ImageObject\",\"inLanguage\":\"en-US\",\"@id\":\"https:\\\/\\\/www.parrinst.com\\\/es\\\/products\\\/stirred-reactors\\\/series-4590-micro-stirred-reactors\\\/#primaryimage\",\"url\":\"https:\\\/\\\/i0.wp.com\\\/www.parrinst.com\\\/es\\\/wp-content\\\/uploads\\\/sites\\\/7\\\/2017\\\/12\\\/parr_banner_stirred3_secondary.jpg?fit=2200%2C399&ssl=1\",\"contentUrl\":\"https:\\\/\\\/i0.wp.com\\\/www.parrinst.com\\\/es\\\/wp-content\\\/uploads\\\/sites\\\/7\\\/2017\\\/12\\\/parr_banner_stirred3_secondary.jpg?fit=2200%2C399&ssl=1\",\"width\":2200,\"height\":399},{\"@type\":\"BreadcrumbList\",\"@id\":\"https:\\\/\\\/www.parrinst.com\\\/es\\\/products\\\/stirred-reactors\\\/series-4590-micro-stirred-reactors\\\/#breadcrumb\",\"itemListElement\":[{\"@type\":\"ListItem\",\"position\":1,\"name\":\"Home\",\"item\":\"https:\\\/\\\/www.parrinst.com\\\/es\\\/\"},{\"@type\":\"ListItem\",\"position\":2,\"name\":\"Products\",\"item\":\"https:\\\/\\\/www.parrinst.com\\\/es\\\/products\\\/\"},{\"@type\":\"ListItem\",\"position\":3,\"name\":\"Reactores Agitados\",\"item\":\"https:\\\/\\\/www.parrinst.com\\\/es\\\/products\\\/stirred-reactors\\\/\"},{\"@type\":\"ListItem\",\"position\":4,\"name\":\"Reactores con Agitaci\u00f3n Micro Serie 4590 de 25-100 ml\"}]},{\"@type\":\"WebSite\",\"@id\":\"https:\\\/\\\/www.parrinst.com\\\/es\\\/#website\",\"url\":\"https:\\\/\\\/www.parrinst.com\\\/es\\\/\",\"name\":\"Parr Instrument (Espa\u00f1ol)\",\"description\":\"\",\"potentialAction\":[{\"@type\":\"SearchAction\",\"target\":{\"@type\":\"EntryPoint\",\"urlTemplate\":\"https:\\\/\\\/www.parrinst.com\\\/es\\\/?s={search_term_string}\"},\"query-input\":{\"@type\":\"PropertyValueSpecification\",\"valueRequired\":true,\"valueName\":\"search_term_string\"}}],\"inLanguage\":\"en-US\"}]}<\/script>\n<!-- \/ Yoast SEO plugin. -->","yoast_head_json":{"title":"Reactores con Agitaci\u00f3n Micro Serie 4590 de 25-100 ml - Parr Instrument (Espa\u00f1ol)","robots":{"index":"index","follow":"follow","max-snippet":"max-snippet:-1","max-image-preview":"max-image-preview:large","max-video-preview":"max-video-preview:-1"},"canonical":"https:\/\/www.parrinst.com\/es\/products\/stirred-reactors\/series-4590-micro-stirred-reactors\/","og_locale":"en_US","og_type":"article","og_title":"Reactores con Agitaci\u00f3n Micro Serie 4590 de 25-100 ml - Parr Instrument (Espa\u00f1ol)","og_description":"Estos son los reactores agitados individuales m\u00e1s peque\u00f1os de Parr. Los tama\u00f1os de recipientes m\u00e1s peque\u00f1os est\u00e1n disponibles en nuestro sistema Micro Batch Serie 2500 que incluye tres reactores en vol\u00famenes de 5 ml o 10 ml. Estos son una buena opci\u00f3n para los qu\u00edmicos que trabajan con materiales muy caros o materiales que s\u00f3lo [&hellip;]","og_url":"https:\/\/www.parrinst.com\/es\/products\/stirred-reactors\/series-4590-micro-stirred-reactors\/","og_site_name":"Parr Instrument (Espa\u00f1ol)","article_modified_time":"2024-10-04T16:29:24+00:00","og_image":[{"width":2200,"height":399,"url":"https:\/\/www.parrinst.com\/es\/files\/2017\/12\/parr_banner_stirred3_secondary.jpg","type":"image\/jpeg"}],"twitter_card":"summary_large_image","twitter_misc":{"Est. reading time":"2 minutes"},"schema":{"@context":"https:\/\/schema.org","@graph":[{"@type":"WebPage","@id":"https:\/\/www.parrinst.com\/es\/products\/stirred-reactors\/series-4590-micro-stirred-reactors\/","url":"https:\/\/www.parrinst.com\/es\/products\/stirred-reactors\/series-4590-micro-stirred-reactors\/","name":"Reactores con Agitaci\u00f3n Micro Serie 4590 de 25-100 ml - Parr Instrument (Espa\u00f1ol)","isPartOf":{"@id":"https:\/\/www.parrinst.com\/es\/#website"},"primaryImageOfPage":{"@id":"https:\/\/www.parrinst.com\/es\/products\/stirred-reactors\/series-4590-micro-stirred-reactors\/#primaryimage"},"image":{"@id":"https:\/\/www.parrinst.com\/es\/products\/stirred-reactors\/series-4590-micro-stirred-reactors\/#primaryimage"},"thumbnailUrl":"https:\/\/i0.wp.com\/www.parrinst.com\/es\/wp-content\/uploads\/sites\/7\/2017\/12\/parr_banner_stirred3_secondary.jpg?fit=2200%2C399&ssl=1","datePublished":"2011-03-10T19:13:30+00:00","dateModified":"2024-10-04T16:29:24+00:00","breadcrumb":{"@id":"https:\/\/www.parrinst.com\/es\/products\/stirred-reactors\/series-4590-micro-stirred-reactors\/#breadcrumb"},"inLanguage":"en-US","potentialAction":[{"@type":"ReadAction","target":["https:\/\/www.parrinst.com\/es\/products\/stirred-reactors\/series-4590-micro-stirred-reactors\/"]}]},{"@type":"ImageObject","inLanguage":"en-US","@id":"https:\/\/www.parrinst.com\/es\/products\/stirred-reactors\/series-4590-micro-stirred-reactors\/#primaryimage","url":"https:\/\/i0.wp.com\/www.parrinst.com\/es\/wp-content\/uploads\/sites\/7\/2017\/12\/parr_banner_stirred3_secondary.jpg?fit=2200%2C399&ssl=1","contentUrl":"https:\/\/i0.wp.com\/www.parrinst.com\/es\/wp-content\/uploads\/sites\/7\/2017\/12\/parr_banner_stirred3_secondary.jpg?fit=2200%2C399&ssl=1","width":2200,"height":399},{"@type":"BreadcrumbList","@id":"https:\/\/www.parrinst.com\/es\/products\/stirred-reactors\/series-4590-micro-stirred-reactors\/#breadcrumb","itemListElement":[{"@type":"ListItem","position":1,"name":"Home","item":"https:\/\/www.parrinst.com\/es\/"},{"@type":"ListItem","position":2,"name":"Products","item":"https:\/\/www.parrinst.com\/es\/products\/"},{"@type":"ListItem","position":3,"name":"Reactores Agitados","item":"https:\/\/www.parrinst.com\/es\/products\/stirred-reactors\/"},{"@type":"ListItem","position":4,"name":"Reactores con Agitaci\u00f3n Micro Serie 4590 de 25-100 ml"}]},{"@type":"WebSite","@id":"https:\/\/www.parrinst.com\/es\/#website","url":"https:\/\/www.parrinst.com\/es\/","name":"Parr Instrument (Espa\u00f1ol)","description":"","potentialAction":[{"@type":"SearchAction","target":{"@type":"EntryPoint","urlTemplate":"https:\/\/www.parrinst.com\/es\/?s={search_term_string}"},"query-input":{"@type":"PropertyValueSpecification","valueRequired":true,"valueName":"search_term_string"}}],"inLanguage":"en-US"}]}},"jetpack_sharing_enabled":true,"_links":{"self":[{"href":"https:\/\/www.parrinst.com\/es\/wp-json\/wp\/v2\/pages\/118","targetHints":{"allow":["GET"]}}],"collection":[{"href":"https:\/\/www.parrinst.com\/es\/wp-json\/wp\/v2\/pages"}],"about":[{"href":"https:\/\/www.parrinst.com\/es\/wp-json\/wp\/v2\/types\/page"}],"author":[{"embeddable":true,"href":"https:\/\/www.parrinst.com\/es\/wp-json\/wp\/v2\/users\/1"}],"replies":[{"embeddable":true,"href":"https:\/\/www.parrinst.com\/es\/wp-json\/wp\/v2\/comments?post=118"}],"version-history":[{"count":8,"href":"https:\/\/www.parrinst.com\/es\/wp-json\/wp\/v2\/pages\/118\/revisions"}],"predecessor-version":[{"id":40916,"href":"https:\/\/www.parrinst.com\/es\/wp-json\/wp\/v2\/pages\/118\/revisions\/40916"}],"up":[{"embeddable":true,"href":"https:\/\/www.parrinst.com\/es\/wp-json\/wp\/v2\/pages\/47"}],"wp:featuredmedia":[{"embeddable":true,"href":"https:\/\/www.parrinst.com\/es\/wp-json\/wp\/v2\/media\/36874"}],"wp:attachment":[{"href":"https:\/\/www.parrinst.com\/es\/wp-json\/wp\/v2\/media?parent=118"}],"curies":[{"name":"wp","href":"https:\/\/api.w.org\/{rel}","templated":true}]}}