{"id":12084,"date":"2015-06-01T10:37:49","date_gmt":"2015-06-01T15:37:49","guid":{"rendered":"https:\/\/www.parrinst.com\/es\/?page_id=12084"},"modified":"2018-02-06T14:02:40","modified_gmt":"2018-02-06T20:02:40","slug":"6050-compensated-jacket-calorimeter","status":"publish","type":"page","link":"https:\/\/www.parrinst.com\/es\/products\/oxygen-bomb-calorimeters\/6050-compensated-jacket-calorimeter\/","title":{"rendered":"Calor\u00edmetro de Chaqueta Compensada 6050"},"content":{"rendered":"\n\t\t\t<div id='12084-1' class='gallery gallery-12084 gallery-columns-3 gallery-size-medium' itemscope itemtype='http:\/\/schema.org\/ImageGallery'>\n\t\t\t\t<div class='gallery-row gallery-col-3 gallery-clear'>\n\t\t\t\t\t<figure class='gallery-item col-3' itemprop='associatedMedia' itemscope itemtype='http:\/\/schema.org\/ImageObject'>\n\t\t\t\t\t\t<div class='gallery-icon portrait'><a href=\"https:\/\/i0.wp.com\/www.parrinst.com\/es\/wp-content\/uploads\/sites\/7\/2018\/02\/6050-Calorimeter-with-vesselbucket_no-background.jpg?ssl=1\" itemprop=\"contentURL\"><img loading=\"lazy\" decoding=\"async\" width=\"214\" height=\"300\" src=\"https:\/\/i0.wp.com\/www.parrinst.com\/es\/wp-content\/uploads\/sites\/7\/2018\/02\/6050-Calorimeter-with-vesselbucket_no-background.jpg?fit=214%2C300&amp;ssl=1\" class=\"attachment-medium size-medium\" alt=\"\" srcset=\"https:\/\/i0.wp.com\/www.parrinst.com\/es\/wp-content\/uploads\/sites\/7\/2018\/02\/6050-Calorimeter-with-vesselbucket_no-background.jpg?w=1500&amp;ssl=1 1500w, https:\/\/i0.wp.com\/www.parrinst.com\/es\/wp-content\/uploads\/sites\/7\/2018\/02\/6050-Calorimeter-with-vesselbucket_no-background.jpg?resize=107%2C150&amp;ssl=1 107w, https:\/\/i0.wp.com\/www.parrinst.com\/es\/wp-content\/uploads\/sites\/7\/2018\/02\/6050-Calorimeter-with-vesselbucket_no-background.jpg?resize=214%2C300&amp;ssl=1 214w, https:\/\/i0.wp.com\/www.parrinst.com\/es\/wp-content\/uploads\/sites\/7\/2018\/02\/6050-Calorimeter-with-vesselbucket_no-background.jpg?resize=731%2C1024&amp;ssl=1 731w, https:\/\/i0.wp.com\/www.parrinst.com\/es\/wp-content\/uploads\/sites\/7\/2018\/02\/6050-Calorimeter-with-vesselbucket_no-background.jpg?w=1280&amp;ssl=1 1280w\" sizes=\"auto, (max-width: 214px) 100vw, 214px\" itemprop=\"thumbnail\" \/><\/a><\/div>\n\t\t\t\t\t<\/figure>\n\t\t\t\t\t<figure class='gallery-item col-3' itemprop='associatedMedia' itemscope itemtype='http:\/\/schema.org\/ImageObject'>\n\t\t\t\t\t\t<div class='gallery-icon portrait'><a href=\"https:\/\/i0.wp.com\/www.parrinst.com\/es\/wp-content\/uploads\/sites\/7\/2015\/06\/6050_bombPI2_6549.jpg?ssl=1\" itemprop=\"contentURL\"><img loading=\"lazy\" decoding=\"async\" width=\"214\" height=\"300\" src=\"https:\/\/i0.wp.com\/www.parrinst.com\/es\/wp-content\/uploads\/sites\/7\/2015\/06\/6050_bombPI2_6549.jpg?fit=214%2C300&amp;ssl=1\" class=\"attachment-medium size-medium\" alt=\"\" srcset=\"https:\/\/i0.wp.com\/www.parrinst.com\/es\/wp-content\/uploads\/sites\/7\/2015\/06\/6050_bombPI2_6549.jpg?w=600&amp;ssl=1 600w, https:\/\/i0.wp.com\/www.parrinst.com\/es\/wp-content\/uploads\/sites\/7\/2015\/06\/6050_bombPI2_6549.jpg?resize=107%2C150&amp;ssl=1 107w, https:\/\/i0.wp.com\/www.parrinst.com\/es\/wp-content\/uploads\/sites\/7\/2015\/06\/6050_bombPI2_6549.jpg?resize=214%2C300&amp;ssl=1 214w\" sizes=\"auto, (max-width: 214px) 100vw, 214px\" itemprop=\"thumbnail\" \/><\/a><\/div>\n\t\t\t\t\t<\/figure>\n\t\t\t\t\t<figure class='gallery-item col-3' itemprop='associatedMedia' itemscope itemtype='http:\/\/schema.org\/ImageObject'>\n\t\t\t\t\t\t<div class='gallery-icon portrait'><a href=\"https:\/\/i0.wp.com\/www.parrinst.com\/es\/wp-content\/uploads\/sites\/7\/2015\/06\/6050_inside-lookPI2_6535.jpg?ssl=1\" itemprop=\"contentURL\"><img loading=\"lazy\" decoding=\"async\" width=\"214\" height=\"300\" src=\"https:\/\/i0.wp.com\/www.parrinst.com\/es\/wp-content\/uploads\/sites\/7\/2015\/06\/6050_inside-lookPI2_6535.jpg?fit=214%2C300&amp;ssl=1\" class=\"attachment-medium size-medium\" alt=\"\" srcset=\"https:\/\/i0.wp.com\/www.parrinst.com\/es\/wp-content\/uploads\/sites\/7\/2015\/06\/6050_inside-lookPI2_6535.jpg?w=600&amp;ssl=1 600w, https:\/\/i0.wp.com\/www.parrinst.com\/es\/wp-content\/uploads\/sites\/7\/2015\/06\/6050_inside-lookPI2_6535.jpg?resize=107%2C150&amp;ssl=1 107w, https:\/\/i0.wp.com\/www.parrinst.com\/es\/wp-content\/uploads\/sites\/7\/2015\/06\/6050_inside-lookPI2_6535.jpg?resize=214%2C300&amp;ssl=1 214w\" sizes=\"auto, (max-width: 214px) 100vw, 214px\" itemprop=\"thumbnail\" \/><\/a><\/div>\n\t\t\t\t\t<\/figure>\n\t\t\t\t<\/div>\n\t\t\t<\/div><!-- .gallery -->\n\n<p><strong>El nuevo calor\u00edmetro de chaqueta compensada modelo 6050 es el primero dise\u00f1ado por Parr para ser controlado por una computadora personal.<\/strong> El Calor\u00edmetro de chaqueta est\u00e1tica 6050 es compacto y opera a temperatura ambiente.<\/p>\n<p>El Calor\u00edmetro 6050 ha sido dise\u00f1ado para ofrecerle al usuario:<\/p>\n<ul>\n<li>Un calor\u00edmetro con dise\u00f1o tradicional, con su bomba de ox\u00edgeno y cubeta removibles<\/li>\n<li>Un calor\u00edmetro de precio moderado que utiliza mediciones de temperatura en tiempo real para determinar fugas de calor sin utilizar un calor\u00edmetro de chaqueta controlada.<\/li>\n<li>Un calor\u00edmetro completamente avanzado que no requiere recirculaci\u00f3n de agua.<\/li>\n<li>Un calor\u00edmetro compacto que requiere muy poco espacio en el laboratorio.<\/li>\n<li>Conexiones modernas a la PC mediante conexi\u00f3n USB.<\/li>\n<\/ul>\n<p>El calor\u00edmetro Parr 6050 toma ventaja del m\u00e9todo de correcciones continuas en tiempo real desarrollado por Parr. La temperatura de la chaqueta es monitoreada de forma continua y se aplican correcciones por fugas de temperatura en base a las diferencias de temperatura entre la cubeta y la temperatura actual de la chaqueta.<\/p>\n<h3><strong>Las caracter\u00edsticas del Nuevo Calor\u00edmetro 6050 incluyen: <\/strong><\/h3>\n<ul>\n<li>\n<figure id=\"attachment_12088\" aria-describedby=\"caption-attachment-12088\" style=\"width: 300px\" class=\"wp-caption alignright\"><a href=\"https:\/\/i0.wp.com\/www.parrinst.com\/es\/wp-content\/uploads\/sites\/7\/2015\/06\/6050-Main-Screenshot.jpg?ssl=1\"><img data-recalc-dims=\"1\" loading=\"lazy\" decoding=\"async\" class=\"wp-image-12088 size-medium\" src=\"https:\/\/i0.wp.com\/www.parrinst.com\/es\/wp-content\/uploads\/sites\/7\/2015\/06\/6050-Main-Screenshot.jpg?resize=300%2C213&#038;ssl=1\" alt=\"Pantalla de muestreo desde una computadora port\u00e1til corriendo el Software del Calor\u00edmetro Parr 6050\" width=\"300\" height=\"213\" srcset=\"https:\/\/i0.wp.com\/www.parrinst.com\/es\/wp-content\/uploads\/sites\/7\/2015\/06\/6050-Main-Screenshot.jpg?resize=300%2C213&amp;ssl=1 300w, https:\/\/i0.wp.com\/www.parrinst.com\/es\/wp-content\/uploads\/sites\/7\/2015\/06\/6050-Main-Screenshot.jpg?resize=211%2C150&amp;ssl=1 211w, https:\/\/i0.wp.com\/www.parrinst.com\/es\/wp-content\/uploads\/sites\/7\/2015\/06\/6050-Main-Screenshot.jpg?w=800&amp;ssl=1 800w\" sizes=\"auto, (max-width: 300px) 100vw, 300px\" \/><\/a><figcaption id=\"caption-attachment-12088\" class=\"wp-caption-text\">Pantalla de muestreo desde una computadora port\u00e1til corriendo el Software del Calor\u00edmetro Parr 6050<\/figcaption><\/figure>\n<p>Control desde la PC: El 6050 se conecta directamente a Windows mediante un cable standard USB. Todas las funciones y pruebas tienen acceso mediante un simple click de mouse utilizando el Paquete de Softwares del 6050 de Parr, instalado en la computadora personal.<\/li>\n<li>Llenado autom\u00e1tico de oxigeno: el 6050 llena la bomba de combusti\u00f3n con la suficiente cantidad de ox\u00edgeno para cada prueba de forma autom\u00e1tica \u2013 removiendo un paso de la rutina est\u00e1ndar de preparaci\u00f3n de la bomba de combusti\u00f3n.<\/li>\n<li>Opera a temperatura ambiente<\/li>\n<li>El tiempo por prueba es de 8 minutos en el Modo Din\u00e1mico y 12 minutos en el modo de Equilibrio<\/li>\n<li>La energ\u00eda m\u00e1xima arrojada es de 1000 calor\u00edas por prueba<\/li>\n<li>Interface a computadora mediante puerto USB<\/li>\n<\/ul>\n","protected":false},"excerpt":{"rendered":"<p>El nuevo calor\u00edmetro de chaqueta compensada modelo 6050 es el primero dise\u00f1ado por Parr para ser controlado por una computadora personal. El Calor\u00edmetro de chaqueta est\u00e1tica 6050 es compacto y opera a temperatura ambiente. El Calor\u00edmetro 6050 ha sido dise\u00f1ado para ofrecerle al usuario: Un calor\u00edmetro con dise\u00f1o tradicional, con su bomba de ox\u00edgeno y [&hellip;]<\/p>\n","protected":false},"author":12,"featured_media":37726,"parent":83,"menu_order":35,"comment_status":"closed","ping_status":"closed","template":"product-wide.php","meta":{"_acf_changed":false,"footnotes":"","_links_to":"","_links_to_target":""},"class_list":["post-12084","page","type-page","status-publish","has-post-thumbnail","hentry"],"acf":[],"yoast_head":"<!-- This site is optimized with the Yoast SEO plugin v27.5 - https:\/\/yoast.com\/product\/yoast-seo-wordpress\/ -->\n<title>Calor\u00edmetro de Chaqueta Compensada 6050 - Parr Instrument (Espa\u00f1ol)<\/title>\n<meta name=\"robots\" content=\"index, follow, max-snippet:-1, max-image-preview:large, max-video-preview:-1\" \/>\n<link rel=\"canonical\" href=\"https:\/\/www.parrinst.com\/es\/products\/oxygen-bomb-calorimeters\/6050-compensated-jacket-calorimeter\/\" \/>\n<meta property=\"og:locale\" content=\"en_US\" \/>\n<meta property=\"og:type\" content=\"article\" \/>\n<meta property=\"og:title\" content=\"Calor\u00edmetro de Chaqueta Compensada 6050 - Parr Instrument (Espa\u00f1ol)\" \/>\n<meta property=\"og:description\" content=\"El nuevo calor\u00edmetro de chaqueta compensada modelo 6050 es el primero dise\u00f1ado por Parr para ser controlado por una computadora personal. El Calor\u00edmetro de chaqueta est\u00e1tica 6050 es compacto y opera a temperatura ambiente. El Calor\u00edmetro 6050 ha sido dise\u00f1ado para ofrecerle al usuario: Un calor\u00edmetro con dise\u00f1o tradicional, con su bomba de ox\u00edgeno y [&hellip;]\" \/>\n<meta property=\"og:url\" content=\"https:\/\/www.parrinst.com\/es\/products\/oxygen-bomb-calorimeters\/6050-compensated-jacket-calorimeter\/\" \/>\n<meta property=\"og:site_name\" content=\"Parr Instrument (Espa\u00f1ol)\" \/>\n<meta property=\"article:modified_time\" content=\"2018-02-06T20:02:40+00:00\" \/>\n<meta property=\"og:image\" content=\"https:\/\/www.parrinst.com\/es\/files\/2018\/01\/parr_banner_calorimeter_secondary-3.jpg\" \/>\n\t<meta property=\"og:image:width\" content=\"2200\" \/>\n\t<meta property=\"og:image:height\" content=\"399\" \/>\n\t<meta property=\"og:image:type\" content=\"image\/jpeg\" \/>\n<meta name=\"twitter:card\" content=\"summary_large_image\" \/>\n<meta name=\"twitter:label1\" content=\"Est. reading time\" \/>\n\t<meta name=\"twitter:data1\" content=\"2 minutes\" \/>\n<script type=\"application\/ld+json\" class=\"yoast-schema-graph\">{\"@context\":\"https:\\\/\\\/schema.org\",\"@graph\":[{\"@type\":\"WebPage\",\"@id\":\"https:\\\/\\\/www.parrinst.com\\\/es\\\/products\\\/oxygen-bomb-calorimeters\\\/6050-compensated-jacket-calorimeter\\\/\",\"url\":\"https:\\\/\\\/www.parrinst.com\\\/es\\\/products\\\/oxygen-bomb-calorimeters\\\/6050-compensated-jacket-calorimeter\\\/\",\"name\":\"Calor\u00edmetro de Chaqueta Compensada 6050 - Parr Instrument (Espa\u00f1ol)\",\"isPartOf\":{\"@id\":\"https:\\\/\\\/www.parrinst.com\\\/es\\\/#website\"},\"primaryImageOfPage\":{\"@id\":\"https:\\\/\\\/www.parrinst.com\\\/es\\\/products\\\/oxygen-bomb-calorimeters\\\/6050-compensated-jacket-calorimeter\\\/#primaryimage\"},\"image\":{\"@id\":\"https:\\\/\\\/www.parrinst.com\\\/es\\\/products\\\/oxygen-bomb-calorimeters\\\/6050-compensated-jacket-calorimeter\\\/#primaryimage\"},\"thumbnailUrl\":\"https:\\\/\\\/i0.wp.com\\\/www.parrinst.com\\\/es\\\/wp-content\\\/uploads\\\/sites\\\/7\\\/2018\\\/01\\\/parr_banner_calorimeter_secondary-3.jpg?fit=2200%2C399&ssl=1\",\"datePublished\":\"2015-06-01T15:37:49+00:00\",\"dateModified\":\"2018-02-06T20:02:40+00:00\",\"breadcrumb\":{\"@id\":\"https:\\\/\\\/www.parrinst.com\\\/es\\\/products\\\/oxygen-bomb-calorimeters\\\/6050-compensated-jacket-calorimeter\\\/#breadcrumb\"},\"inLanguage\":\"en-US\",\"potentialAction\":[{\"@type\":\"ReadAction\",\"target\":[\"https:\\\/\\\/www.parrinst.com\\\/es\\\/products\\\/oxygen-bomb-calorimeters\\\/6050-compensated-jacket-calorimeter\\\/\"]}]},{\"@type\":\"ImageObject\",\"inLanguage\":\"en-US\",\"@id\":\"https:\\\/\\\/www.parrinst.com\\\/es\\\/products\\\/oxygen-bomb-calorimeters\\\/6050-compensated-jacket-calorimeter\\\/#primaryimage\",\"url\":\"https:\\\/\\\/i0.wp.com\\\/www.parrinst.com\\\/es\\\/wp-content\\\/uploads\\\/sites\\\/7\\\/2018\\\/01\\\/parr_banner_calorimeter_secondary-3.jpg?fit=2200%2C399&ssl=1\",\"contentUrl\":\"https:\\\/\\\/i0.wp.com\\\/www.parrinst.com\\\/es\\\/wp-content\\\/uploads\\\/sites\\\/7\\\/2018\\\/01\\\/parr_banner_calorimeter_secondary-3.jpg?fit=2200%2C399&ssl=1\",\"width\":2200,\"height\":399},{\"@type\":\"BreadcrumbList\",\"@id\":\"https:\\\/\\\/www.parrinst.com\\\/es\\\/products\\\/oxygen-bomb-calorimeters\\\/6050-compensated-jacket-calorimeter\\\/#breadcrumb\",\"itemListElement\":[{\"@type\":\"ListItem\",\"position\":1,\"name\":\"Home\",\"item\":\"https:\\\/\\\/www.parrinst.com\\\/es\\\/\"},{\"@type\":\"ListItem\",\"position\":2,\"name\":\"Products\",\"item\":\"https:\\\/\\\/www.parrinst.com\\\/es\\\/products\\\/\"},{\"@type\":\"ListItem\",\"position\":3,\"name\":\"Calor\u00edmetros de Bomba de Ox\u00edgeno\",\"item\":\"https:\\\/\\\/www.parrinst.com\\\/es\\\/products\\\/oxygen-bomb-calorimeters\\\/\"},{\"@type\":\"ListItem\",\"position\":4,\"name\":\"Calor\u00edmetro de Chaqueta Compensada 6050\"}]},{\"@type\":\"WebSite\",\"@id\":\"https:\\\/\\\/www.parrinst.com\\\/es\\\/#website\",\"url\":\"https:\\\/\\\/www.parrinst.com\\\/es\\\/\",\"name\":\"Parr Instrument (Espa\u00f1ol)\",\"description\":\"\",\"potentialAction\":[{\"@type\":\"SearchAction\",\"target\":{\"@type\":\"EntryPoint\",\"urlTemplate\":\"https:\\\/\\\/www.parrinst.com\\\/es\\\/?s={search_term_string}\"},\"query-input\":{\"@type\":\"PropertyValueSpecification\",\"valueRequired\":true,\"valueName\":\"search_term_string\"}}],\"inLanguage\":\"en-US\"}]}<\/script>\n<!-- \/ Yoast SEO plugin. -->","yoast_head_json":{"title":"Calor\u00edmetro de Chaqueta Compensada 6050 - Parr Instrument (Espa\u00f1ol)","robots":{"index":"index","follow":"follow","max-snippet":"max-snippet:-1","max-image-preview":"max-image-preview:large","max-video-preview":"max-video-preview:-1"},"canonical":"https:\/\/www.parrinst.com\/es\/products\/oxygen-bomb-calorimeters\/6050-compensated-jacket-calorimeter\/","og_locale":"en_US","og_type":"article","og_title":"Calor\u00edmetro de Chaqueta Compensada 6050 - Parr Instrument (Espa\u00f1ol)","og_description":"El nuevo calor\u00edmetro de chaqueta compensada modelo 6050 es el primero dise\u00f1ado por Parr para ser controlado por una computadora personal. El Calor\u00edmetro de chaqueta est\u00e1tica 6050 es compacto y opera a temperatura ambiente. El Calor\u00edmetro 6050 ha sido dise\u00f1ado para ofrecerle al usuario: Un calor\u00edmetro con dise\u00f1o tradicional, con su bomba de ox\u00edgeno y [&hellip;]","og_url":"https:\/\/www.parrinst.com\/es\/products\/oxygen-bomb-calorimeters\/6050-compensated-jacket-calorimeter\/","og_site_name":"Parr Instrument (Espa\u00f1ol)","article_modified_time":"2018-02-06T20:02:40+00:00","og_image":[{"width":2200,"height":399,"url":"https:\/\/www.parrinst.com\/es\/files\/2018\/01\/parr_banner_calorimeter_secondary-3.jpg","type":"image\/jpeg"}],"twitter_card":"summary_large_image","twitter_misc":{"Est. reading time":"2 minutes"},"schema":{"@context":"https:\/\/schema.org","@graph":[{"@type":"WebPage","@id":"https:\/\/www.parrinst.com\/es\/products\/oxygen-bomb-calorimeters\/6050-compensated-jacket-calorimeter\/","url":"https:\/\/www.parrinst.com\/es\/products\/oxygen-bomb-calorimeters\/6050-compensated-jacket-calorimeter\/","name":"Calor\u00edmetro de Chaqueta Compensada 6050 - Parr Instrument (Espa\u00f1ol)","isPartOf":{"@id":"https:\/\/www.parrinst.com\/es\/#website"},"primaryImageOfPage":{"@id":"https:\/\/www.parrinst.com\/es\/products\/oxygen-bomb-calorimeters\/6050-compensated-jacket-calorimeter\/#primaryimage"},"image":{"@id":"https:\/\/www.parrinst.com\/es\/products\/oxygen-bomb-calorimeters\/6050-compensated-jacket-calorimeter\/#primaryimage"},"thumbnailUrl":"https:\/\/i0.wp.com\/www.parrinst.com\/es\/wp-content\/uploads\/sites\/7\/2018\/01\/parr_banner_calorimeter_secondary-3.jpg?fit=2200%2C399&ssl=1","datePublished":"2015-06-01T15:37:49+00:00","dateModified":"2018-02-06T20:02:40+00:00","breadcrumb":{"@id":"https:\/\/www.parrinst.com\/es\/products\/oxygen-bomb-calorimeters\/6050-compensated-jacket-calorimeter\/#breadcrumb"},"inLanguage":"en-US","potentialAction":[{"@type":"ReadAction","target":["https:\/\/www.parrinst.com\/es\/products\/oxygen-bomb-calorimeters\/6050-compensated-jacket-calorimeter\/"]}]},{"@type":"ImageObject","inLanguage":"en-US","@id":"https:\/\/www.parrinst.com\/es\/products\/oxygen-bomb-calorimeters\/6050-compensated-jacket-calorimeter\/#primaryimage","url":"https:\/\/i0.wp.com\/www.parrinst.com\/es\/wp-content\/uploads\/sites\/7\/2018\/01\/parr_banner_calorimeter_secondary-3.jpg?fit=2200%2C399&ssl=1","contentUrl":"https:\/\/i0.wp.com\/www.parrinst.com\/es\/wp-content\/uploads\/sites\/7\/2018\/01\/parr_banner_calorimeter_secondary-3.jpg?fit=2200%2C399&ssl=1","width":2200,"height":399},{"@type":"BreadcrumbList","@id":"https:\/\/www.parrinst.com\/es\/products\/oxygen-bomb-calorimeters\/6050-compensated-jacket-calorimeter\/#breadcrumb","itemListElement":[{"@type":"ListItem","position":1,"name":"Home","item":"https:\/\/www.parrinst.com\/es\/"},{"@type":"ListItem","position":2,"name":"Products","item":"https:\/\/www.parrinst.com\/es\/products\/"},{"@type":"ListItem","position":3,"name":"Calor\u00edmetros de Bomba de Ox\u00edgeno","item":"https:\/\/www.parrinst.com\/es\/products\/oxygen-bomb-calorimeters\/"},{"@type":"ListItem","position":4,"name":"Calor\u00edmetro de Chaqueta Compensada 6050"}]},{"@type":"WebSite","@id":"https:\/\/www.parrinst.com\/es\/#website","url":"https:\/\/www.parrinst.com\/es\/","name":"Parr Instrument (Espa\u00f1ol)","description":"","potentialAction":[{"@type":"SearchAction","target":{"@type":"EntryPoint","urlTemplate":"https:\/\/www.parrinst.com\/es\/?s={search_term_string}"},"query-input":{"@type":"PropertyValueSpecification","valueRequired":true,"valueName":"search_term_string"}}],"inLanguage":"en-US"}]}},"jetpack_sharing_enabled":true,"_links":{"self":[{"href":"https:\/\/www.parrinst.com\/es\/wp-json\/wp\/v2\/pages\/12084","targetHints":{"allow":["GET"]}}],"collection":[{"href":"https:\/\/www.parrinst.com\/es\/wp-json\/wp\/v2\/pages"}],"about":[{"href":"https:\/\/www.parrinst.com\/es\/wp-json\/wp\/v2\/types\/page"}],"author":[{"embeddable":true,"href":"https:\/\/www.parrinst.com\/es\/wp-json\/wp\/v2\/users\/12"}],"replies":[{"embeddable":true,"href":"https:\/\/www.parrinst.com\/es\/wp-json\/wp\/v2\/comments?post=12084"}],"version-history":[{"count":2,"href":"https:\/\/www.parrinst.com\/es\/wp-json\/wp\/v2\/pages\/12084\/revisions"}],"predecessor-version":[{"id":37951,"href":"https:\/\/www.parrinst.com\/es\/wp-json\/wp\/v2\/pages\/12084\/revisions\/37951"}],"up":[{"embeddable":true,"href":"https:\/\/www.parrinst.com\/es\/wp-json\/wp\/v2\/pages\/83"}],"wp:featuredmedia":[{"embeddable":true,"href":"https:\/\/www.parrinst.com\/es\/wp-json\/wp\/v2\/media\/37726"}],"wp:attachment":[{"href":"https:\/\/www.parrinst.com\/es\/wp-json\/wp\/v2\/media?parent=12084"}],"curies":[{"name":"wp","href":"https:\/\/api.w.org\/{rel}","templated":true}]}}