{"id":12094,"date":"2015-06-01T10:43:51","date_gmt":"2015-06-01T15:43:51","guid":{"rendered":"https:\/\/www.parrinst.com\/es\/?page_id=12094"},"modified":"2018-03-05T14:48:02","modified_gmt":"2018-03-05T20:48:02","slug":"accessories","status":"publish","type":"page","link":"https:\/\/www.parrinst.com\/es\/products\/oxygen-bomb-calorimeters\/6050-compensated-jacket-calorimeter\/accessories\/","title":{"rendered":"Accesorios"},"content":{"rendered":"<h2>Sistema Expandido<\/h2>\n<p>El Sistema Expandido 6052 incluye los siguientes componentes:<\/p>\n<table class=\"GeneralTable\">\n<tbody>\n<tr class=\"GeneralTable-DarkBlue\">\n<td colspan=\"2\">Componentes del Sistema Expandido<\/td>\n<\/tr>\n<tr>\n<td width=\"25%\"><strong>Modelo\/N\u00b0 Parte<\/strong><\/td>\n<td><strong>Descripci\u00f3n<\/strong><\/td>\n<\/tr>\n<tr class=\"GeneralTable-LightBlue\">\n<td>6050<\/td>\n<td>Calor\u00edmetro de chaqueta compensada<\/td>\n<\/tr>\n<tr>\n<td>1110<\/td>\n<td>Recipientes de Ox\u00edgeno extra<\/td>\n<\/tr>\n<tr class=\"GeneralTable-LightBlue\">\n<td>A1559DD<\/td>\n<td>Cubeta extra<\/td>\n<\/tr>\n<tr>\n<td>6059B<\/td>\n<td>Kit de 1 A\u00f1o de Servicio<\/td>\n<\/tr>\n<tr>\n<td colspan=\"2\"><\/td>\n<\/tr>\n<tr class=\"GeneralTable-DarkBlue\">\n<td colspan=\"2\">Otros Accesorios Disponibles<\/td>\n<\/tr>\n<tr>\n<td>1110<\/td>\n<td>Recipientes de Ox\u00edgeno, extra<\/td>\n<\/tr>\n<tr class=\"GeneralTable-LightBlue\">\n<td>1110CC<\/td>\n<td>Ox\u00edgeno Recipientes de combusti\u00f3n para el Servicio de azufre , extra<\/td>\n<\/tr>\n<tr>\n<td>1110CL<\/td>\n<td>Recipientes de Combusti\u00f3n de Ox\u00edgeno para Servicio de Cloro, extra<\/td>\n<\/tr>\n<tr class=\"GeneralTable-LightBlue\">\n<td>A1559DD<\/td>\n<td>Cubeta extra<\/td>\n<\/tr>\n<tr>\n<td>6059B<\/td>\n<td>Kit de Piezas de Repuesto<\/td>\n<\/tr>\n<tr class=\"GeneralTable-LightBlue\">\n<td>A1570DD4<\/td>\n<td>Gas Collection Assembly Kit<\/td>\n<\/tr>\n<tr>\n<td>2811<\/td>\n<td>Prensa para Comprimidos with 1\/2 in Punch &amp; Die<\/td>\n<\/tr>\n<\/tbody>\n<\/table>\n<p>&nbsp;<\/p>\n","protected":false},"excerpt":{"rendered":"<p>Sistema Expandido El Sistema Expandido 6052 incluye los siguientes componentes: Componentes del Sistema Expandido Modelo\/N\u00b0 Parte Descripci\u00f3n 6050 Calor\u00edmetro de chaqueta compensada 1110 Recipientes de Ox\u00edgeno extra A1559DD Cubeta extra 6059B Kit de 1 A\u00f1o de Servicio Otros Accesorios Disponibles 1110 Recipientes de Ox\u00edgeno, extra 1110CC Ox\u00edgeno Recipientes de combusti\u00f3n para el Servicio de azufre [&hellip;]<\/p>\n","protected":false},"author":12,"featured_media":37726,"parent":12084,"menu_order":3,"comment_status":"closed","ping_status":"closed","template":"product-narrow.php","meta":{"_acf_changed":false,"footnotes":"","_links_to":"","_links_to_target":""},"class_list":["post-12094","page","type-page","status-publish","has-post-thumbnail","hentry"],"acf":[],"yoast_head":"<!-- This site is optimized with the Yoast SEO plugin v27.5 - https:\/\/yoast.com\/product\/yoast-seo-wordpress\/ -->\n<title>Accesorios - Parr Instrument (Espa\u00f1ol)<\/title>\n<meta name=\"robots\" content=\"index, follow, max-snippet:-1, max-image-preview:large, max-video-preview:-1\" \/>\n<link rel=\"canonical\" href=\"https:\/\/www.parrinst.com\/es\/products\/oxygen-bomb-calorimeters\/6050-compensated-jacket-calorimeter\/accessories\/\" \/>\n<meta property=\"og:locale\" content=\"en_US\" \/>\n<meta property=\"og:type\" content=\"article\" \/>\n<meta property=\"og:title\" content=\"Accesorios - Parr Instrument (Espa\u00f1ol)\" \/>\n<meta property=\"og:description\" content=\"Sistema Expandido El Sistema Expandido 6052 incluye los siguientes componentes: Componentes del Sistema Expandido Modelo\/N\u00b0 Parte Descripci\u00f3n 6050 Calor\u00edmetro de chaqueta compensada 1110 Recipientes de Ox\u00edgeno extra A1559DD Cubeta extra 6059B Kit de 1 A\u00f1o de Servicio Otros Accesorios Disponibles 1110 Recipientes de Ox\u00edgeno, extra 1110CC Ox\u00edgeno Recipientes de combusti\u00f3n para el Servicio de azufre [&hellip;]\" \/>\n<meta property=\"og:url\" content=\"https:\/\/www.parrinst.com\/es\/products\/oxygen-bomb-calorimeters\/6050-compensated-jacket-calorimeter\/accessories\/\" \/>\n<meta property=\"og:site_name\" content=\"Parr Instrument (Espa\u00f1ol)\" \/>\n<meta property=\"article:modified_time\" content=\"2018-03-05T20:48:02+00:00\" \/>\n<meta property=\"og:image\" content=\"https:\/\/www.parrinst.com\/es\/files\/2018\/01\/parr_banner_calorimeter_secondary-3.jpg\" \/>\n\t<meta property=\"og:image:width\" content=\"2200\" \/>\n\t<meta property=\"og:image:height\" content=\"399\" \/>\n\t<meta property=\"og:image:type\" content=\"image\/jpeg\" \/>\n<meta name=\"twitter:card\" content=\"summary_large_image\" \/>\n<script type=\"application\/ld+json\" class=\"yoast-schema-graph\">{\"@context\":\"https:\\\/\\\/schema.org\",\"@graph\":[{\"@type\":\"WebPage\",\"@id\":\"https:\\\/\\\/www.parrinst.com\\\/es\\\/products\\\/oxygen-bomb-calorimeters\\\/6050-compensated-jacket-calorimeter\\\/accessories\\\/\",\"url\":\"https:\\\/\\\/www.parrinst.com\\\/es\\\/products\\\/oxygen-bomb-calorimeters\\\/6050-compensated-jacket-calorimeter\\\/accessories\\\/\",\"name\":\"Accesorios - Parr Instrument (Espa\u00f1ol)\",\"isPartOf\":{\"@id\":\"https:\\\/\\\/www.parrinst.com\\\/es\\\/#website\"},\"primaryImageOfPage\":{\"@id\":\"https:\\\/\\\/www.parrinst.com\\\/es\\\/products\\\/oxygen-bomb-calorimeters\\\/6050-compensated-jacket-calorimeter\\\/accessories\\\/#primaryimage\"},\"image\":{\"@id\":\"https:\\\/\\\/www.parrinst.com\\\/es\\\/products\\\/oxygen-bomb-calorimeters\\\/6050-compensated-jacket-calorimeter\\\/accessories\\\/#primaryimage\"},\"thumbnailUrl\":\"https:\\\/\\\/i0.wp.com\\\/www.parrinst.com\\\/es\\\/wp-content\\\/uploads\\\/sites\\\/7\\\/2018\\\/01\\\/parr_banner_calorimeter_secondary-3.jpg?fit=2200%2C399&ssl=1\",\"datePublished\":\"2015-06-01T15:43:51+00:00\",\"dateModified\":\"2018-03-05T20:48:02+00:00\",\"breadcrumb\":{\"@id\":\"https:\\\/\\\/www.parrinst.com\\\/es\\\/products\\\/oxygen-bomb-calorimeters\\\/6050-compensated-jacket-calorimeter\\\/accessories\\\/#breadcrumb\"},\"inLanguage\":\"en-US\",\"potentialAction\":[{\"@type\":\"ReadAction\",\"target\":[\"https:\\\/\\\/www.parrinst.com\\\/es\\\/products\\\/oxygen-bomb-calorimeters\\\/6050-compensated-jacket-calorimeter\\\/accessories\\\/\"]}]},{\"@type\":\"ImageObject\",\"inLanguage\":\"en-US\",\"@id\":\"https:\\\/\\\/www.parrinst.com\\\/es\\\/products\\\/oxygen-bomb-calorimeters\\\/6050-compensated-jacket-calorimeter\\\/accessories\\\/#primaryimage\",\"url\":\"https:\\\/\\\/i0.wp.com\\\/www.parrinst.com\\\/es\\\/wp-content\\\/uploads\\\/sites\\\/7\\\/2018\\\/01\\\/parr_banner_calorimeter_secondary-3.jpg?fit=2200%2C399&ssl=1\",\"contentUrl\":\"https:\\\/\\\/i0.wp.com\\\/www.parrinst.com\\\/es\\\/wp-content\\\/uploads\\\/sites\\\/7\\\/2018\\\/01\\\/parr_banner_calorimeter_secondary-3.jpg?fit=2200%2C399&ssl=1\",\"width\":2200,\"height\":399},{\"@type\":\"BreadcrumbList\",\"@id\":\"https:\\\/\\\/www.parrinst.com\\\/es\\\/products\\\/oxygen-bomb-calorimeters\\\/6050-compensated-jacket-calorimeter\\\/accessories\\\/#breadcrumb\",\"itemListElement\":[{\"@type\":\"ListItem\",\"position\":1,\"name\":\"Home\",\"item\":\"https:\\\/\\\/www.parrinst.com\\\/es\\\/\"},{\"@type\":\"ListItem\",\"position\":2,\"name\":\"Products\",\"item\":\"https:\\\/\\\/www.parrinst.com\\\/es\\\/products\\\/\"},{\"@type\":\"ListItem\",\"position\":3,\"name\":\"Calor\u00edmetros de Bomba de Ox\u00edgeno\",\"item\":\"https:\\\/\\\/www.parrinst.com\\\/es\\\/products\\\/oxygen-bomb-calorimeters\\\/\"},{\"@type\":\"ListItem\",\"position\":4,\"name\":\"Calor\u00edmetro de Chaqueta Compensada 6050\",\"item\":\"https:\\\/\\\/www.parrinst.com\\\/es\\\/products\\\/oxygen-bomb-calorimeters\\\/6050-compensated-jacket-calorimeter\\\/\"},{\"@type\":\"ListItem\",\"position\":5,\"name\":\"Accesorios\"}]},{\"@type\":\"WebSite\",\"@id\":\"https:\\\/\\\/www.parrinst.com\\\/es\\\/#website\",\"url\":\"https:\\\/\\\/www.parrinst.com\\\/es\\\/\",\"name\":\"Parr Instrument (Espa\u00f1ol)\",\"description\":\"\",\"potentialAction\":[{\"@type\":\"SearchAction\",\"target\":{\"@type\":\"EntryPoint\",\"urlTemplate\":\"https:\\\/\\\/www.parrinst.com\\\/es\\\/?s={search_term_string}\"},\"query-input\":{\"@type\":\"PropertyValueSpecification\",\"valueRequired\":true,\"valueName\":\"search_term_string\"}}],\"inLanguage\":\"en-US\"}]}<\/script>\n<!-- \/ Yoast SEO plugin. -->","yoast_head_json":{"title":"Accesorios - Parr Instrument (Espa\u00f1ol)","robots":{"index":"index","follow":"follow","max-snippet":"max-snippet:-1","max-image-preview":"max-image-preview:large","max-video-preview":"max-video-preview:-1"},"canonical":"https:\/\/www.parrinst.com\/es\/products\/oxygen-bomb-calorimeters\/6050-compensated-jacket-calorimeter\/accessories\/","og_locale":"en_US","og_type":"article","og_title":"Accesorios - Parr Instrument (Espa\u00f1ol)","og_description":"Sistema Expandido El Sistema Expandido 6052 incluye los siguientes componentes: Componentes del Sistema Expandido Modelo\/N\u00b0 Parte Descripci\u00f3n 6050 Calor\u00edmetro de chaqueta compensada 1110 Recipientes de Ox\u00edgeno extra A1559DD Cubeta extra 6059B Kit de 1 A\u00f1o de Servicio Otros Accesorios Disponibles 1110 Recipientes de Ox\u00edgeno, extra 1110CC Ox\u00edgeno Recipientes de combusti\u00f3n para el Servicio de azufre [&hellip;]","og_url":"https:\/\/www.parrinst.com\/es\/products\/oxygen-bomb-calorimeters\/6050-compensated-jacket-calorimeter\/accessories\/","og_site_name":"Parr Instrument (Espa\u00f1ol)","article_modified_time":"2018-03-05T20:48:02+00:00","og_image":[{"width":2200,"height":399,"url":"https:\/\/www.parrinst.com\/es\/files\/2018\/01\/parr_banner_calorimeter_secondary-3.jpg","type":"image\/jpeg"}],"twitter_card":"summary_large_image","schema":{"@context":"https:\/\/schema.org","@graph":[{"@type":"WebPage","@id":"https:\/\/www.parrinst.com\/es\/products\/oxygen-bomb-calorimeters\/6050-compensated-jacket-calorimeter\/accessories\/","url":"https:\/\/www.parrinst.com\/es\/products\/oxygen-bomb-calorimeters\/6050-compensated-jacket-calorimeter\/accessories\/","name":"Accesorios - Parr Instrument (Espa\u00f1ol)","isPartOf":{"@id":"https:\/\/www.parrinst.com\/es\/#website"},"primaryImageOfPage":{"@id":"https:\/\/www.parrinst.com\/es\/products\/oxygen-bomb-calorimeters\/6050-compensated-jacket-calorimeter\/accessories\/#primaryimage"},"image":{"@id":"https:\/\/www.parrinst.com\/es\/products\/oxygen-bomb-calorimeters\/6050-compensated-jacket-calorimeter\/accessories\/#primaryimage"},"thumbnailUrl":"https:\/\/i0.wp.com\/www.parrinst.com\/es\/wp-content\/uploads\/sites\/7\/2018\/01\/parr_banner_calorimeter_secondary-3.jpg?fit=2200%2C399&ssl=1","datePublished":"2015-06-01T15:43:51+00:00","dateModified":"2018-03-05T20:48:02+00:00","breadcrumb":{"@id":"https:\/\/www.parrinst.com\/es\/products\/oxygen-bomb-calorimeters\/6050-compensated-jacket-calorimeter\/accessories\/#breadcrumb"},"inLanguage":"en-US","potentialAction":[{"@type":"ReadAction","target":["https:\/\/www.parrinst.com\/es\/products\/oxygen-bomb-calorimeters\/6050-compensated-jacket-calorimeter\/accessories\/"]}]},{"@type":"ImageObject","inLanguage":"en-US","@id":"https:\/\/www.parrinst.com\/es\/products\/oxygen-bomb-calorimeters\/6050-compensated-jacket-calorimeter\/accessories\/#primaryimage","url":"https:\/\/i0.wp.com\/www.parrinst.com\/es\/wp-content\/uploads\/sites\/7\/2018\/01\/parr_banner_calorimeter_secondary-3.jpg?fit=2200%2C399&ssl=1","contentUrl":"https:\/\/i0.wp.com\/www.parrinst.com\/es\/wp-content\/uploads\/sites\/7\/2018\/01\/parr_banner_calorimeter_secondary-3.jpg?fit=2200%2C399&ssl=1","width":2200,"height":399},{"@type":"BreadcrumbList","@id":"https:\/\/www.parrinst.com\/es\/products\/oxygen-bomb-calorimeters\/6050-compensated-jacket-calorimeter\/accessories\/#breadcrumb","itemListElement":[{"@type":"ListItem","position":1,"name":"Home","item":"https:\/\/www.parrinst.com\/es\/"},{"@type":"ListItem","position":2,"name":"Products","item":"https:\/\/www.parrinst.com\/es\/products\/"},{"@type":"ListItem","position":3,"name":"Calor\u00edmetros de Bomba de Ox\u00edgeno","item":"https:\/\/www.parrinst.com\/es\/products\/oxygen-bomb-calorimeters\/"},{"@type":"ListItem","position":4,"name":"Calor\u00edmetro de Chaqueta Compensada 6050","item":"https:\/\/www.parrinst.com\/es\/products\/oxygen-bomb-calorimeters\/6050-compensated-jacket-calorimeter\/"},{"@type":"ListItem","position":5,"name":"Accesorios"}]},{"@type":"WebSite","@id":"https:\/\/www.parrinst.com\/es\/#website","url":"https:\/\/www.parrinst.com\/es\/","name":"Parr Instrument (Espa\u00f1ol)","description":"","potentialAction":[{"@type":"SearchAction","target":{"@type":"EntryPoint","urlTemplate":"https:\/\/www.parrinst.com\/es\/?s={search_term_string}"},"query-input":{"@type":"PropertyValueSpecification","valueRequired":true,"valueName":"search_term_string"}}],"inLanguage":"en-US"}]}},"jetpack_sharing_enabled":true,"_links":{"self":[{"href":"https:\/\/www.parrinst.com\/es\/wp-json\/wp\/v2\/pages\/12094","targetHints":{"allow":["GET"]}}],"collection":[{"href":"https:\/\/www.parrinst.com\/es\/wp-json\/wp\/v2\/pages"}],"about":[{"href":"https:\/\/www.parrinst.com\/es\/wp-json\/wp\/v2\/types\/page"}],"author":[{"embeddable":true,"href":"https:\/\/www.parrinst.com\/es\/wp-json\/wp\/v2\/users\/12"}],"replies":[{"embeddable":true,"href":"https:\/\/www.parrinst.com\/es\/wp-json\/wp\/v2\/comments?post=12094"}],"version-history":[{"count":1,"href":"https:\/\/www.parrinst.com\/es\/wp-json\/wp\/v2\/pages\/12094\/revisions"}],"predecessor-version":[{"id":38111,"href":"https:\/\/www.parrinst.com\/es\/wp-json\/wp\/v2\/pages\/12094\/revisions\/38111"}],"up":[{"embeddable":true,"href":"https:\/\/www.parrinst.com\/es\/wp-json\/wp\/v2\/pages\/12084"}],"wp:featuredmedia":[{"embeddable":true,"href":"https:\/\/www.parrinst.com\/es\/wp-json\/wp\/v2\/media\/37726"}],"wp:attachment":[{"href":"https:\/\/www.parrinst.com\/es\/wp-json\/wp\/v2\/media?parent=12094"}],"curies":[{"name":"wp","href":"https:\/\/api.w.org\/{rel}","templated":true}]}}