{"id":126,"date":"2011-03-10T13:15:02","date_gmt":"2011-03-10T19:15:02","guid":{"rendered":"https:\/\/www.parrinst.com\/?page_id=126"},"modified":"2015-08-05T17:04:46","modified_gmt":"2015-08-05T22:04:46","slug":"design-features","status":"publish","type":"page","link":"https:\/\/www.parrinst.com\/es\/products\/stirred-reactors\/design-features\/","title":{"rendered":"Caracter\u00edsticas"},"content":{"rendered":"<h2>Caracter\u00edsticas de Dise\u00f1o<\/h2>\n<p><strong>Parr ofrece una amplia variedad de opciones de dise\u00f1o<\/strong> para cubrir los requisitos de operaci\u00f3n o con las instalaciones individuales de los usuarios. Para los usuarios con m\u00faltiples necesidades de alimentaci\u00f3n, ventilaci\u00f3n e instrumentaci\u00f3n, ofrecemos un Dise\u00f1o de Cabeza Fija. El recipiente m\u00f3vil se ofrece para los usuarios que deseen cargar o recuperar los reactivos y productos lejos de la zona de operaci\u00f3n. Ofrecemos recipientes de apertura r\u00e1pida, sellados con junta t\u00f3rica para los usuarios que buscan conveniencia a temperaturas de operaci\u00f3n moderadas y juntas de PTFE o Graphoil para usuarios que requieren de mayores temperaturas de operaci\u00f3n.<\/p>\n<p><strong>Las transmisiones de Agitador con acoplamiento Magn\u00e9tico<\/strong> se ofrecen en dise\u00f1os de alta y baja velocidad en cuatro rangos operativos de torque. Los calefactores var\u00edan desde el\u00e9ctricos hasta chaquetas de circulaci\u00f3n. Los controladores de temperatura est\u00e1n disponibles para integrar plenamente el control del proceso o como controles simples. Los accesorios disponibles incluyen serpentines de refrigeraci\u00f3n interna, v\u00e1lvulas de drenaje inferior, condensadores, agitadores personalizados, componentes a prueba de explosi\u00f3n, llenado de gas l\u00edquido, sistemas de monitoreo y muchos m\u00e1s.<\/p>\n<p>Hay muchas otras opciones y accesorios para convertir un reactor con agitaci\u00f3n en un sistema de reacci\u00f3n a presi\u00f3n. Aunque ofrecemos muchas opciones, es el usuario quien debe decidir qu\u00e9 opciones son adecuadas para su aplicaci\u00f3n.<\/p>\n<p><a title=\"Materials of Construction\" href=\"https:\/\/www.parrinst.com\/es\/products\/stirred-reactors\/options-accessories\/materials-of-construction\/\">Materiales de Fabricaci\u00f3n<\/a><\/p>\n<p title=\"Temperature Limits\"><a title=\"L\u00edmites de Presi\u00f3n y Temperatura\" href=\"https:\/\/www.parrinst.com\/es\/products\/stirred-reactors\/design-features\/pressure-and-temperature-limits\/\">L\u00edmites de Presi\u00f3n y Temperatura<\/a><\/p>\n<p><a title=\"Design Codes and Certifications\" href=\"https:\/\/www.parrinst.com\/es\/support\/certifications\/\">C\u00f3digos de Dise\u00f1o y Certificaci\u00f3n<\/a><\/p>\n<p title=\"Magnetic Drives\"><a title=\"Transmisi\u00f3n Magn\u00e9tica\" href=\"https:\/\/www.parrinst.com\/es\/products\/stirred-reactors\/options-accessories\/magnetic-drives\/\">Transmisi\u00f3n Magn\u00e9tica<\/a><\/p>\n<p><a title=\"Split-Ring Closures\" href=\"https:\/\/www.parrinst.com\/es\/products\/stirred-reactors\/options-accessories\/split-ring-closures\/\">Cierres de Anillo Partido<\/a><\/p>\n<p><a title=\"Gaskets and Seals\" href=\"https:\/\/www.parrinst.com\/es\/products\/stirred-reactors\/options-accessories\/gaskets-and-seals\/\">Juntas y Sellos<\/a><\/p>\n<p><a title=\"Mounting Styles\" href=\"https:\/\/www.parrinst.com\/es\/products\/stirred-reactors\/design-features\/mounting-styles\/\">Estilos de Ensamble<\/a><\/p>\n<h3>Aplicaciones<\/h3>\n<p>Estos reactores se usan en muchas ramas de la tecnolog\u00eda qu\u00edmica. Hidrogenaci\u00f3n catal\u00edtica con su desarrollo y prueba de catalizador asociado es sin duda una de las aplicaciones principales de estos reactores con sus excelentes dise\u00f1os de mezclado de tres fases. El desarrollo de pol\u00edmero es otra \u00e1rea importante de aplicaci\u00f3n. Adem\u00e1s, los recipientes han sido ampliamente usados en aplicaciones hidrometal\u00fargicas.<\/p>\n<p>&nbsp;<\/p>\n","protected":false},"excerpt":{"rendered":"<p>Caracter\u00edsticas de Dise\u00f1o Parr ofrece una amplia variedad de opciones de dise\u00f1o para cubrir los requisitos de operaci\u00f3n o con las instalaciones individuales de los usuarios. Para los usuarios con m\u00faltiples necesidades de alimentaci\u00f3n, ventilaci\u00f3n e instrumentaci\u00f3n, ofrecemos un Dise\u00f1o de Cabeza Fija. El recipiente m\u00f3vil se ofrece para los usuarios que deseen cargar o [&hellip;]<\/p>\n","protected":false},"author":1,"featured_media":36874,"parent":47,"menu_order":2,"comment_status":"closed","ping_status":"closed","template":"general-tabs.php","meta":{"_acf_changed":false,"footnotes":"","_links_to":"","_links_to_target":""},"class_list":["post-126","page","type-page","status-publish","has-post-thumbnail","hentry"],"acf":[],"yoast_head":"<!-- This site is optimized with the Yoast SEO plugin v27.4 - https:\/\/yoast.com\/product\/yoast-seo-wordpress\/ -->\n<title>Caracter\u00edsticas - Parr Instrument (Espa\u00f1ol)<\/title>\n<meta name=\"robots\" content=\"index, follow, max-snippet:-1, max-image-preview:large, max-video-preview:-1\" \/>\n<link rel=\"canonical\" href=\"https:\/\/www.parrinst.com\/es\/products\/stirred-reactors\/design-features\/\" \/>\n<meta property=\"og:locale\" content=\"en_US\" \/>\n<meta property=\"og:type\" content=\"article\" \/>\n<meta property=\"og:title\" content=\"Caracter\u00edsticas - Parr Instrument (Espa\u00f1ol)\" \/>\n<meta property=\"og:description\" content=\"Caracter\u00edsticas de Dise\u00f1o Parr ofrece una amplia variedad de opciones de dise\u00f1o para cubrir los requisitos de operaci\u00f3n o con las instalaciones individuales de los usuarios. Para los usuarios con m\u00faltiples necesidades de alimentaci\u00f3n, ventilaci\u00f3n e instrumentaci\u00f3n, ofrecemos un Dise\u00f1o de Cabeza Fija. El recipiente m\u00f3vil se ofrece para los usuarios que deseen cargar o [&hellip;]\" \/>\n<meta property=\"og:url\" content=\"https:\/\/www.parrinst.com\/es\/products\/stirred-reactors\/design-features\/\" \/>\n<meta property=\"og:site_name\" content=\"Parr Instrument (Espa\u00f1ol)\" \/>\n<meta property=\"article:modified_time\" content=\"2015-08-05T22:04:46+00:00\" \/>\n<meta property=\"og:image\" content=\"https:\/\/www.parrinst.com\/es\/files\/2017\/12\/parr_banner_stirred3_secondary.jpg\" \/>\n\t<meta property=\"og:image:width\" content=\"2200\" \/>\n\t<meta property=\"og:image:height\" content=\"399\" \/>\n\t<meta property=\"og:image:type\" content=\"image\/jpeg\" \/>\n<meta name=\"twitter:card\" content=\"summary_large_image\" \/>\n<meta name=\"twitter:label1\" content=\"Est. reading time\" \/>\n\t<meta name=\"twitter:data1\" content=\"2 minutes\" \/>\n<script type=\"application\/ld+json\" class=\"yoast-schema-graph\">{\"@context\":\"https:\\\/\\\/schema.org\",\"@graph\":[{\"@type\":\"WebPage\",\"@id\":\"https:\\\/\\\/www.parrinst.com\\\/es\\\/products\\\/stirred-reactors\\\/design-features\\\/\",\"url\":\"https:\\\/\\\/www.parrinst.com\\\/es\\\/products\\\/stirred-reactors\\\/design-features\\\/\",\"name\":\"Caracter\u00edsticas - Parr Instrument (Espa\u00f1ol)\",\"isPartOf\":{\"@id\":\"https:\\\/\\\/www.parrinst.com\\\/es\\\/#website\"},\"primaryImageOfPage\":{\"@id\":\"https:\\\/\\\/www.parrinst.com\\\/es\\\/products\\\/stirred-reactors\\\/design-features\\\/#primaryimage\"},\"image\":{\"@id\":\"https:\\\/\\\/www.parrinst.com\\\/es\\\/products\\\/stirred-reactors\\\/design-features\\\/#primaryimage\"},\"thumbnailUrl\":\"https:\\\/\\\/i0.wp.com\\\/www.parrinst.com\\\/es\\\/wp-content\\\/uploads\\\/sites\\\/7\\\/2017\\\/12\\\/parr_banner_stirred3_secondary.jpg?fit=2200%2C399&ssl=1\",\"datePublished\":\"2011-03-10T19:15:02+00:00\",\"dateModified\":\"2015-08-05T22:04:46+00:00\",\"breadcrumb\":{\"@id\":\"https:\\\/\\\/www.parrinst.com\\\/es\\\/products\\\/stirred-reactors\\\/design-features\\\/#breadcrumb\"},\"inLanguage\":\"en-US\",\"potentialAction\":[{\"@type\":\"ReadAction\",\"target\":[\"https:\\\/\\\/www.parrinst.com\\\/es\\\/products\\\/stirred-reactors\\\/design-features\\\/\"]}]},{\"@type\":\"ImageObject\",\"inLanguage\":\"en-US\",\"@id\":\"https:\\\/\\\/www.parrinst.com\\\/es\\\/products\\\/stirred-reactors\\\/design-features\\\/#primaryimage\",\"url\":\"https:\\\/\\\/i0.wp.com\\\/www.parrinst.com\\\/es\\\/wp-content\\\/uploads\\\/sites\\\/7\\\/2017\\\/12\\\/parr_banner_stirred3_secondary.jpg?fit=2200%2C399&ssl=1\",\"contentUrl\":\"https:\\\/\\\/i0.wp.com\\\/www.parrinst.com\\\/es\\\/wp-content\\\/uploads\\\/sites\\\/7\\\/2017\\\/12\\\/parr_banner_stirred3_secondary.jpg?fit=2200%2C399&ssl=1\",\"width\":2200,\"height\":399},{\"@type\":\"BreadcrumbList\",\"@id\":\"https:\\\/\\\/www.parrinst.com\\\/es\\\/products\\\/stirred-reactors\\\/design-features\\\/#breadcrumb\",\"itemListElement\":[{\"@type\":\"ListItem\",\"position\":1,\"name\":\"Home\",\"item\":\"https:\\\/\\\/www.parrinst.com\\\/es\\\/\"},{\"@type\":\"ListItem\",\"position\":2,\"name\":\"Products\",\"item\":\"https:\\\/\\\/www.parrinst.com\\\/es\\\/products\\\/\"},{\"@type\":\"ListItem\",\"position\":3,\"name\":\"Reactores Agitados\",\"item\":\"https:\\\/\\\/www.parrinst.com\\\/es\\\/products\\\/stirred-reactors\\\/\"},{\"@type\":\"ListItem\",\"position\":4,\"name\":\"Caracter\u00edsticas\"}]},{\"@type\":\"WebSite\",\"@id\":\"https:\\\/\\\/www.parrinst.com\\\/es\\\/#website\",\"url\":\"https:\\\/\\\/www.parrinst.com\\\/es\\\/\",\"name\":\"Parr Instrument (Espa\u00f1ol)\",\"description\":\"\",\"potentialAction\":[{\"@type\":\"SearchAction\",\"target\":{\"@type\":\"EntryPoint\",\"urlTemplate\":\"https:\\\/\\\/www.parrinst.com\\\/es\\\/?s={search_term_string}\"},\"query-input\":{\"@type\":\"PropertyValueSpecification\",\"valueRequired\":true,\"valueName\":\"search_term_string\"}}],\"inLanguage\":\"en-US\"}]}<\/script>\n<!-- \/ Yoast SEO plugin. -->","yoast_head_json":{"title":"Caracter\u00edsticas - Parr Instrument (Espa\u00f1ol)","robots":{"index":"index","follow":"follow","max-snippet":"max-snippet:-1","max-image-preview":"max-image-preview:large","max-video-preview":"max-video-preview:-1"},"canonical":"https:\/\/www.parrinst.com\/es\/products\/stirred-reactors\/design-features\/","og_locale":"en_US","og_type":"article","og_title":"Caracter\u00edsticas - Parr Instrument (Espa\u00f1ol)","og_description":"Caracter\u00edsticas de Dise\u00f1o Parr ofrece una amplia variedad de opciones de dise\u00f1o para cubrir los requisitos de operaci\u00f3n o con las instalaciones individuales de los usuarios. Para los usuarios con m\u00faltiples necesidades de alimentaci\u00f3n, ventilaci\u00f3n e instrumentaci\u00f3n, ofrecemos un Dise\u00f1o de Cabeza Fija. El recipiente m\u00f3vil se ofrece para los usuarios que deseen cargar o [&hellip;]","og_url":"https:\/\/www.parrinst.com\/es\/products\/stirred-reactors\/design-features\/","og_site_name":"Parr Instrument (Espa\u00f1ol)","article_modified_time":"2015-08-05T22:04:46+00:00","og_image":[{"width":2200,"height":399,"url":"https:\/\/www.parrinst.com\/es\/files\/2017\/12\/parr_banner_stirred3_secondary.jpg","type":"image\/jpeg"}],"twitter_card":"summary_large_image","twitter_misc":{"Est. reading time":"2 minutes"},"schema":{"@context":"https:\/\/schema.org","@graph":[{"@type":"WebPage","@id":"https:\/\/www.parrinst.com\/es\/products\/stirred-reactors\/design-features\/","url":"https:\/\/www.parrinst.com\/es\/products\/stirred-reactors\/design-features\/","name":"Caracter\u00edsticas - Parr Instrument (Espa\u00f1ol)","isPartOf":{"@id":"https:\/\/www.parrinst.com\/es\/#website"},"primaryImageOfPage":{"@id":"https:\/\/www.parrinst.com\/es\/products\/stirred-reactors\/design-features\/#primaryimage"},"image":{"@id":"https:\/\/www.parrinst.com\/es\/products\/stirred-reactors\/design-features\/#primaryimage"},"thumbnailUrl":"https:\/\/i0.wp.com\/www.parrinst.com\/es\/wp-content\/uploads\/sites\/7\/2017\/12\/parr_banner_stirred3_secondary.jpg?fit=2200%2C399&ssl=1","datePublished":"2011-03-10T19:15:02+00:00","dateModified":"2015-08-05T22:04:46+00:00","breadcrumb":{"@id":"https:\/\/www.parrinst.com\/es\/products\/stirred-reactors\/design-features\/#breadcrumb"},"inLanguage":"en-US","potentialAction":[{"@type":"ReadAction","target":["https:\/\/www.parrinst.com\/es\/products\/stirred-reactors\/design-features\/"]}]},{"@type":"ImageObject","inLanguage":"en-US","@id":"https:\/\/www.parrinst.com\/es\/products\/stirred-reactors\/design-features\/#primaryimage","url":"https:\/\/i0.wp.com\/www.parrinst.com\/es\/wp-content\/uploads\/sites\/7\/2017\/12\/parr_banner_stirred3_secondary.jpg?fit=2200%2C399&ssl=1","contentUrl":"https:\/\/i0.wp.com\/www.parrinst.com\/es\/wp-content\/uploads\/sites\/7\/2017\/12\/parr_banner_stirred3_secondary.jpg?fit=2200%2C399&ssl=1","width":2200,"height":399},{"@type":"BreadcrumbList","@id":"https:\/\/www.parrinst.com\/es\/products\/stirred-reactors\/design-features\/#breadcrumb","itemListElement":[{"@type":"ListItem","position":1,"name":"Home","item":"https:\/\/www.parrinst.com\/es\/"},{"@type":"ListItem","position":2,"name":"Products","item":"https:\/\/www.parrinst.com\/es\/products\/"},{"@type":"ListItem","position":3,"name":"Reactores Agitados","item":"https:\/\/www.parrinst.com\/es\/products\/stirred-reactors\/"},{"@type":"ListItem","position":4,"name":"Caracter\u00edsticas"}]},{"@type":"WebSite","@id":"https:\/\/www.parrinst.com\/es\/#website","url":"https:\/\/www.parrinst.com\/es\/","name":"Parr Instrument (Espa\u00f1ol)","description":"","potentialAction":[{"@type":"SearchAction","target":{"@type":"EntryPoint","urlTemplate":"https:\/\/www.parrinst.com\/es\/?s={search_term_string}"},"query-input":{"@type":"PropertyValueSpecification","valueRequired":true,"valueName":"search_term_string"}}],"inLanguage":"en-US"}]}},"jetpack_sharing_enabled":true,"_links":{"self":[{"href":"https:\/\/www.parrinst.com\/es\/wp-json\/wp\/v2\/pages\/126","targetHints":{"allow":["GET"]}}],"collection":[{"href":"https:\/\/www.parrinst.com\/es\/wp-json\/wp\/v2\/pages"}],"about":[{"href":"https:\/\/www.parrinst.com\/es\/wp-json\/wp\/v2\/types\/page"}],"author":[{"embeddable":true,"href":"https:\/\/www.parrinst.com\/es\/wp-json\/wp\/v2\/users\/1"}],"replies":[{"embeddable":true,"href":"https:\/\/www.parrinst.com\/es\/wp-json\/wp\/v2\/comments?post=126"}],"version-history":[{"count":0,"href":"https:\/\/www.parrinst.com\/es\/wp-json\/wp\/v2\/pages\/126\/revisions"}],"up":[{"embeddable":true,"href":"https:\/\/www.parrinst.com\/es\/wp-json\/wp\/v2\/pages\/47"}],"wp:featuredmedia":[{"embeddable":true,"href":"https:\/\/www.parrinst.com\/es\/wp-json\/wp\/v2\/media\/36874"}],"wp:attachment":[{"href":"https:\/\/www.parrinst.com\/es\/wp-json\/wp\/v2\/media?parent=126"}],"curies":[{"name":"wp","href":"https:\/\/api.w.org\/{rel}","templated":true}]}}