{"id":12707,"date":"2015-12-29T14:49:17","date_gmt":"2015-12-29T20:49:17","guid":{"rendered":"https:\/\/www.parrinst.com\/es\/?page_id=12707"},"modified":"2025-09-08T16:10:39","modified_gmt":"2025-09-08T21:10:39","slug":"three-reactor-parallel-system","status":"publish","type":"page","link":"https:\/\/www.parrinst.com\/es\/products\/multi-reactor-systems\/three-reactor-parallel-system\/","title":{"rendered":"Sistema de 3 Reactores en Paralelo"},"content":{"rendered":"<figure id=\"attachment_12746\" aria-describedby=\"caption-attachment-12746\" style=\"width: 300px\" class=\"wp-caption alignright\"><a href=\"https:\/\/i0.wp.com\/www.parrinst.com\/es\/wp-content\/uploads\/sites\/7\/2015\/12\/3-Reactor-Parallel-System_914883pi4555web.jpg?ssl=1\"><img data-recalc-dims=\"1\" loading=\"lazy\" decoding=\"async\" class=\"wp-image-12746 size-medium\" src=\"https:\/\/i0.wp.com\/www.parrinst.com\/es\/wp-content\/uploads\/sites\/7\/2015\/12\/3-Reactor-Parallel-System_914883pi4555web.jpg?resize=300%2C300&#038;ssl=1\" alt=\"Sistema de 3 Reactores en Paralelo.\" width=\"300\" height=\"300\" srcset=\"https:\/\/i0.wp.com\/www.parrinst.com\/es\/wp-content\/uploads\/sites\/7\/2015\/12\/3-Reactor-Parallel-System_914883pi4555web.jpg?resize=300%2C300&amp;ssl=1 300w, https:\/\/i0.wp.com\/www.parrinst.com\/es\/wp-content\/uploads\/sites\/7\/2015\/12\/3-Reactor-Parallel-System_914883pi4555web.jpg?resize=150%2C150&amp;ssl=1 150w, https:\/\/i0.wp.com\/www.parrinst.com\/es\/wp-content\/uploads\/sites\/7\/2015\/12\/3-Reactor-Parallel-System_914883pi4555web.jpg?w=600&amp;ssl=1 600w\" sizes=\"auto, (max-width: 300px) 100vw, 300px\" \/><\/a><figcaption id=\"caption-attachment-12746\" class=\"wp-caption-text\">Sistema de 3 Reactores en Paralelo.<\/figcaption><\/figure>\n<p>Este Sistema incorpora 3 reactores de 1.8 L de la Serie 4570 de Alta Presi\u00f3n\/ Alta Temperatura para operarse a 5000 psi (345 bar) @ 500\u00b0C). Los reactores en este sistema est\u00e1n manufacturados de Hastelloy C-276 y son equipados con soporte interno para facilitar los procesos de corrosi\u00f3n en ambientes hostiles. Para esta aplicaci\u00f3n no se requiere el suministro controlado de gas, por lo tanto la alimentaci\u00f3n individual de gas al recipiente no est\u00e1 presente, aunque se proporciona el suministro y el venteo de gas. Un Controlador de Proceso 4871 tambi\u00e9n se incluye (no mostrado).<\/p>\n","protected":false},"excerpt":{"rendered":"<p>Este Sistema incorpora 3 reactores de 1.8 L de la Serie 4570 de Alta Presi\u00f3n\/ Alta Temperatura para operarse a 5000 psi (345 bar) @ 500\u00b0C). Los reactores en este sistema est\u00e1n manufacturados de Hastelloy C-276 y son equipados con soporte interno para facilitar los procesos de corrosi\u00f3n en ambientes hostiles. Para esta aplicaci\u00f3n no [&hellip;]<\/p>\n","protected":false},"author":12,"featured_media":36941,"parent":12485,"menu_order":3,"comment_status":"closed","ping_status":"closed","template":"product-narrow.php","meta":{"_acf_changed":false,"footnotes":"","_links_to":"","_links_to_target":""},"class_list":["post-12707","page","type-page","status-publish","has-post-thumbnail","hentry"],"acf":[],"yoast_head":"<!-- This site is optimized with the Yoast SEO plugin v27.5 - https:\/\/yoast.com\/product\/yoast-seo-wordpress\/ -->\n<title>Sistema de 3 Reactores en Paralelo - Parr Instrument (Espa\u00f1ol)<\/title>\n<meta name=\"robots\" content=\"index, follow, max-snippet:-1, max-image-preview:large, max-video-preview:-1\" \/>\n<link rel=\"canonical\" href=\"https:\/\/www.parrinst.com\/es\/products\/multi-reactor-systems\/three-reactor-parallel-system\/\" \/>\n<meta property=\"og:locale\" content=\"en_US\" \/>\n<meta property=\"og:type\" content=\"article\" \/>\n<meta property=\"og:title\" content=\"Sistema de 3 Reactores en Paralelo - Parr Instrument (Espa\u00f1ol)\" \/>\n<meta property=\"og:description\" content=\"Este Sistema incorpora 3 reactores de 1.8 L de la Serie 4570 de Alta Presi\u00f3n\/ Alta Temperatura para operarse a 5000 psi (345 bar) @ 500\u00b0C). Los reactores en este sistema est\u00e1n manufacturados de Hastelloy C-276 y son equipados con soporte interno para facilitar los procesos de corrosi\u00f3n en ambientes hostiles. Para esta aplicaci\u00f3n no [&hellip;]\" \/>\n<meta property=\"og:url\" content=\"https:\/\/www.parrinst.com\/es\/products\/multi-reactor-systems\/three-reactor-parallel-system\/\" \/>\n<meta property=\"og:site_name\" content=\"Parr Instrument (Espa\u00f1ol)\" \/>\n<meta property=\"article:modified_time\" content=\"2025-09-08T21:10:39+00:00\" \/>\n<meta property=\"og:image\" content=\"https:\/\/www.parrinst.com\/es\/wp-content\/uploads\/sites\/7\/2018\/01\/parr_banner_multi_secondary.jpg\" \/>\n\t<meta property=\"og:image:width\" content=\"2200\" \/>\n\t<meta property=\"og:image:height\" content=\"399\" \/>\n\t<meta property=\"og:image:type\" content=\"image\/jpeg\" \/>\n<meta name=\"twitter:card\" content=\"summary_large_image\" \/>\n<meta name=\"twitter:label1\" content=\"Est. reading time\" \/>\n\t<meta name=\"twitter:data1\" content=\"1 minute\" \/>\n<script type=\"application\/ld+json\" class=\"yoast-schema-graph\">{\"@context\":\"https:\\\/\\\/schema.org\",\"@graph\":[{\"@type\":\"WebPage\",\"@id\":\"https:\\\/\\\/www.parrinst.com\\\/es\\\/products\\\/multi-reactor-systems\\\/three-reactor-parallel-system\\\/\",\"url\":\"https:\\\/\\\/www.parrinst.com\\\/es\\\/products\\\/multi-reactor-systems\\\/three-reactor-parallel-system\\\/\",\"name\":\"Sistema de 3 Reactores en Paralelo - Parr Instrument (Espa\u00f1ol)\",\"isPartOf\":{\"@id\":\"https:\\\/\\\/www.parrinst.com\\\/es\\\/#website\"},\"primaryImageOfPage\":{\"@id\":\"https:\\\/\\\/www.parrinst.com\\\/es\\\/products\\\/multi-reactor-systems\\\/three-reactor-parallel-system\\\/#primaryimage\"},\"image\":{\"@id\":\"https:\\\/\\\/www.parrinst.com\\\/es\\\/products\\\/multi-reactor-systems\\\/three-reactor-parallel-system\\\/#primaryimage\"},\"thumbnailUrl\":\"https:\\\/\\\/i0.wp.com\\\/www.parrinst.com\\\/es\\\/wp-content\\\/uploads\\\/sites\\\/7\\\/2018\\\/01\\\/parr_banner_multi_secondary.jpg?fit=2200%2C399&ssl=1\",\"datePublished\":\"2015-12-29T20:49:17+00:00\",\"dateModified\":\"2025-09-08T21:10:39+00:00\",\"breadcrumb\":{\"@id\":\"https:\\\/\\\/www.parrinst.com\\\/es\\\/products\\\/multi-reactor-systems\\\/three-reactor-parallel-system\\\/#breadcrumb\"},\"inLanguage\":\"en-US\",\"potentialAction\":[{\"@type\":\"ReadAction\",\"target\":[\"https:\\\/\\\/www.parrinst.com\\\/es\\\/products\\\/multi-reactor-systems\\\/three-reactor-parallel-system\\\/\"]}]},{\"@type\":\"ImageObject\",\"inLanguage\":\"en-US\",\"@id\":\"https:\\\/\\\/www.parrinst.com\\\/es\\\/products\\\/multi-reactor-systems\\\/three-reactor-parallel-system\\\/#primaryimage\",\"url\":\"https:\\\/\\\/i0.wp.com\\\/www.parrinst.com\\\/es\\\/wp-content\\\/uploads\\\/sites\\\/7\\\/2018\\\/01\\\/parr_banner_multi_secondary.jpg?fit=2200%2C399&ssl=1\",\"contentUrl\":\"https:\\\/\\\/i0.wp.com\\\/www.parrinst.com\\\/es\\\/wp-content\\\/uploads\\\/sites\\\/7\\\/2018\\\/01\\\/parr_banner_multi_secondary.jpg?fit=2200%2C399&ssl=1\",\"width\":2200,\"height\":399},{\"@type\":\"BreadcrumbList\",\"@id\":\"https:\\\/\\\/www.parrinst.com\\\/es\\\/products\\\/multi-reactor-systems\\\/three-reactor-parallel-system\\\/#breadcrumb\",\"itemListElement\":[{\"@type\":\"ListItem\",\"position\":1,\"name\":\"Home\",\"item\":\"https:\\\/\\\/www.parrinst.com\\\/es\\\/\"},{\"@type\":\"ListItem\",\"position\":2,\"name\":\"Products\",\"item\":\"https:\\\/\\\/www.parrinst.com\\\/es\\\/products\\\/\"},{\"@type\":\"ListItem\",\"position\":3,\"name\":\"Sistemas de Reactores M\u00faltliples\",\"item\":\"https:\\\/\\\/www.parrinst.com\\\/es\\\/products\\\/multi-reactor-systems\\\/\"},{\"@type\":\"ListItem\",\"position\":4,\"name\":\"Sistema de 3 Reactores en Paralelo\"}]},{\"@type\":\"WebSite\",\"@id\":\"https:\\\/\\\/www.parrinst.com\\\/es\\\/#website\",\"url\":\"https:\\\/\\\/www.parrinst.com\\\/es\\\/\",\"name\":\"Parr Instrument (Espa\u00f1ol)\",\"description\":\"\",\"potentialAction\":[{\"@type\":\"SearchAction\",\"target\":{\"@type\":\"EntryPoint\",\"urlTemplate\":\"https:\\\/\\\/www.parrinst.com\\\/es\\\/?s={search_term_string}\"},\"query-input\":{\"@type\":\"PropertyValueSpecification\",\"valueRequired\":true,\"valueName\":\"search_term_string\"}}],\"inLanguage\":\"en-US\"}]}<\/script>\n<!-- \/ Yoast SEO plugin. -->","yoast_head_json":{"title":"Sistema de 3 Reactores en Paralelo - Parr Instrument (Espa\u00f1ol)","robots":{"index":"index","follow":"follow","max-snippet":"max-snippet:-1","max-image-preview":"max-image-preview:large","max-video-preview":"max-video-preview:-1"},"canonical":"https:\/\/www.parrinst.com\/es\/products\/multi-reactor-systems\/three-reactor-parallel-system\/","og_locale":"en_US","og_type":"article","og_title":"Sistema de 3 Reactores en Paralelo - Parr Instrument (Espa\u00f1ol)","og_description":"Este Sistema incorpora 3 reactores de 1.8 L de la Serie 4570 de Alta Presi\u00f3n\/ Alta Temperatura para operarse a 5000 psi (345 bar) @ 500\u00b0C). Los reactores en este sistema est\u00e1n manufacturados de Hastelloy C-276 y son equipados con soporte interno para facilitar los procesos de corrosi\u00f3n en ambientes hostiles. Para esta aplicaci\u00f3n no [&hellip;]","og_url":"https:\/\/www.parrinst.com\/es\/products\/multi-reactor-systems\/three-reactor-parallel-system\/","og_site_name":"Parr Instrument (Espa\u00f1ol)","article_modified_time":"2025-09-08T21:10:39+00:00","og_image":[{"width":2200,"height":399,"url":"https:\/\/www.parrinst.com\/es\/wp-content\/uploads\/sites\/7\/2018\/01\/parr_banner_multi_secondary.jpg","type":"image\/jpeg"}],"twitter_card":"summary_large_image","twitter_misc":{"Est. reading time":"1 minute"},"schema":{"@context":"https:\/\/schema.org","@graph":[{"@type":"WebPage","@id":"https:\/\/www.parrinst.com\/es\/products\/multi-reactor-systems\/three-reactor-parallel-system\/","url":"https:\/\/www.parrinst.com\/es\/products\/multi-reactor-systems\/three-reactor-parallel-system\/","name":"Sistema de 3 Reactores en Paralelo - Parr Instrument (Espa\u00f1ol)","isPartOf":{"@id":"https:\/\/www.parrinst.com\/es\/#website"},"primaryImageOfPage":{"@id":"https:\/\/www.parrinst.com\/es\/products\/multi-reactor-systems\/three-reactor-parallel-system\/#primaryimage"},"image":{"@id":"https:\/\/www.parrinst.com\/es\/products\/multi-reactor-systems\/three-reactor-parallel-system\/#primaryimage"},"thumbnailUrl":"https:\/\/i0.wp.com\/www.parrinst.com\/es\/wp-content\/uploads\/sites\/7\/2018\/01\/parr_banner_multi_secondary.jpg?fit=2200%2C399&ssl=1","datePublished":"2015-12-29T20:49:17+00:00","dateModified":"2025-09-08T21:10:39+00:00","breadcrumb":{"@id":"https:\/\/www.parrinst.com\/es\/products\/multi-reactor-systems\/three-reactor-parallel-system\/#breadcrumb"},"inLanguage":"en-US","potentialAction":[{"@type":"ReadAction","target":["https:\/\/www.parrinst.com\/es\/products\/multi-reactor-systems\/three-reactor-parallel-system\/"]}]},{"@type":"ImageObject","inLanguage":"en-US","@id":"https:\/\/www.parrinst.com\/es\/products\/multi-reactor-systems\/three-reactor-parallel-system\/#primaryimage","url":"https:\/\/i0.wp.com\/www.parrinst.com\/es\/wp-content\/uploads\/sites\/7\/2018\/01\/parr_banner_multi_secondary.jpg?fit=2200%2C399&ssl=1","contentUrl":"https:\/\/i0.wp.com\/www.parrinst.com\/es\/wp-content\/uploads\/sites\/7\/2018\/01\/parr_banner_multi_secondary.jpg?fit=2200%2C399&ssl=1","width":2200,"height":399},{"@type":"BreadcrumbList","@id":"https:\/\/www.parrinst.com\/es\/products\/multi-reactor-systems\/three-reactor-parallel-system\/#breadcrumb","itemListElement":[{"@type":"ListItem","position":1,"name":"Home","item":"https:\/\/www.parrinst.com\/es\/"},{"@type":"ListItem","position":2,"name":"Products","item":"https:\/\/www.parrinst.com\/es\/products\/"},{"@type":"ListItem","position":3,"name":"Sistemas de Reactores M\u00faltliples","item":"https:\/\/www.parrinst.com\/es\/products\/multi-reactor-systems\/"},{"@type":"ListItem","position":4,"name":"Sistema de 3 Reactores en Paralelo"}]},{"@type":"WebSite","@id":"https:\/\/www.parrinst.com\/es\/#website","url":"https:\/\/www.parrinst.com\/es\/","name":"Parr Instrument (Espa\u00f1ol)","description":"","potentialAction":[{"@type":"SearchAction","target":{"@type":"EntryPoint","urlTemplate":"https:\/\/www.parrinst.com\/es\/?s={search_term_string}"},"query-input":{"@type":"PropertyValueSpecification","valueRequired":true,"valueName":"search_term_string"}}],"inLanguage":"en-US"}]}},"jetpack_sharing_enabled":true,"_links":{"self":[{"href":"https:\/\/www.parrinst.com\/es\/wp-json\/wp\/v2\/pages\/12707","targetHints":{"allow":["GET"]}}],"collection":[{"href":"https:\/\/www.parrinst.com\/es\/wp-json\/wp\/v2\/pages"}],"about":[{"href":"https:\/\/www.parrinst.com\/es\/wp-json\/wp\/v2\/types\/page"}],"author":[{"embeddable":true,"href":"https:\/\/www.parrinst.com\/es\/wp-json\/wp\/v2\/users\/12"}],"replies":[{"embeddable":true,"href":"https:\/\/www.parrinst.com\/es\/wp-json\/wp\/v2\/comments?post=12707"}],"version-history":[{"count":3,"href":"https:\/\/www.parrinst.com\/es\/wp-json\/wp\/v2\/pages\/12707\/revisions"}],"predecessor-version":[{"id":41161,"href":"https:\/\/www.parrinst.com\/es\/wp-json\/wp\/v2\/pages\/12707\/revisions\/41161"}],"up":[{"embeddable":true,"href":"https:\/\/www.parrinst.com\/es\/wp-json\/wp\/v2\/pages\/12485"}],"wp:featuredmedia":[{"embeddable":true,"href":"https:\/\/www.parrinst.com\/es\/wp-json\/wp\/v2\/media\/36941"}],"wp:attachment":[{"href":"https:\/\/www.parrinst.com\/es\/wp-json\/wp\/v2\/media?parent=12707"}],"curies":[{"name":"wp","href":"https:\/\/api.w.org\/{rel}","templated":true}]}}