{"id":12726,"date":"2015-12-29T15:27:38","date_gmt":"2015-12-29T21:27:38","guid":{"rendered":"https:\/\/www.parrinst.com\/es\/?page_id=12726"},"modified":"2020-08-05T14:21:32","modified_gmt":"2020-08-05T19:21:32","slug":"six-reactor-parallel-system","status":"publish","type":"page","link":"https:\/\/www.parrinst.com\/es\/products\/multi-reactor-systems\/six-reactor-parallel-system\/","title":{"rendered":"Sistema de 6 Reactores en Paralelo con Sistema Autom\u00e1tico de Muestreo"},"content":{"rendered":"<figure id=\"attachment_12843\" aria-describedby=\"caption-attachment-12843\" style=\"width: 300px\" class=\"wp-caption alignright\"><a href=\"https:\/\/i0.wp.com\/www.parrinst.com\/es\/wp-content\/uploads\/sites\/7\/2015\/10\/Six-Reactor-Parallel_915508PI2_8068DN.jpg?ssl=1\"><img data-recalc-dims=\"1\" loading=\"lazy\" decoding=\"async\" class=\"wp-image-12843 size-medium\" src=\"https:\/\/i0.wp.com\/www.parrinst.com\/es\/wp-content\/uploads\/sites\/7\/2015\/10\/Six-Reactor-Parallel_915508PI2_8068DN.jpg?resize=300%2C258&#038;ssl=1\" alt=\"Sistema de 6 Reactores en Paralelo con Sistema Autom\u00e1tico de Muestreo\" width=\"300\" height=\"258\" srcset=\"https:\/\/i0.wp.com\/www.parrinst.com\/es\/wp-content\/uploads\/sites\/7\/2015\/10\/Six-Reactor-Parallel_915508PI2_8068DN.jpg?resize=300%2C258&amp;ssl=1 300w, https:\/\/i0.wp.com\/www.parrinst.com\/es\/wp-content\/uploads\/sites\/7\/2015\/10\/Six-Reactor-Parallel_915508PI2_8068DN.jpg?resize=174%2C150&amp;ssl=1 174w, https:\/\/i0.wp.com\/www.parrinst.com\/es\/wp-content\/uploads\/sites\/7\/2015\/10\/Six-Reactor-Parallel_915508PI2_8068DN.jpg?w=600&amp;ssl=1 600w\" sizes=\"auto, (max-width: 300px) 100vw, 300px\" \/><\/a><figcaption id=\"caption-attachment-12843\" class=\"wp-caption-text\">Sistema de 6 Reactores en Paralelo con Sistema Autom\u00e1tico de Muestreo<\/figcaption><\/figure>\n<p>Este Sistema incluye 6 Reactores de 25 mL de la Serie \u201c<a href=\"https:\/\/www.parrinst.com\/es\/products\/stirred-reactors\/series-4590-micro-stirred-reactors\/\">Micro Reactores Agitados<\/a>\u201d para operar a 3000 psi (200 bar) @ 350\u00b0C. Incluye alimentaci\u00f3n de Gas y venteo, as\u00ed como manija para alimentar y drenar agua de enfriamiento desde un dedo frio interno hasta los calentadores de bloque de aluminio externos con serpent\u00edn de enfriamiento.<\/p>\n<p>Notar que el sistema de muestreo automatizado se muestra en el reactor de la izquierda. Este sistema de muestro permite recolectar varias muestras l\u00edquidas de hasta 1mL mientras el reactor est\u00e1 operando a presi\u00f3n, y autom\u00e1ticamente limpia las l\u00edneas de muestra liquida entre muestreo y muestreo. Incluye un <a href=\"https:\/\/www.parrinst.com\/es\/products\/controllers\/4871-process-controller\/\">Controlador de Proceso 4871<\/a>.<\/p>\n<p>&nbsp;<\/p>\n","protected":false},"excerpt":{"rendered":"<p>Este Sistema incluye 6 Reactores de 25 mL de la Serie \u201cMicro Reactores Agitados\u201d para operar a 3000 psi (200 bar) @ 350\u00b0C. Incluye alimentaci\u00f3n de Gas y venteo, as\u00ed como manija para alimentar y drenar agua de enfriamiento desde un dedo frio interno hasta los calentadores de bloque de aluminio externos con serpent\u00edn de [&hellip;]<\/p>\n","protected":false},"author":12,"featured_media":36941,"parent":12485,"menu_order":6,"comment_status":"closed","ping_status":"closed","template":"product-narrow.php","meta":{"_acf_changed":false,"footnotes":"","_links_to":"","_links_to_target":""},"class_list":["post-12726","page","type-page","status-publish","has-post-thumbnail","hentry"],"acf":[],"yoast_head":"<!-- This site is optimized with the Yoast SEO plugin v27.5 - https:\/\/yoast.com\/product\/yoast-seo-wordpress\/ -->\n<title>Sistema de 6 Reactores en Paralelo con Sistema Autom\u00e1tico de Muestreo - Parr Instrument (Espa\u00f1ol)<\/title>\n<meta name=\"robots\" content=\"index, follow, max-snippet:-1, max-image-preview:large, max-video-preview:-1\" \/>\n<link rel=\"canonical\" href=\"https:\/\/www.parrinst.com\/es\/products\/multi-reactor-systems\/six-reactor-parallel-system\/\" \/>\n<meta property=\"og:locale\" content=\"en_US\" \/>\n<meta property=\"og:type\" content=\"article\" \/>\n<meta property=\"og:title\" content=\"Sistema de 6 Reactores en Paralelo con Sistema Autom\u00e1tico de Muestreo - Parr Instrument (Espa\u00f1ol)\" \/>\n<meta property=\"og:description\" content=\"Este Sistema incluye 6 Reactores de 25 mL de la Serie \u201cMicro Reactores Agitados\u201d para operar a 3000 psi (200 bar) @ 350\u00b0C. Incluye alimentaci\u00f3n de Gas y venteo, as\u00ed como manija para alimentar y drenar agua de enfriamiento desde un dedo frio interno hasta los calentadores de bloque de aluminio externos con serpent\u00edn de [&hellip;]\" \/>\n<meta property=\"og:url\" content=\"https:\/\/www.parrinst.com\/es\/products\/multi-reactor-systems\/six-reactor-parallel-system\/\" \/>\n<meta property=\"og:site_name\" content=\"Parr Instrument (Espa\u00f1ol)\" \/>\n<meta property=\"article:modified_time\" content=\"2020-08-05T19:21:32+00:00\" \/>\n<meta property=\"og:image\" content=\"https:\/\/www.parrinst.com\/es\/files\/2018\/01\/parr_banner_multi_secondary.jpg\" \/>\n\t<meta property=\"og:image:width\" content=\"2200\" \/>\n\t<meta property=\"og:image:height\" content=\"399\" \/>\n\t<meta property=\"og:image:type\" content=\"image\/jpeg\" \/>\n<meta name=\"twitter:card\" content=\"summary_large_image\" \/>\n<meta name=\"twitter:label1\" content=\"Est. reading time\" \/>\n\t<meta name=\"twitter:data1\" content=\"1 minute\" \/>\n<script type=\"application\/ld+json\" class=\"yoast-schema-graph\">{\"@context\":\"https:\\\/\\\/schema.org\",\"@graph\":[{\"@type\":\"WebPage\",\"@id\":\"https:\\\/\\\/www.parrinst.com\\\/es\\\/products\\\/multi-reactor-systems\\\/six-reactor-parallel-system\\\/\",\"url\":\"https:\\\/\\\/www.parrinst.com\\\/es\\\/products\\\/multi-reactor-systems\\\/six-reactor-parallel-system\\\/\",\"name\":\"Sistema de 6 Reactores en Paralelo con Sistema Autom\u00e1tico de Muestreo - Parr Instrument (Espa\u00f1ol)\",\"isPartOf\":{\"@id\":\"https:\\\/\\\/www.parrinst.com\\\/es\\\/#website\"},\"primaryImageOfPage\":{\"@id\":\"https:\\\/\\\/www.parrinst.com\\\/es\\\/products\\\/multi-reactor-systems\\\/six-reactor-parallel-system\\\/#primaryimage\"},\"image\":{\"@id\":\"https:\\\/\\\/www.parrinst.com\\\/es\\\/products\\\/multi-reactor-systems\\\/six-reactor-parallel-system\\\/#primaryimage\"},\"thumbnailUrl\":\"https:\\\/\\\/i0.wp.com\\\/www.parrinst.com\\\/es\\\/wp-content\\\/uploads\\\/sites\\\/7\\\/2018\\\/01\\\/parr_banner_multi_secondary.jpg?fit=2200%2C399&ssl=1\",\"datePublished\":\"2015-12-29T21:27:38+00:00\",\"dateModified\":\"2020-08-05T19:21:32+00:00\",\"breadcrumb\":{\"@id\":\"https:\\\/\\\/www.parrinst.com\\\/es\\\/products\\\/multi-reactor-systems\\\/six-reactor-parallel-system\\\/#breadcrumb\"},\"inLanguage\":\"en-US\",\"potentialAction\":[{\"@type\":\"ReadAction\",\"target\":[\"https:\\\/\\\/www.parrinst.com\\\/es\\\/products\\\/multi-reactor-systems\\\/six-reactor-parallel-system\\\/\"]}]},{\"@type\":\"ImageObject\",\"inLanguage\":\"en-US\",\"@id\":\"https:\\\/\\\/www.parrinst.com\\\/es\\\/products\\\/multi-reactor-systems\\\/six-reactor-parallel-system\\\/#primaryimage\",\"url\":\"https:\\\/\\\/i0.wp.com\\\/www.parrinst.com\\\/es\\\/wp-content\\\/uploads\\\/sites\\\/7\\\/2018\\\/01\\\/parr_banner_multi_secondary.jpg?fit=2200%2C399&ssl=1\",\"contentUrl\":\"https:\\\/\\\/i0.wp.com\\\/www.parrinst.com\\\/es\\\/wp-content\\\/uploads\\\/sites\\\/7\\\/2018\\\/01\\\/parr_banner_multi_secondary.jpg?fit=2200%2C399&ssl=1\",\"width\":2200,\"height\":399},{\"@type\":\"BreadcrumbList\",\"@id\":\"https:\\\/\\\/www.parrinst.com\\\/es\\\/products\\\/multi-reactor-systems\\\/six-reactor-parallel-system\\\/#breadcrumb\",\"itemListElement\":[{\"@type\":\"ListItem\",\"position\":1,\"name\":\"Home\",\"item\":\"https:\\\/\\\/www.parrinst.com\\\/es\\\/\"},{\"@type\":\"ListItem\",\"position\":2,\"name\":\"Products\",\"item\":\"https:\\\/\\\/www.parrinst.com\\\/es\\\/products\\\/\"},{\"@type\":\"ListItem\",\"position\":3,\"name\":\"Sistemas de Reactores M\u00faltliples\",\"item\":\"https:\\\/\\\/www.parrinst.com\\\/es\\\/products\\\/multi-reactor-systems\\\/\"},{\"@type\":\"ListItem\",\"position\":4,\"name\":\"Sistema de 6 Reactores en Paralelo con Sistema Autom\u00e1tico de Muestreo\"}]},{\"@type\":\"WebSite\",\"@id\":\"https:\\\/\\\/www.parrinst.com\\\/es\\\/#website\",\"url\":\"https:\\\/\\\/www.parrinst.com\\\/es\\\/\",\"name\":\"Parr Instrument (Espa\u00f1ol)\",\"description\":\"\",\"potentialAction\":[{\"@type\":\"SearchAction\",\"target\":{\"@type\":\"EntryPoint\",\"urlTemplate\":\"https:\\\/\\\/www.parrinst.com\\\/es\\\/?s={search_term_string}\"},\"query-input\":{\"@type\":\"PropertyValueSpecification\",\"valueRequired\":true,\"valueName\":\"search_term_string\"}}],\"inLanguage\":\"en-US\"}]}<\/script>\n<!-- \/ Yoast SEO plugin. -->","yoast_head_json":{"title":"Sistema de 6 Reactores en Paralelo con Sistema Autom\u00e1tico de Muestreo - Parr Instrument (Espa\u00f1ol)","robots":{"index":"index","follow":"follow","max-snippet":"max-snippet:-1","max-image-preview":"max-image-preview:large","max-video-preview":"max-video-preview:-1"},"canonical":"https:\/\/www.parrinst.com\/es\/products\/multi-reactor-systems\/six-reactor-parallel-system\/","og_locale":"en_US","og_type":"article","og_title":"Sistema de 6 Reactores en Paralelo con Sistema Autom\u00e1tico de Muestreo - Parr Instrument (Espa\u00f1ol)","og_description":"Este Sistema incluye 6 Reactores de 25 mL de la Serie \u201cMicro Reactores Agitados\u201d para operar a 3000 psi (200 bar) @ 350\u00b0C. Incluye alimentaci\u00f3n de Gas y venteo, as\u00ed como manija para alimentar y drenar agua de enfriamiento desde un dedo frio interno hasta los calentadores de bloque de aluminio externos con serpent\u00edn de [&hellip;]","og_url":"https:\/\/www.parrinst.com\/es\/products\/multi-reactor-systems\/six-reactor-parallel-system\/","og_site_name":"Parr Instrument (Espa\u00f1ol)","article_modified_time":"2020-08-05T19:21:32+00:00","og_image":[{"width":2200,"height":399,"url":"https:\/\/www.parrinst.com\/es\/files\/2018\/01\/parr_banner_multi_secondary.jpg","type":"image\/jpeg"}],"twitter_card":"summary_large_image","twitter_misc":{"Est. reading time":"1 minute"},"schema":{"@context":"https:\/\/schema.org","@graph":[{"@type":"WebPage","@id":"https:\/\/www.parrinst.com\/es\/products\/multi-reactor-systems\/six-reactor-parallel-system\/","url":"https:\/\/www.parrinst.com\/es\/products\/multi-reactor-systems\/six-reactor-parallel-system\/","name":"Sistema de 6 Reactores en Paralelo con Sistema Autom\u00e1tico de Muestreo - Parr Instrument (Espa\u00f1ol)","isPartOf":{"@id":"https:\/\/www.parrinst.com\/es\/#website"},"primaryImageOfPage":{"@id":"https:\/\/www.parrinst.com\/es\/products\/multi-reactor-systems\/six-reactor-parallel-system\/#primaryimage"},"image":{"@id":"https:\/\/www.parrinst.com\/es\/products\/multi-reactor-systems\/six-reactor-parallel-system\/#primaryimage"},"thumbnailUrl":"https:\/\/i0.wp.com\/www.parrinst.com\/es\/wp-content\/uploads\/sites\/7\/2018\/01\/parr_banner_multi_secondary.jpg?fit=2200%2C399&ssl=1","datePublished":"2015-12-29T21:27:38+00:00","dateModified":"2020-08-05T19:21:32+00:00","breadcrumb":{"@id":"https:\/\/www.parrinst.com\/es\/products\/multi-reactor-systems\/six-reactor-parallel-system\/#breadcrumb"},"inLanguage":"en-US","potentialAction":[{"@type":"ReadAction","target":["https:\/\/www.parrinst.com\/es\/products\/multi-reactor-systems\/six-reactor-parallel-system\/"]}]},{"@type":"ImageObject","inLanguage":"en-US","@id":"https:\/\/www.parrinst.com\/es\/products\/multi-reactor-systems\/six-reactor-parallel-system\/#primaryimage","url":"https:\/\/i0.wp.com\/www.parrinst.com\/es\/wp-content\/uploads\/sites\/7\/2018\/01\/parr_banner_multi_secondary.jpg?fit=2200%2C399&ssl=1","contentUrl":"https:\/\/i0.wp.com\/www.parrinst.com\/es\/wp-content\/uploads\/sites\/7\/2018\/01\/parr_banner_multi_secondary.jpg?fit=2200%2C399&ssl=1","width":2200,"height":399},{"@type":"BreadcrumbList","@id":"https:\/\/www.parrinst.com\/es\/products\/multi-reactor-systems\/six-reactor-parallel-system\/#breadcrumb","itemListElement":[{"@type":"ListItem","position":1,"name":"Home","item":"https:\/\/www.parrinst.com\/es\/"},{"@type":"ListItem","position":2,"name":"Products","item":"https:\/\/www.parrinst.com\/es\/products\/"},{"@type":"ListItem","position":3,"name":"Sistemas de Reactores M\u00faltliples","item":"https:\/\/www.parrinst.com\/es\/products\/multi-reactor-systems\/"},{"@type":"ListItem","position":4,"name":"Sistema de 6 Reactores en Paralelo con Sistema Autom\u00e1tico de Muestreo"}]},{"@type":"WebSite","@id":"https:\/\/www.parrinst.com\/es\/#website","url":"https:\/\/www.parrinst.com\/es\/","name":"Parr Instrument (Espa\u00f1ol)","description":"","potentialAction":[{"@type":"SearchAction","target":{"@type":"EntryPoint","urlTemplate":"https:\/\/www.parrinst.com\/es\/?s={search_term_string}"},"query-input":{"@type":"PropertyValueSpecification","valueRequired":true,"valueName":"search_term_string"}}],"inLanguage":"en-US"}]}},"jetpack_sharing_enabled":true,"_links":{"self":[{"href":"https:\/\/www.parrinst.com\/es\/wp-json\/wp\/v2\/pages\/12726","targetHints":{"allow":["GET"]}}],"collection":[{"href":"https:\/\/www.parrinst.com\/es\/wp-json\/wp\/v2\/pages"}],"about":[{"href":"https:\/\/www.parrinst.com\/es\/wp-json\/wp\/v2\/types\/page"}],"author":[{"embeddable":true,"href":"https:\/\/www.parrinst.com\/es\/wp-json\/wp\/v2\/users\/12"}],"replies":[{"embeddable":true,"href":"https:\/\/www.parrinst.com\/es\/wp-json\/wp\/v2\/comments?post=12726"}],"version-history":[{"count":3,"href":"https:\/\/www.parrinst.com\/es\/wp-json\/wp\/v2\/pages\/12726\/revisions"}],"predecessor-version":[{"id":39931,"href":"https:\/\/www.parrinst.com\/es\/wp-json\/wp\/v2\/pages\/12726\/revisions\/39931"}],"up":[{"embeddable":true,"href":"https:\/\/www.parrinst.com\/es\/wp-json\/wp\/v2\/pages\/12485"}],"wp:featuredmedia":[{"embeddable":true,"href":"https:\/\/www.parrinst.com\/es\/wp-json\/wp\/v2\/media\/36941"}],"wp:attachment":[{"href":"https:\/\/www.parrinst.com\/es\/wp-json\/wp\/v2\/media?parent=12726"}],"curies":[{"name":"wp","href":"https:\/\/api.w.org\/{rel}","templated":true}]}}