{"id":12738,"date":"2015-12-29T15:39:55","date_gmt":"2015-12-29T21:39:55","guid":{"rendered":"https:\/\/www.parrinst.com\/es\/?page_id=12738"},"modified":"2018-03-12T13:52:22","modified_gmt":"2018-03-12T19:52:22","slug":"16-station-multiple-reactor-system","status":"publish","type":"page","link":"https:\/\/www.parrinst.com\/es\/products\/multi-reactor-systems\/16-station-multiple-reactor-system\/","title":{"rendered":"Estaci\u00f3n de Sistema de M\u00faltiples Reactores 16"},"content":{"rendered":"<figure id=\"attachment_2426\" aria-describedby=\"caption-attachment-2426\" style=\"width: 300px\" class=\"wp-caption alignright\"><a href=\"https:\/\/i0.wp.com\/www.parrinst.com\/es\/wp-content\/uploads\/sites\/7\/2011\/06\/Multi-Reactor-System16_4870.jpg?ssl=1\"><img data-recalc-dims=\"1\" loading=\"lazy\" decoding=\"async\" class=\"wp-image-2426 size-medium\" src=\"https:\/\/i0.wp.com\/www.parrinst.com\/es\/wp-content\/uploads\/sites\/7\/2011\/06\/Multi-Reactor-System16_4870.jpg?resize=300%2C203&#038;ssl=1\" alt=\"Sistema Multi-Reactor con Controlador de Proceso de 4871\" width=\"300\" height=\"203\" srcset=\"https:\/\/i0.wp.com\/www.parrinst.com\/es\/wp-content\/uploads\/sites\/7\/2011\/06\/Multi-Reactor-System16_4870.jpg?resize=300%2C203&amp;ssl=1 300w, https:\/\/i0.wp.com\/www.parrinst.com\/es\/wp-content\/uploads\/sites\/7\/2011\/06\/Multi-Reactor-System16_4870.jpg?resize=222%2C150&amp;ssl=1 222w, https:\/\/i0.wp.com\/www.parrinst.com\/es\/wp-content\/uploads\/sites\/7\/2011\/06\/Multi-Reactor-System16_4870.jpg?w=600&amp;ssl=1 600w\" sizes=\"auto, (max-width: 300px) 100vw, 300px\" \/><\/a><figcaption id=\"caption-attachment-2426\" class=\"wp-caption-text\">Sistema Multi-Reactor con Controlador de Proceso de 4871<\/figcaption><\/figure>\n<p>Este sistema es una combinaci\u00f3n de diecis\u00e9is Mini Reactores est\u00e1ndar 4560 con calefactores, v\u00e1lvulas, man\u00f3metros, ensambles de discos de ruptura y dos Controladores de Proceso 4871 con diecis\u00e9is Controladores de Potencia 4875, lo que permite al usuario correr simult\u00e1neamente varias reacciones, aplicando los principios de la experimentaci\u00f3n de alto rendimiento. Las variables individuales que se pueden controlar son las mezclas de gases, l\u00edquidos catalizadores u otros s\u00f3lidos, velocidad de agitaci\u00f3n, temperatura, presi\u00f3n y tiempo.<\/p>\n","protected":false},"excerpt":{"rendered":"<p>Este sistema es una combinaci\u00f3n de diecis\u00e9is Mini Reactores est\u00e1ndar 4560 con calefactores, v\u00e1lvulas, man\u00f3metros, ensambles de discos de ruptura y dos Controladores de Proceso 4871 con diecis\u00e9is Controladores de Potencia 4875, lo que permite al usuario correr simult\u00e1neamente varias reacciones, aplicando los principios de la experimentaci\u00f3n de alto rendimiento. Las variables individuales que se [&hellip;]<\/p>\n","protected":false},"author":12,"featured_media":36941,"parent":12485,"menu_order":8,"comment_status":"closed","ping_status":"closed","template":"product-narrow.php","meta":{"_acf_changed":false,"footnotes":"","_links_to":"","_links_to_target":""},"class_list":["post-12738","page","type-page","status-publish","has-post-thumbnail","hentry"],"acf":[],"yoast_head":"<!-- This site is optimized with the Yoast SEO plugin v27.5 - https:\/\/yoast.com\/product\/yoast-seo-wordpress\/ -->\n<title>Estaci\u00f3n de Sistema de M\u00faltiples Reactores 16 - Parr Instrument (Espa\u00f1ol)<\/title>\n<meta name=\"robots\" content=\"index, follow, max-snippet:-1, max-image-preview:large, max-video-preview:-1\" \/>\n<link rel=\"canonical\" href=\"https:\/\/www.parrinst.com\/es\/products\/multi-reactor-systems\/16-station-multiple-reactor-system\/\" \/>\n<meta property=\"og:locale\" content=\"en_US\" \/>\n<meta property=\"og:type\" content=\"article\" \/>\n<meta property=\"og:title\" content=\"Estaci\u00f3n de Sistema de M\u00faltiples Reactores 16 - Parr Instrument (Espa\u00f1ol)\" \/>\n<meta property=\"og:description\" content=\"Este sistema es una combinaci\u00f3n de diecis\u00e9is Mini Reactores est\u00e1ndar 4560 con calefactores, v\u00e1lvulas, man\u00f3metros, ensambles de discos de ruptura y dos Controladores de Proceso 4871 con diecis\u00e9is Controladores de Potencia 4875, lo que permite al usuario correr simult\u00e1neamente varias reacciones, aplicando los principios de la experimentaci\u00f3n de alto rendimiento. Las variables individuales que se [&hellip;]\" \/>\n<meta property=\"og:url\" content=\"https:\/\/www.parrinst.com\/es\/products\/multi-reactor-systems\/16-station-multiple-reactor-system\/\" \/>\n<meta property=\"og:site_name\" content=\"Parr Instrument (Espa\u00f1ol)\" \/>\n<meta property=\"article:modified_time\" content=\"2018-03-12T19:52:22+00:00\" \/>\n<meta property=\"og:image\" content=\"https:\/\/www.parrinst.com\/es\/files\/2018\/01\/parr_banner_multi_secondary.jpg\" \/>\n\t<meta property=\"og:image:width\" content=\"2200\" \/>\n\t<meta property=\"og:image:height\" content=\"399\" \/>\n\t<meta property=\"og:image:type\" content=\"image\/jpeg\" \/>\n<meta name=\"twitter:card\" content=\"summary_large_image\" \/>\n<script type=\"application\/ld+json\" class=\"yoast-schema-graph\">{\"@context\":\"https:\\\/\\\/schema.org\",\"@graph\":[{\"@type\":\"WebPage\",\"@id\":\"https:\\\/\\\/www.parrinst.com\\\/es\\\/products\\\/multi-reactor-systems\\\/16-station-multiple-reactor-system\\\/\",\"url\":\"https:\\\/\\\/www.parrinst.com\\\/es\\\/products\\\/multi-reactor-systems\\\/16-station-multiple-reactor-system\\\/\",\"name\":\"Estaci\u00f3n de Sistema de M\u00faltiples Reactores 16 - Parr Instrument (Espa\u00f1ol)\",\"isPartOf\":{\"@id\":\"https:\\\/\\\/www.parrinst.com\\\/es\\\/#website\"},\"primaryImageOfPage\":{\"@id\":\"https:\\\/\\\/www.parrinst.com\\\/es\\\/products\\\/multi-reactor-systems\\\/16-station-multiple-reactor-system\\\/#primaryimage\"},\"image\":{\"@id\":\"https:\\\/\\\/www.parrinst.com\\\/es\\\/products\\\/multi-reactor-systems\\\/16-station-multiple-reactor-system\\\/#primaryimage\"},\"thumbnailUrl\":\"https:\\\/\\\/i0.wp.com\\\/www.parrinst.com\\\/es\\\/wp-content\\\/uploads\\\/sites\\\/7\\\/2018\\\/01\\\/parr_banner_multi_secondary.jpg?fit=2200%2C399&ssl=1\",\"datePublished\":\"2015-12-29T21:39:55+00:00\",\"dateModified\":\"2018-03-12T19:52:22+00:00\",\"breadcrumb\":{\"@id\":\"https:\\\/\\\/www.parrinst.com\\\/es\\\/products\\\/multi-reactor-systems\\\/16-station-multiple-reactor-system\\\/#breadcrumb\"},\"inLanguage\":\"en-US\",\"potentialAction\":[{\"@type\":\"ReadAction\",\"target\":[\"https:\\\/\\\/www.parrinst.com\\\/es\\\/products\\\/multi-reactor-systems\\\/16-station-multiple-reactor-system\\\/\"]}]},{\"@type\":\"ImageObject\",\"inLanguage\":\"en-US\",\"@id\":\"https:\\\/\\\/www.parrinst.com\\\/es\\\/products\\\/multi-reactor-systems\\\/16-station-multiple-reactor-system\\\/#primaryimage\",\"url\":\"https:\\\/\\\/i0.wp.com\\\/www.parrinst.com\\\/es\\\/wp-content\\\/uploads\\\/sites\\\/7\\\/2018\\\/01\\\/parr_banner_multi_secondary.jpg?fit=2200%2C399&ssl=1\",\"contentUrl\":\"https:\\\/\\\/i0.wp.com\\\/www.parrinst.com\\\/es\\\/wp-content\\\/uploads\\\/sites\\\/7\\\/2018\\\/01\\\/parr_banner_multi_secondary.jpg?fit=2200%2C399&ssl=1\",\"width\":2200,\"height\":399},{\"@type\":\"BreadcrumbList\",\"@id\":\"https:\\\/\\\/www.parrinst.com\\\/es\\\/products\\\/multi-reactor-systems\\\/16-station-multiple-reactor-system\\\/#breadcrumb\",\"itemListElement\":[{\"@type\":\"ListItem\",\"position\":1,\"name\":\"Home\",\"item\":\"https:\\\/\\\/www.parrinst.com\\\/es\\\/\"},{\"@type\":\"ListItem\",\"position\":2,\"name\":\"Products\",\"item\":\"https:\\\/\\\/www.parrinst.com\\\/es\\\/products\\\/\"},{\"@type\":\"ListItem\",\"position\":3,\"name\":\"Sistemas de Reactores M\u00faltliples\",\"item\":\"https:\\\/\\\/www.parrinst.com\\\/es\\\/products\\\/multi-reactor-systems\\\/\"},{\"@type\":\"ListItem\",\"position\":4,\"name\":\"Estaci\u00f3n de Sistema de M\u00faltiples Reactores 16\"}]},{\"@type\":\"WebSite\",\"@id\":\"https:\\\/\\\/www.parrinst.com\\\/es\\\/#website\",\"url\":\"https:\\\/\\\/www.parrinst.com\\\/es\\\/\",\"name\":\"Parr Instrument (Espa\u00f1ol)\",\"description\":\"\",\"potentialAction\":[{\"@type\":\"SearchAction\",\"target\":{\"@type\":\"EntryPoint\",\"urlTemplate\":\"https:\\\/\\\/www.parrinst.com\\\/es\\\/?s={search_term_string}\"},\"query-input\":{\"@type\":\"PropertyValueSpecification\",\"valueRequired\":true,\"valueName\":\"search_term_string\"}}],\"inLanguage\":\"en-US\"}]}<\/script>\n<!-- \/ Yoast SEO plugin. -->","yoast_head_json":{"title":"Estaci\u00f3n de Sistema de M\u00faltiples Reactores 16 - Parr Instrument (Espa\u00f1ol)","robots":{"index":"index","follow":"follow","max-snippet":"max-snippet:-1","max-image-preview":"max-image-preview:large","max-video-preview":"max-video-preview:-1"},"canonical":"https:\/\/www.parrinst.com\/es\/products\/multi-reactor-systems\/16-station-multiple-reactor-system\/","og_locale":"en_US","og_type":"article","og_title":"Estaci\u00f3n de Sistema de M\u00faltiples Reactores 16 - Parr Instrument (Espa\u00f1ol)","og_description":"Este sistema es una combinaci\u00f3n de diecis\u00e9is Mini Reactores est\u00e1ndar 4560 con calefactores, v\u00e1lvulas, man\u00f3metros, ensambles de discos de ruptura y dos Controladores de Proceso 4871 con diecis\u00e9is Controladores de Potencia 4875, lo que permite al usuario correr simult\u00e1neamente varias reacciones, aplicando los principios de la experimentaci\u00f3n de alto rendimiento. Las variables individuales que se [&hellip;]","og_url":"https:\/\/www.parrinst.com\/es\/products\/multi-reactor-systems\/16-station-multiple-reactor-system\/","og_site_name":"Parr Instrument (Espa\u00f1ol)","article_modified_time":"2018-03-12T19:52:22+00:00","og_image":[{"width":2200,"height":399,"url":"https:\/\/www.parrinst.com\/es\/files\/2018\/01\/parr_banner_multi_secondary.jpg","type":"image\/jpeg"}],"twitter_card":"summary_large_image","schema":{"@context":"https:\/\/schema.org","@graph":[{"@type":"WebPage","@id":"https:\/\/www.parrinst.com\/es\/products\/multi-reactor-systems\/16-station-multiple-reactor-system\/","url":"https:\/\/www.parrinst.com\/es\/products\/multi-reactor-systems\/16-station-multiple-reactor-system\/","name":"Estaci\u00f3n de Sistema de M\u00faltiples Reactores 16 - Parr Instrument (Espa\u00f1ol)","isPartOf":{"@id":"https:\/\/www.parrinst.com\/es\/#website"},"primaryImageOfPage":{"@id":"https:\/\/www.parrinst.com\/es\/products\/multi-reactor-systems\/16-station-multiple-reactor-system\/#primaryimage"},"image":{"@id":"https:\/\/www.parrinst.com\/es\/products\/multi-reactor-systems\/16-station-multiple-reactor-system\/#primaryimage"},"thumbnailUrl":"https:\/\/i0.wp.com\/www.parrinst.com\/es\/wp-content\/uploads\/sites\/7\/2018\/01\/parr_banner_multi_secondary.jpg?fit=2200%2C399&ssl=1","datePublished":"2015-12-29T21:39:55+00:00","dateModified":"2018-03-12T19:52:22+00:00","breadcrumb":{"@id":"https:\/\/www.parrinst.com\/es\/products\/multi-reactor-systems\/16-station-multiple-reactor-system\/#breadcrumb"},"inLanguage":"en-US","potentialAction":[{"@type":"ReadAction","target":["https:\/\/www.parrinst.com\/es\/products\/multi-reactor-systems\/16-station-multiple-reactor-system\/"]}]},{"@type":"ImageObject","inLanguage":"en-US","@id":"https:\/\/www.parrinst.com\/es\/products\/multi-reactor-systems\/16-station-multiple-reactor-system\/#primaryimage","url":"https:\/\/i0.wp.com\/www.parrinst.com\/es\/wp-content\/uploads\/sites\/7\/2018\/01\/parr_banner_multi_secondary.jpg?fit=2200%2C399&ssl=1","contentUrl":"https:\/\/i0.wp.com\/www.parrinst.com\/es\/wp-content\/uploads\/sites\/7\/2018\/01\/parr_banner_multi_secondary.jpg?fit=2200%2C399&ssl=1","width":2200,"height":399},{"@type":"BreadcrumbList","@id":"https:\/\/www.parrinst.com\/es\/products\/multi-reactor-systems\/16-station-multiple-reactor-system\/#breadcrumb","itemListElement":[{"@type":"ListItem","position":1,"name":"Home","item":"https:\/\/www.parrinst.com\/es\/"},{"@type":"ListItem","position":2,"name":"Products","item":"https:\/\/www.parrinst.com\/es\/products\/"},{"@type":"ListItem","position":3,"name":"Sistemas de Reactores M\u00faltliples","item":"https:\/\/www.parrinst.com\/es\/products\/multi-reactor-systems\/"},{"@type":"ListItem","position":4,"name":"Estaci\u00f3n de Sistema de M\u00faltiples Reactores 16"}]},{"@type":"WebSite","@id":"https:\/\/www.parrinst.com\/es\/#website","url":"https:\/\/www.parrinst.com\/es\/","name":"Parr Instrument (Espa\u00f1ol)","description":"","potentialAction":[{"@type":"SearchAction","target":{"@type":"EntryPoint","urlTemplate":"https:\/\/www.parrinst.com\/es\/?s={search_term_string}"},"query-input":{"@type":"PropertyValueSpecification","valueRequired":true,"valueName":"search_term_string"}}],"inLanguage":"en-US"}]}},"jetpack_sharing_enabled":true,"_links":{"self":[{"href":"https:\/\/www.parrinst.com\/es\/wp-json\/wp\/v2\/pages\/12738","targetHints":{"allow":["GET"]}}],"collection":[{"href":"https:\/\/www.parrinst.com\/es\/wp-json\/wp\/v2\/pages"}],"about":[{"href":"https:\/\/www.parrinst.com\/es\/wp-json\/wp\/v2\/types\/page"}],"author":[{"embeddable":true,"href":"https:\/\/www.parrinst.com\/es\/wp-json\/wp\/v2\/users\/12"}],"replies":[{"embeddable":true,"href":"https:\/\/www.parrinst.com\/es\/wp-json\/wp\/v2\/comments?post=12738"}],"version-history":[{"count":2,"href":"https:\/\/www.parrinst.com\/es\/wp-json\/wp\/v2\/pages\/12738\/revisions"}],"predecessor-version":[{"id":38244,"href":"https:\/\/www.parrinst.com\/es\/wp-json\/wp\/v2\/pages\/12738\/revisions\/38244"}],"up":[{"embeddable":true,"href":"https:\/\/www.parrinst.com\/es\/wp-json\/wp\/v2\/pages\/12485"}],"wp:featuredmedia":[{"embeddable":true,"href":"https:\/\/www.parrinst.com\/es\/wp-json\/wp\/v2\/media\/36941"}],"wp:attachment":[{"href":"https:\/\/www.parrinst.com\/es\/wp-json\/wp\/v2\/media?parent=12738"}],"curies":[{"name":"wp","href":"https:\/\/api.w.org\/{rel}","templated":true}]}}