{"id":13056,"date":"2016-06-16T10:25:09","date_gmt":"2016-06-16T15:25:09","guid":{"rendered":"https:\/\/www.parrinst.com\/es\/?page_id=13056"},"modified":"2022-04-08T12:13:27","modified_gmt":"2022-04-08T17:13:27","slug":"rfq","status":"publish","type":"page","link":"https:\/\/www.parrinst.com\/es\/products\/specialty-custom-systems\/apparatus-determining-rate-pressure-change-starter-compositions\/rfq\/","title":{"rendered":"\u00a1Cotiza ya!"},"content":{"rendered":"<h2><strong>Cotizaci\u00f3n<\/strong><\/h2>\n<p><strong>Comun\u00edquese<\/strong> con el Departamento de Ventas T\u00e9cnicas de Parr Instrument Company para analizar su aplicaci\u00f3n para este <strong>aparato para determinar la tasa de cambio de presi\u00f3n para composiciones de arranque<\/strong> personalizado.<\/p>\n<p>Su informaci\u00f3n de contacto y su consulta pueden compartirse con nuestros representantes autorizados de ventas y servicio t\u00e9cnico en su \u00e1rea. No compartimos ninguno de los datos que nos proporciona con nadie fuera de nuestra organizaci\u00f3n o representantes.<\/p>\n<div id=\"frmapi-103796\" class=\"frmapi-form\" data-url=\"https:\/\/www.parrinst.com\/wp-json\/frm\/v2\/forms\/10?exclude_script=&#038;return=html\"><\/div>\n","protected":false},"excerpt":{"rendered":"<p>Cotizaci\u00f3n Comun\u00edquese con el Departamento de Ventas T\u00e9cnicas de Parr Instrument Company para analizar su aplicaci\u00f3n para este aparato para determinar la tasa de cambio de presi\u00f3n para composiciones de arranque personalizado. Su informaci\u00f3n de contacto y su consulta pueden compartirse con nuestros representantes autorizados de ventas y servicio t\u00e9cnico en su \u00e1rea. No compartimos [&hellip;]<\/p>\n","protected":false},"author":12,"featured_media":36941,"parent":13052,"menu_order":30,"comment_status":"closed","ping_status":"closed","template":"product-narrow.php","meta":{"_acf_changed":false,"footnotes":"","_links_to":"","_links_to_target":""},"class_list":["post-13056","page","type-page","status-publish","has-post-thumbnail","hentry"],"acf":[],"yoast_head":"<!-- This site is optimized with the Yoast SEO plugin v27.5 - https:\/\/yoast.com\/product\/yoast-seo-wordpress\/ -->\n<title>\u00a1Cotiza ya! - Parr Instrument (Espa\u00f1ol)<\/title>\n<meta name=\"robots\" content=\"index, follow, max-snippet:-1, max-image-preview:large, max-video-preview:-1\" \/>\n<link rel=\"canonical\" href=\"https:\/\/www.parrinst.com\/es\/products\/specialty-custom-systems\/apparatus-determining-rate-pressure-change-starter-compositions\/rfq\/\" \/>\n<meta property=\"og:locale\" content=\"en_US\" \/>\n<meta property=\"og:type\" content=\"article\" \/>\n<meta property=\"og:title\" content=\"\u00a1Cotiza ya! - Parr Instrument (Espa\u00f1ol)\" \/>\n<meta property=\"og:description\" content=\"Cotizaci\u00f3n Comun\u00edquese con el Departamento de Ventas T\u00e9cnicas de Parr Instrument Company para analizar su aplicaci\u00f3n para este aparato para determinar la tasa de cambio de presi\u00f3n para composiciones de arranque personalizado. Su informaci\u00f3n de contacto y su consulta pueden compartirse con nuestros representantes autorizados de ventas y servicio t\u00e9cnico en su \u00e1rea. No compartimos [&hellip;]\" \/>\n<meta property=\"og:url\" content=\"https:\/\/www.parrinst.com\/es\/products\/specialty-custom-systems\/apparatus-determining-rate-pressure-change-starter-compositions\/rfq\/\" \/>\n<meta property=\"og:site_name\" content=\"Parr Instrument (Espa\u00f1ol)\" \/>\n<meta property=\"article:modified_time\" content=\"2022-04-08T17:13:27+00:00\" \/>\n<meta property=\"og:image\" content=\"https:\/\/www.parrinst.com\/es\/files\/2018\/01\/parr_banner_multi_secondary.jpg\" \/>\n\t<meta property=\"og:image:width\" content=\"2200\" \/>\n\t<meta property=\"og:image:height\" content=\"399\" \/>\n\t<meta property=\"og:image:type\" content=\"image\/jpeg\" \/>\n<meta name=\"twitter:card\" content=\"summary_large_image\" \/>\n<script type=\"application\/ld+json\" class=\"yoast-schema-graph\">{\"@context\":\"https:\\\/\\\/schema.org\",\"@graph\":[{\"@type\":\"WebPage\",\"@id\":\"https:\\\/\\\/www.parrinst.com\\\/es\\\/products\\\/specialty-custom-systems\\\/apparatus-determining-rate-pressure-change-starter-compositions\\\/rfq\\\/\",\"url\":\"https:\\\/\\\/www.parrinst.com\\\/es\\\/products\\\/specialty-custom-systems\\\/apparatus-determining-rate-pressure-change-starter-compositions\\\/rfq\\\/\",\"name\":\"\u00a1Cotiza ya! - Parr Instrument (Espa\u00f1ol)\",\"isPartOf\":{\"@id\":\"https:\\\/\\\/www.parrinst.com\\\/es\\\/#website\"},\"primaryImageOfPage\":{\"@id\":\"https:\\\/\\\/www.parrinst.com\\\/es\\\/products\\\/specialty-custom-systems\\\/apparatus-determining-rate-pressure-change-starter-compositions\\\/rfq\\\/#primaryimage\"},\"image\":{\"@id\":\"https:\\\/\\\/www.parrinst.com\\\/es\\\/products\\\/specialty-custom-systems\\\/apparatus-determining-rate-pressure-change-starter-compositions\\\/rfq\\\/#primaryimage\"},\"thumbnailUrl\":\"https:\\\/\\\/i0.wp.com\\\/www.parrinst.com\\\/es\\\/wp-content\\\/uploads\\\/sites\\\/7\\\/2018\\\/01\\\/parr_banner_multi_secondary.jpg?fit=2200%2C399&ssl=1\",\"datePublished\":\"2016-06-16T15:25:09+00:00\",\"dateModified\":\"2022-04-08T17:13:27+00:00\",\"breadcrumb\":{\"@id\":\"https:\\\/\\\/www.parrinst.com\\\/es\\\/products\\\/specialty-custom-systems\\\/apparatus-determining-rate-pressure-change-starter-compositions\\\/rfq\\\/#breadcrumb\"},\"inLanguage\":\"en-US\",\"potentialAction\":[{\"@type\":\"ReadAction\",\"target\":[\"https:\\\/\\\/www.parrinst.com\\\/es\\\/products\\\/specialty-custom-systems\\\/apparatus-determining-rate-pressure-change-starter-compositions\\\/rfq\\\/\"]}]},{\"@type\":\"ImageObject\",\"inLanguage\":\"en-US\",\"@id\":\"https:\\\/\\\/www.parrinst.com\\\/es\\\/products\\\/specialty-custom-systems\\\/apparatus-determining-rate-pressure-change-starter-compositions\\\/rfq\\\/#primaryimage\",\"url\":\"https:\\\/\\\/i0.wp.com\\\/www.parrinst.com\\\/es\\\/wp-content\\\/uploads\\\/sites\\\/7\\\/2018\\\/01\\\/parr_banner_multi_secondary.jpg?fit=2200%2C399&ssl=1\",\"contentUrl\":\"https:\\\/\\\/i0.wp.com\\\/www.parrinst.com\\\/es\\\/wp-content\\\/uploads\\\/sites\\\/7\\\/2018\\\/01\\\/parr_banner_multi_secondary.jpg?fit=2200%2C399&ssl=1\",\"width\":2200,\"height\":399},{\"@type\":\"BreadcrumbList\",\"@id\":\"https:\\\/\\\/www.parrinst.com\\\/es\\\/products\\\/specialty-custom-systems\\\/apparatus-determining-rate-pressure-change-starter-compositions\\\/rfq\\\/#breadcrumb\",\"itemListElement\":[{\"@type\":\"ListItem\",\"position\":1,\"name\":\"Home\",\"item\":\"https:\\\/\\\/www.parrinst.com\\\/es\\\/\"},{\"@type\":\"ListItem\",\"position\":2,\"name\":\"Products\",\"item\":\"https:\\\/\\\/www.parrinst.com\\\/es\\\/products\\\/\"},{\"@type\":\"ListItem\",\"position\":3,\"name\":\"Sistemas de Especialidad y Personalizados\",\"item\":\"https:\\\/\\\/www.parrinst.com\\\/es\\\/products\\\/specialty-custom-systems\\\/\"},{\"@type\":\"ListItem\",\"position\":4,\"name\":\"Apparatus for Determining the Rate of Pressure Change for Starter Compositions\",\"item\":\"https:\\\/\\\/www.parrinst.com\\\/es\\\/products\\\/specialty-custom-systems\\\/apparatus-determining-rate-pressure-change-starter-compositions\\\/\"},{\"@type\":\"ListItem\",\"position\":5,\"name\":\"\u00a1Cotiza ya!\"}]},{\"@type\":\"WebSite\",\"@id\":\"https:\\\/\\\/www.parrinst.com\\\/es\\\/#website\",\"url\":\"https:\\\/\\\/www.parrinst.com\\\/es\\\/\",\"name\":\"Parr Instrument (Espa\u00f1ol)\",\"description\":\"\",\"potentialAction\":[{\"@type\":\"SearchAction\",\"target\":{\"@type\":\"EntryPoint\",\"urlTemplate\":\"https:\\\/\\\/www.parrinst.com\\\/es\\\/?s={search_term_string}\"},\"query-input\":{\"@type\":\"PropertyValueSpecification\",\"valueRequired\":true,\"valueName\":\"search_term_string\"}}],\"inLanguage\":\"en-US\"}]}<\/script>\n<!-- \/ Yoast SEO plugin. -->","yoast_head_json":{"title":"\u00a1Cotiza ya! - Parr Instrument (Espa\u00f1ol)","robots":{"index":"index","follow":"follow","max-snippet":"max-snippet:-1","max-image-preview":"max-image-preview:large","max-video-preview":"max-video-preview:-1"},"canonical":"https:\/\/www.parrinst.com\/es\/products\/specialty-custom-systems\/apparatus-determining-rate-pressure-change-starter-compositions\/rfq\/","og_locale":"en_US","og_type":"article","og_title":"\u00a1Cotiza ya! - Parr Instrument (Espa\u00f1ol)","og_description":"Cotizaci\u00f3n Comun\u00edquese con el Departamento de Ventas T\u00e9cnicas de Parr Instrument Company para analizar su aplicaci\u00f3n para este aparato para determinar la tasa de cambio de presi\u00f3n para composiciones de arranque personalizado. Su informaci\u00f3n de contacto y su consulta pueden compartirse con nuestros representantes autorizados de ventas y servicio t\u00e9cnico en su \u00e1rea. No compartimos [&hellip;]","og_url":"https:\/\/www.parrinst.com\/es\/products\/specialty-custom-systems\/apparatus-determining-rate-pressure-change-starter-compositions\/rfq\/","og_site_name":"Parr Instrument (Espa\u00f1ol)","article_modified_time":"2022-04-08T17:13:27+00:00","og_image":[{"width":2200,"height":399,"url":"https:\/\/www.parrinst.com\/es\/files\/2018\/01\/parr_banner_multi_secondary.jpg","type":"image\/jpeg"}],"twitter_card":"summary_large_image","schema":{"@context":"https:\/\/schema.org","@graph":[{"@type":"WebPage","@id":"https:\/\/www.parrinst.com\/es\/products\/specialty-custom-systems\/apparatus-determining-rate-pressure-change-starter-compositions\/rfq\/","url":"https:\/\/www.parrinst.com\/es\/products\/specialty-custom-systems\/apparatus-determining-rate-pressure-change-starter-compositions\/rfq\/","name":"\u00a1Cotiza ya! - Parr Instrument (Espa\u00f1ol)","isPartOf":{"@id":"https:\/\/www.parrinst.com\/es\/#website"},"primaryImageOfPage":{"@id":"https:\/\/www.parrinst.com\/es\/products\/specialty-custom-systems\/apparatus-determining-rate-pressure-change-starter-compositions\/rfq\/#primaryimage"},"image":{"@id":"https:\/\/www.parrinst.com\/es\/products\/specialty-custom-systems\/apparatus-determining-rate-pressure-change-starter-compositions\/rfq\/#primaryimage"},"thumbnailUrl":"https:\/\/i0.wp.com\/www.parrinst.com\/es\/wp-content\/uploads\/sites\/7\/2018\/01\/parr_banner_multi_secondary.jpg?fit=2200%2C399&ssl=1","datePublished":"2016-06-16T15:25:09+00:00","dateModified":"2022-04-08T17:13:27+00:00","breadcrumb":{"@id":"https:\/\/www.parrinst.com\/es\/products\/specialty-custom-systems\/apparatus-determining-rate-pressure-change-starter-compositions\/rfq\/#breadcrumb"},"inLanguage":"en-US","potentialAction":[{"@type":"ReadAction","target":["https:\/\/www.parrinst.com\/es\/products\/specialty-custom-systems\/apparatus-determining-rate-pressure-change-starter-compositions\/rfq\/"]}]},{"@type":"ImageObject","inLanguage":"en-US","@id":"https:\/\/www.parrinst.com\/es\/products\/specialty-custom-systems\/apparatus-determining-rate-pressure-change-starter-compositions\/rfq\/#primaryimage","url":"https:\/\/i0.wp.com\/www.parrinst.com\/es\/wp-content\/uploads\/sites\/7\/2018\/01\/parr_banner_multi_secondary.jpg?fit=2200%2C399&ssl=1","contentUrl":"https:\/\/i0.wp.com\/www.parrinst.com\/es\/wp-content\/uploads\/sites\/7\/2018\/01\/parr_banner_multi_secondary.jpg?fit=2200%2C399&ssl=1","width":2200,"height":399},{"@type":"BreadcrumbList","@id":"https:\/\/www.parrinst.com\/es\/products\/specialty-custom-systems\/apparatus-determining-rate-pressure-change-starter-compositions\/rfq\/#breadcrumb","itemListElement":[{"@type":"ListItem","position":1,"name":"Home","item":"https:\/\/www.parrinst.com\/es\/"},{"@type":"ListItem","position":2,"name":"Products","item":"https:\/\/www.parrinst.com\/es\/products\/"},{"@type":"ListItem","position":3,"name":"Sistemas de Especialidad y Personalizados","item":"https:\/\/www.parrinst.com\/es\/products\/specialty-custom-systems\/"},{"@type":"ListItem","position":4,"name":"Apparatus for Determining the Rate of Pressure Change for Starter Compositions","item":"https:\/\/www.parrinst.com\/es\/products\/specialty-custom-systems\/apparatus-determining-rate-pressure-change-starter-compositions\/"},{"@type":"ListItem","position":5,"name":"\u00a1Cotiza ya!"}]},{"@type":"WebSite","@id":"https:\/\/www.parrinst.com\/es\/#website","url":"https:\/\/www.parrinst.com\/es\/","name":"Parr Instrument (Espa\u00f1ol)","description":"","potentialAction":[{"@type":"SearchAction","target":{"@type":"EntryPoint","urlTemplate":"https:\/\/www.parrinst.com\/es\/?s={search_term_string}"},"query-input":{"@type":"PropertyValueSpecification","valueRequired":true,"valueName":"search_term_string"}}],"inLanguage":"en-US"}]}},"jetpack_sharing_enabled":true,"_links":{"self":[{"href":"https:\/\/www.parrinst.com\/es\/wp-json\/wp\/v2\/pages\/13056","targetHints":{"allow":["GET"]}}],"collection":[{"href":"https:\/\/www.parrinst.com\/es\/wp-json\/wp\/v2\/pages"}],"about":[{"href":"https:\/\/www.parrinst.com\/es\/wp-json\/wp\/v2\/types\/page"}],"author":[{"embeddable":true,"href":"https:\/\/www.parrinst.com\/es\/wp-json\/wp\/v2\/users\/12"}],"replies":[{"embeddable":true,"href":"https:\/\/www.parrinst.com\/es\/wp-json\/wp\/v2\/comments?post=13056"}],"version-history":[{"count":5,"href":"https:\/\/www.parrinst.com\/es\/wp-json\/wp\/v2\/pages\/13056\/revisions"}],"predecessor-version":[{"id":40558,"href":"https:\/\/www.parrinst.com\/es\/wp-json\/wp\/v2\/pages\/13056\/revisions\/40558"}],"up":[{"embeddable":true,"href":"https:\/\/www.parrinst.com\/es\/wp-json\/wp\/v2\/pages\/13052"}],"wp:featuredmedia":[{"embeddable":true,"href":"https:\/\/www.parrinst.com\/es\/wp-json\/wp\/v2\/media\/36941"}],"wp:attachment":[{"href":"https:\/\/www.parrinst.com\/es\/wp-json\/wp\/v2\/media?parent=13056"}],"curies":[{"name":"wp","href":"https:\/\/api.w.org\/{rel}","templated":true}]}}