{"id":13118,"date":"2016-07-20T15:16:14","date_gmt":"2016-07-20T20:16:14","guid":{"rendered":"https:\/\/www.parrinst.com\/es\/?page_id=13118"},"modified":"2018-03-02T14:39:02","modified_gmt":"2018-03-02T20:39:02","slug":"aplicaciones","status":"publish","type":"page","link":"https:\/\/www.parrinst.com\/es\/products\/sample-preparation\/oxygen-combustion-bombs\/aplicaciones\/","title":{"rendered":"Aplicaciones"},"content":{"rendered":"<p><strong>Muchas aplicaciones. <\/strong>La fiabilidad del m\u00e9todo de vaso de ox\u00edgeno la ha llevado a su aceptaci\u00f3n como el procedimiento b\u00e1sico para la determinaci\u00f3n de azufre, hal\u00f3genos y otros elementos en una amplia gama de materiales combustibles, en particular:<\/p>\n<p><strong>Azufre<\/strong> en carb\u00f3n, coque y combustibles derivados rechazados.<\/p>\n<p><strong>Azufre<\/strong> en productos de petr\u00f3leo.<\/p>\n<p><strong>Cloro<\/strong> en las muestras de petr\u00f3leo y de otros combustibles.<\/p>\n<p>Otros hal\u00f3genos y elementos como: ars\u00e9nico, mercurio, f\u00f3sforo y boro tambi\u00e9n pueden determinarse por m\u00e9todos de vaso de ox\u00edgeno. Los metales pesados presentes como trazas en muestras combustibles se pueden determinar adicionando un revestimiento de cuarzo. Un an\u00e1lisis completo de los m\u00e9todos de la vaso de ox\u00edgeno, incluyendo una lista de los procedimientos de prueba de los est\u00e1ndares ASTM, ANSI, API y una extensa bibliograf\u00eda se proporciona en <a  data-e-Disable-Page-Transition=\"true\" class=\"download-link\" title=\"\" href=\"https:\/\/www.parrinst.com\/es\/download\/37021\/?tmstv=1776506691\" rel=\"nofollow\" id=\"download-link-37021\" data-redirect=\"false\" >\n\t207M Analytical Methods for Oxygen Bombs<\/a>\n.<\/p>\n","protected":false},"excerpt":{"rendered":"<p>Muchas aplicaciones. La fiabilidad del m\u00e9todo de vaso de ox\u00edgeno la ha llevado a su aceptaci\u00f3n como el procedimiento b\u00e1sico para la determinaci\u00f3n de azufre, hal\u00f3genos y otros elementos en una amplia gama de materiales combustibles, en particular: Azufre en carb\u00f3n, coque y combustibles derivados rechazados. Azufre en productos de petr\u00f3leo. Cloro en las muestras [&hellip;]<\/p>\n","protected":false},"author":12,"featured_media":37722,"parent":298,"menu_order":5,"comment_status":"closed","ping_status":"closed","template":"general-tabs.php","meta":{"_acf_changed":false,"footnotes":"","_links_to":"","_links_to_target":""},"class_list":["post-13118","page","type-page","status-publish","has-post-thumbnail","hentry"],"acf":[],"yoast_head":"<!-- This site is optimized with the Yoast SEO plugin v27.4 - https:\/\/yoast.com\/product\/yoast-seo-wordpress\/ -->\n<title>Aplicaciones - Parr Instrument (Espa\u00f1ol)<\/title>\n<meta name=\"robots\" content=\"index, follow, max-snippet:-1, max-image-preview:large, max-video-preview:-1\" \/>\n<link rel=\"canonical\" href=\"https:\/\/www.parrinst.com\/es\/products\/sample-preparation\/oxygen-combustion-bombs\/aplicaciones\/\" \/>\n<meta property=\"og:locale\" content=\"en_US\" \/>\n<meta property=\"og:type\" content=\"article\" \/>\n<meta property=\"og:title\" content=\"Aplicaciones - Parr Instrument (Espa\u00f1ol)\" \/>\n<meta property=\"og:description\" content=\"Muchas aplicaciones. La fiabilidad del m\u00e9todo de vaso de ox\u00edgeno la ha llevado a su aceptaci\u00f3n como el procedimiento b\u00e1sico para la determinaci\u00f3n de azufre, hal\u00f3genos y otros elementos en una amplia gama de materiales combustibles, en particular: Azufre en carb\u00f3n, coque y combustibles derivados rechazados. Azufre en productos de petr\u00f3leo. Cloro en las muestras [&hellip;]\" \/>\n<meta property=\"og:url\" content=\"https:\/\/www.parrinst.com\/es\/products\/sample-preparation\/oxygen-combustion-bombs\/aplicaciones\/\" \/>\n<meta property=\"og:site_name\" content=\"Parr Instrument (Espa\u00f1ol)\" \/>\n<meta property=\"article:modified_time\" content=\"2018-03-02T20:39:02+00:00\" \/>\n<meta property=\"og:image\" content=\"https:\/\/www.parrinst.com\/es\/files\/2018\/01\/parr_banner_sample-prep_secondary-1.jpg\" \/>\n\t<meta property=\"og:image:width\" content=\"2200\" \/>\n\t<meta property=\"og:image:height\" content=\"399\" \/>\n\t<meta property=\"og:image:type\" content=\"image\/jpeg\" \/>\n<meta name=\"twitter:card\" content=\"summary_large_image\" \/>\n<meta name=\"twitter:label1\" content=\"Est. reading time\" \/>\n\t<meta name=\"twitter:data1\" content=\"1 minute\" \/>\n<script type=\"application\/ld+json\" class=\"yoast-schema-graph\">{\"@context\":\"https:\\\/\\\/schema.org\",\"@graph\":[{\"@type\":\"WebPage\",\"@id\":\"https:\\\/\\\/www.parrinst.com\\\/es\\\/products\\\/sample-preparation\\\/oxygen-combustion-bombs\\\/aplicaciones\\\/\",\"url\":\"https:\\\/\\\/www.parrinst.com\\\/es\\\/products\\\/sample-preparation\\\/oxygen-combustion-bombs\\\/aplicaciones\\\/\",\"name\":\"Aplicaciones - Parr Instrument (Espa\u00f1ol)\",\"isPartOf\":{\"@id\":\"https:\\\/\\\/www.parrinst.com\\\/es\\\/#website\"},\"primaryImageOfPage\":{\"@id\":\"https:\\\/\\\/www.parrinst.com\\\/es\\\/products\\\/sample-preparation\\\/oxygen-combustion-bombs\\\/aplicaciones\\\/#primaryimage\"},\"image\":{\"@id\":\"https:\\\/\\\/www.parrinst.com\\\/es\\\/products\\\/sample-preparation\\\/oxygen-combustion-bombs\\\/aplicaciones\\\/#primaryimage\"},\"thumbnailUrl\":\"https:\\\/\\\/i0.wp.com\\\/www.parrinst.com\\\/es\\\/wp-content\\\/uploads\\\/sites\\\/7\\\/2018\\\/01\\\/parr_banner_sample-prep_secondary-1.jpg?fit=2200%2C399&ssl=1\",\"datePublished\":\"2016-07-20T20:16:14+00:00\",\"dateModified\":\"2018-03-02T20:39:02+00:00\",\"breadcrumb\":{\"@id\":\"https:\\\/\\\/www.parrinst.com\\\/es\\\/products\\\/sample-preparation\\\/oxygen-combustion-bombs\\\/aplicaciones\\\/#breadcrumb\"},\"inLanguage\":\"en-US\",\"potentialAction\":[{\"@type\":\"ReadAction\",\"target\":[\"https:\\\/\\\/www.parrinst.com\\\/es\\\/products\\\/sample-preparation\\\/oxygen-combustion-bombs\\\/aplicaciones\\\/\"]}]},{\"@type\":\"ImageObject\",\"inLanguage\":\"en-US\",\"@id\":\"https:\\\/\\\/www.parrinst.com\\\/es\\\/products\\\/sample-preparation\\\/oxygen-combustion-bombs\\\/aplicaciones\\\/#primaryimage\",\"url\":\"https:\\\/\\\/i0.wp.com\\\/www.parrinst.com\\\/es\\\/wp-content\\\/uploads\\\/sites\\\/7\\\/2018\\\/01\\\/parr_banner_sample-prep_secondary-1.jpg?fit=2200%2C399&ssl=1\",\"contentUrl\":\"https:\\\/\\\/i0.wp.com\\\/www.parrinst.com\\\/es\\\/wp-content\\\/uploads\\\/sites\\\/7\\\/2018\\\/01\\\/parr_banner_sample-prep_secondary-1.jpg?fit=2200%2C399&ssl=1\",\"width\":2200,\"height\":399},{\"@type\":\"BreadcrumbList\",\"@id\":\"https:\\\/\\\/www.parrinst.com\\\/es\\\/products\\\/sample-preparation\\\/oxygen-combustion-bombs\\\/aplicaciones\\\/#breadcrumb\",\"itemListElement\":[{\"@type\":\"ListItem\",\"position\":1,\"name\":\"Home\",\"item\":\"https:\\\/\\\/www.parrinst.com\\\/es\\\/\"},{\"@type\":\"ListItem\",\"position\":2,\"name\":\"Products\",\"item\":\"https:\\\/\\\/www.parrinst.com\\\/es\\\/products\\\/\"},{\"@type\":\"ListItem\",\"position\":3,\"name\":\"Preparaci\u00f3n de Muestras\",\"item\":\"https:\\\/\\\/www.parrinst.com\\\/es\\\/products\\\/sample-preparation\\\/\"},{\"@type\":\"ListItem\",\"position\":4,\"name\":\"Recipientes de Combusti\u00f3n de Ox\u00edgeno\",\"item\":\"https:\\\/\\\/www.parrinst.com\\\/es\\\/products\\\/sample-preparation\\\/oxygen-combustion-bombs\\\/\"},{\"@type\":\"ListItem\",\"position\":5,\"name\":\"Aplicaciones\"}]},{\"@type\":\"WebSite\",\"@id\":\"https:\\\/\\\/www.parrinst.com\\\/es\\\/#website\",\"url\":\"https:\\\/\\\/www.parrinst.com\\\/es\\\/\",\"name\":\"Parr Instrument (Espa\u00f1ol)\",\"description\":\"\",\"potentialAction\":[{\"@type\":\"SearchAction\",\"target\":{\"@type\":\"EntryPoint\",\"urlTemplate\":\"https:\\\/\\\/www.parrinst.com\\\/es\\\/?s={search_term_string}\"},\"query-input\":{\"@type\":\"PropertyValueSpecification\",\"valueRequired\":true,\"valueName\":\"search_term_string\"}}],\"inLanguage\":\"en-US\"}]}<\/script>\n<!-- \/ Yoast SEO plugin. -->","yoast_head_json":{"title":"Aplicaciones - Parr Instrument (Espa\u00f1ol)","robots":{"index":"index","follow":"follow","max-snippet":"max-snippet:-1","max-image-preview":"max-image-preview:large","max-video-preview":"max-video-preview:-1"},"canonical":"https:\/\/www.parrinst.com\/es\/products\/sample-preparation\/oxygen-combustion-bombs\/aplicaciones\/","og_locale":"en_US","og_type":"article","og_title":"Aplicaciones - Parr Instrument (Espa\u00f1ol)","og_description":"Muchas aplicaciones. La fiabilidad del m\u00e9todo de vaso de ox\u00edgeno la ha llevado a su aceptaci\u00f3n como el procedimiento b\u00e1sico para la determinaci\u00f3n de azufre, hal\u00f3genos y otros elementos en una amplia gama de materiales combustibles, en particular: Azufre en carb\u00f3n, coque y combustibles derivados rechazados. Azufre en productos de petr\u00f3leo. Cloro en las muestras [&hellip;]","og_url":"https:\/\/www.parrinst.com\/es\/products\/sample-preparation\/oxygen-combustion-bombs\/aplicaciones\/","og_site_name":"Parr Instrument (Espa\u00f1ol)","article_modified_time":"2018-03-02T20:39:02+00:00","og_image":[{"width":2200,"height":399,"url":"https:\/\/www.parrinst.com\/es\/files\/2018\/01\/parr_banner_sample-prep_secondary-1.jpg","type":"image\/jpeg"}],"twitter_card":"summary_large_image","twitter_misc":{"Est. reading time":"1 minute"},"schema":{"@context":"https:\/\/schema.org","@graph":[{"@type":"WebPage","@id":"https:\/\/www.parrinst.com\/es\/products\/sample-preparation\/oxygen-combustion-bombs\/aplicaciones\/","url":"https:\/\/www.parrinst.com\/es\/products\/sample-preparation\/oxygen-combustion-bombs\/aplicaciones\/","name":"Aplicaciones - Parr Instrument (Espa\u00f1ol)","isPartOf":{"@id":"https:\/\/www.parrinst.com\/es\/#website"},"primaryImageOfPage":{"@id":"https:\/\/www.parrinst.com\/es\/products\/sample-preparation\/oxygen-combustion-bombs\/aplicaciones\/#primaryimage"},"image":{"@id":"https:\/\/www.parrinst.com\/es\/products\/sample-preparation\/oxygen-combustion-bombs\/aplicaciones\/#primaryimage"},"thumbnailUrl":"https:\/\/i0.wp.com\/www.parrinst.com\/es\/wp-content\/uploads\/sites\/7\/2018\/01\/parr_banner_sample-prep_secondary-1.jpg?fit=2200%2C399&ssl=1","datePublished":"2016-07-20T20:16:14+00:00","dateModified":"2018-03-02T20:39:02+00:00","breadcrumb":{"@id":"https:\/\/www.parrinst.com\/es\/products\/sample-preparation\/oxygen-combustion-bombs\/aplicaciones\/#breadcrumb"},"inLanguage":"en-US","potentialAction":[{"@type":"ReadAction","target":["https:\/\/www.parrinst.com\/es\/products\/sample-preparation\/oxygen-combustion-bombs\/aplicaciones\/"]}]},{"@type":"ImageObject","inLanguage":"en-US","@id":"https:\/\/www.parrinst.com\/es\/products\/sample-preparation\/oxygen-combustion-bombs\/aplicaciones\/#primaryimage","url":"https:\/\/i0.wp.com\/www.parrinst.com\/es\/wp-content\/uploads\/sites\/7\/2018\/01\/parr_banner_sample-prep_secondary-1.jpg?fit=2200%2C399&ssl=1","contentUrl":"https:\/\/i0.wp.com\/www.parrinst.com\/es\/wp-content\/uploads\/sites\/7\/2018\/01\/parr_banner_sample-prep_secondary-1.jpg?fit=2200%2C399&ssl=1","width":2200,"height":399},{"@type":"BreadcrumbList","@id":"https:\/\/www.parrinst.com\/es\/products\/sample-preparation\/oxygen-combustion-bombs\/aplicaciones\/#breadcrumb","itemListElement":[{"@type":"ListItem","position":1,"name":"Home","item":"https:\/\/www.parrinst.com\/es\/"},{"@type":"ListItem","position":2,"name":"Products","item":"https:\/\/www.parrinst.com\/es\/products\/"},{"@type":"ListItem","position":3,"name":"Preparaci\u00f3n de Muestras","item":"https:\/\/www.parrinst.com\/es\/products\/sample-preparation\/"},{"@type":"ListItem","position":4,"name":"Recipientes de Combusti\u00f3n de Ox\u00edgeno","item":"https:\/\/www.parrinst.com\/es\/products\/sample-preparation\/oxygen-combustion-bombs\/"},{"@type":"ListItem","position":5,"name":"Aplicaciones"}]},{"@type":"WebSite","@id":"https:\/\/www.parrinst.com\/es\/#website","url":"https:\/\/www.parrinst.com\/es\/","name":"Parr Instrument (Espa\u00f1ol)","description":"","potentialAction":[{"@type":"SearchAction","target":{"@type":"EntryPoint","urlTemplate":"https:\/\/www.parrinst.com\/es\/?s={search_term_string}"},"query-input":{"@type":"PropertyValueSpecification","valueRequired":true,"valueName":"search_term_string"}}],"inLanguage":"en-US"}]}},"jetpack_sharing_enabled":true,"_links":{"self":[{"href":"https:\/\/www.parrinst.com\/es\/wp-json\/wp\/v2\/pages\/13118","targetHints":{"allow":["GET"]}}],"collection":[{"href":"https:\/\/www.parrinst.com\/es\/wp-json\/wp\/v2\/pages"}],"about":[{"href":"https:\/\/www.parrinst.com\/es\/wp-json\/wp\/v2\/types\/page"}],"author":[{"embeddable":true,"href":"https:\/\/www.parrinst.com\/es\/wp-json\/wp\/v2\/users\/12"}],"replies":[{"embeddable":true,"href":"https:\/\/www.parrinst.com\/es\/wp-json\/wp\/v2\/comments?post=13118"}],"version-history":[{"count":1,"href":"https:\/\/www.parrinst.com\/es\/wp-json\/wp\/v2\/pages\/13118\/revisions"}],"predecessor-version":[{"id":38100,"href":"https:\/\/www.parrinst.com\/es\/wp-json\/wp\/v2\/pages\/13118\/revisions\/38100"}],"up":[{"embeddable":true,"href":"https:\/\/www.parrinst.com\/es\/wp-json\/wp\/v2\/pages\/298"}],"wp:featuredmedia":[{"embeddable":true,"href":"https:\/\/www.parrinst.com\/es\/wp-json\/wp\/v2\/media\/37722"}],"wp:attachment":[{"href":"https:\/\/www.parrinst.com\/es\/wp-json\/wp\/v2\/media?parent=13118"}],"curies":[{"name":"wp","href":"https:\/\/api.w.org\/{rel}","templated":true}]}}