{"id":13292,"date":"2016-09-16T11:09:02","date_gmt":"2016-09-16T16:09:02","guid":{"rendered":"https:\/\/www.parrinst.com\/es\/?page_id=13292"},"modified":"2020-12-14T11:01:51","modified_gmt":"2020-12-14T17:01:51","slug":"4878-automated-liquid-sampler","status":"publish","type":"page","link":"https:\/\/www.parrinst.com\/es\/products\/specialty-custom-systems\/4878-automated-liquid-sampler\/","title":{"rendered":"4878 Automuestrador de l\u00edquidos"},"content":{"rendered":"\n\t\t\t<div id='13292-1' class='gallery gallery-13292 gallery-columns-3 gallery-size-medium' itemscope itemtype='http:\/\/schema.org\/ImageGallery'>\n\t\t\t\t<div class='gallery-row gallery-col-3 gallery-clear'>\n\t\t\t\t\t<figure class='gallery-item col-3' itemprop='associatedMedia' itemscope itemtype='http:\/\/schema.org\/ImageObject'>\n\t\t\t\t\t\t<div class='gallery-icon portrait'><a href=\"https:\/\/i0.wp.com\/www.parrinst.com\/es\/wp-content\/uploads\/sites\/7\/2016\/09\/4878_Automatic-Liquid-Sampler_no-background-web.jpg?ssl=1\" itemprop=\"contentURL\"><img loading=\"lazy\" decoding=\"async\" width=\"214\" height=\"300\" src=\"https:\/\/i0.wp.com\/www.parrinst.com\/es\/wp-content\/uploads\/sites\/7\/2016\/09\/4878_Automatic-Liquid-Sampler_no-background-web.jpg?fit=214%2C300&amp;ssl=1\" class=\"attachment-medium size-medium\" alt=\"\" srcset=\"https:\/\/i0.wp.com\/www.parrinst.com\/es\/wp-content\/uploads\/sites\/7\/2016\/09\/4878_Automatic-Liquid-Sampler_no-background-web.jpg?w=600&amp;ssl=1 600w, https:\/\/i0.wp.com\/www.parrinst.com\/es\/wp-content\/uploads\/sites\/7\/2016\/09\/4878_Automatic-Liquid-Sampler_no-background-web.jpg?resize=107%2C150&amp;ssl=1 107w, https:\/\/i0.wp.com\/www.parrinst.com\/es\/wp-content\/uploads\/sites\/7\/2016\/09\/4878_Automatic-Liquid-Sampler_no-background-web.jpg?resize=214%2C300&amp;ssl=1 214w\" sizes=\"auto, (max-width: 214px) 100vw, 214px\" itemprop=\"thumbnail\" \/><\/a><\/div>\n\t\t\t\t\t<\/figure>\n\t\t\t\t\t<figure class='gallery-item col-3' itemprop='associatedMedia' itemscope itemtype='http:\/\/schema.org\/ImageObject'>\n\t\t\t\t\t\t<div class='gallery-icon portrait'><a href=\"https:\/\/i0.wp.com\/www.parrinst.com\/es\/wp-content\/uploads\/sites\/7\/2016\/09\/4878-Automated-Liquid-Sampler_complete_5x7_no-background_web.jpg?ssl=1\" itemprop=\"contentURL\"><img loading=\"lazy\" decoding=\"async\" width=\"289\" height=\"300\" src=\"https:\/\/i0.wp.com\/www.parrinst.com\/es\/wp-content\/uploads\/sites\/7\/2016\/09\/4878-Automated-Liquid-Sampler_complete_5x7_no-background_web.jpg?fit=289%2C300&amp;ssl=1\" class=\"attachment-medium size-medium\" alt=\"\" srcset=\"https:\/\/i0.wp.com\/www.parrinst.com\/es\/wp-content\/uploads\/sites\/7\/2016\/09\/4878-Automated-Liquid-Sampler_complete_5x7_no-background_web.jpg?w=600&amp;ssl=1 600w, https:\/\/i0.wp.com\/www.parrinst.com\/es\/wp-content\/uploads\/sites\/7\/2016\/09\/4878-Automated-Liquid-Sampler_complete_5x7_no-background_web.jpg?resize=144%2C150&amp;ssl=1 144w, https:\/\/i0.wp.com\/www.parrinst.com\/es\/wp-content\/uploads\/sites\/7\/2016\/09\/4878-Automated-Liquid-Sampler_complete_5x7_no-background_web.jpg?resize=289%2C300&amp;ssl=1 289w\" sizes=\"auto, (max-width: 289px) 100vw, 289px\" itemprop=\"thumbnail\" \/><\/a><\/div>\n\t\t\t\t\t<\/figure>\n\t\t\t<\/div>\n\t\t\t<\/div><!-- .gallery -->\n\n<p>Un m\u00e9todo confiable y seguro para colectar m\u00faltiples muestras l\u00edquidas de reactores presurizados y calentados ha sido requerido por muchos a\u00f1os. Parr Instrument Company se complace en presentar el Automuestrador de l\u00edquidos, el cual puede extraer hasta 6 muestras l\u00edquidas en intervalos definidos por el usuario sin la necesidad de contar con la continua presencia de un operador.<\/p>\n<p>Controlado a trav\u00e9s de una pantalla t\u00e1ctil de uso f\u00e1cil, una serie de v\u00e1lvulas de conmutaci\u00f3n de precisi\u00f3n que permite la colecta y deposici\u00f3n de muestras con vol\u00famenes constantes en viales individuales. El 4878 puede operar hasta la m\u00e1xima presi\u00f3n de trabajo de todos los reactores y recipientes a presi\u00f3n Parr. Una secuencia de bucles m\u00faltiples pasos asegura la compensaci\u00f3n del tubo de inmersi\u00f3n del reactor entre las muestras para dar muestras representativas del grueso del fluido del reactor.<\/p>\n<h3>Caracter\u00edsticas del Automuestrador de L\u00edquidos 4878:<\/h3>\n<ul>\n<li>Controlador de pantalla t\u00e1ctil con gr\u00e1ficas f\u00e1ciles de manejar.<\/li>\n<li>\u00c1rea de trabajo compacta 14&#8243; de ancho y 16&#8243; de alto (35 cm x 40 cm)<\/li>\n<li>Dise\u00f1o independiente compatible con cualquier reactor o recipiente a presi\u00f3n de Parr, existente o nuevo.<\/li>\n<li>Par\u00e1metros definibles por el usuario como tiempo entre muestras, n\u00famero de muestras y n\u00famero de secuencias de bucles.<\/li>\n<li>Varios vol\u00famenes de bucle de muestra disponibles para acomodar una amplia variedad de escenarios de muestreo.<\/li>\n<li>Capacidad de conectar con dispositivos m\u00f3viles en ambas plataformas Android y iOS<\/li>\n<li>Dise\u00f1o personalizado,\u00a0 p\u00f3ngase en contacto con el servicio t\u00e9cnico de Parr para obtener m\u00e1s opciones para satisfacer sus necesidades.<\/li>\n<\/ul>\n","protected":false},"excerpt":{"rendered":"<p>Un m\u00e9todo confiable y seguro para colectar m\u00faltiples muestras l\u00edquidas de reactores presurizados y calentados ha sido requerido por muchos a\u00f1os. Parr Instrument Company se complace en presentar el Automuestrador de l\u00edquidos, el cual puede extraer hasta 6 muestras l\u00edquidas en intervalos definidos por el usuario sin la necesidad de contar con la continua presencia [&hellip;]<\/p>\n","protected":false},"author":12,"featured_media":36941,"parent":81,"menu_order":5,"comment_status":"closed","ping_status":"closed","template":"product-narrow.php","meta":{"_acf_changed":false,"footnotes":"","_links_to":"","_links_to_target":""},"class_list":["post-13292","page","type-page","status-publish","has-post-thumbnail","hentry"],"acf":[],"yoast_head":"<!-- This site is optimized with the Yoast SEO plugin v27.5 - https:\/\/yoast.com\/product\/yoast-seo-wordpress\/ -->\n<title>4878 Automuestrador de l\u00edquidos - Parr Instrument (Espa\u00f1ol)<\/title>\n<meta name=\"robots\" content=\"index, follow, max-snippet:-1, max-image-preview:large, max-video-preview:-1\" \/>\n<link rel=\"canonical\" href=\"https:\/\/www.parrinst.com\/es\/products\/specialty-custom-systems\/4878-automated-liquid-sampler\/\" \/>\n<meta property=\"og:locale\" content=\"en_US\" \/>\n<meta property=\"og:type\" content=\"article\" \/>\n<meta property=\"og:title\" content=\"4878 Automuestrador de l\u00edquidos - Parr Instrument (Espa\u00f1ol)\" \/>\n<meta property=\"og:description\" content=\"Un m\u00e9todo confiable y seguro para colectar m\u00faltiples muestras l\u00edquidas de reactores presurizados y calentados ha sido requerido por muchos a\u00f1os. Parr Instrument Company se complace en presentar el Automuestrador de l\u00edquidos, el cual puede extraer hasta 6 muestras l\u00edquidas en intervalos definidos por el usuario sin la necesidad de contar con la continua presencia [&hellip;]\" \/>\n<meta property=\"og:url\" content=\"https:\/\/www.parrinst.com\/es\/products\/specialty-custom-systems\/4878-automated-liquid-sampler\/\" \/>\n<meta property=\"og:site_name\" content=\"Parr Instrument (Espa\u00f1ol)\" \/>\n<meta property=\"article:modified_time\" content=\"2020-12-14T17:01:51+00:00\" \/>\n<meta property=\"og:image\" content=\"https:\/\/www.parrinst.com\/es\/files\/2018\/01\/parr_banner_multi_secondary.jpg\" \/>\n\t<meta property=\"og:image:width\" content=\"2200\" \/>\n\t<meta property=\"og:image:height\" content=\"399\" \/>\n\t<meta property=\"og:image:type\" content=\"image\/jpeg\" \/>\n<meta name=\"twitter:card\" content=\"summary_large_image\" \/>\n<meta name=\"twitter:label1\" content=\"Est. reading time\" \/>\n\t<meta name=\"twitter:data1\" content=\"1 minute\" \/>\n<script type=\"application\/ld+json\" class=\"yoast-schema-graph\">{\"@context\":\"https:\\\/\\\/schema.org\",\"@graph\":[{\"@type\":\"WebPage\",\"@id\":\"https:\\\/\\\/www.parrinst.com\\\/es\\\/products\\\/specialty-custom-systems\\\/4878-automated-liquid-sampler\\\/\",\"url\":\"https:\\\/\\\/www.parrinst.com\\\/es\\\/products\\\/specialty-custom-systems\\\/4878-automated-liquid-sampler\\\/\",\"name\":\"4878 Automuestrador de l\u00edquidos - Parr Instrument (Espa\u00f1ol)\",\"isPartOf\":{\"@id\":\"https:\\\/\\\/www.parrinst.com\\\/es\\\/#website\"},\"primaryImageOfPage\":{\"@id\":\"https:\\\/\\\/www.parrinst.com\\\/es\\\/products\\\/specialty-custom-systems\\\/4878-automated-liquid-sampler\\\/#primaryimage\"},\"image\":{\"@id\":\"https:\\\/\\\/www.parrinst.com\\\/es\\\/products\\\/specialty-custom-systems\\\/4878-automated-liquid-sampler\\\/#primaryimage\"},\"thumbnailUrl\":\"https:\\\/\\\/i0.wp.com\\\/www.parrinst.com\\\/es\\\/wp-content\\\/uploads\\\/sites\\\/7\\\/2018\\\/01\\\/parr_banner_multi_secondary.jpg?fit=2200%2C399&ssl=1\",\"datePublished\":\"2016-09-16T16:09:02+00:00\",\"dateModified\":\"2020-12-14T17:01:51+00:00\",\"breadcrumb\":{\"@id\":\"https:\\\/\\\/www.parrinst.com\\\/es\\\/products\\\/specialty-custom-systems\\\/4878-automated-liquid-sampler\\\/#breadcrumb\"},\"inLanguage\":\"en-US\",\"potentialAction\":[{\"@type\":\"ReadAction\",\"target\":[\"https:\\\/\\\/www.parrinst.com\\\/es\\\/products\\\/specialty-custom-systems\\\/4878-automated-liquid-sampler\\\/\"]}]},{\"@type\":\"ImageObject\",\"inLanguage\":\"en-US\",\"@id\":\"https:\\\/\\\/www.parrinst.com\\\/es\\\/products\\\/specialty-custom-systems\\\/4878-automated-liquid-sampler\\\/#primaryimage\",\"url\":\"https:\\\/\\\/i0.wp.com\\\/www.parrinst.com\\\/es\\\/wp-content\\\/uploads\\\/sites\\\/7\\\/2018\\\/01\\\/parr_banner_multi_secondary.jpg?fit=2200%2C399&ssl=1\",\"contentUrl\":\"https:\\\/\\\/i0.wp.com\\\/www.parrinst.com\\\/es\\\/wp-content\\\/uploads\\\/sites\\\/7\\\/2018\\\/01\\\/parr_banner_multi_secondary.jpg?fit=2200%2C399&ssl=1\",\"width\":2200,\"height\":399},{\"@type\":\"BreadcrumbList\",\"@id\":\"https:\\\/\\\/www.parrinst.com\\\/es\\\/products\\\/specialty-custom-systems\\\/4878-automated-liquid-sampler\\\/#breadcrumb\",\"itemListElement\":[{\"@type\":\"ListItem\",\"position\":1,\"name\":\"Home\",\"item\":\"https:\\\/\\\/www.parrinst.com\\\/es\\\/\"},{\"@type\":\"ListItem\",\"position\":2,\"name\":\"Products\",\"item\":\"https:\\\/\\\/www.parrinst.com\\\/es\\\/products\\\/\"},{\"@type\":\"ListItem\",\"position\":3,\"name\":\"Sistemas de Especialidad y Personalizados\",\"item\":\"https:\\\/\\\/www.parrinst.com\\\/es\\\/products\\\/specialty-custom-systems\\\/\"},{\"@type\":\"ListItem\",\"position\":4,\"name\":\"4878 Automuestrador de l\u00edquidos\"}]},{\"@type\":\"WebSite\",\"@id\":\"https:\\\/\\\/www.parrinst.com\\\/es\\\/#website\",\"url\":\"https:\\\/\\\/www.parrinst.com\\\/es\\\/\",\"name\":\"Parr Instrument (Espa\u00f1ol)\",\"description\":\"\",\"potentialAction\":[{\"@type\":\"SearchAction\",\"target\":{\"@type\":\"EntryPoint\",\"urlTemplate\":\"https:\\\/\\\/www.parrinst.com\\\/es\\\/?s={search_term_string}\"},\"query-input\":{\"@type\":\"PropertyValueSpecification\",\"valueRequired\":true,\"valueName\":\"search_term_string\"}}],\"inLanguage\":\"en-US\"}]}<\/script>\n<!-- \/ Yoast SEO plugin. -->","yoast_head_json":{"title":"4878 Automuestrador de l\u00edquidos - Parr Instrument (Espa\u00f1ol)","robots":{"index":"index","follow":"follow","max-snippet":"max-snippet:-1","max-image-preview":"max-image-preview:large","max-video-preview":"max-video-preview:-1"},"canonical":"https:\/\/www.parrinst.com\/es\/products\/specialty-custom-systems\/4878-automated-liquid-sampler\/","og_locale":"en_US","og_type":"article","og_title":"4878 Automuestrador de l\u00edquidos - Parr Instrument (Espa\u00f1ol)","og_description":"Un m\u00e9todo confiable y seguro para colectar m\u00faltiples muestras l\u00edquidas de reactores presurizados y calentados ha sido requerido por muchos a\u00f1os. Parr Instrument Company se complace en presentar el Automuestrador de l\u00edquidos, el cual puede extraer hasta 6 muestras l\u00edquidas en intervalos definidos por el usuario sin la necesidad de contar con la continua presencia [&hellip;]","og_url":"https:\/\/www.parrinst.com\/es\/products\/specialty-custom-systems\/4878-automated-liquid-sampler\/","og_site_name":"Parr Instrument (Espa\u00f1ol)","article_modified_time":"2020-12-14T17:01:51+00:00","og_image":[{"width":2200,"height":399,"url":"https:\/\/www.parrinst.com\/es\/files\/2018\/01\/parr_banner_multi_secondary.jpg","type":"image\/jpeg"}],"twitter_card":"summary_large_image","twitter_misc":{"Est. reading time":"1 minute"},"schema":{"@context":"https:\/\/schema.org","@graph":[{"@type":"WebPage","@id":"https:\/\/www.parrinst.com\/es\/products\/specialty-custom-systems\/4878-automated-liquid-sampler\/","url":"https:\/\/www.parrinst.com\/es\/products\/specialty-custom-systems\/4878-automated-liquid-sampler\/","name":"4878 Automuestrador de l\u00edquidos - Parr Instrument (Espa\u00f1ol)","isPartOf":{"@id":"https:\/\/www.parrinst.com\/es\/#website"},"primaryImageOfPage":{"@id":"https:\/\/www.parrinst.com\/es\/products\/specialty-custom-systems\/4878-automated-liquid-sampler\/#primaryimage"},"image":{"@id":"https:\/\/www.parrinst.com\/es\/products\/specialty-custom-systems\/4878-automated-liquid-sampler\/#primaryimage"},"thumbnailUrl":"https:\/\/i0.wp.com\/www.parrinst.com\/es\/wp-content\/uploads\/sites\/7\/2018\/01\/parr_banner_multi_secondary.jpg?fit=2200%2C399&ssl=1","datePublished":"2016-09-16T16:09:02+00:00","dateModified":"2020-12-14T17:01:51+00:00","breadcrumb":{"@id":"https:\/\/www.parrinst.com\/es\/products\/specialty-custom-systems\/4878-automated-liquid-sampler\/#breadcrumb"},"inLanguage":"en-US","potentialAction":[{"@type":"ReadAction","target":["https:\/\/www.parrinst.com\/es\/products\/specialty-custom-systems\/4878-automated-liquid-sampler\/"]}]},{"@type":"ImageObject","inLanguage":"en-US","@id":"https:\/\/www.parrinst.com\/es\/products\/specialty-custom-systems\/4878-automated-liquid-sampler\/#primaryimage","url":"https:\/\/i0.wp.com\/www.parrinst.com\/es\/wp-content\/uploads\/sites\/7\/2018\/01\/parr_banner_multi_secondary.jpg?fit=2200%2C399&ssl=1","contentUrl":"https:\/\/i0.wp.com\/www.parrinst.com\/es\/wp-content\/uploads\/sites\/7\/2018\/01\/parr_banner_multi_secondary.jpg?fit=2200%2C399&ssl=1","width":2200,"height":399},{"@type":"BreadcrumbList","@id":"https:\/\/www.parrinst.com\/es\/products\/specialty-custom-systems\/4878-automated-liquid-sampler\/#breadcrumb","itemListElement":[{"@type":"ListItem","position":1,"name":"Home","item":"https:\/\/www.parrinst.com\/es\/"},{"@type":"ListItem","position":2,"name":"Products","item":"https:\/\/www.parrinst.com\/es\/products\/"},{"@type":"ListItem","position":3,"name":"Sistemas de Especialidad y Personalizados","item":"https:\/\/www.parrinst.com\/es\/products\/specialty-custom-systems\/"},{"@type":"ListItem","position":4,"name":"4878 Automuestrador de l\u00edquidos"}]},{"@type":"WebSite","@id":"https:\/\/www.parrinst.com\/es\/#website","url":"https:\/\/www.parrinst.com\/es\/","name":"Parr Instrument (Espa\u00f1ol)","description":"","potentialAction":[{"@type":"SearchAction","target":{"@type":"EntryPoint","urlTemplate":"https:\/\/www.parrinst.com\/es\/?s={search_term_string}"},"query-input":{"@type":"PropertyValueSpecification","valueRequired":true,"valueName":"search_term_string"}}],"inLanguage":"en-US"}]}},"jetpack_sharing_enabled":true,"_links":{"self":[{"href":"https:\/\/www.parrinst.com\/es\/wp-json\/wp\/v2\/pages\/13292","targetHints":{"allow":["GET"]}}],"collection":[{"href":"https:\/\/www.parrinst.com\/es\/wp-json\/wp\/v2\/pages"}],"about":[{"href":"https:\/\/www.parrinst.com\/es\/wp-json\/wp\/v2\/types\/page"}],"author":[{"embeddable":true,"href":"https:\/\/www.parrinst.com\/es\/wp-json\/wp\/v2\/users\/12"}],"replies":[{"embeddable":true,"href":"https:\/\/www.parrinst.com\/es\/wp-json\/wp\/v2\/comments?post=13292"}],"version-history":[{"count":2,"href":"https:\/\/www.parrinst.com\/es\/wp-json\/wp\/v2\/pages\/13292\/revisions"}],"predecessor-version":[{"id":37824,"href":"https:\/\/www.parrinst.com\/es\/wp-json\/wp\/v2\/pages\/13292\/revisions\/37824"}],"up":[{"embeddable":true,"href":"https:\/\/www.parrinst.com\/es\/wp-json\/wp\/v2\/pages\/81"}],"wp:featuredmedia":[{"embeddable":true,"href":"https:\/\/www.parrinst.com\/es\/wp-json\/wp\/v2\/media\/36941"}],"wp:attachment":[{"href":"https:\/\/www.parrinst.com\/es\/wp-json\/wp\/v2\/media?parent=13292"}],"curies":[{"name":"wp","href":"https:\/\/api.w.org\/{rel}","templated":true}]}}