{"id":1494,"date":"2011-05-05T10:47:35","date_gmt":"2011-05-05T15:47:35","guid":{"rendered":"https:\/\/www.parrinst.com\/?page_id=1494"},"modified":"2018-07-20T17:23:31","modified_gmt":"2018-07-20T22:23:31","slug":"applications","status":"publish","type":"page","link":"https:\/\/www.parrinst.com\/es\/products\/hydrogenation\/3911-hydrogenator\/applications\/","title":{"rendered":"Aplicaciones"},"content":{"rendered":"<h3>Muchas Aplicaciones<\/h3>\n<p><strong>La amplia utilidad de este aparato <\/strong> se ilustra mejor con las numerosas referencias a \u00e9l en la literatura qu\u00edmica publicados durante los \u00faltimos noventa a\u00f1os. Las aplicaciones surgen donde se usan las reacciones catal\u00edticas de baja presi\u00f3n, como campos de docencia, investigaci\u00f3n, desarrollo de productos, y en producci\u00f3n de productos finos org\u00e1nicos qu\u00edmicos y farmac\u00e9uticos. Adem\u00e1s, estos reactores se utilizan frecuentemente en investigaciones cuantitativas para el ensayo de compuestos que contienen enlaces dobles de hidrogeno saturable y para probar la actividad de los catalizadores utilizados en procesos industriales.<\/p>\n<hr \/>\n<h3>Referencias<\/h3>\n<p><strong>No se intenta aqu\u00ed hacer una lista de los cientos de referencias<\/strong> del hidrogenador Parr, que han aparecido en la literatura qu\u00edmica desde que el Dr. Roger Adams public\u00f3 su primer art\u00edculo que describe un aparato de este tipo en 1923. M\u00e1s de medio millar de referencias bibliogr\u00e1ficas se citan en el libro de Augustine sobre la <em>Hidrogenaci\u00f3n Catal\u00edtica<\/em>que se muestran a continuaci\u00f3n. Referencias adicionales se pueden obtener de otros libros en esta lista. Entre ellos, los libros de Augustine, Freifelder y Rylander ser\u00e1n especialmente \u00fatiles para los usuarios que desean informaci\u00f3n adicional sobre t\u00e9cnicas de hidrogenaci\u00f3n, catalizadores y procedimientos para el tratamiento de grupos funcionales espec\u00edficos. Las siguientes referencias son muy recomendables:<\/p>\n<ul type=\"disc\">\n<li>Adams, R., In Organic Synthesis, John Wiley &amp; Sons, Inc.: New York, 1928; 8, p. 10-16.<\/li>\n<li>Augustine, R.L., Catalytic Hydrogenation, Marcel Dekker, Inc.: New York, 1965.<\/li>\n<li>Freifelder, M., Practical Catalytic Hydrogenation, Wiley-Interscience Div. of John Wiley &amp; Sons, Inc.: New York, 1971.<\/li>\n<li>Blatt, A.H.; Gilman, H., Organic Synthesis, Collective, John Wiley &amp; Sons, Inc.: New York, 1948; Volume I, p. 65.<\/li>\n<li>Lohse, H.W., Catalytic Chemistry, Chemical Publishing Co., Inc.: New York, 1945.<\/li>\n<li>Rylander, P.N., Catalytic Hydrogenation Over Platinum Metals, Academic Press: New York, 1967.<\/li>\n<li>Rylander, P.N., Catalytic Hydrogenation in Organic Synthesis, Academic Press: New York, 1979.<\/li>\n<li>Rylander, P.N., Hydrogenation Methods, Academic Press: New York, 1985.<\/li>\n<li>Voorhees, V.; Adams, R. The Use of the Oxides of Platinum for the Catalytic Reduction of Organic Compounds. I, J. Am. Chem. Soc., 1922, 44 (6), pp 1397\u20131405.<\/li>\n<li>Las conferencias bienales celebradas cada dos a\u00f1os por la Sociedad de Cat\u00e1lisis de Reactores Org\u00e1nicos (ORCS) (<a href=\"http:\/\/www.orcs.org\">www.orcs.org<\/a>) empezando en 1966 ha producido una excelente colecci\u00f3n de documentos bajo el titulo general de \u201cCatalytic Hydrogenation and Analogous Pressure Reactions\u201d. El conjunto inicial es publicado en los <em>Anales de la Academia de Ciencias de Nueva York, Vol. 145, Art. 1<\/em>, pp. 1-206(1967). Los trabajos presentados en las conferencias celebradas en los \u00faltimos a\u00f1os se han publicado por CRC Press, Boca Raton, FL, bajo el titulo general de \u201cCatalysis of Organic Reactions\u201d<\/li>\n<\/ul>\n","protected":false},"excerpt":{"rendered":"<p>Muchas Aplicaciones La amplia utilidad de este aparato se ilustra mejor con las numerosas referencias a \u00e9l en la literatura qu\u00edmica publicados durante los \u00faltimos noventa a\u00f1os. Las aplicaciones surgen donde se usan las reacciones catal\u00edticas de baja presi\u00f3n, como campos de docencia, investigaci\u00f3n, desarrollo de productos, y en producci\u00f3n de productos finos org\u00e1nicos qu\u00edmicos [&hellip;]<\/p>\n","protected":false},"author":1,"featured_media":37723,"parent":337,"menu_order":2,"comment_status":"closed","ping_status":"closed","template":"product-narrow.php","meta":{"_acf_changed":false,"footnotes":"","_links_to":"","_links_to_target":""},"class_list":["post-1494","page","type-page","status-publish","has-post-thumbnail","hentry"],"acf":[],"yoast_head":"<!-- This site is optimized with the Yoast SEO plugin v27.4 - https:\/\/yoast.com\/product\/yoast-seo-wordpress\/ -->\n<title>Aplicaciones - Parr Instrument (Espa\u00f1ol)<\/title>\n<meta name=\"robots\" content=\"index, follow, max-snippet:-1, max-image-preview:large, max-video-preview:-1\" \/>\n<link rel=\"canonical\" href=\"https:\/\/www.parrinst.com\/es\/products\/hydrogenation\/3911-hydrogenator\/applications\/\" \/>\n<meta property=\"og:locale\" content=\"en_US\" \/>\n<meta property=\"og:type\" content=\"article\" \/>\n<meta property=\"og:title\" content=\"Aplicaciones - Parr Instrument (Espa\u00f1ol)\" \/>\n<meta property=\"og:description\" content=\"Muchas Aplicaciones La amplia utilidad de este aparato se ilustra mejor con las numerosas referencias a \u00e9l en la literatura qu\u00edmica publicados durante los \u00faltimos noventa a\u00f1os. Las aplicaciones surgen donde se usan las reacciones catal\u00edticas de baja presi\u00f3n, como campos de docencia, investigaci\u00f3n, desarrollo de productos, y en producci\u00f3n de productos finos org\u00e1nicos qu\u00edmicos [&hellip;]\" \/>\n<meta property=\"og:url\" content=\"https:\/\/www.parrinst.com\/es\/products\/hydrogenation\/3911-hydrogenator\/applications\/\" \/>\n<meta property=\"og:site_name\" content=\"Parr Instrument (Espa\u00f1ol)\" \/>\n<meta property=\"article:modified_time\" content=\"2018-07-20T22:23:31+00:00\" \/>\n<meta property=\"og:image\" content=\"https:\/\/www.parrinst.com\/es\/files\/2018\/01\/parr_banner_shaker_secondary.jpg\" \/>\n\t<meta property=\"og:image:width\" content=\"2200\" \/>\n\t<meta property=\"og:image:height\" content=\"399\" \/>\n\t<meta property=\"og:image:type\" content=\"image\/jpeg\" \/>\n<meta name=\"twitter:card\" content=\"summary_large_image\" \/>\n<meta name=\"twitter:label1\" content=\"Est. reading time\" \/>\n\t<meta name=\"twitter:data1\" content=\"2 minutes\" \/>\n<script type=\"application\/ld+json\" class=\"yoast-schema-graph\">{\"@context\":\"https:\\\/\\\/schema.org\",\"@graph\":[{\"@type\":\"WebPage\",\"@id\":\"https:\\\/\\\/www.parrinst.com\\\/es\\\/products\\\/hydrogenation\\\/3911-hydrogenator\\\/applications\\\/\",\"url\":\"https:\\\/\\\/www.parrinst.com\\\/es\\\/products\\\/hydrogenation\\\/3911-hydrogenator\\\/applications\\\/\",\"name\":\"Aplicaciones - Parr Instrument (Espa\u00f1ol)\",\"isPartOf\":{\"@id\":\"https:\\\/\\\/www.parrinst.com\\\/es\\\/#website\"},\"primaryImageOfPage\":{\"@id\":\"https:\\\/\\\/www.parrinst.com\\\/es\\\/products\\\/hydrogenation\\\/3911-hydrogenator\\\/applications\\\/#primaryimage\"},\"image\":{\"@id\":\"https:\\\/\\\/www.parrinst.com\\\/es\\\/products\\\/hydrogenation\\\/3911-hydrogenator\\\/applications\\\/#primaryimage\"},\"thumbnailUrl\":\"https:\\\/\\\/i0.wp.com\\\/www.parrinst.com\\\/es\\\/wp-content\\\/uploads\\\/sites\\\/7\\\/2018\\\/01\\\/parr_banner_shaker_secondary.jpg?fit=2200%2C399&ssl=1\",\"datePublished\":\"2011-05-05T15:47:35+00:00\",\"dateModified\":\"2018-07-20T22:23:31+00:00\",\"breadcrumb\":{\"@id\":\"https:\\\/\\\/www.parrinst.com\\\/es\\\/products\\\/hydrogenation\\\/3911-hydrogenator\\\/applications\\\/#breadcrumb\"},\"inLanguage\":\"en-US\",\"potentialAction\":[{\"@type\":\"ReadAction\",\"target\":[\"https:\\\/\\\/www.parrinst.com\\\/es\\\/products\\\/hydrogenation\\\/3911-hydrogenator\\\/applications\\\/\"]}]},{\"@type\":\"ImageObject\",\"inLanguage\":\"en-US\",\"@id\":\"https:\\\/\\\/www.parrinst.com\\\/es\\\/products\\\/hydrogenation\\\/3911-hydrogenator\\\/applications\\\/#primaryimage\",\"url\":\"https:\\\/\\\/i0.wp.com\\\/www.parrinst.com\\\/es\\\/wp-content\\\/uploads\\\/sites\\\/7\\\/2018\\\/01\\\/parr_banner_shaker_secondary.jpg?fit=2200%2C399&ssl=1\",\"contentUrl\":\"https:\\\/\\\/i0.wp.com\\\/www.parrinst.com\\\/es\\\/wp-content\\\/uploads\\\/sites\\\/7\\\/2018\\\/01\\\/parr_banner_shaker_secondary.jpg?fit=2200%2C399&ssl=1\",\"width\":2200,\"height\":399},{\"@type\":\"BreadcrumbList\",\"@id\":\"https:\\\/\\\/www.parrinst.com\\\/es\\\/products\\\/hydrogenation\\\/3911-hydrogenator\\\/applications\\\/#breadcrumb\",\"itemListElement\":[{\"@type\":\"ListItem\",\"position\":1,\"name\":\"Home\",\"item\":\"https:\\\/\\\/www.parrinst.com\\\/es\\\/\"},{\"@type\":\"ListItem\",\"position\":2,\"name\":\"Products\",\"item\":\"https:\\\/\\\/www.parrinst.com\\\/es\\\/products\\\/\"},{\"@type\":\"ListItem\",\"position\":3,\"name\":\"Aparato Agitador de Hidrogenaci\u00f3n\",\"item\":\"https:\\\/\\\/www.parrinst.com\\\/es\\\/products\\\/hydrogenation\\\/\"},{\"@type\":\"ListItem\",\"position\":4,\"name\":\"Aparato Agitador de Hidrogenaci\u00f3n 3911\",\"item\":\"https:\\\/\\\/www.parrinst.com\\\/es\\\/products\\\/hydrogenation\\\/3911-hydrogenator\\\/\"},{\"@type\":\"ListItem\",\"position\":5,\"name\":\"Aplicaciones\"}]},{\"@type\":\"WebSite\",\"@id\":\"https:\\\/\\\/www.parrinst.com\\\/es\\\/#website\",\"url\":\"https:\\\/\\\/www.parrinst.com\\\/es\\\/\",\"name\":\"Parr Instrument (Espa\u00f1ol)\",\"description\":\"\",\"potentialAction\":[{\"@type\":\"SearchAction\",\"target\":{\"@type\":\"EntryPoint\",\"urlTemplate\":\"https:\\\/\\\/www.parrinst.com\\\/es\\\/?s={search_term_string}\"},\"query-input\":{\"@type\":\"PropertyValueSpecification\",\"valueRequired\":true,\"valueName\":\"search_term_string\"}}],\"inLanguage\":\"en-US\"}]}<\/script>\n<!-- \/ Yoast SEO plugin. -->","yoast_head_json":{"title":"Aplicaciones - Parr Instrument (Espa\u00f1ol)","robots":{"index":"index","follow":"follow","max-snippet":"max-snippet:-1","max-image-preview":"max-image-preview:large","max-video-preview":"max-video-preview:-1"},"canonical":"https:\/\/www.parrinst.com\/es\/products\/hydrogenation\/3911-hydrogenator\/applications\/","og_locale":"en_US","og_type":"article","og_title":"Aplicaciones - Parr Instrument (Espa\u00f1ol)","og_description":"Muchas Aplicaciones La amplia utilidad de este aparato se ilustra mejor con las numerosas referencias a \u00e9l en la literatura qu\u00edmica publicados durante los \u00faltimos noventa a\u00f1os. Las aplicaciones surgen donde se usan las reacciones catal\u00edticas de baja presi\u00f3n, como campos de docencia, investigaci\u00f3n, desarrollo de productos, y en producci\u00f3n de productos finos org\u00e1nicos qu\u00edmicos [&hellip;]","og_url":"https:\/\/www.parrinst.com\/es\/products\/hydrogenation\/3911-hydrogenator\/applications\/","og_site_name":"Parr Instrument (Espa\u00f1ol)","article_modified_time":"2018-07-20T22:23:31+00:00","og_image":[{"width":2200,"height":399,"url":"https:\/\/www.parrinst.com\/es\/files\/2018\/01\/parr_banner_shaker_secondary.jpg","type":"image\/jpeg"}],"twitter_card":"summary_large_image","twitter_misc":{"Est. reading time":"2 minutes"},"schema":{"@context":"https:\/\/schema.org","@graph":[{"@type":"WebPage","@id":"https:\/\/www.parrinst.com\/es\/products\/hydrogenation\/3911-hydrogenator\/applications\/","url":"https:\/\/www.parrinst.com\/es\/products\/hydrogenation\/3911-hydrogenator\/applications\/","name":"Aplicaciones - Parr Instrument (Espa\u00f1ol)","isPartOf":{"@id":"https:\/\/www.parrinst.com\/es\/#website"},"primaryImageOfPage":{"@id":"https:\/\/www.parrinst.com\/es\/products\/hydrogenation\/3911-hydrogenator\/applications\/#primaryimage"},"image":{"@id":"https:\/\/www.parrinst.com\/es\/products\/hydrogenation\/3911-hydrogenator\/applications\/#primaryimage"},"thumbnailUrl":"https:\/\/i0.wp.com\/www.parrinst.com\/es\/wp-content\/uploads\/sites\/7\/2018\/01\/parr_banner_shaker_secondary.jpg?fit=2200%2C399&ssl=1","datePublished":"2011-05-05T15:47:35+00:00","dateModified":"2018-07-20T22:23:31+00:00","breadcrumb":{"@id":"https:\/\/www.parrinst.com\/es\/products\/hydrogenation\/3911-hydrogenator\/applications\/#breadcrumb"},"inLanguage":"en-US","potentialAction":[{"@type":"ReadAction","target":["https:\/\/www.parrinst.com\/es\/products\/hydrogenation\/3911-hydrogenator\/applications\/"]}]},{"@type":"ImageObject","inLanguage":"en-US","@id":"https:\/\/www.parrinst.com\/es\/products\/hydrogenation\/3911-hydrogenator\/applications\/#primaryimage","url":"https:\/\/i0.wp.com\/www.parrinst.com\/es\/wp-content\/uploads\/sites\/7\/2018\/01\/parr_banner_shaker_secondary.jpg?fit=2200%2C399&ssl=1","contentUrl":"https:\/\/i0.wp.com\/www.parrinst.com\/es\/wp-content\/uploads\/sites\/7\/2018\/01\/parr_banner_shaker_secondary.jpg?fit=2200%2C399&ssl=1","width":2200,"height":399},{"@type":"BreadcrumbList","@id":"https:\/\/www.parrinst.com\/es\/products\/hydrogenation\/3911-hydrogenator\/applications\/#breadcrumb","itemListElement":[{"@type":"ListItem","position":1,"name":"Home","item":"https:\/\/www.parrinst.com\/es\/"},{"@type":"ListItem","position":2,"name":"Products","item":"https:\/\/www.parrinst.com\/es\/products\/"},{"@type":"ListItem","position":3,"name":"Aparato Agitador de Hidrogenaci\u00f3n","item":"https:\/\/www.parrinst.com\/es\/products\/hydrogenation\/"},{"@type":"ListItem","position":4,"name":"Aparato Agitador de Hidrogenaci\u00f3n 3911","item":"https:\/\/www.parrinst.com\/es\/products\/hydrogenation\/3911-hydrogenator\/"},{"@type":"ListItem","position":5,"name":"Aplicaciones"}]},{"@type":"WebSite","@id":"https:\/\/www.parrinst.com\/es\/#website","url":"https:\/\/www.parrinst.com\/es\/","name":"Parr Instrument (Espa\u00f1ol)","description":"","potentialAction":[{"@type":"SearchAction","target":{"@type":"EntryPoint","urlTemplate":"https:\/\/www.parrinst.com\/es\/?s={search_term_string}"},"query-input":{"@type":"PropertyValueSpecification","valueRequired":true,"valueName":"search_term_string"}}],"inLanguage":"en-US"}]}},"jetpack_sharing_enabled":true,"_links":{"self":[{"href":"https:\/\/www.parrinst.com\/es\/wp-json\/wp\/v2\/pages\/1494","targetHints":{"allow":["GET"]}}],"collection":[{"href":"https:\/\/www.parrinst.com\/es\/wp-json\/wp\/v2\/pages"}],"about":[{"href":"https:\/\/www.parrinst.com\/es\/wp-json\/wp\/v2\/types\/page"}],"author":[{"embeddable":true,"href":"https:\/\/www.parrinst.com\/es\/wp-json\/wp\/v2\/users\/1"}],"replies":[{"embeddable":true,"href":"https:\/\/www.parrinst.com\/es\/wp-json\/wp\/v2\/comments?post=1494"}],"version-history":[{"count":1,"href":"https:\/\/www.parrinst.com\/es\/wp-json\/wp\/v2\/pages\/1494\/revisions"}],"predecessor-version":[{"id":38727,"href":"https:\/\/www.parrinst.com\/es\/wp-json\/wp\/v2\/pages\/1494\/revisions\/38727"}],"up":[{"embeddable":true,"href":"https:\/\/www.parrinst.com\/es\/wp-json\/wp\/v2\/pages\/337"}],"wp:featuredmedia":[{"embeddable":true,"href":"https:\/\/www.parrinst.com\/es\/wp-json\/wp\/v2\/media\/37723"}],"wp:attachment":[{"href":"https:\/\/www.parrinst.com\/es\/wp-json\/wp\/v2\/media?parent=1494"}],"curies":[{"name":"wp","href":"https:\/\/api.w.org\/{rel}","templated":true}]}}