{"id":1502,"date":"2011-05-05T10:48:42","date_gmt":"2011-05-05T15:48:42","guid":{"rendered":"https:\/\/www.parrinst.com\/?page_id=1502"},"modified":"2014-04-04T12:18:00","modified_gmt":"2014-04-04T18:18:00","slug":"accessories","status":"publish","type":"page","link":"https:\/\/www.parrinst.com\/es\/products\/hydrogenation\/3911-hydrogenator\/accessories\/","title":{"rendered":"Accessorios"},"content":{"rendered":"<h2>Accessorios 3911<\/h2>\n<p>Se pueden pedir Botellas y Accesorios adicionales con los siguientes n\u00fameros de parte:<\/p>\n<table class=\"GeneralTable\">\n<tbody>\n<tr>\n<td class=\"GeneralTable-DarkBlue\" colspan=\"2\">Accessorios 3911<\/td>\n<\/tr>\n<tr valign=\"middle\">\n<td><strong>N\u00b0 Parte<\/strong><\/td>\n<td><strong>Descripci\u00f3n<\/strong><\/td>\n<\/tr>\n<tr class=\"GeneralTable-LightBlue\">\n<td>66CA<\/td>\n<td>Botella de Reacci\u00f3n, 500 ml<\/td>\n<\/tr>\n<tr>\n<td>66CA2<\/td>\n<td>Botella de Reacci\u00f3n, 250 ml<\/td>\n<\/tr>\n<tr class=\"GeneralTable-LightBlue\">\n<td>66CA3<\/td>\n<td>Botella de Reacci\u00f3n, 500 ml, de fibra de vidrio<\/td>\n<\/tr>\n<tr>\n<td>A122CA<\/td>\n<td>Tubo con conexiones, 500 ml<\/td>\n<\/tr>\n<tr class=\"GeneralTable-LightBlue\">\n<td>A122CA2<\/td>\n<td>Tubo con conexiones, 250 ml<\/td>\n<\/tr>\n<tr>\n<td>A103CA<\/td>\n<td>Chaqueta de enfriamiento de agua para botella de 500 ml<\/td>\n<\/tr>\n<tr class=\"GeneralTable-LightBlue\">\n<td>A159CA2PA<\/td>\n<td>Ensamble de Termopar, 500 ml<\/td>\n<\/tr>\n<tr>\n<td>A159CAPA<\/td>\n<td>Ensamble de Termopar, 250 ml<\/td>\n<\/tr>\n<tr class=\"GeneralTable-LightBlue\">\n<td>A450EEB<\/td>\n<td>Mantilla de Calentamiento, 100 watt, 115V<\/td>\n<\/tr>\n<tr>\n<td>A450EEE<\/td>\n<td>Mantilla de Calentamiento, 100 watt, 230V<\/td>\n<\/tr>\n<tr class=\"GeneralTable-LightBlue\">\n<td>4833EB<\/td>\n<td>Controlador de Temperatura Autom\u00e1tico, 115V 50\/60 Hz<\/td>\n<\/tr>\n<tr>\n<td>4833EE<\/td>\n<td>Controlador de Temperatura Autom\u00e1tico, 230V 50\/60 Hz<\/td>\n<\/tr>\n<\/tbody>\n<\/table>\n","protected":false},"excerpt":{"rendered":"<p>Accessorios 3911 Se pueden pedir Botellas y Accesorios adicionales con los siguientes n\u00fameros de parte: Accessorios 3911 N\u00b0 Parte Descripci\u00f3n 66CA Botella de Reacci\u00f3n, 500 ml 66CA2 Botella de Reacci\u00f3n, 250 ml 66CA3 Botella de Reacci\u00f3n, 500 ml, de fibra de vidrio A122CA Tubo con conexiones, 500 ml A122CA2 Tubo con conexiones, 250 ml A103CA [&hellip;]<\/p>\n","protected":false},"author":1,"featured_media":37723,"parent":337,"menu_order":3,"comment_status":"closed","ping_status":"closed","template":"product-narrow.php","meta":{"_acf_changed":false,"footnotes":"","_links_to":"","_links_to_target":""},"class_list":["post-1502","page","type-page","status-publish","has-post-thumbnail","hentry"],"acf":[],"yoast_head":"<!-- This site is optimized with the Yoast SEO plugin v27.4 - https:\/\/yoast.com\/product\/yoast-seo-wordpress\/ -->\n<title>Accessorios - Parr Instrument (Espa\u00f1ol)<\/title>\n<meta name=\"robots\" content=\"index, follow, max-snippet:-1, max-image-preview:large, max-video-preview:-1\" \/>\n<link rel=\"canonical\" href=\"https:\/\/www.parrinst.com\/es\/products\/hydrogenation\/3911-hydrogenator\/accessories\/\" \/>\n<meta property=\"og:locale\" content=\"en_US\" \/>\n<meta property=\"og:type\" content=\"article\" \/>\n<meta property=\"og:title\" content=\"Accessorios - Parr Instrument (Espa\u00f1ol)\" \/>\n<meta property=\"og:description\" content=\"Accessorios 3911 Se pueden pedir Botellas y Accesorios adicionales con los siguientes n\u00fameros de parte: Accessorios 3911 N\u00b0 Parte Descripci\u00f3n 66CA Botella de Reacci\u00f3n, 500 ml 66CA2 Botella de Reacci\u00f3n, 250 ml 66CA3 Botella de Reacci\u00f3n, 500 ml, de fibra de vidrio A122CA Tubo con conexiones, 500 ml A122CA2 Tubo con conexiones, 250 ml A103CA [&hellip;]\" \/>\n<meta property=\"og:url\" content=\"https:\/\/www.parrinst.com\/es\/products\/hydrogenation\/3911-hydrogenator\/accessories\/\" \/>\n<meta property=\"og:site_name\" content=\"Parr Instrument (Espa\u00f1ol)\" \/>\n<meta property=\"article:modified_time\" content=\"2014-04-04T18:18:00+00:00\" \/>\n<meta property=\"og:image\" content=\"https:\/\/www.parrinst.com\/es\/files\/2018\/01\/parr_banner_shaker_secondary.jpg\" \/>\n\t<meta property=\"og:image:width\" content=\"2200\" \/>\n\t<meta property=\"og:image:height\" content=\"399\" \/>\n\t<meta property=\"og:image:type\" content=\"image\/jpeg\" \/>\n<meta name=\"twitter:card\" content=\"summary_large_image\" \/>\n<meta name=\"twitter:label1\" content=\"Est. reading time\" \/>\n\t<meta name=\"twitter:data1\" content=\"1 minute\" \/>\n<script type=\"application\/ld+json\" class=\"yoast-schema-graph\">{\"@context\":\"https:\\\/\\\/schema.org\",\"@graph\":[{\"@type\":\"WebPage\",\"@id\":\"https:\\\/\\\/www.parrinst.com\\\/es\\\/products\\\/hydrogenation\\\/3911-hydrogenator\\\/accessories\\\/\",\"url\":\"https:\\\/\\\/www.parrinst.com\\\/es\\\/products\\\/hydrogenation\\\/3911-hydrogenator\\\/accessories\\\/\",\"name\":\"Accessorios - Parr Instrument (Espa\u00f1ol)\",\"isPartOf\":{\"@id\":\"https:\\\/\\\/www.parrinst.com\\\/es\\\/#website\"},\"primaryImageOfPage\":{\"@id\":\"https:\\\/\\\/www.parrinst.com\\\/es\\\/products\\\/hydrogenation\\\/3911-hydrogenator\\\/accessories\\\/#primaryimage\"},\"image\":{\"@id\":\"https:\\\/\\\/www.parrinst.com\\\/es\\\/products\\\/hydrogenation\\\/3911-hydrogenator\\\/accessories\\\/#primaryimage\"},\"thumbnailUrl\":\"https:\\\/\\\/i0.wp.com\\\/www.parrinst.com\\\/es\\\/wp-content\\\/uploads\\\/sites\\\/7\\\/2018\\\/01\\\/parr_banner_shaker_secondary.jpg?fit=2200%2C399&ssl=1\",\"datePublished\":\"2011-05-05T15:48:42+00:00\",\"dateModified\":\"2014-04-04T18:18:00+00:00\",\"breadcrumb\":{\"@id\":\"https:\\\/\\\/www.parrinst.com\\\/es\\\/products\\\/hydrogenation\\\/3911-hydrogenator\\\/accessories\\\/#breadcrumb\"},\"inLanguage\":\"en-US\",\"potentialAction\":[{\"@type\":\"ReadAction\",\"target\":[\"https:\\\/\\\/www.parrinst.com\\\/es\\\/products\\\/hydrogenation\\\/3911-hydrogenator\\\/accessories\\\/\"]}]},{\"@type\":\"ImageObject\",\"inLanguage\":\"en-US\",\"@id\":\"https:\\\/\\\/www.parrinst.com\\\/es\\\/products\\\/hydrogenation\\\/3911-hydrogenator\\\/accessories\\\/#primaryimage\",\"url\":\"https:\\\/\\\/i0.wp.com\\\/www.parrinst.com\\\/es\\\/wp-content\\\/uploads\\\/sites\\\/7\\\/2018\\\/01\\\/parr_banner_shaker_secondary.jpg?fit=2200%2C399&ssl=1\",\"contentUrl\":\"https:\\\/\\\/i0.wp.com\\\/www.parrinst.com\\\/es\\\/wp-content\\\/uploads\\\/sites\\\/7\\\/2018\\\/01\\\/parr_banner_shaker_secondary.jpg?fit=2200%2C399&ssl=1\",\"width\":2200,\"height\":399},{\"@type\":\"BreadcrumbList\",\"@id\":\"https:\\\/\\\/www.parrinst.com\\\/es\\\/products\\\/hydrogenation\\\/3911-hydrogenator\\\/accessories\\\/#breadcrumb\",\"itemListElement\":[{\"@type\":\"ListItem\",\"position\":1,\"name\":\"Home\",\"item\":\"https:\\\/\\\/www.parrinst.com\\\/es\\\/\"},{\"@type\":\"ListItem\",\"position\":2,\"name\":\"Products\",\"item\":\"https:\\\/\\\/www.parrinst.com\\\/es\\\/products\\\/\"},{\"@type\":\"ListItem\",\"position\":3,\"name\":\"Aparato Agitador de Hidrogenaci\u00f3n\",\"item\":\"https:\\\/\\\/www.parrinst.com\\\/es\\\/products\\\/hydrogenation\\\/\"},{\"@type\":\"ListItem\",\"position\":4,\"name\":\"Aparato Agitador de Hidrogenaci\u00f3n 3911\",\"item\":\"https:\\\/\\\/www.parrinst.com\\\/es\\\/products\\\/hydrogenation\\\/3911-hydrogenator\\\/\"},{\"@type\":\"ListItem\",\"position\":5,\"name\":\"Accessorios\"}]},{\"@type\":\"WebSite\",\"@id\":\"https:\\\/\\\/www.parrinst.com\\\/es\\\/#website\",\"url\":\"https:\\\/\\\/www.parrinst.com\\\/es\\\/\",\"name\":\"Parr Instrument (Espa\u00f1ol)\",\"description\":\"\",\"potentialAction\":[{\"@type\":\"SearchAction\",\"target\":{\"@type\":\"EntryPoint\",\"urlTemplate\":\"https:\\\/\\\/www.parrinst.com\\\/es\\\/?s={search_term_string}\"},\"query-input\":{\"@type\":\"PropertyValueSpecification\",\"valueRequired\":true,\"valueName\":\"search_term_string\"}}],\"inLanguage\":\"en-US\"}]}<\/script>\n<!-- \/ Yoast SEO plugin. -->","yoast_head_json":{"title":"Accessorios - Parr Instrument (Espa\u00f1ol)","robots":{"index":"index","follow":"follow","max-snippet":"max-snippet:-1","max-image-preview":"max-image-preview:large","max-video-preview":"max-video-preview:-1"},"canonical":"https:\/\/www.parrinst.com\/es\/products\/hydrogenation\/3911-hydrogenator\/accessories\/","og_locale":"en_US","og_type":"article","og_title":"Accessorios - Parr Instrument (Espa\u00f1ol)","og_description":"Accessorios 3911 Se pueden pedir Botellas y Accesorios adicionales con los siguientes n\u00fameros de parte: Accessorios 3911 N\u00b0 Parte Descripci\u00f3n 66CA Botella de Reacci\u00f3n, 500 ml 66CA2 Botella de Reacci\u00f3n, 250 ml 66CA3 Botella de Reacci\u00f3n, 500 ml, de fibra de vidrio A122CA Tubo con conexiones, 500 ml A122CA2 Tubo con conexiones, 250 ml A103CA [&hellip;]","og_url":"https:\/\/www.parrinst.com\/es\/products\/hydrogenation\/3911-hydrogenator\/accessories\/","og_site_name":"Parr Instrument (Espa\u00f1ol)","article_modified_time":"2014-04-04T18:18:00+00:00","og_image":[{"width":2200,"height":399,"url":"https:\/\/www.parrinst.com\/es\/files\/2018\/01\/parr_banner_shaker_secondary.jpg","type":"image\/jpeg"}],"twitter_card":"summary_large_image","twitter_misc":{"Est. reading time":"1 minute"},"schema":{"@context":"https:\/\/schema.org","@graph":[{"@type":"WebPage","@id":"https:\/\/www.parrinst.com\/es\/products\/hydrogenation\/3911-hydrogenator\/accessories\/","url":"https:\/\/www.parrinst.com\/es\/products\/hydrogenation\/3911-hydrogenator\/accessories\/","name":"Accessorios - Parr Instrument (Espa\u00f1ol)","isPartOf":{"@id":"https:\/\/www.parrinst.com\/es\/#website"},"primaryImageOfPage":{"@id":"https:\/\/www.parrinst.com\/es\/products\/hydrogenation\/3911-hydrogenator\/accessories\/#primaryimage"},"image":{"@id":"https:\/\/www.parrinst.com\/es\/products\/hydrogenation\/3911-hydrogenator\/accessories\/#primaryimage"},"thumbnailUrl":"https:\/\/i0.wp.com\/www.parrinst.com\/es\/wp-content\/uploads\/sites\/7\/2018\/01\/parr_banner_shaker_secondary.jpg?fit=2200%2C399&ssl=1","datePublished":"2011-05-05T15:48:42+00:00","dateModified":"2014-04-04T18:18:00+00:00","breadcrumb":{"@id":"https:\/\/www.parrinst.com\/es\/products\/hydrogenation\/3911-hydrogenator\/accessories\/#breadcrumb"},"inLanguage":"en-US","potentialAction":[{"@type":"ReadAction","target":["https:\/\/www.parrinst.com\/es\/products\/hydrogenation\/3911-hydrogenator\/accessories\/"]}]},{"@type":"ImageObject","inLanguage":"en-US","@id":"https:\/\/www.parrinst.com\/es\/products\/hydrogenation\/3911-hydrogenator\/accessories\/#primaryimage","url":"https:\/\/i0.wp.com\/www.parrinst.com\/es\/wp-content\/uploads\/sites\/7\/2018\/01\/parr_banner_shaker_secondary.jpg?fit=2200%2C399&ssl=1","contentUrl":"https:\/\/i0.wp.com\/www.parrinst.com\/es\/wp-content\/uploads\/sites\/7\/2018\/01\/parr_banner_shaker_secondary.jpg?fit=2200%2C399&ssl=1","width":2200,"height":399},{"@type":"BreadcrumbList","@id":"https:\/\/www.parrinst.com\/es\/products\/hydrogenation\/3911-hydrogenator\/accessories\/#breadcrumb","itemListElement":[{"@type":"ListItem","position":1,"name":"Home","item":"https:\/\/www.parrinst.com\/es\/"},{"@type":"ListItem","position":2,"name":"Products","item":"https:\/\/www.parrinst.com\/es\/products\/"},{"@type":"ListItem","position":3,"name":"Aparato Agitador de Hidrogenaci\u00f3n","item":"https:\/\/www.parrinst.com\/es\/products\/hydrogenation\/"},{"@type":"ListItem","position":4,"name":"Aparato Agitador de Hidrogenaci\u00f3n 3911","item":"https:\/\/www.parrinst.com\/es\/products\/hydrogenation\/3911-hydrogenator\/"},{"@type":"ListItem","position":5,"name":"Accessorios"}]},{"@type":"WebSite","@id":"https:\/\/www.parrinst.com\/es\/#website","url":"https:\/\/www.parrinst.com\/es\/","name":"Parr Instrument (Espa\u00f1ol)","description":"","potentialAction":[{"@type":"SearchAction","target":{"@type":"EntryPoint","urlTemplate":"https:\/\/www.parrinst.com\/es\/?s={search_term_string}"},"query-input":{"@type":"PropertyValueSpecification","valueRequired":true,"valueName":"search_term_string"}}],"inLanguage":"en-US"}]}},"jetpack_sharing_enabled":true,"_links":{"self":[{"href":"https:\/\/www.parrinst.com\/es\/wp-json\/wp\/v2\/pages\/1502","targetHints":{"allow":["GET"]}}],"collection":[{"href":"https:\/\/www.parrinst.com\/es\/wp-json\/wp\/v2\/pages"}],"about":[{"href":"https:\/\/www.parrinst.com\/es\/wp-json\/wp\/v2\/types\/page"}],"author":[{"embeddable":true,"href":"https:\/\/www.parrinst.com\/es\/wp-json\/wp\/v2\/users\/1"}],"replies":[{"embeddable":true,"href":"https:\/\/www.parrinst.com\/es\/wp-json\/wp\/v2\/comments?post=1502"}],"version-history":[{"count":0,"href":"https:\/\/www.parrinst.com\/es\/wp-json\/wp\/v2\/pages\/1502\/revisions"}],"up":[{"embeddable":true,"href":"https:\/\/www.parrinst.com\/es\/wp-json\/wp\/v2\/pages\/337"}],"wp:featuredmedia":[{"embeddable":true,"href":"https:\/\/www.parrinst.com\/es\/wp-json\/wp\/v2\/media\/37723"}],"wp:attachment":[{"href":"https:\/\/www.parrinst.com\/es\/wp-json\/wp\/v2\/media?parent=1502"}],"curies":[{"name":"wp","href":"https:\/\/api.w.org\/{rel}","templated":true}]}}