{"id":1505,"date":"2011-05-05T10:49:12","date_gmt":"2011-05-05T15:49:12","guid":{"rendered":"https:\/\/www.parrinst.com\/?page_id=1505"},"modified":"2021-06-16T13:14:07","modified_gmt":"2021-06-16T18:14:07","slug":"accessories","status":"publish","type":"page","link":"https:\/\/www.parrinst.com\/es\/products\/hydrogenation\/3926-hydrogenator\/accessories\/","title":{"rendered":"Accesorios"},"content":{"rendered":"<h2>Accessorios 3926<\/h2>\n<p>Las Botellas y Accesorios adicionales se pueden pedir con los siguientes n\u00fameros de parte:<\/p>\n<table class=\"GeneralTable\">\n<tbody>\n<tr>\n<td class=\"GeneralTable-DarkBlue\" colspan=\"2\">Accessorios 3926<\/td>\n<\/tr>\n<tr valign=\"middle\">\n<td><strong>N\u00b0 Parte<\/strong><\/td>\n<td><strong>Descripci\u00f3n<\/strong><\/td>\n<\/tr>\n<tr class=\"GeneralTable-LightBlue\">\n<td>71CA<\/td>\n<td>Botella de Reacci\u00f3n, 1000 ml<\/td>\n<\/tr>\n<tr>\n<td>71CA2<\/td>\n<td>Botella de Reacci\u00f3n, 1000 ml, de fibra de vidrio<\/td>\n<\/tr>\n<tr class=\"GeneralTable-LightBlue\">\n<td>72CA<\/td>\n<td>Botella de Reacci\u00f3n, 2000 ml<\/td>\n<\/tr>\n<tr>\n<td>72CA3<\/td>\n<td>Botella de Reacci\u00f3n, 2000 ml, de fibra de vidrio<\/td>\n<\/tr>\n<tr class=\"GeneralTable-LightBlue\">\n<td>72CA4<\/td>\n<td>Botella de Reacci\u00f3n, 2250 ml, extra pesada, recubierto de polivinilo<\/td>\n<\/tr>\n<tr>\n<td>A129CA3<\/td>\n<td>Ensamble de botella de acero, 1825 ml, con tubo de conexi\u00f3n y conexiones<\/td>\n<\/tr>\n<tr class=\"GeneralTable-LightBlue\">\n<td>A159CA3PA<\/td>\n<td>Ensamble de Termopar, 1 litro<\/td>\n<\/tr>\n<tr>\n<td>A159CA4PA<\/td>\n<td>Ensamble de Termopar, 2 litro<\/td>\n<\/tr>\n<tr class=\"GeneralTable-LightBlue\">\n<td>A451EEB<\/td>\n<td>Mantilla de Calentamiento, 200 Watts, 115V<\/td>\n<\/tr>\n<tr>\n<td>A451EEB<\/td>\n<td>Mantilla de Calentamiento, 200 watt, 230V<\/td>\n<\/tr>\n<tr class=\"GeneralTable-LightBlue\">\n<td>4833EB<\/td>\n<td>Controlador de Temperatura Autom\u00e1tico, 115V 50\/60 Hz<\/td>\n<\/tr>\n<tr>\n<td>4833EE<\/td>\n<td>Controlador de Temperatura Autom\u00e1tico, 230V 50\/60 Hz<\/td>\n<\/tr>\n<\/tbody>\n<\/table>\n","protected":false},"excerpt":{"rendered":"<p>Accessorios 3926 Las Botellas y Accesorios adicionales se pueden pedir con los siguientes n\u00fameros de parte: Accessorios 3926 N\u00b0 Parte Descripci\u00f3n 71CA Botella de Reacci\u00f3n, 1000 ml 71CA2 Botella de Reacci\u00f3n, 1000 ml, de fibra de vidrio 72CA Botella de Reacci\u00f3n, 2000 ml 72CA3 Botella de Reacci\u00f3n, 2000 ml, de fibra de vidrio 72CA4 Botella [&hellip;]<\/p>\n","protected":false},"author":1,"featured_media":37723,"parent":348,"menu_order":3,"comment_status":"closed","ping_status":"closed","template":"product-narrow.php","meta":{"_acf_changed":false,"footnotes":"","_links_to":"","_links_to_target":""},"class_list":["post-1505","page","type-page","status-publish","has-post-thumbnail","hentry"],"acf":[],"yoast_head":"<!-- This site is optimized with the Yoast SEO plugin v27.4 - https:\/\/yoast.com\/product\/yoast-seo-wordpress\/ -->\n<title>Accesorios - Parr Instrument (Espa\u00f1ol)<\/title>\n<meta name=\"robots\" content=\"index, follow, max-snippet:-1, max-image-preview:large, max-video-preview:-1\" \/>\n<link rel=\"canonical\" href=\"https:\/\/www.parrinst.com\/es\/products\/hydrogenation\/3926-hydrogenator\/accessories\/\" \/>\n<meta property=\"og:locale\" content=\"en_US\" \/>\n<meta property=\"og:type\" content=\"article\" \/>\n<meta property=\"og:title\" content=\"Accesorios - Parr Instrument (Espa\u00f1ol)\" \/>\n<meta property=\"og:description\" content=\"Accessorios 3926 Las Botellas y Accesorios adicionales se pueden pedir con los siguientes n\u00fameros de parte: Accessorios 3926 N\u00b0 Parte Descripci\u00f3n 71CA Botella de Reacci\u00f3n, 1000 ml 71CA2 Botella de Reacci\u00f3n, 1000 ml, de fibra de vidrio 72CA Botella de Reacci\u00f3n, 2000 ml 72CA3 Botella de Reacci\u00f3n, 2000 ml, de fibra de vidrio 72CA4 Botella [&hellip;]\" \/>\n<meta property=\"og:url\" content=\"https:\/\/www.parrinst.com\/es\/products\/hydrogenation\/3926-hydrogenator\/accessories\/\" \/>\n<meta property=\"og:site_name\" content=\"Parr Instrument (Espa\u00f1ol)\" \/>\n<meta property=\"article:modified_time\" content=\"2021-06-16T18:14:07+00:00\" \/>\n<meta property=\"og:image\" content=\"https:\/\/www.parrinst.com\/es\/files\/2018\/01\/parr_banner_shaker_secondary.jpg\" \/>\n\t<meta property=\"og:image:width\" content=\"2200\" \/>\n\t<meta property=\"og:image:height\" content=\"399\" \/>\n\t<meta property=\"og:image:type\" content=\"image\/jpeg\" \/>\n<meta name=\"twitter:card\" content=\"summary_large_image\" \/>\n<meta name=\"twitter:label1\" content=\"Est. reading time\" \/>\n\t<meta name=\"twitter:data1\" content=\"1 minute\" \/>\n<script type=\"application\/ld+json\" class=\"yoast-schema-graph\">{\"@context\":\"https:\\\/\\\/schema.org\",\"@graph\":[{\"@type\":\"WebPage\",\"@id\":\"https:\\\/\\\/www.parrinst.com\\\/es\\\/products\\\/hydrogenation\\\/3926-hydrogenator\\\/accessories\\\/\",\"url\":\"https:\\\/\\\/www.parrinst.com\\\/es\\\/products\\\/hydrogenation\\\/3926-hydrogenator\\\/accessories\\\/\",\"name\":\"Accesorios - Parr Instrument (Espa\u00f1ol)\",\"isPartOf\":{\"@id\":\"https:\\\/\\\/www.parrinst.com\\\/es\\\/#website\"},\"primaryImageOfPage\":{\"@id\":\"https:\\\/\\\/www.parrinst.com\\\/es\\\/products\\\/hydrogenation\\\/3926-hydrogenator\\\/accessories\\\/#primaryimage\"},\"image\":{\"@id\":\"https:\\\/\\\/www.parrinst.com\\\/es\\\/products\\\/hydrogenation\\\/3926-hydrogenator\\\/accessories\\\/#primaryimage\"},\"thumbnailUrl\":\"https:\\\/\\\/i0.wp.com\\\/www.parrinst.com\\\/es\\\/wp-content\\\/uploads\\\/sites\\\/7\\\/2018\\\/01\\\/parr_banner_shaker_secondary.jpg?fit=2200%2C399&ssl=1\",\"datePublished\":\"2011-05-05T15:49:12+00:00\",\"dateModified\":\"2021-06-16T18:14:07+00:00\",\"breadcrumb\":{\"@id\":\"https:\\\/\\\/www.parrinst.com\\\/es\\\/products\\\/hydrogenation\\\/3926-hydrogenator\\\/accessories\\\/#breadcrumb\"},\"inLanguage\":\"en-US\",\"potentialAction\":[{\"@type\":\"ReadAction\",\"target\":[\"https:\\\/\\\/www.parrinst.com\\\/es\\\/products\\\/hydrogenation\\\/3926-hydrogenator\\\/accessories\\\/\"]}]},{\"@type\":\"ImageObject\",\"inLanguage\":\"en-US\",\"@id\":\"https:\\\/\\\/www.parrinst.com\\\/es\\\/products\\\/hydrogenation\\\/3926-hydrogenator\\\/accessories\\\/#primaryimage\",\"url\":\"https:\\\/\\\/i0.wp.com\\\/www.parrinst.com\\\/es\\\/wp-content\\\/uploads\\\/sites\\\/7\\\/2018\\\/01\\\/parr_banner_shaker_secondary.jpg?fit=2200%2C399&ssl=1\",\"contentUrl\":\"https:\\\/\\\/i0.wp.com\\\/www.parrinst.com\\\/es\\\/wp-content\\\/uploads\\\/sites\\\/7\\\/2018\\\/01\\\/parr_banner_shaker_secondary.jpg?fit=2200%2C399&ssl=1\",\"width\":2200,\"height\":399},{\"@type\":\"BreadcrumbList\",\"@id\":\"https:\\\/\\\/www.parrinst.com\\\/es\\\/products\\\/hydrogenation\\\/3926-hydrogenator\\\/accessories\\\/#breadcrumb\",\"itemListElement\":[{\"@type\":\"ListItem\",\"position\":1,\"name\":\"Home\",\"item\":\"https:\\\/\\\/www.parrinst.com\\\/es\\\/\"},{\"@type\":\"ListItem\",\"position\":2,\"name\":\"Products\",\"item\":\"https:\\\/\\\/www.parrinst.com\\\/es\\\/products\\\/\"},{\"@type\":\"ListItem\",\"position\":3,\"name\":\"Aparato Agitador de Hidrogenaci\u00f3n\",\"item\":\"https:\\\/\\\/www.parrinst.com\\\/es\\\/products\\\/hydrogenation\\\/\"},{\"@type\":\"ListItem\",\"position\":4,\"name\":\"Aparato Agitador de Hidrogenaci\u00f3n 3926\",\"item\":\"https:\\\/\\\/www.parrinst.com\\\/es\\\/products\\\/hydrogenation\\\/3926-hydrogenator\\\/\"},{\"@type\":\"ListItem\",\"position\":5,\"name\":\"Accesorios\"}]},{\"@type\":\"WebSite\",\"@id\":\"https:\\\/\\\/www.parrinst.com\\\/es\\\/#website\",\"url\":\"https:\\\/\\\/www.parrinst.com\\\/es\\\/\",\"name\":\"Parr Instrument (Espa\u00f1ol)\",\"description\":\"\",\"potentialAction\":[{\"@type\":\"SearchAction\",\"target\":{\"@type\":\"EntryPoint\",\"urlTemplate\":\"https:\\\/\\\/www.parrinst.com\\\/es\\\/?s={search_term_string}\"},\"query-input\":{\"@type\":\"PropertyValueSpecification\",\"valueRequired\":true,\"valueName\":\"search_term_string\"}}],\"inLanguage\":\"en-US\"}]}<\/script>\n<!-- \/ Yoast SEO plugin. -->","yoast_head_json":{"title":"Accesorios - Parr Instrument (Espa\u00f1ol)","robots":{"index":"index","follow":"follow","max-snippet":"max-snippet:-1","max-image-preview":"max-image-preview:large","max-video-preview":"max-video-preview:-1"},"canonical":"https:\/\/www.parrinst.com\/es\/products\/hydrogenation\/3926-hydrogenator\/accessories\/","og_locale":"en_US","og_type":"article","og_title":"Accesorios - Parr Instrument (Espa\u00f1ol)","og_description":"Accessorios 3926 Las Botellas y Accesorios adicionales se pueden pedir con los siguientes n\u00fameros de parte: Accessorios 3926 N\u00b0 Parte Descripci\u00f3n 71CA Botella de Reacci\u00f3n, 1000 ml 71CA2 Botella de Reacci\u00f3n, 1000 ml, de fibra de vidrio 72CA Botella de Reacci\u00f3n, 2000 ml 72CA3 Botella de Reacci\u00f3n, 2000 ml, de fibra de vidrio 72CA4 Botella [&hellip;]","og_url":"https:\/\/www.parrinst.com\/es\/products\/hydrogenation\/3926-hydrogenator\/accessories\/","og_site_name":"Parr Instrument (Espa\u00f1ol)","article_modified_time":"2021-06-16T18:14:07+00:00","og_image":[{"width":2200,"height":399,"url":"https:\/\/www.parrinst.com\/es\/files\/2018\/01\/parr_banner_shaker_secondary.jpg","type":"image\/jpeg"}],"twitter_card":"summary_large_image","twitter_misc":{"Est. reading time":"1 minute"},"schema":{"@context":"https:\/\/schema.org","@graph":[{"@type":"WebPage","@id":"https:\/\/www.parrinst.com\/es\/products\/hydrogenation\/3926-hydrogenator\/accessories\/","url":"https:\/\/www.parrinst.com\/es\/products\/hydrogenation\/3926-hydrogenator\/accessories\/","name":"Accesorios - Parr Instrument (Espa\u00f1ol)","isPartOf":{"@id":"https:\/\/www.parrinst.com\/es\/#website"},"primaryImageOfPage":{"@id":"https:\/\/www.parrinst.com\/es\/products\/hydrogenation\/3926-hydrogenator\/accessories\/#primaryimage"},"image":{"@id":"https:\/\/www.parrinst.com\/es\/products\/hydrogenation\/3926-hydrogenator\/accessories\/#primaryimage"},"thumbnailUrl":"https:\/\/i0.wp.com\/www.parrinst.com\/es\/wp-content\/uploads\/sites\/7\/2018\/01\/parr_banner_shaker_secondary.jpg?fit=2200%2C399&ssl=1","datePublished":"2011-05-05T15:49:12+00:00","dateModified":"2021-06-16T18:14:07+00:00","breadcrumb":{"@id":"https:\/\/www.parrinst.com\/es\/products\/hydrogenation\/3926-hydrogenator\/accessories\/#breadcrumb"},"inLanguage":"en-US","potentialAction":[{"@type":"ReadAction","target":["https:\/\/www.parrinst.com\/es\/products\/hydrogenation\/3926-hydrogenator\/accessories\/"]}]},{"@type":"ImageObject","inLanguage":"en-US","@id":"https:\/\/www.parrinst.com\/es\/products\/hydrogenation\/3926-hydrogenator\/accessories\/#primaryimage","url":"https:\/\/i0.wp.com\/www.parrinst.com\/es\/wp-content\/uploads\/sites\/7\/2018\/01\/parr_banner_shaker_secondary.jpg?fit=2200%2C399&ssl=1","contentUrl":"https:\/\/i0.wp.com\/www.parrinst.com\/es\/wp-content\/uploads\/sites\/7\/2018\/01\/parr_banner_shaker_secondary.jpg?fit=2200%2C399&ssl=1","width":2200,"height":399},{"@type":"BreadcrumbList","@id":"https:\/\/www.parrinst.com\/es\/products\/hydrogenation\/3926-hydrogenator\/accessories\/#breadcrumb","itemListElement":[{"@type":"ListItem","position":1,"name":"Home","item":"https:\/\/www.parrinst.com\/es\/"},{"@type":"ListItem","position":2,"name":"Products","item":"https:\/\/www.parrinst.com\/es\/products\/"},{"@type":"ListItem","position":3,"name":"Aparato Agitador de Hidrogenaci\u00f3n","item":"https:\/\/www.parrinst.com\/es\/products\/hydrogenation\/"},{"@type":"ListItem","position":4,"name":"Aparato Agitador de Hidrogenaci\u00f3n 3926","item":"https:\/\/www.parrinst.com\/es\/products\/hydrogenation\/3926-hydrogenator\/"},{"@type":"ListItem","position":5,"name":"Accesorios"}]},{"@type":"WebSite","@id":"https:\/\/www.parrinst.com\/es\/#website","url":"https:\/\/www.parrinst.com\/es\/","name":"Parr Instrument (Espa\u00f1ol)","description":"","potentialAction":[{"@type":"SearchAction","target":{"@type":"EntryPoint","urlTemplate":"https:\/\/www.parrinst.com\/es\/?s={search_term_string}"},"query-input":{"@type":"PropertyValueSpecification","valueRequired":true,"valueName":"search_term_string"}}],"inLanguage":"en-US"}]}},"jetpack_sharing_enabled":true,"_links":{"self":[{"href":"https:\/\/www.parrinst.com\/es\/wp-json\/wp\/v2\/pages\/1505","targetHints":{"allow":["GET"]}}],"collection":[{"href":"https:\/\/www.parrinst.com\/es\/wp-json\/wp\/v2\/pages"}],"about":[{"href":"https:\/\/www.parrinst.com\/es\/wp-json\/wp\/v2\/types\/page"}],"author":[{"embeddable":true,"href":"https:\/\/www.parrinst.com\/es\/wp-json\/wp\/v2\/users\/1"}],"replies":[{"embeddable":true,"href":"https:\/\/www.parrinst.com\/es\/wp-json\/wp\/v2\/comments?post=1505"}],"version-history":[{"count":1,"href":"https:\/\/www.parrinst.com\/es\/wp-json\/wp\/v2\/pages\/1505\/revisions"}],"predecessor-version":[{"id":40175,"href":"https:\/\/www.parrinst.com\/es\/wp-json\/wp\/v2\/pages\/1505\/revisions\/40175"}],"up":[{"embeddable":true,"href":"https:\/\/www.parrinst.com\/es\/wp-json\/wp\/v2\/pages\/348"}],"wp:featuredmedia":[{"embeddable":true,"href":"https:\/\/www.parrinst.com\/es\/wp-json\/wp\/v2\/media\/37723"}],"wp:attachment":[{"href":"https:\/\/www.parrinst.com\/es\/wp-json\/wp\/v2\/media?parent=1505"}],"curies":[{"name":"wp","href":"https:\/\/api.w.org\/{rel}","templated":true}]}}