{"id":1506,"date":"2011-05-05T10:49:05","date_gmt":"2011-05-05T15:49:05","guid":{"rendered":"https:\/\/www.parrinst.com\/?page_id=1506"},"modified":"2024-08-13T15:48:14","modified_gmt":"2024-08-13T20:48:14","slug":"documents","status":"publish","type":"page","link":"https:\/\/www.parrinst.com\/es\/products\/hydrogenation\/3911-hydrogenator\/documents\/","title":{"rendered":"Documentos"},"content":{"rendered":"<h4>Literatura de Ventas<\/h4>\n<ul>\n<li><a class=\"download-link\" title=\"Version 0519\" href=\"https:\/\/www.parrinst.com\/download\/37537\/\" rel=\"nofollow\">3900MB Shaker Type Hydrogenation Apparatus Sales Literature<\/a><\/li>\n<\/ul>\n<h4>Manuales<\/h4>\n<p><a href=\"https:\/\/www.parrinst.com\/es\/support\/downloads\/manuals\/\">Comun\u00edquese con nosotros o con su distribuidor local<\/a> para tener acceso a todos los manules de operaci\u00f3n.<\/p>\n<hr \/>\n<h3>Consideraciones de Seguridad<\/h3>\n<p><strong>Los agitadores hidrogenadores de Parr<\/strong> son utilizados normalmente en un laboratorio abierto, sin barricadas adicionales o pantallas de protecci\u00f3n, pero el operador debe darse cuenta de que puede ser necesaria la protecci\u00f3n adicional si hay posibilidad de que una reacci\u00f3n pueda salirse de control, o por si la rotura inesperada de una botella produce un derrame peligroso de materiales t\u00f3xicos o inflamables. Las reacciones potencialmente explosivas se manejan mejor con el aparato situado detr\u00e1s de una barricada adecuada o en una celda de prueba de presi\u00f3n.<\/p>\n<p>No debe haber quemadores de gas o llamas cerca de un aparato de hidrogenaci\u00f3n. El cuarto debe estar bien ventilado y cualquier gas liberado del aparato debe ser descargado en una campana a prueba de explosi\u00f3n o conducto de ventilaci\u00f3n. Tambi\u00e9n se debe tener cuidado para evitar la ignici\u00f3n de un objeto aislado por una carga est\u00e1tica.<\/p>\n<p>Los peligros involucrados en la realizaci\u00f3n de reacciones a presi\u00f3n en botellas de vidrio se reducen al m\u00ednimo en estos reactores mediante el uso de botellas cuidadosamente seleccionadas y probadas a presi\u00f3n dentro de blindaje de acero. A pesar de estas precauciones, a veces se rompe una botella por debajo de su presi\u00f3n nominal. El usuario debe ser siempre consciente de este peligro y tomar todas las precauciones adicionales que considere necesarias para protegerse a s\u00ed mismo y a otros, contra lesiones, en caso de que una botella falle de forma inesperada.<\/p>\n<p>Todos los catalizadores deben ser manejados con precauci\u00f3n debido a su naturaleza altamente reactiva. Aunque los catalizadores de metales v\u00edrgenes son generalmente seguros, se debe tener cuidado cuando se ponen en contacto con l\u00edquidos org\u00e1nicos o vapores combustibles en presencia de ox\u00edgeno debido a su capacidad para promover una r\u00e1pida oxidaci\u00f3n. Cualquier catalizador que ha estado expuesto a hidr\u00f3geno tambi\u00e9n es potencialmente peligroso y puede encenderse espont\u00e1neamente mientras se seca. Por esta raz\u00f3n, los catalizadores utilizados siempre deben mantenerse h\u00famedos y sin contacto con vapores o s\u00f3lidos combustibles.<\/p>\n","protected":false},"excerpt":{"rendered":"<p>Literatura de Ventas 3900MB Shaker Type Hydrogenation Apparatus Sales Literature Manuales Comun\u00edquese con nosotros o con su distribuidor local para tener acceso a todos los manules de operaci\u00f3n. Consideraciones de Seguridad Los agitadores hidrogenadores de Parr son utilizados normalmente en un laboratorio abierto, sin barricadas adicionales o pantallas de protecci\u00f3n, pero el operador debe darse [&hellip;]<\/p>\n","protected":false},"author":1,"featured_media":37723,"parent":337,"menu_order":4,"comment_status":"closed","ping_status":"closed","template":"product-narrow.php","meta":{"_acf_changed":false,"footnotes":"","_links_to":"","_links_to_target":""},"class_list":["post-1506","page","type-page","status-publish","has-post-thumbnail","hentry"],"acf":[],"yoast_head":"<!-- This site is optimized with the Yoast SEO plugin v27.4 - https:\/\/yoast.com\/product\/yoast-seo-wordpress\/ -->\n<title>Documentos - Parr Instrument (Espa\u00f1ol)<\/title>\n<meta name=\"robots\" content=\"index, follow, max-snippet:-1, max-image-preview:large, max-video-preview:-1\" \/>\n<link rel=\"canonical\" href=\"https:\/\/www.parrinst.com\/es\/products\/hydrogenation\/3911-hydrogenator\/documents\/\" \/>\n<meta property=\"og:locale\" content=\"en_US\" \/>\n<meta property=\"og:type\" content=\"article\" \/>\n<meta property=\"og:title\" content=\"Documentos - Parr Instrument (Espa\u00f1ol)\" \/>\n<meta property=\"og:description\" content=\"Literatura de Ventas 3900MB Shaker Type Hydrogenation Apparatus Sales Literature Manuales Comun\u00edquese con nosotros o con su distribuidor local para tener acceso a todos los manules de operaci\u00f3n. Consideraciones de Seguridad Los agitadores hidrogenadores de Parr son utilizados normalmente en un laboratorio abierto, sin barricadas adicionales o pantallas de protecci\u00f3n, pero el operador debe darse [&hellip;]\" \/>\n<meta property=\"og:url\" content=\"https:\/\/www.parrinst.com\/es\/products\/hydrogenation\/3911-hydrogenator\/documents\/\" \/>\n<meta property=\"og:site_name\" content=\"Parr Instrument (Espa\u00f1ol)\" \/>\n<meta property=\"article:modified_time\" content=\"2024-08-13T20:48:14+00:00\" \/>\n<meta property=\"og:image\" content=\"https:\/\/www.parrinst.com\/es\/files\/2018\/01\/parr_banner_shaker_secondary.jpg\" \/>\n\t<meta property=\"og:image:width\" content=\"2200\" \/>\n\t<meta property=\"og:image:height\" content=\"399\" \/>\n\t<meta property=\"og:image:type\" content=\"image\/jpeg\" \/>\n<meta name=\"twitter:card\" content=\"summary_large_image\" \/>\n<meta name=\"twitter:label1\" content=\"Est. reading time\" \/>\n\t<meta name=\"twitter:data1\" content=\"2 minutes\" \/>\n<script type=\"application\/ld+json\" class=\"yoast-schema-graph\">{\"@context\":\"https:\\\/\\\/schema.org\",\"@graph\":[{\"@type\":\"WebPage\",\"@id\":\"https:\\\/\\\/www.parrinst.com\\\/es\\\/products\\\/hydrogenation\\\/3911-hydrogenator\\\/documents\\\/\",\"url\":\"https:\\\/\\\/www.parrinst.com\\\/es\\\/products\\\/hydrogenation\\\/3911-hydrogenator\\\/documents\\\/\",\"name\":\"Documentos - Parr Instrument (Espa\u00f1ol)\",\"isPartOf\":{\"@id\":\"https:\\\/\\\/www.parrinst.com\\\/es\\\/#website\"},\"primaryImageOfPage\":{\"@id\":\"https:\\\/\\\/www.parrinst.com\\\/es\\\/products\\\/hydrogenation\\\/3911-hydrogenator\\\/documents\\\/#primaryimage\"},\"image\":{\"@id\":\"https:\\\/\\\/www.parrinst.com\\\/es\\\/products\\\/hydrogenation\\\/3911-hydrogenator\\\/documents\\\/#primaryimage\"},\"thumbnailUrl\":\"https:\\\/\\\/i0.wp.com\\\/www.parrinst.com\\\/es\\\/wp-content\\\/uploads\\\/sites\\\/7\\\/2018\\\/01\\\/parr_banner_shaker_secondary.jpg?fit=2200%2C399&ssl=1\",\"datePublished\":\"2011-05-05T15:49:05+00:00\",\"dateModified\":\"2024-08-13T20:48:14+00:00\",\"breadcrumb\":{\"@id\":\"https:\\\/\\\/www.parrinst.com\\\/es\\\/products\\\/hydrogenation\\\/3911-hydrogenator\\\/documents\\\/#breadcrumb\"},\"inLanguage\":\"en-US\",\"potentialAction\":[{\"@type\":\"ReadAction\",\"target\":[\"https:\\\/\\\/www.parrinst.com\\\/es\\\/products\\\/hydrogenation\\\/3911-hydrogenator\\\/documents\\\/\"]}]},{\"@type\":\"ImageObject\",\"inLanguage\":\"en-US\",\"@id\":\"https:\\\/\\\/www.parrinst.com\\\/es\\\/products\\\/hydrogenation\\\/3911-hydrogenator\\\/documents\\\/#primaryimage\",\"url\":\"https:\\\/\\\/i0.wp.com\\\/www.parrinst.com\\\/es\\\/wp-content\\\/uploads\\\/sites\\\/7\\\/2018\\\/01\\\/parr_banner_shaker_secondary.jpg?fit=2200%2C399&ssl=1\",\"contentUrl\":\"https:\\\/\\\/i0.wp.com\\\/www.parrinst.com\\\/es\\\/wp-content\\\/uploads\\\/sites\\\/7\\\/2018\\\/01\\\/parr_banner_shaker_secondary.jpg?fit=2200%2C399&ssl=1\",\"width\":2200,\"height\":399},{\"@type\":\"BreadcrumbList\",\"@id\":\"https:\\\/\\\/www.parrinst.com\\\/es\\\/products\\\/hydrogenation\\\/3911-hydrogenator\\\/documents\\\/#breadcrumb\",\"itemListElement\":[{\"@type\":\"ListItem\",\"position\":1,\"name\":\"Home\",\"item\":\"https:\\\/\\\/www.parrinst.com\\\/es\\\/\"},{\"@type\":\"ListItem\",\"position\":2,\"name\":\"Products\",\"item\":\"https:\\\/\\\/www.parrinst.com\\\/es\\\/products\\\/\"},{\"@type\":\"ListItem\",\"position\":3,\"name\":\"Aparato Agitador de Hidrogenaci\u00f3n\",\"item\":\"https:\\\/\\\/www.parrinst.com\\\/es\\\/products\\\/hydrogenation\\\/\"},{\"@type\":\"ListItem\",\"position\":4,\"name\":\"Aparato Agitador de Hidrogenaci\u00f3n 3911\",\"item\":\"https:\\\/\\\/www.parrinst.com\\\/es\\\/products\\\/hydrogenation\\\/3911-hydrogenator\\\/\"},{\"@type\":\"ListItem\",\"position\":5,\"name\":\"Documentos\"}]},{\"@type\":\"WebSite\",\"@id\":\"https:\\\/\\\/www.parrinst.com\\\/es\\\/#website\",\"url\":\"https:\\\/\\\/www.parrinst.com\\\/es\\\/\",\"name\":\"Parr Instrument (Espa\u00f1ol)\",\"description\":\"\",\"potentialAction\":[{\"@type\":\"SearchAction\",\"target\":{\"@type\":\"EntryPoint\",\"urlTemplate\":\"https:\\\/\\\/www.parrinst.com\\\/es\\\/?s={search_term_string}\"},\"query-input\":{\"@type\":\"PropertyValueSpecification\",\"valueRequired\":true,\"valueName\":\"search_term_string\"}}],\"inLanguage\":\"en-US\"}]}<\/script>\n<!-- \/ Yoast SEO plugin. -->","yoast_head_json":{"title":"Documentos - Parr Instrument (Espa\u00f1ol)","robots":{"index":"index","follow":"follow","max-snippet":"max-snippet:-1","max-image-preview":"max-image-preview:large","max-video-preview":"max-video-preview:-1"},"canonical":"https:\/\/www.parrinst.com\/es\/products\/hydrogenation\/3911-hydrogenator\/documents\/","og_locale":"en_US","og_type":"article","og_title":"Documentos - Parr Instrument (Espa\u00f1ol)","og_description":"Literatura de Ventas 3900MB Shaker Type Hydrogenation Apparatus Sales Literature Manuales Comun\u00edquese con nosotros o con su distribuidor local para tener acceso a todos los manules de operaci\u00f3n. Consideraciones de Seguridad Los agitadores hidrogenadores de Parr son utilizados normalmente en un laboratorio abierto, sin barricadas adicionales o pantallas de protecci\u00f3n, pero el operador debe darse [&hellip;]","og_url":"https:\/\/www.parrinst.com\/es\/products\/hydrogenation\/3911-hydrogenator\/documents\/","og_site_name":"Parr Instrument (Espa\u00f1ol)","article_modified_time":"2024-08-13T20:48:14+00:00","og_image":[{"width":2200,"height":399,"url":"https:\/\/www.parrinst.com\/es\/files\/2018\/01\/parr_banner_shaker_secondary.jpg","type":"image\/jpeg"}],"twitter_card":"summary_large_image","twitter_misc":{"Est. reading time":"2 minutes"},"schema":{"@context":"https:\/\/schema.org","@graph":[{"@type":"WebPage","@id":"https:\/\/www.parrinst.com\/es\/products\/hydrogenation\/3911-hydrogenator\/documents\/","url":"https:\/\/www.parrinst.com\/es\/products\/hydrogenation\/3911-hydrogenator\/documents\/","name":"Documentos - Parr Instrument (Espa\u00f1ol)","isPartOf":{"@id":"https:\/\/www.parrinst.com\/es\/#website"},"primaryImageOfPage":{"@id":"https:\/\/www.parrinst.com\/es\/products\/hydrogenation\/3911-hydrogenator\/documents\/#primaryimage"},"image":{"@id":"https:\/\/www.parrinst.com\/es\/products\/hydrogenation\/3911-hydrogenator\/documents\/#primaryimage"},"thumbnailUrl":"https:\/\/i0.wp.com\/www.parrinst.com\/es\/wp-content\/uploads\/sites\/7\/2018\/01\/parr_banner_shaker_secondary.jpg?fit=2200%2C399&ssl=1","datePublished":"2011-05-05T15:49:05+00:00","dateModified":"2024-08-13T20:48:14+00:00","breadcrumb":{"@id":"https:\/\/www.parrinst.com\/es\/products\/hydrogenation\/3911-hydrogenator\/documents\/#breadcrumb"},"inLanguage":"en-US","potentialAction":[{"@type":"ReadAction","target":["https:\/\/www.parrinst.com\/es\/products\/hydrogenation\/3911-hydrogenator\/documents\/"]}]},{"@type":"ImageObject","inLanguage":"en-US","@id":"https:\/\/www.parrinst.com\/es\/products\/hydrogenation\/3911-hydrogenator\/documents\/#primaryimage","url":"https:\/\/i0.wp.com\/www.parrinst.com\/es\/wp-content\/uploads\/sites\/7\/2018\/01\/parr_banner_shaker_secondary.jpg?fit=2200%2C399&ssl=1","contentUrl":"https:\/\/i0.wp.com\/www.parrinst.com\/es\/wp-content\/uploads\/sites\/7\/2018\/01\/parr_banner_shaker_secondary.jpg?fit=2200%2C399&ssl=1","width":2200,"height":399},{"@type":"BreadcrumbList","@id":"https:\/\/www.parrinst.com\/es\/products\/hydrogenation\/3911-hydrogenator\/documents\/#breadcrumb","itemListElement":[{"@type":"ListItem","position":1,"name":"Home","item":"https:\/\/www.parrinst.com\/es\/"},{"@type":"ListItem","position":2,"name":"Products","item":"https:\/\/www.parrinst.com\/es\/products\/"},{"@type":"ListItem","position":3,"name":"Aparato Agitador de Hidrogenaci\u00f3n","item":"https:\/\/www.parrinst.com\/es\/products\/hydrogenation\/"},{"@type":"ListItem","position":4,"name":"Aparato Agitador de Hidrogenaci\u00f3n 3911","item":"https:\/\/www.parrinst.com\/es\/products\/hydrogenation\/3911-hydrogenator\/"},{"@type":"ListItem","position":5,"name":"Documentos"}]},{"@type":"WebSite","@id":"https:\/\/www.parrinst.com\/es\/#website","url":"https:\/\/www.parrinst.com\/es\/","name":"Parr Instrument (Espa\u00f1ol)","description":"","potentialAction":[{"@type":"SearchAction","target":{"@type":"EntryPoint","urlTemplate":"https:\/\/www.parrinst.com\/es\/?s={search_term_string}"},"query-input":{"@type":"PropertyValueSpecification","valueRequired":true,"valueName":"search_term_string"}}],"inLanguage":"en-US"}]}},"jetpack_sharing_enabled":true,"_links":{"self":[{"href":"https:\/\/www.parrinst.com\/es\/wp-json\/wp\/v2\/pages\/1506","targetHints":{"allow":["GET"]}}],"collection":[{"href":"https:\/\/www.parrinst.com\/es\/wp-json\/wp\/v2\/pages"}],"about":[{"href":"https:\/\/www.parrinst.com\/es\/wp-json\/wp\/v2\/types\/page"}],"author":[{"embeddable":true,"href":"https:\/\/www.parrinst.com\/es\/wp-json\/wp\/v2\/users\/1"}],"replies":[{"embeddable":true,"href":"https:\/\/www.parrinst.com\/es\/wp-json\/wp\/v2\/comments?post=1506"}],"version-history":[{"count":2,"href":"https:\/\/www.parrinst.com\/es\/wp-json\/wp\/v2\/pages\/1506\/revisions"}],"predecessor-version":[{"id":40936,"href":"https:\/\/www.parrinst.com\/es\/wp-json\/wp\/v2\/pages\/1506\/revisions\/40936"}],"up":[{"embeddable":true,"href":"https:\/\/www.parrinst.com\/es\/wp-json\/wp\/v2\/pages\/337"}],"wp:featuredmedia":[{"embeddable":true,"href":"https:\/\/www.parrinst.com\/es\/wp-json\/wp\/v2\/media\/37723"}],"wp:attachment":[{"href":"https:\/\/www.parrinst.com\/es\/wp-json\/wp\/v2\/media?parent=1506"}],"curies":[{"name":"wp","href":"https:\/\/api.w.org\/{rel}","templated":true}]}}