{"id":1512,"date":"2011-05-05T10:49:53","date_gmt":"2011-05-05T15:49:53","guid":{"rendered":"https:\/\/www.parrinst.com\/?page_id=1512"},"modified":"2014-09-15T11:22:35","modified_gmt":"2014-09-15T16:22:35","slug":"ordering-guide","status":"publish","type":"page","link":"https:\/\/www.parrinst.com\/es\/products\/hydrogenation\/3921-hydrogenator\/ordering-guide\/","title":{"rendered":"Pedidos"},"content":{"rendered":"<h2>Gu\u00eda de Pedidos 3921<\/h2>\n<p>Los equipos de la serie 3920 pueden ser ordenados por cualquiera de los dos n\u00fameros de cat\u00e1logo abajo. El modelo n\u00famero 3921 es el equipo b\u00e1sico sin mantilla de calentamiento ni controlador de temperatura. El modelo <a title=\"Aparato Agitador de Hidrogenaci\u00f3n 3926\" href=\"https:\/\/www.parrinst.com\/es\/products\/hydrogenation\/3926-hydrogenator\/\">3926<\/a> es el mismo equipo pero que el 3911 con mantilla de calentamiento y el controlador de temperatura 4833. Una botellas de reacci\u00f3n de 1000 mL y una de 2000 mL con conectores apropiados para cada volumen son fabricados con cada uno de los modelos adem\u00e1s de doce tapones de repuesto para las botellas y una manguera de presi\u00f3n de 6 pies para el llenado de hidr\u00f3geno est\u00e1n incluidos en ambos modelos.<\/p>\n<table class=\"OrderingGuide\">\n<tbody>\n<tr class=\"OrderingGuide-DarkGreen\">\n<td colspan=\"3\">Aparato de Hidrogenaci\u00f3n 1 y 2 L<\/td>\n<\/tr>\n<tr>\n<td><strong>N\u00b0 Modelo<\/strong><\/td>\n<td><strong>Voltaje<\/strong><\/td>\n<td><strong>Descripci\u00f3n<\/strong><\/td>\n<\/tr>\n<tr class=\"OrderingGuide-LightGreen\">\n<td>3921EA<\/td>\n<td>115V 60Hz<\/td>\n<td>con motor est\u00e1ndar<\/td>\n<\/tr>\n<tr>\n<td>3921EF<\/td>\n<td>230V 50Hz<\/td>\n<td>con motor est\u00e1ndar<\/td>\n<\/tr>\n<tr class=\"OrderingGuide-LightGreen\">\n<td>3921EG<\/td>\n<td>115V 60Hz<\/td>\n<td>con motor a prueba de explosi\u00f3n<\/td>\n<\/tr>\n<tr>\n<td>3921EK<\/td>\n<td>230V 50Hz<\/td>\n<td>con motor a prueba de explosi\u00f3n<\/td>\n<\/tr>\n<tr class=\"OrderingGuide-LightGreen\">\n<td>3921EY<\/td>\n<td>N\/A<\/td>\n<td>motor neum\u00e1tico<\/td>\n<\/tr>\n<tr>\n<td>3921EGX<\/td>\n<td>115V 60Hz<\/td>\n<td>con motor a prueba de explosi\u00f3n e interruptor<\/td>\n<\/tr>\n<tr class=\"OrderingGuide-LightGreen\">\n<td>3921EKX<\/td>\n<td>230V 60Hz<\/td>\n<td>con motor a prueba de explosi\u00f3n e interruptor<\/td>\n<\/tr>\n<\/tbody>\n<\/table>\n","protected":false},"excerpt":{"rendered":"<p>Gu\u00eda de Pedidos 3921 Los equipos de la serie 3920 pueden ser ordenados por cualquiera de los dos n\u00fameros de cat\u00e1logo abajo. El modelo n\u00famero 3921 es el equipo b\u00e1sico sin mantilla de calentamiento ni controlador de temperatura. El modelo 3926 es el mismo equipo pero que el 3911 con mantilla de calentamiento y el [&hellip;]<\/p>\n","protected":false},"author":1,"featured_media":37723,"parent":346,"menu_order":5,"comment_status":"closed","ping_status":"closed","template":"product-narrow.php","meta":{"_acf_changed":false,"footnotes":"","_links_to":"","_links_to_target":""},"class_list":["post-1512","page","type-page","status-publish","has-post-thumbnail","hentry"],"acf":[],"yoast_head":"<!-- This site is optimized with the Yoast SEO plugin v27.4 - https:\/\/yoast.com\/product\/yoast-seo-wordpress\/ -->\n<title>Pedidos - Parr Instrument (Espa\u00f1ol)<\/title>\n<meta name=\"robots\" content=\"index, follow, max-snippet:-1, max-image-preview:large, max-video-preview:-1\" \/>\n<link rel=\"canonical\" href=\"https:\/\/www.parrinst.com\/es\/products\/hydrogenation\/3921-hydrogenator\/ordering-guide\/\" \/>\n<meta property=\"og:locale\" content=\"en_US\" \/>\n<meta property=\"og:type\" content=\"article\" \/>\n<meta property=\"og:title\" content=\"Pedidos - Parr Instrument (Espa\u00f1ol)\" \/>\n<meta property=\"og:description\" content=\"Gu\u00eda de Pedidos 3921 Los equipos de la serie 3920 pueden ser ordenados por cualquiera de los dos n\u00fameros de cat\u00e1logo abajo. El modelo n\u00famero 3921 es el equipo b\u00e1sico sin mantilla de calentamiento ni controlador de temperatura. El modelo 3926 es el mismo equipo pero que el 3911 con mantilla de calentamiento y el [&hellip;]\" \/>\n<meta property=\"og:url\" content=\"https:\/\/www.parrinst.com\/es\/products\/hydrogenation\/3921-hydrogenator\/ordering-guide\/\" \/>\n<meta property=\"og:site_name\" content=\"Parr Instrument (Espa\u00f1ol)\" \/>\n<meta property=\"article:modified_time\" content=\"2014-09-15T16:22:35+00:00\" \/>\n<meta property=\"og:image\" content=\"https:\/\/www.parrinst.com\/es\/files\/2018\/01\/parr_banner_shaker_secondary.jpg\" \/>\n\t<meta property=\"og:image:width\" content=\"2200\" \/>\n\t<meta property=\"og:image:height\" content=\"399\" \/>\n\t<meta property=\"og:image:type\" content=\"image\/jpeg\" \/>\n<meta name=\"twitter:card\" content=\"summary_large_image\" \/>\n<meta name=\"twitter:label1\" content=\"Est. reading time\" \/>\n\t<meta name=\"twitter:data1\" content=\"1 minute\" \/>\n<script type=\"application\/ld+json\" class=\"yoast-schema-graph\">{\"@context\":\"https:\\\/\\\/schema.org\",\"@graph\":[{\"@type\":\"WebPage\",\"@id\":\"https:\\\/\\\/www.parrinst.com\\\/es\\\/products\\\/hydrogenation\\\/3921-hydrogenator\\\/ordering-guide\\\/\",\"url\":\"https:\\\/\\\/www.parrinst.com\\\/es\\\/products\\\/hydrogenation\\\/3921-hydrogenator\\\/ordering-guide\\\/\",\"name\":\"Pedidos - Parr Instrument (Espa\u00f1ol)\",\"isPartOf\":{\"@id\":\"https:\\\/\\\/www.parrinst.com\\\/es\\\/#website\"},\"primaryImageOfPage\":{\"@id\":\"https:\\\/\\\/www.parrinst.com\\\/es\\\/products\\\/hydrogenation\\\/3921-hydrogenator\\\/ordering-guide\\\/#primaryimage\"},\"image\":{\"@id\":\"https:\\\/\\\/www.parrinst.com\\\/es\\\/products\\\/hydrogenation\\\/3921-hydrogenator\\\/ordering-guide\\\/#primaryimage\"},\"thumbnailUrl\":\"https:\\\/\\\/i0.wp.com\\\/www.parrinst.com\\\/es\\\/wp-content\\\/uploads\\\/sites\\\/7\\\/2018\\\/01\\\/parr_banner_shaker_secondary.jpg?fit=2200%2C399&ssl=1\",\"datePublished\":\"2011-05-05T15:49:53+00:00\",\"dateModified\":\"2014-09-15T16:22:35+00:00\",\"breadcrumb\":{\"@id\":\"https:\\\/\\\/www.parrinst.com\\\/es\\\/products\\\/hydrogenation\\\/3921-hydrogenator\\\/ordering-guide\\\/#breadcrumb\"},\"inLanguage\":\"en-US\",\"potentialAction\":[{\"@type\":\"ReadAction\",\"target\":[\"https:\\\/\\\/www.parrinst.com\\\/es\\\/products\\\/hydrogenation\\\/3921-hydrogenator\\\/ordering-guide\\\/\"]}]},{\"@type\":\"ImageObject\",\"inLanguage\":\"en-US\",\"@id\":\"https:\\\/\\\/www.parrinst.com\\\/es\\\/products\\\/hydrogenation\\\/3921-hydrogenator\\\/ordering-guide\\\/#primaryimage\",\"url\":\"https:\\\/\\\/i0.wp.com\\\/www.parrinst.com\\\/es\\\/wp-content\\\/uploads\\\/sites\\\/7\\\/2018\\\/01\\\/parr_banner_shaker_secondary.jpg?fit=2200%2C399&ssl=1\",\"contentUrl\":\"https:\\\/\\\/i0.wp.com\\\/www.parrinst.com\\\/es\\\/wp-content\\\/uploads\\\/sites\\\/7\\\/2018\\\/01\\\/parr_banner_shaker_secondary.jpg?fit=2200%2C399&ssl=1\",\"width\":2200,\"height\":399},{\"@type\":\"BreadcrumbList\",\"@id\":\"https:\\\/\\\/www.parrinst.com\\\/es\\\/products\\\/hydrogenation\\\/3921-hydrogenator\\\/ordering-guide\\\/#breadcrumb\",\"itemListElement\":[{\"@type\":\"ListItem\",\"position\":1,\"name\":\"Home\",\"item\":\"https:\\\/\\\/www.parrinst.com\\\/es\\\/\"},{\"@type\":\"ListItem\",\"position\":2,\"name\":\"Products\",\"item\":\"https:\\\/\\\/www.parrinst.com\\\/es\\\/products\\\/\"},{\"@type\":\"ListItem\",\"position\":3,\"name\":\"Aparato Agitador de Hidrogenaci\u00f3n\",\"item\":\"https:\\\/\\\/www.parrinst.com\\\/es\\\/products\\\/hydrogenation\\\/\"},{\"@type\":\"ListItem\",\"position\":4,\"name\":\"3921 Aparato de Hidrogenaci\u00f3n\",\"item\":\"https:\\\/\\\/www.parrinst.com\\\/es\\\/products\\\/hydrogenation\\\/3921-hydrogenator\\\/\"},{\"@type\":\"ListItem\",\"position\":5,\"name\":\"Pedidos\"}]},{\"@type\":\"WebSite\",\"@id\":\"https:\\\/\\\/www.parrinst.com\\\/es\\\/#website\",\"url\":\"https:\\\/\\\/www.parrinst.com\\\/es\\\/\",\"name\":\"Parr Instrument (Espa\u00f1ol)\",\"description\":\"\",\"potentialAction\":[{\"@type\":\"SearchAction\",\"target\":{\"@type\":\"EntryPoint\",\"urlTemplate\":\"https:\\\/\\\/www.parrinst.com\\\/es\\\/?s={search_term_string}\"},\"query-input\":{\"@type\":\"PropertyValueSpecification\",\"valueRequired\":true,\"valueName\":\"search_term_string\"}}],\"inLanguage\":\"en-US\"}]}<\/script>\n<!-- \/ Yoast SEO plugin. -->","yoast_head_json":{"title":"Pedidos - Parr Instrument (Espa\u00f1ol)","robots":{"index":"index","follow":"follow","max-snippet":"max-snippet:-1","max-image-preview":"max-image-preview:large","max-video-preview":"max-video-preview:-1"},"canonical":"https:\/\/www.parrinst.com\/es\/products\/hydrogenation\/3921-hydrogenator\/ordering-guide\/","og_locale":"en_US","og_type":"article","og_title":"Pedidos - Parr Instrument (Espa\u00f1ol)","og_description":"Gu\u00eda de Pedidos 3921 Los equipos de la serie 3920 pueden ser ordenados por cualquiera de los dos n\u00fameros de cat\u00e1logo abajo. El modelo n\u00famero 3921 es el equipo b\u00e1sico sin mantilla de calentamiento ni controlador de temperatura. El modelo 3926 es el mismo equipo pero que el 3911 con mantilla de calentamiento y el [&hellip;]","og_url":"https:\/\/www.parrinst.com\/es\/products\/hydrogenation\/3921-hydrogenator\/ordering-guide\/","og_site_name":"Parr Instrument (Espa\u00f1ol)","article_modified_time":"2014-09-15T16:22:35+00:00","og_image":[{"width":2200,"height":399,"url":"https:\/\/www.parrinst.com\/es\/files\/2018\/01\/parr_banner_shaker_secondary.jpg","type":"image\/jpeg"}],"twitter_card":"summary_large_image","twitter_misc":{"Est. reading time":"1 minute"},"schema":{"@context":"https:\/\/schema.org","@graph":[{"@type":"WebPage","@id":"https:\/\/www.parrinst.com\/es\/products\/hydrogenation\/3921-hydrogenator\/ordering-guide\/","url":"https:\/\/www.parrinst.com\/es\/products\/hydrogenation\/3921-hydrogenator\/ordering-guide\/","name":"Pedidos - Parr Instrument (Espa\u00f1ol)","isPartOf":{"@id":"https:\/\/www.parrinst.com\/es\/#website"},"primaryImageOfPage":{"@id":"https:\/\/www.parrinst.com\/es\/products\/hydrogenation\/3921-hydrogenator\/ordering-guide\/#primaryimage"},"image":{"@id":"https:\/\/www.parrinst.com\/es\/products\/hydrogenation\/3921-hydrogenator\/ordering-guide\/#primaryimage"},"thumbnailUrl":"https:\/\/i0.wp.com\/www.parrinst.com\/es\/wp-content\/uploads\/sites\/7\/2018\/01\/parr_banner_shaker_secondary.jpg?fit=2200%2C399&ssl=1","datePublished":"2011-05-05T15:49:53+00:00","dateModified":"2014-09-15T16:22:35+00:00","breadcrumb":{"@id":"https:\/\/www.parrinst.com\/es\/products\/hydrogenation\/3921-hydrogenator\/ordering-guide\/#breadcrumb"},"inLanguage":"en-US","potentialAction":[{"@type":"ReadAction","target":["https:\/\/www.parrinst.com\/es\/products\/hydrogenation\/3921-hydrogenator\/ordering-guide\/"]}]},{"@type":"ImageObject","inLanguage":"en-US","@id":"https:\/\/www.parrinst.com\/es\/products\/hydrogenation\/3921-hydrogenator\/ordering-guide\/#primaryimage","url":"https:\/\/i0.wp.com\/www.parrinst.com\/es\/wp-content\/uploads\/sites\/7\/2018\/01\/parr_banner_shaker_secondary.jpg?fit=2200%2C399&ssl=1","contentUrl":"https:\/\/i0.wp.com\/www.parrinst.com\/es\/wp-content\/uploads\/sites\/7\/2018\/01\/parr_banner_shaker_secondary.jpg?fit=2200%2C399&ssl=1","width":2200,"height":399},{"@type":"BreadcrumbList","@id":"https:\/\/www.parrinst.com\/es\/products\/hydrogenation\/3921-hydrogenator\/ordering-guide\/#breadcrumb","itemListElement":[{"@type":"ListItem","position":1,"name":"Home","item":"https:\/\/www.parrinst.com\/es\/"},{"@type":"ListItem","position":2,"name":"Products","item":"https:\/\/www.parrinst.com\/es\/products\/"},{"@type":"ListItem","position":3,"name":"Aparato Agitador de Hidrogenaci\u00f3n","item":"https:\/\/www.parrinst.com\/es\/products\/hydrogenation\/"},{"@type":"ListItem","position":4,"name":"3921 Aparato de Hidrogenaci\u00f3n","item":"https:\/\/www.parrinst.com\/es\/products\/hydrogenation\/3921-hydrogenator\/"},{"@type":"ListItem","position":5,"name":"Pedidos"}]},{"@type":"WebSite","@id":"https:\/\/www.parrinst.com\/es\/#website","url":"https:\/\/www.parrinst.com\/es\/","name":"Parr Instrument (Espa\u00f1ol)","description":"","potentialAction":[{"@type":"SearchAction","target":{"@type":"EntryPoint","urlTemplate":"https:\/\/www.parrinst.com\/es\/?s={search_term_string}"},"query-input":{"@type":"PropertyValueSpecification","valueRequired":true,"valueName":"search_term_string"}}],"inLanguage":"en-US"}]}},"jetpack_sharing_enabled":true,"_links":{"self":[{"href":"https:\/\/www.parrinst.com\/es\/wp-json\/wp\/v2\/pages\/1512","targetHints":{"allow":["GET"]}}],"collection":[{"href":"https:\/\/www.parrinst.com\/es\/wp-json\/wp\/v2\/pages"}],"about":[{"href":"https:\/\/www.parrinst.com\/es\/wp-json\/wp\/v2\/types\/page"}],"author":[{"embeddable":true,"href":"https:\/\/www.parrinst.com\/es\/wp-json\/wp\/v2\/users\/1"}],"replies":[{"embeddable":true,"href":"https:\/\/www.parrinst.com\/es\/wp-json\/wp\/v2\/comments?post=1512"}],"version-history":[{"count":0,"href":"https:\/\/www.parrinst.com\/es\/wp-json\/wp\/v2\/pages\/1512\/revisions"}],"up":[{"embeddable":true,"href":"https:\/\/www.parrinst.com\/es\/wp-json\/wp\/v2\/pages\/346"}],"wp:featuredmedia":[{"embeddable":true,"href":"https:\/\/www.parrinst.com\/es\/wp-json\/wp\/v2\/media\/37723"}],"wp:attachment":[{"href":"https:\/\/www.parrinst.com\/es\/wp-json\/wp\/v2\/media?parent=1512"}],"curies":[{"name":"wp","href":"https:\/\/api.w.org\/{rel}","templated":true}]}}