{"id":1574,"date":"2011-05-05T10:00:30","date_gmt":"2011-05-05T15:00:30","guid":{"rendered":"https:\/\/www.parrinst.com\/?page_id=1574"},"modified":"2022-11-18T12:55:22","modified_gmt":"2022-11-18T18:55:22","slug":"accessories","status":"publish","type":"page","link":"https:\/\/www.parrinst.com\/es\/products\/oxygen-bomb-calorimeters\/6100-compensated-jacket-calorimeter\/accessories\/","title":{"rendered":"Accesorios"},"content":{"rendered":"<h2>Sistema Expandido<\/h2>\n<p>El Sistema Expandido 6120\u00a0incluye los siguientes componentes:<\/p>\n<table class=\"GeneralTable\">\n<tbody>\n<tr class=\"GeneralTable-DarkBlue\">\n<td colspan=\"2\">Componentes del Sistema Expandido<\/td>\n<\/tr>\n<tr>\n<td width=\"25%\"><strong>Modelo\/N\u00b0 Parte<\/strong><\/td>\n<td><strong>Descripci\u00f3n<\/strong><\/td>\n<\/tr>\n<tr class=\"GeneralTable-LightBlue\">\n<td>6100<\/td>\n<td>Calor\u00edmetro<\/td>\n<\/tr>\n<tr>\n<td>1761<\/td>\n<td>Impresora USB<\/td>\n<\/tr>\n<tr class=\"GeneralTable-LightBlue\">\n<td>1108P<\/td>\n<td>Recipientes de Ox\u00edgeno Extra<\/td>\n<\/tr>\n<tr>\n<td>A391DD<\/td>\n<td>Cubeta Extra<\/td>\n<\/tr>\n<tr class=\"GeneralTable-LightBlue\">\n<td>6109P<\/td>\n<td>Kit de 1 A\u00f1o de Servicio<\/td>\n<\/tr>\n<tr>\n<td>6008P<\/td>\n<td>Kit de Mantenimiento de Recipientes<\/td>\n<\/tr>\n<tr class=\"GeneralTable-DarkBlue\">\n<td colspan=\"2\">Otros Accesorios Disponibles<\/td>\n<\/tr>\n<tr>\n<td>1108P<\/td>\n<td>Recipientes de Ox\u00edgeno, extra<\/td>\n<\/tr>\n<tr class=\"GeneralTable-LightBlue\">\n<td>1108PCL<\/td>\n<td>Recipientes de Combusti\u00f3n de Ox\u00edgeno para Servicio de Cloro, extra<\/td>\n<\/tr>\n<tr>\n<td>A391DD<\/td>\n<td>Cubeta Oval, extra<\/td>\n<\/tr>\n<tr class=\"GeneralTable-LightBlue\">\n<td>6510<\/td>\n<td>Sistema de Tratamiento de Agua con pipeta de medici\u00f3n y enfriador de agua termoel\u00e9ctrico<\/td>\n<\/tr>\n<tr>\n<td>6109P<\/td>\n<td>Kit de Piezas de Repuesto<\/td>\n<\/tr>\n<tr class=\"GeneralTable-LightBlue\">\n<td>2811<\/td>\n<td>Prensa para Comprimidos<\/td>\n<\/tr>\n<\/tbody>\n<\/table>\n<p>&nbsp;<\/p>\n","protected":false},"excerpt":{"rendered":"<p>Sistema Expandido El Sistema Expandido 6120\u00a0incluye los siguientes componentes: Componentes del Sistema Expandido Modelo\/N\u00b0 Parte Descripci\u00f3n 6100 Calor\u00edmetro 1761 Impresora USB 1108P Recipientes de Ox\u00edgeno Extra A391DD Cubeta Extra 6109P Kit de 1 A\u00f1o de Servicio 6008P Kit de Mantenimiento de Recipientes Otros Accesorios Disponibles 1108P Recipientes de Ox\u00edgeno, extra 1108PCL Recipientes de Combusti\u00f3n de [&hellip;]<\/p>\n","protected":false},"author":1,"featured_media":37726,"parent":260,"menu_order":3,"comment_status":"closed","ping_status":"closed","template":"product-narrow.php","meta":{"_acf_changed":false,"footnotes":"","_links_to":"","_links_to_target":""},"class_list":["post-1574","page","type-page","status-publish","has-post-thumbnail","hentry"],"acf":[],"yoast_head":"<!-- This site is optimized with the Yoast SEO plugin v27.5 - https:\/\/yoast.com\/product\/yoast-seo-wordpress\/ -->\n<title>Accesorios - Parr Instrument (Espa\u00f1ol)<\/title>\n<meta name=\"robots\" content=\"index, follow, max-snippet:-1, max-image-preview:large, max-video-preview:-1\" \/>\n<link rel=\"canonical\" href=\"https:\/\/www.parrinst.com\/es\/products\/oxygen-bomb-calorimeters\/6100-compensated-jacket-calorimeter\/accessories\/\" \/>\n<meta property=\"og:locale\" content=\"en_US\" \/>\n<meta property=\"og:type\" content=\"article\" \/>\n<meta property=\"og:title\" content=\"Accesorios - Parr Instrument (Espa\u00f1ol)\" \/>\n<meta property=\"og:description\" content=\"Sistema Expandido El Sistema Expandido 6120\u00a0incluye los siguientes componentes: Componentes del Sistema Expandido Modelo\/N\u00b0 Parte Descripci\u00f3n 6100 Calor\u00edmetro 1761 Impresora USB 1108P Recipientes de Ox\u00edgeno Extra A391DD Cubeta Extra 6109P Kit de 1 A\u00f1o de Servicio 6008P Kit de Mantenimiento de Recipientes Otros Accesorios Disponibles 1108P Recipientes de Ox\u00edgeno, extra 1108PCL Recipientes de Combusti\u00f3n de [&hellip;]\" \/>\n<meta property=\"og:url\" content=\"https:\/\/www.parrinst.com\/es\/products\/oxygen-bomb-calorimeters\/6100-compensated-jacket-calorimeter\/accessories\/\" \/>\n<meta property=\"og:site_name\" content=\"Parr Instrument (Espa\u00f1ol)\" \/>\n<meta property=\"article:modified_time\" content=\"2022-11-18T18:55:22+00:00\" \/>\n<meta property=\"og:image\" content=\"https:\/\/www.parrinst.com\/es\/files\/2018\/01\/parr_banner_calorimeter_secondary-3.jpg\" \/>\n\t<meta property=\"og:image:width\" content=\"2200\" \/>\n\t<meta property=\"og:image:height\" content=\"399\" \/>\n\t<meta property=\"og:image:type\" content=\"image\/jpeg\" \/>\n<meta name=\"twitter:card\" content=\"summary_large_image\" \/>\n<meta name=\"twitter:label1\" content=\"Est. reading time\" \/>\n\t<meta name=\"twitter:data1\" content=\"1 minute\" \/>\n<script type=\"application\/ld+json\" class=\"yoast-schema-graph\">{\"@context\":\"https:\\\/\\\/schema.org\",\"@graph\":[{\"@type\":\"WebPage\",\"@id\":\"https:\\\/\\\/www.parrinst.com\\\/es\\\/products\\\/oxygen-bomb-calorimeters\\\/6100-compensated-jacket-calorimeter\\\/accessories\\\/\",\"url\":\"https:\\\/\\\/www.parrinst.com\\\/es\\\/products\\\/oxygen-bomb-calorimeters\\\/6100-compensated-jacket-calorimeter\\\/accessories\\\/\",\"name\":\"Accesorios - Parr Instrument (Espa\u00f1ol)\",\"isPartOf\":{\"@id\":\"https:\\\/\\\/www.parrinst.com\\\/es\\\/#website\"},\"primaryImageOfPage\":{\"@id\":\"https:\\\/\\\/www.parrinst.com\\\/es\\\/products\\\/oxygen-bomb-calorimeters\\\/6100-compensated-jacket-calorimeter\\\/accessories\\\/#primaryimage\"},\"image\":{\"@id\":\"https:\\\/\\\/www.parrinst.com\\\/es\\\/products\\\/oxygen-bomb-calorimeters\\\/6100-compensated-jacket-calorimeter\\\/accessories\\\/#primaryimage\"},\"thumbnailUrl\":\"https:\\\/\\\/i0.wp.com\\\/www.parrinst.com\\\/es\\\/wp-content\\\/uploads\\\/sites\\\/7\\\/2018\\\/01\\\/parr_banner_calorimeter_secondary-3.jpg?fit=2200%2C399&ssl=1\",\"datePublished\":\"2011-05-05T15:00:30+00:00\",\"dateModified\":\"2022-11-18T18:55:22+00:00\",\"breadcrumb\":{\"@id\":\"https:\\\/\\\/www.parrinst.com\\\/es\\\/products\\\/oxygen-bomb-calorimeters\\\/6100-compensated-jacket-calorimeter\\\/accessories\\\/#breadcrumb\"},\"inLanguage\":\"en-US\",\"potentialAction\":[{\"@type\":\"ReadAction\",\"target\":[\"https:\\\/\\\/www.parrinst.com\\\/es\\\/products\\\/oxygen-bomb-calorimeters\\\/6100-compensated-jacket-calorimeter\\\/accessories\\\/\"]}]},{\"@type\":\"ImageObject\",\"inLanguage\":\"en-US\",\"@id\":\"https:\\\/\\\/www.parrinst.com\\\/es\\\/products\\\/oxygen-bomb-calorimeters\\\/6100-compensated-jacket-calorimeter\\\/accessories\\\/#primaryimage\",\"url\":\"https:\\\/\\\/i0.wp.com\\\/www.parrinst.com\\\/es\\\/wp-content\\\/uploads\\\/sites\\\/7\\\/2018\\\/01\\\/parr_banner_calorimeter_secondary-3.jpg?fit=2200%2C399&ssl=1\",\"contentUrl\":\"https:\\\/\\\/i0.wp.com\\\/www.parrinst.com\\\/es\\\/wp-content\\\/uploads\\\/sites\\\/7\\\/2018\\\/01\\\/parr_banner_calorimeter_secondary-3.jpg?fit=2200%2C399&ssl=1\",\"width\":2200,\"height\":399},{\"@type\":\"BreadcrumbList\",\"@id\":\"https:\\\/\\\/www.parrinst.com\\\/es\\\/products\\\/oxygen-bomb-calorimeters\\\/6100-compensated-jacket-calorimeter\\\/accessories\\\/#breadcrumb\",\"itemListElement\":[{\"@type\":\"ListItem\",\"position\":1,\"name\":\"Home\",\"item\":\"https:\\\/\\\/www.parrinst.com\\\/es\\\/\"},{\"@type\":\"ListItem\",\"position\":2,\"name\":\"Products\",\"item\":\"https:\\\/\\\/www.parrinst.com\\\/es\\\/products\\\/\"},{\"@type\":\"ListItem\",\"position\":3,\"name\":\"Calor\u00edmetros de Bomba de Ox\u00edgeno\",\"item\":\"https:\\\/\\\/www.parrinst.com\\\/es\\\/products\\\/oxygen-bomb-calorimeters\\\/\"},{\"@type\":\"ListItem\",\"position\":4,\"name\":\"Calor\u00edmetro de Chaqueta Compensada 6100\",\"item\":\"https:\\\/\\\/www.parrinst.com\\\/es\\\/products\\\/oxygen-bomb-calorimeters\\\/6100-compensated-jacket-calorimeter\\\/\"},{\"@type\":\"ListItem\",\"position\":5,\"name\":\"Accesorios\"}]},{\"@type\":\"WebSite\",\"@id\":\"https:\\\/\\\/www.parrinst.com\\\/es\\\/#website\",\"url\":\"https:\\\/\\\/www.parrinst.com\\\/es\\\/\",\"name\":\"Parr Instrument (Espa\u00f1ol)\",\"description\":\"\",\"potentialAction\":[{\"@type\":\"SearchAction\",\"target\":{\"@type\":\"EntryPoint\",\"urlTemplate\":\"https:\\\/\\\/www.parrinst.com\\\/es\\\/?s={search_term_string}\"},\"query-input\":{\"@type\":\"PropertyValueSpecification\",\"valueRequired\":true,\"valueName\":\"search_term_string\"}}],\"inLanguage\":\"en-US\"}]}<\/script>\n<!-- \/ Yoast SEO plugin. -->","yoast_head_json":{"title":"Accesorios - Parr Instrument (Espa\u00f1ol)","robots":{"index":"index","follow":"follow","max-snippet":"max-snippet:-1","max-image-preview":"max-image-preview:large","max-video-preview":"max-video-preview:-1"},"canonical":"https:\/\/www.parrinst.com\/es\/products\/oxygen-bomb-calorimeters\/6100-compensated-jacket-calorimeter\/accessories\/","og_locale":"en_US","og_type":"article","og_title":"Accesorios - Parr Instrument (Espa\u00f1ol)","og_description":"Sistema Expandido El Sistema Expandido 6120\u00a0incluye los siguientes componentes: Componentes del Sistema Expandido Modelo\/N\u00b0 Parte Descripci\u00f3n 6100 Calor\u00edmetro 1761 Impresora USB 1108P Recipientes de Ox\u00edgeno Extra A391DD Cubeta Extra 6109P Kit de 1 A\u00f1o de Servicio 6008P Kit de Mantenimiento de Recipientes Otros Accesorios Disponibles 1108P Recipientes de Ox\u00edgeno, extra 1108PCL Recipientes de Combusti\u00f3n de [&hellip;]","og_url":"https:\/\/www.parrinst.com\/es\/products\/oxygen-bomb-calorimeters\/6100-compensated-jacket-calorimeter\/accessories\/","og_site_name":"Parr Instrument (Espa\u00f1ol)","article_modified_time":"2022-11-18T18:55:22+00:00","og_image":[{"width":2200,"height":399,"url":"https:\/\/www.parrinst.com\/es\/files\/2018\/01\/parr_banner_calorimeter_secondary-3.jpg","type":"image\/jpeg"}],"twitter_card":"summary_large_image","twitter_misc":{"Est. reading time":"1 minute"},"schema":{"@context":"https:\/\/schema.org","@graph":[{"@type":"WebPage","@id":"https:\/\/www.parrinst.com\/es\/products\/oxygen-bomb-calorimeters\/6100-compensated-jacket-calorimeter\/accessories\/","url":"https:\/\/www.parrinst.com\/es\/products\/oxygen-bomb-calorimeters\/6100-compensated-jacket-calorimeter\/accessories\/","name":"Accesorios - Parr Instrument (Espa\u00f1ol)","isPartOf":{"@id":"https:\/\/www.parrinst.com\/es\/#website"},"primaryImageOfPage":{"@id":"https:\/\/www.parrinst.com\/es\/products\/oxygen-bomb-calorimeters\/6100-compensated-jacket-calorimeter\/accessories\/#primaryimage"},"image":{"@id":"https:\/\/www.parrinst.com\/es\/products\/oxygen-bomb-calorimeters\/6100-compensated-jacket-calorimeter\/accessories\/#primaryimage"},"thumbnailUrl":"https:\/\/i0.wp.com\/www.parrinst.com\/es\/wp-content\/uploads\/sites\/7\/2018\/01\/parr_banner_calorimeter_secondary-3.jpg?fit=2200%2C399&ssl=1","datePublished":"2011-05-05T15:00:30+00:00","dateModified":"2022-11-18T18:55:22+00:00","breadcrumb":{"@id":"https:\/\/www.parrinst.com\/es\/products\/oxygen-bomb-calorimeters\/6100-compensated-jacket-calorimeter\/accessories\/#breadcrumb"},"inLanguage":"en-US","potentialAction":[{"@type":"ReadAction","target":["https:\/\/www.parrinst.com\/es\/products\/oxygen-bomb-calorimeters\/6100-compensated-jacket-calorimeter\/accessories\/"]}]},{"@type":"ImageObject","inLanguage":"en-US","@id":"https:\/\/www.parrinst.com\/es\/products\/oxygen-bomb-calorimeters\/6100-compensated-jacket-calorimeter\/accessories\/#primaryimage","url":"https:\/\/i0.wp.com\/www.parrinst.com\/es\/wp-content\/uploads\/sites\/7\/2018\/01\/parr_banner_calorimeter_secondary-3.jpg?fit=2200%2C399&ssl=1","contentUrl":"https:\/\/i0.wp.com\/www.parrinst.com\/es\/wp-content\/uploads\/sites\/7\/2018\/01\/parr_banner_calorimeter_secondary-3.jpg?fit=2200%2C399&ssl=1","width":2200,"height":399},{"@type":"BreadcrumbList","@id":"https:\/\/www.parrinst.com\/es\/products\/oxygen-bomb-calorimeters\/6100-compensated-jacket-calorimeter\/accessories\/#breadcrumb","itemListElement":[{"@type":"ListItem","position":1,"name":"Home","item":"https:\/\/www.parrinst.com\/es\/"},{"@type":"ListItem","position":2,"name":"Products","item":"https:\/\/www.parrinst.com\/es\/products\/"},{"@type":"ListItem","position":3,"name":"Calor\u00edmetros de Bomba de Ox\u00edgeno","item":"https:\/\/www.parrinst.com\/es\/products\/oxygen-bomb-calorimeters\/"},{"@type":"ListItem","position":4,"name":"Calor\u00edmetro de Chaqueta Compensada 6100","item":"https:\/\/www.parrinst.com\/es\/products\/oxygen-bomb-calorimeters\/6100-compensated-jacket-calorimeter\/"},{"@type":"ListItem","position":5,"name":"Accesorios"}]},{"@type":"WebSite","@id":"https:\/\/www.parrinst.com\/es\/#website","url":"https:\/\/www.parrinst.com\/es\/","name":"Parr Instrument (Espa\u00f1ol)","description":"","potentialAction":[{"@type":"SearchAction","target":{"@type":"EntryPoint","urlTemplate":"https:\/\/www.parrinst.com\/es\/?s={search_term_string}"},"query-input":{"@type":"PropertyValueSpecification","valueRequired":true,"valueName":"search_term_string"}}],"inLanguage":"en-US"}]}},"jetpack_sharing_enabled":true,"_links":{"self":[{"href":"https:\/\/www.parrinst.com\/es\/wp-json\/wp\/v2\/pages\/1574","targetHints":{"allow":["GET"]}}],"collection":[{"href":"https:\/\/www.parrinst.com\/es\/wp-json\/wp\/v2\/pages"}],"about":[{"href":"https:\/\/www.parrinst.com\/es\/wp-json\/wp\/v2\/types\/page"}],"author":[{"embeddable":true,"href":"https:\/\/www.parrinst.com\/es\/wp-json\/wp\/v2\/users\/1"}],"replies":[{"embeddable":true,"href":"https:\/\/www.parrinst.com\/es\/wp-json\/wp\/v2\/comments?post=1574"}],"version-history":[{"count":5,"href":"https:\/\/www.parrinst.com\/es\/wp-json\/wp\/v2\/pages\/1574\/revisions"}],"predecessor-version":[{"id":40634,"href":"https:\/\/www.parrinst.com\/es\/wp-json\/wp\/v2\/pages\/1574\/revisions\/40634"}],"up":[{"embeddable":true,"href":"https:\/\/www.parrinst.com\/es\/wp-json\/wp\/v2\/pages\/260"}],"wp:featuredmedia":[{"embeddable":true,"href":"https:\/\/www.parrinst.com\/es\/wp-json\/wp\/v2\/media\/37726"}],"wp:attachment":[{"href":"https:\/\/www.parrinst.com\/es\/wp-json\/wp\/v2\/media?parent=1574"}],"curies":[{"name":"wp","href":"https:\/\/api.w.org\/{rel}","templated":true}]}}